{"id":3733,"date":"2018-06-07T14:11:07","date_gmt":"2018-06-07T13:11:07","guid":{"rendered":"https:\/\/divertarte.com\/index.php\/produto\/saq-7x10-cm-100\/"},"modified":"2025-11-06T13:50:58","modified_gmt":"2025-11-06T13:50:58","slug":"sacos-celofane-6x8-cm-100-unidades-2","status":"publish","type":"product","link":"https:\/\/divertarte.com\/index.php\/produto\/sacos-celofane-6x8-cm-100-unidades-2\/","title":{"rendered":"Sacos celofane 7X10 cm &#8211; 100 unidades"},"content":{"rendered":"<p>Sacos celofane 7X10 cm &#8211; 100 unidades<\/p>\n<p>Saquinhos de celofane 7x10cm com fecho autocolante. Pac de aproximadamente 100 unidades. Sacos de celofane. Ideal para embalar pequenas pe\u00e7as soltas de bijutaria, bijuteria, biscuit, pedras, p\u00e9rolas, conchas, aplica\u00e7\u00f5es, doces, rebu\u00e7ados, bombons, bricolage, pregos, parafusos, imans, artigos escolares, clips, pinos, l\u00e1pis de cera.<\/p>\n","protected":false},"excerpt":{"rendered":"<p>Sacos celofane 7X10 cm &#8211; 100 unidades<\/p>\n<p>Saquinhos de celofane 7x10cm com fecho autocolante. Pac de aproximadamente 100 unidades. Sacos de celofane. Ideal para embalar pequenas pe\u00e7as soltas de bijutaria, bijuteria, biscuit, pedras, p\u00e9rolas, conchas, aplica\u00e7\u00f5es, doces, rebu\u00e7ados, bombons, bricolage, pregos, parafusos, imans, artigos escolares, clips, pinos, l\u00e1pis de cera.<\/p>\n","protected":false},"featured_media":7320,"comment_status":"closed","ping_status":"closed","template":"","meta":{"_exactmetrics_skip_tracking":false,"_exactmetrics_sitenote_active":false,"_exactmetrics_sitenote_note":"","_exactmetrics_sitenote_category":0},"product_brand":[],"product_cat":[405,15],"product_tag":[552],"class_list":{"0":"post-3733","1":"product","2":"type-product","3":"status-publish","4":"has-post-thumbnail","6":"product_cat-sacos-celofane","7":"product_cat-ver-todos-os-produtos","8":"product_tag-sacos-celofane-com-pala-aderente","10":"first","11":"instock","12":"taxable","13":"shipping-taxable","14":"purchasable","15":"product-type-simple"},"yoast_head":"<!-- This site is optimized with the Yoast SEO plugin v27.4 - https:\/\/yoast.com\/product\/yoast-seo-wordpress\/ -->\n<title>Sacos celofane 7X10 cm - 100 unidades -<\/title>\n<meta name=\"description\" content=\"Sacos de celofane. Ideal para embalar pequenas pe\u00e7as soltas de bijutaria, bijuteria, biscuit, pedras, p\u00e9rolas, conchas\" \/>\n<meta name=\"robots\" content=\"index, follow, max-snippet:-1, max-image-preview:large, max-video-preview:-1\" \/>\n<link rel=\"canonical\" href=\"https:\/\/divertarte.com\/index.php\/produto\/sacos-celofane-6x8-cm-100-unidades-2\/\" \/>\n<meta property=\"og:locale\" content=\"pt_PT\" \/>\n<meta property=\"og:type\" content=\"article\" \/>\n<meta property=\"og:title\" content=\"Sacos celofane 7X10 cm - 100 unidades -\" \/>\n<meta property=\"og:description\" content=\"Sacos de celofane. Ideal para embalar pequenas pe\u00e7as soltas de bijutaria, bijuteria, biscuit, pedras, p\u00e9rolas, conchas\" \/>\n<meta property=\"og:url\" content=\"https:\/\/divertarte.com\/index.php\/produto\/sacos-celofane-6x8-cm-100-unidades-2\/\" \/>\n<meta property=\"article:modified_time\" content=\"2025-11-06T13:50:58+00:00\" \/>\n<meta property=\"og:image\" content=\"https:\/\/divertarte.com\/wp-content\/uploads\/2018\/05\/saq6x10.jpg\" \/>\n\t<meta property=\"og:image:width\" content=\"512\" \/>\n\t<meta property=\"og:image:height\" content=\"558\" \/>\n\t<meta property=\"og:image:type\" content=\"image\/jpeg\" \/>\n<meta name=\"twitter:card\" content=\"summary_large_image\" \/>\n<meta name=\"twitter:label1\" content=\"Tempo estimado de leitura\" \/>\n\t<meta name=\"twitter:data1\" content=\"1 minuto\" \/>\n<script type=\"application\/ld+json\" class=\"yoast-schema-graph\">{\"@context\":\"https:\\\/\\\/schema.org\",\"@graph\":[{\"@type\":\"WebPage\",\"@id\":\"https:\\\/\\\/divertarte.com\\\/index.php\\\/produto\\\/sacos-celofane-6x8-cm-100-unidades-2\\\/\",\"url\":\"https:\\\/\\\/divertarte.com\\\/index.php\\\/produto\\\/sacos-celofane-6x8-cm-100-unidades-2\\\/\",\"name\":\"Sacos celofane 7X10 cm - 100 unidades -\",\"isPartOf\":{\"@id\":\"https:\\\/\\\/divertarte.com\\\/#website\"},\"primaryImageOfPage\":{\"@id\":\"https:\\\/\\\/divertarte.com\\\/index.php\\\/produto\\\/sacos-celofane-6x8-cm-100-unidades-2\\\/#primaryimage\"},\"image\":{\"@id\":\"https:\\\/\\\/divertarte.com\\\/index.php\\\/produto\\\/sacos-celofane-6x8-cm-100-unidades-2\\\/#primaryimage\"},\"thumbnailUrl\":\"https:\\\/\\\/divertarte.com\\\/wp-content\\\/uploads\\\/2018\\\/05\\\/saq6x10.jpg\",\"datePublished\":\"2018-06-07T13:11:07+00:00\",\"dateModified\":\"2025-11-06T13:50:58+00:00\",\"description\":\"Sacos de celofane. Ideal para embalar pequenas pe\u00e7as soltas de bijutaria, bijuteria, biscuit, pedras, p\u00e9rolas, conchas\",\"breadcrumb\":{\"@id\":\"https:\\\/\\\/divertarte.com\\\/index.php\\\/produto\\\/sacos-celofane-6x8-cm-100-unidades-2\\\/#breadcrumb\"},\"inLanguage\":\"pt-PT\",\"potentialAction\":[{\"@type\":\"ReadAction\",\"target\":[\"https:\\\/\\\/divertarte.com\\\/index.php\\\/produto\\\/sacos-celofane-6x8-cm-100-unidades-2\\\/\"]}]},{\"@type\":\"ImageObject\",\"inLanguage\":\"pt-PT\",\"@id\":\"https:\\\/\\\/divertarte.com\\\/index.php\\\/produto\\\/sacos-celofane-6x8-cm-100-unidades-2\\\/#primaryimage\",\"url\":\"https:\\\/\\\/divertarte.com\\\/wp-content\\\/uploads\\\/2018\\\/05\\\/saq6x10.jpg\",\"contentUrl\":\"https:\\\/\\\/divertarte.com\\\/wp-content\\\/uploads\\\/2018\\\/05\\\/saq6x10.jpg\",\"width\":512,\"height\":558},{\"@type\":\"BreadcrumbList\",\"@id\":\"https:\\\/\\\/divertarte.com\\\/index.php\\\/produto\\\/sacos-celofane-6x8-cm-100-unidades-2\\\/#breadcrumb\",\"itemListElement\":[{\"@type\":\"ListItem\",\"position\":1,\"name\":\"In\u00edcio\",\"item\":\"https:\\\/\\\/divertarte.com\\\/\"},{\"@type\":\"ListItem\",\"position\":2,\"name\":\"Loja\",\"item\":\"https:\\\/\\\/divertarte.com\\\/index.php\\\/divertarte-produtos\\\/\"},{\"@type\":\"ListItem\",\"position\":3,\"name\":\"Sacos celofane 7X10 cm &#8211; 100 unidades\"}]},{\"@type\":\"WebSite\",\"@id\":\"https:\\\/\\\/divertarte.com\\\/#website\",\"url\":\"https:\\\/\\\/divertarte.com\\\/\",\"name\":\"Divertarte\",\"description\":\"\",\"publisher\":{\"@id\":\"https:\\\/\\\/divertarte.com\\\/#organization\"},\"potentialAction\":[{\"@type\":\"SearchAction\",\"target\":{\"@type\":\"EntryPoint\",\"urlTemplate\":\"https:\\\/\\\/divertarte.com\\\/?s={search_term_string}\"},\"query-input\":{\"@type\":\"PropertyValueSpecification\",\"valueRequired\":true,\"valueName\":\"search_term_string\"}}],\"inLanguage\":\"pt-PT\"},{\"@type\":\"Organization\",\"@id\":\"https:\\\/\\\/divertarte.com\\\/#organization\",\"name\":\"Divertarte\",\"url\":\"https:\\\/\\\/divertarte.com\\\/\",\"logo\":{\"@type\":\"ImageObject\",\"inLanguage\":\"pt-PT\",\"@id\":\"https:\\\/\\\/divertarte.com\\\/#\\\/schema\\\/logo\\\/image\\\/\",\"url\":\"https:\\\/\\\/divertarte.com\\\/wp-content\\\/uploads\\\/2018\\\/07\\\/logo-div.jpg\",\"contentUrl\":\"https:\\\/\\\/divertarte.com\\\/wp-content\\\/uploads\\\/2018\\\/07\\\/logo-div.jpg\",\"width\":295,\"height\":123,\"caption\":\"Divertarte\"},\"image\":{\"@id\":\"https:\\\/\\\/divertarte.com\\\/#\\\/schema\\\/logo\\\/image\\\/\"}}]}<\/script>\n<!-- \/ Yoast SEO plugin. -->","yoast_head_json":{"title":"Sacos celofane 7X10 cm - 100 unidades -","description":"Sacos de celofane. Ideal para embalar pequenas pe\u00e7as soltas de bijutaria, bijuteria, biscuit, pedras, p\u00e9rolas, conchas","robots":{"index":"index","follow":"follow","max-snippet":"max-snippet:-1","max-image-preview":"max-image-preview:large","max-video-preview":"max-video-preview:-1"},"canonical":"https:\/\/divertarte.com\/index.php\/produto\/sacos-celofane-6x8-cm-100-unidades-2\/","og_locale":"pt_PT","og_type":"article","og_title":"Sacos celofane 7X10 cm - 100 unidades -","og_description":"Sacos de celofane. Ideal para embalar pequenas pe\u00e7as soltas de bijutaria, bijuteria, biscuit, pedras, p\u00e9rolas, conchas","og_url":"https:\/\/divertarte.com\/index.php\/produto\/sacos-celofane-6x8-cm-100-unidades-2\/","article_modified_time":"2025-11-06T13:50:58+00:00","og_image":[{"width":512,"height":558,"url":"https:\/\/divertarte.com\/wp-content\/uploads\/2018\/05\/saq6x10.jpg","type":"image\/jpeg"}],"twitter_card":"summary_large_image","twitter_misc":{"Tempo estimado de leitura":"1 minuto"},"schema":{"@context":"https:\/\/schema.org","@graph":[{"@type":"WebPage","@id":"https:\/\/divertarte.com\/index.php\/produto\/sacos-celofane-6x8-cm-100-unidades-2\/","url":"https:\/\/divertarte.com\/index.php\/produto\/sacos-celofane-6x8-cm-100-unidades-2\/","name":"Sacos celofane 7X10 cm - 100 unidades -","isPartOf":{"@id":"https:\/\/divertarte.com\/#website"},"primaryImageOfPage":{"@id":"https:\/\/divertarte.com\/index.php\/produto\/sacos-celofane-6x8-cm-100-unidades-2\/#primaryimage"},"image":{"@id":"https:\/\/divertarte.com\/index.php\/produto\/sacos-celofane-6x8-cm-100-unidades-2\/#primaryimage"},"thumbnailUrl":"https:\/\/divertarte.com\/wp-content\/uploads\/2018\/05\/saq6x10.jpg","datePublished":"2018-06-07T13:11:07+00:00","dateModified":"2025-11-06T13:50:58+00:00","description":"Sacos de celofane. Ideal para embalar pequenas pe\u00e7as soltas de bijutaria, bijuteria, biscuit, pedras, p\u00e9rolas, conchas","breadcrumb":{"@id":"https:\/\/divertarte.com\/index.php\/produto\/sacos-celofane-6x8-cm-100-unidades-2\/#breadcrumb"},"inLanguage":"pt-PT","potentialAction":[{"@type":"ReadAction","target":["https:\/\/divertarte.com\/index.php\/produto\/sacos-celofane-6x8-cm-100-unidades-2\/"]}]},{"@type":"ImageObject","inLanguage":"pt-PT","@id":"https:\/\/divertarte.com\/index.php\/produto\/sacos-celofane-6x8-cm-100-unidades-2\/#primaryimage","url":"https:\/\/divertarte.com\/wp-content\/uploads\/2018\/05\/saq6x10.jpg","contentUrl":"https:\/\/divertarte.com\/wp-content\/uploads\/2018\/05\/saq6x10.jpg","width":512,"height":558},{"@type":"BreadcrumbList","@id":"https:\/\/divertarte.com\/index.php\/produto\/sacos-celofane-6x8-cm-100-unidades-2\/#breadcrumb","itemListElement":[{"@type":"ListItem","position":1,"name":"In\u00edcio","item":"https:\/\/divertarte.com\/"},{"@type":"ListItem","position":2,"name":"Loja","item":"https:\/\/divertarte.com\/index.php\/divertarte-produtos\/"},{"@type":"ListItem","position":3,"name":"Sacos celofane 7X10 cm &#8211; 100 unidades"}]},{"@type":"WebSite","@id":"https:\/\/divertarte.com\/#website","url":"https:\/\/divertarte.com\/","name":"Divertarte","description":"","publisher":{"@id":"https:\/\/divertarte.com\/#organization"},"potentialAction":[{"@type":"SearchAction","target":{"@type":"EntryPoint","urlTemplate":"https:\/\/divertarte.com\/?s={search_term_string}"},"query-input":{"@type":"PropertyValueSpecification","valueRequired":true,"valueName":"search_term_string"}}],"inLanguage":"pt-PT"},{"@type":"Organization","@id":"https:\/\/divertarte.com\/#organization","name":"Divertarte","url":"https:\/\/divertarte.com\/","logo":{"@type":"ImageObject","inLanguage":"pt-PT","@id":"https:\/\/divertarte.com\/#\/schema\/logo\/image\/","url":"https:\/\/divertarte.com\/wp-content\/uploads\/2018\/07\/logo-div.jpg","contentUrl":"https:\/\/divertarte.com\/wp-content\/uploads\/2018\/07\/logo-div.jpg","width":295,"height":123,"caption":"Divertarte"},"image":{"@id":"https:\/\/divertarte.com\/#\/schema\/logo\/image\/"}}]}},"_links":{"self":[{"href":"https:\/\/divertarte.com\/index.php\/wp-json\/wp\/v2\/product\/3733","targetHints":{"allow":["GET"]}}],"collection":[{"href":"https:\/\/divertarte.com\/index.php\/wp-json\/wp\/v2\/product"}],"about":[{"href":"https:\/\/divertarte.com\/index.php\/wp-json\/wp\/v2\/types\/product"}],"replies":[{"embeddable":true,"href":"https:\/\/divertarte.com\/index.php\/wp-json\/wp\/v2\/comments?post=3733"}],"wp:featuredmedia":[{"embeddable":true,"href":"https:\/\/divertarte.com\/index.php\/wp-json\/wp\/v2\/media\/7320"}],"wp:attachment":[{"href":"https:\/\/divertarte.com\/index.php\/wp-json\/wp\/v2\/media?parent=3733"}],"wp:term":[{"taxonomy":"product_brand","embeddable":true,"href":"https:\/\/divertarte.com\/index.php\/wp-json\/wp\/v2\/product_brand?post=3733"},{"taxonomy":"product_cat","embeddable":true,"href":"https:\/\/divertarte.com\/index.php\/wp-json\/wp\/v2\/product_cat?post=3733"},{"taxonomy":"product_tag","embeddable":true,"href":"https:\/\/divertarte.com\/index.php\/wp-json\/wp\/v2\/product_tag?post=3733"}],"curies":[{"name":"wp","href":"https:\/\/api.w.org\/{rel}","templated":true}]}}