{"id":3718,"date":"2018-06-07T14:11:43","date_gmt":"2018-06-07T13:11:43","guid":{"rendered":"https:\/\/divertarte.com\/index.php\/produto\/oleo-de-abacate-puro-50ml\/"},"modified":"2025-11-06T13:50:50","modified_gmt":"2025-11-06T13:50:50","slug":"oleo-de-abacate-puro-50ml","status":"publish","type":"product","link":"https:\/\/divertarte.com\/index.php\/produto\/oleo-de-abacate-puro-50ml\/","title":{"rendered":"Oleo de Abacate puro 50 ml"},"content":{"rendered":"<p>FRASCO 50ML &#8211; O \u00f3leo de abacate \u00e9 rico em v\u00e1rias subst\u00e2ncias medicinais. Lecitinas, fitoester\u00f3is (beta-sitosterol especialmente), gorduras monoinsaturadas, vitamina A e um alt\u00edssimo teor de vitamina E, quase o dobro do \u00f3leo de semente de uvas. Vitamina que \u00e9 um poderoso antioxidante, o qual inibe a forma\u00e7\u00e3o de radicais livres, ajudando a diminuir os sinais do envelhecimento &#8212;<\/p>\n<p>Em cosm\u00e9ticos, \u00e9 usado puro ou dilu\u00eddo (2-6%) auxiliando no tratamento de rugas e estrias, pois ao estimular a s\u00edntese de col\u00e1geno, aumenta a quantidade de col\u00e1geno sol\u00favel na derme, o que retarda a forma\u00e7\u00e3o de marcas na pele. Tamb\u00e9m \u00e9 excelente seu uso nos cabelos. Assim como \u00e9 muito eficaz o uso de m\u00e1scaras feitas com a pr\u00f3pria fruta &#8212;<\/p>\n<p>Uso interno 2 &#8211; 3 vezes ao dia, uma colher de caf\u00e9 antes das refei\u00e7\u00f5es ou misturado nas saladas, sopas, molhos, etc.. Guardar num local seco, fresco e ausente de luz. Guardar no frigor\u00edfico depois de aberto<\/p>\n","protected":false},"excerpt":{"rendered":"<p>O \u00f3leo de abacate \u00e9 rico em v\u00e1rias subst\u00e2ncias medicinais. Lecitinas, fitoester\u00f3is (beta-sitosterol especialmente), gorduras monoinsaturadas, vitamina A e um alt\u00edssimo teor de vitamina E, quase o dobro do \u00f3leo de semente de uvas. Vitamina que \u00e9 um poderoso antioxidante, o qual inibe a forma\u00e7\u00e3o de radicais livres, ajudando a diminuir os sinais do envelhecimento<\/p>\n<p>Em cosm\u00e9ticos, \u00e9 usado puro ou dilu\u00eddo (2-6%) auxiliando no tratamento de rugas e estrias, pois ao estimular a s\u00edntese de col\u00e1geno, aumenta a quantidade de col\u00e1geno sol\u00favel na derme, o que retarda a forma\u00e7\u00e3o de marcas na pele. Tamb\u00e9m \u00e9 excelente seu uso nos cabelos. Assim como \u00e9 muito eficaz o uso de m\u00e1scaras feitas com a pr\u00f3pria fruta<\/p>\n<p>Uso interno 2 &#8211; 3 vezes ao dia, uma colher de caf\u00e9 antes das refei\u00e7\u00f5es ou misturado nas saladas, sopas, molhos, etc.. Guardar num local seco, fresco e ausente de luz. Guardar no frigor\u00edfico depois de aberto<\/p>\n","protected":false},"featured_media":7332,"comment_status":"closed","ping_status":"closed","template":"","meta":{"_exactmetrics_skip_tracking":false,"_exactmetrics_sitenote_active":false,"_exactmetrics_sitenote_note":"","_exactmetrics_sitenote_category":0},"product_brand":[],"product_cat":[381,478,15],"product_tag":[],"class_list":{"0":"post-3718","1":"product","2":"type-product","3":"status-publish","4":"has-post-thumbnail","6":"product_cat-materiais-para-sabonetes","7":"product_cat-oleos-base-vegetais-materiais-para-sabonetes","8":"product_cat-ver-todos-os-produtos","10":"first","11":"instock","12":"taxable","13":"shipping-taxable","14":"purchasable","15":"product-type-simple"},"yoast_head":"<!-- This site is optimized with the Yoast SEO plugin v27.4 - https:\/\/yoast.com\/product\/yoast-seo-wordpress\/ -->\n<title>Oleo de Abacate puro 50 ml -<\/title>\n<meta name=\"robots\" content=\"index, follow, max-snippet:-1, max-image-preview:large, max-video-preview:-1\" \/>\n<link rel=\"canonical\" href=\"https:\/\/divertarte.com\/index.php\/produto\/oleo-de-abacate-puro-50ml\/\" \/>\n<meta property=\"og:locale\" content=\"pt_PT\" \/>\n<meta property=\"og:type\" content=\"article\" \/>\n<meta property=\"og:title\" content=\"Oleo de Abacate puro 50 ml -\" \/>\n<meta property=\"og:description\" content=\"O \u00f3leo de abacate \u00e9 rico em v\u00e1rias subst\u00e2ncias medicinais. Lecitinas, fitoester\u00f3is (beta-sitosterol especialmente), gorduras monoinsaturadas, vitamina A e um alt\u00edssimo teor de vitamina E, quase o dobro do \u00f3leo de semente de uvas. Vitamina que \u00e9 um poderoso antioxidante, o qual inibe a forma\u00e7\u00e3o de radicais livres, ajudando a diminuir os sinais do envelhecimento  Em cosm\u00e9ticos, \u00e9 usado puro ou dilu\u00eddo (2-6%) auxiliando no tratamento de rugas e estrias, pois ao estimular a s\u00edntese de col\u00e1geno, aumenta a quantidade de col\u00e1geno sol\u00favel na derme, o que retarda a forma\u00e7\u00e3o de marcas na pele. Tamb\u00e9m \u00e9 excelente seu uso nos cabelos. Assim como \u00e9 muito eficaz o uso de m\u00e1scaras feitas com a pr\u00f3pria fruta  Uso interno 2 - 3 vezes ao dia, uma colher de caf\u00e9 antes das refei\u00e7\u00f5es ou misturado nas saladas, sopas, molhos, etc.. Guardar num local seco, fresco e ausente de luz. Guardar no frigor\u00edfico depois de aberto\" \/>\n<meta property=\"og:url\" content=\"https:\/\/divertarte.com\/index.php\/produto\/oleo-de-abacate-puro-50ml\/\" \/>\n<meta property=\"article:modified_time\" content=\"2025-11-06T13:50:50+00:00\" \/>\n<meta property=\"og:image\" content=\"https:\/\/divertarte.com\/wp-content\/uploads\/2018\/05\/fr_oleo_abacate.jpg\" \/>\n\t<meta property=\"og:image:width\" content=\"558\" \/>\n\t<meta property=\"og:image:height\" content=\"558\" \/>\n\t<meta property=\"og:image:type\" content=\"image\/jpeg\" \/>\n<meta name=\"twitter:card\" content=\"summary_large_image\" \/>\n<meta name=\"twitter:label1\" content=\"Tempo estimado de leitura\" \/>\n\t<meta name=\"twitter:data1\" content=\"1 minuto\" \/>\n<script type=\"application\/ld+json\" class=\"yoast-schema-graph\">{\"@context\":\"https:\\\/\\\/schema.org\",\"@graph\":[{\"@type\":\"WebPage\",\"@id\":\"https:\\\/\\\/divertarte.com\\\/index.php\\\/produto\\\/oleo-de-abacate-puro-50ml\\\/\",\"url\":\"https:\\\/\\\/divertarte.com\\\/index.php\\\/produto\\\/oleo-de-abacate-puro-50ml\\\/\",\"name\":\"Oleo de Abacate puro 50 ml -\",\"isPartOf\":{\"@id\":\"https:\\\/\\\/divertarte.com\\\/#website\"},\"primaryImageOfPage\":{\"@id\":\"https:\\\/\\\/divertarte.com\\\/index.php\\\/produto\\\/oleo-de-abacate-puro-50ml\\\/#primaryimage\"},\"image\":{\"@id\":\"https:\\\/\\\/divertarte.com\\\/index.php\\\/produto\\\/oleo-de-abacate-puro-50ml\\\/#primaryimage\"},\"thumbnailUrl\":\"https:\\\/\\\/divertarte.com\\\/wp-content\\\/uploads\\\/2018\\\/05\\\/fr_oleo_abacate.jpg\",\"datePublished\":\"2018-06-07T13:11:43+00:00\",\"dateModified\":\"2025-11-06T13:50:50+00:00\",\"breadcrumb\":{\"@id\":\"https:\\\/\\\/divertarte.com\\\/index.php\\\/produto\\\/oleo-de-abacate-puro-50ml\\\/#breadcrumb\"},\"inLanguage\":\"pt-PT\",\"potentialAction\":[{\"@type\":\"ReadAction\",\"target\":[\"https:\\\/\\\/divertarte.com\\\/index.php\\\/produto\\\/oleo-de-abacate-puro-50ml\\\/\"]}]},{\"@type\":\"ImageObject\",\"inLanguage\":\"pt-PT\",\"@id\":\"https:\\\/\\\/divertarte.com\\\/index.php\\\/produto\\\/oleo-de-abacate-puro-50ml\\\/#primaryimage\",\"url\":\"https:\\\/\\\/divertarte.com\\\/wp-content\\\/uploads\\\/2018\\\/05\\\/fr_oleo_abacate.jpg\",\"contentUrl\":\"https:\\\/\\\/divertarte.com\\\/wp-content\\\/uploads\\\/2018\\\/05\\\/fr_oleo_abacate.jpg\",\"width\":558,\"height\":558},{\"@type\":\"BreadcrumbList\",\"@id\":\"https:\\\/\\\/divertarte.com\\\/index.php\\\/produto\\\/oleo-de-abacate-puro-50ml\\\/#breadcrumb\",\"itemListElement\":[{\"@type\":\"ListItem\",\"position\":1,\"name\":\"In\u00edcio\",\"item\":\"https:\\\/\\\/divertarte.com\\\/\"},{\"@type\":\"ListItem\",\"position\":2,\"name\":\"Loja\",\"item\":\"https:\\\/\\\/divertarte.com\\\/index.php\\\/divertarte-produtos\\\/\"},{\"@type\":\"ListItem\",\"position\":3,\"name\":\"Oleo de Abacate puro 50 ml\"}]},{\"@type\":\"WebSite\",\"@id\":\"https:\\\/\\\/divertarte.com\\\/#website\",\"url\":\"https:\\\/\\\/divertarte.com\\\/\",\"name\":\"Divertarte\",\"description\":\"\",\"publisher\":{\"@id\":\"https:\\\/\\\/divertarte.com\\\/#organization\"},\"potentialAction\":[{\"@type\":\"SearchAction\",\"target\":{\"@type\":\"EntryPoint\",\"urlTemplate\":\"https:\\\/\\\/divertarte.com\\\/?s={search_term_string}\"},\"query-input\":{\"@type\":\"PropertyValueSpecification\",\"valueRequired\":true,\"valueName\":\"search_term_string\"}}],\"inLanguage\":\"pt-PT\"},{\"@type\":\"Organization\",\"@id\":\"https:\\\/\\\/divertarte.com\\\/#organization\",\"name\":\"Divertarte\",\"url\":\"https:\\\/\\\/divertarte.com\\\/\",\"logo\":{\"@type\":\"ImageObject\",\"inLanguage\":\"pt-PT\",\"@id\":\"https:\\\/\\\/divertarte.com\\\/#\\\/schema\\\/logo\\\/image\\\/\",\"url\":\"https:\\\/\\\/divertarte.com\\\/wp-content\\\/uploads\\\/2018\\\/07\\\/logo-div.jpg\",\"contentUrl\":\"https:\\\/\\\/divertarte.com\\\/wp-content\\\/uploads\\\/2018\\\/07\\\/logo-div.jpg\",\"width\":295,\"height\":123,\"caption\":\"Divertarte\"},\"image\":{\"@id\":\"https:\\\/\\\/divertarte.com\\\/#\\\/schema\\\/logo\\\/image\\\/\"}}]}<\/script>\n<!-- \/ Yoast SEO plugin. -->","yoast_head_json":{"title":"Oleo de Abacate puro 50 ml -","robots":{"index":"index","follow":"follow","max-snippet":"max-snippet:-1","max-image-preview":"max-image-preview:large","max-video-preview":"max-video-preview:-1"},"canonical":"https:\/\/divertarte.com\/index.php\/produto\/oleo-de-abacate-puro-50ml\/","og_locale":"pt_PT","og_type":"article","og_title":"Oleo de Abacate puro 50 ml -","og_description":"O \u00f3leo de abacate \u00e9 rico em v\u00e1rias subst\u00e2ncias medicinais. Lecitinas, fitoester\u00f3is (beta-sitosterol especialmente), gorduras monoinsaturadas, vitamina A e um alt\u00edssimo teor de vitamina E, quase o dobro do \u00f3leo de semente de uvas. Vitamina que \u00e9 um poderoso antioxidante, o qual inibe a forma\u00e7\u00e3o de radicais livres, ajudando a diminuir os sinais do envelhecimento  Em cosm\u00e9ticos, \u00e9 usado puro ou dilu\u00eddo (2-6%) auxiliando no tratamento de rugas e estrias, pois ao estimular a s\u00edntese de col\u00e1geno, aumenta a quantidade de col\u00e1geno sol\u00favel na derme, o que retarda a forma\u00e7\u00e3o de marcas na pele. Tamb\u00e9m \u00e9 excelente seu uso nos cabelos. Assim como \u00e9 muito eficaz o uso de m\u00e1scaras feitas com a pr\u00f3pria fruta  Uso interno 2 - 3 vezes ao dia, uma colher de caf\u00e9 antes das refei\u00e7\u00f5es ou misturado nas saladas, sopas, molhos, etc.. Guardar num local seco, fresco e ausente de luz. Guardar no frigor\u00edfico depois de aberto","og_url":"https:\/\/divertarte.com\/index.php\/produto\/oleo-de-abacate-puro-50ml\/","article_modified_time":"2025-11-06T13:50:50+00:00","og_image":[{"width":558,"height":558,"url":"https:\/\/divertarte.com\/wp-content\/uploads\/2018\/05\/fr_oleo_abacate.jpg","type":"image\/jpeg"}],"twitter_card":"summary_large_image","twitter_misc":{"Tempo estimado de leitura":"1 minuto"},"schema":{"@context":"https:\/\/schema.org","@graph":[{"@type":"WebPage","@id":"https:\/\/divertarte.com\/index.php\/produto\/oleo-de-abacate-puro-50ml\/","url":"https:\/\/divertarte.com\/index.php\/produto\/oleo-de-abacate-puro-50ml\/","name":"Oleo de Abacate puro 50 ml -","isPartOf":{"@id":"https:\/\/divertarte.com\/#website"},"primaryImageOfPage":{"@id":"https:\/\/divertarte.com\/index.php\/produto\/oleo-de-abacate-puro-50ml\/#primaryimage"},"image":{"@id":"https:\/\/divertarte.com\/index.php\/produto\/oleo-de-abacate-puro-50ml\/#primaryimage"},"thumbnailUrl":"https:\/\/divertarte.com\/wp-content\/uploads\/2018\/05\/fr_oleo_abacate.jpg","datePublished":"2018-06-07T13:11:43+00:00","dateModified":"2025-11-06T13:50:50+00:00","breadcrumb":{"@id":"https:\/\/divertarte.com\/index.php\/produto\/oleo-de-abacate-puro-50ml\/#breadcrumb"},"inLanguage":"pt-PT","potentialAction":[{"@type":"ReadAction","target":["https:\/\/divertarte.com\/index.php\/produto\/oleo-de-abacate-puro-50ml\/"]}]},{"@type":"ImageObject","inLanguage":"pt-PT","@id":"https:\/\/divertarte.com\/index.php\/produto\/oleo-de-abacate-puro-50ml\/#primaryimage","url":"https:\/\/divertarte.com\/wp-content\/uploads\/2018\/05\/fr_oleo_abacate.jpg","contentUrl":"https:\/\/divertarte.com\/wp-content\/uploads\/2018\/05\/fr_oleo_abacate.jpg","width":558,"height":558},{"@type":"BreadcrumbList","@id":"https:\/\/divertarte.com\/index.php\/produto\/oleo-de-abacate-puro-50ml\/#breadcrumb","itemListElement":[{"@type":"ListItem","position":1,"name":"In\u00edcio","item":"https:\/\/divertarte.com\/"},{"@type":"ListItem","position":2,"name":"Loja","item":"https:\/\/divertarte.com\/index.php\/divertarte-produtos\/"},{"@type":"ListItem","position":3,"name":"Oleo de Abacate puro 50 ml"}]},{"@type":"WebSite","@id":"https:\/\/divertarte.com\/#website","url":"https:\/\/divertarte.com\/","name":"Divertarte","description":"","publisher":{"@id":"https:\/\/divertarte.com\/#organization"},"potentialAction":[{"@type":"SearchAction","target":{"@type":"EntryPoint","urlTemplate":"https:\/\/divertarte.com\/?s={search_term_string}"},"query-input":{"@type":"PropertyValueSpecification","valueRequired":true,"valueName":"search_term_string"}}],"inLanguage":"pt-PT"},{"@type":"Organization","@id":"https:\/\/divertarte.com\/#organization","name":"Divertarte","url":"https:\/\/divertarte.com\/","logo":{"@type":"ImageObject","inLanguage":"pt-PT","@id":"https:\/\/divertarte.com\/#\/schema\/logo\/image\/","url":"https:\/\/divertarte.com\/wp-content\/uploads\/2018\/07\/logo-div.jpg","contentUrl":"https:\/\/divertarte.com\/wp-content\/uploads\/2018\/07\/logo-div.jpg","width":295,"height":123,"caption":"Divertarte"},"image":{"@id":"https:\/\/divertarte.com\/#\/schema\/logo\/image\/"}}]}},"_links":{"self":[{"href":"https:\/\/divertarte.com\/index.php\/wp-json\/wp\/v2\/product\/3718","targetHints":{"allow":["GET"]}}],"collection":[{"href":"https:\/\/divertarte.com\/index.php\/wp-json\/wp\/v2\/product"}],"about":[{"href":"https:\/\/divertarte.com\/index.php\/wp-json\/wp\/v2\/types\/product"}],"replies":[{"embeddable":true,"href":"https:\/\/divertarte.com\/index.php\/wp-json\/wp\/v2\/comments?post=3718"}],"wp:featuredmedia":[{"embeddable":true,"href":"https:\/\/divertarte.com\/index.php\/wp-json\/wp\/v2\/media\/7332"}],"wp:attachment":[{"href":"https:\/\/divertarte.com\/index.php\/wp-json\/wp\/v2\/media?parent=3718"}],"wp:term":[{"taxonomy":"product_brand","embeddable":true,"href":"https:\/\/divertarte.com\/index.php\/wp-json\/wp\/v2\/product_brand?post=3718"},{"taxonomy":"product_cat","embeddable":true,"href":"https:\/\/divertarte.com\/index.php\/wp-json\/wp\/v2\/product_cat?post=3718"},{"taxonomy":"product_tag","embeddable":true,"href":"https:\/\/divertarte.com\/index.php\/wp-json\/wp\/v2\/product_tag?post=3718"}],"curies":[{"name":"wp","href":"https:\/\/api.w.org\/{rel}","templated":true}]}}