{"id":3652,"date":"2018-06-07T14:17:55","date_gmt":"2018-06-07T13:17:55","guid":{"rendered":"https:\/\/divertarte.com\/index.php\/produto\/cegonha-com-menina-1\/"},"modified":"2026-04-16T15:57:34","modified_gmt":"2026-04-16T14:57:34","slug":"cegonha-com-menina-1","status":"publish","type":"product","link":"https:\/\/divertarte.com\/index.php\/produto\/cegonha-com-menina-1\/","title":{"rendered":"Cegonha com menina 1 resina"},"content":{"rendered":"<p>Enfeite para prendinhas de batizado, aplica\u00e7\u00e3o de resina para convites, cart\u00f5es lembran\u00e7a, brindes, caixas.<\/p>\n<p>Medidas: 5,5X5,5X1,5CM<\/p>\n<p>&nbsp;<\/p>\n<p>&nbsp;<\/p>\n","protected":false},"excerpt":{"rendered":"<p>Enfeite para prendinhas de batizado, aplica\u00e7\u00e3o de resina para convites, cart\u00f5es lembran\u00e7a, brindes, caixas.<\/p>\n<p>Medidas: 5,5X5,5X1,5CM<\/p>\n<p>&nbsp;<\/p>\n","protected":false},"featured_media":7272,"comment_status":"closed","ping_status":"closed","template":"","meta":{"_exactmetrics_skip_tracking":false,"_exactmetrics_sitenote_active":false,"_exactmetrics_sitenote_note":"","_exactmetrics_sitenote_category":0},"product_brand":[],"product_cat":[371,1655],"product_tag":[],"class_list":{"0":"post-3652","1":"product","2":"type-product","3":"status-publish","4":"has-post-thumbnail","6":"product_cat-aplicacoes-para-batizado","7":"product_cat-bonecos-em-resina-acessorios-para-convites-e-brindes-prendinhas","9":"first","10":"instock","11":"taxable","12":"shipping-taxable","13":"purchasable","14":"product-type-simple"},"yoast_head":"<!-- This site is optimized with the Yoast SEO plugin v27.4 - https:\/\/yoast.com\/product\/yoast-seo-wordpress\/ -->\n<title>Cegonha com menina 1 resina -<\/title>\n<meta name=\"description\" content=\"Enfeite para prendinhas de batizado, aplica\u00e7\u00e3o de resina para convites, cart\u00f5es lembran\u00e7a, brindes, caixas.Medidas: 5,5X5,5X1,5CM\" \/>\n<meta name=\"robots\" content=\"index, follow, max-snippet:-1, max-image-preview:large, max-video-preview:-1\" \/>\n<link rel=\"canonical\" href=\"https:\/\/divertarte.com\/index.php\/produto\/cegonha-com-menina-1\/\" \/>\n<meta property=\"og:locale\" content=\"pt_PT\" \/>\n<meta property=\"og:type\" content=\"article\" \/>\n<meta property=\"og:title\" content=\"Cegonha com menina 1 resina -\" \/>\n<meta property=\"og:description\" content=\"Enfeite para prendinhas de batizado, aplica\u00e7\u00e3o de resina para convites, cart\u00f5es lembran\u00e7a, brindes, caixas.Medidas: 5,5X5,5X1,5CM\" \/>\n<meta property=\"og:url\" content=\"https:\/\/divertarte.com\/index.php\/produto\/cegonha-com-menina-1\/\" \/>\n<meta property=\"article:modified_time\" content=\"2026-04-16T14:57:34+00:00\" \/>\n<meta property=\"og:image\" content=\"https:\/\/divertarte.com\/wp-content\/uploads\/2018\/05\/ceg_menina.jpg\" \/>\n\t<meta property=\"og:image:width\" content=\"550\" \/>\n\t<meta property=\"og:image:height\" content=\"558\" \/>\n\t<meta property=\"og:image:type\" content=\"image\/jpeg\" \/>\n<meta name=\"twitter:card\" content=\"summary_large_image\" \/>\n<script type=\"application\/ld+json\" class=\"yoast-schema-graph\">{\"@context\":\"https:\\\/\\\/schema.org\",\"@graph\":[{\"@type\":\"WebPage\",\"@id\":\"https:\\\/\\\/divertarte.com\\\/index.php\\\/produto\\\/cegonha-com-menina-1\\\/\",\"url\":\"https:\\\/\\\/divertarte.com\\\/index.php\\\/produto\\\/cegonha-com-menina-1\\\/\",\"name\":\"Cegonha com menina 1 resina -\",\"isPartOf\":{\"@id\":\"https:\\\/\\\/divertarte.com\\\/#website\"},\"primaryImageOfPage\":{\"@id\":\"https:\\\/\\\/divertarte.com\\\/index.php\\\/produto\\\/cegonha-com-menina-1\\\/#primaryimage\"},\"image\":{\"@id\":\"https:\\\/\\\/divertarte.com\\\/index.php\\\/produto\\\/cegonha-com-menina-1\\\/#primaryimage\"},\"thumbnailUrl\":\"https:\\\/\\\/divertarte.com\\\/wp-content\\\/uploads\\\/2018\\\/05\\\/ceg_menina.jpg\",\"datePublished\":\"2018-06-07T13:17:55+00:00\",\"dateModified\":\"2026-04-16T14:57:34+00:00\",\"description\":\"Enfeite para prendinhas de batizado, aplica\u00e7\u00e3o de resina para convites, cart\u00f5es lembran\u00e7a, brindes, caixas.Medidas: 5,5X5,5X1,5CM\",\"breadcrumb\":{\"@id\":\"https:\\\/\\\/divertarte.com\\\/index.php\\\/produto\\\/cegonha-com-menina-1\\\/#breadcrumb\"},\"inLanguage\":\"pt-PT\",\"potentialAction\":[{\"@type\":\"ReadAction\",\"target\":[\"https:\\\/\\\/divertarte.com\\\/index.php\\\/produto\\\/cegonha-com-menina-1\\\/\"]}]},{\"@type\":\"ImageObject\",\"inLanguage\":\"pt-PT\",\"@id\":\"https:\\\/\\\/divertarte.com\\\/index.php\\\/produto\\\/cegonha-com-menina-1\\\/#primaryimage\",\"url\":\"https:\\\/\\\/divertarte.com\\\/wp-content\\\/uploads\\\/2018\\\/05\\\/ceg_menina.jpg\",\"contentUrl\":\"https:\\\/\\\/divertarte.com\\\/wp-content\\\/uploads\\\/2018\\\/05\\\/ceg_menina.jpg\",\"width\":550,\"height\":558},{\"@type\":\"BreadcrumbList\",\"@id\":\"https:\\\/\\\/divertarte.com\\\/index.php\\\/produto\\\/cegonha-com-menina-1\\\/#breadcrumb\",\"itemListElement\":[{\"@type\":\"ListItem\",\"position\":1,\"name\":\"In\u00edcio\",\"item\":\"https:\\\/\\\/divertarte.com\\\/\"},{\"@type\":\"ListItem\",\"position\":2,\"name\":\"Loja\",\"item\":\"https:\\\/\\\/divertarte.com\\\/index.php\\\/divertarte-produtos\\\/\"},{\"@type\":\"ListItem\",\"position\":3,\"name\":\"Cegonha com menina 1 resina\"}]},{\"@type\":\"WebSite\",\"@id\":\"https:\\\/\\\/divertarte.com\\\/#website\",\"url\":\"https:\\\/\\\/divertarte.com\\\/\",\"name\":\"Divertarte\",\"description\":\"\",\"publisher\":{\"@id\":\"https:\\\/\\\/divertarte.com\\\/#organization\"},\"potentialAction\":[{\"@type\":\"SearchAction\",\"target\":{\"@type\":\"EntryPoint\",\"urlTemplate\":\"https:\\\/\\\/divertarte.com\\\/?s={search_term_string}\"},\"query-input\":{\"@type\":\"PropertyValueSpecification\",\"valueRequired\":true,\"valueName\":\"search_term_string\"}}],\"inLanguage\":\"pt-PT\"},{\"@type\":\"Organization\",\"@id\":\"https:\\\/\\\/divertarte.com\\\/#organization\",\"name\":\"Divertarte\",\"url\":\"https:\\\/\\\/divertarte.com\\\/\",\"logo\":{\"@type\":\"ImageObject\",\"inLanguage\":\"pt-PT\",\"@id\":\"https:\\\/\\\/divertarte.com\\\/#\\\/schema\\\/logo\\\/image\\\/\",\"url\":\"https:\\\/\\\/divertarte.com\\\/wp-content\\\/uploads\\\/2018\\\/07\\\/logo-div.jpg\",\"contentUrl\":\"https:\\\/\\\/divertarte.com\\\/wp-content\\\/uploads\\\/2018\\\/07\\\/logo-div.jpg\",\"width\":295,\"height\":123,\"caption\":\"Divertarte\"},\"image\":{\"@id\":\"https:\\\/\\\/divertarte.com\\\/#\\\/schema\\\/logo\\\/image\\\/\"}}]}<\/script>\n<!-- \/ Yoast SEO plugin. -->","yoast_head_json":{"title":"Cegonha com menina 1 resina -","description":"Enfeite para prendinhas de batizado, aplica\u00e7\u00e3o de resina para convites, cart\u00f5es lembran\u00e7a, brindes, caixas.Medidas: 5,5X5,5X1,5CM","robots":{"index":"index","follow":"follow","max-snippet":"max-snippet:-1","max-image-preview":"max-image-preview:large","max-video-preview":"max-video-preview:-1"},"canonical":"https:\/\/divertarte.com\/index.php\/produto\/cegonha-com-menina-1\/","og_locale":"pt_PT","og_type":"article","og_title":"Cegonha com menina 1 resina -","og_description":"Enfeite para prendinhas de batizado, aplica\u00e7\u00e3o de resina para convites, cart\u00f5es lembran\u00e7a, brindes, caixas.Medidas: 5,5X5,5X1,5CM","og_url":"https:\/\/divertarte.com\/index.php\/produto\/cegonha-com-menina-1\/","article_modified_time":"2026-04-16T14:57:34+00:00","og_image":[{"width":550,"height":558,"url":"https:\/\/divertarte.com\/wp-content\/uploads\/2018\/05\/ceg_menina.jpg","type":"image\/jpeg"}],"twitter_card":"summary_large_image","schema":{"@context":"https:\/\/schema.org","@graph":[{"@type":"WebPage","@id":"https:\/\/divertarte.com\/index.php\/produto\/cegonha-com-menina-1\/","url":"https:\/\/divertarte.com\/index.php\/produto\/cegonha-com-menina-1\/","name":"Cegonha com menina 1 resina -","isPartOf":{"@id":"https:\/\/divertarte.com\/#website"},"primaryImageOfPage":{"@id":"https:\/\/divertarte.com\/index.php\/produto\/cegonha-com-menina-1\/#primaryimage"},"image":{"@id":"https:\/\/divertarte.com\/index.php\/produto\/cegonha-com-menina-1\/#primaryimage"},"thumbnailUrl":"https:\/\/divertarte.com\/wp-content\/uploads\/2018\/05\/ceg_menina.jpg","datePublished":"2018-06-07T13:17:55+00:00","dateModified":"2026-04-16T14:57:34+00:00","description":"Enfeite para prendinhas de batizado, aplica\u00e7\u00e3o de resina para convites, cart\u00f5es lembran\u00e7a, brindes, caixas.Medidas: 5,5X5,5X1,5CM","breadcrumb":{"@id":"https:\/\/divertarte.com\/index.php\/produto\/cegonha-com-menina-1\/#breadcrumb"},"inLanguage":"pt-PT","potentialAction":[{"@type":"ReadAction","target":["https:\/\/divertarte.com\/index.php\/produto\/cegonha-com-menina-1\/"]}]},{"@type":"ImageObject","inLanguage":"pt-PT","@id":"https:\/\/divertarte.com\/index.php\/produto\/cegonha-com-menina-1\/#primaryimage","url":"https:\/\/divertarte.com\/wp-content\/uploads\/2018\/05\/ceg_menina.jpg","contentUrl":"https:\/\/divertarte.com\/wp-content\/uploads\/2018\/05\/ceg_menina.jpg","width":550,"height":558},{"@type":"BreadcrumbList","@id":"https:\/\/divertarte.com\/index.php\/produto\/cegonha-com-menina-1\/#breadcrumb","itemListElement":[{"@type":"ListItem","position":1,"name":"In\u00edcio","item":"https:\/\/divertarte.com\/"},{"@type":"ListItem","position":2,"name":"Loja","item":"https:\/\/divertarte.com\/index.php\/divertarte-produtos\/"},{"@type":"ListItem","position":3,"name":"Cegonha com menina 1 resina"}]},{"@type":"WebSite","@id":"https:\/\/divertarte.com\/#website","url":"https:\/\/divertarte.com\/","name":"Divertarte","description":"","publisher":{"@id":"https:\/\/divertarte.com\/#organization"},"potentialAction":[{"@type":"SearchAction","target":{"@type":"EntryPoint","urlTemplate":"https:\/\/divertarte.com\/?s={search_term_string}"},"query-input":{"@type":"PropertyValueSpecification","valueRequired":true,"valueName":"search_term_string"}}],"inLanguage":"pt-PT"},{"@type":"Organization","@id":"https:\/\/divertarte.com\/#organization","name":"Divertarte","url":"https:\/\/divertarte.com\/","logo":{"@type":"ImageObject","inLanguage":"pt-PT","@id":"https:\/\/divertarte.com\/#\/schema\/logo\/image\/","url":"https:\/\/divertarte.com\/wp-content\/uploads\/2018\/07\/logo-div.jpg","contentUrl":"https:\/\/divertarte.com\/wp-content\/uploads\/2018\/07\/logo-div.jpg","width":295,"height":123,"caption":"Divertarte"},"image":{"@id":"https:\/\/divertarte.com\/#\/schema\/logo\/image\/"}}]}},"_links":{"self":[{"href":"https:\/\/divertarte.com\/index.php\/wp-json\/wp\/v2\/product\/3652","targetHints":{"allow":["GET"]}}],"collection":[{"href":"https:\/\/divertarte.com\/index.php\/wp-json\/wp\/v2\/product"}],"about":[{"href":"https:\/\/divertarte.com\/index.php\/wp-json\/wp\/v2\/types\/product"}],"replies":[{"embeddable":true,"href":"https:\/\/divertarte.com\/index.php\/wp-json\/wp\/v2\/comments?post=3652"}],"wp:featuredmedia":[{"embeddable":true,"href":"https:\/\/divertarte.com\/index.php\/wp-json\/wp\/v2\/media\/7272"}],"wp:attachment":[{"href":"https:\/\/divertarte.com\/index.php\/wp-json\/wp\/v2\/media?parent=3652"}],"wp:term":[{"taxonomy":"product_brand","embeddable":true,"href":"https:\/\/divertarte.com\/index.php\/wp-json\/wp\/v2\/product_brand?post=3652"},{"taxonomy":"product_cat","embeddable":true,"href":"https:\/\/divertarte.com\/index.php\/wp-json\/wp\/v2\/product_cat?post=3652"},{"taxonomy":"product_tag","embeddable":true,"href":"https:\/\/divertarte.com\/index.php\/wp-json\/wp\/v2\/product_tag?post=3652"}],"curies":[{"name":"wp","href":"https:\/\/api.w.org\/{rel}","templated":true}]}}