{"id":3650,"date":"2018-06-07T14:10:17","date_gmt":"2018-06-07T13:10:17","guid":{"rendered":"https:\/\/divertarte.com\/index.php\/produto\/manteiga-de-karite-100-gr\/"},"modified":"2025-11-06T13:51:17","modified_gmt":"2025-11-06T13:51:17","slug":"manteiga-de-karite-250-gr","status":"publish","type":"product","link":"https:\/\/divertarte.com\/index.php\/produto\/manteiga-de-karite-250-gr\/","title":{"rendered":"Manteiga de Karit\u00e9 pura 250 gr"},"content":{"rendered":"<p>Manteiga de Karit\u00e9 250 gr<\/p>\n<p>Tamb\u00e9m \u00e9 conhecida como Manteiga de Karit\u00e9 Africana. Esta \u00e9 suave e cremosa como manteiga \u00e0\u00a0 temperatura ambiente. Al\u00e9m disso, quando adicionado a sab\u00f5es confere-lhes um aspecto ex\u00f3tico t\u00e3o luxuoso que uma vez que voc\u00ea o experimente n\u00e3o vai querer ficar sem ele.<\/p>\n<p>A manteiga de karit\u00e9 tamb\u00e9m pode ser adicionada a cremes e lo\u00e7\u00f5es ou usada sozinha para o creme de massagem ou pele. \u00c9 sol\u00favel em \u00f3leo (n\u00e3o sol\u00favel em \u00e1gua) e \u00e9 normalmente incorporada atrav\u00e9s da fase de \u00f3leo aquando da prepara\u00e7\u00e3o de emuls\u00f5es. Al\u00e9m disso n\u00e3o h\u00e1 conhecimento de incompatibilidades. Lo\u00e7\u00f5es e cremes: 2 &#8211; 20% &#8211; b\u00e1lsamos: 5 &#8211; 100% &#8211; os sabonetes em barra: 3 &#8211; 12% &#8211; Condicionadores de cabelo: 1 &#8211; 5%.<\/p>\n<p>Em cabelos secos, como uma m\u00e1scara de cabelo: unte seu cabelo com manteiga de karit\u00e9 envolvendo uma toalha por 20-30 minutos e depois lav\u00e1-lo.<br \/>\nIdeal para prote\u00e7\u00e3o contra agentes externos, principalmente o sol e vento. Impede a forma\u00e7\u00e3o de estrias na gravidez, nutre, regenera e suaviza e cura assaduras. Previne as rugas. Aplicar com massagem suave para a \u00e1rea afetada ou a proteger.<br \/>\nPara as p\u00e1lpebras, combinados com \u00f3leo de Rosa Mosqueta puro tem um efeito &#8220;anti-envelhecimento&#8221; espetacular.<br \/>\nA manteiga de karit\u00e9 tamb\u00e9m \u00e9 de grande interesse para o cuidado da pele masculina, lo\u00e7\u00e3o p\u00f3s-barba, etc &#8230; &#8211;<br \/>\nUma colher no banho quente deixa a sua pele suave e macia<br \/>\nEla \u00e9 usada por atletas para promover a recupera\u00e7\u00e3o muscular.<\/p>\n","protected":false},"excerpt":{"rendered":"<p>Manteiga de Karit\u00e9 250 gr<\/p>\n<p>Tamb\u00e9m \u00e9 conhecida como Manteiga de Karit\u00e9 Africana. Esta \u00e9 suave e cremosa como manteiga \u00e0\u00a0 temperatura ambiente. Al\u00e9m disso, quando adicionado a sab\u00f5es confere-lhes um aspecto ex\u00f3tico t\u00e3o luxuoso que uma vez que voc\u00ea o experimente n\u00e3o vai querer ficar sem ele.<\/p>\n<p>A manteiga de karit\u00e9 tamb\u00e9m pode ser adicionada a cremes e lo\u00e7\u00f5es ou usada sozinha para o creme de massagem ou pele. \u00c9 sol\u00favel em \u00f3leo (n\u00e3o sol\u00favel em \u00e1gua) e \u00e9 normalmente incorporada atrav\u00e9s da fase de \u00f3leo aquando da prepara\u00e7\u00e3o de emuls\u00f5es. Al\u00e9m disso n\u00e3o h\u00e1 conhecimento de incompatibilidades. Lo\u00e7\u00f5es e cremes: 2 &#8211; 20% &#8211; b\u00e1lsamos: 5 &#8211; 100% &#8211; os sabonetes em barra: 3 &#8211; 12% &#8211; Condicionadores de cabelo: 1 &#8211; 5%.<\/p>\n<p>&nbsp;<\/p>\n","protected":false},"featured_media":7270,"comment_status":"closed","ping_status":"closed","template":"","meta":{"_exactmetrics_skip_tracking":false,"_exactmetrics_sitenote_active":false,"_exactmetrics_sitenote_note":"","_exactmetrics_sitenote_category":0},"product_brand":[],"product_cat":[388,381,15],"product_tag":[],"class_list":{"0":"post-3650","1":"product","2":"type-product","3":"status-publish","4":"has-post-thumbnail","6":"product_cat-manteigas","7":"product_cat-materiais-para-sabonetes","8":"product_cat-ver-todos-os-produtos","10":"first","11":"instock","12":"taxable","13":"shipping-taxable","14":"purchasable","15":"product-type-simple"},"yoast_head":"<!-- This site is optimized with the Yoast SEO plugin v27.4 - https:\/\/yoast.com\/product\/yoast-seo-wordpress\/ -->\n<title>Manteiga de Karit\u00e9 pura 250 gr -<\/title>\n<meta name=\"description\" content=\"A manteiga de karit\u00e9 quando adicionado a sab\u00f5es confere-lhes um aspecto ex\u00f3tico t\u00e3o luxuoso que uma vez que voc\u00ea o experimente n\u00e3o vai querer ficar sem ele.\" \/>\n<meta name=\"robots\" content=\"index, follow, max-snippet:-1, max-image-preview:large, max-video-preview:-1\" \/>\n<link rel=\"canonical\" href=\"https:\/\/divertarte.com\/index.php\/produto\/manteiga-de-karite-250-gr\/\" \/>\n<meta property=\"og:locale\" content=\"pt_PT\" \/>\n<meta property=\"og:type\" content=\"article\" \/>\n<meta property=\"og:title\" content=\"Manteiga de Karit\u00e9 pura 250 gr -\" \/>\n<meta property=\"og:description\" content=\"A manteiga de karit\u00e9 quando adicionado a sab\u00f5es confere-lhes um aspecto ex\u00f3tico t\u00e3o luxuoso que uma vez que voc\u00ea o experimente n\u00e3o vai querer ficar sem ele.\" \/>\n<meta property=\"og:url\" content=\"https:\/\/divertarte.com\/index.php\/produto\/manteiga-de-karite-250-gr\/\" \/>\n<meta property=\"article:modified_time\" content=\"2025-11-06T13:51:17+00:00\" \/>\n<meta property=\"og:image\" content=\"https:\/\/divertarte.com\/wp-content\/uploads\/2018\/05\/manteiga_karite.jpg\" \/>\n\t<meta property=\"og:image:width\" content=\"551\" \/>\n\t<meta property=\"og:image:height\" content=\"558\" \/>\n\t<meta property=\"og:image:type\" content=\"image\/jpeg\" \/>\n<meta name=\"twitter:card\" content=\"summary_large_image\" \/>\n<meta name=\"twitter:label1\" content=\"Tempo estimado de leitura\" \/>\n\t<meta name=\"twitter:data1\" content=\"1 minuto\" \/>\n<script type=\"application\/ld+json\" class=\"yoast-schema-graph\">{\"@context\":\"https:\\\/\\\/schema.org\",\"@graph\":[{\"@type\":\"WebPage\",\"@id\":\"https:\\\/\\\/divertarte.com\\\/index.php\\\/produto\\\/manteiga-de-karite-250-gr\\\/\",\"url\":\"https:\\\/\\\/divertarte.com\\\/index.php\\\/produto\\\/manteiga-de-karite-250-gr\\\/\",\"name\":\"Manteiga de Karit\u00e9 pura 250 gr -\",\"isPartOf\":{\"@id\":\"https:\\\/\\\/divertarte.com\\\/#website\"},\"primaryImageOfPage\":{\"@id\":\"https:\\\/\\\/divertarte.com\\\/index.php\\\/produto\\\/manteiga-de-karite-250-gr\\\/#primaryimage\"},\"image\":{\"@id\":\"https:\\\/\\\/divertarte.com\\\/index.php\\\/produto\\\/manteiga-de-karite-250-gr\\\/#primaryimage\"},\"thumbnailUrl\":\"https:\\\/\\\/divertarte.com\\\/wp-content\\\/uploads\\\/2018\\\/05\\\/manteiga_karite.jpg\",\"datePublished\":\"2018-06-07T13:10:17+00:00\",\"dateModified\":\"2025-11-06T13:51:17+00:00\",\"description\":\"A manteiga de karit\u00e9 quando adicionado a sab\u00f5es confere-lhes um aspecto ex\u00f3tico t\u00e3o luxuoso que uma vez que voc\u00ea o experimente n\u00e3o vai querer ficar sem ele.\",\"breadcrumb\":{\"@id\":\"https:\\\/\\\/divertarte.com\\\/index.php\\\/produto\\\/manteiga-de-karite-250-gr\\\/#breadcrumb\"},\"inLanguage\":\"pt-PT\",\"potentialAction\":[{\"@type\":\"ReadAction\",\"target\":[\"https:\\\/\\\/divertarte.com\\\/index.php\\\/produto\\\/manteiga-de-karite-250-gr\\\/\"]}]},{\"@type\":\"ImageObject\",\"inLanguage\":\"pt-PT\",\"@id\":\"https:\\\/\\\/divertarte.com\\\/index.php\\\/produto\\\/manteiga-de-karite-250-gr\\\/#primaryimage\",\"url\":\"https:\\\/\\\/divertarte.com\\\/wp-content\\\/uploads\\\/2018\\\/05\\\/manteiga_karite.jpg\",\"contentUrl\":\"https:\\\/\\\/divertarte.com\\\/wp-content\\\/uploads\\\/2018\\\/05\\\/manteiga_karite.jpg\",\"width\":551,\"height\":558},{\"@type\":\"BreadcrumbList\",\"@id\":\"https:\\\/\\\/divertarte.com\\\/index.php\\\/produto\\\/manteiga-de-karite-250-gr\\\/#breadcrumb\",\"itemListElement\":[{\"@type\":\"ListItem\",\"position\":1,\"name\":\"In\u00edcio\",\"item\":\"https:\\\/\\\/divertarte.com\\\/\"},{\"@type\":\"ListItem\",\"position\":2,\"name\":\"Loja\",\"item\":\"https:\\\/\\\/divertarte.com\\\/index.php\\\/divertarte-produtos\\\/\"},{\"@type\":\"ListItem\",\"position\":3,\"name\":\"Manteiga de Karit\u00e9 pura 250 gr\"}]},{\"@type\":\"WebSite\",\"@id\":\"https:\\\/\\\/divertarte.com\\\/#website\",\"url\":\"https:\\\/\\\/divertarte.com\\\/\",\"name\":\"Divertarte\",\"description\":\"\",\"publisher\":{\"@id\":\"https:\\\/\\\/divertarte.com\\\/#organization\"},\"potentialAction\":[{\"@type\":\"SearchAction\",\"target\":{\"@type\":\"EntryPoint\",\"urlTemplate\":\"https:\\\/\\\/divertarte.com\\\/?s={search_term_string}\"},\"query-input\":{\"@type\":\"PropertyValueSpecification\",\"valueRequired\":true,\"valueName\":\"search_term_string\"}}],\"inLanguage\":\"pt-PT\"},{\"@type\":\"Organization\",\"@id\":\"https:\\\/\\\/divertarte.com\\\/#organization\",\"name\":\"Divertarte\",\"url\":\"https:\\\/\\\/divertarte.com\\\/\",\"logo\":{\"@type\":\"ImageObject\",\"inLanguage\":\"pt-PT\",\"@id\":\"https:\\\/\\\/divertarte.com\\\/#\\\/schema\\\/logo\\\/image\\\/\",\"url\":\"https:\\\/\\\/divertarte.com\\\/wp-content\\\/uploads\\\/2018\\\/07\\\/logo-div.jpg\",\"contentUrl\":\"https:\\\/\\\/divertarte.com\\\/wp-content\\\/uploads\\\/2018\\\/07\\\/logo-div.jpg\",\"width\":295,\"height\":123,\"caption\":\"Divertarte\"},\"image\":{\"@id\":\"https:\\\/\\\/divertarte.com\\\/#\\\/schema\\\/logo\\\/image\\\/\"}}]}<\/script>\n<!-- \/ Yoast SEO plugin. -->","yoast_head_json":{"title":"Manteiga de Karit\u00e9 pura 250 gr -","description":"A manteiga de karit\u00e9 quando adicionado a sab\u00f5es confere-lhes um aspecto ex\u00f3tico t\u00e3o luxuoso que uma vez que voc\u00ea o experimente n\u00e3o vai querer ficar sem ele.","robots":{"index":"index","follow":"follow","max-snippet":"max-snippet:-1","max-image-preview":"max-image-preview:large","max-video-preview":"max-video-preview:-1"},"canonical":"https:\/\/divertarte.com\/index.php\/produto\/manteiga-de-karite-250-gr\/","og_locale":"pt_PT","og_type":"article","og_title":"Manteiga de Karit\u00e9 pura 250 gr -","og_description":"A manteiga de karit\u00e9 quando adicionado a sab\u00f5es confere-lhes um aspecto ex\u00f3tico t\u00e3o luxuoso que uma vez que voc\u00ea o experimente n\u00e3o vai querer ficar sem ele.","og_url":"https:\/\/divertarte.com\/index.php\/produto\/manteiga-de-karite-250-gr\/","article_modified_time":"2025-11-06T13:51:17+00:00","og_image":[{"width":551,"height":558,"url":"https:\/\/divertarte.com\/wp-content\/uploads\/2018\/05\/manteiga_karite.jpg","type":"image\/jpeg"}],"twitter_card":"summary_large_image","twitter_misc":{"Tempo estimado de leitura":"1 minuto"},"schema":{"@context":"https:\/\/schema.org","@graph":[{"@type":"WebPage","@id":"https:\/\/divertarte.com\/index.php\/produto\/manteiga-de-karite-250-gr\/","url":"https:\/\/divertarte.com\/index.php\/produto\/manteiga-de-karite-250-gr\/","name":"Manteiga de Karit\u00e9 pura 250 gr -","isPartOf":{"@id":"https:\/\/divertarte.com\/#website"},"primaryImageOfPage":{"@id":"https:\/\/divertarte.com\/index.php\/produto\/manteiga-de-karite-250-gr\/#primaryimage"},"image":{"@id":"https:\/\/divertarte.com\/index.php\/produto\/manteiga-de-karite-250-gr\/#primaryimage"},"thumbnailUrl":"https:\/\/divertarte.com\/wp-content\/uploads\/2018\/05\/manteiga_karite.jpg","datePublished":"2018-06-07T13:10:17+00:00","dateModified":"2025-11-06T13:51:17+00:00","description":"A manteiga de karit\u00e9 quando adicionado a sab\u00f5es confere-lhes um aspecto ex\u00f3tico t\u00e3o luxuoso que uma vez que voc\u00ea o experimente n\u00e3o vai querer ficar sem ele.","breadcrumb":{"@id":"https:\/\/divertarte.com\/index.php\/produto\/manteiga-de-karite-250-gr\/#breadcrumb"},"inLanguage":"pt-PT","potentialAction":[{"@type":"ReadAction","target":["https:\/\/divertarte.com\/index.php\/produto\/manteiga-de-karite-250-gr\/"]}]},{"@type":"ImageObject","inLanguage":"pt-PT","@id":"https:\/\/divertarte.com\/index.php\/produto\/manteiga-de-karite-250-gr\/#primaryimage","url":"https:\/\/divertarte.com\/wp-content\/uploads\/2018\/05\/manteiga_karite.jpg","contentUrl":"https:\/\/divertarte.com\/wp-content\/uploads\/2018\/05\/manteiga_karite.jpg","width":551,"height":558},{"@type":"BreadcrumbList","@id":"https:\/\/divertarte.com\/index.php\/produto\/manteiga-de-karite-250-gr\/#breadcrumb","itemListElement":[{"@type":"ListItem","position":1,"name":"In\u00edcio","item":"https:\/\/divertarte.com\/"},{"@type":"ListItem","position":2,"name":"Loja","item":"https:\/\/divertarte.com\/index.php\/divertarte-produtos\/"},{"@type":"ListItem","position":3,"name":"Manteiga de Karit\u00e9 pura 250 gr"}]},{"@type":"WebSite","@id":"https:\/\/divertarte.com\/#website","url":"https:\/\/divertarte.com\/","name":"Divertarte","description":"","publisher":{"@id":"https:\/\/divertarte.com\/#organization"},"potentialAction":[{"@type":"SearchAction","target":{"@type":"EntryPoint","urlTemplate":"https:\/\/divertarte.com\/?s={search_term_string}"},"query-input":{"@type":"PropertyValueSpecification","valueRequired":true,"valueName":"search_term_string"}}],"inLanguage":"pt-PT"},{"@type":"Organization","@id":"https:\/\/divertarte.com\/#organization","name":"Divertarte","url":"https:\/\/divertarte.com\/","logo":{"@type":"ImageObject","inLanguage":"pt-PT","@id":"https:\/\/divertarte.com\/#\/schema\/logo\/image\/","url":"https:\/\/divertarte.com\/wp-content\/uploads\/2018\/07\/logo-div.jpg","contentUrl":"https:\/\/divertarte.com\/wp-content\/uploads\/2018\/07\/logo-div.jpg","width":295,"height":123,"caption":"Divertarte"},"image":{"@id":"https:\/\/divertarte.com\/#\/schema\/logo\/image\/"}}]}},"_links":{"self":[{"href":"https:\/\/divertarte.com\/index.php\/wp-json\/wp\/v2\/product\/3650","targetHints":{"allow":["GET"]}}],"collection":[{"href":"https:\/\/divertarte.com\/index.php\/wp-json\/wp\/v2\/product"}],"about":[{"href":"https:\/\/divertarte.com\/index.php\/wp-json\/wp\/v2\/types\/product"}],"replies":[{"embeddable":true,"href":"https:\/\/divertarte.com\/index.php\/wp-json\/wp\/v2\/comments?post=3650"}],"wp:featuredmedia":[{"embeddable":true,"href":"https:\/\/divertarte.com\/index.php\/wp-json\/wp\/v2\/media\/7270"}],"wp:attachment":[{"href":"https:\/\/divertarte.com\/index.php\/wp-json\/wp\/v2\/media?parent=3650"}],"wp:term":[{"taxonomy":"product_brand","embeddable":true,"href":"https:\/\/divertarte.com\/index.php\/wp-json\/wp\/v2\/product_brand?post=3650"},{"taxonomy":"product_cat","embeddable":true,"href":"https:\/\/divertarte.com\/index.php\/wp-json\/wp\/v2\/product_cat?post=3650"},{"taxonomy":"product_tag","embeddable":true,"href":"https:\/\/divertarte.com\/index.php\/wp-json\/wp\/v2\/product_tag?post=3650"}],"curies":[{"name":"wp","href":"https:\/\/api.w.org\/{rel}","templated":true}]}}