{"id":3634,"date":"2018-06-07T14:01:33","date_gmt":"2018-06-07T13:01:33","guid":{"rendered":"https:\/\/divertarte.com\/index.php\/produto\/bola-40-oca-und\/"},"modified":"2025-12-23T09:35:29","modified_gmt":"2025-12-23T09:35:29","slug":"bola-40-oca-und","status":"publish","type":"product","link":"https:\/\/divertarte.com\/index.php\/produto\/bola-40-oca-und\/","title":{"rendered":"Bola Esferovite 40cm Oca &#8211; unidade"},"content":{"rendered":"<p>Bola Esferovite 40cm Oca &#8211; unidade<\/p>\n<p>Bola de Esferovite 40 cm di\u00e2metro &#8211; 2 metades ocas com encaixe. Utiliza-se com ou sem pintura e colagens, trabalhos manuais, decora\u00e7\u00e3o, enfeites de Natal, Festas infantis, Festas tem\u00e1ticas.<\/p>\n","protected":false},"excerpt":{"rendered":"<p>Bola Esferovite 40cm Oca &#8211; unidade<\/p>\n<p>Bola de Esferovite 40 cm di\u00e2metro &#8211; 2 metades ocas com encaixe. Utiliza-se com ou sem pintura e colagens, trabalhos manuais, decora\u00e7\u00e3o, enfeites de Natal, Festas infantis, Festas tem\u00e1ticas.<\/p>\n","protected":false},"featured_media":15972,"comment_status":"closed","ping_status":"closed","template":"","meta":{"_exactmetrics_skip_tracking":false,"_exactmetrics_sitenote_active":false,"_exactmetrics_sitenote_note":"","_exactmetrics_sitenote_category":0},"product_brand":[],"product_cat":[454,59],"product_tag":[627,624],"class_list":{"0":"post-3634","1":"product","2":"type-product","3":"status-publish","4":"has-post-thumbnail","6":"product_cat-bolas-de-esferovite","7":"product_cat-esferovite","8":"product_tag-bolas-esferovite","9":"product_tag-esferovite","11":"first","12":"outofstock","13":"taxable","14":"shipping-taxable","15":"purchasable","16":"product-type-simple"},"yoast_head":"<!-- This site is optimized with the Yoast SEO plugin v27.4 - https:\/\/yoast.com\/product\/yoast-seo-wordpress\/ -->\n<title>Bola Esferovite 40cm Oca - unidade - enfeites de natal, decora\u00e7\u00e3o<\/title>\n<meta name=\"description\" content=\"Bola Esferovite 40cm Oca 2 metades com encaixe. Pode pintar e fazer colagens, trabalhos manuais, decora\u00e7\u00e3o, enfeites de Natal, Festas infantis e Tematicas\" \/>\n<meta name=\"robots\" content=\"index, follow, max-snippet:-1, max-image-preview:large, max-video-preview:-1\" \/>\n<link rel=\"canonical\" href=\"https:\/\/divertarte.com\/index.php\/produto\/bola-40-oca-und\/\" \/>\n<meta property=\"og:locale\" content=\"pt_PT\" \/>\n<meta property=\"og:type\" content=\"article\" \/>\n<meta property=\"og:title\" content=\"Bola Esferovite 40cm Oca - unidade - enfeites de natal, decora\u00e7\u00e3o\" \/>\n<meta property=\"og:description\" content=\"Bola Esferovite 40cm Oca 2 metades com encaixe. Pode pintar e fazer colagens, trabalhos manuais, decora\u00e7\u00e3o, enfeites de Natal, Festas infantis e Tematicas\" \/>\n<meta property=\"og:url\" content=\"https:\/\/divertarte.com\/index.php\/produto\/bola-40-oca-und\/\" \/>\n<meta property=\"article:modified_time\" content=\"2025-12-23T09:35:29+00:00\" \/>\n<meta property=\"og:image\" content=\"https:\/\/divertarte.com\/wp-content\/uploads\/2018\/06\/bola-esferovite-40cm.jpg\" \/>\n\t<meta property=\"og:image:width\" content=\"300\" \/>\n\t<meta property=\"og:image:height\" content=\"301\" \/>\n\t<meta property=\"og:image:type\" content=\"image\/jpeg\" \/>\n<meta name=\"twitter:card\" content=\"summary_large_image\" \/>\n<script type=\"application\/ld+json\" class=\"yoast-schema-graph\">{\"@context\":\"https:\\\/\\\/schema.org\",\"@graph\":[{\"@type\":\"WebPage\",\"@id\":\"https:\\\/\\\/divertarte.com\\\/index.php\\\/produto\\\/bola-40-oca-und\\\/\",\"url\":\"https:\\\/\\\/divertarte.com\\\/index.php\\\/produto\\\/bola-40-oca-und\\\/\",\"name\":\"Bola Esferovite 40cm Oca - unidade - enfeites de natal, decora\u00e7\u00e3o\",\"isPartOf\":{\"@id\":\"https:\\\/\\\/divertarte.com\\\/#website\"},\"primaryImageOfPage\":{\"@id\":\"https:\\\/\\\/divertarte.com\\\/index.php\\\/produto\\\/bola-40-oca-und\\\/#primaryimage\"},\"image\":{\"@id\":\"https:\\\/\\\/divertarte.com\\\/index.php\\\/produto\\\/bola-40-oca-und\\\/#primaryimage\"},\"thumbnailUrl\":\"https:\\\/\\\/divertarte.com\\\/wp-content\\\/uploads\\\/2018\\\/06\\\/bola-esferovite-40cm.jpg\",\"datePublished\":\"2018-06-07T13:01:33+00:00\",\"dateModified\":\"2025-12-23T09:35:29+00:00\",\"description\":\"Bola Esferovite 40cm Oca 2 metades com encaixe. Pode pintar e fazer colagens, trabalhos manuais, decora\u00e7\u00e3o, enfeites de Natal, Festas infantis e Tematicas\",\"breadcrumb\":{\"@id\":\"https:\\\/\\\/divertarte.com\\\/index.php\\\/produto\\\/bola-40-oca-und\\\/#breadcrumb\"},\"inLanguage\":\"pt-PT\",\"potentialAction\":[{\"@type\":\"ReadAction\",\"target\":[\"https:\\\/\\\/divertarte.com\\\/index.php\\\/produto\\\/bola-40-oca-und\\\/\"]}]},{\"@type\":\"ImageObject\",\"inLanguage\":\"pt-PT\",\"@id\":\"https:\\\/\\\/divertarte.com\\\/index.php\\\/produto\\\/bola-40-oca-und\\\/#primaryimage\",\"url\":\"https:\\\/\\\/divertarte.com\\\/wp-content\\\/uploads\\\/2018\\\/06\\\/bola-esferovite-40cm.jpg\",\"contentUrl\":\"https:\\\/\\\/divertarte.com\\\/wp-content\\\/uploads\\\/2018\\\/06\\\/bola-esferovite-40cm.jpg\",\"width\":300,\"height\":301},{\"@type\":\"BreadcrumbList\",\"@id\":\"https:\\\/\\\/divertarte.com\\\/index.php\\\/produto\\\/bola-40-oca-und\\\/#breadcrumb\",\"itemListElement\":[{\"@type\":\"ListItem\",\"position\":1,\"name\":\"In\u00edcio\",\"item\":\"https:\\\/\\\/divertarte.com\\\/\"},{\"@type\":\"ListItem\",\"position\":2,\"name\":\"Loja\",\"item\":\"https:\\\/\\\/divertarte.com\\\/index.php\\\/divertarte-produtos\\\/\"},{\"@type\":\"ListItem\",\"position\":3,\"name\":\"Bola Esferovite 40cm Oca &#8211; unidade\"}]},{\"@type\":\"WebSite\",\"@id\":\"https:\\\/\\\/divertarte.com\\\/#website\",\"url\":\"https:\\\/\\\/divertarte.com\\\/\",\"name\":\"Divertarte\",\"description\":\"\",\"publisher\":{\"@id\":\"https:\\\/\\\/divertarte.com\\\/#organization\"},\"potentialAction\":[{\"@type\":\"SearchAction\",\"target\":{\"@type\":\"EntryPoint\",\"urlTemplate\":\"https:\\\/\\\/divertarte.com\\\/?s={search_term_string}\"},\"query-input\":{\"@type\":\"PropertyValueSpecification\",\"valueRequired\":true,\"valueName\":\"search_term_string\"}}],\"inLanguage\":\"pt-PT\"},{\"@type\":\"Organization\",\"@id\":\"https:\\\/\\\/divertarte.com\\\/#organization\",\"name\":\"Divertarte\",\"url\":\"https:\\\/\\\/divertarte.com\\\/\",\"logo\":{\"@type\":\"ImageObject\",\"inLanguage\":\"pt-PT\",\"@id\":\"https:\\\/\\\/divertarte.com\\\/#\\\/schema\\\/logo\\\/image\\\/\",\"url\":\"https:\\\/\\\/divertarte.com\\\/wp-content\\\/uploads\\\/2018\\\/07\\\/logo-div.jpg\",\"contentUrl\":\"https:\\\/\\\/divertarte.com\\\/wp-content\\\/uploads\\\/2018\\\/07\\\/logo-div.jpg\",\"width\":295,\"height\":123,\"caption\":\"Divertarte\"},\"image\":{\"@id\":\"https:\\\/\\\/divertarte.com\\\/#\\\/schema\\\/logo\\\/image\\\/\"}}]}<\/script>\n<!-- \/ Yoast SEO plugin. -->","yoast_head_json":{"title":"Bola Esferovite 40cm Oca - unidade - enfeites de natal, decora\u00e7\u00e3o","description":"Bola Esferovite 40cm Oca 2 metades com encaixe. Pode pintar e fazer colagens, trabalhos manuais, decora\u00e7\u00e3o, enfeites de Natal, Festas infantis e Tematicas","robots":{"index":"index","follow":"follow","max-snippet":"max-snippet:-1","max-image-preview":"max-image-preview:large","max-video-preview":"max-video-preview:-1"},"canonical":"https:\/\/divertarte.com\/index.php\/produto\/bola-40-oca-und\/","og_locale":"pt_PT","og_type":"article","og_title":"Bola Esferovite 40cm Oca - unidade - enfeites de natal, decora\u00e7\u00e3o","og_description":"Bola Esferovite 40cm Oca 2 metades com encaixe. Pode pintar e fazer colagens, trabalhos manuais, decora\u00e7\u00e3o, enfeites de Natal, Festas infantis e Tematicas","og_url":"https:\/\/divertarte.com\/index.php\/produto\/bola-40-oca-und\/","article_modified_time":"2025-12-23T09:35:29+00:00","og_image":[{"width":300,"height":301,"url":"https:\/\/divertarte.com\/wp-content\/uploads\/2018\/06\/bola-esferovite-40cm.jpg","type":"image\/jpeg"}],"twitter_card":"summary_large_image","schema":{"@context":"https:\/\/schema.org","@graph":[{"@type":"WebPage","@id":"https:\/\/divertarte.com\/index.php\/produto\/bola-40-oca-und\/","url":"https:\/\/divertarte.com\/index.php\/produto\/bola-40-oca-und\/","name":"Bola Esferovite 40cm Oca - unidade - enfeites de natal, decora\u00e7\u00e3o","isPartOf":{"@id":"https:\/\/divertarte.com\/#website"},"primaryImageOfPage":{"@id":"https:\/\/divertarte.com\/index.php\/produto\/bola-40-oca-und\/#primaryimage"},"image":{"@id":"https:\/\/divertarte.com\/index.php\/produto\/bola-40-oca-und\/#primaryimage"},"thumbnailUrl":"https:\/\/divertarte.com\/wp-content\/uploads\/2018\/06\/bola-esferovite-40cm.jpg","datePublished":"2018-06-07T13:01:33+00:00","dateModified":"2025-12-23T09:35:29+00:00","description":"Bola Esferovite 40cm Oca 2 metades com encaixe. Pode pintar e fazer colagens, trabalhos manuais, decora\u00e7\u00e3o, enfeites de Natal, Festas infantis e Tematicas","breadcrumb":{"@id":"https:\/\/divertarte.com\/index.php\/produto\/bola-40-oca-und\/#breadcrumb"},"inLanguage":"pt-PT","potentialAction":[{"@type":"ReadAction","target":["https:\/\/divertarte.com\/index.php\/produto\/bola-40-oca-und\/"]}]},{"@type":"ImageObject","inLanguage":"pt-PT","@id":"https:\/\/divertarte.com\/index.php\/produto\/bola-40-oca-und\/#primaryimage","url":"https:\/\/divertarte.com\/wp-content\/uploads\/2018\/06\/bola-esferovite-40cm.jpg","contentUrl":"https:\/\/divertarte.com\/wp-content\/uploads\/2018\/06\/bola-esferovite-40cm.jpg","width":300,"height":301},{"@type":"BreadcrumbList","@id":"https:\/\/divertarte.com\/index.php\/produto\/bola-40-oca-und\/#breadcrumb","itemListElement":[{"@type":"ListItem","position":1,"name":"In\u00edcio","item":"https:\/\/divertarte.com\/"},{"@type":"ListItem","position":2,"name":"Loja","item":"https:\/\/divertarte.com\/index.php\/divertarte-produtos\/"},{"@type":"ListItem","position":3,"name":"Bola Esferovite 40cm Oca &#8211; unidade"}]},{"@type":"WebSite","@id":"https:\/\/divertarte.com\/#website","url":"https:\/\/divertarte.com\/","name":"Divertarte","description":"","publisher":{"@id":"https:\/\/divertarte.com\/#organization"},"potentialAction":[{"@type":"SearchAction","target":{"@type":"EntryPoint","urlTemplate":"https:\/\/divertarte.com\/?s={search_term_string}"},"query-input":{"@type":"PropertyValueSpecification","valueRequired":true,"valueName":"search_term_string"}}],"inLanguage":"pt-PT"},{"@type":"Organization","@id":"https:\/\/divertarte.com\/#organization","name":"Divertarte","url":"https:\/\/divertarte.com\/","logo":{"@type":"ImageObject","inLanguage":"pt-PT","@id":"https:\/\/divertarte.com\/#\/schema\/logo\/image\/","url":"https:\/\/divertarte.com\/wp-content\/uploads\/2018\/07\/logo-div.jpg","contentUrl":"https:\/\/divertarte.com\/wp-content\/uploads\/2018\/07\/logo-div.jpg","width":295,"height":123,"caption":"Divertarte"},"image":{"@id":"https:\/\/divertarte.com\/#\/schema\/logo\/image\/"}}]}},"_links":{"self":[{"href":"https:\/\/divertarte.com\/index.php\/wp-json\/wp\/v2\/product\/3634","targetHints":{"allow":["GET"]}}],"collection":[{"href":"https:\/\/divertarte.com\/index.php\/wp-json\/wp\/v2\/product"}],"about":[{"href":"https:\/\/divertarte.com\/index.php\/wp-json\/wp\/v2\/types\/product"}],"replies":[{"embeddable":true,"href":"https:\/\/divertarte.com\/index.php\/wp-json\/wp\/v2\/comments?post=3634"}],"wp:featuredmedia":[{"embeddable":true,"href":"https:\/\/divertarte.com\/index.php\/wp-json\/wp\/v2\/media\/15972"}],"wp:attachment":[{"href":"https:\/\/divertarte.com\/index.php\/wp-json\/wp\/v2\/media?parent=3634"}],"wp:term":[{"taxonomy":"product_brand","embeddable":true,"href":"https:\/\/divertarte.com\/index.php\/wp-json\/wp\/v2\/product_brand?post=3634"},{"taxonomy":"product_cat","embeddable":true,"href":"https:\/\/divertarte.com\/index.php\/wp-json\/wp\/v2\/product_cat?post=3634"},{"taxonomy":"product_tag","embeddable":true,"href":"https:\/\/divertarte.com\/index.php\/wp-json\/wp\/v2\/product_tag?post=3634"}],"curies":[{"name":"wp","href":"https:\/\/api.w.org\/{rel}","templated":true}]}}