{"id":3622,"date":"2018-06-07T14:04:58","date_gmt":"2018-06-07T13:04:58","guid":{"rendered":"https:\/\/divertarte.com\/index.php\/produto\/dioxido-de-titanio\/"},"modified":"2025-11-06T14:04:57","modified_gmt":"2025-11-06T14:04:57","slug":"dioxido-de-titanio","status":"publish","type":"product","link":"https:\/\/divertarte.com\/index.php\/produto\/dioxido-de-titanio\/","title":{"rendered":"DIOXIDO DE TITANIO"},"content":{"rendered":"<p>DI\u00d3XIDO DE TIT\u00c2NIO &#8211; (TiO2) &#8211; 500 g e 1 KG &#8211; (BRANCO DE TIT\u00c2NIO) \u00c9 um p\u00f3 branco, seco e finamente pulverizado, de constitui\u00e7\u00e3o inorg\u00e2nica, quimicamente inerte e termicamente est\u00e1vel, inodoro e insol\u00favel em \u00e1gua. &#8212; \u00c9 um dos mais importantes pigmentos brancos produzidos e muito utilizado em diversos campos, como na INDUSTRIA DE COSM\u00c9TICOS, ALIMENTOS e BIOTECNOLOGIA, mas principalmente na INDUSTRIA DE TINTAS por possuir grande capacidade de opacificar e branquear o meio em que est\u00e1 disperso e alto poder de reflect\u00e2ncia , elementos que contribuem para a resist\u00eancia ao calor e baixo \u00edndice de descolora\u00e7\u00e3o por raios ultra-violeta e muita durabilidade frente as intemp\u00e9ries; qualidades fundamentais em tintas para exteriores, por exemplo.<\/p>\n","protected":false},"excerpt":{"rendered":"<p>DI\u00d3XIDO DE TIT\u00c2NIO &#8211; (TiO2) &#8211; (BRANCO DE TIT\u00c2NIO) \u00c9 um p\u00f3 branco, seco e finamente pulverizado, de constitui\u00e7\u00e3o inorg\u00e2nica, quimicamente inerte e termicamente est\u00e1vel, inodoro e insol\u00favel em \u00e1gua. &#8212; \u00c9 um dos mais importantes pigmentos brancos produzidos e muito utilizado em diversos campos, como na INDUSTRIA DE COSM\u00c9TICOS, ALIMENTOS e BIOTECNOLOGIA, mas principalmente na INDUSTRIA DE TINTAS por possuir grande capacidade de opacificar e branquear o meio em que est\u00e1 disperso e alto poder de reflect\u00e2ncia , elementos que contribuem para a resist\u00eancia ao calor e baixo \u00edndice de descolora\u00e7\u00e3o por raios ultra-violeta e muita durabilidade frente as intemp\u00e9ries; qualidades fundamentais em tintas para exteriores, por exemplo. Escolha a embalagem<\/p>\n","protected":false},"featured_media":7249,"comment_status":"closed","ping_status":"closed","template":"","meta":{"_exactmetrics_skip_tracking":false,"_exactmetrics_sitenote_active":false,"_exactmetrics_sitenote_note":"","_exactmetrics_sitenote_category":0},"product_brand":[],"product_cat":[381,38,15],"product_tag":[],"class_list":{"0":"post-3622","1":"product","2":"type-product","3":"status-publish","4":"has-post-thumbnail","6":"product_cat-materiais-para-sabonetes","7":"product_cat-tintas-vernizes-e-complementos","8":"product_cat-ver-todos-os-produtos","10":"first","11":"instock","12":"taxable","13":"shipping-taxable","14":"purchasable","15":"product-type-variable"},"yoast_head":"<!-- This site is optimized with the Yoast SEO plugin v27.5 - https:\/\/yoast.com\/product\/yoast-seo-wordpress\/ -->\n<title>DIOXIDO DE TITANIO -<\/title>\n<meta name=\"description\" content=\"DI\u00d3XIDO DE TIT\u00c2NIO - (TiO2) (BRANCO DE TIT\u00c2NIO) \u00c9 um p\u00f3 branco, seco e finamente pulverizado, de constitui\u00e7\u00e3o inorg\u00e2nica, quimicamente inerte e termicamente est\u00e1vel, inodoro e insol\u00favel em \u00e1gua\" \/>\n<meta name=\"robots\" content=\"index, follow, max-snippet:-1, max-image-preview:large, max-video-preview:-1\" \/>\n<link rel=\"canonical\" href=\"https:\/\/divertarte.com\/index.php\/produto\/dioxido-de-titanio\/\" \/>\n<meta property=\"og:locale\" content=\"pt_PT\" \/>\n<meta property=\"og:type\" content=\"article\" \/>\n<meta property=\"og:title\" content=\"DIOXIDO DE TITANIO -\" \/>\n<meta property=\"og:description\" content=\"DI\u00d3XIDO DE TIT\u00c2NIO - (TiO2) (BRANCO DE TIT\u00c2NIO) \u00c9 um p\u00f3 branco, seco e finamente pulverizado, de constitui\u00e7\u00e3o inorg\u00e2nica, quimicamente inerte e termicamente est\u00e1vel, inodoro e insol\u00favel em \u00e1gua\" \/>\n<meta property=\"og:url\" content=\"https:\/\/divertarte.com\/index.php\/produto\/dioxido-de-titanio\/\" \/>\n<meta property=\"article:modified_time\" content=\"2025-11-06T14:04:57+00:00\" \/>\n<meta property=\"og:image\" content=\"https:\/\/divertarte.com\/wp-content\/uploads\/2018\/05\/dioxido-de-titanio.jpg\" \/>\n\t<meta property=\"og:image:width\" content=\"558\" \/>\n\t<meta property=\"og:image:height\" content=\"558\" \/>\n\t<meta property=\"og:image:type\" content=\"image\/jpeg\" \/>\n<meta name=\"twitter:card\" content=\"summary_large_image\" \/>\n<meta name=\"twitter:label1\" content=\"Tempo estimado de leitura\" \/>\n\t<meta name=\"twitter:data1\" content=\"1 minuto\" \/>\n<script type=\"application\/ld+json\" class=\"yoast-schema-graph\">{\"@context\":\"https:\\\/\\\/schema.org\",\"@graph\":[{\"@type\":\"WebPage\",\"@id\":\"https:\\\/\\\/divertarte.com\\\/index.php\\\/produto\\\/dioxido-de-titanio\\\/\",\"url\":\"https:\\\/\\\/divertarte.com\\\/index.php\\\/produto\\\/dioxido-de-titanio\\\/\",\"name\":\"DIOXIDO DE TITANIO -\",\"isPartOf\":{\"@id\":\"https:\\\/\\\/divertarte.com\\\/#website\"},\"primaryImageOfPage\":{\"@id\":\"https:\\\/\\\/divertarte.com\\\/index.php\\\/produto\\\/dioxido-de-titanio\\\/#primaryimage\"},\"image\":{\"@id\":\"https:\\\/\\\/divertarte.com\\\/index.php\\\/produto\\\/dioxido-de-titanio\\\/#primaryimage\"},\"thumbnailUrl\":\"https:\\\/\\\/divertarte.com\\\/wp-content\\\/uploads\\\/2018\\\/05\\\/dioxido-de-titanio.jpg\",\"datePublished\":\"2018-06-07T13:04:58+00:00\",\"dateModified\":\"2025-11-06T14:04:57+00:00\",\"description\":\"DI\u00d3XIDO DE TIT\u00c2NIO - (TiO2) (BRANCO DE TIT\u00c2NIO) \u00c9 um p\u00f3 branco, seco e finamente pulverizado, de constitui\u00e7\u00e3o inorg\u00e2nica, quimicamente inerte e termicamente est\u00e1vel, inodoro e insol\u00favel em \u00e1gua\",\"breadcrumb\":{\"@id\":\"https:\\\/\\\/divertarte.com\\\/index.php\\\/produto\\\/dioxido-de-titanio\\\/#breadcrumb\"},\"inLanguage\":\"pt-PT\",\"potentialAction\":[{\"@type\":\"ReadAction\",\"target\":[\"https:\\\/\\\/divertarte.com\\\/index.php\\\/produto\\\/dioxido-de-titanio\\\/\"]}]},{\"@type\":\"ImageObject\",\"inLanguage\":\"pt-PT\",\"@id\":\"https:\\\/\\\/divertarte.com\\\/index.php\\\/produto\\\/dioxido-de-titanio\\\/#primaryimage\",\"url\":\"https:\\\/\\\/divertarte.com\\\/wp-content\\\/uploads\\\/2018\\\/05\\\/dioxido-de-titanio.jpg\",\"contentUrl\":\"https:\\\/\\\/divertarte.com\\\/wp-content\\\/uploads\\\/2018\\\/05\\\/dioxido-de-titanio.jpg\",\"width\":558,\"height\":558},{\"@type\":\"BreadcrumbList\",\"@id\":\"https:\\\/\\\/divertarte.com\\\/index.php\\\/produto\\\/dioxido-de-titanio\\\/#breadcrumb\",\"itemListElement\":[{\"@type\":\"ListItem\",\"position\":1,\"name\":\"In\u00edcio\",\"item\":\"https:\\\/\\\/divertarte.com\\\/\"},{\"@type\":\"ListItem\",\"position\":2,\"name\":\"Loja\",\"item\":\"https:\\\/\\\/divertarte.com\\\/index.php\\\/divertarte-produtos\\\/\"},{\"@type\":\"ListItem\",\"position\":3,\"name\":\"DIOXIDO DE TITANIO\"}]},{\"@type\":\"WebSite\",\"@id\":\"https:\\\/\\\/divertarte.com\\\/#website\",\"url\":\"https:\\\/\\\/divertarte.com\\\/\",\"name\":\"Divertarte\",\"description\":\"\",\"publisher\":{\"@id\":\"https:\\\/\\\/divertarte.com\\\/#organization\"},\"potentialAction\":[{\"@type\":\"SearchAction\",\"target\":{\"@type\":\"EntryPoint\",\"urlTemplate\":\"https:\\\/\\\/divertarte.com\\\/?s={search_term_string}\"},\"query-input\":{\"@type\":\"PropertyValueSpecification\",\"valueRequired\":true,\"valueName\":\"search_term_string\"}}],\"inLanguage\":\"pt-PT\"},{\"@type\":\"Organization\",\"@id\":\"https:\\\/\\\/divertarte.com\\\/#organization\",\"name\":\"Divertarte\",\"url\":\"https:\\\/\\\/divertarte.com\\\/\",\"logo\":{\"@type\":\"ImageObject\",\"inLanguage\":\"pt-PT\",\"@id\":\"https:\\\/\\\/divertarte.com\\\/#\\\/schema\\\/logo\\\/image\\\/\",\"url\":\"https:\\\/\\\/divertarte.com\\\/wp-content\\\/uploads\\\/2018\\\/07\\\/logo-div.jpg\",\"contentUrl\":\"https:\\\/\\\/divertarte.com\\\/wp-content\\\/uploads\\\/2018\\\/07\\\/logo-div.jpg\",\"width\":295,\"height\":123,\"caption\":\"Divertarte\"},\"image\":{\"@id\":\"https:\\\/\\\/divertarte.com\\\/#\\\/schema\\\/logo\\\/image\\\/\"}}]}<\/script>\n<!-- \/ Yoast SEO plugin. -->","yoast_head_json":{"title":"DIOXIDO DE TITANIO -","description":"DI\u00d3XIDO DE TIT\u00c2NIO - (TiO2) (BRANCO DE TIT\u00c2NIO) \u00c9 um p\u00f3 branco, seco e finamente pulverizado, de constitui\u00e7\u00e3o inorg\u00e2nica, quimicamente inerte e termicamente est\u00e1vel, inodoro e insol\u00favel em \u00e1gua","robots":{"index":"index","follow":"follow","max-snippet":"max-snippet:-1","max-image-preview":"max-image-preview:large","max-video-preview":"max-video-preview:-1"},"canonical":"https:\/\/divertarte.com\/index.php\/produto\/dioxido-de-titanio\/","og_locale":"pt_PT","og_type":"article","og_title":"DIOXIDO DE TITANIO -","og_description":"DI\u00d3XIDO DE TIT\u00c2NIO - (TiO2) (BRANCO DE TIT\u00c2NIO) \u00c9 um p\u00f3 branco, seco e finamente pulverizado, de constitui\u00e7\u00e3o inorg\u00e2nica, quimicamente inerte e termicamente est\u00e1vel, inodoro e insol\u00favel em \u00e1gua","og_url":"https:\/\/divertarte.com\/index.php\/produto\/dioxido-de-titanio\/","article_modified_time":"2025-11-06T14:04:57+00:00","og_image":[{"width":558,"height":558,"url":"https:\/\/divertarte.com\/wp-content\/uploads\/2018\/05\/dioxido-de-titanio.jpg","type":"image\/jpeg"}],"twitter_card":"summary_large_image","twitter_misc":{"Tempo estimado de leitura":"1 minuto"},"schema":{"@context":"https:\/\/schema.org","@graph":[{"@type":"WebPage","@id":"https:\/\/divertarte.com\/index.php\/produto\/dioxido-de-titanio\/","url":"https:\/\/divertarte.com\/index.php\/produto\/dioxido-de-titanio\/","name":"DIOXIDO DE TITANIO -","isPartOf":{"@id":"https:\/\/divertarte.com\/#website"},"primaryImageOfPage":{"@id":"https:\/\/divertarte.com\/index.php\/produto\/dioxido-de-titanio\/#primaryimage"},"image":{"@id":"https:\/\/divertarte.com\/index.php\/produto\/dioxido-de-titanio\/#primaryimage"},"thumbnailUrl":"https:\/\/divertarte.com\/wp-content\/uploads\/2018\/05\/dioxido-de-titanio.jpg","datePublished":"2018-06-07T13:04:58+00:00","dateModified":"2025-11-06T14:04:57+00:00","description":"DI\u00d3XIDO DE TIT\u00c2NIO - (TiO2) (BRANCO DE TIT\u00c2NIO) \u00c9 um p\u00f3 branco, seco e finamente pulverizado, de constitui\u00e7\u00e3o inorg\u00e2nica, quimicamente inerte e termicamente est\u00e1vel, inodoro e insol\u00favel em \u00e1gua","breadcrumb":{"@id":"https:\/\/divertarte.com\/index.php\/produto\/dioxido-de-titanio\/#breadcrumb"},"inLanguage":"pt-PT","potentialAction":[{"@type":"ReadAction","target":["https:\/\/divertarte.com\/index.php\/produto\/dioxido-de-titanio\/"]}]},{"@type":"ImageObject","inLanguage":"pt-PT","@id":"https:\/\/divertarte.com\/index.php\/produto\/dioxido-de-titanio\/#primaryimage","url":"https:\/\/divertarte.com\/wp-content\/uploads\/2018\/05\/dioxido-de-titanio.jpg","contentUrl":"https:\/\/divertarte.com\/wp-content\/uploads\/2018\/05\/dioxido-de-titanio.jpg","width":558,"height":558},{"@type":"BreadcrumbList","@id":"https:\/\/divertarte.com\/index.php\/produto\/dioxido-de-titanio\/#breadcrumb","itemListElement":[{"@type":"ListItem","position":1,"name":"In\u00edcio","item":"https:\/\/divertarte.com\/"},{"@type":"ListItem","position":2,"name":"Loja","item":"https:\/\/divertarte.com\/index.php\/divertarte-produtos\/"},{"@type":"ListItem","position":3,"name":"DIOXIDO DE TITANIO"}]},{"@type":"WebSite","@id":"https:\/\/divertarte.com\/#website","url":"https:\/\/divertarte.com\/","name":"Divertarte","description":"","publisher":{"@id":"https:\/\/divertarte.com\/#organization"},"potentialAction":[{"@type":"SearchAction","target":{"@type":"EntryPoint","urlTemplate":"https:\/\/divertarte.com\/?s={search_term_string}"},"query-input":{"@type":"PropertyValueSpecification","valueRequired":true,"valueName":"search_term_string"}}],"inLanguage":"pt-PT"},{"@type":"Organization","@id":"https:\/\/divertarte.com\/#organization","name":"Divertarte","url":"https:\/\/divertarte.com\/","logo":{"@type":"ImageObject","inLanguage":"pt-PT","@id":"https:\/\/divertarte.com\/#\/schema\/logo\/image\/","url":"https:\/\/divertarte.com\/wp-content\/uploads\/2018\/07\/logo-div.jpg","contentUrl":"https:\/\/divertarte.com\/wp-content\/uploads\/2018\/07\/logo-div.jpg","width":295,"height":123,"caption":"Divertarte"},"image":{"@id":"https:\/\/divertarte.com\/#\/schema\/logo\/image\/"}}]}},"_links":{"self":[{"href":"https:\/\/divertarte.com\/index.php\/wp-json\/wp\/v2\/product\/3622","targetHints":{"allow":["GET"]}}],"collection":[{"href":"https:\/\/divertarte.com\/index.php\/wp-json\/wp\/v2\/product"}],"about":[{"href":"https:\/\/divertarte.com\/index.php\/wp-json\/wp\/v2\/types\/product"}],"replies":[{"embeddable":true,"href":"https:\/\/divertarte.com\/index.php\/wp-json\/wp\/v2\/comments?post=3622"}],"wp:featuredmedia":[{"embeddable":true,"href":"https:\/\/divertarte.com\/index.php\/wp-json\/wp\/v2\/media\/7249"}],"wp:attachment":[{"href":"https:\/\/divertarte.com\/index.php\/wp-json\/wp\/v2\/media?parent=3622"}],"wp:term":[{"taxonomy":"product_brand","embeddable":true,"href":"https:\/\/divertarte.com\/index.php\/wp-json\/wp\/v2\/product_brand?post=3622"},{"taxonomy":"product_cat","embeddable":true,"href":"https:\/\/divertarte.com\/index.php\/wp-json\/wp\/v2\/product_cat?post=3622"},{"taxonomy":"product_tag","embeddable":true,"href":"https:\/\/divertarte.com\/index.php\/wp-json\/wp\/v2\/product_tag?post=3622"}],"curies":[{"name":"wp","href":"https:\/\/api.w.org\/{rel}","templated":true}]}}