{"id":3557,"date":"2018-06-07T14:10:38","date_gmt":"2018-06-07T13:10:38","guid":{"rendered":"https:\/\/divertarte.com\/index.php\/produto\/saq-10x15-100\/"},"modified":"2025-11-06T13:51:10","modified_gmt":"2025-11-06T13:51:10","slug":"sacos-celofane-10x15-100-unidades","status":"publish","type":"product","link":"https:\/\/divertarte.com\/index.php\/produto\/sacos-celofane-10x15-100-unidades\/","title":{"rendered":"Sacos celofane 10X15 cm &#8211; 100 unidades"},"content":{"rendered":"<p>Saquinhos de celofane 10&#215;15 cm com fecho autocolante. Pac de aproximadamente 100 unidades. Sacos de celofane. Ideal para embalar pequenas pe\u00e7as soltas de bijutaria, bijuteria, biscuit, pedras, p\u00e9rolas, conchas, aplica\u00e7\u00f5es, doces, rebu\u00e7ados, bombons, bricolage, pregos, parafusos, imans, artigos escolares, clips, pinos, l\u00e1pis de cera.<\/p>\n","protected":false},"excerpt":{"rendered":"<p>Saquinhos de celofane com fecho autocolante. Pac de aproximadamente 100 unidades. Sacos de celofane. Ideal para embalar pequenas pe\u00e7as soltas de bijutaria, bijuteria, biscuit, pedras, p\u00e9rolas, conchas, aplica\u00e7\u00f5es, doces, rebu\u00e7ados, bombons, bricolage, pregos, parafusos, imans, artigos escolares, clips, pinos, l\u00e1pis de cera.<\/p>\n","protected":false},"featured_media":7191,"comment_status":"closed","ping_status":"closed","template":"","meta":{"_exactmetrics_skip_tracking":false,"_exactmetrics_sitenote_active":false,"_exactmetrics_sitenote_note":"","_exactmetrics_sitenote_category":0},"product_brand":[],"product_cat":[405],"product_tag":[],"class_list":{"0":"post-3557","1":"product","2":"type-product","3":"status-publish","4":"has-post-thumbnail","6":"product_cat-sacos-celofane","8":"first","9":"instock","10":"taxable","11":"shipping-taxable","12":"purchasable","13":"product-type-simple"},"yoast_head":"<!-- This site is optimized with the Yoast SEO plugin v27.4 - https:\/\/yoast.com\/product\/yoast-seo-wordpress\/ -->\n<title>Sacos celofane 10X15 cm - 100 unidades -<\/title>\n<meta name=\"robots\" content=\"index, follow, max-snippet:-1, max-image-preview:large, max-video-preview:-1\" \/>\n<link rel=\"canonical\" href=\"https:\/\/divertarte.com\/index.php\/produto\/sacos-celofane-10x15-100-unidades\/\" \/>\n<meta property=\"og:locale\" content=\"pt_PT\" \/>\n<meta property=\"og:type\" content=\"article\" \/>\n<meta property=\"og:title\" content=\"Sacos celofane 10X15 cm - 100 unidades -\" \/>\n<meta property=\"og:description\" content=\"Saquinhos de celofane com fecho autocolante. Pac de aproximadamente 100 unidades. Sacos de celofane. Ideal para embalar pequenas pe\u00e7as soltas de bijutaria, bijuteria, biscuit, pedras, p\u00e9rolas, conchas, aplica\u00e7\u00f5es, doces, rebu\u00e7ados, bombons, bricolage, pregos, parafusos, imans, artigos escolares, clips, pinos, l\u00e1pis de cera.\" \/>\n<meta property=\"og:url\" content=\"https:\/\/divertarte.com\/index.php\/produto\/sacos-celofane-10x15-100-unidades\/\" \/>\n<meta property=\"article:modified_time\" content=\"2025-11-06T13:51:10+00:00\" \/>\n<meta property=\"og:image\" content=\"https:\/\/divertarte.com\/wp-content\/uploads\/2018\/05\/Saq_bopp10X15_1.jpg\" \/>\n\t<meta property=\"og:image:width\" content=\"549\" \/>\n\t<meta property=\"og:image:height\" content=\"558\" \/>\n\t<meta property=\"og:image:type\" content=\"image\/jpeg\" \/>\n<meta name=\"twitter:card\" content=\"summary_large_image\" \/>\n<script type=\"application\/ld+json\" class=\"yoast-schema-graph\">{\"@context\":\"https:\\\/\\\/schema.org\",\"@graph\":[{\"@type\":\"WebPage\",\"@id\":\"https:\\\/\\\/divertarte.com\\\/index.php\\\/produto\\\/sacos-celofane-10x15-100-unidades\\\/\",\"url\":\"https:\\\/\\\/divertarte.com\\\/index.php\\\/produto\\\/sacos-celofane-10x15-100-unidades\\\/\",\"name\":\"Sacos celofane 10X15 cm - 100 unidades -\",\"isPartOf\":{\"@id\":\"https:\\\/\\\/divertarte.com\\\/#website\"},\"primaryImageOfPage\":{\"@id\":\"https:\\\/\\\/divertarte.com\\\/index.php\\\/produto\\\/sacos-celofane-10x15-100-unidades\\\/#primaryimage\"},\"image\":{\"@id\":\"https:\\\/\\\/divertarte.com\\\/index.php\\\/produto\\\/sacos-celofane-10x15-100-unidades\\\/#primaryimage\"},\"thumbnailUrl\":\"https:\\\/\\\/divertarte.com\\\/wp-content\\\/uploads\\\/2018\\\/05\\\/Saq_bopp10X15_1.jpg\",\"datePublished\":\"2018-06-07T13:10:38+00:00\",\"dateModified\":\"2025-11-06T13:51:10+00:00\",\"breadcrumb\":{\"@id\":\"https:\\\/\\\/divertarte.com\\\/index.php\\\/produto\\\/sacos-celofane-10x15-100-unidades\\\/#breadcrumb\"},\"inLanguage\":\"pt-PT\",\"potentialAction\":[{\"@type\":\"ReadAction\",\"target\":[\"https:\\\/\\\/divertarte.com\\\/index.php\\\/produto\\\/sacos-celofane-10x15-100-unidades\\\/\"]}]},{\"@type\":\"ImageObject\",\"inLanguage\":\"pt-PT\",\"@id\":\"https:\\\/\\\/divertarte.com\\\/index.php\\\/produto\\\/sacos-celofane-10x15-100-unidades\\\/#primaryimage\",\"url\":\"https:\\\/\\\/divertarte.com\\\/wp-content\\\/uploads\\\/2018\\\/05\\\/Saq_bopp10X15_1.jpg\",\"contentUrl\":\"https:\\\/\\\/divertarte.com\\\/wp-content\\\/uploads\\\/2018\\\/05\\\/Saq_bopp10X15_1.jpg\",\"width\":549,\"height\":558},{\"@type\":\"BreadcrumbList\",\"@id\":\"https:\\\/\\\/divertarte.com\\\/index.php\\\/produto\\\/sacos-celofane-10x15-100-unidades\\\/#breadcrumb\",\"itemListElement\":[{\"@type\":\"ListItem\",\"position\":1,\"name\":\"In\u00edcio\",\"item\":\"https:\\\/\\\/divertarte.com\\\/\"},{\"@type\":\"ListItem\",\"position\":2,\"name\":\"Loja\",\"item\":\"https:\\\/\\\/divertarte.com\\\/index.php\\\/divertarte-produtos\\\/\"},{\"@type\":\"ListItem\",\"position\":3,\"name\":\"Sacos celofane 10X15 cm &#8211; 100 unidades\"}]},{\"@type\":\"WebSite\",\"@id\":\"https:\\\/\\\/divertarte.com\\\/#website\",\"url\":\"https:\\\/\\\/divertarte.com\\\/\",\"name\":\"Divertarte\",\"description\":\"\",\"publisher\":{\"@id\":\"https:\\\/\\\/divertarte.com\\\/#organization\"},\"potentialAction\":[{\"@type\":\"SearchAction\",\"target\":{\"@type\":\"EntryPoint\",\"urlTemplate\":\"https:\\\/\\\/divertarte.com\\\/?s={search_term_string}\"},\"query-input\":{\"@type\":\"PropertyValueSpecification\",\"valueRequired\":true,\"valueName\":\"search_term_string\"}}],\"inLanguage\":\"pt-PT\"},{\"@type\":\"Organization\",\"@id\":\"https:\\\/\\\/divertarte.com\\\/#organization\",\"name\":\"Divertarte\",\"url\":\"https:\\\/\\\/divertarte.com\\\/\",\"logo\":{\"@type\":\"ImageObject\",\"inLanguage\":\"pt-PT\",\"@id\":\"https:\\\/\\\/divertarte.com\\\/#\\\/schema\\\/logo\\\/image\\\/\",\"url\":\"https:\\\/\\\/divertarte.com\\\/wp-content\\\/uploads\\\/2018\\\/07\\\/logo-div.jpg\",\"contentUrl\":\"https:\\\/\\\/divertarte.com\\\/wp-content\\\/uploads\\\/2018\\\/07\\\/logo-div.jpg\",\"width\":295,\"height\":123,\"caption\":\"Divertarte\"},\"image\":{\"@id\":\"https:\\\/\\\/divertarte.com\\\/#\\\/schema\\\/logo\\\/image\\\/\"}}]}<\/script>\n<!-- \/ Yoast SEO plugin. -->","yoast_head_json":{"title":"Sacos celofane 10X15 cm - 100 unidades -","robots":{"index":"index","follow":"follow","max-snippet":"max-snippet:-1","max-image-preview":"max-image-preview:large","max-video-preview":"max-video-preview:-1"},"canonical":"https:\/\/divertarte.com\/index.php\/produto\/sacos-celofane-10x15-100-unidades\/","og_locale":"pt_PT","og_type":"article","og_title":"Sacos celofane 10X15 cm - 100 unidades -","og_description":"Saquinhos de celofane com fecho autocolante. Pac de aproximadamente 100 unidades. Sacos de celofane. Ideal para embalar pequenas pe\u00e7as soltas de bijutaria, bijuteria, biscuit, pedras, p\u00e9rolas, conchas, aplica\u00e7\u00f5es, doces, rebu\u00e7ados, bombons, bricolage, pregos, parafusos, imans, artigos escolares, clips, pinos, l\u00e1pis de cera.","og_url":"https:\/\/divertarte.com\/index.php\/produto\/sacos-celofane-10x15-100-unidades\/","article_modified_time":"2025-11-06T13:51:10+00:00","og_image":[{"width":549,"height":558,"url":"https:\/\/divertarte.com\/wp-content\/uploads\/2018\/05\/Saq_bopp10X15_1.jpg","type":"image\/jpeg"}],"twitter_card":"summary_large_image","schema":{"@context":"https:\/\/schema.org","@graph":[{"@type":"WebPage","@id":"https:\/\/divertarte.com\/index.php\/produto\/sacos-celofane-10x15-100-unidades\/","url":"https:\/\/divertarte.com\/index.php\/produto\/sacos-celofane-10x15-100-unidades\/","name":"Sacos celofane 10X15 cm - 100 unidades -","isPartOf":{"@id":"https:\/\/divertarte.com\/#website"},"primaryImageOfPage":{"@id":"https:\/\/divertarte.com\/index.php\/produto\/sacos-celofane-10x15-100-unidades\/#primaryimage"},"image":{"@id":"https:\/\/divertarte.com\/index.php\/produto\/sacos-celofane-10x15-100-unidades\/#primaryimage"},"thumbnailUrl":"https:\/\/divertarte.com\/wp-content\/uploads\/2018\/05\/Saq_bopp10X15_1.jpg","datePublished":"2018-06-07T13:10:38+00:00","dateModified":"2025-11-06T13:51:10+00:00","breadcrumb":{"@id":"https:\/\/divertarte.com\/index.php\/produto\/sacos-celofane-10x15-100-unidades\/#breadcrumb"},"inLanguage":"pt-PT","potentialAction":[{"@type":"ReadAction","target":["https:\/\/divertarte.com\/index.php\/produto\/sacos-celofane-10x15-100-unidades\/"]}]},{"@type":"ImageObject","inLanguage":"pt-PT","@id":"https:\/\/divertarte.com\/index.php\/produto\/sacos-celofane-10x15-100-unidades\/#primaryimage","url":"https:\/\/divertarte.com\/wp-content\/uploads\/2018\/05\/Saq_bopp10X15_1.jpg","contentUrl":"https:\/\/divertarte.com\/wp-content\/uploads\/2018\/05\/Saq_bopp10X15_1.jpg","width":549,"height":558},{"@type":"BreadcrumbList","@id":"https:\/\/divertarte.com\/index.php\/produto\/sacos-celofane-10x15-100-unidades\/#breadcrumb","itemListElement":[{"@type":"ListItem","position":1,"name":"In\u00edcio","item":"https:\/\/divertarte.com\/"},{"@type":"ListItem","position":2,"name":"Loja","item":"https:\/\/divertarte.com\/index.php\/divertarte-produtos\/"},{"@type":"ListItem","position":3,"name":"Sacos celofane 10X15 cm &#8211; 100 unidades"}]},{"@type":"WebSite","@id":"https:\/\/divertarte.com\/#website","url":"https:\/\/divertarte.com\/","name":"Divertarte","description":"","publisher":{"@id":"https:\/\/divertarte.com\/#organization"},"potentialAction":[{"@type":"SearchAction","target":{"@type":"EntryPoint","urlTemplate":"https:\/\/divertarte.com\/?s={search_term_string}"},"query-input":{"@type":"PropertyValueSpecification","valueRequired":true,"valueName":"search_term_string"}}],"inLanguage":"pt-PT"},{"@type":"Organization","@id":"https:\/\/divertarte.com\/#organization","name":"Divertarte","url":"https:\/\/divertarte.com\/","logo":{"@type":"ImageObject","inLanguage":"pt-PT","@id":"https:\/\/divertarte.com\/#\/schema\/logo\/image\/","url":"https:\/\/divertarte.com\/wp-content\/uploads\/2018\/07\/logo-div.jpg","contentUrl":"https:\/\/divertarte.com\/wp-content\/uploads\/2018\/07\/logo-div.jpg","width":295,"height":123,"caption":"Divertarte"},"image":{"@id":"https:\/\/divertarte.com\/#\/schema\/logo\/image\/"}}]}},"_links":{"self":[{"href":"https:\/\/divertarte.com\/index.php\/wp-json\/wp\/v2\/product\/3557","targetHints":{"allow":["GET"]}}],"collection":[{"href":"https:\/\/divertarte.com\/index.php\/wp-json\/wp\/v2\/product"}],"about":[{"href":"https:\/\/divertarte.com\/index.php\/wp-json\/wp\/v2\/types\/product"}],"replies":[{"embeddable":true,"href":"https:\/\/divertarte.com\/index.php\/wp-json\/wp\/v2\/comments?post=3557"}],"wp:featuredmedia":[{"embeddable":true,"href":"https:\/\/divertarte.com\/index.php\/wp-json\/wp\/v2\/media\/7191"}],"wp:attachment":[{"href":"https:\/\/divertarte.com\/index.php\/wp-json\/wp\/v2\/media?parent=3557"}],"wp:term":[{"taxonomy":"product_brand","embeddable":true,"href":"https:\/\/divertarte.com\/index.php\/wp-json\/wp\/v2\/product_brand?post=3557"},{"taxonomy":"product_cat","embeddable":true,"href":"https:\/\/divertarte.com\/index.php\/wp-json\/wp\/v2\/product_cat?post=3557"},{"taxonomy":"product_tag","embeddable":true,"href":"https:\/\/divertarte.com\/index.php\/wp-json\/wp\/v2\/product_tag?post=3557"}],"curies":[{"name":"wp","href":"https:\/\/api.w.org\/{rel}","templated":true}]}}