{"id":3425,"date":"2018-06-07T14:14:32","date_gmt":"2018-06-07T13:14:32","guid":{"rendered":"https:\/\/divertarte.com\/index.php\/produto\/mesclada-turquesa-e-branco-002\/"},"modified":"2025-11-06T13:47:30","modified_gmt":"2025-11-06T13:47:30","slug":"mesclada-turquesa-e-branco-m08","status":"publish","type":"product","link":"https:\/\/divertarte.com\/index.php\/produto\/mesclada-turquesa-e-branco-m08\/","title":{"rendered":"Mesclada Turquesa e Branco M08"},"content":{"rendered":"<p>Meia de seda mesclada para flores, bouquet, faixas, tiaras, bonecos, ofertas e brindes de anivers\u00e1rio, prendinhas de casamento, \u00edmanes de frigor\u00edfico, decorar a sua casa.<\/p>\n<p>Material resistente e cores vibrantes.<\/p>\n<p>Meia de Seda Mesclada, com m\u00e9dia de 6,5 gramas cerca de 80 cm<\/p>\n<p>&nbsp;<\/p>\n","protected":false},"excerpt":{"rendered":"<p>Meia de seda mesclada para flores, bouquet, faixas, tiaras, bonecos, ofertas e brindes de anivers\u00e1rio, prendinhas de casamento, \u00edmanes de frigor\u00edfico, decorar a sua casa.<\/p>\n<p>Material resistente e cores vibrantes.<\/p>\n<p>Meia de Seda Mesclada, com m\u00e9dia de 6,5 gramas cerca de 80 cm<\/p>\n<p>&nbsp;<\/p>\n<p>&nbsp;<\/p>\n<h3><span style=\"color: #000080;\"><span style=\"font-size: 12px;\"><span style=\"font-family: arial,helvetica,sans-serif;\"><span style=\"background-color: #ffff66;\">Meia de seda para fazer flores.<\/span><\/span><\/span><\/span><\/h3>\n<h3><span style=\"color: #000080;\"><span style=\"font-size: 12px;\"><span style=\"font-family: arial,helvetica,sans-serif;\"><span style=\"background-color: #ffff66;\">Meia de seda para artesanato<\/span><\/span><\/span><\/span><\/h3>\n<p>&nbsp;<\/p>\n<p>&nbsp;<\/p>\n","protected":false},"featured_media":11605,"comment_status":"closed","ping_status":"closed","template":"","meta":{"_exactmetrics_skip_tracking":false,"_exactmetrics_sitenote_active":false,"_exactmetrics_sitenote_note":"","_exactmetrics_sitenote_category":0},"product_brand":[],"product_cat":[229,220,15],"product_tag":[],"class_list":{"0":"post-3425","1":"product","2":"type-product","3":"status-publish","4":"has-post-thumbnail","6":"product_cat-meia-de-seda-flor-de-meia","7":"product_cat-meia-de-seda-mesclada","8":"product_cat-ver-todos-os-produtos","10":"first","11":"instock","12":"taxable","13":"shipping-taxable","14":"purchasable","15":"product-type-simple"},"yoast_head":"<!-- This site is optimized with the Yoast SEO plugin v27.4 - https:\/\/yoast.com\/product\/yoast-seo-wordpress\/ -->\n<title>Mesclada Turquesa e Branco M08 -<\/title>\n<meta name=\"description\" content=\"Meia de seda mesclada para flores, bouquet, faixas, tiaras, bonecos, ofertas e brindes de anivers\u00e1rio, prendinhas, \u00edmanes frigor\u00edfico\" \/>\n<meta name=\"robots\" content=\"index, follow, max-snippet:-1, max-image-preview:large, max-video-preview:-1\" \/>\n<link rel=\"canonical\" href=\"https:\/\/divertarte.com\/index.php\/produto\/mesclada-turquesa-e-branco-m08\/\" \/>\n<meta property=\"og:locale\" content=\"pt_PT\" \/>\n<meta property=\"og:type\" content=\"article\" \/>\n<meta property=\"og:title\" content=\"Mesclada Turquesa e Branco M08 -\" \/>\n<meta property=\"og:description\" content=\"Meia de seda mesclada para flores, bouquet, faixas, tiaras, bonecos, ofertas e brindes de anivers\u00e1rio, prendinhas, \u00edmanes frigor\u00edfico\" \/>\n<meta property=\"og:url\" content=\"https:\/\/divertarte.com\/index.php\/produto\/mesclada-turquesa-e-branco-m08\/\" \/>\n<meta property=\"article:modified_time\" content=\"2025-11-06T13:47:30+00:00\" \/>\n<meta property=\"og:image\" content=\"https:\/\/divertarte.com\/wp-content\/uploads\/2018\/06\/meia-mesclada-azul-turquesa-branco-m08.jpg\" \/>\n\t<meta property=\"og:image:width\" content=\"380\" \/>\n\t<meta property=\"og:image:height\" content=\"380\" \/>\n\t<meta property=\"og:image:type\" content=\"image\/jpeg\" \/>\n<meta name=\"twitter:card\" content=\"summary_large_image\" \/>\n<script type=\"application\/ld+json\" class=\"yoast-schema-graph\">{\"@context\":\"https:\\\/\\\/schema.org\",\"@graph\":[{\"@type\":\"WebPage\",\"@id\":\"https:\\\/\\\/divertarte.com\\\/index.php\\\/produto\\\/mesclada-turquesa-e-branco-m08\\\/\",\"url\":\"https:\\\/\\\/divertarte.com\\\/index.php\\\/produto\\\/mesclada-turquesa-e-branco-m08\\\/\",\"name\":\"Mesclada Turquesa e Branco M08 -\",\"isPartOf\":{\"@id\":\"https:\\\/\\\/divertarte.com\\\/#website\"},\"primaryImageOfPage\":{\"@id\":\"https:\\\/\\\/divertarte.com\\\/index.php\\\/produto\\\/mesclada-turquesa-e-branco-m08\\\/#primaryimage\"},\"image\":{\"@id\":\"https:\\\/\\\/divertarte.com\\\/index.php\\\/produto\\\/mesclada-turquesa-e-branco-m08\\\/#primaryimage\"},\"thumbnailUrl\":\"https:\\\/\\\/divertarte.com\\\/wp-content\\\/uploads\\\/2018\\\/06\\\/meia-mesclada-azul-turquesa-branco-m08.jpg\",\"datePublished\":\"2018-06-07T13:14:32+00:00\",\"dateModified\":\"2025-11-06T13:47:30+00:00\",\"description\":\"Meia de seda mesclada para flores, bouquet, faixas, tiaras, bonecos, ofertas e brindes de anivers\u00e1rio, prendinhas, \u00edmanes frigor\u00edfico\",\"breadcrumb\":{\"@id\":\"https:\\\/\\\/divertarte.com\\\/index.php\\\/produto\\\/mesclada-turquesa-e-branco-m08\\\/#breadcrumb\"},\"inLanguage\":\"pt-PT\",\"potentialAction\":[{\"@type\":\"ReadAction\",\"target\":[\"https:\\\/\\\/divertarte.com\\\/index.php\\\/produto\\\/mesclada-turquesa-e-branco-m08\\\/\"]}]},{\"@type\":\"ImageObject\",\"inLanguage\":\"pt-PT\",\"@id\":\"https:\\\/\\\/divertarte.com\\\/index.php\\\/produto\\\/mesclada-turquesa-e-branco-m08\\\/#primaryimage\",\"url\":\"https:\\\/\\\/divertarte.com\\\/wp-content\\\/uploads\\\/2018\\\/06\\\/meia-mesclada-azul-turquesa-branco-m08.jpg\",\"contentUrl\":\"https:\\\/\\\/divertarte.com\\\/wp-content\\\/uploads\\\/2018\\\/06\\\/meia-mesclada-azul-turquesa-branco-m08.jpg\",\"width\":380,\"height\":380},{\"@type\":\"BreadcrumbList\",\"@id\":\"https:\\\/\\\/divertarte.com\\\/index.php\\\/produto\\\/mesclada-turquesa-e-branco-m08\\\/#breadcrumb\",\"itemListElement\":[{\"@type\":\"ListItem\",\"position\":1,\"name\":\"In\u00edcio\",\"item\":\"https:\\\/\\\/divertarte.com\\\/\"},{\"@type\":\"ListItem\",\"position\":2,\"name\":\"Loja\",\"item\":\"https:\\\/\\\/divertarte.com\\\/index.php\\\/divertarte-produtos\\\/\"},{\"@type\":\"ListItem\",\"position\":3,\"name\":\"Mesclada Turquesa e Branco M08\"}]},{\"@type\":\"WebSite\",\"@id\":\"https:\\\/\\\/divertarte.com\\\/#website\",\"url\":\"https:\\\/\\\/divertarte.com\\\/\",\"name\":\"Divertarte\",\"description\":\"\",\"publisher\":{\"@id\":\"https:\\\/\\\/divertarte.com\\\/#organization\"},\"potentialAction\":[{\"@type\":\"SearchAction\",\"target\":{\"@type\":\"EntryPoint\",\"urlTemplate\":\"https:\\\/\\\/divertarte.com\\\/?s={search_term_string}\"},\"query-input\":{\"@type\":\"PropertyValueSpecification\",\"valueRequired\":true,\"valueName\":\"search_term_string\"}}],\"inLanguage\":\"pt-PT\"},{\"@type\":\"Organization\",\"@id\":\"https:\\\/\\\/divertarte.com\\\/#organization\",\"name\":\"Divertarte\",\"url\":\"https:\\\/\\\/divertarte.com\\\/\",\"logo\":{\"@type\":\"ImageObject\",\"inLanguage\":\"pt-PT\",\"@id\":\"https:\\\/\\\/divertarte.com\\\/#\\\/schema\\\/logo\\\/image\\\/\",\"url\":\"https:\\\/\\\/divertarte.com\\\/wp-content\\\/uploads\\\/2018\\\/07\\\/logo-div.jpg\",\"contentUrl\":\"https:\\\/\\\/divertarte.com\\\/wp-content\\\/uploads\\\/2018\\\/07\\\/logo-div.jpg\",\"width\":295,\"height\":123,\"caption\":\"Divertarte\"},\"image\":{\"@id\":\"https:\\\/\\\/divertarte.com\\\/#\\\/schema\\\/logo\\\/image\\\/\"}}]}<\/script>\n<!-- \/ Yoast SEO plugin. -->","yoast_head_json":{"title":"Mesclada Turquesa e Branco M08 -","description":"Meia de seda mesclada para flores, bouquet, faixas, tiaras, bonecos, ofertas e brindes de anivers\u00e1rio, prendinhas, \u00edmanes frigor\u00edfico","robots":{"index":"index","follow":"follow","max-snippet":"max-snippet:-1","max-image-preview":"max-image-preview:large","max-video-preview":"max-video-preview:-1"},"canonical":"https:\/\/divertarte.com\/index.php\/produto\/mesclada-turquesa-e-branco-m08\/","og_locale":"pt_PT","og_type":"article","og_title":"Mesclada Turquesa e Branco M08 -","og_description":"Meia de seda mesclada para flores, bouquet, faixas, tiaras, bonecos, ofertas e brindes de anivers\u00e1rio, prendinhas, \u00edmanes frigor\u00edfico","og_url":"https:\/\/divertarte.com\/index.php\/produto\/mesclada-turquesa-e-branco-m08\/","article_modified_time":"2025-11-06T13:47:30+00:00","og_image":[{"width":380,"height":380,"url":"https:\/\/divertarte.com\/wp-content\/uploads\/2018\/06\/meia-mesclada-azul-turquesa-branco-m08.jpg","type":"image\/jpeg"}],"twitter_card":"summary_large_image","schema":{"@context":"https:\/\/schema.org","@graph":[{"@type":"WebPage","@id":"https:\/\/divertarte.com\/index.php\/produto\/mesclada-turquesa-e-branco-m08\/","url":"https:\/\/divertarte.com\/index.php\/produto\/mesclada-turquesa-e-branco-m08\/","name":"Mesclada Turquesa e Branco M08 -","isPartOf":{"@id":"https:\/\/divertarte.com\/#website"},"primaryImageOfPage":{"@id":"https:\/\/divertarte.com\/index.php\/produto\/mesclada-turquesa-e-branco-m08\/#primaryimage"},"image":{"@id":"https:\/\/divertarte.com\/index.php\/produto\/mesclada-turquesa-e-branco-m08\/#primaryimage"},"thumbnailUrl":"https:\/\/divertarte.com\/wp-content\/uploads\/2018\/06\/meia-mesclada-azul-turquesa-branco-m08.jpg","datePublished":"2018-06-07T13:14:32+00:00","dateModified":"2025-11-06T13:47:30+00:00","description":"Meia de seda mesclada para flores, bouquet, faixas, tiaras, bonecos, ofertas e brindes de anivers\u00e1rio, prendinhas, \u00edmanes frigor\u00edfico","breadcrumb":{"@id":"https:\/\/divertarte.com\/index.php\/produto\/mesclada-turquesa-e-branco-m08\/#breadcrumb"},"inLanguage":"pt-PT","potentialAction":[{"@type":"ReadAction","target":["https:\/\/divertarte.com\/index.php\/produto\/mesclada-turquesa-e-branco-m08\/"]}]},{"@type":"ImageObject","inLanguage":"pt-PT","@id":"https:\/\/divertarte.com\/index.php\/produto\/mesclada-turquesa-e-branco-m08\/#primaryimage","url":"https:\/\/divertarte.com\/wp-content\/uploads\/2018\/06\/meia-mesclada-azul-turquesa-branco-m08.jpg","contentUrl":"https:\/\/divertarte.com\/wp-content\/uploads\/2018\/06\/meia-mesclada-azul-turquesa-branco-m08.jpg","width":380,"height":380},{"@type":"BreadcrumbList","@id":"https:\/\/divertarte.com\/index.php\/produto\/mesclada-turquesa-e-branco-m08\/#breadcrumb","itemListElement":[{"@type":"ListItem","position":1,"name":"In\u00edcio","item":"https:\/\/divertarte.com\/"},{"@type":"ListItem","position":2,"name":"Loja","item":"https:\/\/divertarte.com\/index.php\/divertarte-produtos\/"},{"@type":"ListItem","position":3,"name":"Mesclada Turquesa e Branco M08"}]},{"@type":"WebSite","@id":"https:\/\/divertarte.com\/#website","url":"https:\/\/divertarte.com\/","name":"Divertarte","description":"","publisher":{"@id":"https:\/\/divertarte.com\/#organization"},"potentialAction":[{"@type":"SearchAction","target":{"@type":"EntryPoint","urlTemplate":"https:\/\/divertarte.com\/?s={search_term_string}"},"query-input":{"@type":"PropertyValueSpecification","valueRequired":true,"valueName":"search_term_string"}}],"inLanguage":"pt-PT"},{"@type":"Organization","@id":"https:\/\/divertarte.com\/#organization","name":"Divertarte","url":"https:\/\/divertarte.com\/","logo":{"@type":"ImageObject","inLanguage":"pt-PT","@id":"https:\/\/divertarte.com\/#\/schema\/logo\/image\/","url":"https:\/\/divertarte.com\/wp-content\/uploads\/2018\/07\/logo-div.jpg","contentUrl":"https:\/\/divertarte.com\/wp-content\/uploads\/2018\/07\/logo-div.jpg","width":295,"height":123,"caption":"Divertarte"},"image":{"@id":"https:\/\/divertarte.com\/#\/schema\/logo\/image\/"}}]}},"_links":{"self":[{"href":"https:\/\/divertarte.com\/index.php\/wp-json\/wp\/v2\/product\/3425","targetHints":{"allow":["GET"]}}],"collection":[{"href":"https:\/\/divertarte.com\/index.php\/wp-json\/wp\/v2\/product"}],"about":[{"href":"https:\/\/divertarte.com\/index.php\/wp-json\/wp\/v2\/types\/product"}],"replies":[{"embeddable":true,"href":"https:\/\/divertarte.com\/index.php\/wp-json\/wp\/v2\/comments?post=3425"}],"wp:featuredmedia":[{"embeddable":true,"href":"https:\/\/divertarte.com\/index.php\/wp-json\/wp\/v2\/media\/11605"}],"wp:attachment":[{"href":"https:\/\/divertarte.com\/index.php\/wp-json\/wp\/v2\/media?parent=3425"}],"wp:term":[{"taxonomy":"product_brand","embeddable":true,"href":"https:\/\/divertarte.com\/index.php\/wp-json\/wp\/v2\/product_brand?post=3425"},{"taxonomy":"product_cat","embeddable":true,"href":"https:\/\/divertarte.com\/index.php\/wp-json\/wp\/v2\/product_cat?post=3425"},{"taxonomy":"product_tag","embeddable":true,"href":"https:\/\/divertarte.com\/index.php\/wp-json\/wp\/v2\/product_tag?post=3425"}],"curies":[{"name":"wp","href":"https:\/\/api.w.org\/{rel}","templated":true}]}}