{"id":3377,"date":"2018-06-07T14:16:07","date_gmt":"2018-06-07T13:16:07","guid":{"rendered":"https:\/\/divertarte.com\/index.php\/produto\/cartao-casamento-rosas-aliancas-pac10\/"},"modified":"2025-11-06T13:39:08","modified_gmt":"2025-11-06T13:39:08","slug":"cartao-casamento-rosas-aliancas-pac10","status":"publish","type":"product","link":"https:\/\/divertarte.com\/index.php\/produto\/cartao-casamento-rosas-aliancas-pac10\/","title":{"rendered":"CART\u00c3O CASAMENTO Rosas\/Alian\u00e7as Pac10"},"content":{"rendered":"<p>CART\u00d5ES LEMBRAN\u00c7A CASAMENTO &#8211; 2.5&#215;3.5 cm &#8211; PAC 10.<br \/>\nNo interior tem a frase &#8220;Gratos pela Vossa Presen\u00e7a&#8221;.<br \/>\nTem furo para cord\u00e3o<\/p>\n","protected":false},"excerpt":{"rendered":"<p>CART\u00d5ES LEMBRAN\u00c7A CASAMENTO &#8211; 2.5&#215;3.5 cm &#8211; PAC 10.<br \/>\nNo interior tem a frase &#8220;Gratos pela Vossa Presen\u00e7a&#8221;.<br \/>\nTem furo para cord\u00e3o<\/p>\n","protected":false},"featured_media":7020,"comment_status":"closed","ping_status":"closed","template":"","meta":{"_exactmetrics_skip_tracking":false,"_exactmetrics_sitenote_active":false,"_exactmetrics_sitenote_note":"","_exactmetrics_sitenote_category":0},"product_brand":[],"product_cat":[370,212,15],"product_tag":[],"class_list":{"0":"post-3377","1":"product","2":"type-product","3":"status-publish","4":"has-post-thumbnail","6":"product_cat-acessorios-para-convites-e-brindes-prendinhas","7":"product_cat-cartoes-lembranca","8":"product_cat-ver-todos-os-produtos","10":"first","11":"instock","12":"taxable","13":"shipping-taxable","14":"purchasable","15":"product-type-simple"},"yoast_head":"<!-- This site is optimized with the Yoast SEO plugin v27.4 - https:\/\/yoast.com\/product\/yoast-seo-wordpress\/ -->\n<title>CART\u00c3O CASAMENTO Rosas\/Alian\u00e7as Pac10 -<\/title>\n<meta name=\"robots\" content=\"index, follow, max-snippet:-1, max-image-preview:large, max-video-preview:-1\" \/>\n<link rel=\"canonical\" href=\"https:\/\/divertarte.com\/index.php\/produto\/cartao-casamento-rosas-aliancas-pac10\/\" \/>\n<meta property=\"og:locale\" content=\"pt_PT\" \/>\n<meta property=\"og:type\" content=\"article\" \/>\n<meta property=\"og:title\" content=\"CART\u00c3O CASAMENTO Rosas\/Alian\u00e7as Pac10 -\" \/>\n<meta property=\"og:description\" content=\"CART\u00d5ES LEMBRAN\u00c7A CASAMENTO - 2.5x3.5 cm - PAC 10. No interior tem a frase &quot;Gratos pela Vossa Presen\u00e7a&quot;. Tem furo para cord\u00e3o\" \/>\n<meta property=\"og:url\" content=\"https:\/\/divertarte.com\/index.php\/produto\/cartao-casamento-rosas-aliancas-pac10\/\" \/>\n<meta property=\"article:modified_time\" content=\"2025-11-06T13:39:08+00:00\" \/>\n<meta property=\"og:image\" content=\"https:\/\/divertarte.com\/wp-content\/uploads\/2018\/05\/Casam_343.jpg\" \/>\n\t<meta property=\"og:image:width\" content=\"558\" \/>\n\t<meta property=\"og:image:height\" content=\"558\" \/>\n\t<meta property=\"og:image:type\" content=\"image\/jpeg\" \/>\n<meta name=\"twitter:card\" content=\"summary_large_image\" \/>\n<script type=\"application\/ld+json\" class=\"yoast-schema-graph\">{\"@context\":\"https:\\\/\\\/schema.org\",\"@graph\":[{\"@type\":\"WebPage\",\"@id\":\"https:\\\/\\\/divertarte.com\\\/index.php\\\/produto\\\/cartao-casamento-rosas-aliancas-pac10\\\/\",\"url\":\"https:\\\/\\\/divertarte.com\\\/index.php\\\/produto\\\/cartao-casamento-rosas-aliancas-pac10\\\/\",\"name\":\"CART\u00c3O CASAMENTO Rosas\\\/Alian\u00e7as Pac10 -\",\"isPartOf\":{\"@id\":\"https:\\\/\\\/divertarte.com\\\/#website\"},\"primaryImageOfPage\":{\"@id\":\"https:\\\/\\\/divertarte.com\\\/index.php\\\/produto\\\/cartao-casamento-rosas-aliancas-pac10\\\/#primaryimage\"},\"image\":{\"@id\":\"https:\\\/\\\/divertarte.com\\\/index.php\\\/produto\\\/cartao-casamento-rosas-aliancas-pac10\\\/#primaryimage\"},\"thumbnailUrl\":\"https:\\\/\\\/divertarte.com\\\/wp-content\\\/uploads\\\/2018\\\/05\\\/Casam_343.jpg\",\"datePublished\":\"2018-06-07T13:16:07+00:00\",\"dateModified\":\"2025-11-06T13:39:08+00:00\",\"breadcrumb\":{\"@id\":\"https:\\\/\\\/divertarte.com\\\/index.php\\\/produto\\\/cartao-casamento-rosas-aliancas-pac10\\\/#breadcrumb\"},\"inLanguage\":\"pt-PT\",\"potentialAction\":[{\"@type\":\"ReadAction\",\"target\":[\"https:\\\/\\\/divertarte.com\\\/index.php\\\/produto\\\/cartao-casamento-rosas-aliancas-pac10\\\/\"]}]},{\"@type\":\"ImageObject\",\"inLanguage\":\"pt-PT\",\"@id\":\"https:\\\/\\\/divertarte.com\\\/index.php\\\/produto\\\/cartao-casamento-rosas-aliancas-pac10\\\/#primaryimage\",\"url\":\"https:\\\/\\\/divertarte.com\\\/wp-content\\\/uploads\\\/2018\\\/05\\\/Casam_343.jpg\",\"contentUrl\":\"https:\\\/\\\/divertarte.com\\\/wp-content\\\/uploads\\\/2018\\\/05\\\/Casam_343.jpg\",\"width\":558,\"height\":558},{\"@type\":\"BreadcrumbList\",\"@id\":\"https:\\\/\\\/divertarte.com\\\/index.php\\\/produto\\\/cartao-casamento-rosas-aliancas-pac10\\\/#breadcrumb\",\"itemListElement\":[{\"@type\":\"ListItem\",\"position\":1,\"name\":\"In\u00edcio\",\"item\":\"https:\\\/\\\/divertarte.com\\\/\"},{\"@type\":\"ListItem\",\"position\":2,\"name\":\"Loja\",\"item\":\"https:\\\/\\\/divertarte.com\\\/index.php\\\/divertarte-produtos\\\/\"},{\"@type\":\"ListItem\",\"position\":3,\"name\":\"CART\u00c3O CASAMENTO Rosas\\\/Alian\u00e7as Pac10\"}]},{\"@type\":\"WebSite\",\"@id\":\"https:\\\/\\\/divertarte.com\\\/#website\",\"url\":\"https:\\\/\\\/divertarte.com\\\/\",\"name\":\"Divertarte\",\"description\":\"\",\"publisher\":{\"@id\":\"https:\\\/\\\/divertarte.com\\\/#organization\"},\"potentialAction\":[{\"@type\":\"SearchAction\",\"target\":{\"@type\":\"EntryPoint\",\"urlTemplate\":\"https:\\\/\\\/divertarte.com\\\/?s={search_term_string}\"},\"query-input\":{\"@type\":\"PropertyValueSpecification\",\"valueRequired\":true,\"valueName\":\"search_term_string\"}}],\"inLanguage\":\"pt-PT\"},{\"@type\":\"Organization\",\"@id\":\"https:\\\/\\\/divertarte.com\\\/#organization\",\"name\":\"Divertarte\",\"url\":\"https:\\\/\\\/divertarte.com\\\/\",\"logo\":{\"@type\":\"ImageObject\",\"inLanguage\":\"pt-PT\",\"@id\":\"https:\\\/\\\/divertarte.com\\\/#\\\/schema\\\/logo\\\/image\\\/\",\"url\":\"https:\\\/\\\/divertarte.com\\\/wp-content\\\/uploads\\\/2018\\\/07\\\/logo-div.jpg\",\"contentUrl\":\"https:\\\/\\\/divertarte.com\\\/wp-content\\\/uploads\\\/2018\\\/07\\\/logo-div.jpg\",\"width\":295,\"height\":123,\"caption\":\"Divertarte\"},\"image\":{\"@id\":\"https:\\\/\\\/divertarte.com\\\/#\\\/schema\\\/logo\\\/image\\\/\"}}]}<\/script>\n<!-- \/ Yoast SEO plugin. -->","yoast_head_json":{"title":"CART\u00c3O CASAMENTO Rosas\/Alian\u00e7as Pac10 -","robots":{"index":"index","follow":"follow","max-snippet":"max-snippet:-1","max-image-preview":"max-image-preview:large","max-video-preview":"max-video-preview:-1"},"canonical":"https:\/\/divertarte.com\/index.php\/produto\/cartao-casamento-rosas-aliancas-pac10\/","og_locale":"pt_PT","og_type":"article","og_title":"CART\u00c3O CASAMENTO Rosas\/Alian\u00e7as Pac10 -","og_description":"CART\u00d5ES LEMBRAN\u00c7A CASAMENTO - 2.5x3.5 cm - PAC 10. No interior tem a frase \"Gratos pela Vossa Presen\u00e7a\". Tem furo para cord\u00e3o","og_url":"https:\/\/divertarte.com\/index.php\/produto\/cartao-casamento-rosas-aliancas-pac10\/","article_modified_time":"2025-11-06T13:39:08+00:00","og_image":[{"width":558,"height":558,"url":"https:\/\/divertarte.com\/wp-content\/uploads\/2018\/05\/Casam_343.jpg","type":"image\/jpeg"}],"twitter_card":"summary_large_image","schema":{"@context":"https:\/\/schema.org","@graph":[{"@type":"WebPage","@id":"https:\/\/divertarte.com\/index.php\/produto\/cartao-casamento-rosas-aliancas-pac10\/","url":"https:\/\/divertarte.com\/index.php\/produto\/cartao-casamento-rosas-aliancas-pac10\/","name":"CART\u00c3O CASAMENTO Rosas\/Alian\u00e7as Pac10 -","isPartOf":{"@id":"https:\/\/divertarte.com\/#website"},"primaryImageOfPage":{"@id":"https:\/\/divertarte.com\/index.php\/produto\/cartao-casamento-rosas-aliancas-pac10\/#primaryimage"},"image":{"@id":"https:\/\/divertarte.com\/index.php\/produto\/cartao-casamento-rosas-aliancas-pac10\/#primaryimage"},"thumbnailUrl":"https:\/\/divertarte.com\/wp-content\/uploads\/2018\/05\/Casam_343.jpg","datePublished":"2018-06-07T13:16:07+00:00","dateModified":"2025-11-06T13:39:08+00:00","breadcrumb":{"@id":"https:\/\/divertarte.com\/index.php\/produto\/cartao-casamento-rosas-aliancas-pac10\/#breadcrumb"},"inLanguage":"pt-PT","potentialAction":[{"@type":"ReadAction","target":["https:\/\/divertarte.com\/index.php\/produto\/cartao-casamento-rosas-aliancas-pac10\/"]}]},{"@type":"ImageObject","inLanguage":"pt-PT","@id":"https:\/\/divertarte.com\/index.php\/produto\/cartao-casamento-rosas-aliancas-pac10\/#primaryimage","url":"https:\/\/divertarte.com\/wp-content\/uploads\/2018\/05\/Casam_343.jpg","contentUrl":"https:\/\/divertarte.com\/wp-content\/uploads\/2018\/05\/Casam_343.jpg","width":558,"height":558},{"@type":"BreadcrumbList","@id":"https:\/\/divertarte.com\/index.php\/produto\/cartao-casamento-rosas-aliancas-pac10\/#breadcrumb","itemListElement":[{"@type":"ListItem","position":1,"name":"In\u00edcio","item":"https:\/\/divertarte.com\/"},{"@type":"ListItem","position":2,"name":"Loja","item":"https:\/\/divertarte.com\/index.php\/divertarte-produtos\/"},{"@type":"ListItem","position":3,"name":"CART\u00c3O CASAMENTO Rosas\/Alian\u00e7as Pac10"}]},{"@type":"WebSite","@id":"https:\/\/divertarte.com\/#website","url":"https:\/\/divertarte.com\/","name":"Divertarte","description":"","publisher":{"@id":"https:\/\/divertarte.com\/#organization"},"potentialAction":[{"@type":"SearchAction","target":{"@type":"EntryPoint","urlTemplate":"https:\/\/divertarte.com\/?s={search_term_string}"},"query-input":{"@type":"PropertyValueSpecification","valueRequired":true,"valueName":"search_term_string"}}],"inLanguage":"pt-PT"},{"@type":"Organization","@id":"https:\/\/divertarte.com\/#organization","name":"Divertarte","url":"https:\/\/divertarte.com\/","logo":{"@type":"ImageObject","inLanguage":"pt-PT","@id":"https:\/\/divertarte.com\/#\/schema\/logo\/image\/","url":"https:\/\/divertarte.com\/wp-content\/uploads\/2018\/07\/logo-div.jpg","contentUrl":"https:\/\/divertarte.com\/wp-content\/uploads\/2018\/07\/logo-div.jpg","width":295,"height":123,"caption":"Divertarte"},"image":{"@id":"https:\/\/divertarte.com\/#\/schema\/logo\/image\/"}}]}},"_links":{"self":[{"href":"https:\/\/divertarte.com\/index.php\/wp-json\/wp\/v2\/product\/3377","targetHints":{"allow":["GET"]}}],"collection":[{"href":"https:\/\/divertarte.com\/index.php\/wp-json\/wp\/v2\/product"}],"about":[{"href":"https:\/\/divertarte.com\/index.php\/wp-json\/wp\/v2\/types\/product"}],"replies":[{"embeddable":true,"href":"https:\/\/divertarte.com\/index.php\/wp-json\/wp\/v2\/comments?post=3377"}],"wp:featuredmedia":[{"embeddable":true,"href":"https:\/\/divertarte.com\/index.php\/wp-json\/wp\/v2\/media\/7020"}],"wp:attachment":[{"href":"https:\/\/divertarte.com\/index.php\/wp-json\/wp\/v2\/media?parent=3377"}],"wp:term":[{"taxonomy":"product_brand","embeddable":true,"href":"https:\/\/divertarte.com\/index.php\/wp-json\/wp\/v2\/product_brand?post=3377"},{"taxonomy":"product_cat","embeddable":true,"href":"https:\/\/divertarte.com\/index.php\/wp-json\/wp\/v2\/product_cat?post=3377"},{"taxonomy":"product_tag","embeddable":true,"href":"https:\/\/divertarte.com\/index.php\/wp-json\/wp\/v2\/product_tag?post=3377"}],"curies":[{"name":"wp","href":"https:\/\/api.w.org\/{rel}","templated":true}]}}