{"id":3292,"date":"2018-06-07T14:04:15","date_gmt":"2018-06-07T13:04:15","guid":{"rendered":"https:\/\/divertarte.com\/index.php\/produto\/coracao-noivos\/"},"modified":"2025-11-06T14:05:14","modified_gmt":"2025-11-06T14:05:14","slug":"coracao-noivos","status":"publish","type":"product","link":"https:\/\/divertarte.com\/index.php\/produto\/coracao-noivos\/","title":{"rendered":".Corac\u00e3o Noivos Silhueta molde silicone"},"content":{"rendered":"<p>Corac\u00e3o Noivos Silhueta molde silicone &#8211; moldes cora\u00e7\u00e3o<\/p>\n<p>MOLDES DE SILICONE Medida 6,5X8X2 cm ACONSELHADO PARA :\u00a0 sabonetes, biscuits, massas de modelar, aplica\u00e7\u00f5es em velas,scrapbooking. N\u00e3o aconselhado em produtos aliment\u00edcios. Prendas dia dos namorados, As medidas das pe\u00e7as feitas nos moldes s\u00e3o em cent\u00edmetros e considera-se: largura x comprimento x espessura. FEITO POR ENCOMENDA<\/p>\n","protected":false},"excerpt":{"rendered":"<p>Corac\u00e3o Noivos Silhueta molde silicone<\/p>\n<p>MOLDES DE SILICONE Medida 6,5X8X2 cm ACONSELHADO PARA : sabonetes namorados, biscuits, massas de modelar, aplica\u00e7\u00f5es em velas,\u00a0 scrapbooking, bot\u00f5es. N\u00e3o aconselhado em produtos aliment\u00edcios.<\/p>\n","protected":false},"featured_media":18212,"comment_status":"closed","ping_status":"closed","template":"","meta":{"_exactmetrics_skip_tracking":false,"_exactmetrics_sitenote_active":false,"_exactmetrics_sitenote_note":"","_exactmetrics_sitenote_category":0},"product_brand":[],"product_cat":[286,93,54,88,157,15],"product_tag":[],"class_list":{"0":"post-3292","1":"product","2":"type-product","3":"status-publish","4":"has-post-thumbnail","6":"product_cat-dia-dos-namorados-s-valentim","7":"product_cat-moldes-coracao","8":"product_cat-moldes-de-silicone-em-portugal","9":"product_cat-moldes-s-valentim","10":"product_cat-moldes-para-sabonetes","11":"product_cat-ver-todos-os-produtos","13":"first","14":"instock","15":"taxable","16":"shipping-taxable","17":"purchasable","18":"product-type-simple"},"yoast_head":"<!-- This site is optimized with the Yoast SEO plugin v27.4 - https:\/\/yoast.com\/product\/yoast-seo-wordpress\/ -->\n<title>.Corac\u00e3o Noivos Silhueta molde silicone -<\/title>\n<meta name=\"description\" content=\"MOLDES DE SILICONE Medida 6,5X8X2 cm ACONSELHADO PARA sabonetes namorados, biscuits, massas de modelar, aplica\u00e7\u00f5es em velas\" \/>\n<meta name=\"robots\" content=\"index, follow, max-snippet:-1, max-image-preview:large, max-video-preview:-1\" \/>\n<link rel=\"canonical\" href=\"https:\/\/divertarte.com\/index.php\/produto\/coracao-noivos\/\" \/>\n<meta property=\"og:locale\" content=\"pt_PT\" \/>\n<meta property=\"og:type\" content=\"article\" \/>\n<meta property=\"og:title\" content=\".Corac\u00e3o Noivos Silhueta molde silicone -\" \/>\n<meta property=\"og:description\" content=\"MOLDES DE SILICONE Medida 6,5X8X2 cm ACONSELHADO PARA sabonetes namorados, biscuits, massas de modelar, aplica\u00e7\u00f5es em velas\" \/>\n<meta property=\"og:url\" content=\"https:\/\/divertarte.com\/index.php\/produto\/coracao-noivos\/\" \/>\n<meta property=\"article:modified_time\" content=\"2025-11-06T14:05:14+00:00\" \/>\n<meta property=\"og:image\" content=\"https:\/\/divertarte.com\/wp-content\/uploads\/2018\/06\/molde-silicone-coracao-noivos-silhueta.jpg\" \/>\n\t<meta property=\"og:image:width\" content=\"300\" \/>\n\t<meta property=\"og:image:height\" content=\"300\" \/>\n\t<meta property=\"og:image:type\" content=\"image\/jpeg\" \/>\n<meta name=\"twitter:card\" content=\"summary_large_image\" \/>\n<script type=\"application\/ld+json\" class=\"yoast-schema-graph\">{\"@context\":\"https:\\\/\\\/schema.org\",\"@graph\":[{\"@type\":\"WebPage\",\"@id\":\"https:\\\/\\\/divertarte.com\\\/index.php\\\/produto\\\/coracao-noivos\\\/\",\"url\":\"https:\\\/\\\/divertarte.com\\\/index.php\\\/produto\\\/coracao-noivos\\\/\",\"name\":\".Corac\u00e3o Noivos Silhueta molde silicone -\",\"isPartOf\":{\"@id\":\"https:\\\/\\\/divertarte.com\\\/#website\"},\"primaryImageOfPage\":{\"@id\":\"https:\\\/\\\/divertarte.com\\\/index.php\\\/produto\\\/coracao-noivos\\\/#primaryimage\"},\"image\":{\"@id\":\"https:\\\/\\\/divertarte.com\\\/index.php\\\/produto\\\/coracao-noivos\\\/#primaryimage\"},\"thumbnailUrl\":\"https:\\\/\\\/divertarte.com\\\/wp-content\\\/uploads\\\/2018\\\/06\\\/molde-silicone-coracao-noivos-silhueta.jpg\",\"datePublished\":\"2018-06-07T13:04:15+00:00\",\"dateModified\":\"2025-11-06T14:05:14+00:00\",\"description\":\"MOLDES DE SILICONE Medida 6,5X8X2 cm ACONSELHADO PARA sabonetes namorados, biscuits, massas de modelar, aplica\u00e7\u00f5es em velas\",\"breadcrumb\":{\"@id\":\"https:\\\/\\\/divertarte.com\\\/index.php\\\/produto\\\/coracao-noivos\\\/#breadcrumb\"},\"inLanguage\":\"pt-PT\",\"potentialAction\":[{\"@type\":\"ReadAction\",\"target\":[\"https:\\\/\\\/divertarte.com\\\/index.php\\\/produto\\\/coracao-noivos\\\/\"]}]},{\"@type\":\"ImageObject\",\"inLanguage\":\"pt-PT\",\"@id\":\"https:\\\/\\\/divertarte.com\\\/index.php\\\/produto\\\/coracao-noivos\\\/#primaryimage\",\"url\":\"https:\\\/\\\/divertarte.com\\\/wp-content\\\/uploads\\\/2018\\\/06\\\/molde-silicone-coracao-noivos-silhueta.jpg\",\"contentUrl\":\"https:\\\/\\\/divertarte.com\\\/wp-content\\\/uploads\\\/2018\\\/06\\\/molde-silicone-coracao-noivos-silhueta.jpg\",\"width\":300,\"height\":300},{\"@type\":\"BreadcrumbList\",\"@id\":\"https:\\\/\\\/divertarte.com\\\/index.php\\\/produto\\\/coracao-noivos\\\/#breadcrumb\",\"itemListElement\":[{\"@type\":\"ListItem\",\"position\":1,\"name\":\"In\u00edcio\",\"item\":\"https:\\\/\\\/divertarte.com\\\/\"},{\"@type\":\"ListItem\",\"position\":2,\"name\":\"Loja\",\"item\":\"https:\\\/\\\/divertarte.com\\\/index.php\\\/divertarte-produtos\\\/\"},{\"@type\":\"ListItem\",\"position\":3,\"name\":\".Corac\u00e3o Noivos Silhueta molde silicone\"}]},{\"@type\":\"WebSite\",\"@id\":\"https:\\\/\\\/divertarte.com\\\/#website\",\"url\":\"https:\\\/\\\/divertarte.com\\\/\",\"name\":\"Divertarte\",\"description\":\"\",\"publisher\":{\"@id\":\"https:\\\/\\\/divertarte.com\\\/#organization\"},\"potentialAction\":[{\"@type\":\"SearchAction\",\"target\":{\"@type\":\"EntryPoint\",\"urlTemplate\":\"https:\\\/\\\/divertarte.com\\\/?s={search_term_string}\"},\"query-input\":{\"@type\":\"PropertyValueSpecification\",\"valueRequired\":true,\"valueName\":\"search_term_string\"}}],\"inLanguage\":\"pt-PT\"},{\"@type\":\"Organization\",\"@id\":\"https:\\\/\\\/divertarte.com\\\/#organization\",\"name\":\"Divertarte\",\"url\":\"https:\\\/\\\/divertarte.com\\\/\",\"logo\":{\"@type\":\"ImageObject\",\"inLanguage\":\"pt-PT\",\"@id\":\"https:\\\/\\\/divertarte.com\\\/#\\\/schema\\\/logo\\\/image\\\/\",\"url\":\"https:\\\/\\\/divertarte.com\\\/wp-content\\\/uploads\\\/2018\\\/07\\\/logo-div.jpg\",\"contentUrl\":\"https:\\\/\\\/divertarte.com\\\/wp-content\\\/uploads\\\/2018\\\/07\\\/logo-div.jpg\",\"width\":295,\"height\":123,\"caption\":\"Divertarte\"},\"image\":{\"@id\":\"https:\\\/\\\/divertarte.com\\\/#\\\/schema\\\/logo\\\/image\\\/\"}}]}<\/script>\n<!-- \/ Yoast SEO plugin. -->","yoast_head_json":{"title":".Corac\u00e3o Noivos Silhueta molde silicone -","description":"MOLDES DE SILICONE Medida 6,5X8X2 cm ACONSELHADO PARA sabonetes namorados, biscuits, massas de modelar, aplica\u00e7\u00f5es em velas","robots":{"index":"index","follow":"follow","max-snippet":"max-snippet:-1","max-image-preview":"max-image-preview:large","max-video-preview":"max-video-preview:-1"},"canonical":"https:\/\/divertarte.com\/index.php\/produto\/coracao-noivos\/","og_locale":"pt_PT","og_type":"article","og_title":".Corac\u00e3o Noivos Silhueta molde silicone -","og_description":"MOLDES DE SILICONE Medida 6,5X8X2 cm ACONSELHADO PARA sabonetes namorados, biscuits, massas de modelar, aplica\u00e7\u00f5es em velas","og_url":"https:\/\/divertarte.com\/index.php\/produto\/coracao-noivos\/","article_modified_time":"2025-11-06T14:05:14+00:00","og_image":[{"width":300,"height":300,"url":"https:\/\/divertarte.com\/wp-content\/uploads\/2018\/06\/molde-silicone-coracao-noivos-silhueta.jpg","type":"image\/jpeg"}],"twitter_card":"summary_large_image","schema":{"@context":"https:\/\/schema.org","@graph":[{"@type":"WebPage","@id":"https:\/\/divertarte.com\/index.php\/produto\/coracao-noivos\/","url":"https:\/\/divertarte.com\/index.php\/produto\/coracao-noivos\/","name":".Corac\u00e3o Noivos Silhueta molde silicone -","isPartOf":{"@id":"https:\/\/divertarte.com\/#website"},"primaryImageOfPage":{"@id":"https:\/\/divertarte.com\/index.php\/produto\/coracao-noivos\/#primaryimage"},"image":{"@id":"https:\/\/divertarte.com\/index.php\/produto\/coracao-noivos\/#primaryimage"},"thumbnailUrl":"https:\/\/divertarte.com\/wp-content\/uploads\/2018\/06\/molde-silicone-coracao-noivos-silhueta.jpg","datePublished":"2018-06-07T13:04:15+00:00","dateModified":"2025-11-06T14:05:14+00:00","description":"MOLDES DE SILICONE Medida 6,5X8X2 cm ACONSELHADO PARA sabonetes namorados, biscuits, massas de modelar, aplica\u00e7\u00f5es em velas","breadcrumb":{"@id":"https:\/\/divertarte.com\/index.php\/produto\/coracao-noivos\/#breadcrumb"},"inLanguage":"pt-PT","potentialAction":[{"@type":"ReadAction","target":["https:\/\/divertarte.com\/index.php\/produto\/coracao-noivos\/"]}]},{"@type":"ImageObject","inLanguage":"pt-PT","@id":"https:\/\/divertarte.com\/index.php\/produto\/coracao-noivos\/#primaryimage","url":"https:\/\/divertarte.com\/wp-content\/uploads\/2018\/06\/molde-silicone-coracao-noivos-silhueta.jpg","contentUrl":"https:\/\/divertarte.com\/wp-content\/uploads\/2018\/06\/molde-silicone-coracao-noivos-silhueta.jpg","width":300,"height":300},{"@type":"BreadcrumbList","@id":"https:\/\/divertarte.com\/index.php\/produto\/coracao-noivos\/#breadcrumb","itemListElement":[{"@type":"ListItem","position":1,"name":"In\u00edcio","item":"https:\/\/divertarte.com\/"},{"@type":"ListItem","position":2,"name":"Loja","item":"https:\/\/divertarte.com\/index.php\/divertarte-produtos\/"},{"@type":"ListItem","position":3,"name":".Corac\u00e3o Noivos Silhueta molde silicone"}]},{"@type":"WebSite","@id":"https:\/\/divertarte.com\/#website","url":"https:\/\/divertarte.com\/","name":"Divertarte","description":"","publisher":{"@id":"https:\/\/divertarte.com\/#organization"},"potentialAction":[{"@type":"SearchAction","target":{"@type":"EntryPoint","urlTemplate":"https:\/\/divertarte.com\/?s={search_term_string}"},"query-input":{"@type":"PropertyValueSpecification","valueRequired":true,"valueName":"search_term_string"}}],"inLanguage":"pt-PT"},{"@type":"Organization","@id":"https:\/\/divertarte.com\/#organization","name":"Divertarte","url":"https:\/\/divertarte.com\/","logo":{"@type":"ImageObject","inLanguage":"pt-PT","@id":"https:\/\/divertarte.com\/#\/schema\/logo\/image\/","url":"https:\/\/divertarte.com\/wp-content\/uploads\/2018\/07\/logo-div.jpg","contentUrl":"https:\/\/divertarte.com\/wp-content\/uploads\/2018\/07\/logo-div.jpg","width":295,"height":123,"caption":"Divertarte"},"image":{"@id":"https:\/\/divertarte.com\/#\/schema\/logo\/image\/"}}]}},"_links":{"self":[{"href":"https:\/\/divertarte.com\/index.php\/wp-json\/wp\/v2\/product\/3292","targetHints":{"allow":["GET"]}}],"collection":[{"href":"https:\/\/divertarte.com\/index.php\/wp-json\/wp\/v2\/product"}],"about":[{"href":"https:\/\/divertarte.com\/index.php\/wp-json\/wp\/v2\/types\/product"}],"replies":[{"embeddable":true,"href":"https:\/\/divertarte.com\/index.php\/wp-json\/wp\/v2\/comments?post=3292"}],"wp:featuredmedia":[{"embeddable":true,"href":"https:\/\/divertarte.com\/index.php\/wp-json\/wp\/v2\/media\/18212"}],"wp:attachment":[{"href":"https:\/\/divertarte.com\/index.php\/wp-json\/wp\/v2\/media?parent=3292"}],"wp:term":[{"taxonomy":"product_brand","embeddable":true,"href":"https:\/\/divertarte.com\/index.php\/wp-json\/wp\/v2\/product_brand?post=3292"},{"taxonomy":"product_cat","embeddable":true,"href":"https:\/\/divertarte.com\/index.php\/wp-json\/wp\/v2\/product_cat?post=3292"},{"taxonomy":"product_tag","embeddable":true,"href":"https:\/\/divertarte.com\/index.php\/wp-json\/wp\/v2\/product_tag?post=3292"}],"curies":[{"name":"wp","href":"https:\/\/api.w.org\/{rel}","templated":true}]}}