{"id":3168,"date":"2018-05-08T16:54:40","date_gmt":"2018-05-08T15:54:40","guid":{"rendered":"https:\/\/divertarte.com\/index.php\/produto\/tubo-de-ensaio-acrilico-10x16-pet\/"},"modified":"2026-02-25T10:23:10","modified_gmt":"2026-02-25T10:23:10","slug":"tubo-de-ensaio-acrilico-10x16-pet","status":"publish","type":"product","link":"https:\/\/divertarte.com\/index.php\/produto\/tubo-de-ensaio-acrilico-10x16-pet\/","title":{"rendered":"TUBO PET 10X1,6 Rolha Corti\u00e7a"},"content":{"rendered":"<p>TUBO PET 10X1,6 Rolha Corti\u00e7a. Tubos de ensaio de plastico PET &#8211; acr\u00edlico &#8211; Tubo Alt 10cmx1,6cm, Capacidade 13 ml &#8211; Rolha de Corti\u00e7a natural<\/p>\n<p>Ideal para prendinhas infantis, prendas de batizado, brindes de casamento.<\/p>\n<p>Alem disso tamb\u00e9m pode ser usado com pintarolas mini, confetis, porque o pl\u00e1stico \u00e9 pr\u00f3prio para alimentos<\/p>\n","protected":false},"excerpt":{"rendered":"<p>TUBO PET 10X1,6 Rolha Corti\u00e7a. Tubos de ensaio de plastico PET &#8211; acr\u00edlico &#8211; Tubo Alt 10cmx1,6cm, Capacidade 13 ml &#8211; Rolha de Corti\u00e7a natural<\/p>\n<p>Ideal para prendinhas infantis, prendas de batizado, brindes de casamento.<\/p>\n<p>Alem disso tamb\u00e9m pode ser usado com pintarolas mini, confetis, porque o pl\u00e1stico \u00e9 pr\u00f3prio para alimentos<\/p>\n","protected":false},"featured_media":20248,"comment_status":"open","ping_status":"closed","template":"","meta":{"_exactmetrics_skip_tracking":false,"_exactmetrics_sitenote_active":false,"_exactmetrics_sitenote_note":"","_exactmetrics_sitenote_category":0},"product_brand":[],"product_cat":[389,410,195,15],"product_tag":[],"class_list":{"0":"post-3168","1":"product","2":"type-product","3":"status-publish","4":"has-post-thumbnail","6":"product_cat-brindes-acessorios-para-convites-e-brindes-prendinhas","7":"product_cat-tubos-de-ensaio","8":"product_cat-tubos-de-ensaio-acrilico-plastico-pet","9":"product_cat-ver-todos-os-produtos","11":"first","12":"instock","13":"taxable","14":"shipping-taxable","15":"purchasable","16":"product-type-simple"},"yoast_head":"<!-- This site is optimized with the Yoast SEO plugin v27.4 - https:\/\/yoast.com\/product\/yoast-seo-wordpress\/ -->\n<title>TUBO PET 10X1,6 Rolha Corti\u00e7a -<\/title>\n<meta name=\"description\" content=\"TUBO PET 10X1,6 Rolha Corti\u00e7a. Tubos de ensaio de plastico PET acr\u00edlico para prendinhas infantis, prendas de batizado, brindes de casamento.\" \/>\n<meta name=\"robots\" content=\"index, follow, max-snippet:-1, max-image-preview:large, max-video-preview:-1\" \/>\n<link rel=\"canonical\" href=\"https:\/\/divertarte.com\/index.php\/produto\/tubo-de-ensaio-acrilico-10x16-pet\/\" \/>\n<meta property=\"og:locale\" content=\"pt_PT\" \/>\n<meta property=\"og:type\" content=\"article\" \/>\n<meta property=\"og:title\" content=\"TUBO PET 10X1,6 Rolha Corti\u00e7a -\" \/>\n<meta property=\"og:description\" content=\"TUBO PET 10X1,6 Rolha Corti\u00e7a. Tubos de ensaio de plastico PET acr\u00edlico para prendinhas infantis, prendas de batizado, brindes de casamento.\" \/>\n<meta property=\"og:url\" content=\"https:\/\/divertarte.com\/index.php\/produto\/tubo-de-ensaio-acrilico-10x16-pet\/\" \/>\n<meta property=\"article:modified_time\" content=\"2026-02-25T10:23:10+00:00\" \/>\n<meta property=\"og:image\" content=\"https:\/\/divertarte.com\/wp-content\/uploads\/2018\/05\/TUBO-PET-10X16-Rolha-Cortica.jpg\" \/>\n\t<meta property=\"og:image:width\" content=\"300\" \/>\n\t<meta property=\"og:image:height\" content=\"300\" \/>\n\t<meta property=\"og:image:type\" content=\"image\/jpeg\" \/>\n<meta name=\"twitter:card\" content=\"summary_large_image\" \/>\n<meta name=\"twitter:label1\" content=\"Tempo estimado de leitura\" \/>\n\t<meta name=\"twitter:data1\" content=\"1 minuto\" \/>\n<script type=\"application\/ld+json\" class=\"yoast-schema-graph\">{\"@context\":\"https:\\\/\\\/schema.org\",\"@graph\":[{\"@type\":\"WebPage\",\"@id\":\"https:\\\/\\\/divertarte.com\\\/index.php\\\/produto\\\/tubo-de-ensaio-acrilico-10x16-pet\\\/\",\"url\":\"https:\\\/\\\/divertarte.com\\\/index.php\\\/produto\\\/tubo-de-ensaio-acrilico-10x16-pet\\\/\",\"name\":\"TUBO PET 10X1,6 Rolha Corti\u00e7a -\",\"isPartOf\":{\"@id\":\"https:\\\/\\\/divertarte.com\\\/#website\"},\"primaryImageOfPage\":{\"@id\":\"https:\\\/\\\/divertarte.com\\\/index.php\\\/produto\\\/tubo-de-ensaio-acrilico-10x16-pet\\\/#primaryimage\"},\"image\":{\"@id\":\"https:\\\/\\\/divertarte.com\\\/index.php\\\/produto\\\/tubo-de-ensaio-acrilico-10x16-pet\\\/#primaryimage\"},\"thumbnailUrl\":\"https:\\\/\\\/divertarte.com\\\/wp-content\\\/uploads\\\/2018\\\/05\\\/TUBO-PET-10X16-Rolha-Cortica.jpg\",\"datePublished\":\"2018-05-08T15:54:40+00:00\",\"dateModified\":\"2026-02-25T10:23:10+00:00\",\"description\":\"TUBO PET 10X1,6 Rolha Corti\u00e7a. Tubos de ensaio de plastico PET acr\u00edlico para prendinhas infantis, prendas de batizado, brindes de casamento.\",\"breadcrumb\":{\"@id\":\"https:\\\/\\\/divertarte.com\\\/index.php\\\/produto\\\/tubo-de-ensaio-acrilico-10x16-pet\\\/#breadcrumb\"},\"inLanguage\":\"pt-PT\",\"potentialAction\":[{\"@type\":\"ReadAction\",\"target\":[\"https:\\\/\\\/divertarte.com\\\/index.php\\\/produto\\\/tubo-de-ensaio-acrilico-10x16-pet\\\/\"]}]},{\"@type\":\"ImageObject\",\"inLanguage\":\"pt-PT\",\"@id\":\"https:\\\/\\\/divertarte.com\\\/index.php\\\/produto\\\/tubo-de-ensaio-acrilico-10x16-pet\\\/#primaryimage\",\"url\":\"https:\\\/\\\/divertarte.com\\\/wp-content\\\/uploads\\\/2018\\\/05\\\/TUBO-PET-10X16-Rolha-Cortica.jpg\",\"contentUrl\":\"https:\\\/\\\/divertarte.com\\\/wp-content\\\/uploads\\\/2018\\\/05\\\/TUBO-PET-10X16-Rolha-Cortica.jpg\",\"width\":300,\"height\":300},{\"@type\":\"BreadcrumbList\",\"@id\":\"https:\\\/\\\/divertarte.com\\\/index.php\\\/produto\\\/tubo-de-ensaio-acrilico-10x16-pet\\\/#breadcrumb\",\"itemListElement\":[{\"@type\":\"ListItem\",\"position\":1,\"name\":\"In\u00edcio\",\"item\":\"https:\\\/\\\/divertarte.com\\\/\"},{\"@type\":\"ListItem\",\"position\":2,\"name\":\"Loja\",\"item\":\"https:\\\/\\\/divertarte.com\\\/index.php\\\/divertarte-produtos\\\/\"},{\"@type\":\"ListItem\",\"position\":3,\"name\":\"TUBO PET 10X1,6 Rolha Corti\u00e7a\"}]},{\"@type\":\"WebSite\",\"@id\":\"https:\\\/\\\/divertarte.com\\\/#website\",\"url\":\"https:\\\/\\\/divertarte.com\\\/\",\"name\":\"Divertarte\",\"description\":\"\",\"publisher\":{\"@id\":\"https:\\\/\\\/divertarte.com\\\/#organization\"},\"potentialAction\":[{\"@type\":\"SearchAction\",\"target\":{\"@type\":\"EntryPoint\",\"urlTemplate\":\"https:\\\/\\\/divertarte.com\\\/?s={search_term_string}\"},\"query-input\":{\"@type\":\"PropertyValueSpecification\",\"valueRequired\":true,\"valueName\":\"search_term_string\"}}],\"inLanguage\":\"pt-PT\"},{\"@type\":\"Organization\",\"@id\":\"https:\\\/\\\/divertarte.com\\\/#organization\",\"name\":\"Divertarte\",\"url\":\"https:\\\/\\\/divertarte.com\\\/\",\"logo\":{\"@type\":\"ImageObject\",\"inLanguage\":\"pt-PT\",\"@id\":\"https:\\\/\\\/divertarte.com\\\/#\\\/schema\\\/logo\\\/image\\\/\",\"url\":\"https:\\\/\\\/divertarte.com\\\/wp-content\\\/uploads\\\/2018\\\/07\\\/logo-div.jpg\",\"contentUrl\":\"https:\\\/\\\/divertarte.com\\\/wp-content\\\/uploads\\\/2018\\\/07\\\/logo-div.jpg\",\"width\":295,\"height\":123,\"caption\":\"Divertarte\"},\"image\":{\"@id\":\"https:\\\/\\\/divertarte.com\\\/#\\\/schema\\\/logo\\\/image\\\/\"}}]}<\/script>\n<!-- \/ Yoast SEO plugin. -->","yoast_head_json":{"title":"TUBO PET 10X1,6 Rolha Corti\u00e7a -","description":"TUBO PET 10X1,6 Rolha Corti\u00e7a. Tubos de ensaio de plastico PET acr\u00edlico para prendinhas infantis, prendas de batizado, brindes de casamento.","robots":{"index":"index","follow":"follow","max-snippet":"max-snippet:-1","max-image-preview":"max-image-preview:large","max-video-preview":"max-video-preview:-1"},"canonical":"https:\/\/divertarte.com\/index.php\/produto\/tubo-de-ensaio-acrilico-10x16-pet\/","og_locale":"pt_PT","og_type":"article","og_title":"TUBO PET 10X1,6 Rolha Corti\u00e7a -","og_description":"TUBO PET 10X1,6 Rolha Corti\u00e7a. Tubos de ensaio de plastico PET acr\u00edlico para prendinhas infantis, prendas de batizado, brindes de casamento.","og_url":"https:\/\/divertarte.com\/index.php\/produto\/tubo-de-ensaio-acrilico-10x16-pet\/","article_modified_time":"2026-02-25T10:23:10+00:00","og_image":[{"width":300,"height":300,"url":"https:\/\/divertarte.com\/wp-content\/uploads\/2018\/05\/TUBO-PET-10X16-Rolha-Cortica.jpg","type":"image\/jpeg"}],"twitter_card":"summary_large_image","twitter_misc":{"Tempo estimado de leitura":"1 minuto"},"schema":{"@context":"https:\/\/schema.org","@graph":[{"@type":"WebPage","@id":"https:\/\/divertarte.com\/index.php\/produto\/tubo-de-ensaio-acrilico-10x16-pet\/","url":"https:\/\/divertarte.com\/index.php\/produto\/tubo-de-ensaio-acrilico-10x16-pet\/","name":"TUBO PET 10X1,6 Rolha Corti\u00e7a -","isPartOf":{"@id":"https:\/\/divertarte.com\/#website"},"primaryImageOfPage":{"@id":"https:\/\/divertarte.com\/index.php\/produto\/tubo-de-ensaio-acrilico-10x16-pet\/#primaryimage"},"image":{"@id":"https:\/\/divertarte.com\/index.php\/produto\/tubo-de-ensaio-acrilico-10x16-pet\/#primaryimage"},"thumbnailUrl":"https:\/\/divertarte.com\/wp-content\/uploads\/2018\/05\/TUBO-PET-10X16-Rolha-Cortica.jpg","datePublished":"2018-05-08T15:54:40+00:00","dateModified":"2026-02-25T10:23:10+00:00","description":"TUBO PET 10X1,6 Rolha Corti\u00e7a. Tubos de ensaio de plastico PET acr\u00edlico para prendinhas infantis, prendas de batizado, brindes de casamento.","breadcrumb":{"@id":"https:\/\/divertarte.com\/index.php\/produto\/tubo-de-ensaio-acrilico-10x16-pet\/#breadcrumb"},"inLanguage":"pt-PT","potentialAction":[{"@type":"ReadAction","target":["https:\/\/divertarte.com\/index.php\/produto\/tubo-de-ensaio-acrilico-10x16-pet\/"]}]},{"@type":"ImageObject","inLanguage":"pt-PT","@id":"https:\/\/divertarte.com\/index.php\/produto\/tubo-de-ensaio-acrilico-10x16-pet\/#primaryimage","url":"https:\/\/divertarte.com\/wp-content\/uploads\/2018\/05\/TUBO-PET-10X16-Rolha-Cortica.jpg","contentUrl":"https:\/\/divertarte.com\/wp-content\/uploads\/2018\/05\/TUBO-PET-10X16-Rolha-Cortica.jpg","width":300,"height":300},{"@type":"BreadcrumbList","@id":"https:\/\/divertarte.com\/index.php\/produto\/tubo-de-ensaio-acrilico-10x16-pet\/#breadcrumb","itemListElement":[{"@type":"ListItem","position":1,"name":"In\u00edcio","item":"https:\/\/divertarte.com\/"},{"@type":"ListItem","position":2,"name":"Loja","item":"https:\/\/divertarte.com\/index.php\/divertarte-produtos\/"},{"@type":"ListItem","position":3,"name":"TUBO PET 10X1,6 Rolha Corti\u00e7a"}]},{"@type":"WebSite","@id":"https:\/\/divertarte.com\/#website","url":"https:\/\/divertarte.com\/","name":"Divertarte","description":"","publisher":{"@id":"https:\/\/divertarte.com\/#organization"},"potentialAction":[{"@type":"SearchAction","target":{"@type":"EntryPoint","urlTemplate":"https:\/\/divertarte.com\/?s={search_term_string}"},"query-input":{"@type":"PropertyValueSpecification","valueRequired":true,"valueName":"search_term_string"}}],"inLanguage":"pt-PT"},{"@type":"Organization","@id":"https:\/\/divertarte.com\/#organization","name":"Divertarte","url":"https:\/\/divertarte.com\/","logo":{"@type":"ImageObject","inLanguage":"pt-PT","@id":"https:\/\/divertarte.com\/#\/schema\/logo\/image\/","url":"https:\/\/divertarte.com\/wp-content\/uploads\/2018\/07\/logo-div.jpg","contentUrl":"https:\/\/divertarte.com\/wp-content\/uploads\/2018\/07\/logo-div.jpg","width":295,"height":123,"caption":"Divertarte"},"image":{"@id":"https:\/\/divertarte.com\/#\/schema\/logo\/image\/"}}]}},"_links":{"self":[{"href":"https:\/\/divertarte.com\/index.php\/wp-json\/wp\/v2\/product\/3168","targetHints":{"allow":["GET"]}}],"collection":[{"href":"https:\/\/divertarte.com\/index.php\/wp-json\/wp\/v2\/product"}],"about":[{"href":"https:\/\/divertarte.com\/index.php\/wp-json\/wp\/v2\/types\/product"}],"replies":[{"embeddable":true,"href":"https:\/\/divertarte.com\/index.php\/wp-json\/wp\/v2\/comments?post=3168"}],"wp:featuredmedia":[{"embeddable":true,"href":"https:\/\/divertarte.com\/index.php\/wp-json\/wp\/v2\/media\/20248"}],"wp:attachment":[{"href":"https:\/\/divertarte.com\/index.php\/wp-json\/wp\/v2\/media?parent=3168"}],"wp:term":[{"taxonomy":"product_brand","embeddable":true,"href":"https:\/\/divertarte.com\/index.php\/wp-json\/wp\/v2\/product_brand?post=3168"},{"taxonomy":"product_cat","embeddable":true,"href":"https:\/\/divertarte.com\/index.php\/wp-json\/wp\/v2\/product_cat?post=3168"},{"taxonomy":"product_tag","embeddable":true,"href":"https:\/\/divertarte.com\/index.php\/wp-json\/wp\/v2\/product_tag?post=3168"}],"curies":[{"name":"wp","href":"https:\/\/api.w.org\/{rel}","templated":true}]}}