{"id":3154,"date":"2018-06-07T14:08:19","date_gmt":"2018-06-07T13:08:19","guid":{"rendered":"https:\/\/divertarte.com\/index.php\/produto\/sabonetes-mini\/"},"modified":"2025-11-06T13:54:18","modified_gmt":"2025-11-06T13:54:18","slug":"sabonetes-mini","status":"publish","type":"product","link":"https:\/\/divertarte.com\/index.php\/produto\/sabonetes-mini\/","title":{"rendered":"SABONETES MINI"},"content":{"rendered":"<p>MOLDE PL\u00c3\u0081STICO COM 3 CAVIDADES OVAL E 3 CAVIDADES RECTANGULARES &#8211; 5,5X3,5X1,5 CM <BR> IDEAIS PARA PRENDINHAS DE CASAMENTO E PRENDINHAS DE BAPTIZADO, OFERTAS, SABONETES DE HOTEL, BASES PARA APLICA\u00c7\u00d5ES ETC. A FIGURA ILUSTRA OS SABONETES J\u00c1ACABADOS E DECORADOS.<br \/>\n<br \/> Molde pedido por encomenda. Tempo de espera 3 semanas<\/p>\n","protected":false},"excerpt":{"rendered":"<p>MOLDE PL\u00c3\u0081STICO COM 3 CAVIDADES OVAL E 3 CAVIDADES RECTANGULARES &#8211; 5,5X3,5X1,5 CM <BR> IDEAIS PARA PRENDINHAS DE CASAMENTO E PRENDINHAS DE BAPTIZADO, OFERTAS, SABONETES DE HOTEL, BASES PARA APLICA\u00c7\u00d5ES ETC. A FIGURA ILUSTRA OS SABONETES J\u00c1ACABADOS E DECORADOS.<br \/>\n<br \/> Molde pedido por encomenda. Tempo de espera 3 semanas<\/p>\n","protected":false},"featured_media":6822,"comment_status":"closed","ping_status":"open","template":"","meta":{"_exactmetrics_skip_tracking":false,"_exactmetrics_sitenote_active":false,"_exactmetrics_sitenote_note":"","_exactmetrics_sitenote_category":0},"product_brand":[],"product_cat":[15],"product_tag":[],"class_list":{"0":"post-3154","1":"product","2":"type-product","3":"status-publish","4":"has-post-thumbnail","6":"product_cat-ver-todos-os-produtos","8":"first","9":"instock","10":"taxable","11":"shipping-taxable","12":"purchasable","13":"product-type-simple"},"yoast_head":"<!-- This site is optimized with the Yoast SEO plugin v27.5 - https:\/\/yoast.com\/product\/yoast-seo-wordpress\/ -->\n<title>SABONETES MINI -<\/title>\n<meta name=\"robots\" content=\"index, follow, max-snippet:-1, max-image-preview:large, max-video-preview:-1\" \/>\n<link rel=\"canonical\" href=\"https:\/\/divertarte.com\/index.php\/produto\/sabonetes-mini\/\" \/>\n<meta property=\"og:locale\" content=\"pt_PT\" \/>\n<meta property=\"og:type\" content=\"article\" \/>\n<meta property=\"og:title\" content=\"SABONETES MINI -\" \/>\n<meta property=\"og:description\" content=\"MOLDE PL\u00c3\u0081STICO COM 3 CAVIDADES OVAL E 3 CAVIDADES RECTANGULARES - 5,5X3,5X1,5 CM IDEAIS PARA PRENDINHAS DE CASAMENTO E PRENDINHAS DE BAPTIZADO, OFERTAS, SABONETES DE HOTEL, BASES PARA APLICA\u00c7\u00d5ES ETC. A FIGURA ILUSTRA OS SABONETES J\u00c1ACABADOS E DECORADOS.  Molde pedido por encomenda. Tempo de espera 3 semanas\" \/>\n<meta property=\"og:url\" content=\"https:\/\/divertarte.com\/index.php\/produto\/sabonetes-mini\/\" \/>\n<meta property=\"article:modified_time\" content=\"2025-11-06T13:54:18+00:00\" \/>\n<meta property=\"og:image\" content=\"https:\/\/divertarte.com\/wp-content\/uploads\/2018\/05\/72076.jpg\" \/>\n\t<meta property=\"og:image:width\" content=\"558\" \/>\n\t<meta property=\"og:image:height\" content=\"558\" \/>\n\t<meta property=\"og:image:type\" content=\"image\/jpeg\" \/>\n<meta name=\"twitter:card\" content=\"summary_large_image\" \/>\n<script type=\"application\/ld+json\" class=\"yoast-schema-graph\">{\"@context\":\"https:\\\/\\\/schema.org\",\"@graph\":[{\"@type\":\"WebPage\",\"@id\":\"https:\\\/\\\/divertarte.com\\\/index.php\\\/produto\\\/sabonetes-mini\\\/\",\"url\":\"https:\\\/\\\/divertarte.com\\\/index.php\\\/produto\\\/sabonetes-mini\\\/\",\"name\":\"SABONETES MINI -\",\"isPartOf\":{\"@id\":\"https:\\\/\\\/divertarte.com\\\/#website\"},\"primaryImageOfPage\":{\"@id\":\"https:\\\/\\\/divertarte.com\\\/index.php\\\/produto\\\/sabonetes-mini\\\/#primaryimage\"},\"image\":{\"@id\":\"https:\\\/\\\/divertarte.com\\\/index.php\\\/produto\\\/sabonetes-mini\\\/#primaryimage\"},\"thumbnailUrl\":\"https:\\\/\\\/divertarte.com\\\/wp-content\\\/uploads\\\/2018\\\/05\\\/72076.jpg\",\"datePublished\":\"2018-06-07T13:08:19+00:00\",\"dateModified\":\"2025-11-06T13:54:18+00:00\",\"breadcrumb\":{\"@id\":\"https:\\\/\\\/divertarte.com\\\/index.php\\\/produto\\\/sabonetes-mini\\\/#breadcrumb\"},\"inLanguage\":\"pt-PT\",\"potentialAction\":[{\"@type\":\"ReadAction\",\"target\":[\"https:\\\/\\\/divertarte.com\\\/index.php\\\/produto\\\/sabonetes-mini\\\/\"]}]},{\"@type\":\"ImageObject\",\"inLanguage\":\"pt-PT\",\"@id\":\"https:\\\/\\\/divertarte.com\\\/index.php\\\/produto\\\/sabonetes-mini\\\/#primaryimage\",\"url\":\"https:\\\/\\\/divertarte.com\\\/wp-content\\\/uploads\\\/2018\\\/05\\\/72076.jpg\",\"contentUrl\":\"https:\\\/\\\/divertarte.com\\\/wp-content\\\/uploads\\\/2018\\\/05\\\/72076.jpg\",\"width\":558,\"height\":558},{\"@type\":\"BreadcrumbList\",\"@id\":\"https:\\\/\\\/divertarte.com\\\/index.php\\\/produto\\\/sabonetes-mini\\\/#breadcrumb\",\"itemListElement\":[{\"@type\":\"ListItem\",\"position\":1,\"name\":\"In\u00edcio\",\"item\":\"https:\\\/\\\/divertarte.com\\\/\"},{\"@type\":\"ListItem\",\"position\":2,\"name\":\"Loja\",\"item\":\"https:\\\/\\\/divertarte.com\\\/index.php\\\/divertarte-produtos\\\/\"},{\"@type\":\"ListItem\",\"position\":3,\"name\":\"SABONETES MINI\"}]},{\"@type\":\"WebSite\",\"@id\":\"https:\\\/\\\/divertarte.com\\\/#website\",\"url\":\"https:\\\/\\\/divertarte.com\\\/\",\"name\":\"Divertarte\",\"description\":\"\",\"publisher\":{\"@id\":\"https:\\\/\\\/divertarte.com\\\/#organization\"},\"potentialAction\":[{\"@type\":\"SearchAction\",\"target\":{\"@type\":\"EntryPoint\",\"urlTemplate\":\"https:\\\/\\\/divertarte.com\\\/?s={search_term_string}\"},\"query-input\":{\"@type\":\"PropertyValueSpecification\",\"valueRequired\":true,\"valueName\":\"search_term_string\"}}],\"inLanguage\":\"pt-PT\"},{\"@type\":\"Organization\",\"@id\":\"https:\\\/\\\/divertarte.com\\\/#organization\",\"name\":\"Divertarte\",\"url\":\"https:\\\/\\\/divertarte.com\\\/\",\"logo\":{\"@type\":\"ImageObject\",\"inLanguage\":\"pt-PT\",\"@id\":\"https:\\\/\\\/divertarte.com\\\/#\\\/schema\\\/logo\\\/image\\\/\",\"url\":\"https:\\\/\\\/divertarte.com\\\/wp-content\\\/uploads\\\/2018\\\/07\\\/logo-div.jpg\",\"contentUrl\":\"https:\\\/\\\/divertarte.com\\\/wp-content\\\/uploads\\\/2018\\\/07\\\/logo-div.jpg\",\"width\":295,\"height\":123,\"caption\":\"Divertarte\"},\"image\":{\"@id\":\"https:\\\/\\\/divertarte.com\\\/#\\\/schema\\\/logo\\\/image\\\/\"}}]}<\/script>\n<!-- \/ Yoast SEO plugin. -->","yoast_head_json":{"title":"SABONETES MINI -","robots":{"index":"index","follow":"follow","max-snippet":"max-snippet:-1","max-image-preview":"max-image-preview:large","max-video-preview":"max-video-preview:-1"},"canonical":"https:\/\/divertarte.com\/index.php\/produto\/sabonetes-mini\/","og_locale":"pt_PT","og_type":"article","og_title":"SABONETES MINI -","og_description":"MOLDE PL\u00c3\u0081STICO COM 3 CAVIDADES OVAL E 3 CAVIDADES RECTANGULARES - 5,5X3,5X1,5 CM IDEAIS PARA PRENDINHAS DE CASAMENTO E PRENDINHAS DE BAPTIZADO, OFERTAS, SABONETES DE HOTEL, BASES PARA APLICA\u00c7\u00d5ES ETC. A FIGURA ILUSTRA OS SABONETES J\u00c1ACABADOS E DECORADOS.  Molde pedido por encomenda. Tempo de espera 3 semanas","og_url":"https:\/\/divertarte.com\/index.php\/produto\/sabonetes-mini\/","article_modified_time":"2025-11-06T13:54:18+00:00","og_image":[{"width":558,"height":558,"url":"https:\/\/divertarte.com\/wp-content\/uploads\/2018\/05\/72076.jpg","type":"image\/jpeg"}],"twitter_card":"summary_large_image","schema":{"@context":"https:\/\/schema.org","@graph":[{"@type":"WebPage","@id":"https:\/\/divertarte.com\/index.php\/produto\/sabonetes-mini\/","url":"https:\/\/divertarte.com\/index.php\/produto\/sabonetes-mini\/","name":"SABONETES MINI -","isPartOf":{"@id":"https:\/\/divertarte.com\/#website"},"primaryImageOfPage":{"@id":"https:\/\/divertarte.com\/index.php\/produto\/sabonetes-mini\/#primaryimage"},"image":{"@id":"https:\/\/divertarte.com\/index.php\/produto\/sabonetes-mini\/#primaryimage"},"thumbnailUrl":"https:\/\/divertarte.com\/wp-content\/uploads\/2018\/05\/72076.jpg","datePublished":"2018-06-07T13:08:19+00:00","dateModified":"2025-11-06T13:54:18+00:00","breadcrumb":{"@id":"https:\/\/divertarte.com\/index.php\/produto\/sabonetes-mini\/#breadcrumb"},"inLanguage":"pt-PT","potentialAction":[{"@type":"ReadAction","target":["https:\/\/divertarte.com\/index.php\/produto\/sabonetes-mini\/"]}]},{"@type":"ImageObject","inLanguage":"pt-PT","@id":"https:\/\/divertarte.com\/index.php\/produto\/sabonetes-mini\/#primaryimage","url":"https:\/\/divertarte.com\/wp-content\/uploads\/2018\/05\/72076.jpg","contentUrl":"https:\/\/divertarte.com\/wp-content\/uploads\/2018\/05\/72076.jpg","width":558,"height":558},{"@type":"BreadcrumbList","@id":"https:\/\/divertarte.com\/index.php\/produto\/sabonetes-mini\/#breadcrumb","itemListElement":[{"@type":"ListItem","position":1,"name":"In\u00edcio","item":"https:\/\/divertarte.com\/"},{"@type":"ListItem","position":2,"name":"Loja","item":"https:\/\/divertarte.com\/index.php\/divertarte-produtos\/"},{"@type":"ListItem","position":3,"name":"SABONETES MINI"}]},{"@type":"WebSite","@id":"https:\/\/divertarte.com\/#website","url":"https:\/\/divertarte.com\/","name":"Divertarte","description":"","publisher":{"@id":"https:\/\/divertarte.com\/#organization"},"potentialAction":[{"@type":"SearchAction","target":{"@type":"EntryPoint","urlTemplate":"https:\/\/divertarte.com\/?s={search_term_string}"},"query-input":{"@type":"PropertyValueSpecification","valueRequired":true,"valueName":"search_term_string"}}],"inLanguage":"pt-PT"},{"@type":"Organization","@id":"https:\/\/divertarte.com\/#organization","name":"Divertarte","url":"https:\/\/divertarte.com\/","logo":{"@type":"ImageObject","inLanguage":"pt-PT","@id":"https:\/\/divertarte.com\/#\/schema\/logo\/image\/","url":"https:\/\/divertarte.com\/wp-content\/uploads\/2018\/07\/logo-div.jpg","contentUrl":"https:\/\/divertarte.com\/wp-content\/uploads\/2018\/07\/logo-div.jpg","width":295,"height":123,"caption":"Divertarte"},"image":{"@id":"https:\/\/divertarte.com\/#\/schema\/logo\/image\/"}}]}},"_links":{"self":[{"href":"https:\/\/divertarte.com\/index.php\/wp-json\/wp\/v2\/product\/3154","targetHints":{"allow":["GET"]}}],"collection":[{"href":"https:\/\/divertarte.com\/index.php\/wp-json\/wp\/v2\/product"}],"about":[{"href":"https:\/\/divertarte.com\/index.php\/wp-json\/wp\/v2\/types\/product"}],"replies":[{"embeddable":true,"href":"https:\/\/divertarte.com\/index.php\/wp-json\/wp\/v2\/comments?post=3154"}],"wp:featuredmedia":[{"embeddable":true,"href":"https:\/\/divertarte.com\/index.php\/wp-json\/wp\/v2\/media\/6822"}],"wp:attachment":[{"href":"https:\/\/divertarte.com\/index.php\/wp-json\/wp\/v2\/media?parent=3154"}],"wp:term":[{"taxonomy":"product_brand","embeddable":true,"href":"https:\/\/divertarte.com\/index.php\/wp-json\/wp\/v2\/product_brand?post=3154"},{"taxonomy":"product_cat","embeddable":true,"href":"https:\/\/divertarte.com\/index.php\/wp-json\/wp\/v2\/product_cat?post=3154"},{"taxonomy":"product_tag","embeddable":true,"href":"https:\/\/divertarte.com\/index.php\/wp-json\/wp\/v2\/product_tag?post=3154"}],"curies":[{"name":"wp","href":"https:\/\/api.w.org\/{rel}","templated":true}]}}