{"id":3150,"date":"2018-05-08T16:54:34","date_gmt":"2018-05-08T15:54:34","guid":{"rendered":"https:\/\/divertarte.com\/index.php\/produto\/barco-ae-vela\/"},"modified":"2025-11-06T14:15:42","modified_gmt":"2025-11-06T14:15:42","slug":"barco-ae-vela","status":"publish","type":"product","link":"https:\/\/divertarte.com\/index.php\/produto\/barco-ae-vela\/","title":{"rendered":"BARCO \u00c3\u20ac VELA"},"content":{"rendered":"<p>MOLDES DE SILICONE &#8211; Medida &#8211; 5,5x6x1cm. ACONSELHADO PARA : biscuits, sabonetes, resinas, massas de modelar, etc. Ideal para fazer aplica\u00e7\u00f5es em caixinhas de madeira. Prendinhas para anivers\u00e1rio, Cestas de banho &#8211; N\u00e3o aconselhado em produtos aliment\u00edcios. As medidas das pe\u00e7as feitas nos moldes s\u00e3o em cent\u00edmetros e considera-se: largura x comprimento x espessura. FABRICO PR\u00d3PRIO &#8211; FEITO POR ENCOMENDA<\/p>\n","protected":false},"excerpt":{"rendered":"<p>MOLDES DE SILICONE &#8211; Medida &#8211; 5,5x6x1cm. ACONSELHADO PARA : biscuits, sabonetes, resinas, massas de modelar, etc. Ideal para fazer aplica\u00e7\u00f5es em caixinhas de madeira. Prendinhas para anivers\u00e1rio, Cestas de banho &#8211; N\u00e3o aconselhado em produtos aliment\u00edcios. As medidas das pe\u00e7as feitas nos moldes s\u00e3o em cent\u00edmetros e considera-se: largura x comprimento x espessura. FABRICO PR\u00d3PRIO &#8211; FEITO POR ENCOMENDA<\/p>\n","protected":false},"featured_media":0,"comment_status":"open","ping_status":"closed","template":"","meta":{"_exactmetrics_skip_tracking":false,"_exactmetrics_sitenote_active":false,"_exactmetrics_sitenote_note":"","_exactmetrics_sitenote_category":0},"product_brand":[],"product_cat":[15],"product_tag":[],"class_list":{"0":"post-3150","1":"product","2":"type-product","3":"status-publish","5":"product_cat-ver-todos-os-produtos","7":"first","8":"instock","9":"taxable","10":"shipping-taxable","11":"purchasable","12":"product-type-simple"},"yoast_head":"<!-- This site is optimized with the Yoast SEO plugin v27.4 - https:\/\/yoast.com\/product\/yoast-seo-wordpress\/ -->\n<title>BARCO \u00c3\u20ac VELA -<\/title>\n<meta name=\"robots\" content=\"index, follow, max-snippet:-1, max-image-preview:large, max-video-preview:-1\" \/>\n<link rel=\"canonical\" href=\"https:\/\/divertarte.com\/index.php\/produto\/barco-ae-vela\/\" \/>\n<meta property=\"og:locale\" content=\"pt_PT\" \/>\n<meta property=\"og:type\" content=\"article\" \/>\n<meta property=\"og:title\" content=\"BARCO \u00c3\u20ac VELA -\" \/>\n<meta property=\"og:description\" content=\"MOLDES DE SILICONE - Medida - 5,5x6x1cm. ACONSELHADO PARA : biscuits, sabonetes, resinas, massas de modelar, etc. Ideal para fazer aplica\u00e7\u00f5es em caixinhas de madeira. Prendinhas para anivers\u00e1rio, Cestas de banho - N\u00e3o aconselhado em produtos aliment\u00edcios. As medidas das pe\u00e7as feitas nos moldes s\u00e3o em cent\u00edmetros e considera-se: largura x comprimento x espessura. FABRICO PR\u00d3PRIO - FEITO POR ENCOMENDA\" \/>\n<meta property=\"og:url\" content=\"https:\/\/divertarte.com\/index.php\/produto\/barco-ae-vela\/\" \/>\n<meta property=\"article:modified_time\" content=\"2025-11-06T14:15:42+00:00\" \/>\n<meta name=\"twitter:card\" content=\"summary_large_image\" \/>\n<script type=\"application\/ld+json\" class=\"yoast-schema-graph\">{\"@context\":\"https:\\\/\\\/schema.org\",\"@graph\":[{\"@type\":\"WebPage\",\"@id\":\"https:\\\/\\\/divertarte.com\\\/index.php\\\/produto\\\/barco-ae-vela\\\/\",\"url\":\"https:\\\/\\\/divertarte.com\\\/index.php\\\/produto\\\/barco-ae-vela\\\/\",\"name\":\"BARCO \u00c3\u20ac VELA -\",\"isPartOf\":{\"@id\":\"https:\\\/\\\/divertarte.com\\\/#website\"},\"datePublished\":\"2018-05-08T15:54:34+00:00\",\"dateModified\":\"2025-11-06T14:15:42+00:00\",\"breadcrumb\":{\"@id\":\"https:\\\/\\\/divertarte.com\\\/index.php\\\/produto\\\/barco-ae-vela\\\/#breadcrumb\"},\"inLanguage\":\"pt-PT\",\"potentialAction\":[{\"@type\":\"ReadAction\",\"target\":[\"https:\\\/\\\/divertarte.com\\\/index.php\\\/produto\\\/barco-ae-vela\\\/\"]}]},{\"@type\":\"BreadcrumbList\",\"@id\":\"https:\\\/\\\/divertarte.com\\\/index.php\\\/produto\\\/barco-ae-vela\\\/#breadcrumb\",\"itemListElement\":[{\"@type\":\"ListItem\",\"position\":1,\"name\":\"In\u00edcio\",\"item\":\"https:\\\/\\\/divertarte.com\\\/\"},{\"@type\":\"ListItem\",\"position\":2,\"name\":\"Loja\",\"item\":\"https:\\\/\\\/divertarte.com\\\/index.php\\\/divertarte-produtos\\\/\"},{\"@type\":\"ListItem\",\"position\":3,\"name\":\"BARCO \u00c3\u20ac VELA\"}]},{\"@type\":\"WebSite\",\"@id\":\"https:\\\/\\\/divertarte.com\\\/#website\",\"url\":\"https:\\\/\\\/divertarte.com\\\/\",\"name\":\"Divertarte\",\"description\":\"\",\"publisher\":{\"@id\":\"https:\\\/\\\/divertarte.com\\\/#organization\"},\"potentialAction\":[{\"@type\":\"SearchAction\",\"target\":{\"@type\":\"EntryPoint\",\"urlTemplate\":\"https:\\\/\\\/divertarte.com\\\/?s={search_term_string}\"},\"query-input\":{\"@type\":\"PropertyValueSpecification\",\"valueRequired\":true,\"valueName\":\"search_term_string\"}}],\"inLanguage\":\"pt-PT\"},{\"@type\":\"Organization\",\"@id\":\"https:\\\/\\\/divertarte.com\\\/#organization\",\"name\":\"Divertarte\",\"url\":\"https:\\\/\\\/divertarte.com\\\/\",\"logo\":{\"@type\":\"ImageObject\",\"inLanguage\":\"pt-PT\",\"@id\":\"https:\\\/\\\/divertarte.com\\\/#\\\/schema\\\/logo\\\/image\\\/\",\"url\":\"https:\\\/\\\/divertarte.com\\\/wp-content\\\/uploads\\\/2018\\\/07\\\/logo-div.jpg\",\"contentUrl\":\"https:\\\/\\\/divertarte.com\\\/wp-content\\\/uploads\\\/2018\\\/07\\\/logo-div.jpg\",\"width\":295,\"height\":123,\"caption\":\"Divertarte\"},\"image\":{\"@id\":\"https:\\\/\\\/divertarte.com\\\/#\\\/schema\\\/logo\\\/image\\\/\"}}]}<\/script>\n<!-- \/ Yoast SEO plugin. -->","yoast_head_json":{"title":"BARCO \u00c3\u20ac VELA -","robots":{"index":"index","follow":"follow","max-snippet":"max-snippet:-1","max-image-preview":"max-image-preview:large","max-video-preview":"max-video-preview:-1"},"canonical":"https:\/\/divertarte.com\/index.php\/produto\/barco-ae-vela\/","og_locale":"pt_PT","og_type":"article","og_title":"BARCO \u00c3\u20ac VELA -","og_description":"MOLDES DE SILICONE - Medida - 5,5x6x1cm. ACONSELHADO PARA : biscuits, sabonetes, resinas, massas de modelar, etc. Ideal para fazer aplica\u00e7\u00f5es em caixinhas de madeira. Prendinhas para anivers\u00e1rio, Cestas de banho - N\u00e3o aconselhado em produtos aliment\u00edcios. As medidas das pe\u00e7as feitas nos moldes s\u00e3o em cent\u00edmetros e considera-se: largura x comprimento x espessura. FABRICO PR\u00d3PRIO - FEITO POR ENCOMENDA","og_url":"https:\/\/divertarte.com\/index.php\/produto\/barco-ae-vela\/","article_modified_time":"2025-11-06T14:15:42+00:00","twitter_card":"summary_large_image","schema":{"@context":"https:\/\/schema.org","@graph":[{"@type":"WebPage","@id":"https:\/\/divertarte.com\/index.php\/produto\/barco-ae-vela\/","url":"https:\/\/divertarte.com\/index.php\/produto\/barco-ae-vela\/","name":"BARCO \u00c3\u20ac VELA -","isPartOf":{"@id":"https:\/\/divertarte.com\/#website"},"datePublished":"2018-05-08T15:54:34+00:00","dateModified":"2025-11-06T14:15:42+00:00","breadcrumb":{"@id":"https:\/\/divertarte.com\/index.php\/produto\/barco-ae-vela\/#breadcrumb"},"inLanguage":"pt-PT","potentialAction":[{"@type":"ReadAction","target":["https:\/\/divertarte.com\/index.php\/produto\/barco-ae-vela\/"]}]},{"@type":"BreadcrumbList","@id":"https:\/\/divertarte.com\/index.php\/produto\/barco-ae-vela\/#breadcrumb","itemListElement":[{"@type":"ListItem","position":1,"name":"In\u00edcio","item":"https:\/\/divertarte.com\/"},{"@type":"ListItem","position":2,"name":"Loja","item":"https:\/\/divertarte.com\/index.php\/divertarte-produtos\/"},{"@type":"ListItem","position":3,"name":"BARCO \u00c3\u20ac VELA"}]},{"@type":"WebSite","@id":"https:\/\/divertarte.com\/#website","url":"https:\/\/divertarte.com\/","name":"Divertarte","description":"","publisher":{"@id":"https:\/\/divertarte.com\/#organization"},"potentialAction":[{"@type":"SearchAction","target":{"@type":"EntryPoint","urlTemplate":"https:\/\/divertarte.com\/?s={search_term_string}"},"query-input":{"@type":"PropertyValueSpecification","valueRequired":true,"valueName":"search_term_string"}}],"inLanguage":"pt-PT"},{"@type":"Organization","@id":"https:\/\/divertarte.com\/#organization","name":"Divertarte","url":"https:\/\/divertarte.com\/","logo":{"@type":"ImageObject","inLanguage":"pt-PT","@id":"https:\/\/divertarte.com\/#\/schema\/logo\/image\/","url":"https:\/\/divertarte.com\/wp-content\/uploads\/2018\/07\/logo-div.jpg","contentUrl":"https:\/\/divertarte.com\/wp-content\/uploads\/2018\/07\/logo-div.jpg","width":295,"height":123,"caption":"Divertarte"},"image":{"@id":"https:\/\/divertarte.com\/#\/schema\/logo\/image\/"}}]}},"_links":{"self":[{"href":"https:\/\/divertarte.com\/index.php\/wp-json\/wp\/v2\/product\/3150","targetHints":{"allow":["GET"]}}],"collection":[{"href":"https:\/\/divertarte.com\/index.php\/wp-json\/wp\/v2\/product"}],"about":[{"href":"https:\/\/divertarte.com\/index.php\/wp-json\/wp\/v2\/types\/product"}],"replies":[{"embeddable":true,"href":"https:\/\/divertarte.com\/index.php\/wp-json\/wp\/v2\/comments?post=3150"}],"wp:attachment":[{"href":"https:\/\/divertarte.com\/index.php\/wp-json\/wp\/v2\/media?parent=3150"}],"wp:term":[{"taxonomy":"product_brand","embeddable":true,"href":"https:\/\/divertarte.com\/index.php\/wp-json\/wp\/v2\/product_brand?post=3150"},{"taxonomy":"product_cat","embeddable":true,"href":"https:\/\/divertarte.com\/index.php\/wp-json\/wp\/v2\/product_cat?post=3150"},{"taxonomy":"product_tag","embeddable":true,"href":"https:\/\/divertarte.com\/index.php\/wp-json\/wp\/v2\/product_tag?post=3150"}],"curies":[{"name":"wp","href":"https:\/\/api.w.org\/{rel}","templated":true}]}}