{"id":3140,"date":"2018-06-07T14:06:56","date_gmt":"2018-06-07T13:06:56","guid":{"rendered":"https:\/\/divertarte.com\/index.php\/produto\/borboleta-p\/"},"modified":"2025-11-06T13:59:28","modified_gmt":"2025-11-06T13:59:28","slug":"borboleta-p-molde-de-silicone","status":"publish","type":"product","link":"https:\/\/divertarte.com\/index.php\/produto\/borboleta-p-molde-de-silicone\/","title":{"rendered":"Borboleta P molde de silicone"},"content":{"rendered":"<p>Borboleta P molde de silicone Medida &#8211; 6x4x1.2cm. ACONSELHADO PARA : biscuits, sabonetes, resinas, vela em parafina ou gel, massas de modelar, ideal para fazer aplica\u00e7\u00f5es em velas, caixinhas de madeira. Al\u00e9m disso para rendinhas para anivers\u00e1rio. Contudo n\u00e3o aconselhado em produtos aliment\u00edcios. As medidas das pe\u00e7as feitas nos moldes s\u00e3o em cent\u00edmetros e considera-se: largura x comprimento x espessura. FABRICO PROPRIO &#8211; FEIRO POR ENCOMENDA<\/p>\n","protected":false},"excerpt":{"rendered":"<p>Borboleta P molde de silicone Medida &#8211; 6x4x1.2cm. ACONSELHADO PARA : biscuits, sabonetes, resinas, vela em parafina ou gel, massas de modelar, ideal para fazer aplica\u00e7\u00f5es em velas, caixinhas de madeira. Al\u00e9m disso para rendinhas para anivers\u00e1rio. Contudo n\u00e3o aconselhado em produtos aliment\u00edcios. As medidas das pe\u00e7as feitas nos moldes s\u00e3o em cent\u00edmetros e considera-se: largura x comprimento x espessura. FABRICO PROPRIO &#8211; FEIRO POR ENCOMENDA<\/p>\n","protected":false},"featured_media":9892,"comment_status":"closed","ping_status":"closed","template":"","meta":{"_exactmetrics_skip_tracking":false,"_exactmetrics_sitenote_active":false,"_exactmetrics_sitenote_note":"","_exactmetrics_sitenote_category":0},"product_brand":[],"product_cat":[85,54,15],"product_tag":[],"class_list":{"0":"post-3140","1":"product","2":"type-product","3":"status-publish","4":"has-post-thumbnail","6":"product_cat-moldes-animais","7":"product_cat-moldes-de-silicone-em-portugal","8":"product_cat-ver-todos-os-produtos","10":"first","11":"instock","12":"taxable","13":"shipping-taxable","14":"purchasable","15":"product-type-simple"},"yoast_head":"<!-- This site is optimized with the Yoast SEO plugin v27.4 - https:\/\/yoast.com\/product\/yoast-seo-wordpress\/ -->\n<title>Borboleta P molde de silicone -<\/title>\n<meta name=\"robots\" content=\"index, follow, max-snippet:-1, max-image-preview:large, max-video-preview:-1\" \/>\n<link rel=\"canonical\" href=\"https:\/\/divertarte.com\/index.php\/produto\/borboleta-p-molde-de-silicone\/\" \/>\n<meta property=\"og:locale\" content=\"pt_PT\" \/>\n<meta property=\"og:type\" content=\"article\" \/>\n<meta property=\"og:title\" content=\"Borboleta P molde de silicone -\" \/>\n<meta property=\"og:description\" content=\"Borboleta P molde de silicone Medida - 6x4x1.2cm. ACONSELHADO PARA : biscuits, sabonetes, resinas, vela em parafina ou gel, massas de modelar, ideal para fazer aplica\u00e7\u00f5es em velas, caixinhas de madeira. Al\u00e9m disso para rendinhas para anivers\u00e1rio. Contudo n\u00e3o aconselhado em produtos aliment\u00edcios. As medidas das pe\u00e7as feitas nos moldes s\u00e3o em cent\u00edmetros e considera-se: largura x comprimento x espessura. FABRICO PROPRIO - FEIRO POR ENCOMENDA\" \/>\n<meta property=\"og:url\" content=\"https:\/\/divertarte.com\/index.php\/produto\/borboleta-p-molde-de-silicone\/\" \/>\n<meta property=\"article:modified_time\" content=\"2025-11-06T13:59:28+00:00\" \/>\n<meta property=\"og:image\" content=\"https:\/\/divertarte.com\/wp-content\/uploads\/2018\/06\/Borboleta-P-molde-de-silicone.jpg\" \/>\n\t<meta property=\"og:image:width\" content=\"399\" \/>\n\t<meta property=\"og:image:height\" content=\"399\" \/>\n\t<meta property=\"og:image:type\" content=\"image\/jpeg\" \/>\n<meta name=\"twitter:card\" content=\"summary_large_image\" \/>\n<script type=\"application\/ld+json\" class=\"yoast-schema-graph\">{\"@context\":\"https:\\\/\\\/schema.org\",\"@graph\":[{\"@type\":\"WebPage\",\"@id\":\"https:\\\/\\\/divertarte.com\\\/index.php\\\/produto\\\/borboleta-p-molde-de-silicone\\\/\",\"url\":\"https:\\\/\\\/divertarte.com\\\/index.php\\\/produto\\\/borboleta-p-molde-de-silicone\\\/\",\"name\":\"Borboleta P molde de silicone -\",\"isPartOf\":{\"@id\":\"https:\\\/\\\/divertarte.com\\\/#website\"},\"primaryImageOfPage\":{\"@id\":\"https:\\\/\\\/divertarte.com\\\/index.php\\\/produto\\\/borboleta-p-molde-de-silicone\\\/#primaryimage\"},\"image\":{\"@id\":\"https:\\\/\\\/divertarte.com\\\/index.php\\\/produto\\\/borboleta-p-molde-de-silicone\\\/#primaryimage\"},\"thumbnailUrl\":\"https:\\\/\\\/divertarte.com\\\/wp-content\\\/uploads\\\/2018\\\/06\\\/Borboleta-P-molde-de-silicone.jpg\",\"datePublished\":\"2018-06-07T13:06:56+00:00\",\"dateModified\":\"2025-11-06T13:59:28+00:00\",\"breadcrumb\":{\"@id\":\"https:\\\/\\\/divertarte.com\\\/index.php\\\/produto\\\/borboleta-p-molde-de-silicone\\\/#breadcrumb\"},\"inLanguage\":\"pt-PT\",\"potentialAction\":[{\"@type\":\"ReadAction\",\"target\":[\"https:\\\/\\\/divertarte.com\\\/index.php\\\/produto\\\/borboleta-p-molde-de-silicone\\\/\"]}]},{\"@type\":\"ImageObject\",\"inLanguage\":\"pt-PT\",\"@id\":\"https:\\\/\\\/divertarte.com\\\/index.php\\\/produto\\\/borboleta-p-molde-de-silicone\\\/#primaryimage\",\"url\":\"https:\\\/\\\/divertarte.com\\\/wp-content\\\/uploads\\\/2018\\\/06\\\/Borboleta-P-molde-de-silicone.jpg\",\"contentUrl\":\"https:\\\/\\\/divertarte.com\\\/wp-content\\\/uploads\\\/2018\\\/06\\\/Borboleta-P-molde-de-silicone.jpg\",\"width\":399,\"height\":399},{\"@type\":\"BreadcrumbList\",\"@id\":\"https:\\\/\\\/divertarte.com\\\/index.php\\\/produto\\\/borboleta-p-molde-de-silicone\\\/#breadcrumb\",\"itemListElement\":[{\"@type\":\"ListItem\",\"position\":1,\"name\":\"In\u00edcio\",\"item\":\"https:\\\/\\\/divertarte.com\\\/\"},{\"@type\":\"ListItem\",\"position\":2,\"name\":\"Loja\",\"item\":\"https:\\\/\\\/divertarte.com\\\/index.php\\\/divertarte-produtos\\\/\"},{\"@type\":\"ListItem\",\"position\":3,\"name\":\"Borboleta P molde de silicone\"}]},{\"@type\":\"WebSite\",\"@id\":\"https:\\\/\\\/divertarte.com\\\/#website\",\"url\":\"https:\\\/\\\/divertarte.com\\\/\",\"name\":\"Divertarte\",\"description\":\"\",\"publisher\":{\"@id\":\"https:\\\/\\\/divertarte.com\\\/#organization\"},\"potentialAction\":[{\"@type\":\"SearchAction\",\"target\":{\"@type\":\"EntryPoint\",\"urlTemplate\":\"https:\\\/\\\/divertarte.com\\\/?s={search_term_string}\"},\"query-input\":{\"@type\":\"PropertyValueSpecification\",\"valueRequired\":true,\"valueName\":\"search_term_string\"}}],\"inLanguage\":\"pt-PT\"},{\"@type\":\"Organization\",\"@id\":\"https:\\\/\\\/divertarte.com\\\/#organization\",\"name\":\"Divertarte\",\"url\":\"https:\\\/\\\/divertarte.com\\\/\",\"logo\":{\"@type\":\"ImageObject\",\"inLanguage\":\"pt-PT\",\"@id\":\"https:\\\/\\\/divertarte.com\\\/#\\\/schema\\\/logo\\\/image\\\/\",\"url\":\"https:\\\/\\\/divertarte.com\\\/wp-content\\\/uploads\\\/2018\\\/07\\\/logo-div.jpg\",\"contentUrl\":\"https:\\\/\\\/divertarte.com\\\/wp-content\\\/uploads\\\/2018\\\/07\\\/logo-div.jpg\",\"width\":295,\"height\":123,\"caption\":\"Divertarte\"},\"image\":{\"@id\":\"https:\\\/\\\/divertarte.com\\\/#\\\/schema\\\/logo\\\/image\\\/\"}}]}<\/script>\n<!-- \/ Yoast SEO plugin. -->","yoast_head_json":{"title":"Borboleta P molde de silicone -","robots":{"index":"index","follow":"follow","max-snippet":"max-snippet:-1","max-image-preview":"max-image-preview:large","max-video-preview":"max-video-preview:-1"},"canonical":"https:\/\/divertarte.com\/index.php\/produto\/borboleta-p-molde-de-silicone\/","og_locale":"pt_PT","og_type":"article","og_title":"Borboleta P molde de silicone -","og_description":"Borboleta P molde de silicone Medida - 6x4x1.2cm. ACONSELHADO PARA : biscuits, sabonetes, resinas, vela em parafina ou gel, massas de modelar, ideal para fazer aplica\u00e7\u00f5es em velas, caixinhas de madeira. Al\u00e9m disso para rendinhas para anivers\u00e1rio. Contudo n\u00e3o aconselhado em produtos aliment\u00edcios. As medidas das pe\u00e7as feitas nos moldes s\u00e3o em cent\u00edmetros e considera-se: largura x comprimento x espessura. FABRICO PROPRIO - FEIRO POR ENCOMENDA","og_url":"https:\/\/divertarte.com\/index.php\/produto\/borboleta-p-molde-de-silicone\/","article_modified_time":"2025-11-06T13:59:28+00:00","og_image":[{"width":399,"height":399,"url":"https:\/\/divertarte.com\/wp-content\/uploads\/2018\/06\/Borboleta-P-molde-de-silicone.jpg","type":"image\/jpeg"}],"twitter_card":"summary_large_image","schema":{"@context":"https:\/\/schema.org","@graph":[{"@type":"WebPage","@id":"https:\/\/divertarte.com\/index.php\/produto\/borboleta-p-molde-de-silicone\/","url":"https:\/\/divertarte.com\/index.php\/produto\/borboleta-p-molde-de-silicone\/","name":"Borboleta P molde de silicone -","isPartOf":{"@id":"https:\/\/divertarte.com\/#website"},"primaryImageOfPage":{"@id":"https:\/\/divertarte.com\/index.php\/produto\/borboleta-p-molde-de-silicone\/#primaryimage"},"image":{"@id":"https:\/\/divertarte.com\/index.php\/produto\/borboleta-p-molde-de-silicone\/#primaryimage"},"thumbnailUrl":"https:\/\/divertarte.com\/wp-content\/uploads\/2018\/06\/Borboleta-P-molde-de-silicone.jpg","datePublished":"2018-06-07T13:06:56+00:00","dateModified":"2025-11-06T13:59:28+00:00","breadcrumb":{"@id":"https:\/\/divertarte.com\/index.php\/produto\/borboleta-p-molde-de-silicone\/#breadcrumb"},"inLanguage":"pt-PT","potentialAction":[{"@type":"ReadAction","target":["https:\/\/divertarte.com\/index.php\/produto\/borboleta-p-molde-de-silicone\/"]}]},{"@type":"ImageObject","inLanguage":"pt-PT","@id":"https:\/\/divertarte.com\/index.php\/produto\/borboleta-p-molde-de-silicone\/#primaryimage","url":"https:\/\/divertarte.com\/wp-content\/uploads\/2018\/06\/Borboleta-P-molde-de-silicone.jpg","contentUrl":"https:\/\/divertarte.com\/wp-content\/uploads\/2018\/06\/Borboleta-P-molde-de-silicone.jpg","width":399,"height":399},{"@type":"BreadcrumbList","@id":"https:\/\/divertarte.com\/index.php\/produto\/borboleta-p-molde-de-silicone\/#breadcrumb","itemListElement":[{"@type":"ListItem","position":1,"name":"In\u00edcio","item":"https:\/\/divertarte.com\/"},{"@type":"ListItem","position":2,"name":"Loja","item":"https:\/\/divertarte.com\/index.php\/divertarte-produtos\/"},{"@type":"ListItem","position":3,"name":"Borboleta P molde de silicone"}]},{"@type":"WebSite","@id":"https:\/\/divertarte.com\/#website","url":"https:\/\/divertarte.com\/","name":"Divertarte","description":"","publisher":{"@id":"https:\/\/divertarte.com\/#organization"},"potentialAction":[{"@type":"SearchAction","target":{"@type":"EntryPoint","urlTemplate":"https:\/\/divertarte.com\/?s={search_term_string}"},"query-input":{"@type":"PropertyValueSpecification","valueRequired":true,"valueName":"search_term_string"}}],"inLanguage":"pt-PT"},{"@type":"Organization","@id":"https:\/\/divertarte.com\/#organization","name":"Divertarte","url":"https:\/\/divertarte.com\/","logo":{"@type":"ImageObject","inLanguage":"pt-PT","@id":"https:\/\/divertarte.com\/#\/schema\/logo\/image\/","url":"https:\/\/divertarte.com\/wp-content\/uploads\/2018\/07\/logo-div.jpg","contentUrl":"https:\/\/divertarte.com\/wp-content\/uploads\/2018\/07\/logo-div.jpg","width":295,"height":123,"caption":"Divertarte"},"image":{"@id":"https:\/\/divertarte.com\/#\/schema\/logo\/image\/"}}]}},"_links":{"self":[{"href":"https:\/\/divertarte.com\/index.php\/wp-json\/wp\/v2\/product\/3140","targetHints":{"allow":["GET"]}}],"collection":[{"href":"https:\/\/divertarte.com\/index.php\/wp-json\/wp\/v2\/product"}],"about":[{"href":"https:\/\/divertarte.com\/index.php\/wp-json\/wp\/v2\/types\/product"}],"replies":[{"embeddable":true,"href":"https:\/\/divertarte.com\/index.php\/wp-json\/wp\/v2\/comments?post=3140"}],"wp:featuredmedia":[{"embeddable":true,"href":"https:\/\/divertarte.com\/index.php\/wp-json\/wp\/v2\/media\/9892"}],"wp:attachment":[{"href":"https:\/\/divertarte.com\/index.php\/wp-json\/wp\/v2\/media?parent=3140"}],"wp:term":[{"taxonomy":"product_brand","embeddable":true,"href":"https:\/\/divertarte.com\/index.php\/wp-json\/wp\/v2\/product_brand?post=3140"},{"taxonomy":"product_cat","embeddable":true,"href":"https:\/\/divertarte.com\/index.php\/wp-json\/wp\/v2\/product_cat?post=3140"},{"taxonomy":"product_tag","embeddable":true,"href":"https:\/\/divertarte.com\/index.php\/wp-json\/wp\/v2\/product_tag?post=3140"}],"curies":[{"name":"wp","href":"https:\/\/api.w.org\/{rel}","templated":true}]}}