{"id":2920,"date":"2018-06-07T14:12:34","date_gmt":"2018-06-07T13:12:34","guid":{"rendered":"https:\/\/divertarte.com\/index.php\/produto\/ilhos-para-pavio-g\/"},"modified":"2025-11-06T13:48:18","modified_gmt":"2025-11-06T13:48:18","slug":"ilhos-para-pavio-g","status":"publish","type":"product","link":"https:\/\/divertarte.com\/index.php\/produto\/ilhos-para-pavio-g\/","title":{"rendered":"Ilh\u00f3s para Pavio G"},"content":{"rendered":"<p>Bases para pavio pacote com 10 ilh\u00f3s Grande. Suportes para pavio<\/p>\n<p>Caracter\u00edstica\u00a0 Ilh\u00f3s metal zincado (n\u00e3o enferruja)<\/p>\n<p>Aplica\u00e7\u00e3o- Para velas artesanais, Gel e velas grandes. Usar pavio grosso e muito grosso<\/p>\n","protected":false},"excerpt":{"rendered":"<p>Bases para pavio pacote com 10 ilh\u00f3s Grande. Suportes para pavio<\/p>\n<p>Caracter\u00edstica\u00a0 Ilh\u00f3s metal zincado (n\u00e3o enferruja)<\/p>\n<p>Aplica\u00e7\u00e3o- Para velas artesanais, Gel e velas grandes. Usar pavio grosso e muito grosso<\/p>\n","protected":false},"featured_media":6604,"comment_status":"closed","ping_status":"closed","template":"","meta":{"_exactmetrics_skip_tracking":false,"_exactmetrics_sitenote_active":false,"_exactmetrics_sitenote_note":"","_exactmetrics_sitenote_category":0},"product_brand":[],"product_cat":[129,30,15],"product_tag":[],"class_list":{"0":"post-2920","1":"product","2":"type-product","3":"status-publish","4":"has-post-thumbnail","6":"product_cat-materiais-para-velas","7":"product_cat-pavios-para-velas","8":"product_cat-ver-todos-os-produtos","10":"first","11":"instock","12":"taxable","13":"shipping-taxable","14":"purchasable","15":"product-type-simple"},"yoast_head":"<!-- This site is optimized with the Yoast SEO plugin v27.4 - https:\/\/yoast.com\/product\/yoast-seo-wordpress\/ -->\n<title>Ilh\u00f3s para Pavio G -<\/title>\n<meta name=\"description\" content=\"Bases para pavio pacote com 10 ilh\u00f3s Grande Ilh\u00f3s metal zincado (n\u00e3o enferruja) para pavio grosso e muito grosso velas artesanais,\" \/>\n<meta name=\"robots\" content=\"index, follow, max-snippet:-1, max-image-preview:large, max-video-preview:-1\" \/>\n<link rel=\"canonical\" href=\"https:\/\/divertarte.com\/index.php\/produto\/ilhos-para-pavio-g\/\" \/>\n<meta property=\"og:locale\" content=\"pt_PT\" \/>\n<meta property=\"og:type\" content=\"article\" \/>\n<meta property=\"og:title\" content=\"Ilh\u00f3s para Pavio G -\" \/>\n<meta property=\"og:description\" content=\"Bases para pavio pacote com 10 ilh\u00f3s Grande Ilh\u00f3s metal zincado (n\u00e3o enferruja) para pavio grosso e muito grosso velas artesanais,\" \/>\n<meta property=\"og:url\" content=\"https:\/\/divertarte.com\/index.php\/produto\/ilhos-para-pavio-g\/\" \/>\n<meta property=\"article:modified_time\" content=\"2025-11-06T13:48:18+00:00\" \/>\n<meta property=\"og:image\" content=\"https:\/\/divertarte.com\/wp-content\/uploads\/2018\/05\/ilhos_pavio_base_pavio_G.jpg\" \/>\n\t<meta property=\"og:image:width\" content=\"558\" \/>\n\t<meta property=\"og:image:height\" content=\"558\" \/>\n\t<meta property=\"og:image:type\" content=\"image\/jpeg\" \/>\n<meta name=\"twitter:card\" content=\"summary_large_image\" \/>\n<script type=\"application\/ld+json\" class=\"yoast-schema-graph\">{\"@context\":\"https:\\\/\\\/schema.org\",\"@graph\":[{\"@type\":\"WebPage\",\"@id\":\"https:\\\/\\\/divertarte.com\\\/index.php\\\/produto\\\/ilhos-para-pavio-g\\\/\",\"url\":\"https:\\\/\\\/divertarte.com\\\/index.php\\\/produto\\\/ilhos-para-pavio-g\\\/\",\"name\":\"Ilh\u00f3s para Pavio G -\",\"isPartOf\":{\"@id\":\"https:\\\/\\\/divertarte.com\\\/#website\"},\"primaryImageOfPage\":{\"@id\":\"https:\\\/\\\/divertarte.com\\\/index.php\\\/produto\\\/ilhos-para-pavio-g\\\/#primaryimage\"},\"image\":{\"@id\":\"https:\\\/\\\/divertarte.com\\\/index.php\\\/produto\\\/ilhos-para-pavio-g\\\/#primaryimage\"},\"thumbnailUrl\":\"https:\\\/\\\/divertarte.com\\\/wp-content\\\/uploads\\\/2018\\\/05\\\/ilhos_pavio_base_pavio_G.jpg\",\"datePublished\":\"2018-06-07T13:12:34+00:00\",\"dateModified\":\"2025-11-06T13:48:18+00:00\",\"description\":\"Bases para pavio pacote com 10 ilh\u00f3s Grande Ilh\u00f3s metal zincado (n\u00e3o enferruja) para pavio grosso e muito grosso velas artesanais,\",\"breadcrumb\":{\"@id\":\"https:\\\/\\\/divertarte.com\\\/index.php\\\/produto\\\/ilhos-para-pavio-g\\\/#breadcrumb\"},\"inLanguage\":\"pt-PT\",\"potentialAction\":[{\"@type\":\"ReadAction\",\"target\":[\"https:\\\/\\\/divertarte.com\\\/index.php\\\/produto\\\/ilhos-para-pavio-g\\\/\"]}]},{\"@type\":\"ImageObject\",\"inLanguage\":\"pt-PT\",\"@id\":\"https:\\\/\\\/divertarte.com\\\/index.php\\\/produto\\\/ilhos-para-pavio-g\\\/#primaryimage\",\"url\":\"https:\\\/\\\/divertarte.com\\\/wp-content\\\/uploads\\\/2018\\\/05\\\/ilhos_pavio_base_pavio_G.jpg\",\"contentUrl\":\"https:\\\/\\\/divertarte.com\\\/wp-content\\\/uploads\\\/2018\\\/05\\\/ilhos_pavio_base_pavio_G.jpg\",\"width\":558,\"height\":558},{\"@type\":\"BreadcrumbList\",\"@id\":\"https:\\\/\\\/divertarte.com\\\/index.php\\\/produto\\\/ilhos-para-pavio-g\\\/#breadcrumb\",\"itemListElement\":[{\"@type\":\"ListItem\",\"position\":1,\"name\":\"In\u00edcio\",\"item\":\"https:\\\/\\\/divertarte.com\\\/\"},{\"@type\":\"ListItem\",\"position\":2,\"name\":\"Loja\",\"item\":\"https:\\\/\\\/divertarte.com\\\/index.php\\\/divertarte-produtos\\\/\"},{\"@type\":\"ListItem\",\"position\":3,\"name\":\"Ilh\u00f3s para Pavio G\"}]},{\"@type\":\"WebSite\",\"@id\":\"https:\\\/\\\/divertarte.com\\\/#website\",\"url\":\"https:\\\/\\\/divertarte.com\\\/\",\"name\":\"Divertarte\",\"description\":\"\",\"publisher\":{\"@id\":\"https:\\\/\\\/divertarte.com\\\/#organization\"},\"potentialAction\":[{\"@type\":\"SearchAction\",\"target\":{\"@type\":\"EntryPoint\",\"urlTemplate\":\"https:\\\/\\\/divertarte.com\\\/?s={search_term_string}\"},\"query-input\":{\"@type\":\"PropertyValueSpecification\",\"valueRequired\":true,\"valueName\":\"search_term_string\"}}],\"inLanguage\":\"pt-PT\"},{\"@type\":\"Organization\",\"@id\":\"https:\\\/\\\/divertarte.com\\\/#organization\",\"name\":\"Divertarte\",\"url\":\"https:\\\/\\\/divertarte.com\\\/\",\"logo\":{\"@type\":\"ImageObject\",\"inLanguage\":\"pt-PT\",\"@id\":\"https:\\\/\\\/divertarte.com\\\/#\\\/schema\\\/logo\\\/image\\\/\",\"url\":\"https:\\\/\\\/divertarte.com\\\/wp-content\\\/uploads\\\/2018\\\/07\\\/logo-div.jpg\",\"contentUrl\":\"https:\\\/\\\/divertarte.com\\\/wp-content\\\/uploads\\\/2018\\\/07\\\/logo-div.jpg\",\"width\":295,\"height\":123,\"caption\":\"Divertarte\"},\"image\":{\"@id\":\"https:\\\/\\\/divertarte.com\\\/#\\\/schema\\\/logo\\\/image\\\/\"}}]}<\/script>\n<!-- \/ Yoast SEO plugin. -->","yoast_head_json":{"title":"Ilh\u00f3s para Pavio G -","description":"Bases para pavio pacote com 10 ilh\u00f3s Grande Ilh\u00f3s metal zincado (n\u00e3o enferruja) para pavio grosso e muito grosso velas artesanais,","robots":{"index":"index","follow":"follow","max-snippet":"max-snippet:-1","max-image-preview":"max-image-preview:large","max-video-preview":"max-video-preview:-1"},"canonical":"https:\/\/divertarte.com\/index.php\/produto\/ilhos-para-pavio-g\/","og_locale":"pt_PT","og_type":"article","og_title":"Ilh\u00f3s para Pavio G -","og_description":"Bases para pavio pacote com 10 ilh\u00f3s Grande Ilh\u00f3s metal zincado (n\u00e3o enferruja) para pavio grosso e muito grosso velas artesanais,","og_url":"https:\/\/divertarte.com\/index.php\/produto\/ilhos-para-pavio-g\/","article_modified_time":"2025-11-06T13:48:18+00:00","og_image":[{"width":558,"height":558,"url":"https:\/\/divertarte.com\/wp-content\/uploads\/2018\/05\/ilhos_pavio_base_pavio_G.jpg","type":"image\/jpeg"}],"twitter_card":"summary_large_image","schema":{"@context":"https:\/\/schema.org","@graph":[{"@type":"WebPage","@id":"https:\/\/divertarte.com\/index.php\/produto\/ilhos-para-pavio-g\/","url":"https:\/\/divertarte.com\/index.php\/produto\/ilhos-para-pavio-g\/","name":"Ilh\u00f3s para Pavio G -","isPartOf":{"@id":"https:\/\/divertarte.com\/#website"},"primaryImageOfPage":{"@id":"https:\/\/divertarte.com\/index.php\/produto\/ilhos-para-pavio-g\/#primaryimage"},"image":{"@id":"https:\/\/divertarte.com\/index.php\/produto\/ilhos-para-pavio-g\/#primaryimage"},"thumbnailUrl":"https:\/\/divertarte.com\/wp-content\/uploads\/2018\/05\/ilhos_pavio_base_pavio_G.jpg","datePublished":"2018-06-07T13:12:34+00:00","dateModified":"2025-11-06T13:48:18+00:00","description":"Bases para pavio pacote com 10 ilh\u00f3s Grande Ilh\u00f3s metal zincado (n\u00e3o enferruja) para pavio grosso e muito grosso velas artesanais,","breadcrumb":{"@id":"https:\/\/divertarte.com\/index.php\/produto\/ilhos-para-pavio-g\/#breadcrumb"},"inLanguage":"pt-PT","potentialAction":[{"@type":"ReadAction","target":["https:\/\/divertarte.com\/index.php\/produto\/ilhos-para-pavio-g\/"]}]},{"@type":"ImageObject","inLanguage":"pt-PT","@id":"https:\/\/divertarte.com\/index.php\/produto\/ilhos-para-pavio-g\/#primaryimage","url":"https:\/\/divertarte.com\/wp-content\/uploads\/2018\/05\/ilhos_pavio_base_pavio_G.jpg","contentUrl":"https:\/\/divertarte.com\/wp-content\/uploads\/2018\/05\/ilhos_pavio_base_pavio_G.jpg","width":558,"height":558},{"@type":"BreadcrumbList","@id":"https:\/\/divertarte.com\/index.php\/produto\/ilhos-para-pavio-g\/#breadcrumb","itemListElement":[{"@type":"ListItem","position":1,"name":"In\u00edcio","item":"https:\/\/divertarte.com\/"},{"@type":"ListItem","position":2,"name":"Loja","item":"https:\/\/divertarte.com\/index.php\/divertarte-produtos\/"},{"@type":"ListItem","position":3,"name":"Ilh\u00f3s para Pavio G"}]},{"@type":"WebSite","@id":"https:\/\/divertarte.com\/#website","url":"https:\/\/divertarte.com\/","name":"Divertarte","description":"","publisher":{"@id":"https:\/\/divertarte.com\/#organization"},"potentialAction":[{"@type":"SearchAction","target":{"@type":"EntryPoint","urlTemplate":"https:\/\/divertarte.com\/?s={search_term_string}"},"query-input":{"@type":"PropertyValueSpecification","valueRequired":true,"valueName":"search_term_string"}}],"inLanguage":"pt-PT"},{"@type":"Organization","@id":"https:\/\/divertarte.com\/#organization","name":"Divertarte","url":"https:\/\/divertarte.com\/","logo":{"@type":"ImageObject","inLanguage":"pt-PT","@id":"https:\/\/divertarte.com\/#\/schema\/logo\/image\/","url":"https:\/\/divertarte.com\/wp-content\/uploads\/2018\/07\/logo-div.jpg","contentUrl":"https:\/\/divertarte.com\/wp-content\/uploads\/2018\/07\/logo-div.jpg","width":295,"height":123,"caption":"Divertarte"},"image":{"@id":"https:\/\/divertarte.com\/#\/schema\/logo\/image\/"}}]}},"_links":{"self":[{"href":"https:\/\/divertarte.com\/index.php\/wp-json\/wp\/v2\/product\/2920","targetHints":{"allow":["GET"]}}],"collection":[{"href":"https:\/\/divertarte.com\/index.php\/wp-json\/wp\/v2\/product"}],"about":[{"href":"https:\/\/divertarte.com\/index.php\/wp-json\/wp\/v2\/types\/product"}],"replies":[{"embeddable":true,"href":"https:\/\/divertarte.com\/index.php\/wp-json\/wp\/v2\/comments?post=2920"}],"wp:featuredmedia":[{"embeddable":true,"href":"https:\/\/divertarte.com\/index.php\/wp-json\/wp\/v2\/media\/6604"}],"wp:attachment":[{"href":"https:\/\/divertarte.com\/index.php\/wp-json\/wp\/v2\/media?parent=2920"}],"wp:term":[{"taxonomy":"product_brand","embeddable":true,"href":"https:\/\/divertarte.com\/index.php\/wp-json\/wp\/v2\/product_brand?post=2920"},{"taxonomy":"product_cat","embeddable":true,"href":"https:\/\/divertarte.com\/index.php\/wp-json\/wp\/v2\/product_cat?post=2920"},{"taxonomy":"product_tag","embeddable":true,"href":"https:\/\/divertarte.com\/index.php\/wp-json\/wp\/v2\/product_tag?post=2920"}],"curies":[{"name":"wp","href":"https:\/\/api.w.org\/{rel}","templated":true}]}}