{"id":2899,"date":"2018-06-07T14:17:40","date_gmt":"2018-06-07T13:17:40","guid":{"rendered":"https:\/\/divertarte.com\/index.php\/produto\/obsidiana-floco-neve\/"},"modified":"2025-11-06T13:35:54","modified_gmt":"2025-11-06T13:35:54","slug":"obsidiana-floco-neve","status":"publish","type":"product","link":"https:\/\/divertarte.com\/index.php\/produto\/obsidiana-floco-neve\/","title":{"rendered":"OBSIDIANA FLOCO NEVE"},"content":{"rendered":"<p>OBSIDIANA NEVADA &#8211; PEDRA DA LUZ, PROTEJE CONTRA A MAGIA NEGRA, AFASTA O PERIGO. ALERTA O SEU PORTADOR PARA AMIGOS FALSOS E PERIGOS VARIOS. TRAZ LUZ PARA A NOSSA VIDA QUOTIDIANA. d\u00c1CAPACIDADE DE ADAPTA\u00c7\u00c3O, LIBERTA\u00c7\u00c3O DE BLOQUEIOS, CAPACIDADE DE CONCENTRA\u00c7\u00c3O. AJUDA AS DOEN\u00c7AS DO ESTOMAGO, INTESTINOS, GRIPE, ARTERIOESCLEROSE, OSSOS, UNHAS, PES, M\u00c3OS E MUSCULATURA. &#8211;<br \/>\nDEVE SER USADA PELO ESCORPI\u00c3O E CAPRICORNIO &#8211; Com orif\u00edcio para passar o cord\u00e3o<\/p>\n","protected":false},"excerpt":{"rendered":"<p>OBSIDIANA NEVADA &#8211; PEDRA DA LUZ, PROTEJE CONTRA A MAGIA NEGRA, AFASTA O PERIGO. ALERTA O SEU PORTADOR PARA AMIGOS FALSOS E PERIGOS VARIOS. TRAZ LUZ PARA A NOSSA VIDA QUOTIDIANA. d\u00c1CAPACIDADE DE ADAPTA\u00c7\u00c3O, LIBERTA\u00c7\u00c3O DE BLOQUEIOS, CAPACIDADE DE CONCENTRA\u00c7\u00c3O. AJUDA AS DOEN\u00c7AS DO ESTOMAGO, INTESTINOS, GRIPE, ARTERIOESCLEROSE, OSSOS, UNHAS, PES, M\u00c3OS E MUSCULATURA. &#8211;<br \/>\nDEVE SER USADA PELO ESCORPI\u00c3O E CAPRICORNIO &#8211; Com orif\u00edcio para passar o cord\u00e3o<\/p>\n","protected":false},"featured_media":6584,"comment_status":"closed","ping_status":"open","template":"","meta":{"_exactmetrics_skip_tracking":false,"_exactmetrics_sitenote_active":false,"_exactmetrics_sitenote_note":"","_exactmetrics_sitenote_category":0},"product_brand":[],"product_cat":[15],"product_tag":[],"class_list":{"0":"post-2899","1":"product","2":"type-product","3":"status-publish","4":"has-post-thumbnail","6":"product_cat-ver-todos-os-produtos","8":"first","9":"instock","10":"taxable","11":"shipping-taxable","12":"purchasable","13":"product-type-simple"},"yoast_head":"<!-- This site is optimized with the Yoast SEO plugin v27.4 - https:\/\/yoast.com\/product\/yoast-seo-wordpress\/ -->\n<title>OBSIDIANA FLOCO NEVE -<\/title>\n<meta name=\"robots\" content=\"index, follow, max-snippet:-1, max-image-preview:large, max-video-preview:-1\" \/>\n<link rel=\"canonical\" href=\"https:\/\/divertarte.com\/index.php\/produto\/obsidiana-floco-neve\/\" \/>\n<meta property=\"og:locale\" content=\"pt_PT\" \/>\n<meta property=\"og:type\" content=\"article\" \/>\n<meta property=\"og:title\" content=\"OBSIDIANA FLOCO NEVE -\" \/>\n<meta property=\"og:description\" content=\"OBSIDIANA NEVADA - PEDRA DA LUZ, PROTEJE CONTRA A MAGIA NEGRA, AFASTA O PERIGO. ALERTA O SEU PORTADOR PARA AMIGOS FALSOS E PERIGOS VARIOS. TRAZ LUZ PARA A NOSSA VIDA QUOTIDIANA. d\u00c1CAPACIDADE DE ADAPTA\u00c7\u00c3O, LIBERTA\u00c7\u00c3O DE BLOQUEIOS, CAPACIDADE DE CONCENTRA\u00c7\u00c3O. AJUDA AS DOEN\u00c7AS DO ESTOMAGO, INTESTINOS, GRIPE, ARTERIOESCLEROSE, OSSOS, UNHAS, PES, M\u00c3OS E MUSCULATURA. - DEVE SER USADA PELO ESCORPI\u00c3O E CAPRICORNIO - Com orif\u00edcio para passar o cord\u00e3o\" \/>\n<meta property=\"og:url\" content=\"https:\/\/divertarte.com\/index.php\/produto\/obsidiana-floco-neve\/\" \/>\n<meta property=\"article:modified_time\" content=\"2025-11-06T13:35:54+00:00\" \/>\n<meta property=\"og:image\" content=\"https:\/\/divertarte.com\/wp-content\/uploads\/2018\/05\/C1.jpg\" \/>\n\t<meta property=\"og:image:width\" content=\"558\" \/>\n\t<meta property=\"og:image:height\" content=\"555\" \/>\n\t<meta property=\"og:image:type\" content=\"image\/jpeg\" \/>\n<meta name=\"twitter:card\" content=\"summary_large_image\" \/>\n<script type=\"application\/ld+json\" class=\"yoast-schema-graph\">{\"@context\":\"https:\\\/\\\/schema.org\",\"@graph\":[{\"@type\":\"WebPage\",\"@id\":\"https:\\\/\\\/divertarte.com\\\/index.php\\\/produto\\\/obsidiana-floco-neve\\\/\",\"url\":\"https:\\\/\\\/divertarte.com\\\/index.php\\\/produto\\\/obsidiana-floco-neve\\\/\",\"name\":\"OBSIDIANA FLOCO NEVE -\",\"isPartOf\":{\"@id\":\"https:\\\/\\\/divertarte.com\\\/#website\"},\"primaryImageOfPage\":{\"@id\":\"https:\\\/\\\/divertarte.com\\\/index.php\\\/produto\\\/obsidiana-floco-neve\\\/#primaryimage\"},\"image\":{\"@id\":\"https:\\\/\\\/divertarte.com\\\/index.php\\\/produto\\\/obsidiana-floco-neve\\\/#primaryimage\"},\"thumbnailUrl\":\"https:\\\/\\\/divertarte.com\\\/wp-content\\\/uploads\\\/2018\\\/05\\\/C1.jpg\",\"datePublished\":\"2018-06-07T13:17:40+00:00\",\"dateModified\":\"2025-11-06T13:35:54+00:00\",\"breadcrumb\":{\"@id\":\"https:\\\/\\\/divertarte.com\\\/index.php\\\/produto\\\/obsidiana-floco-neve\\\/#breadcrumb\"},\"inLanguage\":\"pt-PT\",\"potentialAction\":[{\"@type\":\"ReadAction\",\"target\":[\"https:\\\/\\\/divertarte.com\\\/index.php\\\/produto\\\/obsidiana-floco-neve\\\/\"]}]},{\"@type\":\"ImageObject\",\"inLanguage\":\"pt-PT\",\"@id\":\"https:\\\/\\\/divertarte.com\\\/index.php\\\/produto\\\/obsidiana-floco-neve\\\/#primaryimage\",\"url\":\"https:\\\/\\\/divertarte.com\\\/wp-content\\\/uploads\\\/2018\\\/05\\\/C1.jpg\",\"contentUrl\":\"https:\\\/\\\/divertarte.com\\\/wp-content\\\/uploads\\\/2018\\\/05\\\/C1.jpg\",\"width\":558,\"height\":555},{\"@type\":\"BreadcrumbList\",\"@id\":\"https:\\\/\\\/divertarte.com\\\/index.php\\\/produto\\\/obsidiana-floco-neve\\\/#breadcrumb\",\"itemListElement\":[{\"@type\":\"ListItem\",\"position\":1,\"name\":\"In\u00edcio\",\"item\":\"https:\\\/\\\/divertarte.com\\\/\"},{\"@type\":\"ListItem\",\"position\":2,\"name\":\"Loja\",\"item\":\"https:\\\/\\\/divertarte.com\\\/index.php\\\/divertarte-produtos\\\/\"},{\"@type\":\"ListItem\",\"position\":3,\"name\":\"OBSIDIANA FLOCO NEVE\"}]},{\"@type\":\"WebSite\",\"@id\":\"https:\\\/\\\/divertarte.com\\\/#website\",\"url\":\"https:\\\/\\\/divertarte.com\\\/\",\"name\":\"Divertarte\",\"description\":\"\",\"publisher\":{\"@id\":\"https:\\\/\\\/divertarte.com\\\/#organization\"},\"potentialAction\":[{\"@type\":\"SearchAction\",\"target\":{\"@type\":\"EntryPoint\",\"urlTemplate\":\"https:\\\/\\\/divertarte.com\\\/?s={search_term_string}\"},\"query-input\":{\"@type\":\"PropertyValueSpecification\",\"valueRequired\":true,\"valueName\":\"search_term_string\"}}],\"inLanguage\":\"pt-PT\"},{\"@type\":\"Organization\",\"@id\":\"https:\\\/\\\/divertarte.com\\\/#organization\",\"name\":\"Divertarte\",\"url\":\"https:\\\/\\\/divertarte.com\\\/\",\"logo\":{\"@type\":\"ImageObject\",\"inLanguage\":\"pt-PT\",\"@id\":\"https:\\\/\\\/divertarte.com\\\/#\\\/schema\\\/logo\\\/image\\\/\",\"url\":\"https:\\\/\\\/divertarte.com\\\/wp-content\\\/uploads\\\/2018\\\/07\\\/logo-div.jpg\",\"contentUrl\":\"https:\\\/\\\/divertarte.com\\\/wp-content\\\/uploads\\\/2018\\\/07\\\/logo-div.jpg\",\"width\":295,\"height\":123,\"caption\":\"Divertarte\"},\"image\":{\"@id\":\"https:\\\/\\\/divertarte.com\\\/#\\\/schema\\\/logo\\\/image\\\/\"}}]}<\/script>\n<!-- \/ Yoast SEO plugin. -->","yoast_head_json":{"title":"OBSIDIANA FLOCO NEVE -","robots":{"index":"index","follow":"follow","max-snippet":"max-snippet:-1","max-image-preview":"max-image-preview:large","max-video-preview":"max-video-preview:-1"},"canonical":"https:\/\/divertarte.com\/index.php\/produto\/obsidiana-floco-neve\/","og_locale":"pt_PT","og_type":"article","og_title":"OBSIDIANA FLOCO NEVE -","og_description":"OBSIDIANA NEVADA - PEDRA DA LUZ, PROTEJE CONTRA A MAGIA NEGRA, AFASTA O PERIGO. ALERTA O SEU PORTADOR PARA AMIGOS FALSOS E PERIGOS VARIOS. TRAZ LUZ PARA A NOSSA VIDA QUOTIDIANA. d\u00c1CAPACIDADE DE ADAPTA\u00c7\u00c3O, LIBERTA\u00c7\u00c3O DE BLOQUEIOS, CAPACIDADE DE CONCENTRA\u00c7\u00c3O. AJUDA AS DOEN\u00c7AS DO ESTOMAGO, INTESTINOS, GRIPE, ARTERIOESCLEROSE, OSSOS, UNHAS, PES, M\u00c3OS E MUSCULATURA. - DEVE SER USADA PELO ESCORPI\u00c3O E CAPRICORNIO - Com orif\u00edcio para passar o cord\u00e3o","og_url":"https:\/\/divertarte.com\/index.php\/produto\/obsidiana-floco-neve\/","article_modified_time":"2025-11-06T13:35:54+00:00","og_image":[{"width":558,"height":555,"url":"https:\/\/divertarte.com\/wp-content\/uploads\/2018\/05\/C1.jpg","type":"image\/jpeg"}],"twitter_card":"summary_large_image","schema":{"@context":"https:\/\/schema.org","@graph":[{"@type":"WebPage","@id":"https:\/\/divertarte.com\/index.php\/produto\/obsidiana-floco-neve\/","url":"https:\/\/divertarte.com\/index.php\/produto\/obsidiana-floco-neve\/","name":"OBSIDIANA FLOCO NEVE -","isPartOf":{"@id":"https:\/\/divertarte.com\/#website"},"primaryImageOfPage":{"@id":"https:\/\/divertarte.com\/index.php\/produto\/obsidiana-floco-neve\/#primaryimage"},"image":{"@id":"https:\/\/divertarte.com\/index.php\/produto\/obsidiana-floco-neve\/#primaryimage"},"thumbnailUrl":"https:\/\/divertarte.com\/wp-content\/uploads\/2018\/05\/C1.jpg","datePublished":"2018-06-07T13:17:40+00:00","dateModified":"2025-11-06T13:35:54+00:00","breadcrumb":{"@id":"https:\/\/divertarte.com\/index.php\/produto\/obsidiana-floco-neve\/#breadcrumb"},"inLanguage":"pt-PT","potentialAction":[{"@type":"ReadAction","target":["https:\/\/divertarte.com\/index.php\/produto\/obsidiana-floco-neve\/"]}]},{"@type":"ImageObject","inLanguage":"pt-PT","@id":"https:\/\/divertarte.com\/index.php\/produto\/obsidiana-floco-neve\/#primaryimage","url":"https:\/\/divertarte.com\/wp-content\/uploads\/2018\/05\/C1.jpg","contentUrl":"https:\/\/divertarte.com\/wp-content\/uploads\/2018\/05\/C1.jpg","width":558,"height":555},{"@type":"BreadcrumbList","@id":"https:\/\/divertarte.com\/index.php\/produto\/obsidiana-floco-neve\/#breadcrumb","itemListElement":[{"@type":"ListItem","position":1,"name":"In\u00edcio","item":"https:\/\/divertarte.com\/"},{"@type":"ListItem","position":2,"name":"Loja","item":"https:\/\/divertarte.com\/index.php\/divertarte-produtos\/"},{"@type":"ListItem","position":3,"name":"OBSIDIANA FLOCO NEVE"}]},{"@type":"WebSite","@id":"https:\/\/divertarte.com\/#website","url":"https:\/\/divertarte.com\/","name":"Divertarte","description":"","publisher":{"@id":"https:\/\/divertarte.com\/#organization"},"potentialAction":[{"@type":"SearchAction","target":{"@type":"EntryPoint","urlTemplate":"https:\/\/divertarte.com\/?s={search_term_string}"},"query-input":{"@type":"PropertyValueSpecification","valueRequired":true,"valueName":"search_term_string"}}],"inLanguage":"pt-PT"},{"@type":"Organization","@id":"https:\/\/divertarte.com\/#organization","name":"Divertarte","url":"https:\/\/divertarte.com\/","logo":{"@type":"ImageObject","inLanguage":"pt-PT","@id":"https:\/\/divertarte.com\/#\/schema\/logo\/image\/","url":"https:\/\/divertarte.com\/wp-content\/uploads\/2018\/07\/logo-div.jpg","contentUrl":"https:\/\/divertarte.com\/wp-content\/uploads\/2018\/07\/logo-div.jpg","width":295,"height":123,"caption":"Divertarte"},"image":{"@id":"https:\/\/divertarte.com\/#\/schema\/logo\/image\/"}}]}},"_links":{"self":[{"href":"https:\/\/divertarte.com\/index.php\/wp-json\/wp\/v2\/product\/2899","targetHints":{"allow":["GET"]}}],"collection":[{"href":"https:\/\/divertarte.com\/index.php\/wp-json\/wp\/v2\/product"}],"about":[{"href":"https:\/\/divertarte.com\/index.php\/wp-json\/wp\/v2\/types\/product"}],"replies":[{"embeddable":true,"href":"https:\/\/divertarte.com\/index.php\/wp-json\/wp\/v2\/comments?post=2899"}],"wp:featuredmedia":[{"embeddable":true,"href":"https:\/\/divertarte.com\/index.php\/wp-json\/wp\/v2\/media\/6584"}],"wp:attachment":[{"href":"https:\/\/divertarte.com\/index.php\/wp-json\/wp\/v2\/media?parent=2899"}],"wp:term":[{"taxonomy":"product_brand","embeddable":true,"href":"https:\/\/divertarte.com\/index.php\/wp-json\/wp\/v2\/product_brand?post=2899"},{"taxonomy":"product_cat","embeddable":true,"href":"https:\/\/divertarte.com\/index.php\/wp-json\/wp\/v2\/product_cat?post=2899"},{"taxonomy":"product_tag","embeddable":true,"href":"https:\/\/divertarte.com\/index.php\/wp-json\/wp\/v2\/product_tag?post=2899"}],"curies":[{"name":"wp","href":"https:\/\/api.w.org\/{rel}","templated":true}]}}