{"id":2807,"date":"2018-05-08T16:52:58","date_gmt":"2018-05-08T15:52:58","guid":{"rendered":"https:\/\/divertarte.com\/index.php\/produto\/historia-halloween\/"},"modified":"2025-11-06T14:15:54","modified_gmt":"2025-11-06T14:15:54","slug":"historia-halloween","status":"publish","type":"product","link":"https:\/\/divertarte.com\/index.php\/produto\/historia-halloween\/","title":{"rendered":"Hist\u00f3ria do Halloween"},"content":{"rendered":"<p>A celebra\u00e7\u00e3o do Halloween tem duas origens que no transcurso da Hist\u00f3ria foram se misturando:<\/p>\n<p>Origem Pag\u00e3<br \/>\nA origem pag\u00e3 tem a ver com a celebra\u00e7\u00e3o celta chamada Samhain, que tinha como objetivo dar culto aos mortos. A invas\u00e3o das Ilhas Brit\u00e2nicas pelos Romanos (46 A.C.) acabou mesclando a cultura latina com a celta, sendo que esta \u00faltima acabou minguando com o tempo. Em fins do s\u00e9culo II, com a evangeliza\u00e7\u00e3o desses territ\u00f3rios, a religi\u00e3o dos Celtas, chamada druidismo, j\u00e1 tinha desaparecido na maioria das comunidades. Pouco sabemos sobre a religi\u00e3o dos druidas, pois n\u00e3o se escreveu nada sobre ela: tudo era transmitido oralmente de gera\u00e7\u00e3o para gera\u00e7\u00e3o. Sabe se que as festividades do Samhain eram celebradas muito possivelmente entre os dias 5 e 7 de Novembro (a meio caminho entre o equin\u00f3cio de ver\u00e3o e o solst\u00edcio de inverno, no hemisf\u00e9rio norte). Eram precedidas por uma s\u00e9rie de festejos que duravam uma semana, e davam origem ao ano novo celta. A &#8220;festa dos mortos&#8221; era uma das suas datas mais importantes, pois celebrava o que para n\u00f3s seriam &#8220;o c\u00e9u e a terra&#8221; (conceitos que s\u00f3 chegaram com o cristianismo). Para os celtas, o lugar dos mortos era um lugar de felicidade perfeita, onde n\u00e3o haveria fome nem dor. A festa era celebrava com ritos presididos pelos sacerdotes druidas, que atuavam como &#8220;m\u00e9diuns&#8221; entre as pessoas e os seus antepassados. Dizia-se tamb\u00e9m que os esp\u00edritos dos mortos voltavam nessa data para visitar seus antigos lares e guiar os seus familiares rumo ao outro mundo.<\/p>\n<p>Origem Crist\u00e3<br \/>\nDesde o s\u00e9culo IV a Igreja Siria consagrava um dia para festejar &#8220;Todos os M\u00e1rtires&#8221;. Tr\u00eas s\u00e9culos mais tarde o Papa Bonif\u00e1cio IV (ano\u00a0 615) transformou um templo romano dedicado a todos os deuses (pante\u00e3o) num templo crist\u00e3o e o dedicou a &#8220;Todos os Santos&#8221;, a todos os que nos precederam na f\u00e9. A festa em honra de Todos os Santos, inicialmente era celebrada no dia 13 de maio, mas o Papa Greg\u00f3rio III(ano\u00a0 741) mudou a data para 1\u00ba de novembro, que era o dia da dedica\u00e7\u00e3o da capela de Todos os Santos na Bas\u00edlica de S\u00e3o Pedro, em Roma. Mais tarde, no ano de 840, o Papa Greg\u00f3rio IV ordenou que a festa de Todos os Santos fosse celebrada universalmente. Como festa grande, esta tamb\u00e9m ganhou a sua celebra\u00e7\u00e3o vespertina ou vig\u00edlia, que prepara a festa no dia anterior (31 de outubro). Na tradu\u00e7\u00e3o para o ingl\u00eas, essa vig\u00edlia era chamada All Halloween&#8217;s Eve (Vig\u00edlia de Todos os Santos), passando depois pelas formas <i>All Hallowed Eve<\/i>\u00a0e\u00a0<i>All Hallow Een<\/i>\u00a0at\u00e9 chegar \u00e0 palavra atual\u00a0<i>Halloween<\/i>.<\/p>\n<p>Etimologia<br \/>\nPosto que, entre o por-do-sol do dia 31 de outubro e 1\u00b0 de novembro, ocorria a noite sagrada (hallow evening, em ingl\u00eas), acredita-se que assim se deu origem ao nome atual da festa: Hallow Evening -&gt; Hallow Een -&gt; Halloween. Rapidamente se conclui que o termo Dia das bruxas n\u00e3o \u00e9 utilizado pelos povos de l\u00edngua inglesa, sendo essa uma designa\u00e7\u00e3o apenas dos povos de l\u00edngua (oficial) portuguesa.<br \/>\nOutra hip\u00f3tese \u00e9 que a Igreja Cat\u00f3lica tenha tentado eliminar a festa pag\u00e3 do Samhain instituindo restri\u00e7\u00f5es na v\u00e9spera do Dia de Todos os Santos. Este dia seria conhecido nos pa\u00edses de l\u00edngua inglesa como All Hallowed Eve.<br \/>\nA rela\u00e7\u00e3o da comemora\u00e7\u00e3o desta data com as bruxas propriamente ditas teria come\u00e7ado na Idade M\u00e9dia no seguimento das persegui\u00e7\u00f5es incitadas por l\u00edderes pol\u00edticos e religiosos, sendo conduzidos julgamentos pela Inquisi\u00e7\u00e3o, com o intuito de condenar os homens ou mulheres que fossem considerados curandeiros e\/ou pag\u00e3os. Todos os que fossem alvo de tal suspeita eram designados por bruxos ou bruxas, com elevado sentido negativo e pejorativo, devendo ser julgados pelo tribunal do Santo Of\u00edcio e, na maioria das vezes, queimados na fogueira nos designados autos-de-f\u00e9.<br \/>\nEssa designa\u00e7\u00e3o perpetuou-se e a comemora\u00e7\u00e3o do halloween, levada at\u00e9 aos Estados Unidos pelos emigrantes irlandeses (povo de etnia e cultura celta) no s\u00e9culo XIX, ficou assim conhecida como dia das bruxas, uma lenda hist\u00f3rica.<\/p>\n<p>Halloween, Hoje<\/p>\n<p>Fantasia de Halloween.<br \/>\nSe analisarmos o modo como o Halloween \u00e9 celebrado hoje, veremos que pouco tem a ver com as suas origens: s\u00f3 restou uma alus\u00e3o aos mortos, mas com um car\u00e1ter completamente distinto do que tinha ao princ\u00edpio. Al\u00e9m disso foi sendo pouco a pouco incorporada toda uma s\u00e9rie de elementos estranhos tanto a\u00a0 festa de Finados como a de Todos os Santos.<br \/>\nEntre os elementos acrescidos, temos por exemplo o costume dos disfarces, muito possivelmente nascido na Fran\u00e7a entre os s\u00e9culos XIV e XV. Nessa \u00e9poca a Europa foi flagelada pela Peste Negra (peste bub\u00f3nica), que dizimou perto da metade da popula\u00e7\u00e3o do Continente, criando entre os cat\u00f3licos um grande temor e preocupa\u00e7\u00e3o com a morte. Multiplicaram se as Missas na festa dos Fi\u00e9is Defuntos e nasceram muitas representa\u00e7\u00f5es art\u00edsticas que recordavam \u00e0s pessoas a sua pr\u00f3pria mortalidade, algumas dessas representa\u00e7\u00f5es eram conhecidas como dan\u00e7as da morte ou dan\u00e7as macabras.<br \/>\nAlguns fi\u00e9is, dotados de um esp\u00edrito mais burlesco, costumavam adornar na v\u00e9spera da festa de finados as paredes dos cemit\u00e9rios com imagens do diabo puxando uma fila de pessoas para a tumba: papas, reis, damas, cavaleiros, monges, camponeses, leprosos, etc. (afinal, a morte n\u00e3o respeita ningu\u00e9m). Tamb\u00e9m eram feitas representa\u00e7\u00f5es c\u00e9nicas, com pessoas disfar\u00e7adas de personalidades famosas e personificando inclusive a morte, \u00e0 qual todos deveriam chegar. Possivelmente, a tradi\u00e7\u00e3o de pedir um doce, sob amea\u00e7a de fazer uma travessura (trick or treat, doce ou travessura), teve origem na Inglaterra, no per\u00edodo da persegui\u00e7\u00e3o protestante contra os cat\u00f3licos (1500 1700). Nesse per\u00edodo, os cat\u00f3licos ingleses foram privados dos seus direitos legais e n\u00e3o podiam exercer nenhum cargo p\u00fablico. Al\u00e9m disso, foram lhes infligidas multas, altos impostos e at\u00e9 mesmo a pris\u00e3o. Celebrar a missa era pass\u00edvel da pena capital e centenas de sacerdotes foram martirizados. Produto dessa persegui\u00e7\u00e3o foi a tentativa de atentado contra o rei protestante Jorge I. O plano, conhecido como Gunpowder Plot (Conspira\u00e7\u00e3o da p\u00f3lvora), era fazer explodir o Parlamento, matando o rei, e assim dar in\u00edcio a um levante dos cat\u00f3licos oprimidos. A trama foi descoberta em 5 de novembro de 1605, quando um cat\u00f3lico convertido chamado Guy Fawkes foi apanhado guardando p\u00f3lvora na sua casa, tendo sido enforcado logo em seguida. Em pouco tempo a data converteu se numa grande festa na Inglaterra (que perdura at\u00e9 hoje): muitos protestantes a celebravam usando m\u00e1scaras e visitando as casas dos cat\u00f3licos para exigir deles cerveja e past\u00e9is, dizendo lhes: trick or treat(doce ou travessuras). Mais tarde, a comemora\u00e7\u00e3o do dia de Guy Fawkes chegou \u00e0 Am\u00e9rica trazida pelos primeiros colonos, que a transferiram para o dia 31 de outubro, unindo-a com a festa do Halloween, que havia sido introduzida no pa\u00eds pelos imigrantes irlandeses. Vemos, portanto, que a atual festa do Halloween \u00e9 produto da mescla de muitas tradi\u00e7\u00f5es, trazidas pelos colonos no s\u00e9culo XVIII para os Estados Unidos e ali integradas de modo peculiar na sua cultura. Muitas delas j\u00e1 foram esquecidas na Europa.<\/p>\n<p>Novos elementos do Halloween<br \/>\nA celebra\u00e7\u00e3o do 31 de Outubro muito possivelmente em virtude da sua origem como festa dos druidas vem sendo ultimamente promovida por diversos grupos neo pag\u00e3os, e em alguns casos assume at\u00e9 mesmo o car\u00e1ter de celebra\u00e7\u00e3o sat\u00e2nica e ocultista. Hollywood contribui para isso com v\u00e1rios filmes, entre os quais se destaca a s\u00e9rie Halloween, na qual a viol\u00eancia pl\u00e1stica e os assassinatos acabam por criar no espectador um estado de ang\u00fastia e ansiedade. Muitos desses filmes, apesar das restri\u00e7\u00f5es de exibi\u00e7\u00e3o, acabam por\u00a0 ser visto por miudos gerando neles o medo e uma ideia err\u00f3nea da realidade. A liga\u00e7\u00e3o dessa festa com o mal e com o ocultismo se comprova tamb\u00e9m pelo fato de que na noite do 31 de outubro se realizam na Irlanda, nos Estados Unidos, no M\u00e9xico e em muitos outros pa\u00edses missas negras e outras reuni\u00f5es desse tipo. Na celebra\u00e7\u00e3o atual do Halloween, podemos notar a presen\u00e7a de muitos desses elementos. As fantasias, enfeites e outros itens comercializados por ocasi\u00e3o dessa festa est\u00e3o repletos de bruxas, gatos pretos, vampiros, fantasmas e toda esp\u00e9cie de monstros horr\u00edveis, que \u00e0s vezes chegam a ter conota\u00e7\u00f5es verdadeiramente sat\u00e2nicas.<\/p>\n<p>Nota<br \/>\nA lanterna vegetal chamada de jack lantern em ingl\u00eas,\u00a0\u00e9 o apelido em l\u00edngua inglesa dado a uma\u00a0ab\u00f3bora\u00a0iluminada feita como enfeite para o\u00a0Dia das Bruxas, no Brasil e \u00e9 uma tradi\u00e7\u00e3o ancestral.<br \/>\nCoca pap\u00e3o ab\u00f3bora vazia (ou panela) com buracos representativos dos olhos e da boca com uma luz dentro, para meter medo, \u00e0\u00a0 noite feiticeira Priberam L\u00edngua Portuguesa On-Line.<\/p>\n<p>A noite das bruxas, ou noitadas de feiti\u00e7arias, \u00e9 uma tradi\u00e7\u00e3o quase esquecida celebrada em Montalegre e Vilar de Perdizes nas sexta-feiras dia 13.<br \/>\nA celebra\u00e7\u00e3o come\u00e7a com uma ceia das bruxas em que \u00e9 servido um caldo de urtigas entre outras pratos. Segue-se um ritual em que se faz uma reza com esta colher levantarei labaredas deste lume, que se parece com o do Inferno. Fugir\u00e3o daqui as bruxas<br \/>\nDepois segue-se a grande queimada das bruxas, em que prepara-se e serve-se uma po\u00e7\u00e3o m\u00e1gica \u00e0 base de aguardente aquecida no caldeir\u00e3o chamada de queimada do Outro Mundo. Enquanto a po\u00e7\u00e3o m\u00e1gica \u00e9 aquecida no caldeir\u00e3o l\u00ea-se o esconjuro:<br \/>\nSapos e bruxas, mochos e corujas, demonhos, trasgos e dianhos, sp\u00edrtos das eneboadas beigas, corvos, pegas e meigas, feiti\u00e7os das mezinheiras, lume andante dos podres canhotos furados, luzinha dos bichos andantes, luz de mortos penantes, mau-olhado, negra inveija, ar de mortos, trev\u00f5es e raios, piar de moucho, pecadora l\u00edngua de m\u00e1 mulher casada cum home belho. Vade retro Satan\u00e1s pr\u00e1s pedras cagadeiras.<br \/>\nOutras duas bebidas m\u00e1gicas preparadas e servidas durante a grande queimada das bruxas s\u00e3o os Vinhos Benzidos pelo Diabo e o Licor Levanta o Pau.<br \/>\nA celebra\u00e7\u00e3o da queimada remonta a mais de cinquenta anos e tem origem num ritual que se fazia nos Invernos para curar gripes, catarros, resfriados. Era aguardente queimada numa ca\u00e7arola. E, como n\u00e3o havia luz el\u00e9ctrica, mas, apenas, luz de velas, toda a gente gozava com as caras t\u00e9tricas que a nossa cor amarelada sugeria, faces de desenterrados, de bruxas, informa o padre de Vilar de Perdizes. Ao longo do tempo, todas as tradi\u00e7\u00f5es, por mais que se tente mant\u00ea-las intactas, v\u00e3o-se actualizando, perdem e ganham significados, e raras n\u00e3o s\u00e3o as vezes que acabamos por festejar um dia sem saber muito bem porqu\u00ea. Bem, na verdade sabemos, \u00e9 mesmo pela festa!<\/p>\n<p>A tradi\u00e7\u00e3o da noite de Halloween tem a sua maior representa\u00e7\u00e3o nos Estados Unidos e a sua origem n\u00e3o \u00e9 bem documentada, havendo v\u00e1rias teorias. Uma delas afirma que a sua origem remonta ao povo celta, que a comemorava por considerar que no \u00faltimo dia de ver\u00e3o (calculado a 31 de Outubro) os esp\u00edritos ficavam soltos pela terra e tentavam tomar conta dos corpos vivos. Numa tentativa de os afastar e confundir, as gentes vivas colocavam objectos assustadores, como por exemplo caveiras, ossos e ab\u00f3boras e outros, decorados com caras assustadoras.<\/p>\n<p>Como era considerada uma festa pag\u00e3, durante a Idade M\u00e9dia foi proibida a sua comemora\u00e7\u00e3o na Europa e designada como &#8220;O Dia das Bruxas&#8221;, sendo que quem o tentasse comemorar seria condenado ao fogo da inquisi\u00e7\u00e3o.<\/p>\n<p>Para n\u00e3o deixar o seu rebanho triste, e sem nada para comemorar, a igreja crist\u00e3 comemora no dia seguinte o dia de Todos os santos e o dia dos finados.<\/p>\n<p>A minha proposta \u00e9: tanto ache, ou n\u00e3o, esta festa despropositada, olhe para ela como uma boa oportunidade para se divertir (que parece Portugal inteiro anda a precisar).<\/p>\n<p>Inspire-se nos vampiros todos que est\u00e3o agora muito em voga, vista o seu fato de vampira sexy ou de vampiro esfomeado e v\u00e1 dan\u00e7ar at\u00e9 nascer o sol, que pode ser que lhe comece a correr algum sangue nas veias. (Solange Cosme)<\/p>\n","protected":false},"excerpt":{"rendered":"<p>A origem do halloween remonta \u00e0s tradi\u00e7\u00f5es dos povos que habitaram a G\u00e1lia e as ilhas da Gr\u00e3-Bretanha entre os anos 600 a.C. e 800 d.C., embora com marcadas diferen\u00e7as em rela\u00e7\u00e3o \u00e0s atuais ab\u00f3boras ou da famosa frase &#8220;Gostosuras ou Travessuras&#8221;, exportada pelos Estados Unidos, que popularizaram a comemora\u00e7\u00e3o.<\/p>\n<p>Originalmente, o halloween n\u00e3o tinha rela\u00e7\u00e3o com bruxas. Era um festival do calend\u00e1rio celta da Irlanda, o festival de Samhain, celebrado entre 30 de Outubro e 2 de Novembro e marcava o fim do ver\u00e3o (samhain significa literalmente &#8220;fim do ver\u00e3o&#8221; na l\u00edngua celta).<\/p>\n<p>A celebra\u00e7\u00e3o do\u00a0<i>Halloween<\/i> tem duas origens que no transcurso da Hist\u00f3ria foram se misturando<span id=\"Origem_pag.C3.A3\"><\/span><\/p>\n<p>A origem Pag\u00e3 e a origem Crist\u00e3. (V\u00ea toda a descri\u00e7\u00e3o abaixo)<\/p>\n","protected":false},"featured_media":11681,"comment_status":"open","ping_status":"closed","template":"","meta":{"_exactmetrics_skip_tracking":false,"_exactmetrics_sitenote_active":false,"_exactmetrics_sitenote_note":"","_exactmetrics_sitenote_category":0},"product_brand":[],"product_cat":[465,15],"product_tag":[],"class_list":{"0":"post-2807","1":"product","2":"type-product","3":"status-publish","4":"has-post-thumbnail","6":"product_cat-halloween-2","7":"product_cat-ver-todos-os-produtos","9":"first","10":"instock","11":"taxable","12":"shipping-taxable","13":"purchasable","14":"product-type-simple"},"yoast_head":"<!-- This site is optimized with the Yoast SEO plugin v27.4 - https:\/\/yoast.com\/product\/yoast-seo-wordpress\/ -->\n<title>Hist\u00f3ria do Halloween -<\/title>\n<meta name=\"robots\" content=\"index, follow, max-snippet:-1, max-image-preview:large, max-video-preview:-1\" \/>\n<link rel=\"canonical\" href=\"https:\/\/divertarte.com\/index.php\/produto\/historia-halloween\/\" \/>\n<meta property=\"og:locale\" content=\"pt_PT\" \/>\n<meta property=\"og:type\" content=\"article\" \/>\n<meta property=\"og:title\" content=\"Hist\u00f3ria do Halloween -\" \/>\n<meta property=\"og:description\" content=\"A origem do halloween remonta \u00e0s tradi\u00e7\u00f5es dos povos que habitaram a G\u00e1lia e as ilhas da Gr\u00e3-Bretanha entre os anos 600 a.C. e 800 d.C., embora com marcadas diferen\u00e7as em rela\u00e7\u00e3o \u00e0s atuais ab\u00f3boras ou da famosa frase &quot;Gostosuras ou Travessuras&quot;, exportada pelos Estados Unidos, que popularizaram a comemora\u00e7\u00e3o.  Originalmente, o halloween n\u00e3o tinha rela\u00e7\u00e3o com bruxas. Era um festival do calend\u00e1rio celta da Irlanda, o festival de Samhain, celebrado entre 30 de Outubro e 2 de Novembro e marcava o fim do ver\u00e3o (samhain significa literalmente &quot;fim do ver\u00e3o&quot; na l\u00edngua celta).  A celebra\u00e7\u00e3o do\u00a0Halloween tem duas origens que no transcurso da Hist\u00f3ria foram se misturando  A origem Pag\u00e3 e a origem Crist\u00e3. (V\u00ea toda a descri\u00e7\u00e3o abaixo)\" \/>\n<meta property=\"og:url\" content=\"https:\/\/divertarte.com\/index.php\/produto\/historia-halloween\/\" \/>\n<meta property=\"article:modified_time\" content=\"2025-11-06T14:15:54+00:00\" \/>\n<meta property=\"og:image\" content=\"https:\/\/divertarte.com\/wp-content\/uploads\/2018\/05\/HALOOWEEN.jpg\" \/>\n\t<meta property=\"og:image:width\" content=\"300\" \/>\n\t<meta property=\"og:image:height\" content=\"300\" \/>\n\t<meta property=\"og:image:type\" content=\"image\/jpeg\" \/>\n<meta name=\"twitter:card\" content=\"summary_large_image\" \/>\n<meta name=\"twitter:label1\" content=\"Tempo estimado de leitura\" \/>\n\t<meta name=\"twitter:data1\" content=\"11 minutos\" \/>\n<script type=\"application\/ld+json\" class=\"yoast-schema-graph\">{\"@context\":\"https:\\\/\\\/schema.org\",\"@graph\":[{\"@type\":\"WebPage\",\"@id\":\"https:\\\/\\\/divertarte.com\\\/index.php\\\/produto\\\/historia-halloween\\\/\",\"url\":\"https:\\\/\\\/divertarte.com\\\/index.php\\\/produto\\\/historia-halloween\\\/\",\"name\":\"Hist\u00f3ria do Halloween -\",\"isPartOf\":{\"@id\":\"https:\\\/\\\/divertarte.com\\\/#website\"},\"primaryImageOfPage\":{\"@id\":\"https:\\\/\\\/divertarte.com\\\/index.php\\\/produto\\\/historia-halloween\\\/#primaryimage\"},\"image\":{\"@id\":\"https:\\\/\\\/divertarte.com\\\/index.php\\\/produto\\\/historia-halloween\\\/#primaryimage\"},\"thumbnailUrl\":\"https:\\\/\\\/divertarte.com\\\/wp-content\\\/uploads\\\/2018\\\/05\\\/HALOOWEEN.jpg\",\"datePublished\":\"2018-05-08T15:52:58+00:00\",\"dateModified\":\"2025-11-06T14:15:54+00:00\",\"breadcrumb\":{\"@id\":\"https:\\\/\\\/divertarte.com\\\/index.php\\\/produto\\\/historia-halloween\\\/#breadcrumb\"},\"inLanguage\":\"pt-PT\",\"potentialAction\":[{\"@type\":\"ReadAction\",\"target\":[\"https:\\\/\\\/divertarte.com\\\/index.php\\\/produto\\\/historia-halloween\\\/\"]}]},{\"@type\":\"ImageObject\",\"inLanguage\":\"pt-PT\",\"@id\":\"https:\\\/\\\/divertarte.com\\\/index.php\\\/produto\\\/historia-halloween\\\/#primaryimage\",\"url\":\"https:\\\/\\\/divertarte.com\\\/wp-content\\\/uploads\\\/2018\\\/05\\\/HALOOWEEN.jpg\",\"contentUrl\":\"https:\\\/\\\/divertarte.com\\\/wp-content\\\/uploads\\\/2018\\\/05\\\/HALOOWEEN.jpg\",\"width\":300,\"height\":300},{\"@type\":\"BreadcrumbList\",\"@id\":\"https:\\\/\\\/divertarte.com\\\/index.php\\\/produto\\\/historia-halloween\\\/#breadcrumb\",\"itemListElement\":[{\"@type\":\"ListItem\",\"position\":1,\"name\":\"In\u00edcio\",\"item\":\"https:\\\/\\\/divertarte.com\\\/\"},{\"@type\":\"ListItem\",\"position\":2,\"name\":\"Loja\",\"item\":\"https:\\\/\\\/divertarte.com\\\/index.php\\\/divertarte-produtos\\\/\"},{\"@type\":\"ListItem\",\"position\":3,\"name\":\"Hist\u00f3ria do Halloween\"}]},{\"@type\":\"WebSite\",\"@id\":\"https:\\\/\\\/divertarte.com\\\/#website\",\"url\":\"https:\\\/\\\/divertarte.com\\\/\",\"name\":\"Divertarte\",\"description\":\"\",\"publisher\":{\"@id\":\"https:\\\/\\\/divertarte.com\\\/#organization\"},\"potentialAction\":[{\"@type\":\"SearchAction\",\"target\":{\"@type\":\"EntryPoint\",\"urlTemplate\":\"https:\\\/\\\/divertarte.com\\\/?s={search_term_string}\"},\"query-input\":{\"@type\":\"PropertyValueSpecification\",\"valueRequired\":true,\"valueName\":\"search_term_string\"}}],\"inLanguage\":\"pt-PT\"},{\"@type\":\"Organization\",\"@id\":\"https:\\\/\\\/divertarte.com\\\/#organization\",\"name\":\"Divertarte\",\"url\":\"https:\\\/\\\/divertarte.com\\\/\",\"logo\":{\"@type\":\"ImageObject\",\"inLanguage\":\"pt-PT\",\"@id\":\"https:\\\/\\\/divertarte.com\\\/#\\\/schema\\\/logo\\\/image\\\/\",\"url\":\"https:\\\/\\\/divertarte.com\\\/wp-content\\\/uploads\\\/2018\\\/07\\\/logo-div.jpg\",\"contentUrl\":\"https:\\\/\\\/divertarte.com\\\/wp-content\\\/uploads\\\/2018\\\/07\\\/logo-div.jpg\",\"width\":295,\"height\":123,\"caption\":\"Divertarte\"},\"image\":{\"@id\":\"https:\\\/\\\/divertarte.com\\\/#\\\/schema\\\/logo\\\/image\\\/\"}}]}<\/script>\n<!-- \/ Yoast SEO plugin. -->","yoast_head_json":{"title":"Hist\u00f3ria do Halloween -","robots":{"index":"index","follow":"follow","max-snippet":"max-snippet:-1","max-image-preview":"max-image-preview:large","max-video-preview":"max-video-preview:-1"},"canonical":"https:\/\/divertarte.com\/index.php\/produto\/historia-halloween\/","og_locale":"pt_PT","og_type":"article","og_title":"Hist\u00f3ria do Halloween -","og_description":"A origem do halloween remonta \u00e0s tradi\u00e7\u00f5es dos povos que habitaram a G\u00e1lia e as ilhas da Gr\u00e3-Bretanha entre os anos 600 a.C. e 800 d.C., embora com marcadas diferen\u00e7as em rela\u00e7\u00e3o \u00e0s atuais ab\u00f3boras ou da famosa frase \"Gostosuras ou Travessuras\", exportada pelos Estados Unidos, que popularizaram a comemora\u00e7\u00e3o.  Originalmente, o halloween n\u00e3o tinha rela\u00e7\u00e3o com bruxas. Era um festival do calend\u00e1rio celta da Irlanda, o festival de Samhain, celebrado entre 30 de Outubro e 2 de Novembro e marcava o fim do ver\u00e3o (samhain significa literalmente \"fim do ver\u00e3o\" na l\u00edngua celta).  A celebra\u00e7\u00e3o do\u00a0Halloween tem duas origens que no transcurso da Hist\u00f3ria foram se misturando  A origem Pag\u00e3 e a origem Crist\u00e3. (V\u00ea toda a descri\u00e7\u00e3o abaixo)","og_url":"https:\/\/divertarte.com\/index.php\/produto\/historia-halloween\/","article_modified_time":"2025-11-06T14:15:54+00:00","og_image":[{"width":300,"height":300,"url":"https:\/\/divertarte.com\/wp-content\/uploads\/2018\/05\/HALOOWEEN.jpg","type":"image\/jpeg"}],"twitter_card":"summary_large_image","twitter_misc":{"Tempo estimado de leitura":"11 minutos"},"schema":{"@context":"https:\/\/schema.org","@graph":[{"@type":"WebPage","@id":"https:\/\/divertarte.com\/index.php\/produto\/historia-halloween\/","url":"https:\/\/divertarte.com\/index.php\/produto\/historia-halloween\/","name":"Hist\u00f3ria do Halloween -","isPartOf":{"@id":"https:\/\/divertarte.com\/#website"},"primaryImageOfPage":{"@id":"https:\/\/divertarte.com\/index.php\/produto\/historia-halloween\/#primaryimage"},"image":{"@id":"https:\/\/divertarte.com\/index.php\/produto\/historia-halloween\/#primaryimage"},"thumbnailUrl":"https:\/\/divertarte.com\/wp-content\/uploads\/2018\/05\/HALOOWEEN.jpg","datePublished":"2018-05-08T15:52:58+00:00","dateModified":"2025-11-06T14:15:54+00:00","breadcrumb":{"@id":"https:\/\/divertarte.com\/index.php\/produto\/historia-halloween\/#breadcrumb"},"inLanguage":"pt-PT","potentialAction":[{"@type":"ReadAction","target":["https:\/\/divertarte.com\/index.php\/produto\/historia-halloween\/"]}]},{"@type":"ImageObject","inLanguage":"pt-PT","@id":"https:\/\/divertarte.com\/index.php\/produto\/historia-halloween\/#primaryimage","url":"https:\/\/divertarte.com\/wp-content\/uploads\/2018\/05\/HALOOWEEN.jpg","contentUrl":"https:\/\/divertarte.com\/wp-content\/uploads\/2018\/05\/HALOOWEEN.jpg","width":300,"height":300},{"@type":"BreadcrumbList","@id":"https:\/\/divertarte.com\/index.php\/produto\/historia-halloween\/#breadcrumb","itemListElement":[{"@type":"ListItem","position":1,"name":"In\u00edcio","item":"https:\/\/divertarte.com\/"},{"@type":"ListItem","position":2,"name":"Loja","item":"https:\/\/divertarte.com\/index.php\/divertarte-produtos\/"},{"@type":"ListItem","position":3,"name":"Hist\u00f3ria do Halloween"}]},{"@type":"WebSite","@id":"https:\/\/divertarte.com\/#website","url":"https:\/\/divertarte.com\/","name":"Divertarte","description":"","publisher":{"@id":"https:\/\/divertarte.com\/#organization"},"potentialAction":[{"@type":"SearchAction","target":{"@type":"EntryPoint","urlTemplate":"https:\/\/divertarte.com\/?s={search_term_string}"},"query-input":{"@type":"PropertyValueSpecification","valueRequired":true,"valueName":"search_term_string"}}],"inLanguage":"pt-PT"},{"@type":"Organization","@id":"https:\/\/divertarte.com\/#organization","name":"Divertarte","url":"https:\/\/divertarte.com\/","logo":{"@type":"ImageObject","inLanguage":"pt-PT","@id":"https:\/\/divertarte.com\/#\/schema\/logo\/image\/","url":"https:\/\/divertarte.com\/wp-content\/uploads\/2018\/07\/logo-div.jpg","contentUrl":"https:\/\/divertarte.com\/wp-content\/uploads\/2018\/07\/logo-div.jpg","width":295,"height":123,"caption":"Divertarte"},"image":{"@id":"https:\/\/divertarte.com\/#\/schema\/logo\/image\/"}}]}},"_links":{"self":[{"href":"https:\/\/divertarte.com\/index.php\/wp-json\/wp\/v2\/product\/2807","targetHints":{"allow":["GET"]}}],"collection":[{"href":"https:\/\/divertarte.com\/index.php\/wp-json\/wp\/v2\/product"}],"about":[{"href":"https:\/\/divertarte.com\/index.php\/wp-json\/wp\/v2\/types\/product"}],"replies":[{"embeddable":true,"href":"https:\/\/divertarte.com\/index.php\/wp-json\/wp\/v2\/comments?post=2807"}],"wp:featuredmedia":[{"embeddable":true,"href":"https:\/\/divertarte.com\/index.php\/wp-json\/wp\/v2\/media\/11681"}],"wp:attachment":[{"href":"https:\/\/divertarte.com\/index.php\/wp-json\/wp\/v2\/media?parent=2807"}],"wp:term":[{"taxonomy":"product_brand","embeddable":true,"href":"https:\/\/divertarte.com\/index.php\/wp-json\/wp\/v2\/product_brand?post=2807"},{"taxonomy":"product_cat","embeddable":true,"href":"https:\/\/divertarte.com\/index.php\/wp-json\/wp\/v2\/product_cat?post=2807"},{"taxonomy":"product_tag","embeddable":true,"href":"https:\/\/divertarte.com\/index.php\/wp-json\/wp\/v2\/product_tag?post=2807"}],"curies":[{"name":"wp","href":"https:\/\/api.w.org\/{rel}","templated":true}]}}