{"id":2693,"date":"2018-06-07T14:03:02","date_gmt":"2018-06-07T13:03:02","guid":{"rendered":"https:\/\/divertarte.com\/index.php\/produto\/sabonetes-em-barra-cd\/"},"modified":"2025-11-06T14:05:52","modified_gmt":"2025-11-06T14:05:52","slug":"sabonetes-em-barra-cd","status":"publish","type":"product","link":"https:\/\/divertarte.com\/index.php\/produto\/sabonetes-em-barra-cd\/","title":{"rendered":"Curso Sabonetes em Barra"},"content":{"rendered":"<p>Curso Sabonetes em Barra<\/p>\n<p>Receitas de Sabonetes em Barra, materiais necess\u00e1rios, modo de utiliza\u00e7\u00e3o dos materiais. Dicas.<\/p>\n<p>Barra de espirais, barra cora\u00e7\u00e3o de chocolate preto e branco. Al\u00e9m disso barra marinho, barra alfazema Barra ma\u00e7\u00e3 mesclada, barra varia\u00e7\u00e3o em azul e barra fatias de laranja.<\/p>\n<p>Al\u00e9m disso tens aqui um nova forma de ganhar dinheiro e dar asas \u00e0 tua imagina\u00e7\u00e3o<\/p>\n","protected":false},"excerpt":{"rendered":"<p>Curso Sabonetes em Barra<\/p>\n<p>Conteudo: Receitas de Sabonetes em Barra, materiais necess\u00e1rios, modo de utiliza\u00e7\u00e3o dos materiais. Dicas. Aprende a nova t\u00e9cnica para fazer barras de samonete.<\/p>\n<p>Barra de espirais, barra cora\u00e7\u00e3o de chocolate preto e branco. Al\u00e9m disso barra marinho, barra alfazema. E tamb\u00e9m barra ma\u00e7\u00e3 mesclada, barra varia\u00e7\u00e3o em azul e barra fatias de laranja.<\/p>\n<p>Assim tens aqui um nova forma de ganhar dinheiro e dar asas \u00e0 tua imagina\u00e7\u00e3o.<\/p>\n<p>Ao comprares este Curso tens direito aos seguintes materiais:<\/p>\n<p>500 g Glicerina Cristal,\u00a0 500 g Glicerina Branca, 1 corante Azul, 1 corante Castanho, 1 Ess\u00eancia Marinho, 1 Essencia Chocolate,\u00a0 1 molde barra.<\/p>\n<p>Estamos ao teu dispor em <a href=\"mailto:info@divertarte.com\">info@divertarte.com<\/a><\/p>\n<p>&nbsp;<\/p>\n<p>&nbsp;<\/p>\n<p>&nbsp;<\/p>\n","protected":false},"featured_media":13440,"comment_status":"closed","ping_status":"closed","template":"","meta":{"_exactmetrics_skip_tracking":false,"_exactmetrics_sitenote_active":false,"_exactmetrics_sitenote_note":"","_exactmetrics_sitenote_category":0},"product_brand":[],"product_cat":[783,15],"product_tag":[793,792,790],"class_list":{"0":"post-2693","1":"product","2":"type-product","3":"status-publish","4":"has-post-thumbnail","6":"product_cat-cursos","7":"product_cat-ver-todos-os-produtos","8":"product_tag-curso-sabonetes","9":"product_tag-curso-sabonetes-em-barra","10":"product_tag-cursos-em-portugal","12":"first","13":"instock","14":"taxable","15":"shipping-taxable","16":"purchasable","17":"product-type-simple"},"yoast_head":"<!-- This site is optimized with the Yoast SEO plugin v27.4 - https:\/\/yoast.com\/product\/yoast-seo-wordpress\/ -->\n<title>Curso Sabonetes em Barra -<\/title>\n<meta name=\"description\" content=\"Aprende a nova t\u00e9cnica: fazer Barras de Sabonete com Glicerina: Espirais,cora\u00e7\u00e3o de chocolate,marinho,alfazema,ma\u00e7\u00e3 mesclada,varia\u00e7\u00e3o azul,fatias de laranja\" \/>\n<meta name=\"robots\" content=\"index, follow, max-snippet:-1, max-image-preview:large, max-video-preview:-1\" \/>\n<link rel=\"canonical\" href=\"https:\/\/divertarte.com\/index.php\/produto\/sabonetes-em-barra-cd\/\" \/>\n<meta property=\"og:locale\" content=\"pt_PT\" \/>\n<meta property=\"og:type\" content=\"article\" \/>\n<meta property=\"og:title\" content=\"Curso Sabonetes em Barra -\" \/>\n<meta property=\"og:description\" content=\"Aprende a nova t\u00e9cnica: fazer Barras de Sabonete com Glicerina: Espirais,cora\u00e7\u00e3o de chocolate,marinho,alfazema,ma\u00e7\u00e3 mesclada,varia\u00e7\u00e3o azul,fatias de laranja\" \/>\n<meta property=\"og:url\" content=\"https:\/\/divertarte.com\/index.php\/produto\/sabonetes-em-barra-cd\/\" \/>\n<meta property=\"article:modified_time\" content=\"2025-11-06T14:05:52+00:00\" \/>\n<meta property=\"og:image\" content=\"https:\/\/divertarte.com\/wp-content\/uploads\/2018\/06\/CURSO-SABONETES-em-BARRA.jpg\" \/>\n\t<meta property=\"og:image:width\" content=\"300\" \/>\n\t<meta property=\"og:image:height\" content=\"300\" \/>\n\t<meta property=\"og:image:type\" content=\"image\/jpeg\" \/>\n<meta name=\"twitter:card\" content=\"summary_large_image\" \/>\n<script type=\"application\/ld+json\" class=\"yoast-schema-graph\">{\"@context\":\"https:\\\/\\\/schema.org\",\"@graph\":[{\"@type\":\"WebPage\",\"@id\":\"https:\\\/\\\/divertarte.com\\\/index.php\\\/produto\\\/sabonetes-em-barra-cd\\\/\",\"url\":\"https:\\\/\\\/divertarte.com\\\/index.php\\\/produto\\\/sabonetes-em-barra-cd\\\/\",\"name\":\"Curso Sabonetes em Barra -\",\"isPartOf\":{\"@id\":\"https:\\\/\\\/divertarte.com\\\/#website\"},\"primaryImageOfPage\":{\"@id\":\"https:\\\/\\\/divertarte.com\\\/index.php\\\/produto\\\/sabonetes-em-barra-cd\\\/#primaryimage\"},\"image\":{\"@id\":\"https:\\\/\\\/divertarte.com\\\/index.php\\\/produto\\\/sabonetes-em-barra-cd\\\/#primaryimage\"},\"thumbnailUrl\":\"https:\\\/\\\/divertarte.com\\\/wp-content\\\/uploads\\\/2018\\\/06\\\/CURSO-SABONETES-em-BARRA.jpg\",\"datePublished\":\"2018-06-07T13:03:02+00:00\",\"dateModified\":\"2025-11-06T14:05:52+00:00\",\"description\":\"Aprende a nova t\u00e9cnica: fazer Barras de Sabonete com Glicerina: Espirais,cora\u00e7\u00e3o de chocolate,marinho,alfazema,ma\u00e7\u00e3 mesclada,varia\u00e7\u00e3o azul,fatias de laranja\",\"breadcrumb\":{\"@id\":\"https:\\\/\\\/divertarte.com\\\/index.php\\\/produto\\\/sabonetes-em-barra-cd\\\/#breadcrumb\"},\"inLanguage\":\"pt-PT\",\"potentialAction\":[{\"@type\":\"ReadAction\",\"target\":[\"https:\\\/\\\/divertarte.com\\\/index.php\\\/produto\\\/sabonetes-em-barra-cd\\\/\"]}]},{\"@type\":\"ImageObject\",\"inLanguage\":\"pt-PT\",\"@id\":\"https:\\\/\\\/divertarte.com\\\/index.php\\\/produto\\\/sabonetes-em-barra-cd\\\/#primaryimage\",\"url\":\"https:\\\/\\\/divertarte.com\\\/wp-content\\\/uploads\\\/2018\\\/06\\\/CURSO-SABONETES-em-BARRA.jpg\",\"contentUrl\":\"https:\\\/\\\/divertarte.com\\\/wp-content\\\/uploads\\\/2018\\\/06\\\/CURSO-SABONETES-em-BARRA.jpg\",\"width\":300,\"height\":300},{\"@type\":\"BreadcrumbList\",\"@id\":\"https:\\\/\\\/divertarte.com\\\/index.php\\\/produto\\\/sabonetes-em-barra-cd\\\/#breadcrumb\",\"itemListElement\":[{\"@type\":\"ListItem\",\"position\":1,\"name\":\"In\u00edcio\",\"item\":\"https:\\\/\\\/divertarte.com\\\/\"},{\"@type\":\"ListItem\",\"position\":2,\"name\":\"Loja\",\"item\":\"https:\\\/\\\/divertarte.com\\\/index.php\\\/divertarte-produtos\\\/\"},{\"@type\":\"ListItem\",\"position\":3,\"name\":\"Curso Sabonetes em Barra\"}]},{\"@type\":\"WebSite\",\"@id\":\"https:\\\/\\\/divertarte.com\\\/#website\",\"url\":\"https:\\\/\\\/divertarte.com\\\/\",\"name\":\"Divertarte\",\"description\":\"\",\"publisher\":{\"@id\":\"https:\\\/\\\/divertarte.com\\\/#organization\"},\"potentialAction\":[{\"@type\":\"SearchAction\",\"target\":{\"@type\":\"EntryPoint\",\"urlTemplate\":\"https:\\\/\\\/divertarte.com\\\/?s={search_term_string}\"},\"query-input\":{\"@type\":\"PropertyValueSpecification\",\"valueRequired\":true,\"valueName\":\"search_term_string\"}}],\"inLanguage\":\"pt-PT\"},{\"@type\":\"Organization\",\"@id\":\"https:\\\/\\\/divertarte.com\\\/#organization\",\"name\":\"Divertarte\",\"url\":\"https:\\\/\\\/divertarte.com\\\/\",\"logo\":{\"@type\":\"ImageObject\",\"inLanguage\":\"pt-PT\",\"@id\":\"https:\\\/\\\/divertarte.com\\\/#\\\/schema\\\/logo\\\/image\\\/\",\"url\":\"https:\\\/\\\/divertarte.com\\\/wp-content\\\/uploads\\\/2018\\\/07\\\/logo-div.jpg\",\"contentUrl\":\"https:\\\/\\\/divertarte.com\\\/wp-content\\\/uploads\\\/2018\\\/07\\\/logo-div.jpg\",\"width\":295,\"height\":123,\"caption\":\"Divertarte\"},\"image\":{\"@id\":\"https:\\\/\\\/divertarte.com\\\/#\\\/schema\\\/logo\\\/image\\\/\"}}]}<\/script>\n<!-- \/ Yoast SEO plugin. -->","yoast_head_json":{"title":"Curso Sabonetes em Barra -","description":"Aprende a nova t\u00e9cnica: fazer Barras de Sabonete com Glicerina: Espirais,cora\u00e7\u00e3o de chocolate,marinho,alfazema,ma\u00e7\u00e3 mesclada,varia\u00e7\u00e3o azul,fatias de laranja","robots":{"index":"index","follow":"follow","max-snippet":"max-snippet:-1","max-image-preview":"max-image-preview:large","max-video-preview":"max-video-preview:-1"},"canonical":"https:\/\/divertarte.com\/index.php\/produto\/sabonetes-em-barra-cd\/","og_locale":"pt_PT","og_type":"article","og_title":"Curso Sabonetes em Barra -","og_description":"Aprende a nova t\u00e9cnica: fazer Barras de Sabonete com Glicerina: Espirais,cora\u00e7\u00e3o de chocolate,marinho,alfazema,ma\u00e7\u00e3 mesclada,varia\u00e7\u00e3o azul,fatias de laranja","og_url":"https:\/\/divertarte.com\/index.php\/produto\/sabonetes-em-barra-cd\/","article_modified_time":"2025-11-06T14:05:52+00:00","og_image":[{"width":300,"height":300,"url":"https:\/\/divertarte.com\/wp-content\/uploads\/2018\/06\/CURSO-SABONETES-em-BARRA.jpg","type":"image\/jpeg"}],"twitter_card":"summary_large_image","schema":{"@context":"https:\/\/schema.org","@graph":[{"@type":"WebPage","@id":"https:\/\/divertarte.com\/index.php\/produto\/sabonetes-em-barra-cd\/","url":"https:\/\/divertarte.com\/index.php\/produto\/sabonetes-em-barra-cd\/","name":"Curso Sabonetes em Barra -","isPartOf":{"@id":"https:\/\/divertarte.com\/#website"},"primaryImageOfPage":{"@id":"https:\/\/divertarte.com\/index.php\/produto\/sabonetes-em-barra-cd\/#primaryimage"},"image":{"@id":"https:\/\/divertarte.com\/index.php\/produto\/sabonetes-em-barra-cd\/#primaryimage"},"thumbnailUrl":"https:\/\/divertarte.com\/wp-content\/uploads\/2018\/06\/CURSO-SABONETES-em-BARRA.jpg","datePublished":"2018-06-07T13:03:02+00:00","dateModified":"2025-11-06T14:05:52+00:00","description":"Aprende a nova t\u00e9cnica: fazer Barras de Sabonete com Glicerina: Espirais,cora\u00e7\u00e3o de chocolate,marinho,alfazema,ma\u00e7\u00e3 mesclada,varia\u00e7\u00e3o azul,fatias de laranja","breadcrumb":{"@id":"https:\/\/divertarte.com\/index.php\/produto\/sabonetes-em-barra-cd\/#breadcrumb"},"inLanguage":"pt-PT","potentialAction":[{"@type":"ReadAction","target":["https:\/\/divertarte.com\/index.php\/produto\/sabonetes-em-barra-cd\/"]}]},{"@type":"ImageObject","inLanguage":"pt-PT","@id":"https:\/\/divertarte.com\/index.php\/produto\/sabonetes-em-barra-cd\/#primaryimage","url":"https:\/\/divertarte.com\/wp-content\/uploads\/2018\/06\/CURSO-SABONETES-em-BARRA.jpg","contentUrl":"https:\/\/divertarte.com\/wp-content\/uploads\/2018\/06\/CURSO-SABONETES-em-BARRA.jpg","width":300,"height":300},{"@type":"BreadcrumbList","@id":"https:\/\/divertarte.com\/index.php\/produto\/sabonetes-em-barra-cd\/#breadcrumb","itemListElement":[{"@type":"ListItem","position":1,"name":"In\u00edcio","item":"https:\/\/divertarte.com\/"},{"@type":"ListItem","position":2,"name":"Loja","item":"https:\/\/divertarte.com\/index.php\/divertarte-produtos\/"},{"@type":"ListItem","position":3,"name":"Curso Sabonetes em Barra"}]},{"@type":"WebSite","@id":"https:\/\/divertarte.com\/#website","url":"https:\/\/divertarte.com\/","name":"Divertarte","description":"","publisher":{"@id":"https:\/\/divertarte.com\/#organization"},"potentialAction":[{"@type":"SearchAction","target":{"@type":"EntryPoint","urlTemplate":"https:\/\/divertarte.com\/?s={search_term_string}"},"query-input":{"@type":"PropertyValueSpecification","valueRequired":true,"valueName":"search_term_string"}}],"inLanguage":"pt-PT"},{"@type":"Organization","@id":"https:\/\/divertarte.com\/#organization","name":"Divertarte","url":"https:\/\/divertarte.com\/","logo":{"@type":"ImageObject","inLanguage":"pt-PT","@id":"https:\/\/divertarte.com\/#\/schema\/logo\/image\/","url":"https:\/\/divertarte.com\/wp-content\/uploads\/2018\/07\/logo-div.jpg","contentUrl":"https:\/\/divertarte.com\/wp-content\/uploads\/2018\/07\/logo-div.jpg","width":295,"height":123,"caption":"Divertarte"},"image":{"@id":"https:\/\/divertarte.com\/#\/schema\/logo\/image\/"}}]}},"_links":{"self":[{"href":"https:\/\/divertarte.com\/index.php\/wp-json\/wp\/v2\/product\/2693","targetHints":{"allow":["GET"]}}],"collection":[{"href":"https:\/\/divertarte.com\/index.php\/wp-json\/wp\/v2\/product"}],"about":[{"href":"https:\/\/divertarte.com\/index.php\/wp-json\/wp\/v2\/types\/product"}],"replies":[{"embeddable":true,"href":"https:\/\/divertarte.com\/index.php\/wp-json\/wp\/v2\/comments?post=2693"}],"wp:featuredmedia":[{"embeddable":true,"href":"https:\/\/divertarte.com\/index.php\/wp-json\/wp\/v2\/media\/13440"}],"wp:attachment":[{"href":"https:\/\/divertarte.com\/index.php\/wp-json\/wp\/v2\/media?parent=2693"}],"wp:term":[{"taxonomy":"product_brand","embeddable":true,"href":"https:\/\/divertarte.com\/index.php\/wp-json\/wp\/v2\/product_brand?post=2693"},{"taxonomy":"product_cat","embeddable":true,"href":"https:\/\/divertarte.com\/index.php\/wp-json\/wp\/v2\/product_cat?post=2693"},{"taxonomy":"product_tag","embeddable":true,"href":"https:\/\/divertarte.com\/index.php\/wp-json\/wp\/v2\/product_tag?post=2693"}],"curies":[{"name":"wp","href":"https:\/\/api.w.org\/{rel}","templated":true}]}}