{"id":22609,"date":"2026-04-18T17:27:05","date_gmt":"2026-04-18T16:27:05","guid":{"rendered":"https:\/\/divertarte.com\/?post_type=product&#038;p=22609"},"modified":"2026-04-18T18:01:38","modified_gmt":"2026-04-18T17:01:38","slug":"gesso-po-ceramico-eco-rosa-1kg","status":"publish","type":"product","link":"https:\/\/divertarte.com\/index.php\/produto\/gesso-po-ceramico-eco-rosa-1kg\/","title":{"rendered":"Gesso P\u00f3 Ceramico ECO Rosa 1kg"},"content":{"rendered":"<p>Gesso P\u00f3 Ceramico ECO Rosa 1kg<\/p>\n<p>Ideal para fazer cer\u00e2mica decorativa perfumada colorida. Prendinhas<\/p>\n","protected":false},"excerpt":{"rendered":"<p>Gesso P\u00f3 Ceramico ECO Rosa 1kg<\/p>\n<p>Ideal para fazer cer\u00e2mica decorativa perfumada colorida. Prendinhas<\/p>\n","protected":false},"featured_media":22610,"comment_status":"open","ping_status":"closed","template":"","meta":{"_exactmetrics_skip_tracking":false,"_exactmetrics_sitenote_active":false,"_exactmetrics_sitenote_note":"","_exactmetrics_sitenote_category":0},"product_brand":[],"product_cat":[326],"product_tag":[1658],"class_list":{"0":"post-22609","1":"product","2":"type-product","3":"status-publish","4":"has-post-thumbnail","6":"product_cat-gessos-e-alginatos","7":"product_tag-gesso-po-ceramico-eco-rosa","9":"first","10":"instock","11":"taxable","12":"shipping-taxable","13":"purchasable","14":"product-type-simple"},"yoast_head":"<!-- This site is optimized with the Yoast SEO plugin v27.4 - https:\/\/yoast.com\/product\/yoast-seo-wordpress\/ -->\n<title>Gesso P\u00f3 Ceramico ECO Rosa 1kg -<\/title>\n<meta name=\"description\" content=\"Gesso P\u00f3 Ceramico ECO Rosa 1kgIdeal para fazer cer\u00e2mica decorativa perfumada colorida. Pe\u00e7as delicadas em rosa beb\u00e9. Prendinhas\" \/>\n<meta name=\"robots\" content=\"index, follow, max-snippet:-1, max-image-preview:large, max-video-preview:-1\" \/>\n<link rel=\"canonical\" href=\"https:\/\/divertarte.com\/index.php\/produto\/gesso-po-ceramico-eco-rosa-1kg\/\" \/>\n<meta property=\"og:locale\" content=\"pt_PT\" \/>\n<meta property=\"og:type\" content=\"article\" \/>\n<meta property=\"og:title\" content=\"Gesso P\u00f3 Ceramico ECO Rosa 1kg -\" \/>\n<meta property=\"og:description\" content=\"Gesso P\u00f3 Ceramico ECO Rosa 1kgIdeal para fazer cer\u00e2mica decorativa perfumada colorida. Pe\u00e7as delicadas em rosa beb\u00e9. Prendinhas\" \/>\n<meta property=\"og:url\" content=\"https:\/\/divertarte.com\/index.php\/produto\/gesso-po-ceramico-eco-rosa-1kg\/\" \/>\n<meta property=\"article:modified_time\" content=\"2026-04-18T17:01:38+00:00\" \/>\n<meta property=\"og:image\" content=\"https:\/\/divertarte.com\/wp-content\/uploads\/2026\/04\/Gesso_Po_Ceramico_ECO_Rosa_1kg-.png\" \/>\n\t<meta property=\"og:image:width\" content=\"401\" \/>\n\t<meta property=\"og:image:height\" content=\"400\" \/>\n\t<meta property=\"og:image:type\" content=\"image\/png\" \/>\n<meta name=\"twitter:card\" content=\"summary_large_image\" \/>\n<script type=\"application\/ld+json\" class=\"yoast-schema-graph\">{\"@context\":\"https:\\\/\\\/schema.org\",\"@graph\":[{\"@type\":\"WebPage\",\"@id\":\"https:\\\/\\\/divertarte.com\\\/index.php\\\/produto\\\/gesso-po-ceramico-eco-rosa-1kg\\\/\",\"url\":\"https:\\\/\\\/divertarte.com\\\/index.php\\\/produto\\\/gesso-po-ceramico-eco-rosa-1kg\\\/\",\"name\":\"Gesso P\u00f3 Ceramico ECO Rosa 1kg -\",\"isPartOf\":{\"@id\":\"https:\\\/\\\/divertarte.com\\\/#website\"},\"primaryImageOfPage\":{\"@id\":\"https:\\\/\\\/divertarte.com\\\/index.php\\\/produto\\\/gesso-po-ceramico-eco-rosa-1kg\\\/#primaryimage\"},\"image\":{\"@id\":\"https:\\\/\\\/divertarte.com\\\/index.php\\\/produto\\\/gesso-po-ceramico-eco-rosa-1kg\\\/#primaryimage\"},\"thumbnailUrl\":\"https:\\\/\\\/divertarte.com\\\/wp-content\\\/uploads\\\/2026\\\/04\\\/Gesso_Po_Ceramico_ECO_Rosa_1kg-.png\",\"datePublished\":\"2026-04-18T16:27:05+00:00\",\"dateModified\":\"2026-04-18T17:01:38+00:00\",\"description\":\"Gesso P\u00f3 Ceramico ECO Rosa 1kgIdeal para fazer cer\u00e2mica decorativa perfumada colorida. Pe\u00e7as delicadas em rosa beb\u00e9. Prendinhas\",\"breadcrumb\":{\"@id\":\"https:\\\/\\\/divertarte.com\\\/index.php\\\/produto\\\/gesso-po-ceramico-eco-rosa-1kg\\\/#breadcrumb\"},\"inLanguage\":\"pt-PT\",\"potentialAction\":[{\"@type\":\"ReadAction\",\"target\":[\"https:\\\/\\\/divertarte.com\\\/index.php\\\/produto\\\/gesso-po-ceramico-eco-rosa-1kg\\\/\"]}]},{\"@type\":\"ImageObject\",\"inLanguage\":\"pt-PT\",\"@id\":\"https:\\\/\\\/divertarte.com\\\/index.php\\\/produto\\\/gesso-po-ceramico-eco-rosa-1kg\\\/#primaryimage\",\"url\":\"https:\\\/\\\/divertarte.com\\\/wp-content\\\/uploads\\\/2026\\\/04\\\/Gesso_Po_Ceramico_ECO_Rosa_1kg-.png\",\"contentUrl\":\"https:\\\/\\\/divertarte.com\\\/wp-content\\\/uploads\\\/2026\\\/04\\\/Gesso_Po_Ceramico_ECO_Rosa_1kg-.png\",\"width\":401,\"height\":400},{\"@type\":\"BreadcrumbList\",\"@id\":\"https:\\\/\\\/divertarte.com\\\/index.php\\\/produto\\\/gesso-po-ceramico-eco-rosa-1kg\\\/#breadcrumb\",\"itemListElement\":[{\"@type\":\"ListItem\",\"position\":1,\"name\":\"In\u00edcio\",\"item\":\"https:\\\/\\\/divertarte.com\\\/\"},{\"@type\":\"ListItem\",\"position\":2,\"name\":\"Loja\",\"item\":\"https:\\\/\\\/divertarte.com\\\/index.php\\\/divertarte-produtos\\\/\"},{\"@type\":\"ListItem\",\"position\":3,\"name\":\"Gesso P\u00f3 Ceramico ECO Rosa 1kg\"}]},{\"@type\":\"WebSite\",\"@id\":\"https:\\\/\\\/divertarte.com\\\/#website\",\"url\":\"https:\\\/\\\/divertarte.com\\\/\",\"name\":\"Divertarte\",\"description\":\"\",\"publisher\":{\"@id\":\"https:\\\/\\\/divertarte.com\\\/#organization\"},\"potentialAction\":[{\"@type\":\"SearchAction\",\"target\":{\"@type\":\"EntryPoint\",\"urlTemplate\":\"https:\\\/\\\/divertarte.com\\\/?s={search_term_string}\"},\"query-input\":{\"@type\":\"PropertyValueSpecification\",\"valueRequired\":true,\"valueName\":\"search_term_string\"}}],\"inLanguage\":\"pt-PT\"},{\"@type\":\"Organization\",\"@id\":\"https:\\\/\\\/divertarte.com\\\/#organization\",\"name\":\"Divertarte\",\"url\":\"https:\\\/\\\/divertarte.com\\\/\",\"logo\":{\"@type\":\"ImageObject\",\"inLanguage\":\"pt-PT\",\"@id\":\"https:\\\/\\\/divertarte.com\\\/#\\\/schema\\\/logo\\\/image\\\/\",\"url\":\"https:\\\/\\\/divertarte.com\\\/wp-content\\\/uploads\\\/2018\\\/07\\\/logo-div.jpg\",\"contentUrl\":\"https:\\\/\\\/divertarte.com\\\/wp-content\\\/uploads\\\/2018\\\/07\\\/logo-div.jpg\",\"width\":295,\"height\":123,\"caption\":\"Divertarte\"},\"image\":{\"@id\":\"https:\\\/\\\/divertarte.com\\\/#\\\/schema\\\/logo\\\/image\\\/\"}}]}<\/script>\n<!-- \/ Yoast SEO plugin. -->","yoast_head_json":{"title":"Gesso P\u00f3 Ceramico ECO Rosa 1kg -","description":"Gesso P\u00f3 Ceramico ECO Rosa 1kgIdeal para fazer cer\u00e2mica decorativa perfumada colorida. Pe\u00e7as delicadas em rosa beb\u00e9. Prendinhas","robots":{"index":"index","follow":"follow","max-snippet":"max-snippet:-1","max-image-preview":"max-image-preview:large","max-video-preview":"max-video-preview:-1"},"canonical":"https:\/\/divertarte.com\/index.php\/produto\/gesso-po-ceramico-eco-rosa-1kg\/","og_locale":"pt_PT","og_type":"article","og_title":"Gesso P\u00f3 Ceramico ECO Rosa 1kg -","og_description":"Gesso P\u00f3 Ceramico ECO Rosa 1kgIdeal para fazer cer\u00e2mica decorativa perfumada colorida. Pe\u00e7as delicadas em rosa beb\u00e9. Prendinhas","og_url":"https:\/\/divertarte.com\/index.php\/produto\/gesso-po-ceramico-eco-rosa-1kg\/","article_modified_time":"2026-04-18T17:01:38+00:00","og_image":[{"width":401,"height":400,"url":"https:\/\/divertarte.com\/wp-content\/uploads\/2026\/04\/Gesso_Po_Ceramico_ECO_Rosa_1kg-.png","type":"image\/png"}],"twitter_card":"summary_large_image","schema":{"@context":"https:\/\/schema.org","@graph":[{"@type":"WebPage","@id":"https:\/\/divertarte.com\/index.php\/produto\/gesso-po-ceramico-eco-rosa-1kg\/","url":"https:\/\/divertarte.com\/index.php\/produto\/gesso-po-ceramico-eco-rosa-1kg\/","name":"Gesso P\u00f3 Ceramico ECO Rosa 1kg -","isPartOf":{"@id":"https:\/\/divertarte.com\/#website"},"primaryImageOfPage":{"@id":"https:\/\/divertarte.com\/index.php\/produto\/gesso-po-ceramico-eco-rosa-1kg\/#primaryimage"},"image":{"@id":"https:\/\/divertarte.com\/index.php\/produto\/gesso-po-ceramico-eco-rosa-1kg\/#primaryimage"},"thumbnailUrl":"https:\/\/divertarte.com\/wp-content\/uploads\/2026\/04\/Gesso_Po_Ceramico_ECO_Rosa_1kg-.png","datePublished":"2026-04-18T16:27:05+00:00","dateModified":"2026-04-18T17:01:38+00:00","description":"Gesso P\u00f3 Ceramico ECO Rosa 1kgIdeal para fazer cer\u00e2mica decorativa perfumada colorida. Pe\u00e7as delicadas em rosa beb\u00e9. Prendinhas","breadcrumb":{"@id":"https:\/\/divertarte.com\/index.php\/produto\/gesso-po-ceramico-eco-rosa-1kg\/#breadcrumb"},"inLanguage":"pt-PT","potentialAction":[{"@type":"ReadAction","target":["https:\/\/divertarte.com\/index.php\/produto\/gesso-po-ceramico-eco-rosa-1kg\/"]}]},{"@type":"ImageObject","inLanguage":"pt-PT","@id":"https:\/\/divertarte.com\/index.php\/produto\/gesso-po-ceramico-eco-rosa-1kg\/#primaryimage","url":"https:\/\/divertarte.com\/wp-content\/uploads\/2026\/04\/Gesso_Po_Ceramico_ECO_Rosa_1kg-.png","contentUrl":"https:\/\/divertarte.com\/wp-content\/uploads\/2026\/04\/Gesso_Po_Ceramico_ECO_Rosa_1kg-.png","width":401,"height":400},{"@type":"BreadcrumbList","@id":"https:\/\/divertarte.com\/index.php\/produto\/gesso-po-ceramico-eco-rosa-1kg\/#breadcrumb","itemListElement":[{"@type":"ListItem","position":1,"name":"In\u00edcio","item":"https:\/\/divertarte.com\/"},{"@type":"ListItem","position":2,"name":"Loja","item":"https:\/\/divertarte.com\/index.php\/divertarte-produtos\/"},{"@type":"ListItem","position":3,"name":"Gesso P\u00f3 Ceramico ECO Rosa 1kg"}]},{"@type":"WebSite","@id":"https:\/\/divertarte.com\/#website","url":"https:\/\/divertarte.com\/","name":"Divertarte","description":"","publisher":{"@id":"https:\/\/divertarte.com\/#organization"},"potentialAction":[{"@type":"SearchAction","target":{"@type":"EntryPoint","urlTemplate":"https:\/\/divertarte.com\/?s={search_term_string}"},"query-input":{"@type":"PropertyValueSpecification","valueRequired":true,"valueName":"search_term_string"}}],"inLanguage":"pt-PT"},{"@type":"Organization","@id":"https:\/\/divertarte.com\/#organization","name":"Divertarte","url":"https:\/\/divertarte.com\/","logo":{"@type":"ImageObject","inLanguage":"pt-PT","@id":"https:\/\/divertarte.com\/#\/schema\/logo\/image\/","url":"https:\/\/divertarte.com\/wp-content\/uploads\/2018\/07\/logo-div.jpg","contentUrl":"https:\/\/divertarte.com\/wp-content\/uploads\/2018\/07\/logo-div.jpg","width":295,"height":123,"caption":"Divertarte"},"image":{"@id":"https:\/\/divertarte.com\/#\/schema\/logo\/image\/"}}]}},"_links":{"self":[{"href":"https:\/\/divertarte.com\/index.php\/wp-json\/wp\/v2\/product\/22609","targetHints":{"allow":["GET"]}}],"collection":[{"href":"https:\/\/divertarte.com\/index.php\/wp-json\/wp\/v2\/product"}],"about":[{"href":"https:\/\/divertarte.com\/index.php\/wp-json\/wp\/v2\/types\/product"}],"replies":[{"embeddable":true,"href":"https:\/\/divertarte.com\/index.php\/wp-json\/wp\/v2\/comments?post=22609"}],"wp:featuredmedia":[{"embeddable":true,"href":"https:\/\/divertarte.com\/index.php\/wp-json\/wp\/v2\/media\/22610"}],"wp:attachment":[{"href":"https:\/\/divertarte.com\/index.php\/wp-json\/wp\/v2\/media?parent=22609"}],"wp:term":[{"taxonomy":"product_brand","embeddable":true,"href":"https:\/\/divertarte.com\/index.php\/wp-json\/wp\/v2\/product_brand?post=22609"},{"taxonomy":"product_cat","embeddable":true,"href":"https:\/\/divertarte.com\/index.php\/wp-json\/wp\/v2\/product_cat?post=22609"},{"taxonomy":"product_tag","embeddable":true,"href":"https:\/\/divertarte.com\/index.php\/wp-json\/wp\/v2\/product_tag?post=22609"}],"curies":[{"name":"wp","href":"https:\/\/api.w.org\/{rel}","templated":true}]}}