{"id":2227,"date":"2018-06-07T14:06:27","date_gmt":"2018-06-07T13:06:27","guid":{"rendered":"https:\/\/divertarte.com\/index.php\/produto\/lua-com-bebe\/"},"modified":"2025-11-06T13:59:41","modified_gmt":"2025-11-06T13:59:41","slug":"lua-com-bebe","status":"publish","type":"product","link":"https:\/\/divertarte.com\/index.php\/produto\/lua-com-bebe\/","title":{"rendered":"LUA COM BEBE"},"content":{"rendered":"<p>LUA COM BEBE\u00a0 MOLDE DE SILICONE &#8211; Medida aproximada da pe\u00e7a 5 x 7,5 x 1,5 cm<\/p>\n<p>Aconselhado para: aplica\u00e7\u00f5es em sabonetes, velas em parafina ou gel.<br \/>\nAl\u00e9m disso pode usar massas de modelar, ceras, gessos, resinas, para colocar em prendinhas, brindes, convites<br \/>\nN\u00e3o aconselhado usar produtos aliment\u00edcios, porque o silicone n\u00e3o \u00e9 apropriado.<br \/>\nFeito por encomenda.<\/p>\n","protected":false},"excerpt":{"rendered":"<p>LUA COM BEBE\u00a0 MOLDE DE SILICONE &#8211; Medida aproximada da pe\u00e7a 5 x 7,5 x 1,5 cm<\/p>\n<p>Aconselhado para: aplica\u00e7\u00f5es em sabonetes, velas em parafina ou gel.<br \/>\nAl\u00e9m disso pode usar massas de modelar, ceras, gessos, resinas, para colocar em prendinhas, brindes, convites<br \/>\nN\u00e3o aconselhado usar produtos aliment\u00edcios, porque o silicone n\u00e3o \u00e9 apropriado.<br \/>\nFeito por encomenda.<\/p>\n","protected":false},"featured_media":8888,"comment_status":"closed","ping_status":"closed","template":"","meta":{"_exactmetrics_skip_tracking":false,"_exactmetrics_sitenote_active":false,"_exactmetrics_sitenote_note":"","_exactmetrics_sitenote_category":0},"product_brand":[],"product_cat":[82,334,157,15],"product_tag":[],"class_list":{"0":"post-2227","1":"product","2":"type-product","3":"status-publish","4":"has-post-thumbnail","6":"product_cat-moldes-bebes-infantis","7":"product_cat-moldes-biscuit-porcelana-fria","8":"product_cat-moldes-para-sabonetes","9":"product_cat-ver-todos-os-produtos","11":"first","12":"instock","13":"taxable","14":"shipping-taxable","15":"purchasable","16":"product-type-simple"},"yoast_head":"<!-- This site is optimized with the Yoast SEO plugin v27.4 - https:\/\/yoast.com\/product\/yoast-seo-wordpress\/ -->\n<title>LUA COM BEBE -<\/title>\n<meta name=\"robots\" content=\"index, follow, max-snippet:-1, max-image-preview:large, max-video-preview:-1\" \/>\n<link rel=\"canonical\" href=\"https:\/\/divertarte.com\/index.php\/produto\/lua-com-bebe\/\" \/>\n<meta property=\"og:locale\" content=\"pt_PT\" \/>\n<meta property=\"og:type\" content=\"article\" \/>\n<meta property=\"og:title\" content=\"LUA COM BEBE -\" \/>\n<meta property=\"og:description\" content=\"LUA COM BEBE\u00a0 MOLDE DE SILICONE - Medida aproximada da pe\u00e7a 5 x 7,5 x 1,5 cm  Aconselhado para: aplica\u00e7\u00f5es em sabonetes, velas em parafina ou gel. Al\u00e9m disso pode usar massas de modelar, ceras, gessos, resinas, para colocar em prendinhas, brindes, convites N\u00e3o aconselhado usar produtos aliment\u00edcios, porque o silicone n\u00e3o \u00e9 apropriado. Feito por encomenda.\" \/>\n<meta property=\"og:url\" content=\"https:\/\/divertarte.com\/index.php\/produto\/lua-com-bebe\/\" \/>\n<meta property=\"article:modified_time\" content=\"2025-11-06T13:59:41+00:00\" \/>\n<meta property=\"og:image\" content=\"https:\/\/divertarte.com\/wp-content\/uploads\/2018\/06\/lua-com-bebe.jpg\" \/>\n\t<meta property=\"og:image:width\" content=\"250\" \/>\n\t<meta property=\"og:image:height\" content=\"250\" \/>\n\t<meta property=\"og:image:type\" content=\"image\/jpeg\" \/>\n<meta name=\"twitter:card\" content=\"summary_large_image\" \/>\n<script type=\"application\/ld+json\" class=\"yoast-schema-graph\">{\"@context\":\"https:\\\/\\\/schema.org\",\"@graph\":[{\"@type\":\"WebPage\",\"@id\":\"https:\\\/\\\/divertarte.com\\\/index.php\\\/produto\\\/lua-com-bebe\\\/\",\"url\":\"https:\\\/\\\/divertarte.com\\\/index.php\\\/produto\\\/lua-com-bebe\\\/\",\"name\":\"LUA COM BEBE -\",\"isPartOf\":{\"@id\":\"https:\\\/\\\/divertarte.com\\\/#website\"},\"primaryImageOfPage\":{\"@id\":\"https:\\\/\\\/divertarte.com\\\/index.php\\\/produto\\\/lua-com-bebe\\\/#primaryimage\"},\"image\":{\"@id\":\"https:\\\/\\\/divertarte.com\\\/index.php\\\/produto\\\/lua-com-bebe\\\/#primaryimage\"},\"thumbnailUrl\":\"https:\\\/\\\/divertarte.com\\\/wp-content\\\/uploads\\\/2018\\\/06\\\/lua-com-bebe.jpg\",\"datePublished\":\"2018-06-07T13:06:27+00:00\",\"dateModified\":\"2025-11-06T13:59:41+00:00\",\"breadcrumb\":{\"@id\":\"https:\\\/\\\/divertarte.com\\\/index.php\\\/produto\\\/lua-com-bebe\\\/#breadcrumb\"},\"inLanguage\":\"pt-PT\",\"potentialAction\":[{\"@type\":\"ReadAction\",\"target\":[\"https:\\\/\\\/divertarte.com\\\/index.php\\\/produto\\\/lua-com-bebe\\\/\"]}]},{\"@type\":\"ImageObject\",\"inLanguage\":\"pt-PT\",\"@id\":\"https:\\\/\\\/divertarte.com\\\/index.php\\\/produto\\\/lua-com-bebe\\\/#primaryimage\",\"url\":\"https:\\\/\\\/divertarte.com\\\/wp-content\\\/uploads\\\/2018\\\/06\\\/lua-com-bebe.jpg\",\"contentUrl\":\"https:\\\/\\\/divertarte.com\\\/wp-content\\\/uploads\\\/2018\\\/06\\\/lua-com-bebe.jpg\",\"width\":250,\"height\":250},{\"@type\":\"BreadcrumbList\",\"@id\":\"https:\\\/\\\/divertarte.com\\\/index.php\\\/produto\\\/lua-com-bebe\\\/#breadcrumb\",\"itemListElement\":[{\"@type\":\"ListItem\",\"position\":1,\"name\":\"In\u00edcio\",\"item\":\"https:\\\/\\\/divertarte.com\\\/\"},{\"@type\":\"ListItem\",\"position\":2,\"name\":\"Loja\",\"item\":\"https:\\\/\\\/divertarte.com\\\/index.php\\\/divertarte-produtos\\\/\"},{\"@type\":\"ListItem\",\"position\":3,\"name\":\"LUA COM BEBE\"}]},{\"@type\":\"WebSite\",\"@id\":\"https:\\\/\\\/divertarte.com\\\/#website\",\"url\":\"https:\\\/\\\/divertarte.com\\\/\",\"name\":\"Divertarte\",\"description\":\"\",\"publisher\":{\"@id\":\"https:\\\/\\\/divertarte.com\\\/#organization\"},\"potentialAction\":[{\"@type\":\"SearchAction\",\"target\":{\"@type\":\"EntryPoint\",\"urlTemplate\":\"https:\\\/\\\/divertarte.com\\\/?s={search_term_string}\"},\"query-input\":{\"@type\":\"PropertyValueSpecification\",\"valueRequired\":true,\"valueName\":\"search_term_string\"}}],\"inLanguage\":\"pt-PT\"},{\"@type\":\"Organization\",\"@id\":\"https:\\\/\\\/divertarte.com\\\/#organization\",\"name\":\"Divertarte\",\"url\":\"https:\\\/\\\/divertarte.com\\\/\",\"logo\":{\"@type\":\"ImageObject\",\"inLanguage\":\"pt-PT\",\"@id\":\"https:\\\/\\\/divertarte.com\\\/#\\\/schema\\\/logo\\\/image\\\/\",\"url\":\"https:\\\/\\\/divertarte.com\\\/wp-content\\\/uploads\\\/2018\\\/07\\\/logo-div.jpg\",\"contentUrl\":\"https:\\\/\\\/divertarte.com\\\/wp-content\\\/uploads\\\/2018\\\/07\\\/logo-div.jpg\",\"width\":295,\"height\":123,\"caption\":\"Divertarte\"},\"image\":{\"@id\":\"https:\\\/\\\/divertarte.com\\\/#\\\/schema\\\/logo\\\/image\\\/\"}}]}<\/script>\n<!-- \/ Yoast SEO plugin. -->","yoast_head_json":{"title":"LUA COM BEBE -","robots":{"index":"index","follow":"follow","max-snippet":"max-snippet:-1","max-image-preview":"max-image-preview:large","max-video-preview":"max-video-preview:-1"},"canonical":"https:\/\/divertarte.com\/index.php\/produto\/lua-com-bebe\/","og_locale":"pt_PT","og_type":"article","og_title":"LUA COM BEBE -","og_description":"LUA COM BEBE\u00a0 MOLDE DE SILICONE - Medida aproximada da pe\u00e7a 5 x 7,5 x 1,5 cm  Aconselhado para: aplica\u00e7\u00f5es em sabonetes, velas em parafina ou gel. Al\u00e9m disso pode usar massas de modelar, ceras, gessos, resinas, para colocar em prendinhas, brindes, convites N\u00e3o aconselhado usar produtos aliment\u00edcios, porque o silicone n\u00e3o \u00e9 apropriado. Feito por encomenda.","og_url":"https:\/\/divertarte.com\/index.php\/produto\/lua-com-bebe\/","article_modified_time":"2025-11-06T13:59:41+00:00","og_image":[{"width":250,"height":250,"url":"https:\/\/divertarte.com\/wp-content\/uploads\/2018\/06\/lua-com-bebe.jpg","type":"image\/jpeg"}],"twitter_card":"summary_large_image","schema":{"@context":"https:\/\/schema.org","@graph":[{"@type":"WebPage","@id":"https:\/\/divertarte.com\/index.php\/produto\/lua-com-bebe\/","url":"https:\/\/divertarte.com\/index.php\/produto\/lua-com-bebe\/","name":"LUA COM BEBE -","isPartOf":{"@id":"https:\/\/divertarte.com\/#website"},"primaryImageOfPage":{"@id":"https:\/\/divertarte.com\/index.php\/produto\/lua-com-bebe\/#primaryimage"},"image":{"@id":"https:\/\/divertarte.com\/index.php\/produto\/lua-com-bebe\/#primaryimage"},"thumbnailUrl":"https:\/\/divertarte.com\/wp-content\/uploads\/2018\/06\/lua-com-bebe.jpg","datePublished":"2018-06-07T13:06:27+00:00","dateModified":"2025-11-06T13:59:41+00:00","breadcrumb":{"@id":"https:\/\/divertarte.com\/index.php\/produto\/lua-com-bebe\/#breadcrumb"},"inLanguage":"pt-PT","potentialAction":[{"@type":"ReadAction","target":["https:\/\/divertarte.com\/index.php\/produto\/lua-com-bebe\/"]}]},{"@type":"ImageObject","inLanguage":"pt-PT","@id":"https:\/\/divertarte.com\/index.php\/produto\/lua-com-bebe\/#primaryimage","url":"https:\/\/divertarte.com\/wp-content\/uploads\/2018\/06\/lua-com-bebe.jpg","contentUrl":"https:\/\/divertarte.com\/wp-content\/uploads\/2018\/06\/lua-com-bebe.jpg","width":250,"height":250},{"@type":"BreadcrumbList","@id":"https:\/\/divertarte.com\/index.php\/produto\/lua-com-bebe\/#breadcrumb","itemListElement":[{"@type":"ListItem","position":1,"name":"In\u00edcio","item":"https:\/\/divertarte.com\/"},{"@type":"ListItem","position":2,"name":"Loja","item":"https:\/\/divertarte.com\/index.php\/divertarte-produtos\/"},{"@type":"ListItem","position":3,"name":"LUA COM BEBE"}]},{"@type":"WebSite","@id":"https:\/\/divertarte.com\/#website","url":"https:\/\/divertarte.com\/","name":"Divertarte","description":"","publisher":{"@id":"https:\/\/divertarte.com\/#organization"},"potentialAction":[{"@type":"SearchAction","target":{"@type":"EntryPoint","urlTemplate":"https:\/\/divertarte.com\/?s={search_term_string}"},"query-input":{"@type":"PropertyValueSpecification","valueRequired":true,"valueName":"search_term_string"}}],"inLanguage":"pt-PT"},{"@type":"Organization","@id":"https:\/\/divertarte.com\/#organization","name":"Divertarte","url":"https:\/\/divertarte.com\/","logo":{"@type":"ImageObject","inLanguage":"pt-PT","@id":"https:\/\/divertarte.com\/#\/schema\/logo\/image\/","url":"https:\/\/divertarte.com\/wp-content\/uploads\/2018\/07\/logo-div.jpg","contentUrl":"https:\/\/divertarte.com\/wp-content\/uploads\/2018\/07\/logo-div.jpg","width":295,"height":123,"caption":"Divertarte"},"image":{"@id":"https:\/\/divertarte.com\/#\/schema\/logo\/image\/"}}]}},"_links":{"self":[{"href":"https:\/\/divertarte.com\/index.php\/wp-json\/wp\/v2\/product\/2227","targetHints":{"allow":["GET"]}}],"collection":[{"href":"https:\/\/divertarte.com\/index.php\/wp-json\/wp\/v2\/product"}],"about":[{"href":"https:\/\/divertarte.com\/index.php\/wp-json\/wp\/v2\/types\/product"}],"replies":[{"embeddable":true,"href":"https:\/\/divertarte.com\/index.php\/wp-json\/wp\/v2\/comments?post=2227"}],"wp:featuredmedia":[{"embeddable":true,"href":"https:\/\/divertarte.com\/index.php\/wp-json\/wp\/v2\/media\/8888"}],"wp:attachment":[{"href":"https:\/\/divertarte.com\/index.php\/wp-json\/wp\/v2\/media?parent=2227"}],"wp:term":[{"taxonomy":"product_brand","embeddable":true,"href":"https:\/\/divertarte.com\/index.php\/wp-json\/wp\/v2\/product_brand?post=2227"},{"taxonomy":"product_cat","embeddable":true,"href":"https:\/\/divertarte.com\/index.php\/wp-json\/wp\/v2\/product_cat?post=2227"},{"taxonomy":"product_tag","embeddable":true,"href":"https:\/\/divertarte.com\/index.php\/wp-json\/wp\/v2\/product_tag?post=2227"}],"curies":[{"name":"wp","href":"https:\/\/api.w.org\/{rel}","templated":true}]}}