{"id":22084,"date":"2025-10-16T14:32:21","date_gmt":"2025-10-16T13:32:21","guid":{"rendered":"https:\/\/divertarte.com\/?post_type=product&#038;p=22084"},"modified":"2025-11-06T13:23:20","modified_gmt":"2025-11-06T13:23:20","slug":"essencia-canfora","status":"publish","type":"product","link":"https:\/\/divertarte.com\/index.php\/produto\/essencia-canfora\/","title":{"rendered":"Essencia C\u00e2nfora"},"content":{"rendered":"<p>Essencia C\u00e2nfora<br \/>\nCaracter\u00edstica t\u00e9cnica: Ess\u00eancia feita a base de \u00f3leo neutro, n\u00e3o t\u00f3xico e anti al\u00e9rgico. Com fixador<br \/>\nAplica\u00e7\u00e3o: Pr\u00f3prio para perfumar glicerina, sabonetes, sais de banho, cosm\u00e9ticos etc.<br \/>\nComo usar: Diluir a ess\u00eancia no produto em estado l\u00edquido aquecido, contudo fora do fogo.<br \/>\nRecomenda\u00e7\u00e3o: Uso externo (n\u00e3o ingerir).<br \/>\nV\u00e1rias aplica\u00e7\u00f5es \u2013 Sabonetes, Cosm\u00e9ticos, produtos de limpeza, aromatizadores<\/p>\n<p>&nbsp;<\/p>\n","protected":false},"excerpt":{"rendered":"<p>Essencia C\u00e2nfora<br \/>\nCaracter\u00edstica t\u00e9cnica: Ess\u00eancia feita a base de \u00f3leo neutro, n\u00e3o t\u00f3xico e anti al\u00e9rgico. Com fixador<br \/>\nAplica\u00e7\u00e3o: Pr\u00f3prio para perfumar glicerina, sabonetes, sais de banho, cosm\u00e9ticos etc.<br \/>\nComo usar: Diluir a ess\u00eancia no produto em estado l\u00edquido aquecido, contudo fora do fogo.<br \/>\nRecomenda\u00e7\u00e3o: Uso externo (n\u00e3o ingerir).<\/p>\n<p>V\u00e1rias aplica\u00e7\u00f5es \u2013 Sabonetes, Cosm\u00e9ticos, produtos de limpeza, aromatizadores<\/p>\n<p>embalagem 20ml<\/p>\n<p>&nbsp;<\/p>\n","protected":false},"featured_media":22086,"comment_status":"open","ping_status":"closed","template":"","meta":{"_exactmetrics_skip_tracking":false,"_exactmetrics_sitenote_active":false,"_exactmetrics_sitenote_note":"","_exactmetrics_sitenote_category":0},"product_brand":[],"product_cat":[55],"product_tag":[],"class_list":{"0":"post-22084","1":"product","2":"type-product","3":"status-publish","4":"has-post-thumbnail","6":"product_cat-essencias-para-sabonetes","8":"first","9":"instock","10":"taxable","11":"shipping-taxable","12":"purchasable","13":"product-type-simple"},"yoast_head":"<!-- This site is optimized with the Yoast SEO plugin v27.5 - https:\/\/yoast.com\/product\/yoast-seo-wordpress\/ -->\n<title>Essencia C\u00e2nfora -<\/title>\n<meta name=\"description\" content=\"Essencia C\u00e2nfora.Pr\u00f3prio para perfumar glicerina, sabonetes, sais de banho, etc. Como usar: Diluir a ess\u00eancia no produto em estado l\u00edquido aquecido,\" \/>\n<meta name=\"robots\" content=\"index, follow, max-snippet:-1, max-image-preview:large, max-video-preview:-1\" \/>\n<link rel=\"canonical\" href=\"https:\/\/divertarte.com\/index.php\/produto\/essencia-canfora\/\" \/>\n<meta property=\"og:locale\" content=\"pt_PT\" \/>\n<meta property=\"og:type\" content=\"article\" \/>\n<meta property=\"og:title\" content=\"Essencia C\u00e2nfora -\" \/>\n<meta property=\"og:description\" content=\"Essencia C\u00e2nfora.Pr\u00f3prio para perfumar glicerina, sabonetes, sais de banho, etc. Como usar: Diluir a ess\u00eancia no produto em estado l\u00edquido aquecido,\" \/>\n<meta property=\"og:url\" content=\"https:\/\/divertarte.com\/index.php\/produto\/essencia-canfora\/\" \/>\n<meta property=\"article:modified_time\" content=\"2025-11-06T13:23:20+00:00\" \/>\n<meta property=\"og:image\" content=\"https:\/\/divertarte.com\/wp-content\/uploads\/2025\/10\/essencia-canfora.jpg\" \/>\n\t<meta property=\"og:image:width\" content=\"299\" \/>\n\t<meta property=\"og:image:height\" content=\"301\" \/>\n\t<meta property=\"og:image:type\" content=\"image\/jpeg\" \/>\n<meta name=\"twitter:card\" content=\"summary_large_image\" \/>\n<script type=\"application\/ld+json\" class=\"yoast-schema-graph\">{\"@context\":\"https:\\\/\\\/schema.org\",\"@graph\":[{\"@type\":\"WebPage\",\"@id\":\"https:\\\/\\\/divertarte.com\\\/index.php\\\/produto\\\/essencia-canfora\\\/\",\"url\":\"https:\\\/\\\/divertarte.com\\\/index.php\\\/produto\\\/essencia-canfora\\\/\",\"name\":\"Essencia C\u00e2nfora -\",\"isPartOf\":{\"@id\":\"https:\\\/\\\/divertarte.com\\\/#website\"},\"primaryImageOfPage\":{\"@id\":\"https:\\\/\\\/divertarte.com\\\/index.php\\\/produto\\\/essencia-canfora\\\/#primaryimage\"},\"image\":{\"@id\":\"https:\\\/\\\/divertarte.com\\\/index.php\\\/produto\\\/essencia-canfora\\\/#primaryimage\"},\"thumbnailUrl\":\"https:\\\/\\\/divertarte.com\\\/wp-content\\\/uploads\\\/2025\\\/10\\\/essencia-canfora.jpg\",\"datePublished\":\"2025-10-16T13:32:21+00:00\",\"dateModified\":\"2025-11-06T13:23:20+00:00\",\"description\":\"Essencia C\u00e2nfora.Pr\u00f3prio para perfumar glicerina, sabonetes, sais de banho, etc. Como usar: Diluir a ess\u00eancia no produto em estado l\u00edquido aquecido,\",\"breadcrumb\":{\"@id\":\"https:\\\/\\\/divertarte.com\\\/index.php\\\/produto\\\/essencia-canfora\\\/#breadcrumb\"},\"inLanguage\":\"pt-PT\",\"potentialAction\":[{\"@type\":\"ReadAction\",\"target\":[\"https:\\\/\\\/divertarte.com\\\/index.php\\\/produto\\\/essencia-canfora\\\/\"]}]},{\"@type\":\"ImageObject\",\"inLanguage\":\"pt-PT\",\"@id\":\"https:\\\/\\\/divertarte.com\\\/index.php\\\/produto\\\/essencia-canfora\\\/#primaryimage\",\"url\":\"https:\\\/\\\/divertarte.com\\\/wp-content\\\/uploads\\\/2025\\\/10\\\/essencia-canfora.jpg\",\"contentUrl\":\"https:\\\/\\\/divertarte.com\\\/wp-content\\\/uploads\\\/2025\\\/10\\\/essencia-canfora.jpg\",\"width\":299,\"height\":301},{\"@type\":\"BreadcrumbList\",\"@id\":\"https:\\\/\\\/divertarte.com\\\/index.php\\\/produto\\\/essencia-canfora\\\/#breadcrumb\",\"itemListElement\":[{\"@type\":\"ListItem\",\"position\":1,\"name\":\"In\u00edcio\",\"item\":\"https:\\\/\\\/divertarte.com\\\/\"},{\"@type\":\"ListItem\",\"position\":2,\"name\":\"Loja\",\"item\":\"https:\\\/\\\/divertarte.com\\\/index.php\\\/divertarte-produtos\\\/\"},{\"@type\":\"ListItem\",\"position\":3,\"name\":\"Essencia C\u00e2nfora\"}]},{\"@type\":\"WebSite\",\"@id\":\"https:\\\/\\\/divertarte.com\\\/#website\",\"url\":\"https:\\\/\\\/divertarte.com\\\/\",\"name\":\"Divertarte\",\"description\":\"\",\"publisher\":{\"@id\":\"https:\\\/\\\/divertarte.com\\\/#organization\"},\"potentialAction\":[{\"@type\":\"SearchAction\",\"target\":{\"@type\":\"EntryPoint\",\"urlTemplate\":\"https:\\\/\\\/divertarte.com\\\/?s={search_term_string}\"},\"query-input\":{\"@type\":\"PropertyValueSpecification\",\"valueRequired\":true,\"valueName\":\"search_term_string\"}}],\"inLanguage\":\"pt-PT\"},{\"@type\":\"Organization\",\"@id\":\"https:\\\/\\\/divertarte.com\\\/#organization\",\"name\":\"Divertarte\",\"url\":\"https:\\\/\\\/divertarte.com\\\/\",\"logo\":{\"@type\":\"ImageObject\",\"inLanguage\":\"pt-PT\",\"@id\":\"https:\\\/\\\/divertarte.com\\\/#\\\/schema\\\/logo\\\/image\\\/\",\"url\":\"https:\\\/\\\/divertarte.com\\\/wp-content\\\/uploads\\\/2018\\\/07\\\/logo-div.jpg\",\"contentUrl\":\"https:\\\/\\\/divertarte.com\\\/wp-content\\\/uploads\\\/2018\\\/07\\\/logo-div.jpg\",\"width\":295,\"height\":123,\"caption\":\"Divertarte\"},\"image\":{\"@id\":\"https:\\\/\\\/divertarte.com\\\/#\\\/schema\\\/logo\\\/image\\\/\"}}]}<\/script>\n<!-- \/ Yoast SEO plugin. -->","yoast_head_json":{"title":"Essencia C\u00e2nfora -","description":"Essencia C\u00e2nfora.Pr\u00f3prio para perfumar glicerina, sabonetes, sais de banho, etc. Como usar: Diluir a ess\u00eancia no produto em estado l\u00edquido aquecido,","robots":{"index":"index","follow":"follow","max-snippet":"max-snippet:-1","max-image-preview":"max-image-preview:large","max-video-preview":"max-video-preview:-1"},"canonical":"https:\/\/divertarte.com\/index.php\/produto\/essencia-canfora\/","og_locale":"pt_PT","og_type":"article","og_title":"Essencia C\u00e2nfora -","og_description":"Essencia C\u00e2nfora.Pr\u00f3prio para perfumar glicerina, sabonetes, sais de banho, etc. Como usar: Diluir a ess\u00eancia no produto em estado l\u00edquido aquecido,","og_url":"https:\/\/divertarte.com\/index.php\/produto\/essencia-canfora\/","article_modified_time":"2025-11-06T13:23:20+00:00","og_image":[{"width":299,"height":301,"url":"https:\/\/divertarte.com\/wp-content\/uploads\/2025\/10\/essencia-canfora.jpg","type":"image\/jpeg"}],"twitter_card":"summary_large_image","schema":{"@context":"https:\/\/schema.org","@graph":[{"@type":"WebPage","@id":"https:\/\/divertarte.com\/index.php\/produto\/essencia-canfora\/","url":"https:\/\/divertarte.com\/index.php\/produto\/essencia-canfora\/","name":"Essencia C\u00e2nfora -","isPartOf":{"@id":"https:\/\/divertarte.com\/#website"},"primaryImageOfPage":{"@id":"https:\/\/divertarte.com\/index.php\/produto\/essencia-canfora\/#primaryimage"},"image":{"@id":"https:\/\/divertarte.com\/index.php\/produto\/essencia-canfora\/#primaryimage"},"thumbnailUrl":"https:\/\/divertarte.com\/wp-content\/uploads\/2025\/10\/essencia-canfora.jpg","datePublished":"2025-10-16T13:32:21+00:00","dateModified":"2025-11-06T13:23:20+00:00","description":"Essencia C\u00e2nfora.Pr\u00f3prio para perfumar glicerina, sabonetes, sais de banho, etc. Como usar: Diluir a ess\u00eancia no produto em estado l\u00edquido aquecido,","breadcrumb":{"@id":"https:\/\/divertarte.com\/index.php\/produto\/essencia-canfora\/#breadcrumb"},"inLanguage":"pt-PT","potentialAction":[{"@type":"ReadAction","target":["https:\/\/divertarte.com\/index.php\/produto\/essencia-canfora\/"]}]},{"@type":"ImageObject","inLanguage":"pt-PT","@id":"https:\/\/divertarte.com\/index.php\/produto\/essencia-canfora\/#primaryimage","url":"https:\/\/divertarte.com\/wp-content\/uploads\/2025\/10\/essencia-canfora.jpg","contentUrl":"https:\/\/divertarte.com\/wp-content\/uploads\/2025\/10\/essencia-canfora.jpg","width":299,"height":301},{"@type":"BreadcrumbList","@id":"https:\/\/divertarte.com\/index.php\/produto\/essencia-canfora\/#breadcrumb","itemListElement":[{"@type":"ListItem","position":1,"name":"In\u00edcio","item":"https:\/\/divertarte.com\/"},{"@type":"ListItem","position":2,"name":"Loja","item":"https:\/\/divertarte.com\/index.php\/divertarte-produtos\/"},{"@type":"ListItem","position":3,"name":"Essencia C\u00e2nfora"}]},{"@type":"WebSite","@id":"https:\/\/divertarte.com\/#website","url":"https:\/\/divertarte.com\/","name":"Divertarte","description":"","publisher":{"@id":"https:\/\/divertarte.com\/#organization"},"potentialAction":[{"@type":"SearchAction","target":{"@type":"EntryPoint","urlTemplate":"https:\/\/divertarte.com\/?s={search_term_string}"},"query-input":{"@type":"PropertyValueSpecification","valueRequired":true,"valueName":"search_term_string"}}],"inLanguage":"pt-PT"},{"@type":"Organization","@id":"https:\/\/divertarte.com\/#organization","name":"Divertarte","url":"https:\/\/divertarte.com\/","logo":{"@type":"ImageObject","inLanguage":"pt-PT","@id":"https:\/\/divertarte.com\/#\/schema\/logo\/image\/","url":"https:\/\/divertarte.com\/wp-content\/uploads\/2018\/07\/logo-div.jpg","contentUrl":"https:\/\/divertarte.com\/wp-content\/uploads\/2018\/07\/logo-div.jpg","width":295,"height":123,"caption":"Divertarte"},"image":{"@id":"https:\/\/divertarte.com\/#\/schema\/logo\/image\/"}}]}},"_links":{"self":[{"href":"https:\/\/divertarte.com\/index.php\/wp-json\/wp\/v2\/product\/22084","targetHints":{"allow":["GET"]}}],"collection":[{"href":"https:\/\/divertarte.com\/index.php\/wp-json\/wp\/v2\/product"}],"about":[{"href":"https:\/\/divertarte.com\/index.php\/wp-json\/wp\/v2\/types\/product"}],"replies":[{"embeddable":true,"href":"https:\/\/divertarte.com\/index.php\/wp-json\/wp\/v2\/comments?post=22084"}],"wp:featuredmedia":[{"embeddable":true,"href":"https:\/\/divertarte.com\/index.php\/wp-json\/wp\/v2\/media\/22086"}],"wp:attachment":[{"href":"https:\/\/divertarte.com\/index.php\/wp-json\/wp\/v2\/media?parent=22084"}],"wp:term":[{"taxonomy":"product_brand","embeddable":true,"href":"https:\/\/divertarte.com\/index.php\/wp-json\/wp\/v2\/product_brand?post=22084"},{"taxonomy":"product_cat","embeddable":true,"href":"https:\/\/divertarte.com\/index.php\/wp-json\/wp\/v2\/product_cat?post=22084"},{"taxonomy":"product_tag","embeddable":true,"href":"https:\/\/divertarte.com\/index.php\/wp-json\/wp\/v2\/product_tag?post=22084"}],"curies":[{"name":"wp","href":"https:\/\/api.w.org\/{rel}","templated":true}]}}