{"id":21819,"date":"2025-07-10T13:38:37","date_gmt":"2025-07-10T12:38:37","guid":{"rendered":"https:\/\/divertarte.com\/?post_type=product&#038;p=21819"},"modified":"2025-11-06T13:23:25","modified_gmt":"2025-11-06T13:23:25","slug":"cola-para-biscuit-divertarte","status":"publish","type":"product","link":"https:\/\/divertarte.com\/index.php\/produto\/cola-para-biscuit-divertarte\/","title":{"rendered":"Cola para Biscuit Divertarte"},"content":{"rendered":"<p>Cola para Biscuit Divertarte<\/p>\n<p>Indicada para preparar massa de biscuit. D\u00e1 \u00e0 massa plasticidade, consist\u00eancia e textura que v\u00e3o facilitar o teu trabalho<\/p>\n<p>250gr<\/p>\n<p>&nbsp;<\/p>\n","protected":false},"excerpt":{"rendered":"<p>Cola para Biscuit Divertarte<\/p>\n<p>Indicada para preparar massa de biscuit. D\u00e1 \u00e0 massa plasticidade, consist\u00eancia e textura que v\u00e3o facilitar o teu trabalho. Excelente qualidade<\/p>\n<p>250gr<\/p>\n","protected":false},"featured_media":21822,"comment_status":"open","ping_status":"closed","template":"","meta":{"_exactmetrics_skip_tracking":false,"_exactmetrics_sitenote_active":false,"_exactmetrics_sitenote_note":"","_exactmetrics_sitenote_category":0},"product_brand":[],"product_cat":[15],"product_tag":[],"class_list":{"0":"post-21819","1":"product","2":"type-product","3":"status-publish","4":"has-post-thumbnail","6":"product_cat-ver-todos-os-produtos","8":"first","9":"instock","10":"taxable","11":"shipping-taxable","12":"purchasable","13":"product-type-simple"},"yoast_head":"<!-- This site is optimized with the Yoast SEO plugin v27.4 - https:\/\/yoast.com\/product\/yoast-seo-wordpress\/ -->\n<title>Cola para Biscuit Divertarte -<\/title>\n<meta name=\"description\" content=\"Cola para Biscuit Divertarte\u00a0Indicada para preparar massa de biscuit. D\u00e1 \u00e0 massa plasticidade, consist\u00eancia e textura que v\u00e3o facilitar o teu trabalho\" \/>\n<meta name=\"robots\" content=\"index, follow, max-snippet:-1, max-image-preview:large, max-video-preview:-1\" \/>\n<link rel=\"canonical\" href=\"https:\/\/divertarte.com\/index.php\/produto\/cola-para-biscuit-divertarte\/\" \/>\n<meta property=\"og:locale\" content=\"pt_PT\" \/>\n<meta property=\"og:type\" content=\"article\" \/>\n<meta property=\"og:title\" content=\"Cola para Biscuit Divertarte -\" \/>\n<meta property=\"og:description\" content=\"Cola para Biscuit Divertarte\u00a0Indicada para preparar massa de biscuit. D\u00e1 \u00e0 massa plasticidade, consist\u00eancia e textura que v\u00e3o facilitar o teu trabalho\" \/>\n<meta property=\"og:url\" content=\"https:\/\/divertarte.com\/index.php\/produto\/cola-para-biscuit-divertarte\/\" \/>\n<meta property=\"article:modified_time\" content=\"2025-11-06T13:23:25+00:00\" \/>\n<meta property=\"og:image\" content=\"https:\/\/divertarte.com\/wp-content\/uploads\/2025\/07\/cola-biscuit-divertarte-250gr-2.jpg\" \/>\n\t<meta property=\"og:image:width\" content=\"300\" \/>\n\t<meta property=\"og:image:height\" content=\"300\" \/>\n\t<meta property=\"og:image:type\" content=\"image\/jpeg\" \/>\n<meta name=\"twitter:card\" content=\"summary_large_image\" \/>\n<script type=\"application\/ld+json\" class=\"yoast-schema-graph\">{\"@context\":\"https:\\\/\\\/schema.org\",\"@graph\":[{\"@type\":\"WebPage\",\"@id\":\"https:\\\/\\\/divertarte.com\\\/index.php\\\/produto\\\/cola-para-biscuit-divertarte\\\/\",\"url\":\"https:\\\/\\\/divertarte.com\\\/index.php\\\/produto\\\/cola-para-biscuit-divertarte\\\/\",\"name\":\"Cola para Biscuit Divertarte -\",\"isPartOf\":{\"@id\":\"https:\\\/\\\/divertarte.com\\\/#website\"},\"primaryImageOfPage\":{\"@id\":\"https:\\\/\\\/divertarte.com\\\/index.php\\\/produto\\\/cola-para-biscuit-divertarte\\\/#primaryimage\"},\"image\":{\"@id\":\"https:\\\/\\\/divertarte.com\\\/index.php\\\/produto\\\/cola-para-biscuit-divertarte\\\/#primaryimage\"},\"thumbnailUrl\":\"https:\\\/\\\/divertarte.com\\\/wp-content\\\/uploads\\\/2025\\\/07\\\/cola-biscuit-divertarte-250gr-2.jpg\",\"datePublished\":\"2025-07-10T12:38:37+00:00\",\"dateModified\":\"2025-11-06T13:23:25+00:00\",\"description\":\"Cola para Biscuit Divertarte\u00a0Indicada para preparar massa de biscuit. D\u00e1 \u00e0 massa plasticidade, consist\u00eancia e textura que v\u00e3o facilitar o teu trabalho\",\"breadcrumb\":{\"@id\":\"https:\\\/\\\/divertarte.com\\\/index.php\\\/produto\\\/cola-para-biscuit-divertarte\\\/#breadcrumb\"},\"inLanguage\":\"pt-PT\",\"potentialAction\":[{\"@type\":\"ReadAction\",\"target\":[\"https:\\\/\\\/divertarte.com\\\/index.php\\\/produto\\\/cola-para-biscuit-divertarte\\\/\"]}]},{\"@type\":\"ImageObject\",\"inLanguage\":\"pt-PT\",\"@id\":\"https:\\\/\\\/divertarte.com\\\/index.php\\\/produto\\\/cola-para-biscuit-divertarte\\\/#primaryimage\",\"url\":\"https:\\\/\\\/divertarte.com\\\/wp-content\\\/uploads\\\/2025\\\/07\\\/cola-biscuit-divertarte-250gr-2.jpg\",\"contentUrl\":\"https:\\\/\\\/divertarte.com\\\/wp-content\\\/uploads\\\/2025\\\/07\\\/cola-biscuit-divertarte-250gr-2.jpg\",\"width\":300,\"height\":300},{\"@type\":\"BreadcrumbList\",\"@id\":\"https:\\\/\\\/divertarte.com\\\/index.php\\\/produto\\\/cola-para-biscuit-divertarte\\\/#breadcrumb\",\"itemListElement\":[{\"@type\":\"ListItem\",\"position\":1,\"name\":\"In\u00edcio\",\"item\":\"https:\\\/\\\/divertarte.com\\\/\"},{\"@type\":\"ListItem\",\"position\":2,\"name\":\"Loja\",\"item\":\"https:\\\/\\\/divertarte.com\\\/index.php\\\/divertarte-produtos\\\/\"},{\"@type\":\"ListItem\",\"position\":3,\"name\":\"Cola para Biscuit Divertarte\"}]},{\"@type\":\"WebSite\",\"@id\":\"https:\\\/\\\/divertarte.com\\\/#website\",\"url\":\"https:\\\/\\\/divertarte.com\\\/\",\"name\":\"Divertarte\",\"description\":\"\",\"publisher\":{\"@id\":\"https:\\\/\\\/divertarte.com\\\/#organization\"},\"potentialAction\":[{\"@type\":\"SearchAction\",\"target\":{\"@type\":\"EntryPoint\",\"urlTemplate\":\"https:\\\/\\\/divertarte.com\\\/?s={search_term_string}\"},\"query-input\":{\"@type\":\"PropertyValueSpecification\",\"valueRequired\":true,\"valueName\":\"search_term_string\"}}],\"inLanguage\":\"pt-PT\"},{\"@type\":\"Organization\",\"@id\":\"https:\\\/\\\/divertarte.com\\\/#organization\",\"name\":\"Divertarte\",\"url\":\"https:\\\/\\\/divertarte.com\\\/\",\"logo\":{\"@type\":\"ImageObject\",\"inLanguage\":\"pt-PT\",\"@id\":\"https:\\\/\\\/divertarte.com\\\/#\\\/schema\\\/logo\\\/image\\\/\",\"url\":\"https:\\\/\\\/divertarte.com\\\/wp-content\\\/uploads\\\/2018\\\/07\\\/logo-div.jpg\",\"contentUrl\":\"https:\\\/\\\/divertarte.com\\\/wp-content\\\/uploads\\\/2018\\\/07\\\/logo-div.jpg\",\"width\":295,\"height\":123,\"caption\":\"Divertarte\"},\"image\":{\"@id\":\"https:\\\/\\\/divertarte.com\\\/#\\\/schema\\\/logo\\\/image\\\/\"}}]}<\/script>\n<!-- \/ Yoast SEO plugin. -->","yoast_head_json":{"title":"Cola para Biscuit Divertarte -","description":"Cola para Biscuit Divertarte\u00a0Indicada para preparar massa de biscuit. D\u00e1 \u00e0 massa plasticidade, consist\u00eancia e textura que v\u00e3o facilitar o teu trabalho","robots":{"index":"index","follow":"follow","max-snippet":"max-snippet:-1","max-image-preview":"max-image-preview:large","max-video-preview":"max-video-preview:-1"},"canonical":"https:\/\/divertarte.com\/index.php\/produto\/cola-para-biscuit-divertarte\/","og_locale":"pt_PT","og_type":"article","og_title":"Cola para Biscuit Divertarte -","og_description":"Cola para Biscuit Divertarte\u00a0Indicada para preparar massa de biscuit. D\u00e1 \u00e0 massa plasticidade, consist\u00eancia e textura que v\u00e3o facilitar o teu trabalho","og_url":"https:\/\/divertarte.com\/index.php\/produto\/cola-para-biscuit-divertarte\/","article_modified_time":"2025-11-06T13:23:25+00:00","og_image":[{"width":300,"height":300,"url":"https:\/\/divertarte.com\/wp-content\/uploads\/2025\/07\/cola-biscuit-divertarte-250gr-2.jpg","type":"image\/jpeg"}],"twitter_card":"summary_large_image","schema":{"@context":"https:\/\/schema.org","@graph":[{"@type":"WebPage","@id":"https:\/\/divertarte.com\/index.php\/produto\/cola-para-biscuit-divertarte\/","url":"https:\/\/divertarte.com\/index.php\/produto\/cola-para-biscuit-divertarte\/","name":"Cola para Biscuit Divertarte -","isPartOf":{"@id":"https:\/\/divertarte.com\/#website"},"primaryImageOfPage":{"@id":"https:\/\/divertarte.com\/index.php\/produto\/cola-para-biscuit-divertarte\/#primaryimage"},"image":{"@id":"https:\/\/divertarte.com\/index.php\/produto\/cola-para-biscuit-divertarte\/#primaryimage"},"thumbnailUrl":"https:\/\/divertarte.com\/wp-content\/uploads\/2025\/07\/cola-biscuit-divertarte-250gr-2.jpg","datePublished":"2025-07-10T12:38:37+00:00","dateModified":"2025-11-06T13:23:25+00:00","description":"Cola para Biscuit Divertarte\u00a0Indicada para preparar massa de biscuit. D\u00e1 \u00e0 massa plasticidade, consist\u00eancia e textura que v\u00e3o facilitar o teu trabalho","breadcrumb":{"@id":"https:\/\/divertarte.com\/index.php\/produto\/cola-para-biscuit-divertarte\/#breadcrumb"},"inLanguage":"pt-PT","potentialAction":[{"@type":"ReadAction","target":["https:\/\/divertarte.com\/index.php\/produto\/cola-para-biscuit-divertarte\/"]}]},{"@type":"ImageObject","inLanguage":"pt-PT","@id":"https:\/\/divertarte.com\/index.php\/produto\/cola-para-biscuit-divertarte\/#primaryimage","url":"https:\/\/divertarte.com\/wp-content\/uploads\/2025\/07\/cola-biscuit-divertarte-250gr-2.jpg","contentUrl":"https:\/\/divertarte.com\/wp-content\/uploads\/2025\/07\/cola-biscuit-divertarte-250gr-2.jpg","width":300,"height":300},{"@type":"BreadcrumbList","@id":"https:\/\/divertarte.com\/index.php\/produto\/cola-para-biscuit-divertarte\/#breadcrumb","itemListElement":[{"@type":"ListItem","position":1,"name":"In\u00edcio","item":"https:\/\/divertarte.com\/"},{"@type":"ListItem","position":2,"name":"Loja","item":"https:\/\/divertarte.com\/index.php\/divertarte-produtos\/"},{"@type":"ListItem","position":3,"name":"Cola para Biscuit Divertarte"}]},{"@type":"WebSite","@id":"https:\/\/divertarte.com\/#website","url":"https:\/\/divertarte.com\/","name":"Divertarte","description":"","publisher":{"@id":"https:\/\/divertarte.com\/#organization"},"potentialAction":[{"@type":"SearchAction","target":{"@type":"EntryPoint","urlTemplate":"https:\/\/divertarte.com\/?s={search_term_string}"},"query-input":{"@type":"PropertyValueSpecification","valueRequired":true,"valueName":"search_term_string"}}],"inLanguage":"pt-PT"},{"@type":"Organization","@id":"https:\/\/divertarte.com\/#organization","name":"Divertarte","url":"https:\/\/divertarte.com\/","logo":{"@type":"ImageObject","inLanguage":"pt-PT","@id":"https:\/\/divertarte.com\/#\/schema\/logo\/image\/","url":"https:\/\/divertarte.com\/wp-content\/uploads\/2018\/07\/logo-div.jpg","contentUrl":"https:\/\/divertarte.com\/wp-content\/uploads\/2018\/07\/logo-div.jpg","width":295,"height":123,"caption":"Divertarte"},"image":{"@id":"https:\/\/divertarte.com\/#\/schema\/logo\/image\/"}}]}},"_links":{"self":[{"href":"https:\/\/divertarte.com\/index.php\/wp-json\/wp\/v2\/product\/21819","targetHints":{"allow":["GET"]}}],"collection":[{"href":"https:\/\/divertarte.com\/index.php\/wp-json\/wp\/v2\/product"}],"about":[{"href":"https:\/\/divertarte.com\/index.php\/wp-json\/wp\/v2\/types\/product"}],"replies":[{"embeddable":true,"href":"https:\/\/divertarte.com\/index.php\/wp-json\/wp\/v2\/comments?post=21819"}],"wp:featuredmedia":[{"embeddable":true,"href":"https:\/\/divertarte.com\/index.php\/wp-json\/wp\/v2\/media\/21822"}],"wp:attachment":[{"href":"https:\/\/divertarte.com\/index.php\/wp-json\/wp\/v2\/media?parent=21819"}],"wp:term":[{"taxonomy":"product_brand","embeddable":true,"href":"https:\/\/divertarte.com\/index.php\/wp-json\/wp\/v2\/product_brand?post=21819"},{"taxonomy":"product_cat","embeddable":true,"href":"https:\/\/divertarte.com\/index.php\/wp-json\/wp\/v2\/product_cat?post=21819"},{"taxonomy":"product_tag","embeddable":true,"href":"https:\/\/divertarte.com\/index.php\/wp-json\/wp\/v2\/product_tag?post=21819"}],"curies":[{"name":"wp","href":"https:\/\/api.w.org\/{rel}","templated":true}]}}