{"id":21720,"date":"2025-05-20T21:55:17","date_gmt":"2025-05-20T20:55:17","guid":{"rendered":"https:\/\/divertarte.com\/?post_type=product&#038;p=21720"},"modified":"2025-11-06T13:23:25","modified_gmt":"2025-11-06T13:23:25","slug":"coracao-comunhao-menino-gesso-perfumado-2","status":"publish","type":"product","link":"https:\/\/divertarte.com\/index.php\/produto\/coracao-comunhao-menino-gesso-perfumado-2\/","title":{"rendered":"Cora\u00e7\u00e3o Comunh\u00e3o Menino gesso perfumado"},"content":{"rendered":"<p>Cora\u00e7\u00e3o Comunh\u00e3o Menino gesso perfumado<\/p>\n<p>com fragr\u00e2ncia ou sem fragrancia, embalado em saquinho de organza, al\u00e9m disso leva uma fita de cetim ou organza, que serve para pendurar em qualquer lugar da casa que deseje perfumar,\u00a0 portanto trata-se de uma prendinha de Comunh\u00e3o original\u00a0 8\u00d78\u00d71,5 cm.<\/p>\n<p>Se preferir s\u00f3 a pe\u00e7a sem aroma, sem saquinho e sem fita, tem essa op\u00e7\u00e3o abaixo<\/p>\n<p>Quando perceber que o gesso est\u00e1 a perder parte de seu aroma, basta borrif\u00e1-lo com essencia para gesso perfumado.<\/p>\n<p><a href=\"https:\/\/divertarte.com\/index.php\/categoria-produto\/essencias-para-gesso-perfumado\/\">https:\/\/divertarte.com\/index.php\/categoria-produto\/essencias-para-gesso-perfumado\/<\/a><\/p>\n<p>Pode escolher<\/p>\n<p>Pe\u00e7a completa (com aroma, com fita e com saquinho)<\/p>\n<p>Pe\u00e7a simples (sem aroma, sem fita e sem saquinho)<\/p>\n<p>50 pe\u00e7as simples melhor pre\u00e7o (5 dias \u00fateis)<\/p>\n","protected":false},"excerpt":{"rendered":"<p>Cora\u00e7\u00e3o Comunh\u00e3o Menino gesso perfumado<\/p>\n<p>com fragr\u00e2ncia ou sem fragrancia, embalado em saquinho de organza, al\u00e9m disso leva uma fita de cetim ou organza, que serve para pendurar em qualquer lugar da casa que deseje perfumar,\u00a0 portanto trata-se de uma prendinha de Comunh\u00e3o original\u00a0 8\u00d78\u00d71,5 cm.<\/p>\n<p>Se preferir s\u00f3 a pe\u00e7a sem aroma, sem saquinho e sem fita, tem essa op\u00e7\u00e3o abaixo<\/p>\n<p>Quando perceber que o gesso est\u00e1 a perder parte de seu aroma, basta borrif\u00e1-lo com essencia para gesso perfumado.<\/p>\n<p><a href=\"https:\/\/divertarte.com\/index.php\/categoria-produto\/essencias-para-gesso-perfumado\/\">https:\/\/divertarte.com\/index.php\/categoria-produto\/essencias-para-gesso-perfumado\/<\/a><\/p>\n<p>Pode escolher<\/p>\n<p>Pe\u00e7a completa (com aroma, com fita e com saquinho)<\/p>\n<p>Pe\u00e7a simples (sem aroma, sem fita e sem saquinho)<\/p>\n<p>50 pe\u00e7as simples melhor pre\u00e7o (5 dias \u00fateis)<\/p>\n","protected":false},"featured_media":21723,"comment_status":"open","ping_status":"closed","template":"","meta":{"_exactmetrics_skip_tracking":false,"_exactmetrics_sitenote_active":false,"_exactmetrics_sitenote_note":"","_exactmetrics_sitenote_category":0},"product_brand":[],"product_cat":[336],"product_tag":[],"class_list":{"0":"post-21720","1":"product","2":"type-product","3":"status-publish","4":"has-post-thumbnail","6":"product_cat-gesso-perfumado-figuras","8":"first","9":"instock","10":"taxable","11":"shipping-taxable","12":"purchasable","13":"product-type-variable"},"yoast_head":"<!-- This site is optimized with the Yoast SEO plugin v27.4 - https:\/\/yoast.com\/product\/yoast-seo-wordpress\/ -->\n<title>Cora\u00e7\u00e3o Comunh\u00e3o Menino gesso perfumado -<\/title>\n<meta name=\"description\" content=\"Cora\u00e7\u00e3o Comunh\u00e3o Menino gesso perfumadocom fragr\u00e2ncia ou sem fragrancia, embalado em saquinho de organza, al\u00e9m disso leva uma fita de cetim ou organza,\" \/>\n<meta name=\"robots\" content=\"index, follow, max-snippet:-1, max-image-preview:large, max-video-preview:-1\" \/>\n<link rel=\"canonical\" href=\"https:\/\/divertarte.com\/index.php\/produto\/coracao-comunhao-menino-gesso-perfumado-2\/\" \/>\n<meta property=\"og:locale\" content=\"pt_PT\" \/>\n<meta property=\"og:type\" content=\"article\" \/>\n<meta property=\"og:title\" content=\"Cora\u00e7\u00e3o Comunh\u00e3o Menino gesso perfumado -\" \/>\n<meta property=\"og:description\" content=\"Cora\u00e7\u00e3o Comunh\u00e3o Menino gesso perfumadocom fragr\u00e2ncia ou sem fragrancia, embalado em saquinho de organza, al\u00e9m disso leva uma fita de cetim ou organza,\" \/>\n<meta property=\"og:url\" content=\"https:\/\/divertarte.com\/index.php\/produto\/coracao-comunhao-menino-gesso-perfumado-2\/\" \/>\n<meta property=\"article:modified_time\" content=\"2025-11-06T13:23:25+00:00\" \/>\n<meta property=\"og:image\" content=\"https:\/\/divertarte.com\/wp-content\/uploads\/2025\/05\/Coracao-Comunhao-Menino-gesso-perfumado-1.jpg\" \/>\n\t<meta property=\"og:image:width\" content=\"299\" \/>\n\t<meta property=\"og:image:height\" content=\"301\" \/>\n\t<meta property=\"og:image:type\" content=\"image\/jpeg\" \/>\n<meta name=\"twitter:card\" content=\"summary_large_image\" \/>\n<meta name=\"twitter:label1\" content=\"Tempo estimado de leitura\" \/>\n\t<meta name=\"twitter:data1\" content=\"1 minuto\" \/>\n<script type=\"application\/ld+json\" class=\"yoast-schema-graph\">{\"@context\":\"https:\\\/\\\/schema.org\",\"@graph\":[{\"@type\":\"WebPage\",\"@id\":\"https:\\\/\\\/divertarte.com\\\/index.php\\\/produto\\\/coracao-comunhao-menino-gesso-perfumado-2\\\/\",\"url\":\"https:\\\/\\\/divertarte.com\\\/index.php\\\/produto\\\/coracao-comunhao-menino-gesso-perfumado-2\\\/\",\"name\":\"Cora\u00e7\u00e3o Comunh\u00e3o Menino gesso perfumado -\",\"isPartOf\":{\"@id\":\"https:\\\/\\\/divertarte.com\\\/#website\"},\"primaryImageOfPage\":{\"@id\":\"https:\\\/\\\/divertarte.com\\\/index.php\\\/produto\\\/coracao-comunhao-menino-gesso-perfumado-2\\\/#primaryimage\"},\"image\":{\"@id\":\"https:\\\/\\\/divertarte.com\\\/index.php\\\/produto\\\/coracao-comunhao-menino-gesso-perfumado-2\\\/#primaryimage\"},\"thumbnailUrl\":\"https:\\\/\\\/divertarte.com\\\/wp-content\\\/uploads\\\/2025\\\/05\\\/Coracao-Comunhao-Menino-gesso-perfumado-1.jpg\",\"datePublished\":\"2025-05-20T20:55:17+00:00\",\"dateModified\":\"2025-11-06T13:23:25+00:00\",\"description\":\"Cora\u00e7\u00e3o Comunh\u00e3o Menino gesso perfumadocom fragr\u00e2ncia ou sem fragrancia, embalado em saquinho de organza, al\u00e9m disso leva uma fita de cetim ou organza,\",\"breadcrumb\":{\"@id\":\"https:\\\/\\\/divertarte.com\\\/index.php\\\/produto\\\/coracao-comunhao-menino-gesso-perfumado-2\\\/#breadcrumb\"},\"inLanguage\":\"pt-PT\",\"potentialAction\":[{\"@type\":\"ReadAction\",\"target\":[\"https:\\\/\\\/divertarte.com\\\/index.php\\\/produto\\\/coracao-comunhao-menino-gesso-perfumado-2\\\/\"]}]},{\"@type\":\"ImageObject\",\"inLanguage\":\"pt-PT\",\"@id\":\"https:\\\/\\\/divertarte.com\\\/index.php\\\/produto\\\/coracao-comunhao-menino-gesso-perfumado-2\\\/#primaryimage\",\"url\":\"https:\\\/\\\/divertarte.com\\\/wp-content\\\/uploads\\\/2025\\\/05\\\/Coracao-Comunhao-Menino-gesso-perfumado-1.jpg\",\"contentUrl\":\"https:\\\/\\\/divertarte.com\\\/wp-content\\\/uploads\\\/2025\\\/05\\\/Coracao-Comunhao-Menino-gesso-perfumado-1.jpg\",\"width\":299,\"height\":301},{\"@type\":\"BreadcrumbList\",\"@id\":\"https:\\\/\\\/divertarte.com\\\/index.php\\\/produto\\\/coracao-comunhao-menino-gesso-perfumado-2\\\/#breadcrumb\",\"itemListElement\":[{\"@type\":\"ListItem\",\"position\":1,\"name\":\"In\u00edcio\",\"item\":\"https:\\\/\\\/divertarte.com\\\/\"},{\"@type\":\"ListItem\",\"position\":2,\"name\":\"Loja\",\"item\":\"https:\\\/\\\/divertarte.com\\\/index.php\\\/divertarte-produtos\\\/\"},{\"@type\":\"ListItem\",\"position\":3,\"name\":\"Cora\u00e7\u00e3o Comunh\u00e3o Menino gesso perfumado\"}]},{\"@type\":\"WebSite\",\"@id\":\"https:\\\/\\\/divertarte.com\\\/#website\",\"url\":\"https:\\\/\\\/divertarte.com\\\/\",\"name\":\"Divertarte\",\"description\":\"\",\"publisher\":{\"@id\":\"https:\\\/\\\/divertarte.com\\\/#organization\"},\"potentialAction\":[{\"@type\":\"SearchAction\",\"target\":{\"@type\":\"EntryPoint\",\"urlTemplate\":\"https:\\\/\\\/divertarte.com\\\/?s={search_term_string}\"},\"query-input\":{\"@type\":\"PropertyValueSpecification\",\"valueRequired\":true,\"valueName\":\"search_term_string\"}}],\"inLanguage\":\"pt-PT\"},{\"@type\":\"Organization\",\"@id\":\"https:\\\/\\\/divertarte.com\\\/#organization\",\"name\":\"Divertarte\",\"url\":\"https:\\\/\\\/divertarte.com\\\/\",\"logo\":{\"@type\":\"ImageObject\",\"inLanguage\":\"pt-PT\",\"@id\":\"https:\\\/\\\/divertarte.com\\\/#\\\/schema\\\/logo\\\/image\\\/\",\"url\":\"https:\\\/\\\/divertarte.com\\\/wp-content\\\/uploads\\\/2018\\\/07\\\/logo-div.jpg\",\"contentUrl\":\"https:\\\/\\\/divertarte.com\\\/wp-content\\\/uploads\\\/2018\\\/07\\\/logo-div.jpg\",\"width\":295,\"height\":123,\"caption\":\"Divertarte\"},\"image\":{\"@id\":\"https:\\\/\\\/divertarte.com\\\/#\\\/schema\\\/logo\\\/image\\\/\"}}]}<\/script>\n<!-- \/ Yoast SEO plugin. -->","yoast_head_json":{"title":"Cora\u00e7\u00e3o Comunh\u00e3o Menino gesso perfumado -","description":"Cora\u00e7\u00e3o Comunh\u00e3o Menino gesso perfumadocom fragr\u00e2ncia ou sem fragrancia, embalado em saquinho de organza, al\u00e9m disso leva uma fita de cetim ou organza,","robots":{"index":"index","follow":"follow","max-snippet":"max-snippet:-1","max-image-preview":"max-image-preview:large","max-video-preview":"max-video-preview:-1"},"canonical":"https:\/\/divertarte.com\/index.php\/produto\/coracao-comunhao-menino-gesso-perfumado-2\/","og_locale":"pt_PT","og_type":"article","og_title":"Cora\u00e7\u00e3o Comunh\u00e3o Menino gesso perfumado -","og_description":"Cora\u00e7\u00e3o Comunh\u00e3o Menino gesso perfumadocom fragr\u00e2ncia ou sem fragrancia, embalado em saquinho de organza, al\u00e9m disso leva uma fita de cetim ou organza,","og_url":"https:\/\/divertarte.com\/index.php\/produto\/coracao-comunhao-menino-gesso-perfumado-2\/","article_modified_time":"2025-11-06T13:23:25+00:00","og_image":[{"width":299,"height":301,"url":"https:\/\/divertarte.com\/wp-content\/uploads\/2025\/05\/Coracao-Comunhao-Menino-gesso-perfumado-1.jpg","type":"image\/jpeg"}],"twitter_card":"summary_large_image","twitter_misc":{"Tempo estimado de leitura":"1 minuto"},"schema":{"@context":"https:\/\/schema.org","@graph":[{"@type":"WebPage","@id":"https:\/\/divertarte.com\/index.php\/produto\/coracao-comunhao-menino-gesso-perfumado-2\/","url":"https:\/\/divertarte.com\/index.php\/produto\/coracao-comunhao-menino-gesso-perfumado-2\/","name":"Cora\u00e7\u00e3o Comunh\u00e3o Menino gesso perfumado -","isPartOf":{"@id":"https:\/\/divertarte.com\/#website"},"primaryImageOfPage":{"@id":"https:\/\/divertarte.com\/index.php\/produto\/coracao-comunhao-menino-gesso-perfumado-2\/#primaryimage"},"image":{"@id":"https:\/\/divertarte.com\/index.php\/produto\/coracao-comunhao-menino-gesso-perfumado-2\/#primaryimage"},"thumbnailUrl":"https:\/\/divertarte.com\/wp-content\/uploads\/2025\/05\/Coracao-Comunhao-Menino-gesso-perfumado-1.jpg","datePublished":"2025-05-20T20:55:17+00:00","dateModified":"2025-11-06T13:23:25+00:00","description":"Cora\u00e7\u00e3o Comunh\u00e3o Menino gesso perfumadocom fragr\u00e2ncia ou sem fragrancia, embalado em saquinho de organza, al\u00e9m disso leva uma fita de cetim ou organza,","breadcrumb":{"@id":"https:\/\/divertarte.com\/index.php\/produto\/coracao-comunhao-menino-gesso-perfumado-2\/#breadcrumb"},"inLanguage":"pt-PT","potentialAction":[{"@type":"ReadAction","target":["https:\/\/divertarte.com\/index.php\/produto\/coracao-comunhao-menino-gesso-perfumado-2\/"]}]},{"@type":"ImageObject","inLanguage":"pt-PT","@id":"https:\/\/divertarte.com\/index.php\/produto\/coracao-comunhao-menino-gesso-perfumado-2\/#primaryimage","url":"https:\/\/divertarte.com\/wp-content\/uploads\/2025\/05\/Coracao-Comunhao-Menino-gesso-perfumado-1.jpg","contentUrl":"https:\/\/divertarte.com\/wp-content\/uploads\/2025\/05\/Coracao-Comunhao-Menino-gesso-perfumado-1.jpg","width":299,"height":301},{"@type":"BreadcrumbList","@id":"https:\/\/divertarte.com\/index.php\/produto\/coracao-comunhao-menino-gesso-perfumado-2\/#breadcrumb","itemListElement":[{"@type":"ListItem","position":1,"name":"In\u00edcio","item":"https:\/\/divertarte.com\/"},{"@type":"ListItem","position":2,"name":"Loja","item":"https:\/\/divertarte.com\/index.php\/divertarte-produtos\/"},{"@type":"ListItem","position":3,"name":"Cora\u00e7\u00e3o Comunh\u00e3o Menino gesso perfumado"}]},{"@type":"WebSite","@id":"https:\/\/divertarte.com\/#website","url":"https:\/\/divertarte.com\/","name":"Divertarte","description":"","publisher":{"@id":"https:\/\/divertarte.com\/#organization"},"potentialAction":[{"@type":"SearchAction","target":{"@type":"EntryPoint","urlTemplate":"https:\/\/divertarte.com\/?s={search_term_string}"},"query-input":{"@type":"PropertyValueSpecification","valueRequired":true,"valueName":"search_term_string"}}],"inLanguage":"pt-PT"},{"@type":"Organization","@id":"https:\/\/divertarte.com\/#organization","name":"Divertarte","url":"https:\/\/divertarte.com\/","logo":{"@type":"ImageObject","inLanguage":"pt-PT","@id":"https:\/\/divertarte.com\/#\/schema\/logo\/image\/","url":"https:\/\/divertarte.com\/wp-content\/uploads\/2018\/07\/logo-div.jpg","contentUrl":"https:\/\/divertarte.com\/wp-content\/uploads\/2018\/07\/logo-div.jpg","width":295,"height":123,"caption":"Divertarte"},"image":{"@id":"https:\/\/divertarte.com\/#\/schema\/logo\/image\/"}}]}},"_links":{"self":[{"href":"https:\/\/divertarte.com\/index.php\/wp-json\/wp\/v2\/product\/21720","targetHints":{"allow":["GET"]}}],"collection":[{"href":"https:\/\/divertarte.com\/index.php\/wp-json\/wp\/v2\/product"}],"about":[{"href":"https:\/\/divertarte.com\/index.php\/wp-json\/wp\/v2\/types\/product"}],"replies":[{"embeddable":true,"href":"https:\/\/divertarte.com\/index.php\/wp-json\/wp\/v2\/comments?post=21720"}],"wp:featuredmedia":[{"embeddable":true,"href":"https:\/\/divertarte.com\/index.php\/wp-json\/wp\/v2\/media\/21723"}],"wp:attachment":[{"href":"https:\/\/divertarte.com\/index.php\/wp-json\/wp\/v2\/media?parent=21720"}],"wp:term":[{"taxonomy":"product_brand","embeddable":true,"href":"https:\/\/divertarte.com\/index.php\/wp-json\/wp\/v2\/product_brand?post=21720"},{"taxonomy":"product_cat","embeddable":true,"href":"https:\/\/divertarte.com\/index.php\/wp-json\/wp\/v2\/product_cat?post=21720"},{"taxonomy":"product_tag","embeddable":true,"href":"https:\/\/divertarte.com\/index.php\/wp-json\/wp\/v2\/product_tag?post=21720"}],"curies":[{"name":"wp","href":"https:\/\/api.w.org\/{rel}","templated":true}]}}