{"id":2172,"date":"2018-06-07T14:11:00","date_gmt":"2018-06-07T13:11:00","guid":{"rendered":"https:\/\/divertarte.com\/index.php\/produto\/essencia-laranja\/"},"modified":"2025-12-18T20:13:58","modified_gmt":"2025-12-18T20:13:58","slug":"essencia-laranja","status":"publish","type":"product","link":"https:\/\/divertarte.com\/index.php\/produto\/essencia-laranja\/","title":{"rendered":"Essencia Laranja"},"content":{"rendered":"<p>Essencia Laranja<br \/>\nEssencia arom\u00e1tica concentrada para perfumar glicerina, gel, parafina, Ceras, Sabonetes, Sais de banho, Cosm\u00e9ticos, gesso perfumado<br \/>\nComo usar: Diluir a ess\u00eancia no produto em estado l\u00edquido aquecido, contudo fora do fogo.<br \/>\nRecomenda\u00e7\u00e3o: Uso externo (n\u00e3o ingerir).<br \/>\nEss\u00eancias multiusos 1\u00aa linha excelente qualidade &#8211; V\u00e1rias aplica\u00e7\u00f5es &#8211; Velas, Gel, Sabonetes, Cosm\u00e9ticos, Ceras, produtos de limpeza.<\/p>\n<p>&nbsp;<\/p>\n","protected":false},"excerpt":{"rendered":"<p>Essencia Laranja<\/p>\n<p>Essencia arom\u00e1tica concentrada para perfumar glicerina, gel, parafina, Ceras, Sabonetes, Sais de banho, Cosm\u00e9ticos, gesso perfumado<br \/>\nComo usar: Diluir a ess\u00eancia no produto em estado l\u00edquido aquecido, contudo fora do fogo.<br \/>\nRecomenda\u00e7\u00e3o: Uso externo (n\u00e3o ingerir).<\/p>\n","protected":false},"featured_media":20539,"comment_status":"closed","ping_status":"closed","template":"","meta":{"_exactmetrics_skip_tracking":false,"_exactmetrics_sitenote_active":false,"_exactmetrics_sitenote_note":"","_exactmetrics_sitenote_category":0},"product_brand":[],"product_cat":[55,1296],"product_tag":[1222,455,1137,1273,829],"class_list":{"0":"post-2172","1":"product","2":"type-product","3":"status-publish","4":"has-post-thumbnail","6":"product_cat-essencias-para-sabonetes","7":"product_cat-essencias-para-velas","8":"product_tag-essencia-aromatica-laranja","9":"product_tag-essencias","10":"product_tag-essencias-para-sabonetes","11":"product_tag-essencias-para-velas","12":"product_tag-laranja","14":"first","15":"instock","16":"taxable","17":"shipping-taxable","18":"purchasable","19":"product-type-simple"},"yoast_head":"<!-- This site is optimized with the Yoast SEO plugin v27.4 - https:\/\/yoast.com\/product\/yoast-seo-wordpress\/ -->\n<title>Essencia Laranja -<\/title>\n<meta name=\"description\" content=\"Essencia feita a base de \u00f3leo neutro, n\u00e3o t\u00f3xico e anti al\u00e9rgico. Com fixador,para glicerina,ceras, sabonetes, sais de banho, cosm\u00e9ticos\" \/>\n<meta name=\"robots\" content=\"index, follow, max-snippet:-1, max-image-preview:large, max-video-preview:-1\" \/>\n<link rel=\"canonical\" href=\"https:\/\/divertarte.com\/index.php\/produto\/essencia-laranja\/\" \/>\n<meta property=\"og:locale\" content=\"pt_PT\" \/>\n<meta property=\"og:type\" content=\"article\" \/>\n<meta property=\"og:title\" content=\"Essencia Laranja -\" \/>\n<meta property=\"og:description\" content=\"Essencia feita a base de \u00f3leo neutro, n\u00e3o t\u00f3xico e anti al\u00e9rgico. Com fixador,para glicerina,ceras, sabonetes, sais de banho, cosm\u00e9ticos\" \/>\n<meta property=\"og:url\" content=\"https:\/\/divertarte.com\/index.php\/produto\/essencia-laranja\/\" \/>\n<meta property=\"article:modified_time\" content=\"2025-12-18T20:13:58+00:00\" \/>\n<meta property=\"og:image\" content=\"https:\/\/divertarte.com\/wp-content\/uploads\/2018\/06\/essencia-laranja-1.jpg\" \/>\n\t<meta property=\"og:image:width\" content=\"299\" \/>\n\t<meta property=\"og:image:height\" content=\"301\" \/>\n\t<meta property=\"og:image:type\" content=\"image\/jpeg\" \/>\n<meta name=\"twitter:card\" content=\"summary_large_image\" \/>\n<script type=\"application\/ld+json\" class=\"yoast-schema-graph\">{\"@context\":\"https:\\\/\\\/schema.org\",\"@graph\":[{\"@type\":\"WebPage\",\"@id\":\"https:\\\/\\\/divertarte.com\\\/index.php\\\/produto\\\/essencia-laranja\\\/\",\"url\":\"https:\\\/\\\/divertarte.com\\\/index.php\\\/produto\\\/essencia-laranja\\\/\",\"name\":\"Essencia Laranja -\",\"isPartOf\":{\"@id\":\"https:\\\/\\\/divertarte.com\\\/#website\"},\"primaryImageOfPage\":{\"@id\":\"https:\\\/\\\/divertarte.com\\\/index.php\\\/produto\\\/essencia-laranja\\\/#primaryimage\"},\"image\":{\"@id\":\"https:\\\/\\\/divertarte.com\\\/index.php\\\/produto\\\/essencia-laranja\\\/#primaryimage\"},\"thumbnailUrl\":\"https:\\\/\\\/divertarte.com\\\/wp-content\\\/uploads\\\/2018\\\/06\\\/essencia-laranja-1.jpg\",\"datePublished\":\"2018-06-07T13:11:00+00:00\",\"dateModified\":\"2025-12-18T20:13:58+00:00\",\"description\":\"Essencia feita a base de \u00f3leo neutro, n\u00e3o t\u00f3xico e anti al\u00e9rgico. Com fixador,para glicerina,ceras, sabonetes, sais de banho, cosm\u00e9ticos\",\"breadcrumb\":{\"@id\":\"https:\\\/\\\/divertarte.com\\\/index.php\\\/produto\\\/essencia-laranja\\\/#breadcrumb\"},\"inLanguage\":\"pt-PT\",\"potentialAction\":[{\"@type\":\"ReadAction\",\"target\":[\"https:\\\/\\\/divertarte.com\\\/index.php\\\/produto\\\/essencia-laranja\\\/\"]}]},{\"@type\":\"ImageObject\",\"inLanguage\":\"pt-PT\",\"@id\":\"https:\\\/\\\/divertarte.com\\\/index.php\\\/produto\\\/essencia-laranja\\\/#primaryimage\",\"url\":\"https:\\\/\\\/divertarte.com\\\/wp-content\\\/uploads\\\/2018\\\/06\\\/essencia-laranja-1.jpg\",\"contentUrl\":\"https:\\\/\\\/divertarte.com\\\/wp-content\\\/uploads\\\/2018\\\/06\\\/essencia-laranja-1.jpg\",\"width\":299,\"height\":301},{\"@type\":\"BreadcrumbList\",\"@id\":\"https:\\\/\\\/divertarte.com\\\/index.php\\\/produto\\\/essencia-laranja\\\/#breadcrumb\",\"itemListElement\":[{\"@type\":\"ListItem\",\"position\":1,\"name\":\"In\u00edcio\",\"item\":\"https:\\\/\\\/divertarte.com\\\/\"},{\"@type\":\"ListItem\",\"position\":2,\"name\":\"Loja\",\"item\":\"https:\\\/\\\/divertarte.com\\\/index.php\\\/divertarte-produtos\\\/\"},{\"@type\":\"ListItem\",\"position\":3,\"name\":\"Essencia Laranja\"}]},{\"@type\":\"WebSite\",\"@id\":\"https:\\\/\\\/divertarte.com\\\/#website\",\"url\":\"https:\\\/\\\/divertarte.com\\\/\",\"name\":\"Divertarte\",\"description\":\"\",\"publisher\":{\"@id\":\"https:\\\/\\\/divertarte.com\\\/#organization\"},\"potentialAction\":[{\"@type\":\"SearchAction\",\"target\":{\"@type\":\"EntryPoint\",\"urlTemplate\":\"https:\\\/\\\/divertarte.com\\\/?s={search_term_string}\"},\"query-input\":{\"@type\":\"PropertyValueSpecification\",\"valueRequired\":true,\"valueName\":\"search_term_string\"}}],\"inLanguage\":\"pt-PT\"},{\"@type\":\"Organization\",\"@id\":\"https:\\\/\\\/divertarte.com\\\/#organization\",\"name\":\"Divertarte\",\"url\":\"https:\\\/\\\/divertarte.com\\\/\",\"logo\":{\"@type\":\"ImageObject\",\"inLanguage\":\"pt-PT\",\"@id\":\"https:\\\/\\\/divertarte.com\\\/#\\\/schema\\\/logo\\\/image\\\/\",\"url\":\"https:\\\/\\\/divertarte.com\\\/wp-content\\\/uploads\\\/2018\\\/07\\\/logo-div.jpg\",\"contentUrl\":\"https:\\\/\\\/divertarte.com\\\/wp-content\\\/uploads\\\/2018\\\/07\\\/logo-div.jpg\",\"width\":295,\"height\":123,\"caption\":\"Divertarte\"},\"image\":{\"@id\":\"https:\\\/\\\/divertarte.com\\\/#\\\/schema\\\/logo\\\/image\\\/\"}}]}<\/script>\n<!-- \/ Yoast SEO plugin. -->","yoast_head_json":{"title":"Essencia Laranja -","description":"Essencia feita a base de \u00f3leo neutro, n\u00e3o t\u00f3xico e anti al\u00e9rgico. Com fixador,para glicerina,ceras, sabonetes, sais de banho, cosm\u00e9ticos","robots":{"index":"index","follow":"follow","max-snippet":"max-snippet:-1","max-image-preview":"max-image-preview:large","max-video-preview":"max-video-preview:-1"},"canonical":"https:\/\/divertarte.com\/index.php\/produto\/essencia-laranja\/","og_locale":"pt_PT","og_type":"article","og_title":"Essencia Laranja -","og_description":"Essencia feita a base de \u00f3leo neutro, n\u00e3o t\u00f3xico e anti al\u00e9rgico. Com fixador,para glicerina,ceras, sabonetes, sais de banho, cosm\u00e9ticos","og_url":"https:\/\/divertarte.com\/index.php\/produto\/essencia-laranja\/","article_modified_time":"2025-12-18T20:13:58+00:00","og_image":[{"width":299,"height":301,"url":"https:\/\/divertarte.com\/wp-content\/uploads\/2018\/06\/essencia-laranja-1.jpg","type":"image\/jpeg"}],"twitter_card":"summary_large_image","schema":{"@context":"https:\/\/schema.org","@graph":[{"@type":"WebPage","@id":"https:\/\/divertarte.com\/index.php\/produto\/essencia-laranja\/","url":"https:\/\/divertarte.com\/index.php\/produto\/essencia-laranja\/","name":"Essencia Laranja -","isPartOf":{"@id":"https:\/\/divertarte.com\/#website"},"primaryImageOfPage":{"@id":"https:\/\/divertarte.com\/index.php\/produto\/essencia-laranja\/#primaryimage"},"image":{"@id":"https:\/\/divertarte.com\/index.php\/produto\/essencia-laranja\/#primaryimage"},"thumbnailUrl":"https:\/\/divertarte.com\/wp-content\/uploads\/2018\/06\/essencia-laranja-1.jpg","datePublished":"2018-06-07T13:11:00+00:00","dateModified":"2025-12-18T20:13:58+00:00","description":"Essencia feita a base de \u00f3leo neutro, n\u00e3o t\u00f3xico e anti al\u00e9rgico. Com fixador,para glicerina,ceras, sabonetes, sais de banho, cosm\u00e9ticos","breadcrumb":{"@id":"https:\/\/divertarte.com\/index.php\/produto\/essencia-laranja\/#breadcrumb"},"inLanguage":"pt-PT","potentialAction":[{"@type":"ReadAction","target":["https:\/\/divertarte.com\/index.php\/produto\/essencia-laranja\/"]}]},{"@type":"ImageObject","inLanguage":"pt-PT","@id":"https:\/\/divertarte.com\/index.php\/produto\/essencia-laranja\/#primaryimage","url":"https:\/\/divertarte.com\/wp-content\/uploads\/2018\/06\/essencia-laranja-1.jpg","contentUrl":"https:\/\/divertarte.com\/wp-content\/uploads\/2018\/06\/essencia-laranja-1.jpg","width":299,"height":301},{"@type":"BreadcrumbList","@id":"https:\/\/divertarte.com\/index.php\/produto\/essencia-laranja\/#breadcrumb","itemListElement":[{"@type":"ListItem","position":1,"name":"In\u00edcio","item":"https:\/\/divertarte.com\/"},{"@type":"ListItem","position":2,"name":"Loja","item":"https:\/\/divertarte.com\/index.php\/divertarte-produtos\/"},{"@type":"ListItem","position":3,"name":"Essencia Laranja"}]},{"@type":"WebSite","@id":"https:\/\/divertarte.com\/#website","url":"https:\/\/divertarte.com\/","name":"Divertarte","description":"","publisher":{"@id":"https:\/\/divertarte.com\/#organization"},"potentialAction":[{"@type":"SearchAction","target":{"@type":"EntryPoint","urlTemplate":"https:\/\/divertarte.com\/?s={search_term_string}"},"query-input":{"@type":"PropertyValueSpecification","valueRequired":true,"valueName":"search_term_string"}}],"inLanguage":"pt-PT"},{"@type":"Organization","@id":"https:\/\/divertarte.com\/#organization","name":"Divertarte","url":"https:\/\/divertarte.com\/","logo":{"@type":"ImageObject","inLanguage":"pt-PT","@id":"https:\/\/divertarte.com\/#\/schema\/logo\/image\/","url":"https:\/\/divertarte.com\/wp-content\/uploads\/2018\/07\/logo-div.jpg","contentUrl":"https:\/\/divertarte.com\/wp-content\/uploads\/2018\/07\/logo-div.jpg","width":295,"height":123,"caption":"Divertarte"},"image":{"@id":"https:\/\/divertarte.com\/#\/schema\/logo\/image\/"}}]}},"_links":{"self":[{"href":"https:\/\/divertarte.com\/index.php\/wp-json\/wp\/v2\/product\/2172","targetHints":{"allow":["GET"]}}],"collection":[{"href":"https:\/\/divertarte.com\/index.php\/wp-json\/wp\/v2\/product"}],"about":[{"href":"https:\/\/divertarte.com\/index.php\/wp-json\/wp\/v2\/types\/product"}],"replies":[{"embeddable":true,"href":"https:\/\/divertarte.com\/index.php\/wp-json\/wp\/v2\/comments?post=2172"}],"wp:featuredmedia":[{"embeddable":true,"href":"https:\/\/divertarte.com\/index.php\/wp-json\/wp\/v2\/media\/20539"}],"wp:attachment":[{"href":"https:\/\/divertarte.com\/index.php\/wp-json\/wp\/v2\/media?parent=2172"}],"wp:term":[{"taxonomy":"product_brand","embeddable":true,"href":"https:\/\/divertarte.com\/index.php\/wp-json\/wp\/v2\/product_brand?post=2172"},{"taxonomy":"product_cat","embeddable":true,"href":"https:\/\/divertarte.com\/index.php\/wp-json\/wp\/v2\/product_cat?post=2172"},{"taxonomy":"product_tag","embeddable":true,"href":"https:\/\/divertarte.com\/index.php\/wp-json\/wp\/v2\/product_tag?post=2172"}],"curies":[{"name":"wp","href":"https:\/\/api.w.org\/{rel}","templated":true}]}}