{"id":2163,"date":"2018-06-07T14:07:03","date_gmt":"2018-06-07T13:07:03","guid":{"rendered":"https:\/\/divertarte.com\/index.php\/produto\/gel-para-velas-500-gr\/"},"modified":"2025-11-06T13:59:22","modified_gmt":"2025-11-06T13:59:22","slug":"parafina-em-gel-para-velas","status":"publish","type":"product","link":"https:\/\/divertarte.com\/index.php\/produto\/parafina-em-gel-para-velas\/","title":{"rendered":"Parafina em Gel para Velas"},"content":{"rendered":"<p>Parafina em Gel para Velas, Gel para velas,\u00a0Gelatina para velas ou Parafina transparente utiliza-se para fazer velas com bel\u00edssimas decora\u00e7\u00f5es:<br \/>\nMotivos marinhos, conchas pedrinhas, estrelas do mar, areias coloridas. Al\u00e9m disso pode incluir<br \/>\nelementos secos, canelas, sementes, flores, enfeites em vidro, enfeites em resina, madeira pode juntar anilina para dar cor e ess\u00eancias para dar aroma.<\/p>\n","protected":false},"excerpt":{"rendered":"<p>Parafina em Gel para Velas, Gel para velas,\u00a0Gelatina para velas ou Parafina transparente utiliza-se para fazer velas com bel\u00edssimas decora\u00e7\u00f5es:<br \/>\nMotivos marinhos, conchas pedrinhas, estrelas do mar, areias coloridas. Al\u00e9m disso pode incluir<br \/>\nelementos secos, canelas, sementes, flores, enfeites em vidro, enfeites em resina, madeira pode juntar anilina para dar cor e ess\u00eancias para dar aroma.<\/p>\n<p>Utiliza-se para fazer velas com bel\u00edssimas decora\u00e7\u00f5es:<br \/>\nMotivos marinhos, conchas pedrinhas, estrelas do mar, areias coloridas.<br \/>\nElementos secos, canelas, sementes, flores, Enfeites em vidro, enfeites em resina, madeira.<\/p>\n<p>Pode juntar anilina (corante para velas) para dar cor, e ess\u00eancias para dar aroma.<\/p>\n<p>Utilize pavios pr\u00f3prios para gel<\/p>\n","protected":false},"featured_media":20870,"comment_status":"closed","ping_status":"closed","template":"","meta":{"_exactmetrics_skip_tracking":false,"_exactmetrics_sitenote_active":false,"_exactmetrics_sitenote_note":"","_exactmetrics_sitenote_category":0},"product_brand":[],"product_cat":[269,122],"product_tag":[538,1304,1305,606],"class_list":{"0":"post-2163","1":"product","2":"type-product","3":"status-publish","4":"has-post-thumbnail","6":"product_cat-parafina-para-velas-e-ceras","7":"product_cat-gel-para-velas","8":"product_tag-gel-para-velas","9":"product_tag-parafina-em-gel","10":"product_tag-parafina-gel-para-velas","11":"product_tag-velas-em-gel","13":"first","14":"instock","15":"taxable","16":"shipping-taxable","17":"purchasable","18":"product-type-variable"},"yoast_head":"<!-- This site is optimized with the Yoast SEO plugin v27.4 - https:\/\/yoast.com\/product\/yoast-seo-wordpress\/ -->\n<title>Parafina em Gel para Velas - Parafina em gel para velas<\/title>\n<meta name=\"description\" content=\"A Parafina para velas em Gel Parafina Gel transparente para fazer velas bel\u00edssimas que permite ver o seu interior. conchas pedrinhas estrelas do mar,\" \/>\n<meta name=\"robots\" content=\"index, follow, max-snippet:-1, max-image-preview:large, max-video-preview:-1\" \/>\n<link rel=\"canonical\" href=\"https:\/\/divertarte.com\/index.php\/produto\/parafina-em-gel-para-velas\/\" \/>\n<meta property=\"og:locale\" content=\"pt_PT\" \/>\n<meta property=\"og:type\" content=\"article\" \/>\n<meta property=\"og:title\" content=\"Parafina em Gel para Velas - Parafina em gel para velas\" \/>\n<meta property=\"og:description\" content=\"A Parafina para velas em Gel Parafina Gel transparente para fazer velas bel\u00edssimas que permite ver o seu interior. conchas pedrinhas estrelas do mar,\" \/>\n<meta property=\"og:url\" content=\"https:\/\/divertarte.com\/index.php\/produto\/parafina-em-gel-para-velas\/\" \/>\n<meta property=\"article:modified_time\" content=\"2025-11-06T13:59:22+00:00\" \/>\n<meta property=\"og:image\" content=\"https:\/\/divertarte.com\/wp-content\/uploads\/2018\/06\/parafina-gel-para-velas.jpg\" \/>\n\t<meta property=\"og:image:width\" content=\"300\" \/>\n\t<meta property=\"og:image:height\" content=\"300\" \/>\n\t<meta property=\"og:image:type\" content=\"image\/jpeg\" \/>\n<meta name=\"twitter:card\" content=\"summary_large_image\" \/>\n<meta name=\"twitter:label1\" content=\"Tempo estimado de leitura\" \/>\n\t<meta name=\"twitter:data1\" content=\"1 minuto\" \/>\n<script type=\"application\/ld+json\" class=\"yoast-schema-graph\">{\"@context\":\"https:\\\/\\\/schema.org\",\"@graph\":[{\"@type\":\"WebPage\",\"@id\":\"https:\\\/\\\/divertarte.com\\\/index.php\\\/produto\\\/parafina-em-gel-para-velas\\\/\",\"url\":\"https:\\\/\\\/divertarte.com\\\/index.php\\\/produto\\\/parafina-em-gel-para-velas\\\/\",\"name\":\"Parafina em Gel para Velas - Parafina em gel para velas\",\"isPartOf\":{\"@id\":\"https:\\\/\\\/divertarte.com\\\/#website\"},\"primaryImageOfPage\":{\"@id\":\"https:\\\/\\\/divertarte.com\\\/index.php\\\/produto\\\/parafina-em-gel-para-velas\\\/#primaryimage\"},\"image\":{\"@id\":\"https:\\\/\\\/divertarte.com\\\/index.php\\\/produto\\\/parafina-em-gel-para-velas\\\/#primaryimage\"},\"thumbnailUrl\":\"https:\\\/\\\/divertarte.com\\\/wp-content\\\/uploads\\\/2018\\\/06\\\/parafina-gel-para-velas.jpg\",\"datePublished\":\"2018-06-07T13:07:03+00:00\",\"dateModified\":\"2025-11-06T13:59:22+00:00\",\"description\":\"A Parafina para velas em Gel Parafina Gel transparente para fazer velas bel\u00edssimas que permite ver o seu interior. conchas pedrinhas estrelas do mar,\",\"breadcrumb\":{\"@id\":\"https:\\\/\\\/divertarte.com\\\/index.php\\\/produto\\\/parafina-em-gel-para-velas\\\/#breadcrumb\"},\"inLanguage\":\"pt-PT\",\"potentialAction\":[{\"@type\":\"ReadAction\",\"target\":[\"https:\\\/\\\/divertarte.com\\\/index.php\\\/produto\\\/parafina-em-gel-para-velas\\\/\"]}]},{\"@type\":\"ImageObject\",\"inLanguage\":\"pt-PT\",\"@id\":\"https:\\\/\\\/divertarte.com\\\/index.php\\\/produto\\\/parafina-em-gel-para-velas\\\/#primaryimage\",\"url\":\"https:\\\/\\\/divertarte.com\\\/wp-content\\\/uploads\\\/2018\\\/06\\\/parafina-gel-para-velas.jpg\",\"contentUrl\":\"https:\\\/\\\/divertarte.com\\\/wp-content\\\/uploads\\\/2018\\\/06\\\/parafina-gel-para-velas.jpg\",\"width\":300,\"height\":300},{\"@type\":\"BreadcrumbList\",\"@id\":\"https:\\\/\\\/divertarte.com\\\/index.php\\\/produto\\\/parafina-em-gel-para-velas\\\/#breadcrumb\",\"itemListElement\":[{\"@type\":\"ListItem\",\"position\":1,\"name\":\"In\u00edcio\",\"item\":\"https:\\\/\\\/divertarte.com\\\/\"},{\"@type\":\"ListItem\",\"position\":2,\"name\":\"Loja\",\"item\":\"https:\\\/\\\/divertarte.com\\\/index.php\\\/divertarte-produtos\\\/\"},{\"@type\":\"ListItem\",\"position\":3,\"name\":\"Parafina em Gel para Velas\"}]},{\"@type\":\"WebSite\",\"@id\":\"https:\\\/\\\/divertarte.com\\\/#website\",\"url\":\"https:\\\/\\\/divertarte.com\\\/\",\"name\":\"Divertarte\",\"description\":\"\",\"publisher\":{\"@id\":\"https:\\\/\\\/divertarte.com\\\/#organization\"},\"potentialAction\":[{\"@type\":\"SearchAction\",\"target\":{\"@type\":\"EntryPoint\",\"urlTemplate\":\"https:\\\/\\\/divertarte.com\\\/?s={search_term_string}\"},\"query-input\":{\"@type\":\"PropertyValueSpecification\",\"valueRequired\":true,\"valueName\":\"search_term_string\"}}],\"inLanguage\":\"pt-PT\"},{\"@type\":\"Organization\",\"@id\":\"https:\\\/\\\/divertarte.com\\\/#organization\",\"name\":\"Divertarte\",\"url\":\"https:\\\/\\\/divertarte.com\\\/\",\"logo\":{\"@type\":\"ImageObject\",\"inLanguage\":\"pt-PT\",\"@id\":\"https:\\\/\\\/divertarte.com\\\/#\\\/schema\\\/logo\\\/image\\\/\",\"url\":\"https:\\\/\\\/divertarte.com\\\/wp-content\\\/uploads\\\/2018\\\/07\\\/logo-div.jpg\",\"contentUrl\":\"https:\\\/\\\/divertarte.com\\\/wp-content\\\/uploads\\\/2018\\\/07\\\/logo-div.jpg\",\"width\":295,\"height\":123,\"caption\":\"Divertarte\"},\"image\":{\"@id\":\"https:\\\/\\\/divertarte.com\\\/#\\\/schema\\\/logo\\\/image\\\/\"}}]}<\/script>\n<!-- \/ Yoast SEO plugin. -->","yoast_head_json":{"title":"Parafina em Gel para Velas - Parafina em gel para velas","description":"A Parafina para velas em Gel Parafina Gel transparente para fazer velas bel\u00edssimas que permite ver o seu interior. conchas pedrinhas estrelas do mar,","robots":{"index":"index","follow":"follow","max-snippet":"max-snippet:-1","max-image-preview":"max-image-preview:large","max-video-preview":"max-video-preview:-1"},"canonical":"https:\/\/divertarte.com\/index.php\/produto\/parafina-em-gel-para-velas\/","og_locale":"pt_PT","og_type":"article","og_title":"Parafina em Gel para Velas - Parafina em gel para velas","og_description":"A Parafina para velas em Gel Parafina Gel transparente para fazer velas bel\u00edssimas que permite ver o seu interior. conchas pedrinhas estrelas do mar,","og_url":"https:\/\/divertarte.com\/index.php\/produto\/parafina-em-gel-para-velas\/","article_modified_time":"2025-11-06T13:59:22+00:00","og_image":[{"width":300,"height":300,"url":"https:\/\/divertarte.com\/wp-content\/uploads\/2018\/06\/parafina-gel-para-velas.jpg","type":"image\/jpeg"}],"twitter_card":"summary_large_image","twitter_misc":{"Tempo estimado de leitura":"1 minuto"},"schema":{"@context":"https:\/\/schema.org","@graph":[{"@type":"WebPage","@id":"https:\/\/divertarte.com\/index.php\/produto\/parafina-em-gel-para-velas\/","url":"https:\/\/divertarte.com\/index.php\/produto\/parafina-em-gel-para-velas\/","name":"Parafina em Gel para Velas - Parafina em gel para velas","isPartOf":{"@id":"https:\/\/divertarte.com\/#website"},"primaryImageOfPage":{"@id":"https:\/\/divertarte.com\/index.php\/produto\/parafina-em-gel-para-velas\/#primaryimage"},"image":{"@id":"https:\/\/divertarte.com\/index.php\/produto\/parafina-em-gel-para-velas\/#primaryimage"},"thumbnailUrl":"https:\/\/divertarte.com\/wp-content\/uploads\/2018\/06\/parafina-gel-para-velas.jpg","datePublished":"2018-06-07T13:07:03+00:00","dateModified":"2025-11-06T13:59:22+00:00","description":"A Parafina para velas em Gel Parafina Gel transparente para fazer velas bel\u00edssimas que permite ver o seu interior. conchas pedrinhas estrelas do mar,","breadcrumb":{"@id":"https:\/\/divertarte.com\/index.php\/produto\/parafina-em-gel-para-velas\/#breadcrumb"},"inLanguage":"pt-PT","potentialAction":[{"@type":"ReadAction","target":["https:\/\/divertarte.com\/index.php\/produto\/parafina-em-gel-para-velas\/"]}]},{"@type":"ImageObject","inLanguage":"pt-PT","@id":"https:\/\/divertarte.com\/index.php\/produto\/parafina-em-gel-para-velas\/#primaryimage","url":"https:\/\/divertarte.com\/wp-content\/uploads\/2018\/06\/parafina-gel-para-velas.jpg","contentUrl":"https:\/\/divertarte.com\/wp-content\/uploads\/2018\/06\/parafina-gel-para-velas.jpg","width":300,"height":300},{"@type":"BreadcrumbList","@id":"https:\/\/divertarte.com\/index.php\/produto\/parafina-em-gel-para-velas\/#breadcrumb","itemListElement":[{"@type":"ListItem","position":1,"name":"In\u00edcio","item":"https:\/\/divertarte.com\/"},{"@type":"ListItem","position":2,"name":"Loja","item":"https:\/\/divertarte.com\/index.php\/divertarte-produtos\/"},{"@type":"ListItem","position":3,"name":"Parafina em Gel para Velas"}]},{"@type":"WebSite","@id":"https:\/\/divertarte.com\/#website","url":"https:\/\/divertarte.com\/","name":"Divertarte","description":"","publisher":{"@id":"https:\/\/divertarte.com\/#organization"},"potentialAction":[{"@type":"SearchAction","target":{"@type":"EntryPoint","urlTemplate":"https:\/\/divertarte.com\/?s={search_term_string}"},"query-input":{"@type":"PropertyValueSpecification","valueRequired":true,"valueName":"search_term_string"}}],"inLanguage":"pt-PT"},{"@type":"Organization","@id":"https:\/\/divertarte.com\/#organization","name":"Divertarte","url":"https:\/\/divertarte.com\/","logo":{"@type":"ImageObject","inLanguage":"pt-PT","@id":"https:\/\/divertarte.com\/#\/schema\/logo\/image\/","url":"https:\/\/divertarte.com\/wp-content\/uploads\/2018\/07\/logo-div.jpg","contentUrl":"https:\/\/divertarte.com\/wp-content\/uploads\/2018\/07\/logo-div.jpg","width":295,"height":123,"caption":"Divertarte"},"image":{"@id":"https:\/\/divertarte.com\/#\/schema\/logo\/image\/"}}]}},"_links":{"self":[{"href":"https:\/\/divertarte.com\/index.php\/wp-json\/wp\/v2\/product\/2163","targetHints":{"allow":["GET"]}}],"collection":[{"href":"https:\/\/divertarte.com\/index.php\/wp-json\/wp\/v2\/product"}],"about":[{"href":"https:\/\/divertarte.com\/index.php\/wp-json\/wp\/v2\/types\/product"}],"replies":[{"embeddable":true,"href":"https:\/\/divertarte.com\/index.php\/wp-json\/wp\/v2\/comments?post=2163"}],"wp:featuredmedia":[{"embeddable":true,"href":"https:\/\/divertarte.com\/index.php\/wp-json\/wp\/v2\/media\/20870"}],"wp:attachment":[{"href":"https:\/\/divertarte.com\/index.php\/wp-json\/wp\/v2\/media?parent=2163"}],"wp:term":[{"taxonomy":"product_brand","embeddable":true,"href":"https:\/\/divertarte.com\/index.php\/wp-json\/wp\/v2\/product_brand?post=2163"},{"taxonomy":"product_cat","embeddable":true,"href":"https:\/\/divertarte.com\/index.php\/wp-json\/wp\/v2\/product_cat?post=2163"},{"taxonomy":"product_tag","embeddable":true,"href":"https:\/\/divertarte.com\/index.php\/wp-json\/wp\/v2\/product_tag?post=2163"}],"curies":[{"name":"wp","href":"https:\/\/api.w.org\/{rel}","templated":true}]}}