{"id":21578,"date":"2025-04-01T17:11:19","date_gmt":"2025-04-01T16:11:19","guid":{"rendered":"https:\/\/divertarte.com\/?post_type=product&#038;p=21578"},"modified":"2025-11-06T13:23:26","modified_gmt":"2025-11-06T13:23:26","slug":"coelho-3d-em-gesso","status":"publish","type":"product","link":"https:\/\/divertarte.com\/index.php\/produto\/coelho-3d-em-gesso\/","title":{"rendered":"Coelho 3d em gesso"},"content":{"rendered":"<p>Coelho 3d em gesso.<\/p>\n<p>Pe\u00e7a simples: (sem aroma, e sem saquinho). pe\u00e7a semi completa: s\u00f3 com aroma, e pe\u00e7a completa com aroma e saquinho de organza branco transparente<\/p>\n<ul>\n<li>Pe\u00e7a simples: (sem aroma, e sem saquinho).<\/li>\n<li>Pe\u00e7a semi completa: s\u00f3 com aroma, e<\/li>\n<li>Pe\u00e7a completa com aroma e saquinho de organza branco transparente<\/li>\n<\/ul>\n<p>Pre\u00e7o mais econ\u00f3mico: pe\u00e7a simples, com 2 op\u00e7\u00f5es:<\/p>\n<ul>\n<li>\u00e0 unidade, ou em<\/li>\n<li>pac de 50 unidades<\/li>\n<\/ul>\n<p>Portanto trata-se de uma bonita prendinha de P\u00e1scoa ou prendinha de Casamento original, e Anivers\u00e1rio.\u00a0 6,5\u00d74\u00d74 cm.<\/p>\n<p>Pode escolher a essencia em separado em: \u00a0<a href=\"https:\/\/divertarte.com\/index.php\/categoria-produto\/essencias-para-gesso-perfumado\/\">https:\/\/divertarte.com\/index.php\/categoria-produto\/essencias-para-gesso-perfumado\/<\/a><\/p>\n","protected":false},"excerpt":{"rendered":"<p>Coelho 3d em gesso.<\/p>\n<p>Pe\u00e7a simples: (sem aroma, e sem saquinho). pe\u00e7a semi completa: s\u00f3 com aroma, e pe\u00e7a completa com aroma e saquinho de organza branco transparente<\/p>\n<ul>\n<li>Pe\u00e7a simples: (sem aroma, e sem saquinho) (\u00e0 unidade ou pac de 50 unidades)<\/li>\n<li>Pe\u00e7a semi completa: s\u00f3 com aroma, (\u00e0 unidade)<\/li>\n<li>Pe\u00e7a completa com aroma e saquinho de organza branco transparente \u00e0 unidade<\/li>\n<\/ul>\n<p>Pre\u00e7o mais econ\u00f3mico: pe\u00e7a simples, com 2 op\u00e7\u00f5es:<\/p>\n<ul>\n<li>\u00e0 unidade, ou em<\/li>\n<li>pac de 50 unidades<\/li>\n<\/ul>\n<p>Portanto trata-se de uma bonita prendinha de P\u00e1scoa ou prendinha de Casamento original, e Anivers\u00e1rio.\u00a0 6,5\u00d74\u00d74 cm.<\/p>\n<p>Pode escolher a essencia em separado em: \u00a0<a href=\"https:\/\/divertarte.com\/index.php\/categoria-produto\/essencias-para-gesso-perfumado\/\">https:\/\/divertarte.com\/index.php\/categoria-produto\/essencias-para-gesso-perfumado\/<\/a><\/p>\n","protected":false},"featured_media":21585,"comment_status":"open","ping_status":"closed","template":"","meta":{"_exactmetrics_skip_tracking":false,"_exactmetrics_sitenote_active":false,"_exactmetrics_sitenote_note":"","_exactmetrics_sitenote_category":0},"product_brand":[],"product_cat":[336],"product_tag":[529,1162],"class_list":{"0":"post-21578","1":"product","2":"type-product","3":"status-publish","4":"has-post-thumbnail","6":"product_cat-gesso-perfumado-figuras","7":"product_tag-gesso-perfumado","8":"product_tag-pecas-em-gesso-perfumado","10":"first","11":"instock","12":"taxable","13":"shipping-taxable","14":"purchasable","15":"product-type-variable"},"yoast_head":"<!-- This site is optimized with the Yoast SEO plugin v27.5 - https:\/\/yoast.com\/product\/yoast-seo-wordpress\/ -->\n<title>Coelho 3d em gesso -<\/title>\n<meta name=\"description\" content=\"Coelho 3d em gesso.Pe\u00e7a simples: sem aroma, e sem saquinho. pe\u00e7a semi completa: s\u00f3 com aroma, e pe\u00e7a completa com aroma e saquinho de organza\" \/>\n<meta name=\"robots\" content=\"index, follow, max-snippet:-1, max-image-preview:large, max-video-preview:-1\" \/>\n<link rel=\"canonical\" href=\"https:\/\/divertarte.com\/index.php\/produto\/coelho-3d-em-gesso\/\" \/>\n<meta property=\"og:locale\" content=\"pt_PT\" \/>\n<meta property=\"og:type\" content=\"article\" \/>\n<meta property=\"og:title\" content=\"Coelho 3d em gesso -\" \/>\n<meta property=\"og:description\" content=\"Coelho 3d em gesso.Pe\u00e7a simples: sem aroma, e sem saquinho. pe\u00e7a semi completa: s\u00f3 com aroma, e pe\u00e7a completa com aroma e saquinho de organza\" \/>\n<meta property=\"og:url\" content=\"https:\/\/divertarte.com\/index.php\/produto\/coelho-3d-em-gesso\/\" \/>\n<meta property=\"article:modified_time\" content=\"2025-11-06T13:23:26+00:00\" \/>\n<meta property=\"og:image\" content=\"https:\/\/divertarte.com\/wp-content\/uploads\/2025\/04\/coelho-3d-peca-gesso-perfumado.png\" \/>\n\t<meta property=\"og:image:width\" content=\"260\" \/>\n\t<meta property=\"og:image:height\" content=\"260\" \/>\n\t<meta property=\"og:image:type\" content=\"image\/png\" \/>\n<meta name=\"twitter:card\" content=\"summary_large_image\" \/>\n<meta name=\"twitter:label1\" content=\"Tempo estimado de leitura\" \/>\n\t<meta name=\"twitter:data1\" content=\"1 minuto\" \/>\n<script type=\"application\/ld+json\" class=\"yoast-schema-graph\">{\"@context\":\"https:\\\/\\\/schema.org\",\"@graph\":[{\"@type\":\"WebPage\",\"@id\":\"https:\\\/\\\/divertarte.com\\\/index.php\\\/produto\\\/coelho-3d-em-gesso\\\/\",\"url\":\"https:\\\/\\\/divertarte.com\\\/index.php\\\/produto\\\/coelho-3d-em-gesso\\\/\",\"name\":\"Coelho 3d em gesso -\",\"isPartOf\":{\"@id\":\"https:\\\/\\\/divertarte.com\\\/#website\"},\"primaryImageOfPage\":{\"@id\":\"https:\\\/\\\/divertarte.com\\\/index.php\\\/produto\\\/coelho-3d-em-gesso\\\/#primaryimage\"},\"image\":{\"@id\":\"https:\\\/\\\/divertarte.com\\\/index.php\\\/produto\\\/coelho-3d-em-gesso\\\/#primaryimage\"},\"thumbnailUrl\":\"https:\\\/\\\/divertarte.com\\\/wp-content\\\/uploads\\\/2025\\\/04\\\/coelho-3d-peca-gesso-perfumado.png\",\"datePublished\":\"2025-04-01T16:11:19+00:00\",\"dateModified\":\"2025-11-06T13:23:26+00:00\",\"description\":\"Coelho 3d em gesso.Pe\u00e7a simples: sem aroma, e sem saquinho. pe\u00e7a semi completa: s\u00f3 com aroma, e pe\u00e7a completa com aroma e saquinho de organza\",\"breadcrumb\":{\"@id\":\"https:\\\/\\\/divertarte.com\\\/index.php\\\/produto\\\/coelho-3d-em-gesso\\\/#breadcrumb\"},\"inLanguage\":\"pt-PT\",\"potentialAction\":[{\"@type\":\"ReadAction\",\"target\":[\"https:\\\/\\\/divertarte.com\\\/index.php\\\/produto\\\/coelho-3d-em-gesso\\\/\"]}]},{\"@type\":\"ImageObject\",\"inLanguage\":\"pt-PT\",\"@id\":\"https:\\\/\\\/divertarte.com\\\/index.php\\\/produto\\\/coelho-3d-em-gesso\\\/#primaryimage\",\"url\":\"https:\\\/\\\/divertarte.com\\\/wp-content\\\/uploads\\\/2025\\\/04\\\/coelho-3d-peca-gesso-perfumado.png\",\"contentUrl\":\"https:\\\/\\\/divertarte.com\\\/wp-content\\\/uploads\\\/2025\\\/04\\\/coelho-3d-peca-gesso-perfumado.png\",\"width\":260,\"height\":260},{\"@type\":\"BreadcrumbList\",\"@id\":\"https:\\\/\\\/divertarte.com\\\/index.php\\\/produto\\\/coelho-3d-em-gesso\\\/#breadcrumb\",\"itemListElement\":[{\"@type\":\"ListItem\",\"position\":1,\"name\":\"In\u00edcio\",\"item\":\"https:\\\/\\\/divertarte.com\\\/\"},{\"@type\":\"ListItem\",\"position\":2,\"name\":\"Loja\",\"item\":\"https:\\\/\\\/divertarte.com\\\/index.php\\\/divertarte-produtos\\\/\"},{\"@type\":\"ListItem\",\"position\":3,\"name\":\"Coelho 3d em gesso\"}]},{\"@type\":\"WebSite\",\"@id\":\"https:\\\/\\\/divertarte.com\\\/#website\",\"url\":\"https:\\\/\\\/divertarte.com\\\/\",\"name\":\"Divertarte\",\"description\":\"\",\"publisher\":{\"@id\":\"https:\\\/\\\/divertarte.com\\\/#organization\"},\"potentialAction\":[{\"@type\":\"SearchAction\",\"target\":{\"@type\":\"EntryPoint\",\"urlTemplate\":\"https:\\\/\\\/divertarte.com\\\/?s={search_term_string}\"},\"query-input\":{\"@type\":\"PropertyValueSpecification\",\"valueRequired\":true,\"valueName\":\"search_term_string\"}}],\"inLanguage\":\"pt-PT\"},{\"@type\":\"Organization\",\"@id\":\"https:\\\/\\\/divertarte.com\\\/#organization\",\"name\":\"Divertarte\",\"url\":\"https:\\\/\\\/divertarte.com\\\/\",\"logo\":{\"@type\":\"ImageObject\",\"inLanguage\":\"pt-PT\",\"@id\":\"https:\\\/\\\/divertarte.com\\\/#\\\/schema\\\/logo\\\/image\\\/\",\"url\":\"https:\\\/\\\/divertarte.com\\\/wp-content\\\/uploads\\\/2018\\\/07\\\/logo-div.jpg\",\"contentUrl\":\"https:\\\/\\\/divertarte.com\\\/wp-content\\\/uploads\\\/2018\\\/07\\\/logo-div.jpg\",\"width\":295,\"height\":123,\"caption\":\"Divertarte\"},\"image\":{\"@id\":\"https:\\\/\\\/divertarte.com\\\/#\\\/schema\\\/logo\\\/image\\\/\"}}]}<\/script>\n<!-- \/ Yoast SEO plugin. -->","yoast_head_json":{"title":"Coelho 3d em gesso -","description":"Coelho 3d em gesso.Pe\u00e7a simples: sem aroma, e sem saquinho. pe\u00e7a semi completa: s\u00f3 com aroma, e pe\u00e7a completa com aroma e saquinho de organza","robots":{"index":"index","follow":"follow","max-snippet":"max-snippet:-1","max-image-preview":"max-image-preview:large","max-video-preview":"max-video-preview:-1"},"canonical":"https:\/\/divertarte.com\/index.php\/produto\/coelho-3d-em-gesso\/","og_locale":"pt_PT","og_type":"article","og_title":"Coelho 3d em gesso -","og_description":"Coelho 3d em gesso.Pe\u00e7a simples: sem aroma, e sem saquinho. pe\u00e7a semi completa: s\u00f3 com aroma, e pe\u00e7a completa com aroma e saquinho de organza","og_url":"https:\/\/divertarte.com\/index.php\/produto\/coelho-3d-em-gesso\/","article_modified_time":"2025-11-06T13:23:26+00:00","og_image":[{"width":260,"height":260,"url":"https:\/\/divertarte.com\/wp-content\/uploads\/2025\/04\/coelho-3d-peca-gesso-perfumado.png","type":"image\/png"}],"twitter_card":"summary_large_image","twitter_misc":{"Tempo estimado de leitura":"1 minuto"},"schema":{"@context":"https:\/\/schema.org","@graph":[{"@type":"WebPage","@id":"https:\/\/divertarte.com\/index.php\/produto\/coelho-3d-em-gesso\/","url":"https:\/\/divertarte.com\/index.php\/produto\/coelho-3d-em-gesso\/","name":"Coelho 3d em gesso -","isPartOf":{"@id":"https:\/\/divertarte.com\/#website"},"primaryImageOfPage":{"@id":"https:\/\/divertarte.com\/index.php\/produto\/coelho-3d-em-gesso\/#primaryimage"},"image":{"@id":"https:\/\/divertarte.com\/index.php\/produto\/coelho-3d-em-gesso\/#primaryimage"},"thumbnailUrl":"https:\/\/divertarte.com\/wp-content\/uploads\/2025\/04\/coelho-3d-peca-gesso-perfumado.png","datePublished":"2025-04-01T16:11:19+00:00","dateModified":"2025-11-06T13:23:26+00:00","description":"Coelho 3d em gesso.Pe\u00e7a simples: sem aroma, e sem saquinho. pe\u00e7a semi completa: s\u00f3 com aroma, e pe\u00e7a completa com aroma e saquinho de organza","breadcrumb":{"@id":"https:\/\/divertarte.com\/index.php\/produto\/coelho-3d-em-gesso\/#breadcrumb"},"inLanguage":"pt-PT","potentialAction":[{"@type":"ReadAction","target":["https:\/\/divertarte.com\/index.php\/produto\/coelho-3d-em-gesso\/"]}]},{"@type":"ImageObject","inLanguage":"pt-PT","@id":"https:\/\/divertarte.com\/index.php\/produto\/coelho-3d-em-gesso\/#primaryimage","url":"https:\/\/divertarte.com\/wp-content\/uploads\/2025\/04\/coelho-3d-peca-gesso-perfumado.png","contentUrl":"https:\/\/divertarte.com\/wp-content\/uploads\/2025\/04\/coelho-3d-peca-gesso-perfumado.png","width":260,"height":260},{"@type":"BreadcrumbList","@id":"https:\/\/divertarte.com\/index.php\/produto\/coelho-3d-em-gesso\/#breadcrumb","itemListElement":[{"@type":"ListItem","position":1,"name":"In\u00edcio","item":"https:\/\/divertarte.com\/"},{"@type":"ListItem","position":2,"name":"Loja","item":"https:\/\/divertarte.com\/index.php\/divertarte-produtos\/"},{"@type":"ListItem","position":3,"name":"Coelho 3d em gesso"}]},{"@type":"WebSite","@id":"https:\/\/divertarte.com\/#website","url":"https:\/\/divertarte.com\/","name":"Divertarte","description":"","publisher":{"@id":"https:\/\/divertarte.com\/#organization"},"potentialAction":[{"@type":"SearchAction","target":{"@type":"EntryPoint","urlTemplate":"https:\/\/divertarte.com\/?s={search_term_string}"},"query-input":{"@type":"PropertyValueSpecification","valueRequired":true,"valueName":"search_term_string"}}],"inLanguage":"pt-PT"},{"@type":"Organization","@id":"https:\/\/divertarte.com\/#organization","name":"Divertarte","url":"https:\/\/divertarte.com\/","logo":{"@type":"ImageObject","inLanguage":"pt-PT","@id":"https:\/\/divertarte.com\/#\/schema\/logo\/image\/","url":"https:\/\/divertarte.com\/wp-content\/uploads\/2018\/07\/logo-div.jpg","contentUrl":"https:\/\/divertarte.com\/wp-content\/uploads\/2018\/07\/logo-div.jpg","width":295,"height":123,"caption":"Divertarte"},"image":{"@id":"https:\/\/divertarte.com\/#\/schema\/logo\/image\/"}}]}},"_links":{"self":[{"href":"https:\/\/divertarte.com\/index.php\/wp-json\/wp\/v2\/product\/21578","targetHints":{"allow":["GET"]}}],"collection":[{"href":"https:\/\/divertarte.com\/index.php\/wp-json\/wp\/v2\/product"}],"about":[{"href":"https:\/\/divertarte.com\/index.php\/wp-json\/wp\/v2\/types\/product"}],"replies":[{"embeddable":true,"href":"https:\/\/divertarte.com\/index.php\/wp-json\/wp\/v2\/comments?post=21578"}],"wp:featuredmedia":[{"embeddable":true,"href":"https:\/\/divertarte.com\/index.php\/wp-json\/wp\/v2\/media\/21585"}],"wp:attachment":[{"href":"https:\/\/divertarte.com\/index.php\/wp-json\/wp\/v2\/media?parent=21578"}],"wp:term":[{"taxonomy":"product_brand","embeddable":true,"href":"https:\/\/divertarte.com\/index.php\/wp-json\/wp\/v2\/product_brand?post=21578"},{"taxonomy":"product_cat","embeddable":true,"href":"https:\/\/divertarte.com\/index.php\/wp-json\/wp\/v2\/product_cat?post=21578"},{"taxonomy":"product_tag","embeddable":true,"href":"https:\/\/divertarte.com\/index.php\/wp-json\/wp\/v2\/product_tag?post=21578"}],"curies":[{"name":"wp","href":"https:\/\/api.w.org\/{rel}","templated":true}]}}