{"id":20998,"date":"2024-11-20T18:48:24","date_gmt":"2024-11-20T18:48:24","guid":{"rendered":"https:\/\/divertarte.com\/?post_type=product&#038;p=20998"},"modified":"2026-03-26T10:21:07","modified_gmt":"2026-03-26T10:21:07","slug":"cera-de-soja-em-po","status":"publish","type":"product","link":"https:\/\/divertarte.com\/index.php\/produto\/cera-de-soja-em-po\/","title":{"rendered":"Cera de Soja em p\u00f3"},"content":{"rendered":"<p>Cera de Soja em p\u00f3. Parafina de Soja 800gr<\/p>\n<p>Feita a partir de \u00f3leo de soja (100%) por um processo chamado de hidrogena\u00e7\u00e3o. Alem disso a\u00a0vela de cera de soja \u00e9 de origem vegetal e n\u00e3o produz subst\u00e2ncias cancer\u00edgenas em queimados.<\/p>\n<p>Utiliza-se em velas de massagem, pois O \u00f3leo resultante da\u00a0 sua queima pode ser utilizado imediatamente, a sua temperatura \u00e9 de apenas alguns graus acima da temperatura corporal.<br \/>\nPortanto as velas de soja devem ser colocadas em recipientes: copos, tea-ligts, latinhas.<\/p>\n<p>Em p\u00f3, com uma cor branca a amarelo p\u00e1lido e aroma quase impercept\u00edvel.<\/p>\n<p>\u00c9 normalmente usada em em velas decorativas ou de massagem. \u00c9 um excelente difusor de aromas, podendo ser combinada com fragr\u00e2ncias ou \u00f3leos essenciais. A cera de soja tem um ponto de fus\u00e3o mais baixo do que a parafina<\/p>\n<p>As velas de soja feitas com \u00f3leos essenciais s\u00e3o um excelente meio para difundir esses \u00f3leos para a atmosfera de uma forma mais \u201climpa\u201d (a cera de soja n\u00e3o produz fuligem, nem fumo).<\/p>\n<p>O facto de se apresentar em p\u00f3 facilita a sua dosagem e manipula\u00e7\u00e3o. Al\u00e9m disso pode adicionar diferentes ceras, incluindo cera de abelha, parafina, cera de palma, estearina.<\/p>\n","protected":false},"excerpt":{"rendered":"<p>Cera de Soja em p\u00f3. Parafina de Soja 800gr<\/p>\n<p>Feita a partir de \u00f3leo de soja (100%) por um processo chamado de hidrogena\u00e7\u00e3o. Alem disso a\u00a0vela de cera de soja \u00e9 de origem vegetal e n\u00e3o produz subst\u00e2ncias cancer\u00edgenas em queimados.<\/p>\n<p>Utiliza-se em velas de massagem, pois O \u00f3leo resultante da\u00a0 sua queima pode ser utilizado imediatamente, a sua temperatura \u00e9 de apenas alguns graus acima da temperatura corporal.<br \/>\nPortanto as velas de soja devem ser colocadas em recipientes: copos, tea-ligts, latinhas.<\/p>\n<p>Em p\u00f3, com uma cor branca a amarelo p\u00e1lido e aroma quase impercept\u00edvel.<\/p>\n<p>\u00c9 normalmente usada em em velas decorativas ou de massagem. \u00c9 um excelente difusor de aromas, podendo ser combinada com fragr\u00e2ncias ou \u00f3leos essenciais. A cera de soja tem um ponto de fus\u00e3o mais baixo do que a parafina<\/p>\n<p>As velas de soja feitas com \u00f3leos essenciais s\u00e3o um excelente meio para difundir esses \u00f3leos para a atmosfera de uma forma mais \u201climpa\u201d (a cera de soja n\u00e3o produz fuligem, nem fumo).<\/p>\n<p>O facto de se apresentar em p\u00f3 facilita a sua dosagem e manipula\u00e7\u00e3o. Al\u00e9m disso pode adicionar diferentes ceras, incluindo cera de abelha, parafina, cera de palma, estearina.<\/p>\n","protected":false},"featured_media":20999,"comment_status":"open","ping_status":"closed","template":"","meta":{"_exactmetrics_skip_tracking":false,"_exactmetrics_sitenote_active":false,"_exactmetrics_sitenote_note":"","_exactmetrics_sitenote_category":0},"product_brand":[],"product_cat":[269,25],"product_tag":[1145,1428],"class_list":{"0":"post-20998","1":"product","2":"type-product","3":"status-publish","4":"has-post-thumbnail","6":"product_cat-parafina-para-velas-e-ceras","7":"product_cat-ceras","8":"product_tag-cera-de-soja","9":"product_tag-cera-de-soja-em-po","11":"first","12":"instock","13":"taxable","14":"shipping-taxable","15":"purchasable","16":"product-type-simple"},"yoast_head":"<!-- This site is optimized with the Yoast SEO plugin v27.4 - https:\/\/yoast.com\/product\/yoast-seo-wordpress\/ -->\n<title>Cera de Soja em p\u00f3 -<\/title>\n<meta name=\"description\" content=\"Cera de Soja em p\u00f3. Parafina de Soja 800gr. A\u00a0vela de cera de soja \u00e9 de origem vegetal e n\u00e3o produz subst\u00e2ncias cancer\u00edgenas em queimados.\" \/>\n<meta name=\"robots\" content=\"index, follow, max-snippet:-1, max-image-preview:large, max-video-preview:-1\" \/>\n<link rel=\"canonical\" href=\"https:\/\/divertarte.com\/index.php\/produto\/cera-de-soja-em-po\/\" \/>\n<meta property=\"og:locale\" content=\"pt_PT\" \/>\n<meta property=\"og:type\" content=\"article\" \/>\n<meta property=\"og:title\" content=\"Cera de Soja em p\u00f3 -\" \/>\n<meta property=\"og:description\" content=\"Cera de Soja em p\u00f3. Parafina de Soja 800gr. A\u00a0vela de cera de soja \u00e9 de origem vegetal e n\u00e3o produz subst\u00e2ncias cancer\u00edgenas em queimados.\" \/>\n<meta property=\"og:url\" content=\"https:\/\/divertarte.com\/index.php\/produto\/cera-de-soja-em-po\/\" \/>\n<meta property=\"article:modified_time\" content=\"2026-03-26T10:21:07+00:00\" \/>\n<meta property=\"og:image\" content=\"https:\/\/divertarte.com\/wp-content\/uploads\/2024\/11\/cera-de-soja-em-po.jpg\" \/>\n\t<meta property=\"og:image:width\" content=\"300\" \/>\n\t<meta property=\"og:image:height\" content=\"300\" \/>\n\t<meta property=\"og:image:type\" content=\"image\/jpeg\" \/>\n<meta name=\"twitter:card\" content=\"summary_large_image\" \/>\n<meta name=\"twitter:label1\" content=\"Tempo estimado de leitura\" \/>\n\t<meta name=\"twitter:data1\" content=\"1 minuto\" \/>\n<script type=\"application\/ld+json\" class=\"yoast-schema-graph\">{\"@context\":\"https:\\\/\\\/schema.org\",\"@graph\":[{\"@type\":\"WebPage\",\"@id\":\"https:\\\/\\\/divertarte.com\\\/index.php\\\/produto\\\/cera-de-soja-em-po\\\/\",\"url\":\"https:\\\/\\\/divertarte.com\\\/index.php\\\/produto\\\/cera-de-soja-em-po\\\/\",\"name\":\"Cera de Soja em p\u00f3 -\",\"isPartOf\":{\"@id\":\"https:\\\/\\\/divertarte.com\\\/#website\"},\"primaryImageOfPage\":{\"@id\":\"https:\\\/\\\/divertarte.com\\\/index.php\\\/produto\\\/cera-de-soja-em-po\\\/#primaryimage\"},\"image\":{\"@id\":\"https:\\\/\\\/divertarte.com\\\/index.php\\\/produto\\\/cera-de-soja-em-po\\\/#primaryimage\"},\"thumbnailUrl\":\"https:\\\/\\\/divertarte.com\\\/wp-content\\\/uploads\\\/2024\\\/11\\\/cera-de-soja-em-po.jpg\",\"datePublished\":\"2024-11-20T18:48:24+00:00\",\"dateModified\":\"2026-03-26T10:21:07+00:00\",\"description\":\"Cera de Soja em p\u00f3. Parafina de Soja 800gr. A\u00a0vela de cera de soja \u00e9 de origem vegetal e n\u00e3o produz subst\u00e2ncias cancer\u00edgenas em queimados.\",\"breadcrumb\":{\"@id\":\"https:\\\/\\\/divertarte.com\\\/index.php\\\/produto\\\/cera-de-soja-em-po\\\/#breadcrumb\"},\"inLanguage\":\"pt-PT\",\"potentialAction\":[{\"@type\":\"ReadAction\",\"target\":[\"https:\\\/\\\/divertarte.com\\\/index.php\\\/produto\\\/cera-de-soja-em-po\\\/\"]}]},{\"@type\":\"ImageObject\",\"inLanguage\":\"pt-PT\",\"@id\":\"https:\\\/\\\/divertarte.com\\\/index.php\\\/produto\\\/cera-de-soja-em-po\\\/#primaryimage\",\"url\":\"https:\\\/\\\/divertarte.com\\\/wp-content\\\/uploads\\\/2024\\\/11\\\/cera-de-soja-em-po.jpg\",\"contentUrl\":\"https:\\\/\\\/divertarte.com\\\/wp-content\\\/uploads\\\/2024\\\/11\\\/cera-de-soja-em-po.jpg\",\"width\":300,\"height\":300},{\"@type\":\"BreadcrumbList\",\"@id\":\"https:\\\/\\\/divertarte.com\\\/index.php\\\/produto\\\/cera-de-soja-em-po\\\/#breadcrumb\",\"itemListElement\":[{\"@type\":\"ListItem\",\"position\":1,\"name\":\"In\u00edcio\",\"item\":\"https:\\\/\\\/divertarte.com\\\/\"},{\"@type\":\"ListItem\",\"position\":2,\"name\":\"Loja\",\"item\":\"https:\\\/\\\/divertarte.com\\\/index.php\\\/divertarte-produtos\\\/\"},{\"@type\":\"ListItem\",\"position\":3,\"name\":\"Cera de Soja em p\u00f3\"}]},{\"@type\":\"WebSite\",\"@id\":\"https:\\\/\\\/divertarte.com\\\/#website\",\"url\":\"https:\\\/\\\/divertarte.com\\\/\",\"name\":\"Divertarte\",\"description\":\"\",\"publisher\":{\"@id\":\"https:\\\/\\\/divertarte.com\\\/#organization\"},\"potentialAction\":[{\"@type\":\"SearchAction\",\"target\":{\"@type\":\"EntryPoint\",\"urlTemplate\":\"https:\\\/\\\/divertarte.com\\\/?s={search_term_string}\"},\"query-input\":{\"@type\":\"PropertyValueSpecification\",\"valueRequired\":true,\"valueName\":\"search_term_string\"}}],\"inLanguage\":\"pt-PT\"},{\"@type\":\"Organization\",\"@id\":\"https:\\\/\\\/divertarte.com\\\/#organization\",\"name\":\"Divertarte\",\"url\":\"https:\\\/\\\/divertarte.com\\\/\",\"logo\":{\"@type\":\"ImageObject\",\"inLanguage\":\"pt-PT\",\"@id\":\"https:\\\/\\\/divertarte.com\\\/#\\\/schema\\\/logo\\\/image\\\/\",\"url\":\"https:\\\/\\\/divertarte.com\\\/wp-content\\\/uploads\\\/2018\\\/07\\\/logo-div.jpg\",\"contentUrl\":\"https:\\\/\\\/divertarte.com\\\/wp-content\\\/uploads\\\/2018\\\/07\\\/logo-div.jpg\",\"width\":295,\"height\":123,\"caption\":\"Divertarte\"},\"image\":{\"@id\":\"https:\\\/\\\/divertarte.com\\\/#\\\/schema\\\/logo\\\/image\\\/\"}}]}<\/script>\n<!-- \/ Yoast SEO plugin. -->","yoast_head_json":{"title":"Cera de Soja em p\u00f3 -","description":"Cera de Soja em p\u00f3. Parafina de Soja 800gr. A\u00a0vela de cera de soja \u00e9 de origem vegetal e n\u00e3o produz subst\u00e2ncias cancer\u00edgenas em queimados.","robots":{"index":"index","follow":"follow","max-snippet":"max-snippet:-1","max-image-preview":"max-image-preview:large","max-video-preview":"max-video-preview:-1"},"canonical":"https:\/\/divertarte.com\/index.php\/produto\/cera-de-soja-em-po\/","og_locale":"pt_PT","og_type":"article","og_title":"Cera de Soja em p\u00f3 -","og_description":"Cera de Soja em p\u00f3. Parafina de Soja 800gr. A\u00a0vela de cera de soja \u00e9 de origem vegetal e n\u00e3o produz subst\u00e2ncias cancer\u00edgenas em queimados.","og_url":"https:\/\/divertarte.com\/index.php\/produto\/cera-de-soja-em-po\/","article_modified_time":"2026-03-26T10:21:07+00:00","og_image":[{"width":300,"height":300,"url":"https:\/\/divertarte.com\/wp-content\/uploads\/2024\/11\/cera-de-soja-em-po.jpg","type":"image\/jpeg"}],"twitter_card":"summary_large_image","twitter_misc":{"Tempo estimado de leitura":"1 minuto"},"schema":{"@context":"https:\/\/schema.org","@graph":[{"@type":"WebPage","@id":"https:\/\/divertarte.com\/index.php\/produto\/cera-de-soja-em-po\/","url":"https:\/\/divertarte.com\/index.php\/produto\/cera-de-soja-em-po\/","name":"Cera de Soja em p\u00f3 -","isPartOf":{"@id":"https:\/\/divertarte.com\/#website"},"primaryImageOfPage":{"@id":"https:\/\/divertarte.com\/index.php\/produto\/cera-de-soja-em-po\/#primaryimage"},"image":{"@id":"https:\/\/divertarte.com\/index.php\/produto\/cera-de-soja-em-po\/#primaryimage"},"thumbnailUrl":"https:\/\/divertarte.com\/wp-content\/uploads\/2024\/11\/cera-de-soja-em-po.jpg","datePublished":"2024-11-20T18:48:24+00:00","dateModified":"2026-03-26T10:21:07+00:00","description":"Cera de Soja em p\u00f3. Parafina de Soja 800gr. A\u00a0vela de cera de soja \u00e9 de origem vegetal e n\u00e3o produz subst\u00e2ncias cancer\u00edgenas em queimados.","breadcrumb":{"@id":"https:\/\/divertarte.com\/index.php\/produto\/cera-de-soja-em-po\/#breadcrumb"},"inLanguage":"pt-PT","potentialAction":[{"@type":"ReadAction","target":["https:\/\/divertarte.com\/index.php\/produto\/cera-de-soja-em-po\/"]}]},{"@type":"ImageObject","inLanguage":"pt-PT","@id":"https:\/\/divertarte.com\/index.php\/produto\/cera-de-soja-em-po\/#primaryimage","url":"https:\/\/divertarte.com\/wp-content\/uploads\/2024\/11\/cera-de-soja-em-po.jpg","contentUrl":"https:\/\/divertarte.com\/wp-content\/uploads\/2024\/11\/cera-de-soja-em-po.jpg","width":300,"height":300},{"@type":"BreadcrumbList","@id":"https:\/\/divertarte.com\/index.php\/produto\/cera-de-soja-em-po\/#breadcrumb","itemListElement":[{"@type":"ListItem","position":1,"name":"In\u00edcio","item":"https:\/\/divertarte.com\/"},{"@type":"ListItem","position":2,"name":"Loja","item":"https:\/\/divertarte.com\/index.php\/divertarte-produtos\/"},{"@type":"ListItem","position":3,"name":"Cera de Soja em p\u00f3"}]},{"@type":"WebSite","@id":"https:\/\/divertarte.com\/#website","url":"https:\/\/divertarte.com\/","name":"Divertarte","description":"","publisher":{"@id":"https:\/\/divertarte.com\/#organization"},"potentialAction":[{"@type":"SearchAction","target":{"@type":"EntryPoint","urlTemplate":"https:\/\/divertarte.com\/?s={search_term_string}"},"query-input":{"@type":"PropertyValueSpecification","valueRequired":true,"valueName":"search_term_string"}}],"inLanguage":"pt-PT"},{"@type":"Organization","@id":"https:\/\/divertarte.com\/#organization","name":"Divertarte","url":"https:\/\/divertarte.com\/","logo":{"@type":"ImageObject","inLanguage":"pt-PT","@id":"https:\/\/divertarte.com\/#\/schema\/logo\/image\/","url":"https:\/\/divertarte.com\/wp-content\/uploads\/2018\/07\/logo-div.jpg","contentUrl":"https:\/\/divertarte.com\/wp-content\/uploads\/2018\/07\/logo-div.jpg","width":295,"height":123,"caption":"Divertarte"},"image":{"@id":"https:\/\/divertarte.com\/#\/schema\/logo\/image\/"}}]}},"_links":{"self":[{"href":"https:\/\/divertarte.com\/index.php\/wp-json\/wp\/v2\/product\/20998","targetHints":{"allow":["GET"]}}],"collection":[{"href":"https:\/\/divertarte.com\/index.php\/wp-json\/wp\/v2\/product"}],"about":[{"href":"https:\/\/divertarte.com\/index.php\/wp-json\/wp\/v2\/types\/product"}],"replies":[{"embeddable":true,"href":"https:\/\/divertarte.com\/index.php\/wp-json\/wp\/v2\/comments?post=20998"}],"wp:featuredmedia":[{"embeddable":true,"href":"https:\/\/divertarte.com\/index.php\/wp-json\/wp\/v2\/media\/20999"}],"wp:attachment":[{"href":"https:\/\/divertarte.com\/index.php\/wp-json\/wp\/v2\/media?parent=20998"}],"wp:term":[{"taxonomy":"product_brand","embeddable":true,"href":"https:\/\/divertarte.com\/index.php\/wp-json\/wp\/v2\/product_brand?post=20998"},{"taxonomy":"product_cat","embeddable":true,"href":"https:\/\/divertarte.com\/index.php\/wp-json\/wp\/v2\/product_cat?post=20998"},{"taxonomy":"product_tag","embeddable":true,"href":"https:\/\/divertarte.com\/index.php\/wp-json\/wp\/v2\/product_tag?post=20998"}],"curies":[{"name":"wp","href":"https:\/\/api.w.org\/{rel}","templated":true}]}}