{"id":20765,"date":"2024-09-04T16:00:20","date_gmt":"2024-09-04T15:00:20","guid":{"rendered":"https:\/\/divertarte.com\/?post_type=product&#038;p=20765"},"modified":"2025-11-06T13:23:31","modified_gmt":"2025-11-06T13:23:31","slug":"oval-com-rosa-em-gesso-perfumado","status":"publish","type":"product","link":"https:\/\/divertarte.com\/index.php\/produto\/oval-com-rosa-em-gesso-perfumado\/","title":{"rendered":"Oval com rosa em gesso perfumado"},"content":{"rendered":"<p>Oval com rosa em gesso perfumado branco\u00a0com fragr\u00e2ncia de Flores Frescas, embalado em saquinho de organza, al\u00e9m disso leva uma fita de cetim, que serve para pendurar em qualquer lugar da casa que deseje perfumar.<\/p>\n<p>portanto trata-se de uma prendinha de casamento 8&#215;6,5&#215;1 cm.<\/p>\n<p>Quando perceber que o gesso est\u00e1 a perder parte de seu aroma, basta borrif\u00e1-lo com essencia para gesso perfumado.<\/p>\n<p><a href=\"https:\/\/divertarte.com\/index.php\/categoria-produto\/essencias-para-gesso-perfumado\/\">https:\/\/divertarte.com\/index.php\/categoria-produto\/essencias-para-gesso-perfumado\/<\/a><\/p>\n<p>Pode escolher<\/p>\n<p>Pe\u00e7a completa (com aroma, com fita e com saquinho)<\/p>\n<p>Pe\u00e7a simples (sem aroma, sem fita e sem saquinho)<\/p>\n<p>50 pe\u00e7as simples melhor pre\u00e7o (5 dias \u00fateis)<\/p>\n","protected":false},"excerpt":{"rendered":"<p>Oval com rosa em gesso perfumado branco\u00a0com fragr\u00e2ncia de Flores Frescas, embalado em saquinho de organza, al\u00e9m disso leva uma fita de cetim, que serve para pendurar em qualquer lugar da casa que deseje perfumar.<\/p>\n<p>portanto trata-se de uma prendinha de casamento 8&#215;6,5&#215;1 cm.<\/p>\n<p>Quando perceber que o gesso est\u00e1 a perder parte de seu aroma, basta borrif\u00e1-lo com essencia para gesso perfumado.<\/p>\n<p><a href=\"https:\/\/divertarte.com\/index.php\/categoria-produto\/essencias-para-gesso-perfumado\/\">https:\/\/divertarte.com\/index.php\/categoria-produto\/essencias-para-gesso-perfumado\/<\/a><\/p>\n<p>Pode escolher<\/p>\n<p>Pe\u00e7a completa (com aroma, com fita e com saquinho)<\/p>\n<p>Pe\u00e7a simples (sem aroma, sem fita e sem saquinho)<\/p>\n<p>50 pe\u00e7as simples melhor pre\u00e7o (5 dias \u00fateis)<\/p>\n","protected":false},"featured_media":20766,"comment_status":"open","ping_status":"closed","template":"","meta":{"_exactmetrics_skip_tracking":false,"_exactmetrics_sitenote_active":false,"_exactmetrics_sitenote_note":"","_exactmetrics_sitenote_category":0},"product_brand":[],"product_cat":[323,249,1157,286,336,487,856],"product_tag":[],"class_list":{"0":"post-20765","1":"product","2":"type-product","3":"status-publish","4":"has-post-thumbnail","6":"product_cat-brindes-aniversario","7":"product_cat-brindes-casamento","8":"product_cat-ceramica-perfumada","9":"product_cat-dia-dos-namorados-s-valentim","10":"product_cat-gesso-perfumado-figuras","11":"product_cat-pecas-em-gesso","12":"product_cat-prendas-dia-da-mae","14":"first","15":"instock","16":"taxable","17":"shipping-taxable","18":"purchasable","19":"product-type-variable"},"yoast_head":"<!-- This site is optimized with the Yoast SEO plugin v27.4 - https:\/\/yoast.com\/product\/yoast-seo-wordpress\/ -->\n<title>Oval com rosa em gesso perfumado -<\/title>\n<meta name=\"description\" content=\"Oval com rosa em gesso perfumado branco trata-se de uma prendinha de casamento, prendinha de anovers\u00e1rio, dia da m\u00e3e 8x5,5x1 cm.\" \/>\n<meta name=\"robots\" content=\"index, follow, max-snippet:-1, max-image-preview:large, max-video-preview:-1\" \/>\n<link rel=\"canonical\" href=\"https:\/\/divertarte.com\/index.php\/produto\/oval-com-rosa-em-gesso-perfumado\/\" \/>\n<meta property=\"og:locale\" content=\"pt_PT\" \/>\n<meta property=\"og:type\" content=\"article\" \/>\n<meta property=\"og:title\" content=\"Oval com rosa em gesso perfumado -\" \/>\n<meta property=\"og:description\" content=\"Oval com rosa em gesso perfumado branco trata-se de uma prendinha de casamento, prendinha de anovers\u00e1rio, dia da m\u00e3e 8x5,5x1 cm.\" \/>\n<meta property=\"og:url\" content=\"https:\/\/divertarte.com\/index.php\/produto\/oval-com-rosa-em-gesso-perfumado\/\" \/>\n<meta property=\"article:modified_time\" content=\"2025-11-06T13:23:31+00:00\" \/>\n<meta property=\"og:image\" content=\"https:\/\/divertarte.com\/wp-content\/uploads\/2024\/09\/oval-com-rosa.jpg\" \/>\n\t<meta property=\"og:image:width\" content=\"300\" \/>\n\t<meta property=\"og:image:height\" content=\"300\" \/>\n\t<meta property=\"og:image:type\" content=\"image\/jpeg\" \/>\n<meta name=\"twitter:card\" content=\"summary_large_image\" \/>\n<meta name=\"twitter:label1\" content=\"Tempo estimado de leitura\" \/>\n\t<meta name=\"twitter:data1\" content=\"1 minuto\" \/>\n<script type=\"application\/ld+json\" class=\"yoast-schema-graph\">{\"@context\":\"https:\\\/\\\/schema.org\",\"@graph\":[{\"@type\":\"WebPage\",\"@id\":\"https:\\\/\\\/divertarte.com\\\/index.php\\\/produto\\\/oval-com-rosa-em-gesso-perfumado\\\/\",\"url\":\"https:\\\/\\\/divertarte.com\\\/index.php\\\/produto\\\/oval-com-rosa-em-gesso-perfumado\\\/\",\"name\":\"Oval com rosa em gesso perfumado -\",\"isPartOf\":{\"@id\":\"https:\\\/\\\/divertarte.com\\\/#website\"},\"primaryImageOfPage\":{\"@id\":\"https:\\\/\\\/divertarte.com\\\/index.php\\\/produto\\\/oval-com-rosa-em-gesso-perfumado\\\/#primaryimage\"},\"image\":{\"@id\":\"https:\\\/\\\/divertarte.com\\\/index.php\\\/produto\\\/oval-com-rosa-em-gesso-perfumado\\\/#primaryimage\"},\"thumbnailUrl\":\"https:\\\/\\\/divertarte.com\\\/wp-content\\\/uploads\\\/2024\\\/09\\\/oval-com-rosa.jpg\",\"datePublished\":\"2024-09-04T15:00:20+00:00\",\"dateModified\":\"2025-11-06T13:23:31+00:00\",\"description\":\"Oval com rosa em gesso perfumado branco trata-se de uma prendinha de casamento, prendinha de anovers\u00e1rio, dia da m\u00e3e 8x5,5x1 cm.\",\"breadcrumb\":{\"@id\":\"https:\\\/\\\/divertarte.com\\\/index.php\\\/produto\\\/oval-com-rosa-em-gesso-perfumado\\\/#breadcrumb\"},\"inLanguage\":\"pt-PT\",\"potentialAction\":[{\"@type\":\"ReadAction\",\"target\":[\"https:\\\/\\\/divertarte.com\\\/index.php\\\/produto\\\/oval-com-rosa-em-gesso-perfumado\\\/\"]}]},{\"@type\":\"ImageObject\",\"inLanguage\":\"pt-PT\",\"@id\":\"https:\\\/\\\/divertarte.com\\\/index.php\\\/produto\\\/oval-com-rosa-em-gesso-perfumado\\\/#primaryimage\",\"url\":\"https:\\\/\\\/divertarte.com\\\/wp-content\\\/uploads\\\/2024\\\/09\\\/oval-com-rosa.jpg\",\"contentUrl\":\"https:\\\/\\\/divertarte.com\\\/wp-content\\\/uploads\\\/2024\\\/09\\\/oval-com-rosa.jpg\",\"width\":300,\"height\":300},{\"@type\":\"BreadcrumbList\",\"@id\":\"https:\\\/\\\/divertarte.com\\\/index.php\\\/produto\\\/oval-com-rosa-em-gesso-perfumado\\\/#breadcrumb\",\"itemListElement\":[{\"@type\":\"ListItem\",\"position\":1,\"name\":\"In\u00edcio\",\"item\":\"https:\\\/\\\/divertarte.com\\\/\"},{\"@type\":\"ListItem\",\"position\":2,\"name\":\"Loja\",\"item\":\"https:\\\/\\\/divertarte.com\\\/index.php\\\/divertarte-produtos\\\/\"},{\"@type\":\"ListItem\",\"position\":3,\"name\":\"Oval com rosa em gesso perfumado\"}]},{\"@type\":\"WebSite\",\"@id\":\"https:\\\/\\\/divertarte.com\\\/#website\",\"url\":\"https:\\\/\\\/divertarte.com\\\/\",\"name\":\"Divertarte\",\"description\":\"\",\"publisher\":{\"@id\":\"https:\\\/\\\/divertarte.com\\\/#organization\"},\"potentialAction\":[{\"@type\":\"SearchAction\",\"target\":{\"@type\":\"EntryPoint\",\"urlTemplate\":\"https:\\\/\\\/divertarte.com\\\/?s={search_term_string}\"},\"query-input\":{\"@type\":\"PropertyValueSpecification\",\"valueRequired\":true,\"valueName\":\"search_term_string\"}}],\"inLanguage\":\"pt-PT\"},{\"@type\":\"Organization\",\"@id\":\"https:\\\/\\\/divertarte.com\\\/#organization\",\"name\":\"Divertarte\",\"url\":\"https:\\\/\\\/divertarte.com\\\/\",\"logo\":{\"@type\":\"ImageObject\",\"inLanguage\":\"pt-PT\",\"@id\":\"https:\\\/\\\/divertarte.com\\\/#\\\/schema\\\/logo\\\/image\\\/\",\"url\":\"https:\\\/\\\/divertarte.com\\\/wp-content\\\/uploads\\\/2018\\\/07\\\/logo-div.jpg\",\"contentUrl\":\"https:\\\/\\\/divertarte.com\\\/wp-content\\\/uploads\\\/2018\\\/07\\\/logo-div.jpg\",\"width\":295,\"height\":123,\"caption\":\"Divertarte\"},\"image\":{\"@id\":\"https:\\\/\\\/divertarte.com\\\/#\\\/schema\\\/logo\\\/image\\\/\"}}]}<\/script>\n<!-- \/ Yoast SEO plugin. -->","yoast_head_json":{"title":"Oval com rosa em gesso perfumado -","description":"Oval com rosa em gesso perfumado branco trata-se de uma prendinha de casamento, prendinha de anovers\u00e1rio, dia da m\u00e3e 8x5,5x1 cm.","robots":{"index":"index","follow":"follow","max-snippet":"max-snippet:-1","max-image-preview":"max-image-preview:large","max-video-preview":"max-video-preview:-1"},"canonical":"https:\/\/divertarte.com\/index.php\/produto\/oval-com-rosa-em-gesso-perfumado\/","og_locale":"pt_PT","og_type":"article","og_title":"Oval com rosa em gesso perfumado -","og_description":"Oval com rosa em gesso perfumado branco trata-se de uma prendinha de casamento, prendinha de anovers\u00e1rio, dia da m\u00e3e 8x5,5x1 cm.","og_url":"https:\/\/divertarte.com\/index.php\/produto\/oval-com-rosa-em-gesso-perfumado\/","article_modified_time":"2025-11-06T13:23:31+00:00","og_image":[{"width":300,"height":300,"url":"https:\/\/divertarte.com\/wp-content\/uploads\/2024\/09\/oval-com-rosa.jpg","type":"image\/jpeg"}],"twitter_card":"summary_large_image","twitter_misc":{"Tempo estimado de leitura":"1 minuto"},"schema":{"@context":"https:\/\/schema.org","@graph":[{"@type":"WebPage","@id":"https:\/\/divertarte.com\/index.php\/produto\/oval-com-rosa-em-gesso-perfumado\/","url":"https:\/\/divertarte.com\/index.php\/produto\/oval-com-rosa-em-gesso-perfumado\/","name":"Oval com rosa em gesso perfumado -","isPartOf":{"@id":"https:\/\/divertarte.com\/#website"},"primaryImageOfPage":{"@id":"https:\/\/divertarte.com\/index.php\/produto\/oval-com-rosa-em-gesso-perfumado\/#primaryimage"},"image":{"@id":"https:\/\/divertarte.com\/index.php\/produto\/oval-com-rosa-em-gesso-perfumado\/#primaryimage"},"thumbnailUrl":"https:\/\/divertarte.com\/wp-content\/uploads\/2024\/09\/oval-com-rosa.jpg","datePublished":"2024-09-04T15:00:20+00:00","dateModified":"2025-11-06T13:23:31+00:00","description":"Oval com rosa em gesso perfumado branco trata-se de uma prendinha de casamento, prendinha de anovers\u00e1rio, dia da m\u00e3e 8x5,5x1 cm.","breadcrumb":{"@id":"https:\/\/divertarte.com\/index.php\/produto\/oval-com-rosa-em-gesso-perfumado\/#breadcrumb"},"inLanguage":"pt-PT","potentialAction":[{"@type":"ReadAction","target":["https:\/\/divertarte.com\/index.php\/produto\/oval-com-rosa-em-gesso-perfumado\/"]}]},{"@type":"ImageObject","inLanguage":"pt-PT","@id":"https:\/\/divertarte.com\/index.php\/produto\/oval-com-rosa-em-gesso-perfumado\/#primaryimage","url":"https:\/\/divertarte.com\/wp-content\/uploads\/2024\/09\/oval-com-rosa.jpg","contentUrl":"https:\/\/divertarte.com\/wp-content\/uploads\/2024\/09\/oval-com-rosa.jpg","width":300,"height":300},{"@type":"BreadcrumbList","@id":"https:\/\/divertarte.com\/index.php\/produto\/oval-com-rosa-em-gesso-perfumado\/#breadcrumb","itemListElement":[{"@type":"ListItem","position":1,"name":"In\u00edcio","item":"https:\/\/divertarte.com\/"},{"@type":"ListItem","position":2,"name":"Loja","item":"https:\/\/divertarte.com\/index.php\/divertarte-produtos\/"},{"@type":"ListItem","position":3,"name":"Oval com rosa em gesso perfumado"}]},{"@type":"WebSite","@id":"https:\/\/divertarte.com\/#website","url":"https:\/\/divertarte.com\/","name":"Divertarte","description":"","publisher":{"@id":"https:\/\/divertarte.com\/#organization"},"potentialAction":[{"@type":"SearchAction","target":{"@type":"EntryPoint","urlTemplate":"https:\/\/divertarte.com\/?s={search_term_string}"},"query-input":{"@type":"PropertyValueSpecification","valueRequired":true,"valueName":"search_term_string"}}],"inLanguage":"pt-PT"},{"@type":"Organization","@id":"https:\/\/divertarte.com\/#organization","name":"Divertarte","url":"https:\/\/divertarte.com\/","logo":{"@type":"ImageObject","inLanguage":"pt-PT","@id":"https:\/\/divertarte.com\/#\/schema\/logo\/image\/","url":"https:\/\/divertarte.com\/wp-content\/uploads\/2018\/07\/logo-div.jpg","contentUrl":"https:\/\/divertarte.com\/wp-content\/uploads\/2018\/07\/logo-div.jpg","width":295,"height":123,"caption":"Divertarte"},"image":{"@id":"https:\/\/divertarte.com\/#\/schema\/logo\/image\/"}}]}},"_links":{"self":[{"href":"https:\/\/divertarte.com\/index.php\/wp-json\/wp\/v2\/product\/20765","targetHints":{"allow":["GET"]}}],"collection":[{"href":"https:\/\/divertarte.com\/index.php\/wp-json\/wp\/v2\/product"}],"about":[{"href":"https:\/\/divertarte.com\/index.php\/wp-json\/wp\/v2\/types\/product"}],"replies":[{"embeddable":true,"href":"https:\/\/divertarte.com\/index.php\/wp-json\/wp\/v2\/comments?post=20765"}],"wp:featuredmedia":[{"embeddable":true,"href":"https:\/\/divertarte.com\/index.php\/wp-json\/wp\/v2\/media\/20766"}],"wp:attachment":[{"href":"https:\/\/divertarte.com\/index.php\/wp-json\/wp\/v2\/media?parent=20765"}],"wp:term":[{"taxonomy":"product_brand","embeddable":true,"href":"https:\/\/divertarte.com\/index.php\/wp-json\/wp\/v2\/product_brand?post=20765"},{"taxonomy":"product_cat","embeddable":true,"href":"https:\/\/divertarte.com\/index.php\/wp-json\/wp\/v2\/product_cat?post=20765"},{"taxonomy":"product_tag","embeddable":true,"href":"https:\/\/divertarte.com\/index.php\/wp-json\/wp\/v2\/product_tag?post=20765"}],"curies":[{"name":"wp","href":"https:\/\/api.w.org\/{rel}","templated":true}]}}