{"id":20624,"date":"2024-08-09T13:10:21","date_gmt":"2024-08-09T12:10:21","guid":{"rendered":"https:\/\/divertarte.com\/?post_type=product&#038;p=20624"},"modified":"2025-11-06T13:23:33","modified_gmt":"2025-11-06T13:23:33","slug":"folha-em-gesso-folha-de-hortencia","status":"publish","type":"product","link":"https:\/\/divertarte.com\/index.php\/produto\/folha-em-gesso-folha-de-hortencia\/","title":{"rendered":"Folha de Hortencia em Gesso"},"content":{"rendered":"<p>Folha em gesso Folha de Hortencia<\/p>\n<p>Folha de gesso Hortencia criada e produzida manualmente em gesso por Isabel Portela na Divertarte. Pe\u00e7as e imagens personalizadas cuja reprodu\u00e7\u00e3o n\u00e3o \u00e9 permitida. As imagens podem estar sujeitas a direitos de autor.<\/p>\n<p>Dimens\u00f5es aproximadas: 20&#215;13 cm<\/p>\n<p>Por ser uma pe\u00e7a produzida manualmente, n\u00e3o h\u00e1 2 completamente iguais, poder\u00e1 haver pequenas diferen\u00e7as.<\/p>\n<p>Prazo de entrega 5 a 10 dias \u00fateis, ap\u00f3s pagamento da encomenda<\/p>\n","protected":false},"excerpt":{"rendered":"<p>Folha em gesso Folha de Hortencia<\/p>\n<p>Folha de gesso Hortencia criada e produzida manualmente em gesso por Isabel Portela na Divertarte. Pe\u00e7as e imagens personalizadas cuja reprodu\u00e7\u00e3o n\u00e3o \u00e9 permitida. As imagens podem estar sujeitas a direitos de autor.<\/p>\n<p>Dimens\u00f5es aproximadas: 20&#215;13 cm<\/p>\n<p>Por ser uma pe\u00e7a produzida manualmente, n\u00e3o h\u00e1 2 completamente iguais, poder\u00e1 haver pequenas diferen\u00e7as.<\/p>\n<p>Prazo de entrega 5 a 10 dias \u00fateis, ap\u00f3s pagamento da encomenda<\/p>\n","protected":false},"featured_media":20625,"comment_status":"open","ping_status":"closed","template":"","meta":{"_exactmetrics_skip_tracking":false,"_exactmetrics_sitenote_active":false,"_exactmetrics_sitenote_note":"","_exactmetrics_sitenote_category":0},"product_brand":[],"product_cat":[1235],"product_tag":[1237,1238,1236],"class_list":{"0":"post-20624","1":"product","2":"type-product","3":"status-publish","4":"has-post-thumbnail","6":"product_cat-folhas-em-gesso","7":"product_tag-decoracao-com-folhas-de-gesso","8":"product_tag-folha-de-hortencia-em-gesso","9":"product_tag-folhas-em-gesso","11":"first","12":"instock","13":"taxable","14":"shipping-taxable","15":"purchasable","16":"product-type-simple"},"yoast_head":"<!-- This site is optimized with the Yoast SEO plugin v27.4 - https:\/\/yoast.com\/product\/yoast-seo-wordpress\/ -->\n<title>Folha de Hortencia em Gesso -<\/title>\n<meta name=\"description\" content=\"Folha em gesso Folha de Hortencia. Folha de gesso Hortencia criada e produzida manualmente em gesso. Pe\u00e7as decorativas personalizadas\" \/>\n<meta name=\"robots\" content=\"index, follow, max-snippet:-1, max-image-preview:large, max-video-preview:-1\" \/>\n<link rel=\"canonical\" href=\"https:\/\/divertarte.com\/index.php\/produto\/folha-em-gesso-folha-de-hortencia\/\" \/>\n<meta property=\"og:locale\" content=\"pt_PT\" \/>\n<meta property=\"og:type\" content=\"article\" \/>\n<meta property=\"og:title\" content=\"Folha de Hortencia em Gesso -\" \/>\n<meta property=\"og:description\" content=\"Folha em gesso Folha de Hortencia. Folha de gesso Hortencia criada e produzida manualmente em gesso. Pe\u00e7as decorativas personalizadas\" \/>\n<meta property=\"og:url\" content=\"https:\/\/divertarte.com\/index.php\/produto\/folha-em-gesso-folha-de-hortencia\/\" \/>\n<meta property=\"article:modified_time\" content=\"2025-11-06T13:23:33+00:00\" \/>\n<meta property=\"og:image\" content=\"https:\/\/divertarte.com\/wp-content\/uploads\/2024\/08\/folha-em-gesso-folha-de-hortencia.jpg\" \/>\n\t<meta property=\"og:image:width\" content=\"301\" \/>\n\t<meta property=\"og:image:height\" content=\"298\" \/>\n\t<meta property=\"og:image:type\" content=\"image\/jpeg\" \/>\n<meta name=\"twitter:card\" content=\"summary_large_image\" \/>\n<script type=\"application\/ld+json\" class=\"yoast-schema-graph\">{\"@context\":\"https:\\\/\\\/schema.org\",\"@graph\":[{\"@type\":\"WebPage\",\"@id\":\"https:\\\/\\\/divertarte.com\\\/index.php\\\/produto\\\/folha-em-gesso-folha-de-hortencia\\\/\",\"url\":\"https:\\\/\\\/divertarte.com\\\/index.php\\\/produto\\\/folha-em-gesso-folha-de-hortencia\\\/\",\"name\":\"Folha de Hortencia em Gesso -\",\"isPartOf\":{\"@id\":\"https:\\\/\\\/divertarte.com\\\/#website\"},\"primaryImageOfPage\":{\"@id\":\"https:\\\/\\\/divertarte.com\\\/index.php\\\/produto\\\/folha-em-gesso-folha-de-hortencia\\\/#primaryimage\"},\"image\":{\"@id\":\"https:\\\/\\\/divertarte.com\\\/index.php\\\/produto\\\/folha-em-gesso-folha-de-hortencia\\\/#primaryimage\"},\"thumbnailUrl\":\"https:\\\/\\\/divertarte.com\\\/wp-content\\\/uploads\\\/2024\\\/08\\\/folha-em-gesso-folha-de-hortencia.jpg\",\"datePublished\":\"2024-08-09T12:10:21+00:00\",\"dateModified\":\"2025-11-06T13:23:33+00:00\",\"description\":\"Folha em gesso Folha de Hortencia. Folha de gesso Hortencia criada e produzida manualmente em gesso. Pe\u00e7as decorativas personalizadas\",\"breadcrumb\":{\"@id\":\"https:\\\/\\\/divertarte.com\\\/index.php\\\/produto\\\/folha-em-gesso-folha-de-hortencia\\\/#breadcrumb\"},\"inLanguage\":\"pt-PT\",\"potentialAction\":[{\"@type\":\"ReadAction\",\"target\":[\"https:\\\/\\\/divertarte.com\\\/index.php\\\/produto\\\/folha-em-gesso-folha-de-hortencia\\\/\"]}]},{\"@type\":\"ImageObject\",\"inLanguage\":\"pt-PT\",\"@id\":\"https:\\\/\\\/divertarte.com\\\/index.php\\\/produto\\\/folha-em-gesso-folha-de-hortencia\\\/#primaryimage\",\"url\":\"https:\\\/\\\/divertarte.com\\\/wp-content\\\/uploads\\\/2024\\\/08\\\/folha-em-gesso-folha-de-hortencia.jpg\",\"contentUrl\":\"https:\\\/\\\/divertarte.com\\\/wp-content\\\/uploads\\\/2024\\\/08\\\/folha-em-gesso-folha-de-hortencia.jpg\",\"width\":301,\"height\":298},{\"@type\":\"BreadcrumbList\",\"@id\":\"https:\\\/\\\/divertarte.com\\\/index.php\\\/produto\\\/folha-em-gesso-folha-de-hortencia\\\/#breadcrumb\",\"itemListElement\":[{\"@type\":\"ListItem\",\"position\":1,\"name\":\"In\u00edcio\",\"item\":\"https:\\\/\\\/divertarte.com\\\/\"},{\"@type\":\"ListItem\",\"position\":2,\"name\":\"Loja\",\"item\":\"https:\\\/\\\/divertarte.com\\\/index.php\\\/divertarte-produtos\\\/\"},{\"@type\":\"ListItem\",\"position\":3,\"name\":\"Folha de Hortencia em Gesso\"}]},{\"@type\":\"WebSite\",\"@id\":\"https:\\\/\\\/divertarte.com\\\/#website\",\"url\":\"https:\\\/\\\/divertarte.com\\\/\",\"name\":\"Divertarte\",\"description\":\"\",\"publisher\":{\"@id\":\"https:\\\/\\\/divertarte.com\\\/#organization\"},\"potentialAction\":[{\"@type\":\"SearchAction\",\"target\":{\"@type\":\"EntryPoint\",\"urlTemplate\":\"https:\\\/\\\/divertarte.com\\\/?s={search_term_string}\"},\"query-input\":{\"@type\":\"PropertyValueSpecification\",\"valueRequired\":true,\"valueName\":\"search_term_string\"}}],\"inLanguage\":\"pt-PT\"},{\"@type\":\"Organization\",\"@id\":\"https:\\\/\\\/divertarte.com\\\/#organization\",\"name\":\"Divertarte\",\"url\":\"https:\\\/\\\/divertarte.com\\\/\",\"logo\":{\"@type\":\"ImageObject\",\"inLanguage\":\"pt-PT\",\"@id\":\"https:\\\/\\\/divertarte.com\\\/#\\\/schema\\\/logo\\\/image\\\/\",\"url\":\"https:\\\/\\\/divertarte.com\\\/wp-content\\\/uploads\\\/2018\\\/07\\\/logo-div.jpg\",\"contentUrl\":\"https:\\\/\\\/divertarte.com\\\/wp-content\\\/uploads\\\/2018\\\/07\\\/logo-div.jpg\",\"width\":295,\"height\":123,\"caption\":\"Divertarte\"},\"image\":{\"@id\":\"https:\\\/\\\/divertarte.com\\\/#\\\/schema\\\/logo\\\/image\\\/\"}}]}<\/script>\n<!-- \/ Yoast SEO plugin. -->","yoast_head_json":{"title":"Folha de Hortencia em Gesso -","description":"Folha em gesso Folha de Hortencia. Folha de gesso Hortencia criada e produzida manualmente em gesso. Pe\u00e7as decorativas personalizadas","robots":{"index":"index","follow":"follow","max-snippet":"max-snippet:-1","max-image-preview":"max-image-preview:large","max-video-preview":"max-video-preview:-1"},"canonical":"https:\/\/divertarte.com\/index.php\/produto\/folha-em-gesso-folha-de-hortencia\/","og_locale":"pt_PT","og_type":"article","og_title":"Folha de Hortencia em Gesso -","og_description":"Folha em gesso Folha de Hortencia. Folha de gesso Hortencia criada e produzida manualmente em gesso. Pe\u00e7as decorativas personalizadas","og_url":"https:\/\/divertarte.com\/index.php\/produto\/folha-em-gesso-folha-de-hortencia\/","article_modified_time":"2025-11-06T13:23:33+00:00","og_image":[{"width":301,"height":298,"url":"https:\/\/divertarte.com\/wp-content\/uploads\/2024\/08\/folha-em-gesso-folha-de-hortencia.jpg","type":"image\/jpeg"}],"twitter_card":"summary_large_image","schema":{"@context":"https:\/\/schema.org","@graph":[{"@type":"WebPage","@id":"https:\/\/divertarte.com\/index.php\/produto\/folha-em-gesso-folha-de-hortencia\/","url":"https:\/\/divertarte.com\/index.php\/produto\/folha-em-gesso-folha-de-hortencia\/","name":"Folha de Hortencia em Gesso -","isPartOf":{"@id":"https:\/\/divertarte.com\/#website"},"primaryImageOfPage":{"@id":"https:\/\/divertarte.com\/index.php\/produto\/folha-em-gesso-folha-de-hortencia\/#primaryimage"},"image":{"@id":"https:\/\/divertarte.com\/index.php\/produto\/folha-em-gesso-folha-de-hortencia\/#primaryimage"},"thumbnailUrl":"https:\/\/divertarte.com\/wp-content\/uploads\/2024\/08\/folha-em-gesso-folha-de-hortencia.jpg","datePublished":"2024-08-09T12:10:21+00:00","dateModified":"2025-11-06T13:23:33+00:00","description":"Folha em gesso Folha de Hortencia. Folha de gesso Hortencia criada e produzida manualmente em gesso. Pe\u00e7as decorativas personalizadas","breadcrumb":{"@id":"https:\/\/divertarte.com\/index.php\/produto\/folha-em-gesso-folha-de-hortencia\/#breadcrumb"},"inLanguage":"pt-PT","potentialAction":[{"@type":"ReadAction","target":["https:\/\/divertarte.com\/index.php\/produto\/folha-em-gesso-folha-de-hortencia\/"]}]},{"@type":"ImageObject","inLanguage":"pt-PT","@id":"https:\/\/divertarte.com\/index.php\/produto\/folha-em-gesso-folha-de-hortencia\/#primaryimage","url":"https:\/\/divertarte.com\/wp-content\/uploads\/2024\/08\/folha-em-gesso-folha-de-hortencia.jpg","contentUrl":"https:\/\/divertarte.com\/wp-content\/uploads\/2024\/08\/folha-em-gesso-folha-de-hortencia.jpg","width":301,"height":298},{"@type":"BreadcrumbList","@id":"https:\/\/divertarte.com\/index.php\/produto\/folha-em-gesso-folha-de-hortencia\/#breadcrumb","itemListElement":[{"@type":"ListItem","position":1,"name":"In\u00edcio","item":"https:\/\/divertarte.com\/"},{"@type":"ListItem","position":2,"name":"Loja","item":"https:\/\/divertarte.com\/index.php\/divertarte-produtos\/"},{"@type":"ListItem","position":3,"name":"Folha de Hortencia em Gesso"}]},{"@type":"WebSite","@id":"https:\/\/divertarte.com\/#website","url":"https:\/\/divertarte.com\/","name":"Divertarte","description":"","publisher":{"@id":"https:\/\/divertarte.com\/#organization"},"potentialAction":[{"@type":"SearchAction","target":{"@type":"EntryPoint","urlTemplate":"https:\/\/divertarte.com\/?s={search_term_string}"},"query-input":{"@type":"PropertyValueSpecification","valueRequired":true,"valueName":"search_term_string"}}],"inLanguage":"pt-PT"},{"@type":"Organization","@id":"https:\/\/divertarte.com\/#organization","name":"Divertarte","url":"https:\/\/divertarte.com\/","logo":{"@type":"ImageObject","inLanguage":"pt-PT","@id":"https:\/\/divertarte.com\/#\/schema\/logo\/image\/","url":"https:\/\/divertarte.com\/wp-content\/uploads\/2018\/07\/logo-div.jpg","contentUrl":"https:\/\/divertarte.com\/wp-content\/uploads\/2018\/07\/logo-div.jpg","width":295,"height":123,"caption":"Divertarte"},"image":{"@id":"https:\/\/divertarte.com\/#\/schema\/logo\/image\/"}}]}},"_links":{"self":[{"href":"https:\/\/divertarte.com\/index.php\/wp-json\/wp\/v2\/product\/20624","targetHints":{"allow":["GET"]}}],"collection":[{"href":"https:\/\/divertarte.com\/index.php\/wp-json\/wp\/v2\/product"}],"about":[{"href":"https:\/\/divertarte.com\/index.php\/wp-json\/wp\/v2\/types\/product"}],"replies":[{"embeddable":true,"href":"https:\/\/divertarte.com\/index.php\/wp-json\/wp\/v2\/comments?post=20624"}],"wp:featuredmedia":[{"embeddable":true,"href":"https:\/\/divertarte.com\/index.php\/wp-json\/wp\/v2\/media\/20625"}],"wp:attachment":[{"href":"https:\/\/divertarte.com\/index.php\/wp-json\/wp\/v2\/media?parent=20624"}],"wp:term":[{"taxonomy":"product_brand","embeddable":true,"href":"https:\/\/divertarte.com\/index.php\/wp-json\/wp\/v2\/product_brand?post=20624"},{"taxonomy":"product_cat","embeddable":true,"href":"https:\/\/divertarte.com\/index.php\/wp-json\/wp\/v2\/product_cat?post=20624"},{"taxonomy":"product_tag","embeddable":true,"href":"https:\/\/divertarte.com\/index.php\/wp-json\/wp\/v2\/product_tag?post=20624"}],"curies":[{"name":"wp","href":"https:\/\/api.w.org\/{rel}","templated":true}]}}