{"id":20617,"date":"2024-08-08T18:50:47","date_gmt":"2024-08-08T17:50:47","guid":{"rendered":"https:\/\/divertarte.com\/?post_type=product&#038;p=20617"},"modified":"2025-11-06T13:23:33","modified_gmt":"2025-11-06T13:23:33","slug":"folha-em-gesso-folha-de-nespereira","status":"publish","type":"product","link":"https:\/\/divertarte.com\/index.php\/produto\/folha-em-gesso-folha-de-nespereira\/","title":{"rendered":"Folha de Nespereira em Gesso"},"content":{"rendered":"<p>Folha em gesso Folha de Nespereira<\/p>\n<p>Folha de gesso Nespereira criada e produzida manualmente em gesso por Isabel Portela na Divertarte. Pe\u00e7as e imagens personalizadas cuja reprodu\u00e7\u00e3o n\u00e3o \u00e9 permitida. As imagens podem estar sujeitas a direitos de autor.<\/p>\n<p>Dimens\u00f5es aproximadas: 27x9cm<\/p>\n<p>Por ser uma pe\u00e7a produzida manualmente, n\u00e3o h\u00e1 2 completamente iguais, poder\u00e1 haver pequenas diferen\u00e7as.<\/p>\n<p>Prazo de entrega 5 a 10 dias \u00fateis, ap\u00f3s pagamento da encomenda<\/p>\n","protected":false},"excerpt":{"rendered":"<p>Folha em gesso Folha de Nespereira<\/p>\n<p>Folha de Nespereira criada e produzida manualmente em gesso por Isabel Portela na Divertarte. Pe\u00e7as e imagens personalizadas cuja reprodu\u00e7\u00e3o n\u00e3o \u00e9 permitida. As imagens podem estar sujeitas a direitos de autor.<\/p>\n<p>Dimens\u00f5es aproximadas: 27x9cm<\/p>\n<p>Por ser uma pe\u00e7a produzida manualmente, n\u00e3o h\u00e1 2 completamente iguais, poder\u00e1 haver pequenas diferen\u00e7as.<\/p>\n<p>Prazo de entrega 5 a 10 dias \u00fateis, ap\u00f3s pagamento da encomenda.<\/p>\n<p>&nbsp;<\/p>\n","protected":false},"featured_media":20621,"comment_status":"open","ping_status":"closed","template":"","meta":{"_exactmetrics_skip_tracking":false,"_exactmetrics_sitenote_active":false,"_exactmetrics_sitenote_note":"","_exactmetrics_sitenote_category":0},"product_brand":[],"product_cat":[1235],"product_tag":[],"class_list":{"0":"post-20617","1":"product","2":"type-product","3":"status-publish","4":"has-post-thumbnail","6":"product_cat-folhas-em-gesso","8":"first","9":"instock","10":"taxable","11":"shipping-taxable","12":"purchasable","13":"product-type-simple"},"yoast_head":"<!-- This site is optimized with the Yoast SEO plugin v27.4 - https:\/\/yoast.com\/product\/yoast-seo-wordpress\/ -->\n<title>Folha de Nespereira em Gesso -<\/title>\n<meta name=\"description\" content=\"Folha em gesso Folha de Nespereira, criada e produzida manualmente em gesso por Isabel Portela na Divertarte. Pe\u00e7as e imagens personalizadas\" \/>\n<meta name=\"robots\" content=\"index, follow, max-snippet:-1, max-image-preview:large, max-video-preview:-1\" \/>\n<link rel=\"canonical\" href=\"https:\/\/divertarte.com\/index.php\/produto\/folha-em-gesso-folha-de-nespereira\/\" \/>\n<meta property=\"og:locale\" content=\"pt_PT\" \/>\n<meta property=\"og:type\" content=\"article\" \/>\n<meta property=\"og:title\" content=\"Folha de Nespereira em Gesso -\" \/>\n<meta property=\"og:description\" content=\"Folha em gesso Folha de Nespereira, criada e produzida manualmente em gesso por Isabel Portela na Divertarte. Pe\u00e7as e imagens personalizadas\" \/>\n<meta property=\"og:url\" content=\"https:\/\/divertarte.com\/index.php\/produto\/folha-em-gesso-folha-de-nespereira\/\" \/>\n<meta property=\"article:modified_time\" content=\"2025-11-06T13:23:33+00:00\" \/>\n<meta property=\"og:image\" content=\"https:\/\/divertarte.com\/wp-content\/uploads\/2024\/08\/folha-em-gesso-folha-de-nespereira.jpg\" \/>\n\t<meta property=\"og:image:width\" content=\"300\" \/>\n\t<meta property=\"og:image:height\" content=\"301\" \/>\n\t<meta property=\"og:image:type\" content=\"image\/jpeg\" \/>\n<meta name=\"twitter:card\" content=\"summary_large_image\" \/>\n<script type=\"application\/ld+json\" class=\"yoast-schema-graph\">{\"@context\":\"https:\\\/\\\/schema.org\",\"@graph\":[{\"@type\":\"WebPage\",\"@id\":\"https:\\\/\\\/divertarte.com\\\/index.php\\\/produto\\\/folha-em-gesso-folha-de-nespereira\\\/\",\"url\":\"https:\\\/\\\/divertarte.com\\\/index.php\\\/produto\\\/folha-em-gesso-folha-de-nespereira\\\/\",\"name\":\"Folha de Nespereira em Gesso -\",\"isPartOf\":{\"@id\":\"https:\\\/\\\/divertarte.com\\\/#website\"},\"primaryImageOfPage\":{\"@id\":\"https:\\\/\\\/divertarte.com\\\/index.php\\\/produto\\\/folha-em-gesso-folha-de-nespereira\\\/#primaryimage\"},\"image\":{\"@id\":\"https:\\\/\\\/divertarte.com\\\/index.php\\\/produto\\\/folha-em-gesso-folha-de-nespereira\\\/#primaryimage\"},\"thumbnailUrl\":\"https:\\\/\\\/divertarte.com\\\/wp-content\\\/uploads\\\/2024\\\/08\\\/folha-em-gesso-folha-de-nespereira.jpg\",\"datePublished\":\"2024-08-08T17:50:47+00:00\",\"dateModified\":\"2025-11-06T13:23:33+00:00\",\"description\":\"Folha em gesso Folha de Nespereira, criada e produzida manualmente em gesso por Isabel Portela na Divertarte. Pe\u00e7as e imagens personalizadas\",\"breadcrumb\":{\"@id\":\"https:\\\/\\\/divertarte.com\\\/index.php\\\/produto\\\/folha-em-gesso-folha-de-nespereira\\\/#breadcrumb\"},\"inLanguage\":\"pt-PT\",\"potentialAction\":[{\"@type\":\"ReadAction\",\"target\":[\"https:\\\/\\\/divertarte.com\\\/index.php\\\/produto\\\/folha-em-gesso-folha-de-nespereira\\\/\"]}]},{\"@type\":\"ImageObject\",\"inLanguage\":\"pt-PT\",\"@id\":\"https:\\\/\\\/divertarte.com\\\/index.php\\\/produto\\\/folha-em-gesso-folha-de-nespereira\\\/#primaryimage\",\"url\":\"https:\\\/\\\/divertarte.com\\\/wp-content\\\/uploads\\\/2024\\\/08\\\/folha-em-gesso-folha-de-nespereira.jpg\",\"contentUrl\":\"https:\\\/\\\/divertarte.com\\\/wp-content\\\/uploads\\\/2024\\\/08\\\/folha-em-gesso-folha-de-nespereira.jpg\",\"width\":300,\"height\":301},{\"@type\":\"BreadcrumbList\",\"@id\":\"https:\\\/\\\/divertarte.com\\\/index.php\\\/produto\\\/folha-em-gesso-folha-de-nespereira\\\/#breadcrumb\",\"itemListElement\":[{\"@type\":\"ListItem\",\"position\":1,\"name\":\"In\u00edcio\",\"item\":\"https:\\\/\\\/divertarte.com\\\/\"},{\"@type\":\"ListItem\",\"position\":2,\"name\":\"Loja\",\"item\":\"https:\\\/\\\/divertarte.com\\\/index.php\\\/divertarte-produtos\\\/\"},{\"@type\":\"ListItem\",\"position\":3,\"name\":\"Folha de Nespereira em Gesso\"}]},{\"@type\":\"WebSite\",\"@id\":\"https:\\\/\\\/divertarte.com\\\/#website\",\"url\":\"https:\\\/\\\/divertarte.com\\\/\",\"name\":\"Divertarte\",\"description\":\"\",\"publisher\":{\"@id\":\"https:\\\/\\\/divertarte.com\\\/#organization\"},\"potentialAction\":[{\"@type\":\"SearchAction\",\"target\":{\"@type\":\"EntryPoint\",\"urlTemplate\":\"https:\\\/\\\/divertarte.com\\\/?s={search_term_string}\"},\"query-input\":{\"@type\":\"PropertyValueSpecification\",\"valueRequired\":true,\"valueName\":\"search_term_string\"}}],\"inLanguage\":\"pt-PT\"},{\"@type\":\"Organization\",\"@id\":\"https:\\\/\\\/divertarte.com\\\/#organization\",\"name\":\"Divertarte\",\"url\":\"https:\\\/\\\/divertarte.com\\\/\",\"logo\":{\"@type\":\"ImageObject\",\"inLanguage\":\"pt-PT\",\"@id\":\"https:\\\/\\\/divertarte.com\\\/#\\\/schema\\\/logo\\\/image\\\/\",\"url\":\"https:\\\/\\\/divertarte.com\\\/wp-content\\\/uploads\\\/2018\\\/07\\\/logo-div.jpg\",\"contentUrl\":\"https:\\\/\\\/divertarte.com\\\/wp-content\\\/uploads\\\/2018\\\/07\\\/logo-div.jpg\",\"width\":295,\"height\":123,\"caption\":\"Divertarte\"},\"image\":{\"@id\":\"https:\\\/\\\/divertarte.com\\\/#\\\/schema\\\/logo\\\/image\\\/\"}}]}<\/script>\n<!-- \/ Yoast SEO plugin. -->","yoast_head_json":{"title":"Folha de Nespereira em Gesso -","description":"Folha em gesso Folha de Nespereira, criada e produzida manualmente em gesso por Isabel Portela na Divertarte. Pe\u00e7as e imagens personalizadas","robots":{"index":"index","follow":"follow","max-snippet":"max-snippet:-1","max-image-preview":"max-image-preview:large","max-video-preview":"max-video-preview:-1"},"canonical":"https:\/\/divertarte.com\/index.php\/produto\/folha-em-gesso-folha-de-nespereira\/","og_locale":"pt_PT","og_type":"article","og_title":"Folha de Nespereira em Gesso -","og_description":"Folha em gesso Folha de Nespereira, criada e produzida manualmente em gesso por Isabel Portela na Divertarte. Pe\u00e7as e imagens personalizadas","og_url":"https:\/\/divertarte.com\/index.php\/produto\/folha-em-gesso-folha-de-nespereira\/","article_modified_time":"2025-11-06T13:23:33+00:00","og_image":[{"width":300,"height":301,"url":"https:\/\/divertarte.com\/wp-content\/uploads\/2024\/08\/folha-em-gesso-folha-de-nespereira.jpg","type":"image\/jpeg"}],"twitter_card":"summary_large_image","schema":{"@context":"https:\/\/schema.org","@graph":[{"@type":"WebPage","@id":"https:\/\/divertarte.com\/index.php\/produto\/folha-em-gesso-folha-de-nespereira\/","url":"https:\/\/divertarte.com\/index.php\/produto\/folha-em-gesso-folha-de-nespereira\/","name":"Folha de Nespereira em Gesso -","isPartOf":{"@id":"https:\/\/divertarte.com\/#website"},"primaryImageOfPage":{"@id":"https:\/\/divertarte.com\/index.php\/produto\/folha-em-gesso-folha-de-nespereira\/#primaryimage"},"image":{"@id":"https:\/\/divertarte.com\/index.php\/produto\/folha-em-gesso-folha-de-nespereira\/#primaryimage"},"thumbnailUrl":"https:\/\/divertarte.com\/wp-content\/uploads\/2024\/08\/folha-em-gesso-folha-de-nespereira.jpg","datePublished":"2024-08-08T17:50:47+00:00","dateModified":"2025-11-06T13:23:33+00:00","description":"Folha em gesso Folha de Nespereira, criada e produzida manualmente em gesso por Isabel Portela na Divertarte. Pe\u00e7as e imagens personalizadas","breadcrumb":{"@id":"https:\/\/divertarte.com\/index.php\/produto\/folha-em-gesso-folha-de-nespereira\/#breadcrumb"},"inLanguage":"pt-PT","potentialAction":[{"@type":"ReadAction","target":["https:\/\/divertarte.com\/index.php\/produto\/folha-em-gesso-folha-de-nespereira\/"]}]},{"@type":"ImageObject","inLanguage":"pt-PT","@id":"https:\/\/divertarte.com\/index.php\/produto\/folha-em-gesso-folha-de-nespereira\/#primaryimage","url":"https:\/\/divertarte.com\/wp-content\/uploads\/2024\/08\/folha-em-gesso-folha-de-nespereira.jpg","contentUrl":"https:\/\/divertarte.com\/wp-content\/uploads\/2024\/08\/folha-em-gesso-folha-de-nespereira.jpg","width":300,"height":301},{"@type":"BreadcrumbList","@id":"https:\/\/divertarte.com\/index.php\/produto\/folha-em-gesso-folha-de-nespereira\/#breadcrumb","itemListElement":[{"@type":"ListItem","position":1,"name":"In\u00edcio","item":"https:\/\/divertarte.com\/"},{"@type":"ListItem","position":2,"name":"Loja","item":"https:\/\/divertarte.com\/index.php\/divertarte-produtos\/"},{"@type":"ListItem","position":3,"name":"Folha de Nespereira em Gesso"}]},{"@type":"WebSite","@id":"https:\/\/divertarte.com\/#website","url":"https:\/\/divertarte.com\/","name":"Divertarte","description":"","publisher":{"@id":"https:\/\/divertarte.com\/#organization"},"potentialAction":[{"@type":"SearchAction","target":{"@type":"EntryPoint","urlTemplate":"https:\/\/divertarte.com\/?s={search_term_string}"},"query-input":{"@type":"PropertyValueSpecification","valueRequired":true,"valueName":"search_term_string"}}],"inLanguage":"pt-PT"},{"@type":"Organization","@id":"https:\/\/divertarte.com\/#organization","name":"Divertarte","url":"https:\/\/divertarte.com\/","logo":{"@type":"ImageObject","inLanguage":"pt-PT","@id":"https:\/\/divertarte.com\/#\/schema\/logo\/image\/","url":"https:\/\/divertarte.com\/wp-content\/uploads\/2018\/07\/logo-div.jpg","contentUrl":"https:\/\/divertarte.com\/wp-content\/uploads\/2018\/07\/logo-div.jpg","width":295,"height":123,"caption":"Divertarte"},"image":{"@id":"https:\/\/divertarte.com\/#\/schema\/logo\/image\/"}}]}},"_links":{"self":[{"href":"https:\/\/divertarte.com\/index.php\/wp-json\/wp\/v2\/product\/20617","targetHints":{"allow":["GET"]}}],"collection":[{"href":"https:\/\/divertarte.com\/index.php\/wp-json\/wp\/v2\/product"}],"about":[{"href":"https:\/\/divertarte.com\/index.php\/wp-json\/wp\/v2\/types\/product"}],"replies":[{"embeddable":true,"href":"https:\/\/divertarte.com\/index.php\/wp-json\/wp\/v2\/comments?post=20617"}],"wp:featuredmedia":[{"embeddable":true,"href":"https:\/\/divertarte.com\/index.php\/wp-json\/wp\/v2\/media\/20621"}],"wp:attachment":[{"href":"https:\/\/divertarte.com\/index.php\/wp-json\/wp\/v2\/media?parent=20617"}],"wp:term":[{"taxonomy":"product_brand","embeddable":true,"href":"https:\/\/divertarte.com\/index.php\/wp-json\/wp\/v2\/product_brand?post=20617"},{"taxonomy":"product_cat","embeddable":true,"href":"https:\/\/divertarte.com\/index.php\/wp-json\/wp\/v2\/product_cat?post=20617"},{"taxonomy":"product_tag","embeddable":true,"href":"https:\/\/divertarte.com\/index.php\/wp-json\/wp\/v2\/product_tag?post=20617"}],"curies":[{"name":"wp","href":"https:\/\/api.w.org\/{rel}","templated":true}]}}