{"id":2045,"date":"2018-06-07T14:14:17","date_gmt":"2018-06-07T13:14:17","guid":{"rendered":"https:\/\/divertarte.com\/index.php\/produto\/carinha-minie\/"},"modified":"2025-11-06T13:47:36","modified_gmt":"2025-11-06T13:47:36","slug":"carinha-minie","status":"publish","type":"product","link":"https:\/\/divertarte.com\/index.php\/produto\/carinha-minie\/","title":{"rendered":"Molde Silicone Carinha Minie micro"},"content":{"rendered":"<p>MOLDE DE SILICONE 2 CAVIDADES- Medida da pe\u00e7a 2 X 2 x 0,7 cm ACONSELHADO PARA : aplica\u00e7\u00f5es em sabonetes, resinas, vela em parafina ou gel, massas de modelar, ceras, gessos, pendentes, travess\u00f5es de cabelo, etc. N\u00e3o aconselhado em produtos aliment\u00edcios. As medidas das pe\u00e7as feitas nos moldes s\u00e3o em cent\u00edmetros e considera-se: comprimento x largura x espessura<\/p>\n","protected":false},"excerpt":{"rendered":"<p>MOLDE DE SILICONE 2 CAVIDADES &#8211; Medida da pe\u00e7a 2 X 2 x 0,7 cm ACONSELHADO PARA : aplica\u00e7\u00f5es em sabonetes, resinas, vela em parafina ou gel, massas de modelar, ceras, gessos, pendentes, travess\u00f5es de cabelo, etc. N\u00e3o aconselhado em produtos aliment\u00edcios. As medidas das pe\u00e7as feitas nos moldes s\u00e3o em cent\u00edmetros e considera-se: comprimento x largura x espessura<\/p>\n","protected":false},"featured_media":15013,"comment_status":"closed","ping_status":"closed","template":"","meta":{"_exactmetrics_skip_tracking":false,"_exactmetrics_sitenote_active":false,"_exactmetrics_sitenote_note":"","_exactmetrics_sitenote_category":0},"product_brand":[],"product_cat":[334,54,15],"product_tag":[],"class_list":{"0":"post-2045","1":"product","2":"type-product","3":"status-publish","4":"has-post-thumbnail","6":"product_cat-moldes-biscuit-porcelana-fria","7":"product_cat-moldes-de-silicone-em-portugal","8":"product_cat-ver-todos-os-produtos","10":"first","11":"instock","12":"taxable","13":"shipping-taxable","14":"purchasable","15":"product-type-simple"},"yoast_head":"<!-- This site is optimized with the Yoast SEO plugin v27.4 - https:\/\/yoast.com\/product\/yoast-seo-wordpress\/ -->\n<title>Molde Silicone Carinha Minie micro -<\/title>\n<meta name=\"description\" content=\"MOLDE DE SILICONE 2 CAVIDADES - Medida da pe\u00e7a 2 X 2 x 0,7 aplica\u00e7\u00f5es em sabonetes, resinas,massas de modelar,pendentes, travess\u00f5es de cabelo,\" \/>\n<meta name=\"robots\" content=\"index, follow, max-snippet:-1, max-image-preview:large, max-video-preview:-1\" \/>\n<link rel=\"canonical\" href=\"https:\/\/divertarte.com\/index.php\/produto\/carinha-minie\/\" \/>\n<meta property=\"og:locale\" content=\"pt_PT\" \/>\n<meta property=\"og:type\" content=\"article\" \/>\n<meta property=\"og:title\" content=\"Molde Silicone Carinha Minie micro -\" \/>\n<meta property=\"og:description\" content=\"MOLDE DE SILICONE 2 CAVIDADES - Medida da pe\u00e7a 2 X 2 x 0,7 aplica\u00e7\u00f5es em sabonetes, resinas,massas de modelar,pendentes, travess\u00f5es de cabelo,\" \/>\n<meta property=\"og:url\" content=\"https:\/\/divertarte.com\/index.php\/produto\/carinha-minie\/\" \/>\n<meta property=\"article:modified_time\" content=\"2025-11-06T13:47:36+00:00\" \/>\n<meta property=\"og:image\" content=\"https:\/\/divertarte.com\/wp-content\/uploads\/2018\/06\/molde-silicone-carinha-minie-micro.jpg\" \/>\n\t<meta property=\"og:image:width\" content=\"301\" \/>\n\t<meta property=\"og:image:height\" content=\"301\" \/>\n\t<meta property=\"og:image:type\" content=\"image\/jpeg\" \/>\n<meta name=\"twitter:card\" content=\"summary_large_image\" \/>\n<script type=\"application\/ld+json\" class=\"yoast-schema-graph\">{\"@context\":\"https:\\\/\\\/schema.org\",\"@graph\":[{\"@type\":\"WebPage\",\"@id\":\"https:\\\/\\\/divertarte.com\\\/index.php\\\/produto\\\/carinha-minie\\\/\",\"url\":\"https:\\\/\\\/divertarte.com\\\/index.php\\\/produto\\\/carinha-minie\\\/\",\"name\":\"Molde Silicone Carinha Minie micro -\",\"isPartOf\":{\"@id\":\"https:\\\/\\\/divertarte.com\\\/#website\"},\"primaryImageOfPage\":{\"@id\":\"https:\\\/\\\/divertarte.com\\\/index.php\\\/produto\\\/carinha-minie\\\/#primaryimage\"},\"image\":{\"@id\":\"https:\\\/\\\/divertarte.com\\\/index.php\\\/produto\\\/carinha-minie\\\/#primaryimage\"},\"thumbnailUrl\":\"https:\\\/\\\/divertarte.com\\\/wp-content\\\/uploads\\\/2018\\\/06\\\/molde-silicone-carinha-minie-micro.jpg\",\"datePublished\":\"2018-06-07T13:14:17+00:00\",\"dateModified\":\"2025-11-06T13:47:36+00:00\",\"description\":\"MOLDE DE SILICONE 2 CAVIDADES - Medida da pe\u00e7a 2 X 2 x 0,7 aplica\u00e7\u00f5es em sabonetes, resinas,massas de modelar,pendentes, travess\u00f5es de cabelo,\",\"breadcrumb\":{\"@id\":\"https:\\\/\\\/divertarte.com\\\/index.php\\\/produto\\\/carinha-minie\\\/#breadcrumb\"},\"inLanguage\":\"pt-PT\",\"potentialAction\":[{\"@type\":\"ReadAction\",\"target\":[\"https:\\\/\\\/divertarte.com\\\/index.php\\\/produto\\\/carinha-minie\\\/\"]}]},{\"@type\":\"ImageObject\",\"inLanguage\":\"pt-PT\",\"@id\":\"https:\\\/\\\/divertarte.com\\\/index.php\\\/produto\\\/carinha-minie\\\/#primaryimage\",\"url\":\"https:\\\/\\\/divertarte.com\\\/wp-content\\\/uploads\\\/2018\\\/06\\\/molde-silicone-carinha-minie-micro.jpg\",\"contentUrl\":\"https:\\\/\\\/divertarte.com\\\/wp-content\\\/uploads\\\/2018\\\/06\\\/molde-silicone-carinha-minie-micro.jpg\",\"width\":301,\"height\":301},{\"@type\":\"BreadcrumbList\",\"@id\":\"https:\\\/\\\/divertarte.com\\\/index.php\\\/produto\\\/carinha-minie\\\/#breadcrumb\",\"itemListElement\":[{\"@type\":\"ListItem\",\"position\":1,\"name\":\"In\u00edcio\",\"item\":\"https:\\\/\\\/divertarte.com\\\/\"},{\"@type\":\"ListItem\",\"position\":2,\"name\":\"Loja\",\"item\":\"https:\\\/\\\/divertarte.com\\\/index.php\\\/divertarte-produtos\\\/\"},{\"@type\":\"ListItem\",\"position\":3,\"name\":\"Molde Silicone Carinha Minie micro\"}]},{\"@type\":\"WebSite\",\"@id\":\"https:\\\/\\\/divertarte.com\\\/#website\",\"url\":\"https:\\\/\\\/divertarte.com\\\/\",\"name\":\"Divertarte\",\"description\":\"\",\"publisher\":{\"@id\":\"https:\\\/\\\/divertarte.com\\\/#organization\"},\"potentialAction\":[{\"@type\":\"SearchAction\",\"target\":{\"@type\":\"EntryPoint\",\"urlTemplate\":\"https:\\\/\\\/divertarte.com\\\/?s={search_term_string}\"},\"query-input\":{\"@type\":\"PropertyValueSpecification\",\"valueRequired\":true,\"valueName\":\"search_term_string\"}}],\"inLanguage\":\"pt-PT\"},{\"@type\":\"Organization\",\"@id\":\"https:\\\/\\\/divertarte.com\\\/#organization\",\"name\":\"Divertarte\",\"url\":\"https:\\\/\\\/divertarte.com\\\/\",\"logo\":{\"@type\":\"ImageObject\",\"inLanguage\":\"pt-PT\",\"@id\":\"https:\\\/\\\/divertarte.com\\\/#\\\/schema\\\/logo\\\/image\\\/\",\"url\":\"https:\\\/\\\/divertarte.com\\\/wp-content\\\/uploads\\\/2018\\\/07\\\/logo-div.jpg\",\"contentUrl\":\"https:\\\/\\\/divertarte.com\\\/wp-content\\\/uploads\\\/2018\\\/07\\\/logo-div.jpg\",\"width\":295,\"height\":123,\"caption\":\"Divertarte\"},\"image\":{\"@id\":\"https:\\\/\\\/divertarte.com\\\/#\\\/schema\\\/logo\\\/image\\\/\"}}]}<\/script>\n<!-- \/ Yoast SEO plugin. -->","yoast_head_json":{"title":"Molde Silicone Carinha Minie micro -","description":"MOLDE DE SILICONE 2 CAVIDADES - Medida da pe\u00e7a 2 X 2 x 0,7 aplica\u00e7\u00f5es em sabonetes, resinas,massas de modelar,pendentes, travess\u00f5es de cabelo,","robots":{"index":"index","follow":"follow","max-snippet":"max-snippet:-1","max-image-preview":"max-image-preview:large","max-video-preview":"max-video-preview:-1"},"canonical":"https:\/\/divertarte.com\/index.php\/produto\/carinha-minie\/","og_locale":"pt_PT","og_type":"article","og_title":"Molde Silicone Carinha Minie micro -","og_description":"MOLDE DE SILICONE 2 CAVIDADES - Medida da pe\u00e7a 2 X 2 x 0,7 aplica\u00e7\u00f5es em sabonetes, resinas,massas de modelar,pendentes, travess\u00f5es de cabelo,","og_url":"https:\/\/divertarte.com\/index.php\/produto\/carinha-minie\/","article_modified_time":"2025-11-06T13:47:36+00:00","og_image":[{"width":301,"height":301,"url":"https:\/\/divertarte.com\/wp-content\/uploads\/2018\/06\/molde-silicone-carinha-minie-micro.jpg","type":"image\/jpeg"}],"twitter_card":"summary_large_image","schema":{"@context":"https:\/\/schema.org","@graph":[{"@type":"WebPage","@id":"https:\/\/divertarte.com\/index.php\/produto\/carinha-minie\/","url":"https:\/\/divertarte.com\/index.php\/produto\/carinha-minie\/","name":"Molde Silicone Carinha Minie micro -","isPartOf":{"@id":"https:\/\/divertarte.com\/#website"},"primaryImageOfPage":{"@id":"https:\/\/divertarte.com\/index.php\/produto\/carinha-minie\/#primaryimage"},"image":{"@id":"https:\/\/divertarte.com\/index.php\/produto\/carinha-minie\/#primaryimage"},"thumbnailUrl":"https:\/\/divertarte.com\/wp-content\/uploads\/2018\/06\/molde-silicone-carinha-minie-micro.jpg","datePublished":"2018-06-07T13:14:17+00:00","dateModified":"2025-11-06T13:47:36+00:00","description":"MOLDE DE SILICONE 2 CAVIDADES - Medida da pe\u00e7a 2 X 2 x 0,7 aplica\u00e7\u00f5es em sabonetes, resinas,massas de modelar,pendentes, travess\u00f5es de cabelo,","breadcrumb":{"@id":"https:\/\/divertarte.com\/index.php\/produto\/carinha-minie\/#breadcrumb"},"inLanguage":"pt-PT","potentialAction":[{"@type":"ReadAction","target":["https:\/\/divertarte.com\/index.php\/produto\/carinha-minie\/"]}]},{"@type":"ImageObject","inLanguage":"pt-PT","@id":"https:\/\/divertarte.com\/index.php\/produto\/carinha-minie\/#primaryimage","url":"https:\/\/divertarte.com\/wp-content\/uploads\/2018\/06\/molde-silicone-carinha-minie-micro.jpg","contentUrl":"https:\/\/divertarte.com\/wp-content\/uploads\/2018\/06\/molde-silicone-carinha-minie-micro.jpg","width":301,"height":301},{"@type":"BreadcrumbList","@id":"https:\/\/divertarte.com\/index.php\/produto\/carinha-minie\/#breadcrumb","itemListElement":[{"@type":"ListItem","position":1,"name":"In\u00edcio","item":"https:\/\/divertarte.com\/"},{"@type":"ListItem","position":2,"name":"Loja","item":"https:\/\/divertarte.com\/index.php\/divertarte-produtos\/"},{"@type":"ListItem","position":3,"name":"Molde Silicone Carinha Minie micro"}]},{"@type":"WebSite","@id":"https:\/\/divertarte.com\/#website","url":"https:\/\/divertarte.com\/","name":"Divertarte","description":"","publisher":{"@id":"https:\/\/divertarte.com\/#organization"},"potentialAction":[{"@type":"SearchAction","target":{"@type":"EntryPoint","urlTemplate":"https:\/\/divertarte.com\/?s={search_term_string}"},"query-input":{"@type":"PropertyValueSpecification","valueRequired":true,"valueName":"search_term_string"}}],"inLanguage":"pt-PT"},{"@type":"Organization","@id":"https:\/\/divertarte.com\/#organization","name":"Divertarte","url":"https:\/\/divertarte.com\/","logo":{"@type":"ImageObject","inLanguage":"pt-PT","@id":"https:\/\/divertarte.com\/#\/schema\/logo\/image\/","url":"https:\/\/divertarte.com\/wp-content\/uploads\/2018\/07\/logo-div.jpg","contentUrl":"https:\/\/divertarte.com\/wp-content\/uploads\/2018\/07\/logo-div.jpg","width":295,"height":123,"caption":"Divertarte"},"image":{"@id":"https:\/\/divertarte.com\/#\/schema\/logo\/image\/"}}]}},"_links":{"self":[{"href":"https:\/\/divertarte.com\/index.php\/wp-json\/wp\/v2\/product\/2045","targetHints":{"allow":["GET"]}}],"collection":[{"href":"https:\/\/divertarte.com\/index.php\/wp-json\/wp\/v2\/product"}],"about":[{"href":"https:\/\/divertarte.com\/index.php\/wp-json\/wp\/v2\/types\/product"}],"replies":[{"embeddable":true,"href":"https:\/\/divertarte.com\/index.php\/wp-json\/wp\/v2\/comments?post=2045"}],"wp:featuredmedia":[{"embeddable":true,"href":"https:\/\/divertarte.com\/index.php\/wp-json\/wp\/v2\/media\/15013"}],"wp:attachment":[{"href":"https:\/\/divertarte.com\/index.php\/wp-json\/wp\/v2\/media?parent=2045"}],"wp:term":[{"taxonomy":"product_brand","embeddable":true,"href":"https:\/\/divertarte.com\/index.php\/wp-json\/wp\/v2\/product_brand?post=2045"},{"taxonomy":"product_cat","embeddable":true,"href":"https:\/\/divertarte.com\/index.php\/wp-json\/wp\/v2\/product_cat?post=2045"},{"taxonomy":"product_tag","embeddable":true,"href":"https:\/\/divertarte.com\/index.php\/wp-json\/wp\/v2\/product_tag?post=2045"}],"curies":[{"name":"wp","href":"https:\/\/api.w.org\/{rel}","templated":true}]}}