{"id":20437,"date":"2024-05-25T15:08:21","date_gmt":"2024-05-25T14:08:21","guid":{"rendered":"https:\/\/divertarte.com\/?post_type=product&#038;p=20437"},"modified":"2025-11-06T13:23:35","modified_gmt":"2025-11-06T13:23:35","slug":"andorinha-3d-em-gesso-perfumado","status":"publish","type":"product","link":"https:\/\/divertarte.com\/index.php\/produto\/andorinha-3d-em-gesso-perfumado\/","title":{"rendered":"Andorinha 3d\u00a0em gesso perfumado"},"content":{"rendered":"<p>Andorinha 3d\u00a0 em gesso perfumado, branco, com fragr\u00e2ncia \u00e0 escolha, embalado em saquinho de organza, al\u00e9m disso leva uma fita de cetim, que serve para pendurar em qualquer lugar da casa que deseje perfumar.<br \/>\nportanto trata-se de uma prendinha de casamento original ou para o dia dos Namorados (S\u00e3o Valentim), e Anivers\u00e1rio, Comunh\u00e3o. Medidas 8\u00d77,5\u00d72 cm.<\/p>\n<p>Quando perceber que o gesso est\u00e1 a perder parte de seu aroma, basta borrif\u00e1-lo com essencia para gesso perfumado.<\/p>\n<p><a href=\"https:\/\/divertarte.com\/index.php\/categoria-produto\/essencias-para-gesso-perfumado\/\">https:\/\/divertarte.com\/index.php\/categoria-produto\/essencias-para-gesso-perfumado\/<\/a><\/p>\n","protected":false},"excerpt":{"rendered":"<p>Andorinha 3d\u00a0 em gesso branco perfumado com fragr\u00e2ncia de Flores Frescas, embalado em saquinho de organza, al\u00e9m disso leva uma fita de cetim, que serve para pendurar em qualquer lugar da casa que deseje perfumar.<br \/>\nportanto trata-se de uma prendinha de casamento original ou para o dia dos Namorados (S\u00e3o Valentim), e Anivers\u00e1rio, Comunh\u00e3o. Medidas 8\u00d77,5\u00d72 cm.<\/p>\n<p>Se preferir s\u00f3 a andorinha sem aroma, sem saquinho e sem fita, tem essa op\u00e7\u00e3o abaixo<\/p>\n<p>Quando perceber que o gesso est\u00e1 a perder parte de seu aroma, basta borrif\u00e1-lo com essencia para gesso perfumado.<\/p>\n<p><a href=\"https:\/\/divertarte.com\/index.php\/categoria-produto\/essencias-para-gesso-perfumado\/\">https:\/\/divertarte.com\/index.php\/categoria-produto\/essencias-para-gesso-perfumado\/<\/a><\/p>\n<p>Pode escolher<\/p>\n<ul>\n<li>Pe\u00e7a completa (com aroma, com fita e com saquinho)<\/li>\n<li>Pe\u00e7a simples (sem aroma, sem fita e sem saquinho)<\/li>\n<li>Pe\u00e7a simples com cor<\/li>\n<li>Pe\u00e7a simples cor aroma<\/li>\n<li>50 pe\u00e7as simples melhor pre\u00e7o (5 dias \u00fateis)<\/li>\n<li>50 pe\u00e7as simples com aroma melhor pre\u00e7o (5 dias \u00fateis)<\/li>\n<li>50 pe\u00e7as simples com cor melhor pre\u00e7o (5 dias \u00fateis)<\/li>\n<\/ul>\n","protected":false},"featured_media":20441,"comment_status":"open","ping_status":"closed","template":"","meta":{"_exactmetrics_skip_tracking":false,"_exactmetrics_sitenote_active":false,"_exactmetrics_sitenote_note":"","_exactmetrics_sitenote_category":0},"product_brand":[],"product_cat":[323,249,250,1157,336,487],"product_tag":[764,1208,647,1010,1209],"class_list":{"0":"post-20437","1":"product","2":"type-product","3":"status-publish","4":"has-post-thumbnail","6":"product_cat-brindes-aniversario","7":"product_cat-brindes-casamento","8":"product_cat-brindes-comunhao","9":"product_cat-ceramica-perfumada","10":"product_cat-gesso-perfumado-figuras","11":"product_cat-pecas-em-gesso","12":"product_tag-brindes-casamento","13":"product_tag-brindes-comunhao","14":"product_tag-gesso-figuras","15":"product_tag-gesso-perfumado-pecas","16":"product_tag-pendentes-gesso","18":"first","19":"instock","20":"taxable","21":"shipping-taxable","22":"purchasable","23":"product-type-variable"},"yoast_head":"<!-- This site is optimized with the Yoast SEO plugin v27.5 - https:\/\/yoast.com\/product\/yoast-seo-wordpress\/ -->\n<title>Andorinha 3d\u00a0em gesso perfumado -<\/title>\n<meta name=\"description\" content=\"Andorinha 3d\u00a0 em gesso perfumado Medidas 8\u00d77,5\u00d72 cm prendinha de casamento original ou para o dia dos Namorados (S\u00e3o Valentim), e Anivers\u00e1rio, Comunh\u00e3o.\" \/>\n<meta name=\"robots\" content=\"index, follow, max-snippet:-1, max-image-preview:large, max-video-preview:-1\" \/>\n<link rel=\"canonical\" href=\"https:\/\/divertarte.com\/index.php\/produto\/andorinha-3d-em-gesso-perfumado\/\" \/>\n<meta property=\"og:locale\" content=\"pt_PT\" \/>\n<meta property=\"og:type\" content=\"article\" \/>\n<meta property=\"og:title\" content=\"Andorinha 3d\u00a0em gesso perfumado -\" \/>\n<meta property=\"og:description\" content=\"Andorinha 3d\u00a0 em gesso perfumado Medidas 8\u00d77,5\u00d72 cm prendinha de casamento original ou para o dia dos Namorados (S\u00e3o Valentim), e Anivers\u00e1rio, Comunh\u00e3o.\" \/>\n<meta property=\"og:url\" content=\"https:\/\/divertarte.com\/index.php\/produto\/andorinha-3d-em-gesso-perfumado\/\" \/>\n<meta property=\"article:modified_time\" content=\"2025-11-06T13:23:35+00:00\" \/>\n<meta property=\"og:image\" content=\"https:\/\/divertarte.com\/wp-content\/uploads\/2024\/05\/andorinha-3d-gesso-sem-fita.jpg\" \/>\n\t<meta property=\"og:image:width\" content=\"302\" \/>\n\t<meta property=\"og:image:height\" content=\"300\" \/>\n\t<meta property=\"og:image:type\" content=\"image\/jpeg\" \/>\n<meta name=\"twitter:card\" content=\"summary_large_image\" \/>\n<script type=\"application\/ld+json\" class=\"yoast-schema-graph\">{\"@context\":\"https:\\\/\\\/schema.org\",\"@graph\":[{\"@type\":\"WebPage\",\"@id\":\"https:\\\/\\\/divertarte.com\\\/index.php\\\/produto\\\/andorinha-3d-em-gesso-perfumado\\\/\",\"url\":\"https:\\\/\\\/divertarte.com\\\/index.php\\\/produto\\\/andorinha-3d-em-gesso-perfumado\\\/\",\"name\":\"Andorinha 3d\u00a0em gesso perfumado -\",\"isPartOf\":{\"@id\":\"https:\\\/\\\/divertarte.com\\\/#website\"},\"primaryImageOfPage\":{\"@id\":\"https:\\\/\\\/divertarte.com\\\/index.php\\\/produto\\\/andorinha-3d-em-gesso-perfumado\\\/#primaryimage\"},\"image\":{\"@id\":\"https:\\\/\\\/divertarte.com\\\/index.php\\\/produto\\\/andorinha-3d-em-gesso-perfumado\\\/#primaryimage\"},\"thumbnailUrl\":\"https:\\\/\\\/divertarte.com\\\/wp-content\\\/uploads\\\/2024\\\/05\\\/andorinha-3d-gesso-sem-fita.jpg\",\"datePublished\":\"2024-05-25T14:08:21+00:00\",\"dateModified\":\"2025-11-06T13:23:35+00:00\",\"description\":\"Andorinha 3d\u00a0 em gesso perfumado Medidas 8\u00d77,5\u00d72 cm prendinha de casamento original ou para o dia dos Namorados (S\u00e3o Valentim), e Anivers\u00e1rio, Comunh\u00e3o.\",\"breadcrumb\":{\"@id\":\"https:\\\/\\\/divertarte.com\\\/index.php\\\/produto\\\/andorinha-3d-em-gesso-perfumado\\\/#breadcrumb\"},\"inLanguage\":\"pt-PT\",\"potentialAction\":[{\"@type\":\"ReadAction\",\"target\":[\"https:\\\/\\\/divertarte.com\\\/index.php\\\/produto\\\/andorinha-3d-em-gesso-perfumado\\\/\"]}]},{\"@type\":\"ImageObject\",\"inLanguage\":\"pt-PT\",\"@id\":\"https:\\\/\\\/divertarte.com\\\/index.php\\\/produto\\\/andorinha-3d-em-gesso-perfumado\\\/#primaryimage\",\"url\":\"https:\\\/\\\/divertarte.com\\\/wp-content\\\/uploads\\\/2024\\\/05\\\/andorinha-3d-gesso-sem-fita.jpg\",\"contentUrl\":\"https:\\\/\\\/divertarte.com\\\/wp-content\\\/uploads\\\/2024\\\/05\\\/andorinha-3d-gesso-sem-fita.jpg\",\"width\":302,\"height\":300},{\"@type\":\"BreadcrumbList\",\"@id\":\"https:\\\/\\\/divertarte.com\\\/index.php\\\/produto\\\/andorinha-3d-em-gesso-perfumado\\\/#breadcrumb\",\"itemListElement\":[{\"@type\":\"ListItem\",\"position\":1,\"name\":\"In\u00edcio\",\"item\":\"https:\\\/\\\/divertarte.com\\\/\"},{\"@type\":\"ListItem\",\"position\":2,\"name\":\"Loja\",\"item\":\"https:\\\/\\\/divertarte.com\\\/index.php\\\/divertarte-produtos\\\/\"},{\"@type\":\"ListItem\",\"position\":3,\"name\":\"Andorinha 3d\u00a0em gesso perfumado\"}]},{\"@type\":\"WebSite\",\"@id\":\"https:\\\/\\\/divertarte.com\\\/#website\",\"url\":\"https:\\\/\\\/divertarte.com\\\/\",\"name\":\"Divertarte\",\"description\":\"\",\"publisher\":{\"@id\":\"https:\\\/\\\/divertarte.com\\\/#organization\"},\"potentialAction\":[{\"@type\":\"SearchAction\",\"target\":{\"@type\":\"EntryPoint\",\"urlTemplate\":\"https:\\\/\\\/divertarte.com\\\/?s={search_term_string}\"},\"query-input\":{\"@type\":\"PropertyValueSpecification\",\"valueRequired\":true,\"valueName\":\"search_term_string\"}}],\"inLanguage\":\"pt-PT\"},{\"@type\":\"Organization\",\"@id\":\"https:\\\/\\\/divertarte.com\\\/#organization\",\"name\":\"Divertarte\",\"url\":\"https:\\\/\\\/divertarte.com\\\/\",\"logo\":{\"@type\":\"ImageObject\",\"inLanguage\":\"pt-PT\",\"@id\":\"https:\\\/\\\/divertarte.com\\\/#\\\/schema\\\/logo\\\/image\\\/\",\"url\":\"https:\\\/\\\/divertarte.com\\\/wp-content\\\/uploads\\\/2018\\\/07\\\/logo-div.jpg\",\"contentUrl\":\"https:\\\/\\\/divertarte.com\\\/wp-content\\\/uploads\\\/2018\\\/07\\\/logo-div.jpg\",\"width\":295,\"height\":123,\"caption\":\"Divertarte\"},\"image\":{\"@id\":\"https:\\\/\\\/divertarte.com\\\/#\\\/schema\\\/logo\\\/image\\\/\"}}]}<\/script>\n<!-- \/ Yoast SEO plugin. -->","yoast_head_json":{"title":"Andorinha 3d\u00a0em gesso perfumado -","description":"Andorinha 3d\u00a0 em gesso perfumado Medidas 8\u00d77,5\u00d72 cm prendinha de casamento original ou para o dia dos Namorados (S\u00e3o Valentim), e Anivers\u00e1rio, Comunh\u00e3o.","robots":{"index":"index","follow":"follow","max-snippet":"max-snippet:-1","max-image-preview":"max-image-preview:large","max-video-preview":"max-video-preview:-1"},"canonical":"https:\/\/divertarte.com\/index.php\/produto\/andorinha-3d-em-gesso-perfumado\/","og_locale":"pt_PT","og_type":"article","og_title":"Andorinha 3d\u00a0em gesso perfumado -","og_description":"Andorinha 3d\u00a0 em gesso perfumado Medidas 8\u00d77,5\u00d72 cm prendinha de casamento original ou para o dia dos Namorados (S\u00e3o Valentim), e Anivers\u00e1rio, Comunh\u00e3o.","og_url":"https:\/\/divertarte.com\/index.php\/produto\/andorinha-3d-em-gesso-perfumado\/","article_modified_time":"2025-11-06T13:23:35+00:00","og_image":[{"width":302,"height":300,"url":"https:\/\/divertarte.com\/wp-content\/uploads\/2024\/05\/andorinha-3d-gesso-sem-fita.jpg","type":"image\/jpeg"}],"twitter_card":"summary_large_image","schema":{"@context":"https:\/\/schema.org","@graph":[{"@type":"WebPage","@id":"https:\/\/divertarte.com\/index.php\/produto\/andorinha-3d-em-gesso-perfumado\/","url":"https:\/\/divertarte.com\/index.php\/produto\/andorinha-3d-em-gesso-perfumado\/","name":"Andorinha 3d\u00a0em gesso perfumado -","isPartOf":{"@id":"https:\/\/divertarte.com\/#website"},"primaryImageOfPage":{"@id":"https:\/\/divertarte.com\/index.php\/produto\/andorinha-3d-em-gesso-perfumado\/#primaryimage"},"image":{"@id":"https:\/\/divertarte.com\/index.php\/produto\/andorinha-3d-em-gesso-perfumado\/#primaryimage"},"thumbnailUrl":"https:\/\/divertarte.com\/wp-content\/uploads\/2024\/05\/andorinha-3d-gesso-sem-fita.jpg","datePublished":"2024-05-25T14:08:21+00:00","dateModified":"2025-11-06T13:23:35+00:00","description":"Andorinha 3d\u00a0 em gesso perfumado Medidas 8\u00d77,5\u00d72 cm prendinha de casamento original ou para o dia dos Namorados (S\u00e3o Valentim), e Anivers\u00e1rio, Comunh\u00e3o.","breadcrumb":{"@id":"https:\/\/divertarte.com\/index.php\/produto\/andorinha-3d-em-gesso-perfumado\/#breadcrumb"},"inLanguage":"pt-PT","potentialAction":[{"@type":"ReadAction","target":["https:\/\/divertarte.com\/index.php\/produto\/andorinha-3d-em-gesso-perfumado\/"]}]},{"@type":"ImageObject","inLanguage":"pt-PT","@id":"https:\/\/divertarte.com\/index.php\/produto\/andorinha-3d-em-gesso-perfumado\/#primaryimage","url":"https:\/\/divertarte.com\/wp-content\/uploads\/2024\/05\/andorinha-3d-gesso-sem-fita.jpg","contentUrl":"https:\/\/divertarte.com\/wp-content\/uploads\/2024\/05\/andorinha-3d-gesso-sem-fita.jpg","width":302,"height":300},{"@type":"BreadcrumbList","@id":"https:\/\/divertarte.com\/index.php\/produto\/andorinha-3d-em-gesso-perfumado\/#breadcrumb","itemListElement":[{"@type":"ListItem","position":1,"name":"In\u00edcio","item":"https:\/\/divertarte.com\/"},{"@type":"ListItem","position":2,"name":"Loja","item":"https:\/\/divertarte.com\/index.php\/divertarte-produtos\/"},{"@type":"ListItem","position":3,"name":"Andorinha 3d\u00a0em gesso perfumado"}]},{"@type":"WebSite","@id":"https:\/\/divertarte.com\/#website","url":"https:\/\/divertarte.com\/","name":"Divertarte","description":"","publisher":{"@id":"https:\/\/divertarte.com\/#organization"},"potentialAction":[{"@type":"SearchAction","target":{"@type":"EntryPoint","urlTemplate":"https:\/\/divertarte.com\/?s={search_term_string}"},"query-input":{"@type":"PropertyValueSpecification","valueRequired":true,"valueName":"search_term_string"}}],"inLanguage":"pt-PT"},{"@type":"Organization","@id":"https:\/\/divertarte.com\/#organization","name":"Divertarte","url":"https:\/\/divertarte.com\/","logo":{"@type":"ImageObject","inLanguage":"pt-PT","@id":"https:\/\/divertarte.com\/#\/schema\/logo\/image\/","url":"https:\/\/divertarte.com\/wp-content\/uploads\/2018\/07\/logo-div.jpg","contentUrl":"https:\/\/divertarte.com\/wp-content\/uploads\/2018\/07\/logo-div.jpg","width":295,"height":123,"caption":"Divertarte"},"image":{"@id":"https:\/\/divertarte.com\/#\/schema\/logo\/image\/"}}]}},"_links":{"self":[{"href":"https:\/\/divertarte.com\/index.php\/wp-json\/wp\/v2\/product\/20437","targetHints":{"allow":["GET"]}}],"collection":[{"href":"https:\/\/divertarte.com\/index.php\/wp-json\/wp\/v2\/product"}],"about":[{"href":"https:\/\/divertarte.com\/index.php\/wp-json\/wp\/v2\/types\/product"}],"replies":[{"embeddable":true,"href":"https:\/\/divertarte.com\/index.php\/wp-json\/wp\/v2\/comments?post=20437"}],"wp:featuredmedia":[{"embeddable":true,"href":"https:\/\/divertarte.com\/index.php\/wp-json\/wp\/v2\/media\/20441"}],"wp:attachment":[{"href":"https:\/\/divertarte.com\/index.php\/wp-json\/wp\/v2\/media?parent=20437"}],"wp:term":[{"taxonomy":"product_brand","embeddable":true,"href":"https:\/\/divertarte.com\/index.php\/wp-json\/wp\/v2\/product_brand?post=20437"},{"taxonomy":"product_cat","embeddable":true,"href":"https:\/\/divertarte.com\/index.php\/wp-json\/wp\/v2\/product_cat?post=20437"},{"taxonomy":"product_tag","embeddable":true,"href":"https:\/\/divertarte.com\/index.php\/wp-json\/wp\/v2\/product_tag?post=20437"}],"curies":[{"name":"wp","href":"https:\/\/api.w.org\/{rel}","templated":true}]}}