{"id":20421,"date":"2024-05-18T11:27:15","date_gmt":"2024-05-18T10:27:15","guid":{"rendered":"https:\/\/divertarte.com\/?post_type=product&#038;p=20421"},"modified":"2025-11-06T13:23:35","modified_gmt":"2025-11-06T13:23:35","slug":"base-de-cortica-quentinha-20x1cm","status":"publish","type":"product","link":"https:\/\/divertarte.com\/index.php\/produto\/base-de-cortica-quentinha-20x1cm\/","title":{"rendered":"Base de corti\u00e7a Quentinha 20x1cm"},"content":{"rendered":"<p>Base de corti\u00e7a Quentinha 20x1cm.<\/p>\n<p>Bases de corti\u00e7a totalmente personaliz\u00e1veis com desenhos, frases.<br \/>\nBases para copos, tachos, pratos quentes, decora\u00e7\u00e3o de mesas para restaurantes, bares, caf\u00e9s.<\/p>\n","protected":false},"excerpt":{"rendered":"<p>Base de corti\u00e7a Quentinha 20x1cm. Artigo criado por divertarte.com<\/p>\n<p>Manda-nos os teus desenhos ou frases para personaliza\u00e7\u00e3o. <a href=\"mailto:info@divertarte.com\">info@divertarte.com<\/a> Se preferires liga para 967964683<\/p>\n<p>&nbsp;<\/p>\n","protected":false},"featured_media":20420,"comment_status":"open","ping_status":"closed","template":"","meta":{"_exactmetrics_skip_tracking":false,"_exactmetrics_sitenote_active":false,"_exactmetrics_sitenote_note":"","_exactmetrics_sitenote_category":0},"product_brand":[],"product_cat":[1207],"product_tag":[],"class_list":{"0":"post-20421","1":"product","2":"type-product","3":"status-publish","4":"has-post-thumbnail","6":"product_cat-bases-em-cortica-personalizadas","8":"first","9":"instock","10":"taxable","11":"shipping-taxable","12":"purchasable","13":"product-type-simple"},"yoast_head":"<!-- This site is optimized with the Yoast SEO plugin v27.5 - https:\/\/yoast.com\/product\/yoast-seo-wordpress\/ -->\n<title>Base de corti\u00e7a Quentinha 20x1cm -<\/title>\n<meta name=\"description\" content=\"Base de corti\u00e7a Quentinha 20x1cm\" \/>\n<meta name=\"robots\" content=\"index, follow, max-snippet:-1, max-image-preview:large, max-video-preview:-1\" \/>\n<link rel=\"canonical\" href=\"https:\/\/divertarte.com\/index.php\/produto\/base-de-cortica-quentinha-20x1cm\/\" \/>\n<meta property=\"og:locale\" content=\"pt_PT\" \/>\n<meta property=\"og:type\" content=\"article\" \/>\n<meta property=\"og:title\" content=\"Base de corti\u00e7a Quentinha 20x1cm -\" \/>\n<meta property=\"og:description\" content=\"Base de corti\u00e7a Quentinha 20x1cm\" \/>\n<meta property=\"og:url\" content=\"https:\/\/divertarte.com\/index.php\/produto\/base-de-cortica-quentinha-20x1cm\/\" \/>\n<meta property=\"article:modified_time\" content=\"2025-11-06T13:23:35+00:00\" \/>\n<meta property=\"og:image\" content=\"https:\/\/divertarte.com\/wp-content\/uploads\/2024\/05\/Base-cortica-tacho-personalizada-20x1-div.jpg\" \/>\n\t<meta property=\"og:image:width\" content=\"300\" \/>\n\t<meta property=\"og:image:height\" content=\"300\" \/>\n\t<meta property=\"og:image:type\" content=\"image\/jpeg\" \/>\n<meta name=\"twitter:card\" content=\"summary_large_image\" \/>\n<script type=\"application\/ld+json\" class=\"yoast-schema-graph\">{\"@context\":\"https:\\\/\\\/schema.org\",\"@graph\":[{\"@type\":\"WebPage\",\"@id\":\"https:\\\/\\\/divertarte.com\\\/index.php\\\/produto\\\/base-de-cortica-quentinha-20x1cm\\\/\",\"url\":\"https:\\\/\\\/divertarte.com\\\/index.php\\\/produto\\\/base-de-cortica-quentinha-20x1cm\\\/\",\"name\":\"Base de corti\u00e7a Quentinha 20x1cm -\",\"isPartOf\":{\"@id\":\"https:\\\/\\\/divertarte.com\\\/#website\"},\"primaryImageOfPage\":{\"@id\":\"https:\\\/\\\/divertarte.com\\\/index.php\\\/produto\\\/base-de-cortica-quentinha-20x1cm\\\/#primaryimage\"},\"image\":{\"@id\":\"https:\\\/\\\/divertarte.com\\\/index.php\\\/produto\\\/base-de-cortica-quentinha-20x1cm\\\/#primaryimage\"},\"thumbnailUrl\":\"https:\\\/\\\/divertarte.com\\\/wp-content\\\/uploads\\\/2024\\\/05\\\/Base-cortica-tacho-personalizada-20x1-div.jpg\",\"datePublished\":\"2024-05-18T10:27:15+00:00\",\"dateModified\":\"2025-11-06T13:23:35+00:00\",\"description\":\"Base de corti\u00e7a Quentinha 20x1cm\",\"breadcrumb\":{\"@id\":\"https:\\\/\\\/divertarte.com\\\/index.php\\\/produto\\\/base-de-cortica-quentinha-20x1cm\\\/#breadcrumb\"},\"inLanguage\":\"pt-PT\",\"potentialAction\":[{\"@type\":\"ReadAction\",\"target\":[\"https:\\\/\\\/divertarte.com\\\/index.php\\\/produto\\\/base-de-cortica-quentinha-20x1cm\\\/\"]}]},{\"@type\":\"ImageObject\",\"inLanguage\":\"pt-PT\",\"@id\":\"https:\\\/\\\/divertarte.com\\\/index.php\\\/produto\\\/base-de-cortica-quentinha-20x1cm\\\/#primaryimage\",\"url\":\"https:\\\/\\\/divertarte.com\\\/wp-content\\\/uploads\\\/2024\\\/05\\\/Base-cortica-tacho-personalizada-20x1-div.jpg\",\"contentUrl\":\"https:\\\/\\\/divertarte.com\\\/wp-content\\\/uploads\\\/2024\\\/05\\\/Base-cortica-tacho-personalizada-20x1-div.jpg\",\"width\":300,\"height\":300},{\"@type\":\"BreadcrumbList\",\"@id\":\"https:\\\/\\\/divertarte.com\\\/index.php\\\/produto\\\/base-de-cortica-quentinha-20x1cm\\\/#breadcrumb\",\"itemListElement\":[{\"@type\":\"ListItem\",\"position\":1,\"name\":\"In\u00edcio\",\"item\":\"https:\\\/\\\/divertarte.com\\\/\"},{\"@type\":\"ListItem\",\"position\":2,\"name\":\"Loja\",\"item\":\"https:\\\/\\\/divertarte.com\\\/index.php\\\/divertarte-produtos\\\/\"},{\"@type\":\"ListItem\",\"position\":3,\"name\":\"Base de corti\u00e7a Quentinha 20x1cm\"}]},{\"@type\":\"WebSite\",\"@id\":\"https:\\\/\\\/divertarte.com\\\/#website\",\"url\":\"https:\\\/\\\/divertarte.com\\\/\",\"name\":\"Divertarte\",\"description\":\"\",\"publisher\":{\"@id\":\"https:\\\/\\\/divertarte.com\\\/#organization\"},\"potentialAction\":[{\"@type\":\"SearchAction\",\"target\":{\"@type\":\"EntryPoint\",\"urlTemplate\":\"https:\\\/\\\/divertarte.com\\\/?s={search_term_string}\"},\"query-input\":{\"@type\":\"PropertyValueSpecification\",\"valueRequired\":true,\"valueName\":\"search_term_string\"}}],\"inLanguage\":\"pt-PT\"},{\"@type\":\"Organization\",\"@id\":\"https:\\\/\\\/divertarte.com\\\/#organization\",\"name\":\"Divertarte\",\"url\":\"https:\\\/\\\/divertarte.com\\\/\",\"logo\":{\"@type\":\"ImageObject\",\"inLanguage\":\"pt-PT\",\"@id\":\"https:\\\/\\\/divertarte.com\\\/#\\\/schema\\\/logo\\\/image\\\/\",\"url\":\"https:\\\/\\\/divertarte.com\\\/wp-content\\\/uploads\\\/2018\\\/07\\\/logo-div.jpg\",\"contentUrl\":\"https:\\\/\\\/divertarte.com\\\/wp-content\\\/uploads\\\/2018\\\/07\\\/logo-div.jpg\",\"width\":295,\"height\":123,\"caption\":\"Divertarte\"},\"image\":{\"@id\":\"https:\\\/\\\/divertarte.com\\\/#\\\/schema\\\/logo\\\/image\\\/\"}}]}<\/script>\n<!-- \/ Yoast SEO plugin. -->","yoast_head_json":{"title":"Base de corti\u00e7a Quentinha 20x1cm -","description":"Base de corti\u00e7a Quentinha 20x1cm","robots":{"index":"index","follow":"follow","max-snippet":"max-snippet:-1","max-image-preview":"max-image-preview:large","max-video-preview":"max-video-preview:-1"},"canonical":"https:\/\/divertarte.com\/index.php\/produto\/base-de-cortica-quentinha-20x1cm\/","og_locale":"pt_PT","og_type":"article","og_title":"Base de corti\u00e7a Quentinha 20x1cm -","og_description":"Base de corti\u00e7a Quentinha 20x1cm","og_url":"https:\/\/divertarte.com\/index.php\/produto\/base-de-cortica-quentinha-20x1cm\/","article_modified_time":"2025-11-06T13:23:35+00:00","og_image":[{"width":300,"height":300,"url":"https:\/\/divertarte.com\/wp-content\/uploads\/2024\/05\/Base-cortica-tacho-personalizada-20x1-div.jpg","type":"image\/jpeg"}],"twitter_card":"summary_large_image","schema":{"@context":"https:\/\/schema.org","@graph":[{"@type":"WebPage","@id":"https:\/\/divertarte.com\/index.php\/produto\/base-de-cortica-quentinha-20x1cm\/","url":"https:\/\/divertarte.com\/index.php\/produto\/base-de-cortica-quentinha-20x1cm\/","name":"Base de corti\u00e7a Quentinha 20x1cm -","isPartOf":{"@id":"https:\/\/divertarte.com\/#website"},"primaryImageOfPage":{"@id":"https:\/\/divertarte.com\/index.php\/produto\/base-de-cortica-quentinha-20x1cm\/#primaryimage"},"image":{"@id":"https:\/\/divertarte.com\/index.php\/produto\/base-de-cortica-quentinha-20x1cm\/#primaryimage"},"thumbnailUrl":"https:\/\/divertarte.com\/wp-content\/uploads\/2024\/05\/Base-cortica-tacho-personalizada-20x1-div.jpg","datePublished":"2024-05-18T10:27:15+00:00","dateModified":"2025-11-06T13:23:35+00:00","description":"Base de corti\u00e7a Quentinha 20x1cm","breadcrumb":{"@id":"https:\/\/divertarte.com\/index.php\/produto\/base-de-cortica-quentinha-20x1cm\/#breadcrumb"},"inLanguage":"pt-PT","potentialAction":[{"@type":"ReadAction","target":["https:\/\/divertarte.com\/index.php\/produto\/base-de-cortica-quentinha-20x1cm\/"]}]},{"@type":"ImageObject","inLanguage":"pt-PT","@id":"https:\/\/divertarte.com\/index.php\/produto\/base-de-cortica-quentinha-20x1cm\/#primaryimage","url":"https:\/\/divertarte.com\/wp-content\/uploads\/2024\/05\/Base-cortica-tacho-personalizada-20x1-div.jpg","contentUrl":"https:\/\/divertarte.com\/wp-content\/uploads\/2024\/05\/Base-cortica-tacho-personalizada-20x1-div.jpg","width":300,"height":300},{"@type":"BreadcrumbList","@id":"https:\/\/divertarte.com\/index.php\/produto\/base-de-cortica-quentinha-20x1cm\/#breadcrumb","itemListElement":[{"@type":"ListItem","position":1,"name":"In\u00edcio","item":"https:\/\/divertarte.com\/"},{"@type":"ListItem","position":2,"name":"Loja","item":"https:\/\/divertarte.com\/index.php\/divertarte-produtos\/"},{"@type":"ListItem","position":3,"name":"Base de corti\u00e7a Quentinha 20x1cm"}]},{"@type":"WebSite","@id":"https:\/\/divertarte.com\/#website","url":"https:\/\/divertarte.com\/","name":"Divertarte","description":"","publisher":{"@id":"https:\/\/divertarte.com\/#organization"},"potentialAction":[{"@type":"SearchAction","target":{"@type":"EntryPoint","urlTemplate":"https:\/\/divertarte.com\/?s={search_term_string}"},"query-input":{"@type":"PropertyValueSpecification","valueRequired":true,"valueName":"search_term_string"}}],"inLanguage":"pt-PT"},{"@type":"Organization","@id":"https:\/\/divertarte.com\/#organization","name":"Divertarte","url":"https:\/\/divertarte.com\/","logo":{"@type":"ImageObject","inLanguage":"pt-PT","@id":"https:\/\/divertarte.com\/#\/schema\/logo\/image\/","url":"https:\/\/divertarte.com\/wp-content\/uploads\/2018\/07\/logo-div.jpg","contentUrl":"https:\/\/divertarte.com\/wp-content\/uploads\/2018\/07\/logo-div.jpg","width":295,"height":123,"caption":"Divertarte"},"image":{"@id":"https:\/\/divertarte.com\/#\/schema\/logo\/image\/"}}]}},"_links":{"self":[{"href":"https:\/\/divertarte.com\/index.php\/wp-json\/wp\/v2\/product\/20421","targetHints":{"allow":["GET"]}}],"collection":[{"href":"https:\/\/divertarte.com\/index.php\/wp-json\/wp\/v2\/product"}],"about":[{"href":"https:\/\/divertarte.com\/index.php\/wp-json\/wp\/v2\/types\/product"}],"replies":[{"embeddable":true,"href":"https:\/\/divertarte.com\/index.php\/wp-json\/wp\/v2\/comments?post=20421"}],"wp:featuredmedia":[{"embeddable":true,"href":"https:\/\/divertarte.com\/index.php\/wp-json\/wp\/v2\/media\/20420"}],"wp:attachment":[{"href":"https:\/\/divertarte.com\/index.php\/wp-json\/wp\/v2\/media?parent=20421"}],"wp:term":[{"taxonomy":"product_brand","embeddable":true,"href":"https:\/\/divertarte.com\/index.php\/wp-json\/wp\/v2\/product_brand?post=20421"},{"taxonomy":"product_cat","embeddable":true,"href":"https:\/\/divertarte.com\/index.php\/wp-json\/wp\/v2\/product_cat?post=20421"},{"taxonomy":"product_tag","embeddable":true,"href":"https:\/\/divertarte.com\/index.php\/wp-json\/wp\/v2\/product_tag?post=20421"}],"curies":[{"name":"wp","href":"https:\/\/api.w.org\/{rel}","templated":true}]}}