{"id":2042,"date":"2018-06-07T14:12:20","date_gmt":"2018-06-07T13:12:20","guid":{"rendered":"https:\/\/divertarte.com\/index.php\/produto\/carrinho-bebe-2\/"},"modified":"2025-11-06T13:50:35","modified_gmt":"2025-11-06T13:50:35","slug":"carrinho-bebe-2","status":"publish","type":"product","link":"https:\/\/divertarte.com\/index.php\/produto\/carrinho-bebe-2\/","title":{"rendered":"CARRINHO BEB\u00c9 2"},"content":{"rendered":"<p>Carrinho de Beb\u00e9, molde de silicone &#8211; Medida (aproximada) da pe\u00e7a final 4,5 x 3,8 x 1,6 cm. Aconselhado para : aplica\u00e7\u00f5es em sabonetes, velas em parafina ou gel.<\/p>\n<p>Al\u00e9m disso pode usar massas de modelar, ceras, gessos, resinas, para colocar em prendinhas, convites<\/p>\n<p>N\u00e3o aconselhado usar produtos aliment\u00edcios. Feito por encomenda.<\/p>\n","protected":false},"excerpt":{"rendered":"<p>Carrinho de Beb\u00e9, molde de silicone &#8211; Medida (aproximada) da pe\u00e7a final 4,5 x 3,8 x 1,6 cm. Aconselhado para : aplica\u00e7\u00f5es em sabonetes, velas em parafina ou gel.<\/p>\n<p>Al\u00e9m disso pode usar massas de modelar, ceras, gessos, resinas, para colocar em prendinhas, convites<\/p>\n<p>N\u00e3o aconselhado usar produtos aliment\u00edcios. Feito por encomenda.<\/p>\n","protected":false},"featured_media":8861,"comment_status":"closed","ping_status":"closed","template":"","meta":{"_exactmetrics_skip_tracking":false,"_exactmetrics_sitenote_active":false,"_exactmetrics_sitenote_note":"","_exactmetrics_sitenote_category":0},"product_brand":[],"product_cat":[82,334,15],"product_tag":[],"class_list":{"0":"post-2042","1":"product","2":"type-product","3":"status-publish","4":"has-post-thumbnail","6":"product_cat-moldes-bebes-infantis","7":"product_cat-moldes-biscuit-porcelana-fria","8":"product_cat-ver-todos-os-produtos","10":"first","11":"instock","12":"taxable","13":"shipping-taxable","14":"purchasable","15":"product-type-simple"},"yoast_head":"<!-- This site is optimized with the Yoast SEO plugin v27.4 - https:\/\/yoast.com\/product\/yoast-seo-wordpress\/ -->\n<title>CARRINHO BEB\u00c9 2 -<\/title>\n<meta name=\"robots\" content=\"index, follow, max-snippet:-1, max-image-preview:large, max-video-preview:-1\" \/>\n<link rel=\"canonical\" href=\"https:\/\/divertarte.com\/index.php\/produto\/carrinho-bebe-2\/\" \/>\n<meta property=\"og:locale\" content=\"pt_PT\" \/>\n<meta property=\"og:type\" content=\"article\" \/>\n<meta property=\"og:title\" content=\"CARRINHO BEB\u00c9 2 -\" \/>\n<meta property=\"og:description\" content=\"Carrinho de Beb\u00e9, molde de silicone - Medida (aproximada) da pe\u00e7a final 4,5 x 3,8 x 1,6 cm. Aconselhado para : aplica\u00e7\u00f5es em sabonetes, velas em parafina ou gel.  Al\u00e9m disso pode usar massas de modelar, ceras, gessos, resinas, para colocar em prendinhas, convites  N\u00e3o aconselhado usar produtos aliment\u00edcios. Feito por encomenda.\" \/>\n<meta property=\"og:url\" content=\"https:\/\/divertarte.com\/index.php\/produto\/carrinho-bebe-2\/\" \/>\n<meta property=\"article:modified_time\" content=\"2025-11-06T13:50:35+00:00\" \/>\n<meta property=\"og:image\" content=\"https:\/\/divertarte.com\/wp-content\/uploads\/2018\/06\/carrinho-bebe-2.jpg\" \/>\n\t<meta property=\"og:image:width\" content=\"300\" \/>\n\t<meta property=\"og:image:height\" content=\"300\" \/>\n\t<meta property=\"og:image:type\" content=\"image\/jpeg\" \/>\n<meta name=\"twitter:card\" content=\"summary_large_image\" \/>\n<script type=\"application\/ld+json\" class=\"yoast-schema-graph\">{\"@context\":\"https:\\\/\\\/schema.org\",\"@graph\":[{\"@type\":\"WebPage\",\"@id\":\"https:\\\/\\\/divertarte.com\\\/index.php\\\/produto\\\/carrinho-bebe-2\\\/\",\"url\":\"https:\\\/\\\/divertarte.com\\\/index.php\\\/produto\\\/carrinho-bebe-2\\\/\",\"name\":\"CARRINHO BEB\u00c9 2 -\",\"isPartOf\":{\"@id\":\"https:\\\/\\\/divertarte.com\\\/#website\"},\"primaryImageOfPage\":{\"@id\":\"https:\\\/\\\/divertarte.com\\\/index.php\\\/produto\\\/carrinho-bebe-2\\\/#primaryimage\"},\"image\":{\"@id\":\"https:\\\/\\\/divertarte.com\\\/index.php\\\/produto\\\/carrinho-bebe-2\\\/#primaryimage\"},\"thumbnailUrl\":\"https:\\\/\\\/divertarte.com\\\/wp-content\\\/uploads\\\/2018\\\/06\\\/carrinho-bebe-2.jpg\",\"datePublished\":\"2018-06-07T13:12:20+00:00\",\"dateModified\":\"2025-11-06T13:50:35+00:00\",\"breadcrumb\":{\"@id\":\"https:\\\/\\\/divertarte.com\\\/index.php\\\/produto\\\/carrinho-bebe-2\\\/#breadcrumb\"},\"inLanguage\":\"pt-PT\",\"potentialAction\":[{\"@type\":\"ReadAction\",\"target\":[\"https:\\\/\\\/divertarte.com\\\/index.php\\\/produto\\\/carrinho-bebe-2\\\/\"]}]},{\"@type\":\"ImageObject\",\"inLanguage\":\"pt-PT\",\"@id\":\"https:\\\/\\\/divertarte.com\\\/index.php\\\/produto\\\/carrinho-bebe-2\\\/#primaryimage\",\"url\":\"https:\\\/\\\/divertarte.com\\\/wp-content\\\/uploads\\\/2018\\\/06\\\/carrinho-bebe-2.jpg\",\"contentUrl\":\"https:\\\/\\\/divertarte.com\\\/wp-content\\\/uploads\\\/2018\\\/06\\\/carrinho-bebe-2.jpg\",\"width\":300,\"height\":300},{\"@type\":\"BreadcrumbList\",\"@id\":\"https:\\\/\\\/divertarte.com\\\/index.php\\\/produto\\\/carrinho-bebe-2\\\/#breadcrumb\",\"itemListElement\":[{\"@type\":\"ListItem\",\"position\":1,\"name\":\"In\u00edcio\",\"item\":\"https:\\\/\\\/divertarte.com\\\/\"},{\"@type\":\"ListItem\",\"position\":2,\"name\":\"Loja\",\"item\":\"https:\\\/\\\/divertarte.com\\\/index.php\\\/divertarte-produtos\\\/\"},{\"@type\":\"ListItem\",\"position\":3,\"name\":\"CARRINHO BEB\u00c9 2\"}]},{\"@type\":\"WebSite\",\"@id\":\"https:\\\/\\\/divertarte.com\\\/#website\",\"url\":\"https:\\\/\\\/divertarte.com\\\/\",\"name\":\"Divertarte\",\"description\":\"\",\"publisher\":{\"@id\":\"https:\\\/\\\/divertarte.com\\\/#organization\"},\"potentialAction\":[{\"@type\":\"SearchAction\",\"target\":{\"@type\":\"EntryPoint\",\"urlTemplate\":\"https:\\\/\\\/divertarte.com\\\/?s={search_term_string}\"},\"query-input\":{\"@type\":\"PropertyValueSpecification\",\"valueRequired\":true,\"valueName\":\"search_term_string\"}}],\"inLanguage\":\"pt-PT\"},{\"@type\":\"Organization\",\"@id\":\"https:\\\/\\\/divertarte.com\\\/#organization\",\"name\":\"Divertarte\",\"url\":\"https:\\\/\\\/divertarte.com\\\/\",\"logo\":{\"@type\":\"ImageObject\",\"inLanguage\":\"pt-PT\",\"@id\":\"https:\\\/\\\/divertarte.com\\\/#\\\/schema\\\/logo\\\/image\\\/\",\"url\":\"https:\\\/\\\/divertarte.com\\\/wp-content\\\/uploads\\\/2018\\\/07\\\/logo-div.jpg\",\"contentUrl\":\"https:\\\/\\\/divertarte.com\\\/wp-content\\\/uploads\\\/2018\\\/07\\\/logo-div.jpg\",\"width\":295,\"height\":123,\"caption\":\"Divertarte\"},\"image\":{\"@id\":\"https:\\\/\\\/divertarte.com\\\/#\\\/schema\\\/logo\\\/image\\\/\"}}]}<\/script>\n<!-- \/ Yoast SEO plugin. -->","yoast_head_json":{"title":"CARRINHO BEB\u00c9 2 -","robots":{"index":"index","follow":"follow","max-snippet":"max-snippet:-1","max-image-preview":"max-image-preview:large","max-video-preview":"max-video-preview:-1"},"canonical":"https:\/\/divertarte.com\/index.php\/produto\/carrinho-bebe-2\/","og_locale":"pt_PT","og_type":"article","og_title":"CARRINHO BEB\u00c9 2 -","og_description":"Carrinho de Beb\u00e9, molde de silicone - Medida (aproximada) da pe\u00e7a final 4,5 x 3,8 x 1,6 cm. Aconselhado para : aplica\u00e7\u00f5es em sabonetes, velas em parafina ou gel.  Al\u00e9m disso pode usar massas de modelar, ceras, gessos, resinas, para colocar em prendinhas, convites  N\u00e3o aconselhado usar produtos aliment\u00edcios. Feito por encomenda.","og_url":"https:\/\/divertarte.com\/index.php\/produto\/carrinho-bebe-2\/","article_modified_time":"2025-11-06T13:50:35+00:00","og_image":[{"width":300,"height":300,"url":"https:\/\/divertarte.com\/wp-content\/uploads\/2018\/06\/carrinho-bebe-2.jpg","type":"image\/jpeg"}],"twitter_card":"summary_large_image","schema":{"@context":"https:\/\/schema.org","@graph":[{"@type":"WebPage","@id":"https:\/\/divertarte.com\/index.php\/produto\/carrinho-bebe-2\/","url":"https:\/\/divertarte.com\/index.php\/produto\/carrinho-bebe-2\/","name":"CARRINHO BEB\u00c9 2 -","isPartOf":{"@id":"https:\/\/divertarte.com\/#website"},"primaryImageOfPage":{"@id":"https:\/\/divertarte.com\/index.php\/produto\/carrinho-bebe-2\/#primaryimage"},"image":{"@id":"https:\/\/divertarte.com\/index.php\/produto\/carrinho-bebe-2\/#primaryimage"},"thumbnailUrl":"https:\/\/divertarte.com\/wp-content\/uploads\/2018\/06\/carrinho-bebe-2.jpg","datePublished":"2018-06-07T13:12:20+00:00","dateModified":"2025-11-06T13:50:35+00:00","breadcrumb":{"@id":"https:\/\/divertarte.com\/index.php\/produto\/carrinho-bebe-2\/#breadcrumb"},"inLanguage":"pt-PT","potentialAction":[{"@type":"ReadAction","target":["https:\/\/divertarte.com\/index.php\/produto\/carrinho-bebe-2\/"]}]},{"@type":"ImageObject","inLanguage":"pt-PT","@id":"https:\/\/divertarte.com\/index.php\/produto\/carrinho-bebe-2\/#primaryimage","url":"https:\/\/divertarte.com\/wp-content\/uploads\/2018\/06\/carrinho-bebe-2.jpg","contentUrl":"https:\/\/divertarte.com\/wp-content\/uploads\/2018\/06\/carrinho-bebe-2.jpg","width":300,"height":300},{"@type":"BreadcrumbList","@id":"https:\/\/divertarte.com\/index.php\/produto\/carrinho-bebe-2\/#breadcrumb","itemListElement":[{"@type":"ListItem","position":1,"name":"In\u00edcio","item":"https:\/\/divertarte.com\/"},{"@type":"ListItem","position":2,"name":"Loja","item":"https:\/\/divertarte.com\/index.php\/divertarte-produtos\/"},{"@type":"ListItem","position":3,"name":"CARRINHO BEB\u00c9 2"}]},{"@type":"WebSite","@id":"https:\/\/divertarte.com\/#website","url":"https:\/\/divertarte.com\/","name":"Divertarte","description":"","publisher":{"@id":"https:\/\/divertarte.com\/#organization"},"potentialAction":[{"@type":"SearchAction","target":{"@type":"EntryPoint","urlTemplate":"https:\/\/divertarte.com\/?s={search_term_string}"},"query-input":{"@type":"PropertyValueSpecification","valueRequired":true,"valueName":"search_term_string"}}],"inLanguage":"pt-PT"},{"@type":"Organization","@id":"https:\/\/divertarte.com\/#organization","name":"Divertarte","url":"https:\/\/divertarte.com\/","logo":{"@type":"ImageObject","inLanguage":"pt-PT","@id":"https:\/\/divertarte.com\/#\/schema\/logo\/image\/","url":"https:\/\/divertarte.com\/wp-content\/uploads\/2018\/07\/logo-div.jpg","contentUrl":"https:\/\/divertarte.com\/wp-content\/uploads\/2018\/07\/logo-div.jpg","width":295,"height":123,"caption":"Divertarte"},"image":{"@id":"https:\/\/divertarte.com\/#\/schema\/logo\/image\/"}}]}},"_links":{"self":[{"href":"https:\/\/divertarte.com\/index.php\/wp-json\/wp\/v2\/product\/2042","targetHints":{"allow":["GET"]}}],"collection":[{"href":"https:\/\/divertarte.com\/index.php\/wp-json\/wp\/v2\/product"}],"about":[{"href":"https:\/\/divertarte.com\/index.php\/wp-json\/wp\/v2\/types\/product"}],"replies":[{"embeddable":true,"href":"https:\/\/divertarte.com\/index.php\/wp-json\/wp\/v2\/comments?post=2042"}],"wp:featuredmedia":[{"embeddable":true,"href":"https:\/\/divertarte.com\/index.php\/wp-json\/wp\/v2\/media\/8861"}],"wp:attachment":[{"href":"https:\/\/divertarte.com\/index.php\/wp-json\/wp\/v2\/media?parent=2042"}],"wp:term":[{"taxonomy":"product_brand","embeddable":true,"href":"https:\/\/divertarte.com\/index.php\/wp-json\/wp\/v2\/product_brand?post=2042"},{"taxonomy":"product_cat","embeddable":true,"href":"https:\/\/divertarte.com\/index.php\/wp-json\/wp\/v2\/product_cat?post=2042"},{"taxonomy":"product_tag","embeddable":true,"href":"https:\/\/divertarte.com\/index.php\/wp-json\/wp\/v2\/product_tag?post=2042"}],"curies":[{"name":"wp","href":"https:\/\/api.w.org\/{rel}","templated":true}]}}