{"id":20304,"date":"2024-04-20T18:35:18","date_gmt":"2024-04-20T17:35:18","guid":{"rendered":"https:\/\/divertarte.com\/?post_type=product&#038;p=20304"},"modified":"2025-11-06T13:23:35","modified_gmt":"2025-11-06T13:23:35","slug":"workshop-de-velas-aromaticas-por-modulos","status":"publish","type":"product","link":"https:\/\/divertarte.com\/index.php\/produto\/workshop-de-velas-aromaticas-por-modulos\/","title":{"rendered":".Workshop Velas"},"content":{"rendered":"<p>.Workshop Velas<\/p>\n<div>\n<div>\n<div>\n<p>Nestes Workshops ter\u00e1s a oportunidade de fazer as tuas pr\u00f3prias velas perfumadas, utilizando todos os materiais necess\u00e1rios. Vais conhecer as suas especificidades e como eles se interligam, com grande facilidade. Novas t\u00e9cnicas e dicas, garantindo-te capcidades para que n\u00e3o haja desperd\u00edcio.<\/p>\n<p>Dividimos o Curso de Velas em v\u00e1rios m\u00f3dulos cada um com 3 horas de dura\u00e7\u00e3o. Nas &#8220;Op\u00e7\u00f5es&#8221; indicamos todos os m\u00f3dulos para poderes escolher o que mais te conv\u00e9m.<\/p>\n<p>Todo o conhecimento transmitido, todos os materiais utilizados no teu projeto est\u00e3o incluidos no pagamento, excluindo os moldes, term\u00f3metro e pistola de calor (utensilios) que podem ser comprados posteriormente.<\/p>\n<p>Levas as velas que fizeste, bem como um certificado de participa\u00e7\u00e3o.<\/p>\n<\/div>\n<p>Criar uma maneira agrad\u00e1vel de aumentar os nossos rendimenros ou mesmo uma nova forma de vida, al\u00e9m disso cria um novo neg\u00f3cio \u00e0 semelhan\u00e7a de tantos outros participantes destes workshops.<\/p>\n<p>Os nossos produtos s\u00e3o todos testados e s\u00e3o usados nos nossos trabalhos, sendo bem utilizados evita-se estragar o\u00a0 projeto, e torna o nosso trabalho mais facil e uma forte fonte de rendimento, evitando o desperd\u00edcio. Assim,\u00a0 garantimos um bom produto no mercado<\/p>\n<\/div>\n<div>\n<div>Acrescenta mais rendimento ao teu rendimento !<\/div>\n<\/div>\n<\/div>\n<p>&nbsp;<\/p>\n","protected":false},"excerpt":{"rendered":"<p>Workshop de Velas arom\u00e1ticas por m\u00f3dulos<\/p>\n<div>\n<div>\n<div>\n<p>Nestes Workshops ter\u00e1s a oportunidade de fazer as tuas pr\u00f3prias velas perfumadas, utilizando todos os materiais necess\u00e1rios. Vais conhecer as suas especificidades e como eles se interligam, com grande facilidade. Novas t\u00e9cnicas e dicas, garantindo-te capcidades para que n\u00e3o haja desperd\u00edcio.<\/p>\n<p>Dividimos o Curso de Velas em v\u00e1rios m\u00f3dulos cada um com 3 horas de dura\u00e7\u00e3o. Nas &#8220;Op\u00e7\u00f5es&#8221; indicamos todos os m\u00f3dulos para poderes escolher o que mais te conv\u00e9m.<\/p>\n<p><strong>Introduzimos as Velas em Gel<\/strong><\/p>\n<p><strong>Introduzimos 1 workshop \u00e0 6a. feira s\u00f3 para &#8220;TIRAR D\u00daVIDAS&#8221;, <\/strong>exemplo<strong>:<\/strong> <span style=\"color: #0000ff;\"><em>porque \u00e9 que a vela faz buraco, propor\u00e7\u00f5es dos produtos, como alisar uma vela, como fazer sobressair os elementos numa vela e muito mais<\/em><\/span>. <strong>Inscreve-te e n\u00f3s ajudamos !<\/strong><\/p>\n<p>Todo o conhecimento transmitido, todos os materiais utilizados no teu projeto est\u00e3o incluidos no pagamento, excluindo os moldes, term\u00f3metro e pistola de calor (utensilios) que podem ser comprados posteriormente.<\/p>\n<p>Levas as velas que fizeste, bem como um certificado de participa\u00e7\u00e3o.<\/p>\n<\/div>\n<p>Criar uma maneira agrad\u00e1vel de aumentar os nossos rendimenros ou mesmo uma nova forma de vida, al\u00e9m disso cria um novo neg\u00f3cio \u00e0 semelhan\u00e7a de tantos outros participantes destes workshops.<\/p>\n<p>Os nossos produtos s\u00e3o todos testados e s\u00e3o usados nos nossos trabalhos, sendo bem utilizados evita-se estragar o\u00a0 projeto, e torna o nosso trabalho mais facil e uma forte fonte de rendimento, evitando o desperd\u00edcio. Assim,\u00a0 garantimos um bom produto no mercado<\/p>\n<\/div>\n<div>\n<div>Acrescenta mais rendimento ao teu rendimento !<\/div>\n<div>Estamos na regi\u00e3o de Set\u00fabal (Poceir\u00e3o)<\/div>\n<\/div>\n<\/div>\n","protected":false},"featured_media":20305,"comment_status":"open","ping_status":"closed","template":"","meta":{"_exactmetrics_skip_tracking":false,"_exactmetrics_sitenote_active":false,"_exactmetrics_sitenote_note":"","_exactmetrics_sitenote_category":0},"product_brand":[],"product_cat":[783,47,946],"product_tag":[1174,1142,1345,870,1344,1173],"class_list":{"0":"post-20304","1":"product","2":"type-product","3":"status-publish","4":"has-post-thumbnail","6":"product_cat-cursos","7":"product_cat-cursos-workshops","8":"product_cat-workshops","9":"product_tag-cursos-de-velas","10":"product_tag-workshop-velas","11":"product_tag-workshop-velas-gel","12":"product_tag-workshops","13":"product_tag-workshops-tira-duvidas-nas-velas","14":"product_tag-workshops-velas-setubal","16":"first","17":"instock","18":"taxable","19":"shipping-taxable","20":"purchasable","21":"product-type-variable"},"yoast_head":"<!-- This site is optimized with the Yoast SEO plugin v27.4 - https:\/\/yoast.com\/product\/yoast-seo-wordpress\/ -->\n<title>.Workshop Velas -<\/title>\n<meta name=\"description\" content=\"Workshop de Velas por m\u00f3dulos. cada m\u00f3dulo com 3 horas de dura\u00e7\u00e3o. Acrescenta mais rendimento ao teu rendimento! Estamos na Regi\u00e3o de Setubal (Poceir\u00e3o)\" \/>\n<meta name=\"robots\" content=\"index, follow, max-snippet:-1, max-image-preview:large, max-video-preview:-1\" \/>\n<link rel=\"canonical\" href=\"https:\/\/divertarte.com\/index.php\/produto\/workshop-de-velas-aromaticas-por-modulos\/\" \/>\n<meta property=\"og:locale\" content=\"pt_PT\" \/>\n<meta property=\"og:type\" content=\"article\" \/>\n<meta property=\"og:title\" content=\".Workshop Velas -\" \/>\n<meta property=\"og:description\" content=\"Workshop de Velas por m\u00f3dulos. cada m\u00f3dulo com 3 horas de dura\u00e7\u00e3o. Acrescenta mais rendimento ao teu rendimento! Estamos na Regi\u00e3o de Setubal (Poceir\u00e3o)\" \/>\n<meta property=\"og:url\" content=\"https:\/\/divertarte.com\/index.php\/produto\/workshop-de-velas-aromaticas-por-modulos\/\" \/>\n<meta property=\"article:modified_time\" content=\"2025-11-06T13:23:35+00:00\" \/>\n<meta property=\"og:image\" content=\"https:\/\/divertarte.com\/wp-content\/uploads\/2024\/04\/Workshop-de-Velas-aromaticas-por-modulos.jpg\" \/>\n\t<meta property=\"og:image:width\" content=\"300\" \/>\n\t<meta property=\"og:image:height\" content=\"300\" \/>\n\t<meta property=\"og:image:type\" content=\"image\/jpeg\" \/>\n<meta name=\"twitter:card\" content=\"summary_large_image\" \/>\n<meta name=\"twitter:label1\" content=\"Tempo estimado de leitura\" \/>\n\t<meta name=\"twitter:data1\" content=\"1 minuto\" \/>\n<script type=\"application\/ld+json\" class=\"yoast-schema-graph\">{\"@context\":\"https:\\\/\\\/schema.org\",\"@graph\":[{\"@type\":\"WebPage\",\"@id\":\"https:\\\/\\\/divertarte.com\\\/index.php\\\/produto\\\/workshop-de-velas-aromaticas-por-modulos\\\/\",\"url\":\"https:\\\/\\\/divertarte.com\\\/index.php\\\/produto\\\/workshop-de-velas-aromaticas-por-modulos\\\/\",\"name\":\".Workshop Velas -\",\"isPartOf\":{\"@id\":\"https:\\\/\\\/divertarte.com\\\/#website\"},\"primaryImageOfPage\":{\"@id\":\"https:\\\/\\\/divertarte.com\\\/index.php\\\/produto\\\/workshop-de-velas-aromaticas-por-modulos\\\/#primaryimage\"},\"image\":{\"@id\":\"https:\\\/\\\/divertarte.com\\\/index.php\\\/produto\\\/workshop-de-velas-aromaticas-por-modulos\\\/#primaryimage\"},\"thumbnailUrl\":\"https:\\\/\\\/divertarte.com\\\/wp-content\\\/uploads\\\/2024\\\/04\\\/Workshop-de-Velas-aromaticas-por-modulos.jpg\",\"datePublished\":\"2024-04-20T17:35:18+00:00\",\"dateModified\":\"2025-11-06T13:23:35+00:00\",\"description\":\"Workshop de Velas por m\u00f3dulos. cada m\u00f3dulo com 3 horas de dura\u00e7\u00e3o. Acrescenta mais rendimento ao teu rendimento! Estamos na Regi\u00e3o de Setubal (Poceir\u00e3o)\",\"breadcrumb\":{\"@id\":\"https:\\\/\\\/divertarte.com\\\/index.php\\\/produto\\\/workshop-de-velas-aromaticas-por-modulos\\\/#breadcrumb\"},\"inLanguage\":\"pt-PT\",\"potentialAction\":[{\"@type\":\"ReadAction\",\"target\":[\"https:\\\/\\\/divertarte.com\\\/index.php\\\/produto\\\/workshop-de-velas-aromaticas-por-modulos\\\/\"]}]},{\"@type\":\"ImageObject\",\"inLanguage\":\"pt-PT\",\"@id\":\"https:\\\/\\\/divertarte.com\\\/index.php\\\/produto\\\/workshop-de-velas-aromaticas-por-modulos\\\/#primaryimage\",\"url\":\"https:\\\/\\\/divertarte.com\\\/wp-content\\\/uploads\\\/2024\\\/04\\\/Workshop-de-Velas-aromaticas-por-modulos.jpg\",\"contentUrl\":\"https:\\\/\\\/divertarte.com\\\/wp-content\\\/uploads\\\/2024\\\/04\\\/Workshop-de-Velas-aromaticas-por-modulos.jpg\",\"width\":300,\"height\":300},{\"@type\":\"BreadcrumbList\",\"@id\":\"https:\\\/\\\/divertarte.com\\\/index.php\\\/produto\\\/workshop-de-velas-aromaticas-por-modulos\\\/#breadcrumb\",\"itemListElement\":[{\"@type\":\"ListItem\",\"position\":1,\"name\":\"In\u00edcio\",\"item\":\"https:\\\/\\\/divertarte.com\\\/\"},{\"@type\":\"ListItem\",\"position\":2,\"name\":\"Loja\",\"item\":\"https:\\\/\\\/divertarte.com\\\/index.php\\\/divertarte-produtos\\\/\"},{\"@type\":\"ListItem\",\"position\":3,\"name\":\".Workshop Velas\"}]},{\"@type\":\"WebSite\",\"@id\":\"https:\\\/\\\/divertarte.com\\\/#website\",\"url\":\"https:\\\/\\\/divertarte.com\\\/\",\"name\":\"Divertarte\",\"description\":\"\",\"publisher\":{\"@id\":\"https:\\\/\\\/divertarte.com\\\/#organization\"},\"potentialAction\":[{\"@type\":\"SearchAction\",\"target\":{\"@type\":\"EntryPoint\",\"urlTemplate\":\"https:\\\/\\\/divertarte.com\\\/?s={search_term_string}\"},\"query-input\":{\"@type\":\"PropertyValueSpecification\",\"valueRequired\":true,\"valueName\":\"search_term_string\"}}],\"inLanguage\":\"pt-PT\"},{\"@type\":\"Organization\",\"@id\":\"https:\\\/\\\/divertarte.com\\\/#organization\",\"name\":\"Divertarte\",\"url\":\"https:\\\/\\\/divertarte.com\\\/\",\"logo\":{\"@type\":\"ImageObject\",\"inLanguage\":\"pt-PT\",\"@id\":\"https:\\\/\\\/divertarte.com\\\/#\\\/schema\\\/logo\\\/image\\\/\",\"url\":\"https:\\\/\\\/divertarte.com\\\/wp-content\\\/uploads\\\/2018\\\/07\\\/logo-div.jpg\",\"contentUrl\":\"https:\\\/\\\/divertarte.com\\\/wp-content\\\/uploads\\\/2018\\\/07\\\/logo-div.jpg\",\"width\":295,\"height\":123,\"caption\":\"Divertarte\"},\"image\":{\"@id\":\"https:\\\/\\\/divertarte.com\\\/#\\\/schema\\\/logo\\\/image\\\/\"}}]}<\/script>\n<!-- \/ Yoast SEO plugin. -->","yoast_head_json":{"title":".Workshop Velas -","description":"Workshop de Velas por m\u00f3dulos. cada m\u00f3dulo com 3 horas de dura\u00e7\u00e3o. Acrescenta mais rendimento ao teu rendimento! Estamos na Regi\u00e3o de Setubal (Poceir\u00e3o)","robots":{"index":"index","follow":"follow","max-snippet":"max-snippet:-1","max-image-preview":"max-image-preview:large","max-video-preview":"max-video-preview:-1"},"canonical":"https:\/\/divertarte.com\/index.php\/produto\/workshop-de-velas-aromaticas-por-modulos\/","og_locale":"pt_PT","og_type":"article","og_title":".Workshop Velas -","og_description":"Workshop de Velas por m\u00f3dulos. cada m\u00f3dulo com 3 horas de dura\u00e7\u00e3o. Acrescenta mais rendimento ao teu rendimento! Estamos na Regi\u00e3o de Setubal (Poceir\u00e3o)","og_url":"https:\/\/divertarte.com\/index.php\/produto\/workshop-de-velas-aromaticas-por-modulos\/","article_modified_time":"2025-11-06T13:23:35+00:00","og_image":[{"width":300,"height":300,"url":"https:\/\/divertarte.com\/wp-content\/uploads\/2024\/04\/Workshop-de-Velas-aromaticas-por-modulos.jpg","type":"image\/jpeg"}],"twitter_card":"summary_large_image","twitter_misc":{"Tempo estimado de leitura":"1 minuto"},"schema":{"@context":"https:\/\/schema.org","@graph":[{"@type":"WebPage","@id":"https:\/\/divertarte.com\/index.php\/produto\/workshop-de-velas-aromaticas-por-modulos\/","url":"https:\/\/divertarte.com\/index.php\/produto\/workshop-de-velas-aromaticas-por-modulos\/","name":".Workshop Velas -","isPartOf":{"@id":"https:\/\/divertarte.com\/#website"},"primaryImageOfPage":{"@id":"https:\/\/divertarte.com\/index.php\/produto\/workshop-de-velas-aromaticas-por-modulos\/#primaryimage"},"image":{"@id":"https:\/\/divertarte.com\/index.php\/produto\/workshop-de-velas-aromaticas-por-modulos\/#primaryimage"},"thumbnailUrl":"https:\/\/divertarte.com\/wp-content\/uploads\/2024\/04\/Workshop-de-Velas-aromaticas-por-modulos.jpg","datePublished":"2024-04-20T17:35:18+00:00","dateModified":"2025-11-06T13:23:35+00:00","description":"Workshop de Velas por m\u00f3dulos. cada m\u00f3dulo com 3 horas de dura\u00e7\u00e3o. Acrescenta mais rendimento ao teu rendimento! Estamos na Regi\u00e3o de Setubal (Poceir\u00e3o)","breadcrumb":{"@id":"https:\/\/divertarte.com\/index.php\/produto\/workshop-de-velas-aromaticas-por-modulos\/#breadcrumb"},"inLanguage":"pt-PT","potentialAction":[{"@type":"ReadAction","target":["https:\/\/divertarte.com\/index.php\/produto\/workshop-de-velas-aromaticas-por-modulos\/"]}]},{"@type":"ImageObject","inLanguage":"pt-PT","@id":"https:\/\/divertarte.com\/index.php\/produto\/workshop-de-velas-aromaticas-por-modulos\/#primaryimage","url":"https:\/\/divertarte.com\/wp-content\/uploads\/2024\/04\/Workshop-de-Velas-aromaticas-por-modulos.jpg","contentUrl":"https:\/\/divertarte.com\/wp-content\/uploads\/2024\/04\/Workshop-de-Velas-aromaticas-por-modulos.jpg","width":300,"height":300},{"@type":"BreadcrumbList","@id":"https:\/\/divertarte.com\/index.php\/produto\/workshop-de-velas-aromaticas-por-modulos\/#breadcrumb","itemListElement":[{"@type":"ListItem","position":1,"name":"In\u00edcio","item":"https:\/\/divertarte.com\/"},{"@type":"ListItem","position":2,"name":"Loja","item":"https:\/\/divertarte.com\/index.php\/divertarte-produtos\/"},{"@type":"ListItem","position":3,"name":".Workshop Velas"}]},{"@type":"WebSite","@id":"https:\/\/divertarte.com\/#website","url":"https:\/\/divertarte.com\/","name":"Divertarte","description":"","publisher":{"@id":"https:\/\/divertarte.com\/#organization"},"potentialAction":[{"@type":"SearchAction","target":{"@type":"EntryPoint","urlTemplate":"https:\/\/divertarte.com\/?s={search_term_string}"},"query-input":{"@type":"PropertyValueSpecification","valueRequired":true,"valueName":"search_term_string"}}],"inLanguage":"pt-PT"},{"@type":"Organization","@id":"https:\/\/divertarte.com\/#organization","name":"Divertarte","url":"https:\/\/divertarte.com\/","logo":{"@type":"ImageObject","inLanguage":"pt-PT","@id":"https:\/\/divertarte.com\/#\/schema\/logo\/image\/","url":"https:\/\/divertarte.com\/wp-content\/uploads\/2018\/07\/logo-div.jpg","contentUrl":"https:\/\/divertarte.com\/wp-content\/uploads\/2018\/07\/logo-div.jpg","width":295,"height":123,"caption":"Divertarte"},"image":{"@id":"https:\/\/divertarte.com\/#\/schema\/logo\/image\/"}}]}},"_links":{"self":[{"href":"https:\/\/divertarte.com\/index.php\/wp-json\/wp\/v2\/product\/20304","targetHints":{"allow":["GET"]}}],"collection":[{"href":"https:\/\/divertarte.com\/index.php\/wp-json\/wp\/v2\/product"}],"about":[{"href":"https:\/\/divertarte.com\/index.php\/wp-json\/wp\/v2\/types\/product"}],"replies":[{"embeddable":true,"href":"https:\/\/divertarte.com\/index.php\/wp-json\/wp\/v2\/comments?post=20304"}],"wp:featuredmedia":[{"embeddable":true,"href":"https:\/\/divertarte.com\/index.php\/wp-json\/wp\/v2\/media\/20305"}],"wp:attachment":[{"href":"https:\/\/divertarte.com\/index.php\/wp-json\/wp\/v2\/media?parent=20304"}],"wp:term":[{"taxonomy":"product_brand","embeddable":true,"href":"https:\/\/divertarte.com\/index.php\/wp-json\/wp\/v2\/product_brand?post=20304"},{"taxonomy":"product_cat","embeddable":true,"href":"https:\/\/divertarte.com\/index.php\/wp-json\/wp\/v2\/product_cat?post=20304"},{"taxonomy":"product_tag","embeddable":true,"href":"https:\/\/divertarte.com\/index.php\/wp-json\/wp\/v2\/product_tag?post=20304"}],"curies":[{"name":"wp","href":"https:\/\/api.w.org\/{rel}","templated":true}]}}