{"id":20237,"date":"2024-04-09T21:31:34","date_gmt":"2024-04-09T20:31:34","guid":{"rendered":"https:\/\/divertarte.com\/?post_type=product&#038;p=20237"},"modified":"2025-11-06T13:23:36","modified_gmt":"2025-11-06T13:23:36","slug":"a-minha-comunhao-em-gesso-perfumado-menino","status":"publish","type":"product","link":"https:\/\/divertarte.com\/index.php\/produto\/a-minha-comunhao-em-gesso-perfumado-menino\/","title":{"rendered":"A Minha Comunh\u00e3o em gesso perfumado &#8211; menino"},"content":{"rendered":"<p>A Minha Comunh\u00e3o em gesso perfumado &#8211; menino, com fragr\u00e2ncia de Flores Frescas, embalado em saquinho de organza, al\u00e9m disso leva uma fita de cetim, que serve para pendurar no guarda fatos e em qualquer lugar da casa que deseje perfumar. portanto trata-se de uma prendinha original\u00a0 di\u00e2metro 7,5cm<\/p>\n<p>Quando perceber que o gesso est\u00e1 a perder parte de seu aroma, basta borrif\u00e1-lo por tr\u00e1s com essencia para gesso perfumado.<\/p>\n<p><a href=\"https:\/\/divertarte.com\/index.php\/categoria-produto\/essencias-para-gesso-perfumado\/\">https:\/\/divertarte.com\/index.php\/categoria-produto\/essencias-para-gesso-perfumado\/<\/a><\/p>\n<p>Pode escolher<\/p>\n<p>Pe\u00e7a completa (com aroma, com cor, com fita e com saquinho)<\/p>\n<p>Pe\u00e7a simples (sem aroma, sem cor, sem fita e sem saquinho)<\/p>\n","protected":false},"excerpt":{"rendered":"<p>Placa &#8220;A Minha Comunh\u00e3o&#8221; em gesso perfumado &#8211; menino, com fragr\u00e2ncia de Flores Frescas, embalado em saquinho de organza, al\u00e9m disso leva uma fita de cetim, que serve para pendurar no guarda fatos e em qualquer lugar da casa que deseje perfumar. portanto trata-se de uma prendinha original\u00a0 di\u00e2metro 7,5cm<\/p>\n<p>Quando perceber que o gesso est\u00e1 a perder parte de seu aroma, basta borrif\u00e1-lo por tr\u00e1s com essencia para gesso perfumado.<\/p>\n<p><a href=\"https:\/\/divertarte.com\/index.php\/categoria-produto\/essencias-para-gesso-perfumado\/\">https:\/\/divertarte.com\/index.php\/categoria-produto\/essencias-para-gesso-perfumado\/<\/a><\/p>\n<p>Pode escolher<\/p>\n<p>Pe\u00e7a completa (com aroma, com cor, com fita e com saquinho)<\/p>\n<p>Pe\u00e7a simples (sem aroma, sem cor, sem fita e sem saquinho)<\/p>\n<p>50 pe\u00e7as simples melhor pre\u00e7o (5 dias \u00fateis)<\/p>\n","protected":false},"featured_media":20239,"comment_status":"open","ping_status":"closed","template":"","meta":{"_exactmetrics_skip_tracking":false,"_exactmetrics_sitenote_active":false,"_exactmetrics_sitenote_note":"","_exactmetrics_sitenote_category":0},"product_brand":[],"product_cat":[250,1157,336,487],"product_tag":[1158,669,647,1010,1159],"class_list":{"0":"post-20237","1":"product","2":"type-product","3":"status-publish","4":"has-post-thumbnail","6":"product_cat-brindes-comunhao","7":"product_cat-ceramica-perfumada","8":"product_cat-gesso-perfumado-figuras","9":"product_cat-pecas-em-gesso","10":"product_tag-ceramica-perfumada","11":"product_tag-gesso-aromatizado","12":"product_tag-gesso-figuras","13":"product_tag-gesso-perfumado-pecas","14":"product_tag-pendentes-em-gesso","16":"first","17":"instock","18":"taxable","19":"shipping-taxable","20":"purchasable","21":"product-type-variable"},"yoast_head":"<!-- This site is optimized with the Yoast SEO plugin v27.4 - https:\/\/yoast.com\/product\/yoast-seo-wordpress\/ -->\n<title>A Minha Comunh\u00e3o em gesso perfumado - menino -<\/title>\n<meta name=\"description\" content=\"Placa &quot;A Minha Comunh\u00e3o&quot; em gesso perfumado - menino, com fragr\u00e2ncia de Flores Frescas, embalado em saquinho de organza, al\u00e9m disso leva uma fita de cetim\" \/>\n<meta name=\"robots\" content=\"index, follow, max-snippet:-1, max-image-preview:large, max-video-preview:-1\" \/>\n<link rel=\"canonical\" href=\"https:\/\/divertarte.com\/index.php\/produto\/a-minha-comunhao-em-gesso-perfumado-menino\/\" \/>\n<meta property=\"og:locale\" content=\"pt_PT\" \/>\n<meta property=\"og:type\" content=\"article\" \/>\n<meta property=\"og:title\" content=\"A Minha Comunh\u00e3o em gesso perfumado - menino -\" \/>\n<meta property=\"og:description\" content=\"Placa &quot;A Minha Comunh\u00e3o&quot; em gesso perfumado - menino, com fragr\u00e2ncia de Flores Frescas, embalado em saquinho de organza, al\u00e9m disso leva uma fita de cetim\" \/>\n<meta property=\"og:url\" content=\"https:\/\/divertarte.com\/index.php\/produto\/a-minha-comunhao-em-gesso-perfumado-menino\/\" \/>\n<meta property=\"article:modified_time\" content=\"2025-11-06T13:23:36+00:00\" \/>\n<meta property=\"og:image\" content=\"https:\/\/divertarte.com\/wp-content\/uploads\/2024\/04\/placa-a-minha-comunhao-menino-gesso-aromatizador.jpg\" \/>\n\t<meta property=\"og:image:width\" content=\"300\" \/>\n\t<meta property=\"og:image:height\" content=\"302\" \/>\n\t<meta property=\"og:image:type\" content=\"image\/jpeg\" \/>\n<meta name=\"twitter:card\" content=\"summary_large_image\" \/>\n<meta name=\"twitter:label1\" content=\"Tempo estimado de leitura\" \/>\n\t<meta name=\"twitter:data1\" content=\"1 minuto\" \/>\n<script type=\"application\/ld+json\" class=\"yoast-schema-graph\">{\"@context\":\"https:\\\/\\\/schema.org\",\"@graph\":[{\"@type\":\"WebPage\",\"@id\":\"https:\\\/\\\/divertarte.com\\\/index.php\\\/produto\\\/a-minha-comunhao-em-gesso-perfumado-menino\\\/\",\"url\":\"https:\\\/\\\/divertarte.com\\\/index.php\\\/produto\\\/a-minha-comunhao-em-gesso-perfumado-menino\\\/\",\"name\":\"A Minha Comunh\u00e3o em gesso perfumado - menino -\",\"isPartOf\":{\"@id\":\"https:\\\/\\\/divertarte.com\\\/#website\"},\"primaryImageOfPage\":{\"@id\":\"https:\\\/\\\/divertarte.com\\\/index.php\\\/produto\\\/a-minha-comunhao-em-gesso-perfumado-menino\\\/#primaryimage\"},\"image\":{\"@id\":\"https:\\\/\\\/divertarte.com\\\/index.php\\\/produto\\\/a-minha-comunhao-em-gesso-perfumado-menino\\\/#primaryimage\"},\"thumbnailUrl\":\"https:\\\/\\\/divertarte.com\\\/wp-content\\\/uploads\\\/2024\\\/04\\\/placa-a-minha-comunhao-menino-gesso-aromatizador.jpg\",\"datePublished\":\"2024-04-09T20:31:34+00:00\",\"dateModified\":\"2025-11-06T13:23:36+00:00\",\"description\":\"Placa \\\"A Minha Comunh\u00e3o\\\" em gesso perfumado - menino, com fragr\u00e2ncia de Flores Frescas, embalado em saquinho de organza, al\u00e9m disso leva uma fita de cetim\",\"breadcrumb\":{\"@id\":\"https:\\\/\\\/divertarte.com\\\/index.php\\\/produto\\\/a-minha-comunhao-em-gesso-perfumado-menino\\\/#breadcrumb\"},\"inLanguage\":\"pt-PT\",\"potentialAction\":[{\"@type\":\"ReadAction\",\"target\":[\"https:\\\/\\\/divertarte.com\\\/index.php\\\/produto\\\/a-minha-comunhao-em-gesso-perfumado-menino\\\/\"]}]},{\"@type\":\"ImageObject\",\"inLanguage\":\"pt-PT\",\"@id\":\"https:\\\/\\\/divertarte.com\\\/index.php\\\/produto\\\/a-minha-comunhao-em-gesso-perfumado-menino\\\/#primaryimage\",\"url\":\"https:\\\/\\\/divertarte.com\\\/wp-content\\\/uploads\\\/2024\\\/04\\\/placa-a-minha-comunhao-menino-gesso-aromatizador.jpg\",\"contentUrl\":\"https:\\\/\\\/divertarte.com\\\/wp-content\\\/uploads\\\/2024\\\/04\\\/placa-a-minha-comunhao-menino-gesso-aromatizador.jpg\",\"width\":300,\"height\":302},{\"@type\":\"BreadcrumbList\",\"@id\":\"https:\\\/\\\/divertarte.com\\\/index.php\\\/produto\\\/a-minha-comunhao-em-gesso-perfumado-menino\\\/#breadcrumb\",\"itemListElement\":[{\"@type\":\"ListItem\",\"position\":1,\"name\":\"In\u00edcio\",\"item\":\"https:\\\/\\\/divertarte.com\\\/\"},{\"@type\":\"ListItem\",\"position\":2,\"name\":\"Loja\",\"item\":\"https:\\\/\\\/divertarte.com\\\/index.php\\\/divertarte-produtos\\\/\"},{\"@type\":\"ListItem\",\"position\":3,\"name\":\"A Minha Comunh\u00e3o em gesso perfumado &#8211; menino\"}]},{\"@type\":\"WebSite\",\"@id\":\"https:\\\/\\\/divertarte.com\\\/#website\",\"url\":\"https:\\\/\\\/divertarte.com\\\/\",\"name\":\"Divertarte\",\"description\":\"\",\"publisher\":{\"@id\":\"https:\\\/\\\/divertarte.com\\\/#organization\"},\"potentialAction\":[{\"@type\":\"SearchAction\",\"target\":{\"@type\":\"EntryPoint\",\"urlTemplate\":\"https:\\\/\\\/divertarte.com\\\/?s={search_term_string}\"},\"query-input\":{\"@type\":\"PropertyValueSpecification\",\"valueRequired\":true,\"valueName\":\"search_term_string\"}}],\"inLanguage\":\"pt-PT\"},{\"@type\":\"Organization\",\"@id\":\"https:\\\/\\\/divertarte.com\\\/#organization\",\"name\":\"Divertarte\",\"url\":\"https:\\\/\\\/divertarte.com\\\/\",\"logo\":{\"@type\":\"ImageObject\",\"inLanguage\":\"pt-PT\",\"@id\":\"https:\\\/\\\/divertarte.com\\\/#\\\/schema\\\/logo\\\/image\\\/\",\"url\":\"https:\\\/\\\/divertarte.com\\\/wp-content\\\/uploads\\\/2018\\\/07\\\/logo-div.jpg\",\"contentUrl\":\"https:\\\/\\\/divertarte.com\\\/wp-content\\\/uploads\\\/2018\\\/07\\\/logo-div.jpg\",\"width\":295,\"height\":123,\"caption\":\"Divertarte\"},\"image\":{\"@id\":\"https:\\\/\\\/divertarte.com\\\/#\\\/schema\\\/logo\\\/image\\\/\"}}]}<\/script>\n<!-- \/ Yoast SEO plugin. -->","yoast_head_json":{"title":"A Minha Comunh\u00e3o em gesso perfumado - menino -","description":"Placa \"A Minha Comunh\u00e3o\" em gesso perfumado - menino, com fragr\u00e2ncia de Flores Frescas, embalado em saquinho de organza, al\u00e9m disso leva uma fita de cetim","robots":{"index":"index","follow":"follow","max-snippet":"max-snippet:-1","max-image-preview":"max-image-preview:large","max-video-preview":"max-video-preview:-1"},"canonical":"https:\/\/divertarte.com\/index.php\/produto\/a-minha-comunhao-em-gesso-perfumado-menino\/","og_locale":"pt_PT","og_type":"article","og_title":"A Minha Comunh\u00e3o em gesso perfumado - menino -","og_description":"Placa \"A Minha Comunh\u00e3o\" em gesso perfumado - menino, com fragr\u00e2ncia de Flores Frescas, embalado em saquinho de organza, al\u00e9m disso leva uma fita de cetim","og_url":"https:\/\/divertarte.com\/index.php\/produto\/a-minha-comunhao-em-gesso-perfumado-menino\/","article_modified_time":"2025-11-06T13:23:36+00:00","og_image":[{"width":300,"height":302,"url":"https:\/\/divertarte.com\/wp-content\/uploads\/2024\/04\/placa-a-minha-comunhao-menino-gesso-aromatizador.jpg","type":"image\/jpeg"}],"twitter_card":"summary_large_image","twitter_misc":{"Tempo estimado de leitura":"1 minuto"},"schema":{"@context":"https:\/\/schema.org","@graph":[{"@type":"WebPage","@id":"https:\/\/divertarte.com\/index.php\/produto\/a-minha-comunhao-em-gesso-perfumado-menino\/","url":"https:\/\/divertarte.com\/index.php\/produto\/a-minha-comunhao-em-gesso-perfumado-menino\/","name":"A Minha Comunh\u00e3o em gesso perfumado - menino -","isPartOf":{"@id":"https:\/\/divertarte.com\/#website"},"primaryImageOfPage":{"@id":"https:\/\/divertarte.com\/index.php\/produto\/a-minha-comunhao-em-gesso-perfumado-menino\/#primaryimage"},"image":{"@id":"https:\/\/divertarte.com\/index.php\/produto\/a-minha-comunhao-em-gesso-perfumado-menino\/#primaryimage"},"thumbnailUrl":"https:\/\/divertarte.com\/wp-content\/uploads\/2024\/04\/placa-a-minha-comunhao-menino-gesso-aromatizador.jpg","datePublished":"2024-04-09T20:31:34+00:00","dateModified":"2025-11-06T13:23:36+00:00","description":"Placa \"A Minha Comunh\u00e3o\" em gesso perfumado - menino, com fragr\u00e2ncia de Flores Frescas, embalado em saquinho de organza, al\u00e9m disso leva uma fita de cetim","breadcrumb":{"@id":"https:\/\/divertarte.com\/index.php\/produto\/a-minha-comunhao-em-gesso-perfumado-menino\/#breadcrumb"},"inLanguage":"pt-PT","potentialAction":[{"@type":"ReadAction","target":["https:\/\/divertarte.com\/index.php\/produto\/a-minha-comunhao-em-gesso-perfumado-menino\/"]}]},{"@type":"ImageObject","inLanguage":"pt-PT","@id":"https:\/\/divertarte.com\/index.php\/produto\/a-minha-comunhao-em-gesso-perfumado-menino\/#primaryimage","url":"https:\/\/divertarte.com\/wp-content\/uploads\/2024\/04\/placa-a-minha-comunhao-menino-gesso-aromatizador.jpg","contentUrl":"https:\/\/divertarte.com\/wp-content\/uploads\/2024\/04\/placa-a-minha-comunhao-menino-gesso-aromatizador.jpg","width":300,"height":302},{"@type":"BreadcrumbList","@id":"https:\/\/divertarte.com\/index.php\/produto\/a-minha-comunhao-em-gesso-perfumado-menino\/#breadcrumb","itemListElement":[{"@type":"ListItem","position":1,"name":"In\u00edcio","item":"https:\/\/divertarte.com\/"},{"@type":"ListItem","position":2,"name":"Loja","item":"https:\/\/divertarte.com\/index.php\/divertarte-produtos\/"},{"@type":"ListItem","position":3,"name":"A Minha Comunh\u00e3o em gesso perfumado &#8211; menino"}]},{"@type":"WebSite","@id":"https:\/\/divertarte.com\/#website","url":"https:\/\/divertarte.com\/","name":"Divertarte","description":"","publisher":{"@id":"https:\/\/divertarte.com\/#organization"},"potentialAction":[{"@type":"SearchAction","target":{"@type":"EntryPoint","urlTemplate":"https:\/\/divertarte.com\/?s={search_term_string}"},"query-input":{"@type":"PropertyValueSpecification","valueRequired":true,"valueName":"search_term_string"}}],"inLanguage":"pt-PT"},{"@type":"Organization","@id":"https:\/\/divertarte.com\/#organization","name":"Divertarte","url":"https:\/\/divertarte.com\/","logo":{"@type":"ImageObject","inLanguage":"pt-PT","@id":"https:\/\/divertarte.com\/#\/schema\/logo\/image\/","url":"https:\/\/divertarte.com\/wp-content\/uploads\/2018\/07\/logo-div.jpg","contentUrl":"https:\/\/divertarte.com\/wp-content\/uploads\/2018\/07\/logo-div.jpg","width":295,"height":123,"caption":"Divertarte"},"image":{"@id":"https:\/\/divertarte.com\/#\/schema\/logo\/image\/"}}]}},"_links":{"self":[{"href":"https:\/\/divertarte.com\/index.php\/wp-json\/wp\/v2\/product\/20237","targetHints":{"allow":["GET"]}}],"collection":[{"href":"https:\/\/divertarte.com\/index.php\/wp-json\/wp\/v2\/product"}],"about":[{"href":"https:\/\/divertarte.com\/index.php\/wp-json\/wp\/v2\/types\/product"}],"replies":[{"embeddable":true,"href":"https:\/\/divertarte.com\/index.php\/wp-json\/wp\/v2\/comments?post=20237"}],"wp:featuredmedia":[{"embeddable":true,"href":"https:\/\/divertarte.com\/index.php\/wp-json\/wp\/v2\/media\/20239"}],"wp:attachment":[{"href":"https:\/\/divertarte.com\/index.php\/wp-json\/wp\/v2\/media?parent=20237"}],"wp:term":[{"taxonomy":"product_brand","embeddable":true,"href":"https:\/\/divertarte.com\/index.php\/wp-json\/wp\/v2\/product_brand?post=20237"},{"taxonomy":"product_cat","embeddable":true,"href":"https:\/\/divertarte.com\/index.php\/wp-json\/wp\/v2\/product_cat?post=20237"},{"taxonomy":"product_tag","embeddable":true,"href":"https:\/\/divertarte.com\/index.php\/wp-json\/wp\/v2\/product_tag?post=20237"}],"curies":[{"name":"wp","href":"https:\/\/api.w.org\/{rel}","templated":true}]}}