{"id":20231,"date":"2024-04-09T20:59:48","date_gmt":"2024-04-09T19:59:48","guid":{"rendered":"https:\/\/divertarte.com\/?post_type=product&#038;p=20231"},"modified":"2025-11-06T13:23:36","modified_gmt":"2025-11-06T13:23:36","slug":"coracao-de-viana-grande-em-gesso-perfumado-dourado","status":"publish","type":"product","link":"https:\/\/divertarte.com\/index.php\/produto\/coracao-de-viana-grande-em-gesso-perfumado-dourado\/","title":{"rendered":"Cora\u00e7\u00e3o de Viana grande em gesso perfumado dourado"},"content":{"rendered":"<div class=\"woocommerce-product-details__short-description\">\n<p>Cora\u00e7\u00e3o de Viana grande em gesso perfumado dourado, com fragr\u00e2ncia de Flores Frescas, embalado em saquinho de organza, al\u00e9m disso leva uma fita de organza dourada, que serve para pendurar no guarda fatos e em qualquer lugar da casa que deseje perfumar.<br \/>\nportanto trata-se de uma prendinha original\u00a0 8\u00d75\u00d71 cm.<\/p>\n<p>Pode escolher<\/p>\n<p>Pe\u00e7a completa (com aroma, com cor, com fita e com saquinho)<\/p>\n<p>Pe\u00e7a simples (sem aroma, sem cor, sem fita e sem saquinho)<\/p>\n<\/div>\n","protected":false},"excerpt":{"rendered":"<p>Cora\u00e7\u00e3o de Viana grande em gesso perfumado dourado, com fragr\u00e2ncia de Flores Frescas, embalado em saquinho de organza, al\u00e9m disso leva uma fita de organza dourada, que serve para pendurar no guarda fatos e em qualquer lugar da casa que deseje perfumar.<br \/>\nportanto trata-se de uma prendinha original\u00a0 8\u00d75\u00d71 cm.<\/p>\n<p>Quando perceber que o gesso est\u00e1 a perder parte de seu aroma, basta borrif\u00e1-lo por tr\u00e1s com essencia para gesso perfumado.<\/p>\n<p><a href=\"https:\/\/divertarte.com\/index.php\/categoria-produto\/essencias-para-gesso-perfumado\/\">https:\/\/divertarte.com\/index.php\/categoria-produto\/essencias-para-gesso-perfumado\/<\/a><\/p>\n<p>Pode escolher<\/p>\n<p>Pe\u00e7a completa (com aroma, com cor, com fita e com saquinho)<\/p>\n<p>Pe\u00e7a simples (sem aroma, sem cor, sem fita e sem saquinho)<\/p>\n<p>50 pe\u00e7as simples melhor pre\u00e7o (5 dias \u00fateis)<\/p>\n","protected":false},"featured_media":20232,"comment_status":"open","ping_status":"closed","template":"","meta":{"_exactmetrics_skip_tracking":false,"_exactmetrics_sitenote_active":false,"_exactmetrics_sitenote_note":"","_exactmetrics_sitenote_category":0},"product_brand":[],"product_cat":[394,323,249,1157,286,336,487],"product_tag":[1158,669,647,1010,1159],"class_list":{"0":"post-20231","1":"product","2":"type-product","3":"status-publish","4":"has-post-thumbnail","6":"product_cat-brindes","7":"product_cat-brindes-aniversario","8":"product_cat-brindes-casamento","9":"product_cat-ceramica-perfumada","10":"product_cat-dia-dos-namorados-s-valentim","11":"product_cat-gesso-perfumado-figuras","12":"product_cat-pecas-em-gesso","13":"product_tag-ceramica-perfumada","14":"product_tag-gesso-aromatizado","15":"product_tag-gesso-figuras","16":"product_tag-gesso-perfumado-pecas","17":"product_tag-pendentes-em-gesso","19":"first","20":"instock","21":"taxable","22":"shipping-taxable","23":"purchasable","24":"product-type-variable"},"yoast_head":"<!-- This site is optimized with the Yoast SEO plugin v27.4 - https:\/\/yoast.com\/product\/yoast-seo-wordpress\/ -->\n<title>Cora\u00e7\u00e3o de Viana grande em gesso perfumado dourado -<\/title>\n<meta name=\"description\" content=\"Cora\u00e7\u00e3o de Viana grande em gesso perfumado dourado, com fragr\u00e2ncia de Flores Frescas, embalado em saquinho de organza, e fita de organza dourada\" \/>\n<meta name=\"robots\" content=\"index, follow, max-snippet:-1, max-image-preview:large, max-video-preview:-1\" \/>\n<link rel=\"canonical\" href=\"https:\/\/divertarte.com\/index.php\/produto\/coracao-de-viana-grande-em-gesso-perfumado-dourado\/\" \/>\n<meta property=\"og:locale\" content=\"pt_PT\" \/>\n<meta property=\"og:type\" content=\"article\" \/>\n<meta property=\"og:title\" content=\"Cora\u00e7\u00e3o de Viana grande em gesso perfumado dourado -\" \/>\n<meta property=\"og:description\" content=\"Cora\u00e7\u00e3o de Viana grande em gesso perfumado dourado, com fragr\u00e2ncia de Flores Frescas, embalado em saquinho de organza, e fita de organza dourada\" \/>\n<meta property=\"og:url\" content=\"https:\/\/divertarte.com\/index.php\/produto\/coracao-de-viana-grande-em-gesso-perfumado-dourado\/\" \/>\n<meta property=\"article:modified_time\" content=\"2025-11-06T13:23:36+00:00\" \/>\n<meta property=\"og:image\" content=\"https:\/\/divertarte.com\/wp-content\/uploads\/2024\/04\/coracao-viana-gesso-aromatizado.jpg\" \/>\n\t<meta property=\"og:image:width\" content=\"301\" \/>\n\t<meta property=\"og:image:height\" content=\"300\" \/>\n\t<meta property=\"og:image:type\" content=\"image\/jpeg\" \/>\n<meta name=\"twitter:card\" content=\"summary_large_image\" \/>\n<script type=\"application\/ld+json\" class=\"yoast-schema-graph\">{\"@context\":\"https:\\\/\\\/schema.org\",\"@graph\":[{\"@type\":\"WebPage\",\"@id\":\"https:\\\/\\\/divertarte.com\\\/index.php\\\/produto\\\/coracao-de-viana-grande-em-gesso-perfumado-dourado\\\/\",\"url\":\"https:\\\/\\\/divertarte.com\\\/index.php\\\/produto\\\/coracao-de-viana-grande-em-gesso-perfumado-dourado\\\/\",\"name\":\"Cora\u00e7\u00e3o de Viana grande em gesso perfumado dourado -\",\"isPartOf\":{\"@id\":\"https:\\\/\\\/divertarte.com\\\/#website\"},\"primaryImageOfPage\":{\"@id\":\"https:\\\/\\\/divertarte.com\\\/index.php\\\/produto\\\/coracao-de-viana-grande-em-gesso-perfumado-dourado\\\/#primaryimage\"},\"image\":{\"@id\":\"https:\\\/\\\/divertarte.com\\\/index.php\\\/produto\\\/coracao-de-viana-grande-em-gesso-perfumado-dourado\\\/#primaryimage\"},\"thumbnailUrl\":\"https:\\\/\\\/divertarte.com\\\/wp-content\\\/uploads\\\/2024\\\/04\\\/coracao-viana-gesso-aromatizado.jpg\",\"datePublished\":\"2024-04-09T19:59:48+00:00\",\"dateModified\":\"2025-11-06T13:23:36+00:00\",\"description\":\"Cora\u00e7\u00e3o de Viana grande em gesso perfumado dourado, com fragr\u00e2ncia de Flores Frescas, embalado em saquinho de organza, e fita de organza dourada\",\"breadcrumb\":{\"@id\":\"https:\\\/\\\/divertarte.com\\\/index.php\\\/produto\\\/coracao-de-viana-grande-em-gesso-perfumado-dourado\\\/#breadcrumb\"},\"inLanguage\":\"pt-PT\",\"potentialAction\":[{\"@type\":\"ReadAction\",\"target\":[\"https:\\\/\\\/divertarte.com\\\/index.php\\\/produto\\\/coracao-de-viana-grande-em-gesso-perfumado-dourado\\\/\"]}]},{\"@type\":\"ImageObject\",\"inLanguage\":\"pt-PT\",\"@id\":\"https:\\\/\\\/divertarte.com\\\/index.php\\\/produto\\\/coracao-de-viana-grande-em-gesso-perfumado-dourado\\\/#primaryimage\",\"url\":\"https:\\\/\\\/divertarte.com\\\/wp-content\\\/uploads\\\/2024\\\/04\\\/coracao-viana-gesso-aromatizado.jpg\",\"contentUrl\":\"https:\\\/\\\/divertarte.com\\\/wp-content\\\/uploads\\\/2024\\\/04\\\/coracao-viana-gesso-aromatizado.jpg\",\"width\":301,\"height\":300},{\"@type\":\"BreadcrumbList\",\"@id\":\"https:\\\/\\\/divertarte.com\\\/index.php\\\/produto\\\/coracao-de-viana-grande-em-gesso-perfumado-dourado\\\/#breadcrumb\",\"itemListElement\":[{\"@type\":\"ListItem\",\"position\":1,\"name\":\"In\u00edcio\",\"item\":\"https:\\\/\\\/divertarte.com\\\/\"},{\"@type\":\"ListItem\",\"position\":2,\"name\":\"Loja\",\"item\":\"https:\\\/\\\/divertarte.com\\\/index.php\\\/divertarte-produtos\\\/\"},{\"@type\":\"ListItem\",\"position\":3,\"name\":\"Cora\u00e7\u00e3o de Viana grande em gesso perfumado dourado\"}]},{\"@type\":\"WebSite\",\"@id\":\"https:\\\/\\\/divertarte.com\\\/#website\",\"url\":\"https:\\\/\\\/divertarte.com\\\/\",\"name\":\"Divertarte\",\"description\":\"\",\"publisher\":{\"@id\":\"https:\\\/\\\/divertarte.com\\\/#organization\"},\"potentialAction\":[{\"@type\":\"SearchAction\",\"target\":{\"@type\":\"EntryPoint\",\"urlTemplate\":\"https:\\\/\\\/divertarte.com\\\/?s={search_term_string}\"},\"query-input\":{\"@type\":\"PropertyValueSpecification\",\"valueRequired\":true,\"valueName\":\"search_term_string\"}}],\"inLanguage\":\"pt-PT\"},{\"@type\":\"Organization\",\"@id\":\"https:\\\/\\\/divertarte.com\\\/#organization\",\"name\":\"Divertarte\",\"url\":\"https:\\\/\\\/divertarte.com\\\/\",\"logo\":{\"@type\":\"ImageObject\",\"inLanguage\":\"pt-PT\",\"@id\":\"https:\\\/\\\/divertarte.com\\\/#\\\/schema\\\/logo\\\/image\\\/\",\"url\":\"https:\\\/\\\/divertarte.com\\\/wp-content\\\/uploads\\\/2018\\\/07\\\/logo-div.jpg\",\"contentUrl\":\"https:\\\/\\\/divertarte.com\\\/wp-content\\\/uploads\\\/2018\\\/07\\\/logo-div.jpg\",\"width\":295,\"height\":123,\"caption\":\"Divertarte\"},\"image\":{\"@id\":\"https:\\\/\\\/divertarte.com\\\/#\\\/schema\\\/logo\\\/image\\\/\"}}]}<\/script>\n<!-- \/ Yoast SEO plugin. -->","yoast_head_json":{"title":"Cora\u00e7\u00e3o de Viana grande em gesso perfumado dourado -","description":"Cora\u00e7\u00e3o de Viana grande em gesso perfumado dourado, com fragr\u00e2ncia de Flores Frescas, embalado em saquinho de organza, e fita de organza dourada","robots":{"index":"index","follow":"follow","max-snippet":"max-snippet:-1","max-image-preview":"max-image-preview:large","max-video-preview":"max-video-preview:-1"},"canonical":"https:\/\/divertarte.com\/index.php\/produto\/coracao-de-viana-grande-em-gesso-perfumado-dourado\/","og_locale":"pt_PT","og_type":"article","og_title":"Cora\u00e7\u00e3o de Viana grande em gesso perfumado dourado -","og_description":"Cora\u00e7\u00e3o de Viana grande em gesso perfumado dourado, com fragr\u00e2ncia de Flores Frescas, embalado em saquinho de organza, e fita de organza dourada","og_url":"https:\/\/divertarte.com\/index.php\/produto\/coracao-de-viana-grande-em-gesso-perfumado-dourado\/","article_modified_time":"2025-11-06T13:23:36+00:00","og_image":[{"width":301,"height":300,"url":"https:\/\/divertarte.com\/wp-content\/uploads\/2024\/04\/coracao-viana-gesso-aromatizado.jpg","type":"image\/jpeg"}],"twitter_card":"summary_large_image","schema":{"@context":"https:\/\/schema.org","@graph":[{"@type":"WebPage","@id":"https:\/\/divertarte.com\/index.php\/produto\/coracao-de-viana-grande-em-gesso-perfumado-dourado\/","url":"https:\/\/divertarte.com\/index.php\/produto\/coracao-de-viana-grande-em-gesso-perfumado-dourado\/","name":"Cora\u00e7\u00e3o de Viana grande em gesso perfumado dourado -","isPartOf":{"@id":"https:\/\/divertarte.com\/#website"},"primaryImageOfPage":{"@id":"https:\/\/divertarte.com\/index.php\/produto\/coracao-de-viana-grande-em-gesso-perfumado-dourado\/#primaryimage"},"image":{"@id":"https:\/\/divertarte.com\/index.php\/produto\/coracao-de-viana-grande-em-gesso-perfumado-dourado\/#primaryimage"},"thumbnailUrl":"https:\/\/divertarte.com\/wp-content\/uploads\/2024\/04\/coracao-viana-gesso-aromatizado.jpg","datePublished":"2024-04-09T19:59:48+00:00","dateModified":"2025-11-06T13:23:36+00:00","description":"Cora\u00e7\u00e3o de Viana grande em gesso perfumado dourado, com fragr\u00e2ncia de Flores Frescas, embalado em saquinho de organza, e fita de organza dourada","breadcrumb":{"@id":"https:\/\/divertarte.com\/index.php\/produto\/coracao-de-viana-grande-em-gesso-perfumado-dourado\/#breadcrumb"},"inLanguage":"pt-PT","potentialAction":[{"@type":"ReadAction","target":["https:\/\/divertarte.com\/index.php\/produto\/coracao-de-viana-grande-em-gesso-perfumado-dourado\/"]}]},{"@type":"ImageObject","inLanguage":"pt-PT","@id":"https:\/\/divertarte.com\/index.php\/produto\/coracao-de-viana-grande-em-gesso-perfumado-dourado\/#primaryimage","url":"https:\/\/divertarte.com\/wp-content\/uploads\/2024\/04\/coracao-viana-gesso-aromatizado.jpg","contentUrl":"https:\/\/divertarte.com\/wp-content\/uploads\/2024\/04\/coracao-viana-gesso-aromatizado.jpg","width":301,"height":300},{"@type":"BreadcrumbList","@id":"https:\/\/divertarte.com\/index.php\/produto\/coracao-de-viana-grande-em-gesso-perfumado-dourado\/#breadcrumb","itemListElement":[{"@type":"ListItem","position":1,"name":"In\u00edcio","item":"https:\/\/divertarte.com\/"},{"@type":"ListItem","position":2,"name":"Loja","item":"https:\/\/divertarte.com\/index.php\/divertarte-produtos\/"},{"@type":"ListItem","position":3,"name":"Cora\u00e7\u00e3o de Viana grande em gesso perfumado dourado"}]},{"@type":"WebSite","@id":"https:\/\/divertarte.com\/#website","url":"https:\/\/divertarte.com\/","name":"Divertarte","description":"","publisher":{"@id":"https:\/\/divertarte.com\/#organization"},"potentialAction":[{"@type":"SearchAction","target":{"@type":"EntryPoint","urlTemplate":"https:\/\/divertarte.com\/?s={search_term_string}"},"query-input":{"@type":"PropertyValueSpecification","valueRequired":true,"valueName":"search_term_string"}}],"inLanguage":"pt-PT"},{"@type":"Organization","@id":"https:\/\/divertarte.com\/#organization","name":"Divertarte","url":"https:\/\/divertarte.com\/","logo":{"@type":"ImageObject","inLanguage":"pt-PT","@id":"https:\/\/divertarte.com\/#\/schema\/logo\/image\/","url":"https:\/\/divertarte.com\/wp-content\/uploads\/2018\/07\/logo-div.jpg","contentUrl":"https:\/\/divertarte.com\/wp-content\/uploads\/2018\/07\/logo-div.jpg","width":295,"height":123,"caption":"Divertarte"},"image":{"@id":"https:\/\/divertarte.com\/#\/schema\/logo\/image\/"}}]}},"_links":{"self":[{"href":"https:\/\/divertarte.com\/index.php\/wp-json\/wp\/v2\/product\/20231","targetHints":{"allow":["GET"]}}],"collection":[{"href":"https:\/\/divertarte.com\/index.php\/wp-json\/wp\/v2\/product"}],"about":[{"href":"https:\/\/divertarte.com\/index.php\/wp-json\/wp\/v2\/types\/product"}],"replies":[{"embeddable":true,"href":"https:\/\/divertarte.com\/index.php\/wp-json\/wp\/v2\/comments?post=20231"}],"wp:featuredmedia":[{"embeddable":true,"href":"https:\/\/divertarte.com\/index.php\/wp-json\/wp\/v2\/media\/20232"}],"wp:attachment":[{"href":"https:\/\/divertarte.com\/index.php\/wp-json\/wp\/v2\/media?parent=20231"}],"wp:term":[{"taxonomy":"product_brand","embeddable":true,"href":"https:\/\/divertarte.com\/index.php\/wp-json\/wp\/v2\/product_brand?post=20231"},{"taxonomy":"product_cat","embeddable":true,"href":"https:\/\/divertarte.com\/index.php\/wp-json\/wp\/v2\/product_cat?post=20231"},{"taxonomy":"product_tag","embeddable":true,"href":"https:\/\/divertarte.com\/index.php\/wp-json\/wp\/v2\/product_tag?post=20231"}],"curies":[{"name":"wp","href":"https:\/\/api.w.org\/{rel}","templated":true}]}}