{"id":20080,"date":"2024-02-25T17:57:14","date_gmt":"2024-02-25T17:57:14","guid":{"rendered":"https:\/\/divertarte.com\/?post_type=product&#038;p=20080"},"modified":"2025-11-06T13:23:38","modified_gmt":"2025-11-06T13:23:38","slug":"molde-silicone-pe-de-bebe","status":"publish","type":"product","link":"https:\/\/divertarte.com\/index.php\/produto\/molde-silicone-pe-de-bebe\/","title":{"rendered":"Molde silicone P\u00e9 de Beb\u00e9"},"content":{"rendered":"<p>Molde silicone P\u00e9 de Beb\u00e9 &#8211; medida aproximada 7.8&#215;4.8cm com furo<\/p>\n<p>Ideal para porta chaves em resina, prendinha de nascimento, prendinha de batizado, ch\u00e1 de beb\u00e9<\/p>\n","protected":false},"excerpt":{"rendered":"<p>Molde silicone P\u00e9 de Beb\u00e9 &#8211; medida aproximada 7.8&#215;4.8cm com furo<\/p>\n<p>Ideal para porta chaves em resina, prendinha de nascimento, prendinha de batizado, ch\u00e1 de beb\u00e9<\/p>\n","protected":false},"featured_media":20081,"comment_status":"open","ping_status":"closed","template":"","meta":{"_exactmetrics_skip_tracking":false,"_exactmetrics_sitenote_active":false,"_exactmetrics_sitenote_note":"","_exactmetrics_sitenote_category":0},"product_brand":[],"product_cat":[82,54],"product_tag":[1126],"class_list":{"0":"post-20080","1":"product","2":"type-product","3":"status-publish","4":"has-post-thumbnail","6":"product_cat-moldes-bebes-infantis","7":"product_cat-moldes-de-silicone-em-portugal","8":"product_tag-moldes-de-silicone-pe-de-bebe","10":"first","11":"instock","12":"taxable","13":"shipping-taxable","14":"purchasable","15":"product-type-simple"},"yoast_head":"<!-- This site is optimized with the Yoast SEO plugin v27.4 - https:\/\/yoast.com\/product\/yoast-seo-wordpress\/ -->\n<title>Molde silicone P\u00e9 de Beb\u00e9 -<\/title>\n<meta name=\"description\" content=\"Molde silicone P\u00e9 de Beb\u00e9, medida aproximada 7.8x4.8cm com furoIdeal para porta chaves em resina, prendinha de nascimento, prendinha de batizado, ch\u00e1 de beb\u00e9\" \/>\n<meta name=\"robots\" content=\"index, follow, max-snippet:-1, max-image-preview:large, max-video-preview:-1\" \/>\n<link rel=\"canonical\" href=\"https:\/\/divertarte.com\/index.php\/produto\/molde-silicone-pe-de-bebe\/\" \/>\n<meta property=\"og:locale\" content=\"pt_PT\" \/>\n<meta property=\"og:type\" content=\"article\" \/>\n<meta property=\"og:title\" content=\"Molde silicone P\u00e9 de Beb\u00e9 -\" \/>\n<meta property=\"og:description\" content=\"Molde silicone P\u00e9 de Beb\u00e9, medida aproximada 7.8x4.8cm com furoIdeal para porta chaves em resina, prendinha de nascimento, prendinha de batizado, ch\u00e1 de beb\u00e9\" \/>\n<meta property=\"og:url\" content=\"https:\/\/divertarte.com\/index.php\/produto\/molde-silicone-pe-de-bebe\/\" \/>\n<meta property=\"article:modified_time\" content=\"2025-11-06T13:23:38+00:00\" \/>\n<meta property=\"og:image\" content=\"https:\/\/divertarte.com\/wp-content\/uploads\/2024\/02\/molde-silicone-pe-de-bebe.jpg\" \/>\n\t<meta property=\"og:image:width\" content=\"300\" \/>\n\t<meta property=\"og:image:height\" content=\"300\" \/>\n\t<meta property=\"og:image:type\" content=\"image\/jpeg\" \/>\n<meta name=\"twitter:card\" content=\"summary_large_image\" \/>\n<script type=\"application\/ld+json\" class=\"yoast-schema-graph\">{\"@context\":\"https:\\\/\\\/schema.org\",\"@graph\":[{\"@type\":\"WebPage\",\"@id\":\"https:\\\/\\\/divertarte.com\\\/index.php\\\/produto\\\/molde-silicone-pe-de-bebe\\\/\",\"url\":\"https:\\\/\\\/divertarte.com\\\/index.php\\\/produto\\\/molde-silicone-pe-de-bebe\\\/\",\"name\":\"Molde silicone P\u00e9 de Beb\u00e9 -\",\"isPartOf\":{\"@id\":\"https:\\\/\\\/divertarte.com\\\/#website\"},\"primaryImageOfPage\":{\"@id\":\"https:\\\/\\\/divertarte.com\\\/index.php\\\/produto\\\/molde-silicone-pe-de-bebe\\\/#primaryimage\"},\"image\":{\"@id\":\"https:\\\/\\\/divertarte.com\\\/index.php\\\/produto\\\/molde-silicone-pe-de-bebe\\\/#primaryimage\"},\"thumbnailUrl\":\"https:\\\/\\\/divertarte.com\\\/wp-content\\\/uploads\\\/2024\\\/02\\\/molde-silicone-pe-de-bebe.jpg\",\"datePublished\":\"2024-02-25T17:57:14+00:00\",\"dateModified\":\"2025-11-06T13:23:38+00:00\",\"description\":\"Molde silicone P\u00e9 de Beb\u00e9, medida aproximada 7.8x4.8cm com furoIdeal para porta chaves em resina, prendinha de nascimento, prendinha de batizado, ch\u00e1 de beb\u00e9\",\"breadcrumb\":{\"@id\":\"https:\\\/\\\/divertarte.com\\\/index.php\\\/produto\\\/molde-silicone-pe-de-bebe\\\/#breadcrumb\"},\"inLanguage\":\"pt-PT\",\"potentialAction\":[{\"@type\":\"ReadAction\",\"target\":[\"https:\\\/\\\/divertarte.com\\\/index.php\\\/produto\\\/molde-silicone-pe-de-bebe\\\/\"]}]},{\"@type\":\"ImageObject\",\"inLanguage\":\"pt-PT\",\"@id\":\"https:\\\/\\\/divertarte.com\\\/index.php\\\/produto\\\/molde-silicone-pe-de-bebe\\\/#primaryimage\",\"url\":\"https:\\\/\\\/divertarte.com\\\/wp-content\\\/uploads\\\/2024\\\/02\\\/molde-silicone-pe-de-bebe.jpg\",\"contentUrl\":\"https:\\\/\\\/divertarte.com\\\/wp-content\\\/uploads\\\/2024\\\/02\\\/molde-silicone-pe-de-bebe.jpg\",\"width\":300,\"height\":300},{\"@type\":\"BreadcrumbList\",\"@id\":\"https:\\\/\\\/divertarte.com\\\/index.php\\\/produto\\\/molde-silicone-pe-de-bebe\\\/#breadcrumb\",\"itemListElement\":[{\"@type\":\"ListItem\",\"position\":1,\"name\":\"In\u00edcio\",\"item\":\"https:\\\/\\\/divertarte.com\\\/\"},{\"@type\":\"ListItem\",\"position\":2,\"name\":\"Loja\",\"item\":\"https:\\\/\\\/divertarte.com\\\/index.php\\\/divertarte-produtos\\\/\"},{\"@type\":\"ListItem\",\"position\":3,\"name\":\"Molde silicone P\u00e9 de Beb\u00e9\"}]},{\"@type\":\"WebSite\",\"@id\":\"https:\\\/\\\/divertarte.com\\\/#website\",\"url\":\"https:\\\/\\\/divertarte.com\\\/\",\"name\":\"Divertarte\",\"description\":\"\",\"publisher\":{\"@id\":\"https:\\\/\\\/divertarte.com\\\/#organization\"},\"potentialAction\":[{\"@type\":\"SearchAction\",\"target\":{\"@type\":\"EntryPoint\",\"urlTemplate\":\"https:\\\/\\\/divertarte.com\\\/?s={search_term_string}\"},\"query-input\":{\"@type\":\"PropertyValueSpecification\",\"valueRequired\":true,\"valueName\":\"search_term_string\"}}],\"inLanguage\":\"pt-PT\"},{\"@type\":\"Organization\",\"@id\":\"https:\\\/\\\/divertarte.com\\\/#organization\",\"name\":\"Divertarte\",\"url\":\"https:\\\/\\\/divertarte.com\\\/\",\"logo\":{\"@type\":\"ImageObject\",\"inLanguage\":\"pt-PT\",\"@id\":\"https:\\\/\\\/divertarte.com\\\/#\\\/schema\\\/logo\\\/image\\\/\",\"url\":\"https:\\\/\\\/divertarte.com\\\/wp-content\\\/uploads\\\/2018\\\/07\\\/logo-div.jpg\",\"contentUrl\":\"https:\\\/\\\/divertarte.com\\\/wp-content\\\/uploads\\\/2018\\\/07\\\/logo-div.jpg\",\"width\":295,\"height\":123,\"caption\":\"Divertarte\"},\"image\":{\"@id\":\"https:\\\/\\\/divertarte.com\\\/#\\\/schema\\\/logo\\\/image\\\/\"}}]}<\/script>\n<!-- \/ Yoast SEO plugin. -->","yoast_head_json":{"title":"Molde silicone P\u00e9 de Beb\u00e9 -","description":"Molde silicone P\u00e9 de Beb\u00e9, medida aproximada 7.8x4.8cm com furoIdeal para porta chaves em resina, prendinha de nascimento, prendinha de batizado, ch\u00e1 de beb\u00e9","robots":{"index":"index","follow":"follow","max-snippet":"max-snippet:-1","max-image-preview":"max-image-preview:large","max-video-preview":"max-video-preview:-1"},"canonical":"https:\/\/divertarte.com\/index.php\/produto\/molde-silicone-pe-de-bebe\/","og_locale":"pt_PT","og_type":"article","og_title":"Molde silicone P\u00e9 de Beb\u00e9 -","og_description":"Molde silicone P\u00e9 de Beb\u00e9, medida aproximada 7.8x4.8cm com furoIdeal para porta chaves em resina, prendinha de nascimento, prendinha de batizado, ch\u00e1 de beb\u00e9","og_url":"https:\/\/divertarte.com\/index.php\/produto\/molde-silicone-pe-de-bebe\/","article_modified_time":"2025-11-06T13:23:38+00:00","og_image":[{"width":300,"height":300,"url":"https:\/\/divertarte.com\/wp-content\/uploads\/2024\/02\/molde-silicone-pe-de-bebe.jpg","type":"image\/jpeg"}],"twitter_card":"summary_large_image","schema":{"@context":"https:\/\/schema.org","@graph":[{"@type":"WebPage","@id":"https:\/\/divertarte.com\/index.php\/produto\/molde-silicone-pe-de-bebe\/","url":"https:\/\/divertarte.com\/index.php\/produto\/molde-silicone-pe-de-bebe\/","name":"Molde silicone P\u00e9 de Beb\u00e9 -","isPartOf":{"@id":"https:\/\/divertarte.com\/#website"},"primaryImageOfPage":{"@id":"https:\/\/divertarte.com\/index.php\/produto\/molde-silicone-pe-de-bebe\/#primaryimage"},"image":{"@id":"https:\/\/divertarte.com\/index.php\/produto\/molde-silicone-pe-de-bebe\/#primaryimage"},"thumbnailUrl":"https:\/\/divertarte.com\/wp-content\/uploads\/2024\/02\/molde-silicone-pe-de-bebe.jpg","datePublished":"2024-02-25T17:57:14+00:00","dateModified":"2025-11-06T13:23:38+00:00","description":"Molde silicone P\u00e9 de Beb\u00e9, medida aproximada 7.8x4.8cm com furoIdeal para porta chaves em resina, prendinha de nascimento, prendinha de batizado, ch\u00e1 de beb\u00e9","breadcrumb":{"@id":"https:\/\/divertarte.com\/index.php\/produto\/molde-silicone-pe-de-bebe\/#breadcrumb"},"inLanguage":"pt-PT","potentialAction":[{"@type":"ReadAction","target":["https:\/\/divertarte.com\/index.php\/produto\/molde-silicone-pe-de-bebe\/"]}]},{"@type":"ImageObject","inLanguage":"pt-PT","@id":"https:\/\/divertarte.com\/index.php\/produto\/molde-silicone-pe-de-bebe\/#primaryimage","url":"https:\/\/divertarte.com\/wp-content\/uploads\/2024\/02\/molde-silicone-pe-de-bebe.jpg","contentUrl":"https:\/\/divertarte.com\/wp-content\/uploads\/2024\/02\/molde-silicone-pe-de-bebe.jpg","width":300,"height":300},{"@type":"BreadcrumbList","@id":"https:\/\/divertarte.com\/index.php\/produto\/molde-silicone-pe-de-bebe\/#breadcrumb","itemListElement":[{"@type":"ListItem","position":1,"name":"In\u00edcio","item":"https:\/\/divertarte.com\/"},{"@type":"ListItem","position":2,"name":"Loja","item":"https:\/\/divertarte.com\/index.php\/divertarte-produtos\/"},{"@type":"ListItem","position":3,"name":"Molde silicone P\u00e9 de Beb\u00e9"}]},{"@type":"WebSite","@id":"https:\/\/divertarte.com\/#website","url":"https:\/\/divertarte.com\/","name":"Divertarte","description":"","publisher":{"@id":"https:\/\/divertarte.com\/#organization"},"potentialAction":[{"@type":"SearchAction","target":{"@type":"EntryPoint","urlTemplate":"https:\/\/divertarte.com\/?s={search_term_string}"},"query-input":{"@type":"PropertyValueSpecification","valueRequired":true,"valueName":"search_term_string"}}],"inLanguage":"pt-PT"},{"@type":"Organization","@id":"https:\/\/divertarte.com\/#organization","name":"Divertarte","url":"https:\/\/divertarte.com\/","logo":{"@type":"ImageObject","inLanguage":"pt-PT","@id":"https:\/\/divertarte.com\/#\/schema\/logo\/image\/","url":"https:\/\/divertarte.com\/wp-content\/uploads\/2018\/07\/logo-div.jpg","contentUrl":"https:\/\/divertarte.com\/wp-content\/uploads\/2018\/07\/logo-div.jpg","width":295,"height":123,"caption":"Divertarte"},"image":{"@id":"https:\/\/divertarte.com\/#\/schema\/logo\/image\/"}}]}},"_links":{"self":[{"href":"https:\/\/divertarte.com\/index.php\/wp-json\/wp\/v2\/product\/20080","targetHints":{"allow":["GET"]}}],"collection":[{"href":"https:\/\/divertarte.com\/index.php\/wp-json\/wp\/v2\/product"}],"about":[{"href":"https:\/\/divertarte.com\/index.php\/wp-json\/wp\/v2\/types\/product"}],"replies":[{"embeddable":true,"href":"https:\/\/divertarte.com\/index.php\/wp-json\/wp\/v2\/comments?post=20080"}],"wp:featuredmedia":[{"embeddable":true,"href":"https:\/\/divertarte.com\/index.php\/wp-json\/wp\/v2\/media\/20081"}],"wp:attachment":[{"href":"https:\/\/divertarte.com\/index.php\/wp-json\/wp\/v2\/media?parent=20080"}],"wp:term":[{"taxonomy":"product_brand","embeddable":true,"href":"https:\/\/divertarte.com\/index.php\/wp-json\/wp\/v2\/product_brand?post=20080"},{"taxonomy":"product_cat","embeddable":true,"href":"https:\/\/divertarte.com\/index.php\/wp-json\/wp\/v2\/product_cat?post=20080"},{"taxonomy":"product_tag","embeddable":true,"href":"https:\/\/divertarte.com\/index.php\/wp-json\/wp\/v2\/product_tag?post=20080"}],"curies":[{"name":"wp","href":"https:\/\/api.w.org\/{rel}","templated":true}]}}