{"id":19608,"date":"2023-10-15T17:40:31","date_gmt":"2023-10-15T16:40:31","guid":{"rendered":"https:\/\/divertarte.com\/?post_type=product&#038;p=19608"},"modified":"2025-11-06T13:23:39","modified_gmt":"2025-11-06T13:23:39","slug":"molde-silicone-placa-gesso-3d-trapezios","status":"publish","type":"product","link":"https:\/\/divertarte.com\/index.php\/produto\/molde-silicone-placa-gesso-3d-trapezios\/","title":{"rendered":"Molde Silicone Placa Gesso 3D Trap\u00e9zios"},"content":{"rendered":"<p>Molde Silicone Placa Gesso 3D Trap\u00e9zios<\/p>\n<p>Medidas aproximadas da pe\u00e7a: 40x40x2,5cm. Molde feito por encomenda<\/p>\n<p>Molde para fazer placas de gesso decorativas para forrar paredes e divis\u00f3rias<\/p>\n","protected":false},"excerpt":{"rendered":"<p>Molde Silicone Placa Gesso 3D Trap\u00e9zios<\/p>\n<p>Medidas aproximadas da pe\u00e7a: 40x40x2,5cm. Molde feito por encomenda<\/p>\n<p>Molde para fazer placas de gesso decorativas para forrar paredes e divis\u00f3rias, pe\u00e7as decorativas.<\/p>\n<p>Feito por encomenda.<\/p>\n","protected":false},"featured_media":20552,"comment_status":"open","ping_status":"closed","template":"","meta":{"_exactmetrics_skip_tracking":false,"_exactmetrics_sitenote_active":false,"_exactmetrics_sitenote_note":"","_exactmetrics_sitenote_category":0},"product_brand":[],"product_cat":[508,54,913,1227],"product_tag":[1074,1073],"class_list":{"0":"post-19608","1":"product","2":"type-product","3":"status-publish","4":"has-post-thumbnail","6":"product_cat-moldes-3d","7":"product_cat-moldes-de-silicone-em-portugal","8":"product_cat-moldes-placas-gesso-3d","9":"product_cat-moldes-silicone-placas-de-gesso-3d","10":"product_tag-molde-silicone-placa-gesso-3d-trapezios","11":"product_tag-moldes-placas-gesso-3d","13":"first","14":"instock","15":"taxable","16":"shipping-taxable","17":"purchasable","18":"product-type-simple"},"yoast_head":"<!-- This site is optimized with the Yoast SEO plugin v27.4 - https:\/\/yoast.com\/product\/yoast-seo-wordpress\/ -->\n<title>Molde Silicone Placa Gesso 3D Trap\u00e9zios -<\/title>\n<meta name=\"description\" content=\"Molde Silicone Placa Gesso 3D Trap\u00e9ziosMedidas aproximadas da pe\u00e7a: 40x40x2,5cm. Molde feito por encomenda Molde para fazer placas de gesso decorativas para forrar paredes e divis\u00f3rias\" \/>\n<meta name=\"robots\" content=\"index, follow, max-snippet:-1, max-image-preview:large, max-video-preview:-1\" \/>\n<link rel=\"canonical\" href=\"https:\/\/divertarte.com\/index.php\/produto\/molde-silicone-placa-gesso-3d-trapezios\/\" \/>\n<meta property=\"og:locale\" content=\"pt_PT\" \/>\n<meta property=\"og:type\" content=\"article\" \/>\n<meta property=\"og:title\" content=\"Molde Silicone Placa Gesso 3D Trap\u00e9zios -\" \/>\n<meta property=\"og:description\" content=\"Molde Silicone Placa Gesso 3D Trap\u00e9ziosMedidas aproximadas da pe\u00e7a: 40x40x2,5cm. Molde feito por encomenda Molde para fazer placas de gesso decorativas para forrar paredes e divis\u00f3rias\" \/>\n<meta property=\"og:url\" content=\"https:\/\/divertarte.com\/index.php\/produto\/molde-silicone-placa-gesso-3d-trapezios\/\" \/>\n<meta property=\"article:modified_time\" content=\"2025-11-06T13:23:39+00:00\" \/>\n<meta property=\"og:image\" content=\"https:\/\/divertarte.com\/wp-content\/uploads\/2023\/10\/Molde-silicone-placa-gesso-3D-trapezios-.jpg\" \/>\n\t<meta property=\"og:image:width\" content=\"300\" \/>\n\t<meta property=\"og:image:height\" content=\"300\" \/>\n\t<meta property=\"og:image:type\" content=\"image\/jpeg\" \/>\n<meta name=\"twitter:card\" content=\"summary_large_image\" \/>\n<script type=\"application\/ld+json\" class=\"yoast-schema-graph\">{\"@context\":\"https:\\\/\\\/schema.org\",\"@graph\":[{\"@type\":\"WebPage\",\"@id\":\"https:\\\/\\\/divertarte.com\\\/index.php\\\/produto\\\/molde-silicone-placa-gesso-3d-trapezios\\\/\",\"url\":\"https:\\\/\\\/divertarte.com\\\/index.php\\\/produto\\\/molde-silicone-placa-gesso-3d-trapezios\\\/\",\"name\":\"Molde Silicone Placa Gesso 3D Trap\u00e9zios -\",\"isPartOf\":{\"@id\":\"https:\\\/\\\/divertarte.com\\\/#website\"},\"primaryImageOfPage\":{\"@id\":\"https:\\\/\\\/divertarte.com\\\/index.php\\\/produto\\\/molde-silicone-placa-gesso-3d-trapezios\\\/#primaryimage\"},\"image\":{\"@id\":\"https:\\\/\\\/divertarte.com\\\/index.php\\\/produto\\\/molde-silicone-placa-gesso-3d-trapezios\\\/#primaryimage\"},\"thumbnailUrl\":\"https:\\\/\\\/divertarte.com\\\/wp-content\\\/uploads\\\/2023\\\/10\\\/Molde-silicone-placa-gesso-3D-trapezios-.jpg\",\"datePublished\":\"2023-10-15T16:40:31+00:00\",\"dateModified\":\"2025-11-06T13:23:39+00:00\",\"description\":\"Molde Silicone Placa Gesso 3D Trap\u00e9ziosMedidas aproximadas da pe\u00e7a: 40x40x2,5cm. Molde feito por encomenda Molde para fazer placas de gesso decorativas para forrar paredes e divis\u00f3rias\",\"breadcrumb\":{\"@id\":\"https:\\\/\\\/divertarte.com\\\/index.php\\\/produto\\\/molde-silicone-placa-gesso-3d-trapezios\\\/#breadcrumb\"},\"inLanguage\":\"pt-PT\",\"potentialAction\":[{\"@type\":\"ReadAction\",\"target\":[\"https:\\\/\\\/divertarte.com\\\/index.php\\\/produto\\\/molde-silicone-placa-gesso-3d-trapezios\\\/\"]}]},{\"@type\":\"ImageObject\",\"inLanguage\":\"pt-PT\",\"@id\":\"https:\\\/\\\/divertarte.com\\\/index.php\\\/produto\\\/molde-silicone-placa-gesso-3d-trapezios\\\/#primaryimage\",\"url\":\"https:\\\/\\\/divertarte.com\\\/wp-content\\\/uploads\\\/2023\\\/10\\\/Molde-silicone-placa-gesso-3D-trapezios-.jpg\",\"contentUrl\":\"https:\\\/\\\/divertarte.com\\\/wp-content\\\/uploads\\\/2023\\\/10\\\/Molde-silicone-placa-gesso-3D-trapezios-.jpg\",\"width\":300,\"height\":300},{\"@type\":\"BreadcrumbList\",\"@id\":\"https:\\\/\\\/divertarte.com\\\/index.php\\\/produto\\\/molde-silicone-placa-gesso-3d-trapezios\\\/#breadcrumb\",\"itemListElement\":[{\"@type\":\"ListItem\",\"position\":1,\"name\":\"In\u00edcio\",\"item\":\"https:\\\/\\\/divertarte.com\\\/\"},{\"@type\":\"ListItem\",\"position\":2,\"name\":\"Loja\",\"item\":\"https:\\\/\\\/divertarte.com\\\/index.php\\\/divertarte-produtos\\\/\"},{\"@type\":\"ListItem\",\"position\":3,\"name\":\"Molde Silicone Placa Gesso 3D Trap\u00e9zios\"}]},{\"@type\":\"WebSite\",\"@id\":\"https:\\\/\\\/divertarte.com\\\/#website\",\"url\":\"https:\\\/\\\/divertarte.com\\\/\",\"name\":\"Divertarte\",\"description\":\"\",\"publisher\":{\"@id\":\"https:\\\/\\\/divertarte.com\\\/#organization\"},\"potentialAction\":[{\"@type\":\"SearchAction\",\"target\":{\"@type\":\"EntryPoint\",\"urlTemplate\":\"https:\\\/\\\/divertarte.com\\\/?s={search_term_string}\"},\"query-input\":{\"@type\":\"PropertyValueSpecification\",\"valueRequired\":true,\"valueName\":\"search_term_string\"}}],\"inLanguage\":\"pt-PT\"},{\"@type\":\"Organization\",\"@id\":\"https:\\\/\\\/divertarte.com\\\/#organization\",\"name\":\"Divertarte\",\"url\":\"https:\\\/\\\/divertarte.com\\\/\",\"logo\":{\"@type\":\"ImageObject\",\"inLanguage\":\"pt-PT\",\"@id\":\"https:\\\/\\\/divertarte.com\\\/#\\\/schema\\\/logo\\\/image\\\/\",\"url\":\"https:\\\/\\\/divertarte.com\\\/wp-content\\\/uploads\\\/2018\\\/07\\\/logo-div.jpg\",\"contentUrl\":\"https:\\\/\\\/divertarte.com\\\/wp-content\\\/uploads\\\/2018\\\/07\\\/logo-div.jpg\",\"width\":295,\"height\":123,\"caption\":\"Divertarte\"},\"image\":{\"@id\":\"https:\\\/\\\/divertarte.com\\\/#\\\/schema\\\/logo\\\/image\\\/\"}}]}<\/script>\n<!-- \/ Yoast SEO plugin. -->","yoast_head_json":{"title":"Molde Silicone Placa Gesso 3D Trap\u00e9zios -","description":"Molde Silicone Placa Gesso 3D Trap\u00e9ziosMedidas aproximadas da pe\u00e7a: 40x40x2,5cm. Molde feito por encomenda Molde para fazer placas de gesso decorativas para forrar paredes e divis\u00f3rias","robots":{"index":"index","follow":"follow","max-snippet":"max-snippet:-1","max-image-preview":"max-image-preview:large","max-video-preview":"max-video-preview:-1"},"canonical":"https:\/\/divertarte.com\/index.php\/produto\/molde-silicone-placa-gesso-3d-trapezios\/","og_locale":"pt_PT","og_type":"article","og_title":"Molde Silicone Placa Gesso 3D Trap\u00e9zios -","og_description":"Molde Silicone Placa Gesso 3D Trap\u00e9ziosMedidas aproximadas da pe\u00e7a: 40x40x2,5cm. Molde feito por encomenda Molde para fazer placas de gesso decorativas para forrar paredes e divis\u00f3rias","og_url":"https:\/\/divertarte.com\/index.php\/produto\/molde-silicone-placa-gesso-3d-trapezios\/","article_modified_time":"2025-11-06T13:23:39+00:00","og_image":[{"width":300,"height":300,"url":"https:\/\/divertarte.com\/wp-content\/uploads\/2023\/10\/Molde-silicone-placa-gesso-3D-trapezios-.jpg","type":"image\/jpeg"}],"twitter_card":"summary_large_image","schema":{"@context":"https:\/\/schema.org","@graph":[{"@type":"WebPage","@id":"https:\/\/divertarte.com\/index.php\/produto\/molde-silicone-placa-gesso-3d-trapezios\/","url":"https:\/\/divertarte.com\/index.php\/produto\/molde-silicone-placa-gesso-3d-trapezios\/","name":"Molde Silicone Placa Gesso 3D Trap\u00e9zios -","isPartOf":{"@id":"https:\/\/divertarte.com\/#website"},"primaryImageOfPage":{"@id":"https:\/\/divertarte.com\/index.php\/produto\/molde-silicone-placa-gesso-3d-trapezios\/#primaryimage"},"image":{"@id":"https:\/\/divertarte.com\/index.php\/produto\/molde-silicone-placa-gesso-3d-trapezios\/#primaryimage"},"thumbnailUrl":"https:\/\/divertarte.com\/wp-content\/uploads\/2023\/10\/Molde-silicone-placa-gesso-3D-trapezios-.jpg","datePublished":"2023-10-15T16:40:31+00:00","dateModified":"2025-11-06T13:23:39+00:00","description":"Molde Silicone Placa Gesso 3D Trap\u00e9ziosMedidas aproximadas da pe\u00e7a: 40x40x2,5cm. Molde feito por encomenda Molde para fazer placas de gesso decorativas para forrar paredes e divis\u00f3rias","breadcrumb":{"@id":"https:\/\/divertarte.com\/index.php\/produto\/molde-silicone-placa-gesso-3d-trapezios\/#breadcrumb"},"inLanguage":"pt-PT","potentialAction":[{"@type":"ReadAction","target":["https:\/\/divertarte.com\/index.php\/produto\/molde-silicone-placa-gesso-3d-trapezios\/"]}]},{"@type":"ImageObject","inLanguage":"pt-PT","@id":"https:\/\/divertarte.com\/index.php\/produto\/molde-silicone-placa-gesso-3d-trapezios\/#primaryimage","url":"https:\/\/divertarte.com\/wp-content\/uploads\/2023\/10\/Molde-silicone-placa-gesso-3D-trapezios-.jpg","contentUrl":"https:\/\/divertarte.com\/wp-content\/uploads\/2023\/10\/Molde-silicone-placa-gesso-3D-trapezios-.jpg","width":300,"height":300},{"@type":"BreadcrumbList","@id":"https:\/\/divertarte.com\/index.php\/produto\/molde-silicone-placa-gesso-3d-trapezios\/#breadcrumb","itemListElement":[{"@type":"ListItem","position":1,"name":"In\u00edcio","item":"https:\/\/divertarte.com\/"},{"@type":"ListItem","position":2,"name":"Loja","item":"https:\/\/divertarte.com\/index.php\/divertarte-produtos\/"},{"@type":"ListItem","position":3,"name":"Molde Silicone Placa Gesso 3D Trap\u00e9zios"}]},{"@type":"WebSite","@id":"https:\/\/divertarte.com\/#website","url":"https:\/\/divertarte.com\/","name":"Divertarte","description":"","publisher":{"@id":"https:\/\/divertarte.com\/#organization"},"potentialAction":[{"@type":"SearchAction","target":{"@type":"EntryPoint","urlTemplate":"https:\/\/divertarte.com\/?s={search_term_string}"},"query-input":{"@type":"PropertyValueSpecification","valueRequired":true,"valueName":"search_term_string"}}],"inLanguage":"pt-PT"},{"@type":"Organization","@id":"https:\/\/divertarte.com\/#organization","name":"Divertarte","url":"https:\/\/divertarte.com\/","logo":{"@type":"ImageObject","inLanguage":"pt-PT","@id":"https:\/\/divertarte.com\/#\/schema\/logo\/image\/","url":"https:\/\/divertarte.com\/wp-content\/uploads\/2018\/07\/logo-div.jpg","contentUrl":"https:\/\/divertarte.com\/wp-content\/uploads\/2018\/07\/logo-div.jpg","width":295,"height":123,"caption":"Divertarte"},"image":{"@id":"https:\/\/divertarte.com\/#\/schema\/logo\/image\/"}}]}},"_links":{"self":[{"href":"https:\/\/divertarte.com\/index.php\/wp-json\/wp\/v2\/product\/19608","targetHints":{"allow":["GET"]}}],"collection":[{"href":"https:\/\/divertarte.com\/index.php\/wp-json\/wp\/v2\/product"}],"about":[{"href":"https:\/\/divertarte.com\/index.php\/wp-json\/wp\/v2\/types\/product"}],"replies":[{"embeddable":true,"href":"https:\/\/divertarte.com\/index.php\/wp-json\/wp\/v2\/comments?post=19608"}],"wp:featuredmedia":[{"embeddable":true,"href":"https:\/\/divertarte.com\/index.php\/wp-json\/wp\/v2\/media\/20552"}],"wp:attachment":[{"href":"https:\/\/divertarte.com\/index.php\/wp-json\/wp\/v2\/media?parent=19608"}],"wp:term":[{"taxonomy":"product_brand","embeddable":true,"href":"https:\/\/divertarte.com\/index.php\/wp-json\/wp\/v2\/product_brand?post=19608"},{"taxonomy":"product_cat","embeddable":true,"href":"https:\/\/divertarte.com\/index.php\/wp-json\/wp\/v2\/product_cat?post=19608"},{"taxonomy":"product_tag","embeddable":true,"href":"https:\/\/divertarte.com\/index.php\/wp-json\/wp\/v2\/product_tag?post=19608"}],"curies":[{"name":"wp","href":"https:\/\/api.w.org\/{rel}","templated":true}]}}