{"id":19604,"date":"2023-10-15T16:56:21","date_gmt":"2023-10-15T15:56:21","guid":{"rendered":"https:\/\/divertarte.com\/?post_type=product&#038;p=19604"},"modified":"2025-11-06T13:23:39","modified_gmt":"2025-11-06T13:23:39","slug":"presepio-mini-molde-de-silicone","status":"publish","type":"product","link":"https:\/\/divertarte.com\/index.php\/produto\/presepio-mini-molde-de-silicone\/","title":{"rendered":"Pres\u00e9pio Mini molde de silicone"},"content":{"rendered":"<p>Pres\u00e9pio Mini molde de silicone<\/p>\n<p>Conjunto de 5 pe\u00e7as, a maior tem 3,5 cm<\/p>\n<p>Ideal para fazer em gesso ou resina e colocar em mini cabanas ou bolas de vidro como pendentes para arvore de Natal<\/p>\n","protected":false},"excerpt":{"rendered":"<p>Pres\u00e9pio Mini molde de silicone<\/p>\n<p>Conjunto de 5 pe\u00e7as, a maior tem 3,5 cm<\/p>\n<p>Ideal para fazer em gesso ou resina e colocar em mini cabanas ou bolas de vidro como pendentes para arvore de Natal<\/p>\n","protected":false},"featured_media":20809,"comment_status":"open","ping_status":"closed","template":"","meta":{"_exactmetrics_skip_tracking":false,"_exactmetrics_sitenote_active":false,"_exactmetrics_sitenote_note":"","_exactmetrics_sitenote_category":0},"product_brand":[],"product_cat":[84,584],"product_tag":[1070,1072,1071],"class_list":{"0":"post-19604","1":"product","2":"type-product","3":"status-publish","4":"has-post-thumbnail","6":"product_cat-moldes-natal","7":"product_cat-moldes-presepios","8":"product_tag-molde-silicone-presepio","9":"product_tag-presepio-mini","10":"product_tag-presepios","12":"first","13":"instock","14":"taxable","15":"shipping-taxable","16":"purchasable","17":"product-type-simple"},"yoast_head":"<!-- This site is optimized with the Yoast SEO plugin v27.4 - https:\/\/yoast.com\/product\/yoast-seo-wordpress\/ -->\n<title>Pres\u00e9pio Mini molde de silicone -<\/title>\n<meta name=\"description\" content=\"Pres\u00e9pio Mini molde de silicone Conjunto de 5 pe\u00e7as, a maior tem 3,5 cm. Ideal para fazer em gesso ou resina e colocar em mini cabanas ou bolas de vidro como pendentes para arvore de Natal\" \/>\n<meta name=\"robots\" content=\"index, follow, max-snippet:-1, max-image-preview:large, max-video-preview:-1\" \/>\n<link rel=\"canonical\" href=\"https:\/\/divertarte.com\/index.php\/produto\/presepio-mini-molde-de-silicone\/\" \/>\n<meta property=\"og:locale\" content=\"pt_PT\" \/>\n<meta property=\"og:type\" content=\"article\" \/>\n<meta property=\"og:title\" content=\"Pres\u00e9pio Mini molde de silicone -\" \/>\n<meta property=\"og:description\" content=\"Pres\u00e9pio Mini molde de silicone Conjunto de 5 pe\u00e7as, a maior tem 3,5 cm. Ideal para fazer em gesso ou resina e colocar em mini cabanas ou bolas de vidro como pendentes para arvore de Natal\" \/>\n<meta property=\"og:url\" content=\"https:\/\/divertarte.com\/index.php\/produto\/presepio-mini-molde-de-silicone\/\" \/>\n<meta property=\"article:modified_time\" content=\"2025-11-06T13:23:39+00:00\" \/>\n<meta property=\"og:image\" content=\"https:\/\/divertarte.com\/wp-content\/uploads\/2023\/10\/presepio-mini-molde-silicone.jpg\" \/>\n\t<meta property=\"og:image:width\" content=\"301\" \/>\n\t<meta property=\"og:image:height\" content=\"301\" \/>\n\t<meta property=\"og:image:type\" content=\"image\/jpeg\" \/>\n<meta name=\"twitter:card\" content=\"summary_large_image\" \/>\n<script type=\"application\/ld+json\" class=\"yoast-schema-graph\">{\"@context\":\"https:\\\/\\\/schema.org\",\"@graph\":[{\"@type\":\"WebPage\",\"@id\":\"https:\\\/\\\/divertarte.com\\\/index.php\\\/produto\\\/presepio-mini-molde-de-silicone\\\/\",\"url\":\"https:\\\/\\\/divertarte.com\\\/index.php\\\/produto\\\/presepio-mini-molde-de-silicone\\\/\",\"name\":\"Pres\u00e9pio Mini molde de silicone -\",\"isPartOf\":{\"@id\":\"https:\\\/\\\/divertarte.com\\\/#website\"},\"primaryImageOfPage\":{\"@id\":\"https:\\\/\\\/divertarte.com\\\/index.php\\\/produto\\\/presepio-mini-molde-de-silicone\\\/#primaryimage\"},\"image\":{\"@id\":\"https:\\\/\\\/divertarte.com\\\/index.php\\\/produto\\\/presepio-mini-molde-de-silicone\\\/#primaryimage\"},\"thumbnailUrl\":\"https:\\\/\\\/divertarte.com\\\/wp-content\\\/uploads\\\/2023\\\/10\\\/presepio-mini-molde-silicone.jpg\",\"datePublished\":\"2023-10-15T15:56:21+00:00\",\"dateModified\":\"2025-11-06T13:23:39+00:00\",\"description\":\"Pres\u00e9pio Mini molde de silicone Conjunto de 5 pe\u00e7as, a maior tem 3,5 cm. Ideal para fazer em gesso ou resina e colocar em mini cabanas ou bolas de vidro como pendentes para arvore de Natal\",\"breadcrumb\":{\"@id\":\"https:\\\/\\\/divertarte.com\\\/index.php\\\/produto\\\/presepio-mini-molde-de-silicone\\\/#breadcrumb\"},\"inLanguage\":\"pt-PT\",\"potentialAction\":[{\"@type\":\"ReadAction\",\"target\":[\"https:\\\/\\\/divertarte.com\\\/index.php\\\/produto\\\/presepio-mini-molde-de-silicone\\\/\"]}]},{\"@type\":\"ImageObject\",\"inLanguage\":\"pt-PT\",\"@id\":\"https:\\\/\\\/divertarte.com\\\/index.php\\\/produto\\\/presepio-mini-molde-de-silicone\\\/#primaryimage\",\"url\":\"https:\\\/\\\/divertarte.com\\\/wp-content\\\/uploads\\\/2023\\\/10\\\/presepio-mini-molde-silicone.jpg\",\"contentUrl\":\"https:\\\/\\\/divertarte.com\\\/wp-content\\\/uploads\\\/2023\\\/10\\\/presepio-mini-molde-silicone.jpg\",\"width\":301,\"height\":301},{\"@type\":\"BreadcrumbList\",\"@id\":\"https:\\\/\\\/divertarte.com\\\/index.php\\\/produto\\\/presepio-mini-molde-de-silicone\\\/#breadcrumb\",\"itemListElement\":[{\"@type\":\"ListItem\",\"position\":1,\"name\":\"In\u00edcio\",\"item\":\"https:\\\/\\\/divertarte.com\\\/\"},{\"@type\":\"ListItem\",\"position\":2,\"name\":\"Loja\",\"item\":\"https:\\\/\\\/divertarte.com\\\/index.php\\\/divertarte-produtos\\\/\"},{\"@type\":\"ListItem\",\"position\":3,\"name\":\"Pres\u00e9pio Mini molde de silicone\"}]},{\"@type\":\"WebSite\",\"@id\":\"https:\\\/\\\/divertarte.com\\\/#website\",\"url\":\"https:\\\/\\\/divertarte.com\\\/\",\"name\":\"Divertarte\",\"description\":\"\",\"publisher\":{\"@id\":\"https:\\\/\\\/divertarte.com\\\/#organization\"},\"potentialAction\":[{\"@type\":\"SearchAction\",\"target\":{\"@type\":\"EntryPoint\",\"urlTemplate\":\"https:\\\/\\\/divertarte.com\\\/?s={search_term_string}\"},\"query-input\":{\"@type\":\"PropertyValueSpecification\",\"valueRequired\":true,\"valueName\":\"search_term_string\"}}],\"inLanguage\":\"pt-PT\"},{\"@type\":\"Organization\",\"@id\":\"https:\\\/\\\/divertarte.com\\\/#organization\",\"name\":\"Divertarte\",\"url\":\"https:\\\/\\\/divertarte.com\\\/\",\"logo\":{\"@type\":\"ImageObject\",\"inLanguage\":\"pt-PT\",\"@id\":\"https:\\\/\\\/divertarte.com\\\/#\\\/schema\\\/logo\\\/image\\\/\",\"url\":\"https:\\\/\\\/divertarte.com\\\/wp-content\\\/uploads\\\/2018\\\/07\\\/logo-div.jpg\",\"contentUrl\":\"https:\\\/\\\/divertarte.com\\\/wp-content\\\/uploads\\\/2018\\\/07\\\/logo-div.jpg\",\"width\":295,\"height\":123,\"caption\":\"Divertarte\"},\"image\":{\"@id\":\"https:\\\/\\\/divertarte.com\\\/#\\\/schema\\\/logo\\\/image\\\/\"}}]}<\/script>\n<!-- \/ Yoast SEO plugin. -->","yoast_head_json":{"title":"Pres\u00e9pio Mini molde de silicone -","description":"Pres\u00e9pio Mini molde de silicone Conjunto de 5 pe\u00e7as, a maior tem 3,5 cm. Ideal para fazer em gesso ou resina e colocar em mini cabanas ou bolas de vidro como pendentes para arvore de Natal","robots":{"index":"index","follow":"follow","max-snippet":"max-snippet:-1","max-image-preview":"max-image-preview:large","max-video-preview":"max-video-preview:-1"},"canonical":"https:\/\/divertarte.com\/index.php\/produto\/presepio-mini-molde-de-silicone\/","og_locale":"pt_PT","og_type":"article","og_title":"Pres\u00e9pio Mini molde de silicone -","og_description":"Pres\u00e9pio Mini molde de silicone Conjunto de 5 pe\u00e7as, a maior tem 3,5 cm. Ideal para fazer em gesso ou resina e colocar em mini cabanas ou bolas de vidro como pendentes para arvore de Natal","og_url":"https:\/\/divertarte.com\/index.php\/produto\/presepio-mini-molde-de-silicone\/","article_modified_time":"2025-11-06T13:23:39+00:00","og_image":[{"width":301,"height":301,"url":"https:\/\/divertarte.com\/wp-content\/uploads\/2023\/10\/presepio-mini-molde-silicone.jpg","type":"image\/jpeg"}],"twitter_card":"summary_large_image","schema":{"@context":"https:\/\/schema.org","@graph":[{"@type":"WebPage","@id":"https:\/\/divertarte.com\/index.php\/produto\/presepio-mini-molde-de-silicone\/","url":"https:\/\/divertarte.com\/index.php\/produto\/presepio-mini-molde-de-silicone\/","name":"Pres\u00e9pio Mini molde de silicone -","isPartOf":{"@id":"https:\/\/divertarte.com\/#website"},"primaryImageOfPage":{"@id":"https:\/\/divertarte.com\/index.php\/produto\/presepio-mini-molde-de-silicone\/#primaryimage"},"image":{"@id":"https:\/\/divertarte.com\/index.php\/produto\/presepio-mini-molde-de-silicone\/#primaryimage"},"thumbnailUrl":"https:\/\/divertarte.com\/wp-content\/uploads\/2023\/10\/presepio-mini-molde-silicone.jpg","datePublished":"2023-10-15T15:56:21+00:00","dateModified":"2025-11-06T13:23:39+00:00","description":"Pres\u00e9pio Mini molde de silicone Conjunto de 5 pe\u00e7as, a maior tem 3,5 cm. Ideal para fazer em gesso ou resina e colocar em mini cabanas ou bolas de vidro como pendentes para arvore de Natal","breadcrumb":{"@id":"https:\/\/divertarte.com\/index.php\/produto\/presepio-mini-molde-de-silicone\/#breadcrumb"},"inLanguage":"pt-PT","potentialAction":[{"@type":"ReadAction","target":["https:\/\/divertarte.com\/index.php\/produto\/presepio-mini-molde-de-silicone\/"]}]},{"@type":"ImageObject","inLanguage":"pt-PT","@id":"https:\/\/divertarte.com\/index.php\/produto\/presepio-mini-molde-de-silicone\/#primaryimage","url":"https:\/\/divertarte.com\/wp-content\/uploads\/2023\/10\/presepio-mini-molde-silicone.jpg","contentUrl":"https:\/\/divertarte.com\/wp-content\/uploads\/2023\/10\/presepio-mini-molde-silicone.jpg","width":301,"height":301},{"@type":"BreadcrumbList","@id":"https:\/\/divertarte.com\/index.php\/produto\/presepio-mini-molde-de-silicone\/#breadcrumb","itemListElement":[{"@type":"ListItem","position":1,"name":"In\u00edcio","item":"https:\/\/divertarte.com\/"},{"@type":"ListItem","position":2,"name":"Loja","item":"https:\/\/divertarte.com\/index.php\/divertarte-produtos\/"},{"@type":"ListItem","position":3,"name":"Pres\u00e9pio Mini molde de silicone"}]},{"@type":"WebSite","@id":"https:\/\/divertarte.com\/#website","url":"https:\/\/divertarte.com\/","name":"Divertarte","description":"","publisher":{"@id":"https:\/\/divertarte.com\/#organization"},"potentialAction":[{"@type":"SearchAction","target":{"@type":"EntryPoint","urlTemplate":"https:\/\/divertarte.com\/?s={search_term_string}"},"query-input":{"@type":"PropertyValueSpecification","valueRequired":true,"valueName":"search_term_string"}}],"inLanguage":"pt-PT"},{"@type":"Organization","@id":"https:\/\/divertarte.com\/#organization","name":"Divertarte","url":"https:\/\/divertarte.com\/","logo":{"@type":"ImageObject","inLanguage":"pt-PT","@id":"https:\/\/divertarte.com\/#\/schema\/logo\/image\/","url":"https:\/\/divertarte.com\/wp-content\/uploads\/2018\/07\/logo-div.jpg","contentUrl":"https:\/\/divertarte.com\/wp-content\/uploads\/2018\/07\/logo-div.jpg","width":295,"height":123,"caption":"Divertarte"},"image":{"@id":"https:\/\/divertarte.com\/#\/schema\/logo\/image\/"}}]}},"_links":{"self":[{"href":"https:\/\/divertarte.com\/index.php\/wp-json\/wp\/v2\/product\/19604","targetHints":{"allow":["GET"]}}],"collection":[{"href":"https:\/\/divertarte.com\/index.php\/wp-json\/wp\/v2\/product"}],"about":[{"href":"https:\/\/divertarte.com\/index.php\/wp-json\/wp\/v2\/types\/product"}],"replies":[{"embeddable":true,"href":"https:\/\/divertarte.com\/index.php\/wp-json\/wp\/v2\/comments?post=19604"}],"wp:featuredmedia":[{"embeddable":true,"href":"https:\/\/divertarte.com\/index.php\/wp-json\/wp\/v2\/media\/20809"}],"wp:attachment":[{"href":"https:\/\/divertarte.com\/index.php\/wp-json\/wp\/v2\/media?parent=19604"}],"wp:term":[{"taxonomy":"product_brand","embeddable":true,"href":"https:\/\/divertarte.com\/index.php\/wp-json\/wp\/v2\/product_brand?post=19604"},{"taxonomy":"product_cat","embeddable":true,"href":"https:\/\/divertarte.com\/index.php\/wp-json\/wp\/v2\/product_cat?post=19604"},{"taxonomy":"product_tag","embeddable":true,"href":"https:\/\/divertarte.com\/index.php\/wp-json\/wp\/v2\/product_tag?post=19604"}],"curies":[{"name":"wp","href":"https:\/\/api.w.org\/{rel}","templated":true}]}}