{"id":19496,"date":"2023-09-27T16:28:57","date_gmt":"2023-09-27T15:28:57","guid":{"rendered":"https:\/\/divertarte.com\/?post_type=product&#038;p=19496"},"modified":"2025-11-06T13:23:39","modified_gmt":"2025-11-06T13:23:39","slug":"oleo-de-neem","status":"publish","type":"product","link":"https:\/\/divertarte.com\/index.php\/produto\/oleo-de-neem\/","title":{"rendered":"Oleo de Neem"},"content":{"rendered":"<p>Oleo de Neem<\/p>\n<p>Com muitas propriedades anti-inflamat\u00f3rias e antifungicas, o \u00f3leo de Neem \u00e9 inficado para acnes e como repelente natural<\/p>\n<p>Pode usar como inseticida organico para afastar insectos e fungos.<\/p>\n<p>\u00c9 um \u00f3leo que apresenta a\u00e7\u00e3o antif\u00fangica, antibacteriana, antiviral, antiss\u00e9ptica e anti-inflamat\u00f3ria. \u00c9 por tudo isso que ele serve como ingrediente nas ind\u00fastrias farmac\u00eautica e de produtos de limpeza.<\/p>\n<p>Pode ser usado diretamente tanto no corpo e no cabelo como em planta\u00e7\u00f5es e animais. Isso porque n\u00e3o \u00e9 um produto t\u00f3xico. Devido \u00e0s propriedades antif\u00fangicas e antibacterianas, este \u00f3leo serve para combater mais de 200 esp\u00e9cies de insetos. Dentre eles, destacam-se pragas, baratas, tra\u00e7as, pulgas e piolhos.<\/p>\n<p>\u00c9 eficaz no tratamento de doen\u00e7as de pele, como eczema, psor\u00edase, varicela, erup\u00e7\u00f5es cut\u00e2neas e feridas. Ele ajuda a reduzir a inflama\u00e7\u00e3o e acelera a cicatriza\u00e7\u00e3o da pele danificada. Pode ser aplicado diretamente na pele ou misturado com pomada ou creme. Pode usar no champo e no sabonete.<\/p>\n<p>Nas planta\u00e7\u00f5es, os efeitos tamb\u00e9m s\u00e3o eficazes. Um spray de\u00a0\u00f3leo de neem misturado com \u00e1gua ou hidrolato <a href=\"https:\/\/www.ecycle.com.br\/hidrolato-de-citronela\/\">de<\/a>\u00a0citronela pode ser borrifado nas plantas. Isso auxilia no combate \u00e0s pragas e insetos que podem vir a prejudicar os vegetais<\/p>\n","protected":false},"excerpt":{"rendered":"<p>Oleo de Neem<\/p>\n<p>Com muitas propriedades anti-inflamat\u00f3rias e antifungicas, o \u00f3leo de Neem \u00e9 inficado para acnes e como repelente natural. Pode usar como inseticida organico para afastar insectos e fungos.<\/p>\n<p>\u00c9 eficaz no tratamento de doen\u00e7as de pele, como eczema, psor\u00edase, varicela, erup\u00e7\u00f5es cut\u00e2neas e feridas. Ele ajuda a reduzir a inflama\u00e7\u00e3o e acelera a cicatriza\u00e7\u00e3o da pele danificada. Pode ser aplicado diretamente na pele ou misturado com pomada ou creme. Pode usar no champo e no sabonete.<\/p>\n","protected":false},"featured_media":19506,"comment_status":"open","ping_status":"closed","template":"","meta":{"_exactmetrics_skip_tracking":false,"_exactmetrics_sitenote_active":false,"_exactmetrics_sitenote_note":"","_exactmetrics_sitenote_category":0},"product_brand":[],"product_cat":[251,15],"product_tag":[1033,1034,1032],"class_list":{"0":"post-19496","1":"product","2":"type-product","3":"status-publish","4":"has-post-thumbnail","6":"product_cat-oleos-base-vegetais","7":"product_cat-ver-todos-os-produtos","8":"product_tag-anti-fungico","9":"product_tag-neem","10":"product_tag-oleo-de-neem","12":"first","13":"instock","14":"taxable","15":"shipping-taxable","16":"purchasable","17":"product-type-variable"},"yoast_head":"<!-- This site is optimized with the Yoast SEO plugin v27.4 - https:\/\/yoast.com\/product\/yoast-seo-wordpress\/ -->\n<title>Oleo de Neem -<\/title>\n<meta name=\"description\" content=\"Com muitas propriedades anti-inflamat\u00f3rias e antifungicas, o \u00f3leo de Neem \u00e9 inficado para acnes e como repelente natural. Pode usar como inseticida organico para afastar insectos e fungos.\" \/>\n<meta name=\"robots\" content=\"index, follow, max-snippet:-1, max-image-preview:large, max-video-preview:-1\" \/>\n<link rel=\"canonical\" href=\"https:\/\/divertarte.com\/index.php\/produto\/oleo-de-neem\/\" \/>\n<meta property=\"og:locale\" content=\"pt_PT\" \/>\n<meta property=\"og:type\" content=\"article\" \/>\n<meta property=\"og:title\" content=\"Oleo de Neem -\" \/>\n<meta property=\"og:description\" content=\"Com muitas propriedades anti-inflamat\u00f3rias e antifungicas, o \u00f3leo de Neem \u00e9 inficado para acnes e como repelente natural. Pode usar como inseticida organico para afastar insectos e fungos.\" \/>\n<meta property=\"og:url\" content=\"https:\/\/divertarte.com\/index.php\/produto\/oleo-de-neem\/\" \/>\n<meta property=\"article:modified_time\" content=\"2025-11-06T13:23:39+00:00\" \/>\n<meta property=\"og:image\" content=\"https:\/\/divertarte.com\/wp-content\/uploads\/2023\/09\/oleo-de-neem-1.jpg\" \/>\n\t<meta property=\"og:image:width\" content=\"300\" \/>\n\t<meta property=\"og:image:height\" content=\"300\" \/>\n\t<meta property=\"og:image:type\" content=\"image\/jpeg\" \/>\n<meta name=\"twitter:card\" content=\"summary_large_image\" \/>\n<meta name=\"twitter:label1\" content=\"Tempo estimado de leitura\" \/>\n\t<meta name=\"twitter:data1\" content=\"1 minuto\" \/>\n<script type=\"application\/ld+json\" class=\"yoast-schema-graph\">{\"@context\":\"https:\\\/\\\/schema.org\",\"@graph\":[{\"@type\":\"WebPage\",\"@id\":\"https:\\\/\\\/divertarte.com\\\/index.php\\\/produto\\\/oleo-de-neem\\\/\",\"url\":\"https:\\\/\\\/divertarte.com\\\/index.php\\\/produto\\\/oleo-de-neem\\\/\",\"name\":\"Oleo de Neem -\",\"isPartOf\":{\"@id\":\"https:\\\/\\\/divertarte.com\\\/#website\"},\"primaryImageOfPage\":{\"@id\":\"https:\\\/\\\/divertarte.com\\\/index.php\\\/produto\\\/oleo-de-neem\\\/#primaryimage\"},\"image\":{\"@id\":\"https:\\\/\\\/divertarte.com\\\/index.php\\\/produto\\\/oleo-de-neem\\\/#primaryimage\"},\"thumbnailUrl\":\"https:\\\/\\\/divertarte.com\\\/wp-content\\\/uploads\\\/2023\\\/09\\\/oleo-de-neem-1.jpg\",\"datePublished\":\"2023-09-27T15:28:57+00:00\",\"dateModified\":\"2025-11-06T13:23:39+00:00\",\"description\":\"Com muitas propriedades anti-inflamat\u00f3rias e antifungicas, o \u00f3leo de Neem \u00e9 inficado para acnes e como repelente natural. Pode usar como inseticida organico para afastar insectos e fungos.\",\"breadcrumb\":{\"@id\":\"https:\\\/\\\/divertarte.com\\\/index.php\\\/produto\\\/oleo-de-neem\\\/#breadcrumb\"},\"inLanguage\":\"pt-PT\",\"potentialAction\":[{\"@type\":\"ReadAction\",\"target\":[\"https:\\\/\\\/divertarte.com\\\/index.php\\\/produto\\\/oleo-de-neem\\\/\"]}]},{\"@type\":\"ImageObject\",\"inLanguage\":\"pt-PT\",\"@id\":\"https:\\\/\\\/divertarte.com\\\/index.php\\\/produto\\\/oleo-de-neem\\\/#primaryimage\",\"url\":\"https:\\\/\\\/divertarte.com\\\/wp-content\\\/uploads\\\/2023\\\/09\\\/oleo-de-neem-1.jpg\",\"contentUrl\":\"https:\\\/\\\/divertarte.com\\\/wp-content\\\/uploads\\\/2023\\\/09\\\/oleo-de-neem-1.jpg\",\"width\":300,\"height\":300},{\"@type\":\"BreadcrumbList\",\"@id\":\"https:\\\/\\\/divertarte.com\\\/index.php\\\/produto\\\/oleo-de-neem\\\/#breadcrumb\",\"itemListElement\":[{\"@type\":\"ListItem\",\"position\":1,\"name\":\"In\u00edcio\",\"item\":\"https:\\\/\\\/divertarte.com\\\/\"},{\"@type\":\"ListItem\",\"position\":2,\"name\":\"Loja\",\"item\":\"https:\\\/\\\/divertarte.com\\\/index.php\\\/divertarte-produtos\\\/\"},{\"@type\":\"ListItem\",\"position\":3,\"name\":\"Oleo de Neem\"}]},{\"@type\":\"WebSite\",\"@id\":\"https:\\\/\\\/divertarte.com\\\/#website\",\"url\":\"https:\\\/\\\/divertarte.com\\\/\",\"name\":\"Divertarte\",\"description\":\"\",\"publisher\":{\"@id\":\"https:\\\/\\\/divertarte.com\\\/#organization\"},\"potentialAction\":[{\"@type\":\"SearchAction\",\"target\":{\"@type\":\"EntryPoint\",\"urlTemplate\":\"https:\\\/\\\/divertarte.com\\\/?s={search_term_string}\"},\"query-input\":{\"@type\":\"PropertyValueSpecification\",\"valueRequired\":true,\"valueName\":\"search_term_string\"}}],\"inLanguage\":\"pt-PT\"},{\"@type\":\"Organization\",\"@id\":\"https:\\\/\\\/divertarte.com\\\/#organization\",\"name\":\"Divertarte\",\"url\":\"https:\\\/\\\/divertarte.com\\\/\",\"logo\":{\"@type\":\"ImageObject\",\"inLanguage\":\"pt-PT\",\"@id\":\"https:\\\/\\\/divertarte.com\\\/#\\\/schema\\\/logo\\\/image\\\/\",\"url\":\"https:\\\/\\\/divertarte.com\\\/wp-content\\\/uploads\\\/2018\\\/07\\\/logo-div.jpg\",\"contentUrl\":\"https:\\\/\\\/divertarte.com\\\/wp-content\\\/uploads\\\/2018\\\/07\\\/logo-div.jpg\",\"width\":295,\"height\":123,\"caption\":\"Divertarte\"},\"image\":{\"@id\":\"https:\\\/\\\/divertarte.com\\\/#\\\/schema\\\/logo\\\/image\\\/\"}}]}<\/script>\n<!-- \/ Yoast SEO plugin. -->","yoast_head_json":{"title":"Oleo de Neem -","description":"Com muitas propriedades anti-inflamat\u00f3rias e antifungicas, o \u00f3leo de Neem \u00e9 inficado para acnes e como repelente natural. Pode usar como inseticida organico para afastar insectos e fungos.","robots":{"index":"index","follow":"follow","max-snippet":"max-snippet:-1","max-image-preview":"max-image-preview:large","max-video-preview":"max-video-preview:-1"},"canonical":"https:\/\/divertarte.com\/index.php\/produto\/oleo-de-neem\/","og_locale":"pt_PT","og_type":"article","og_title":"Oleo de Neem -","og_description":"Com muitas propriedades anti-inflamat\u00f3rias e antifungicas, o \u00f3leo de Neem \u00e9 inficado para acnes e como repelente natural. Pode usar como inseticida organico para afastar insectos e fungos.","og_url":"https:\/\/divertarte.com\/index.php\/produto\/oleo-de-neem\/","article_modified_time":"2025-11-06T13:23:39+00:00","og_image":[{"width":300,"height":300,"url":"https:\/\/divertarte.com\/wp-content\/uploads\/2023\/09\/oleo-de-neem-1.jpg","type":"image\/jpeg"}],"twitter_card":"summary_large_image","twitter_misc":{"Tempo estimado de leitura":"1 minuto"},"schema":{"@context":"https:\/\/schema.org","@graph":[{"@type":"WebPage","@id":"https:\/\/divertarte.com\/index.php\/produto\/oleo-de-neem\/","url":"https:\/\/divertarte.com\/index.php\/produto\/oleo-de-neem\/","name":"Oleo de Neem -","isPartOf":{"@id":"https:\/\/divertarte.com\/#website"},"primaryImageOfPage":{"@id":"https:\/\/divertarte.com\/index.php\/produto\/oleo-de-neem\/#primaryimage"},"image":{"@id":"https:\/\/divertarte.com\/index.php\/produto\/oleo-de-neem\/#primaryimage"},"thumbnailUrl":"https:\/\/divertarte.com\/wp-content\/uploads\/2023\/09\/oleo-de-neem-1.jpg","datePublished":"2023-09-27T15:28:57+00:00","dateModified":"2025-11-06T13:23:39+00:00","description":"Com muitas propriedades anti-inflamat\u00f3rias e antifungicas, o \u00f3leo de Neem \u00e9 inficado para acnes e como repelente natural. Pode usar como inseticida organico para afastar insectos e fungos.","breadcrumb":{"@id":"https:\/\/divertarte.com\/index.php\/produto\/oleo-de-neem\/#breadcrumb"},"inLanguage":"pt-PT","potentialAction":[{"@type":"ReadAction","target":["https:\/\/divertarte.com\/index.php\/produto\/oleo-de-neem\/"]}]},{"@type":"ImageObject","inLanguage":"pt-PT","@id":"https:\/\/divertarte.com\/index.php\/produto\/oleo-de-neem\/#primaryimage","url":"https:\/\/divertarte.com\/wp-content\/uploads\/2023\/09\/oleo-de-neem-1.jpg","contentUrl":"https:\/\/divertarte.com\/wp-content\/uploads\/2023\/09\/oleo-de-neem-1.jpg","width":300,"height":300},{"@type":"BreadcrumbList","@id":"https:\/\/divertarte.com\/index.php\/produto\/oleo-de-neem\/#breadcrumb","itemListElement":[{"@type":"ListItem","position":1,"name":"In\u00edcio","item":"https:\/\/divertarte.com\/"},{"@type":"ListItem","position":2,"name":"Loja","item":"https:\/\/divertarte.com\/index.php\/divertarte-produtos\/"},{"@type":"ListItem","position":3,"name":"Oleo de Neem"}]},{"@type":"WebSite","@id":"https:\/\/divertarte.com\/#website","url":"https:\/\/divertarte.com\/","name":"Divertarte","description":"","publisher":{"@id":"https:\/\/divertarte.com\/#organization"},"potentialAction":[{"@type":"SearchAction","target":{"@type":"EntryPoint","urlTemplate":"https:\/\/divertarte.com\/?s={search_term_string}"},"query-input":{"@type":"PropertyValueSpecification","valueRequired":true,"valueName":"search_term_string"}}],"inLanguage":"pt-PT"},{"@type":"Organization","@id":"https:\/\/divertarte.com\/#organization","name":"Divertarte","url":"https:\/\/divertarte.com\/","logo":{"@type":"ImageObject","inLanguage":"pt-PT","@id":"https:\/\/divertarte.com\/#\/schema\/logo\/image\/","url":"https:\/\/divertarte.com\/wp-content\/uploads\/2018\/07\/logo-div.jpg","contentUrl":"https:\/\/divertarte.com\/wp-content\/uploads\/2018\/07\/logo-div.jpg","width":295,"height":123,"caption":"Divertarte"},"image":{"@id":"https:\/\/divertarte.com\/#\/schema\/logo\/image\/"}}]}},"_links":{"self":[{"href":"https:\/\/divertarte.com\/index.php\/wp-json\/wp\/v2\/product\/19496","targetHints":{"allow":["GET"]}}],"collection":[{"href":"https:\/\/divertarte.com\/index.php\/wp-json\/wp\/v2\/product"}],"about":[{"href":"https:\/\/divertarte.com\/index.php\/wp-json\/wp\/v2\/types\/product"}],"replies":[{"embeddable":true,"href":"https:\/\/divertarte.com\/index.php\/wp-json\/wp\/v2\/comments?post=19496"}],"wp:featuredmedia":[{"embeddable":true,"href":"https:\/\/divertarte.com\/index.php\/wp-json\/wp\/v2\/media\/19506"}],"wp:attachment":[{"href":"https:\/\/divertarte.com\/index.php\/wp-json\/wp\/v2\/media?parent=19496"}],"wp:term":[{"taxonomy":"product_brand","embeddable":true,"href":"https:\/\/divertarte.com\/index.php\/wp-json\/wp\/v2\/product_brand?post=19496"},{"taxonomy":"product_cat","embeddable":true,"href":"https:\/\/divertarte.com\/index.php\/wp-json\/wp\/v2\/product_cat?post=19496"},{"taxonomy":"product_tag","embeddable":true,"href":"https:\/\/divertarte.com\/index.php\/wp-json\/wp\/v2\/product_tag?post=19496"}],"curies":[{"name":"wp","href":"https:\/\/api.w.org\/{rel}","templated":true}]}}