{"id":19460,"date":"2023-09-23T17:38:23","date_gmt":"2023-09-23T16:38:23","guid":{"rendered":"https:\/\/divertarte.com\/?post_type=product&#038;p=19460"},"modified":"2025-11-06T13:23:40","modified_gmt":"2025-11-06T13:23:40","slug":"sagrada-familia-em-coracao-gesso-perfumado","status":"publish","type":"product","link":"https:\/\/divertarte.com\/index.php\/produto\/sagrada-familia-em-coracao-gesso-perfumado\/","title":{"rendered":".Sagrada Familia em Cora\u00e7\u00e3o gesso perfumado"},"content":{"rendered":"<p>Sagrada Familia em Cora\u00e7\u00e3o gesso perfumado<\/p>\n<p>com fragr\u00e2ncia de Flores Frescas, embalado em saquinho de organza, al\u00e9m disso leva uma fita de cetim ou organza, que serve para pendurar em qualquer lugar da casa que deseje perfumar.<br \/>\nportanto trata-se de uma prendinha de Natal original\u00a0 7\u00d71,5 cm.<\/p>\n<p>Se preferir s\u00f3 a pe\u00e7a sem aroma, sem saquinho e sem fita, tem essa op\u00e7\u00e3o abaixo<\/p>\n<p>Quando perceber que o gesso est\u00e1 a perder parte de seu aroma, basta borrif\u00e1-lo com essencia para gesso perfumado.<\/p>\n<p><a href=\"https:\/\/divertarte.com\/index.php\/categoria-produto\/essencias-para-gesso-perfumado\/\">https:\/\/divertarte.com\/index.php\/categoria-produto\/essencias-para-gesso-perfumado\/<\/a><\/p>\n","protected":false},"excerpt":{"rendered":"<p>Sagrada Familia em Cora\u00e7\u00e3o gesso perfumado<\/p>\n<p>com fragr\u00e2ncia de Flores Frescas, embalado em saquinho de organza, al\u00e9m disso leva uma fita de cetim ou organza, que serve para pendurar em qualquer lugar da casa que deseje perfumar, pendurar na \u00e1rvore de Natal<br \/>\nportanto trata-se de uma prendinha de Natal original\u00a0 7\u00d71,5 cm.<\/p>\n<p>Se preferir s\u00f3 a pe\u00e7a sem aroma, sem saquinho e sem fita, tem essa op\u00e7\u00e3o abaixo<\/p>\n<p>Quando perceber que o gesso est\u00e1 a perder parte de seu aroma, basta borrif\u00e1-lo com essencia para gesso perfumado.<\/p>\n<p><a href=\"https:\/\/divertarte.com\/index.php\/categoria-produto\/essencias-para-gesso-perfumado\/\">https:\/\/divertarte.com\/index.php\/categoria-produto\/essencias-para-gesso-perfumado\/<\/a><\/p>\n<p>Pode escolher<\/p>\n<p>Pe\u00e7a completa (com aroma, com fita e com saquinho)<\/p>\n<p>Pe\u00e7a simples (sem aroma, sem fita e sem saquinho)<\/p>\n<p>Em quantidade pe\u00e7a simples<\/p>\n","protected":false},"featured_media":19461,"comment_status":"open","ping_status":"closed","template":"","meta":{"_exactmetrics_skip_tracking":false,"_exactmetrics_sitenote_active":false,"_exactmetrics_sitenote_note":"","_exactmetrics_sitenote_category":0},"product_brand":[],"product_cat":[1167,1157,336,487],"product_tag":[1267,529,1010],"class_list":{"0":"post-19460","1":"product","2":"type-product","3":"status-publish","4":"has-post-thumbnail","6":"product_cat-brindes-natal","7":"product_cat-ceramica-perfumada","8":"product_cat-gesso-perfumado-figuras","9":"product_cat-pecas-em-gesso","10":"product_tag-brindes-de-natal","11":"product_tag-gesso-perfumado","12":"product_tag-gesso-perfumado-pecas","14":"first","15":"instock","16":"taxable","17":"shipping-taxable","18":"purchasable","19":"product-type-variable"},"yoast_head":"<!-- This site is optimized with the Yoast SEO plugin v27.4 - https:\/\/yoast.com\/product\/yoast-seo-wordpress\/ -->\n<title>.Sagrada Familia em Cora\u00e7\u00e3o gesso perfumado -<\/title>\n<meta name=\"description\" content=\"Sagrada Familia em Cora\u00e7\u00e3o gesso perfumado com fragr\u00e2ncia de Flores Frescas, embalado em saquinho de organza, al\u00e9m disso leva uma fita de cetim ou organza, que serve para pendurar em qualquer lugar da casa que deseje perfumar, pendurar na \u00e1rvore de Natalportanto trata-se de uma prendinha de Natal original\u00a0 7\u00d71,5 cm.\" \/>\n<meta name=\"robots\" content=\"index, follow, max-snippet:-1, max-image-preview:large, max-video-preview:-1\" \/>\n<link rel=\"canonical\" href=\"https:\/\/divertarte.com\/index.php\/produto\/sagrada-familia-em-coracao-gesso-perfumado\/\" \/>\n<meta property=\"og:locale\" content=\"pt_PT\" \/>\n<meta property=\"og:type\" content=\"article\" \/>\n<meta property=\"og:title\" content=\".Sagrada Familia em Cora\u00e7\u00e3o gesso perfumado -\" \/>\n<meta property=\"og:description\" content=\"Sagrada Familia em Cora\u00e7\u00e3o gesso perfumado com fragr\u00e2ncia de Flores Frescas, embalado em saquinho de organza, al\u00e9m disso leva uma fita de cetim ou organza, que serve para pendurar em qualquer lugar da casa que deseje perfumar, pendurar na \u00e1rvore de Natalportanto trata-se de uma prendinha de Natal original\u00a0 7\u00d71,5 cm.\" \/>\n<meta property=\"og:url\" content=\"https:\/\/divertarte.com\/index.php\/produto\/sagrada-familia-em-coracao-gesso-perfumado\/\" \/>\n<meta property=\"article:modified_time\" content=\"2025-11-06T13:23:40+00:00\" \/>\n<meta property=\"og:image\" content=\"https:\/\/divertarte.com\/wp-content\/uploads\/2023\/09\/Sagrada-familia-em-coracao.jpg\" \/>\n\t<meta property=\"og:image:width\" content=\"350\" \/>\n\t<meta property=\"og:image:height\" content=\"351\" \/>\n\t<meta property=\"og:image:type\" content=\"image\/jpeg\" \/>\n<meta name=\"twitter:card\" content=\"summary_large_image\" \/>\n<script type=\"application\/ld+json\" class=\"yoast-schema-graph\">{\"@context\":\"https:\\\/\\\/schema.org\",\"@graph\":[{\"@type\":\"WebPage\",\"@id\":\"https:\\\/\\\/divertarte.com\\\/index.php\\\/produto\\\/sagrada-familia-em-coracao-gesso-perfumado\\\/\",\"url\":\"https:\\\/\\\/divertarte.com\\\/index.php\\\/produto\\\/sagrada-familia-em-coracao-gesso-perfumado\\\/\",\"name\":\".Sagrada Familia em Cora\u00e7\u00e3o gesso perfumado -\",\"isPartOf\":{\"@id\":\"https:\\\/\\\/divertarte.com\\\/#website\"},\"primaryImageOfPage\":{\"@id\":\"https:\\\/\\\/divertarte.com\\\/index.php\\\/produto\\\/sagrada-familia-em-coracao-gesso-perfumado\\\/#primaryimage\"},\"image\":{\"@id\":\"https:\\\/\\\/divertarte.com\\\/index.php\\\/produto\\\/sagrada-familia-em-coracao-gesso-perfumado\\\/#primaryimage\"},\"thumbnailUrl\":\"https:\\\/\\\/divertarte.com\\\/wp-content\\\/uploads\\\/2023\\\/09\\\/Sagrada-familia-em-coracao.jpg\",\"datePublished\":\"2023-09-23T16:38:23+00:00\",\"dateModified\":\"2025-11-06T13:23:40+00:00\",\"description\":\"Sagrada Familia em Cora\u00e7\u00e3o gesso perfumado com fragr\u00e2ncia de Flores Frescas, embalado em saquinho de organza, al\u00e9m disso leva uma fita de cetim ou organza, que serve para pendurar em qualquer lugar da casa que deseje perfumar, pendurar na \u00e1rvore de Natalportanto trata-se de uma prendinha de Natal original\u00a0 7\u00d71,5 cm.\",\"breadcrumb\":{\"@id\":\"https:\\\/\\\/divertarte.com\\\/index.php\\\/produto\\\/sagrada-familia-em-coracao-gesso-perfumado\\\/#breadcrumb\"},\"inLanguage\":\"pt-PT\",\"potentialAction\":[{\"@type\":\"ReadAction\",\"target\":[\"https:\\\/\\\/divertarte.com\\\/index.php\\\/produto\\\/sagrada-familia-em-coracao-gesso-perfumado\\\/\"]}]},{\"@type\":\"ImageObject\",\"inLanguage\":\"pt-PT\",\"@id\":\"https:\\\/\\\/divertarte.com\\\/index.php\\\/produto\\\/sagrada-familia-em-coracao-gesso-perfumado\\\/#primaryimage\",\"url\":\"https:\\\/\\\/divertarte.com\\\/wp-content\\\/uploads\\\/2023\\\/09\\\/Sagrada-familia-em-coracao.jpg\",\"contentUrl\":\"https:\\\/\\\/divertarte.com\\\/wp-content\\\/uploads\\\/2023\\\/09\\\/Sagrada-familia-em-coracao.jpg\",\"width\":350,\"height\":351},{\"@type\":\"BreadcrumbList\",\"@id\":\"https:\\\/\\\/divertarte.com\\\/index.php\\\/produto\\\/sagrada-familia-em-coracao-gesso-perfumado\\\/#breadcrumb\",\"itemListElement\":[{\"@type\":\"ListItem\",\"position\":1,\"name\":\"In\u00edcio\",\"item\":\"https:\\\/\\\/divertarte.com\\\/\"},{\"@type\":\"ListItem\",\"position\":2,\"name\":\"Loja\",\"item\":\"https:\\\/\\\/divertarte.com\\\/index.php\\\/divertarte-produtos\\\/\"},{\"@type\":\"ListItem\",\"position\":3,\"name\":\".Sagrada Familia em Cora\u00e7\u00e3o gesso perfumado\"}]},{\"@type\":\"WebSite\",\"@id\":\"https:\\\/\\\/divertarte.com\\\/#website\",\"url\":\"https:\\\/\\\/divertarte.com\\\/\",\"name\":\"Divertarte\",\"description\":\"\",\"publisher\":{\"@id\":\"https:\\\/\\\/divertarte.com\\\/#organization\"},\"potentialAction\":[{\"@type\":\"SearchAction\",\"target\":{\"@type\":\"EntryPoint\",\"urlTemplate\":\"https:\\\/\\\/divertarte.com\\\/?s={search_term_string}\"},\"query-input\":{\"@type\":\"PropertyValueSpecification\",\"valueRequired\":true,\"valueName\":\"search_term_string\"}}],\"inLanguage\":\"pt-PT\"},{\"@type\":\"Organization\",\"@id\":\"https:\\\/\\\/divertarte.com\\\/#organization\",\"name\":\"Divertarte\",\"url\":\"https:\\\/\\\/divertarte.com\\\/\",\"logo\":{\"@type\":\"ImageObject\",\"inLanguage\":\"pt-PT\",\"@id\":\"https:\\\/\\\/divertarte.com\\\/#\\\/schema\\\/logo\\\/image\\\/\",\"url\":\"https:\\\/\\\/divertarte.com\\\/wp-content\\\/uploads\\\/2018\\\/07\\\/logo-div.jpg\",\"contentUrl\":\"https:\\\/\\\/divertarte.com\\\/wp-content\\\/uploads\\\/2018\\\/07\\\/logo-div.jpg\",\"width\":295,\"height\":123,\"caption\":\"Divertarte\"},\"image\":{\"@id\":\"https:\\\/\\\/divertarte.com\\\/#\\\/schema\\\/logo\\\/image\\\/\"}}]}<\/script>\n<!-- \/ Yoast SEO plugin. -->","yoast_head_json":{"title":".Sagrada Familia em Cora\u00e7\u00e3o gesso perfumado -","description":"Sagrada Familia em Cora\u00e7\u00e3o gesso perfumado com fragr\u00e2ncia de Flores Frescas, embalado em saquinho de organza, al\u00e9m disso leva uma fita de cetim ou organza, que serve para pendurar em qualquer lugar da casa que deseje perfumar, pendurar na \u00e1rvore de Natalportanto trata-se de uma prendinha de Natal original\u00a0 7\u00d71,5 cm.","robots":{"index":"index","follow":"follow","max-snippet":"max-snippet:-1","max-image-preview":"max-image-preview:large","max-video-preview":"max-video-preview:-1"},"canonical":"https:\/\/divertarte.com\/index.php\/produto\/sagrada-familia-em-coracao-gesso-perfumado\/","og_locale":"pt_PT","og_type":"article","og_title":".Sagrada Familia em Cora\u00e7\u00e3o gesso perfumado -","og_description":"Sagrada Familia em Cora\u00e7\u00e3o gesso perfumado com fragr\u00e2ncia de Flores Frescas, embalado em saquinho de organza, al\u00e9m disso leva uma fita de cetim ou organza, que serve para pendurar em qualquer lugar da casa que deseje perfumar, pendurar na \u00e1rvore de Natalportanto trata-se de uma prendinha de Natal original\u00a0 7\u00d71,5 cm.","og_url":"https:\/\/divertarte.com\/index.php\/produto\/sagrada-familia-em-coracao-gesso-perfumado\/","article_modified_time":"2025-11-06T13:23:40+00:00","og_image":[{"width":350,"height":351,"url":"https:\/\/divertarte.com\/wp-content\/uploads\/2023\/09\/Sagrada-familia-em-coracao.jpg","type":"image\/jpeg"}],"twitter_card":"summary_large_image","schema":{"@context":"https:\/\/schema.org","@graph":[{"@type":"WebPage","@id":"https:\/\/divertarte.com\/index.php\/produto\/sagrada-familia-em-coracao-gesso-perfumado\/","url":"https:\/\/divertarte.com\/index.php\/produto\/sagrada-familia-em-coracao-gesso-perfumado\/","name":".Sagrada Familia em Cora\u00e7\u00e3o gesso perfumado -","isPartOf":{"@id":"https:\/\/divertarte.com\/#website"},"primaryImageOfPage":{"@id":"https:\/\/divertarte.com\/index.php\/produto\/sagrada-familia-em-coracao-gesso-perfumado\/#primaryimage"},"image":{"@id":"https:\/\/divertarte.com\/index.php\/produto\/sagrada-familia-em-coracao-gesso-perfumado\/#primaryimage"},"thumbnailUrl":"https:\/\/divertarte.com\/wp-content\/uploads\/2023\/09\/Sagrada-familia-em-coracao.jpg","datePublished":"2023-09-23T16:38:23+00:00","dateModified":"2025-11-06T13:23:40+00:00","description":"Sagrada Familia em Cora\u00e7\u00e3o gesso perfumado com fragr\u00e2ncia de Flores Frescas, embalado em saquinho de organza, al\u00e9m disso leva uma fita de cetim ou organza, que serve para pendurar em qualquer lugar da casa que deseje perfumar, pendurar na \u00e1rvore de Natalportanto trata-se de uma prendinha de Natal original\u00a0 7\u00d71,5 cm.","breadcrumb":{"@id":"https:\/\/divertarte.com\/index.php\/produto\/sagrada-familia-em-coracao-gesso-perfumado\/#breadcrumb"},"inLanguage":"pt-PT","potentialAction":[{"@type":"ReadAction","target":["https:\/\/divertarte.com\/index.php\/produto\/sagrada-familia-em-coracao-gesso-perfumado\/"]}]},{"@type":"ImageObject","inLanguage":"pt-PT","@id":"https:\/\/divertarte.com\/index.php\/produto\/sagrada-familia-em-coracao-gesso-perfumado\/#primaryimage","url":"https:\/\/divertarte.com\/wp-content\/uploads\/2023\/09\/Sagrada-familia-em-coracao.jpg","contentUrl":"https:\/\/divertarte.com\/wp-content\/uploads\/2023\/09\/Sagrada-familia-em-coracao.jpg","width":350,"height":351},{"@type":"BreadcrumbList","@id":"https:\/\/divertarte.com\/index.php\/produto\/sagrada-familia-em-coracao-gesso-perfumado\/#breadcrumb","itemListElement":[{"@type":"ListItem","position":1,"name":"In\u00edcio","item":"https:\/\/divertarte.com\/"},{"@type":"ListItem","position":2,"name":"Loja","item":"https:\/\/divertarte.com\/index.php\/divertarte-produtos\/"},{"@type":"ListItem","position":3,"name":".Sagrada Familia em Cora\u00e7\u00e3o gesso perfumado"}]},{"@type":"WebSite","@id":"https:\/\/divertarte.com\/#website","url":"https:\/\/divertarte.com\/","name":"Divertarte","description":"","publisher":{"@id":"https:\/\/divertarte.com\/#organization"},"potentialAction":[{"@type":"SearchAction","target":{"@type":"EntryPoint","urlTemplate":"https:\/\/divertarte.com\/?s={search_term_string}"},"query-input":{"@type":"PropertyValueSpecification","valueRequired":true,"valueName":"search_term_string"}}],"inLanguage":"pt-PT"},{"@type":"Organization","@id":"https:\/\/divertarte.com\/#organization","name":"Divertarte","url":"https:\/\/divertarte.com\/","logo":{"@type":"ImageObject","inLanguage":"pt-PT","@id":"https:\/\/divertarte.com\/#\/schema\/logo\/image\/","url":"https:\/\/divertarte.com\/wp-content\/uploads\/2018\/07\/logo-div.jpg","contentUrl":"https:\/\/divertarte.com\/wp-content\/uploads\/2018\/07\/logo-div.jpg","width":295,"height":123,"caption":"Divertarte"},"image":{"@id":"https:\/\/divertarte.com\/#\/schema\/logo\/image\/"}}]}},"_links":{"self":[{"href":"https:\/\/divertarte.com\/index.php\/wp-json\/wp\/v2\/product\/19460","targetHints":{"allow":["GET"]}}],"collection":[{"href":"https:\/\/divertarte.com\/index.php\/wp-json\/wp\/v2\/product"}],"about":[{"href":"https:\/\/divertarte.com\/index.php\/wp-json\/wp\/v2\/types\/product"}],"replies":[{"embeddable":true,"href":"https:\/\/divertarte.com\/index.php\/wp-json\/wp\/v2\/comments?post=19460"}],"wp:featuredmedia":[{"embeddable":true,"href":"https:\/\/divertarte.com\/index.php\/wp-json\/wp\/v2\/media\/19461"}],"wp:attachment":[{"href":"https:\/\/divertarte.com\/index.php\/wp-json\/wp\/v2\/media?parent=19460"}],"wp:term":[{"taxonomy":"product_brand","embeddable":true,"href":"https:\/\/divertarte.com\/index.php\/wp-json\/wp\/v2\/product_brand?post=19460"},{"taxonomy":"product_cat","embeddable":true,"href":"https:\/\/divertarte.com\/index.php\/wp-json\/wp\/v2\/product_cat?post=19460"},{"taxonomy":"product_tag","embeddable":true,"href":"https:\/\/divertarte.com\/index.php\/wp-json\/wp\/v2\/product_tag?post=19460"}],"curies":[{"name":"wp","href":"https:\/\/api.w.org\/{rel}","templated":true}]}}