{"id":19402,"date":"2023-09-15T15:00:47","date_gmt":"2023-09-15T14:00:47","guid":{"rendered":"https:\/\/divertarte.com\/?post_type=product&#038;p=19402"},"modified":"2025-11-06T13:23:40","modified_gmt":"2025-11-06T13:23:40","slug":"pombinha-com-espiga-em-gesso-perfumado","status":"publish","type":"product","link":"https:\/\/divertarte.com\/index.php\/produto\/pombinha-com-espiga-em-gesso-perfumado\/","title":{"rendered":"Pombinha em gesso perfumado"},"content":{"rendered":"<p>Pombinha com espiga em gesso perfumado com fragr\u00e2ncia \u00e0 sua escolha, embalado em saquinho de organza, al\u00e9m disso leva uma fita de cetim, que serve para pendurar em qualquer lugar da casa que deseje perfumar. Pode optar pela pombinha s\u00f3 com aroma, sem fita e sem saquinho.\u00a0 Tem essas op\u00e7\u00f5es abaixo.<\/p>\n<p>Portanto trata-se de uma prendinha de batizado, comunh\u00e3o, crisma, 8,5\u00d75.5\u00d70.8 cm.<\/p>\n<p>Quando perceber que o gesso est\u00e1 a perder parte de seu aroma, basta borrif\u00e1-lo com essencia para gesso perfumado.<\/p>\n<p><a href=\"https:\/\/divertarte.com\/index.php\/categoria-produto\/essencias-para-gesso-perfumado\/\">https:\/\/divertarte.com\/index.php\/categoria-produto\/essencias-para-gesso-perfumado\/<\/a><\/p>\n","protected":false},"excerpt":{"rendered":"<p>Pombinha com espiga em gesso perfumado com fragr\u00e2ncia \u00e0 sua escolha, embalado em saquinho de organza, al\u00e9m disso leva uma fita de cetim, que serve para pendurar em qualquer lugar da casa que deseje perfumar. Pode optar pela pombinha s\u00f3 com aroma, sem fita e sem saquinho.\u00a0 Tem essas op\u00e7\u00f5es abaixo.<\/p>\n<p>Portanto trata-se de uma prendinha de batizado, comunh\u00e3o, crisma, 8,5\u00d75.5\u00d70.8 cm.<\/p>\n<p><strong>Pe\u00e7a completa: com aroma, com fita e com saquinho<\/strong><\/p>\n<p><strong>Pe\u00e7a semi completa (s\u00f3 com aroma)<\/strong><\/p>\n<p>Quando perceber que o gesso est\u00e1 a perder parte de seu aroma, basta borrif\u00e1-lo com essencia para gesso perfumado.<\/p>\n<p><a href=\"https:\/\/divertarte.com\/index.php\/categoria-produto\/essencias-para-gesso-perfumado\/\">https:\/\/divertarte.com\/index.php\/categoria-produto\/essencias-para-gesso-perfumado\/<\/a><\/p>\n<p>&nbsp;<\/p>\n","protected":false},"featured_media":20636,"comment_status":"open","ping_status":"closed","template":"","meta":{"_exactmetrics_skip_tracking":false,"_exactmetrics_sitenote_active":false,"_exactmetrics_sitenote_note":"","_exactmetrics_sitenote_category":0},"product_brand":[],"product_cat":[336,487],"product_tag":[1010,1011,1240,1241],"class_list":{"0":"post-19402","1":"product","2":"type-product","3":"status-publish","4":"has-post-thumbnail","6":"product_cat-gesso-perfumado-figuras","7":"product_cat-pecas-em-gesso","8":"product_tag-gesso-perfumado-pecas","9":"product_tag-pombinha-gesso-perfumado","10":"product_tag-prendinha-comunhao","11":"product_tag-prendinha-de-batizado","13":"first","14":"instock","15":"taxable","16":"shipping-taxable","17":"purchasable","18":"product-type-variable"},"yoast_head":"<!-- This site is optimized with the Yoast SEO plugin v27.4 - https:\/\/yoast.com\/product\/yoast-seo-wordpress\/ -->\n<title>Pombinha em gesso perfumado -<\/title>\n<meta name=\"description\" content=\"Pombinha com espiga em gesso perfumado com fragr\u00e2ncia \u00e0 sua escolha, ideal para prendinha comunh\u00e3o, crisma, 8,5\u00d75.5\u00d70.8 cm.\" \/>\n<meta name=\"robots\" content=\"index, follow, max-snippet:-1, max-image-preview:large, max-video-preview:-1\" \/>\n<link rel=\"canonical\" href=\"https:\/\/divertarte.com\/index.php\/produto\/pombinha-com-espiga-em-gesso-perfumado\/\" \/>\n<meta property=\"og:locale\" content=\"pt_PT\" \/>\n<meta property=\"og:type\" content=\"article\" \/>\n<meta property=\"og:title\" content=\"Pombinha em gesso perfumado -\" \/>\n<meta property=\"og:description\" content=\"Pombinha com espiga em gesso perfumado com fragr\u00e2ncia \u00e0 sua escolha, ideal para prendinha comunh\u00e3o, crisma, 8,5\u00d75.5\u00d70.8 cm.\" \/>\n<meta property=\"og:url\" content=\"https:\/\/divertarte.com\/index.php\/produto\/pombinha-com-espiga-em-gesso-perfumado\/\" \/>\n<meta property=\"article:modified_time\" content=\"2025-11-06T13:23:40+00:00\" \/>\n<meta property=\"og:image\" content=\"https:\/\/divertarte.com\/wp-content\/uploads\/2023\/09\/pombinha-em-gesso-com-espiga-pomba-da-paz.jpg\" \/>\n\t<meta property=\"og:image:width\" content=\"300\" \/>\n\t<meta property=\"og:image:height\" content=\"298\" \/>\n\t<meta property=\"og:image:type\" content=\"image\/jpeg\" \/>\n<meta name=\"twitter:card\" content=\"summary_large_image\" \/>\n<script type=\"application\/ld+json\" class=\"yoast-schema-graph\">{\"@context\":\"https:\\\/\\\/schema.org\",\"@graph\":[{\"@type\":\"WebPage\",\"@id\":\"https:\\\/\\\/divertarte.com\\\/index.php\\\/produto\\\/pombinha-com-espiga-em-gesso-perfumado\\\/\",\"url\":\"https:\\\/\\\/divertarte.com\\\/index.php\\\/produto\\\/pombinha-com-espiga-em-gesso-perfumado\\\/\",\"name\":\"Pombinha em gesso perfumado -\",\"isPartOf\":{\"@id\":\"https:\\\/\\\/divertarte.com\\\/#website\"},\"primaryImageOfPage\":{\"@id\":\"https:\\\/\\\/divertarte.com\\\/index.php\\\/produto\\\/pombinha-com-espiga-em-gesso-perfumado\\\/#primaryimage\"},\"image\":{\"@id\":\"https:\\\/\\\/divertarte.com\\\/index.php\\\/produto\\\/pombinha-com-espiga-em-gesso-perfumado\\\/#primaryimage\"},\"thumbnailUrl\":\"https:\\\/\\\/divertarte.com\\\/wp-content\\\/uploads\\\/2023\\\/09\\\/pombinha-em-gesso-com-espiga-pomba-da-paz.jpg\",\"datePublished\":\"2023-09-15T14:00:47+00:00\",\"dateModified\":\"2025-11-06T13:23:40+00:00\",\"description\":\"Pombinha com espiga em gesso perfumado com fragr\u00e2ncia \u00e0 sua escolha, ideal para prendinha comunh\u00e3o, crisma, 8,5\u00d75.5\u00d70.8 cm.\",\"breadcrumb\":{\"@id\":\"https:\\\/\\\/divertarte.com\\\/index.php\\\/produto\\\/pombinha-com-espiga-em-gesso-perfumado\\\/#breadcrumb\"},\"inLanguage\":\"pt-PT\",\"potentialAction\":[{\"@type\":\"ReadAction\",\"target\":[\"https:\\\/\\\/divertarte.com\\\/index.php\\\/produto\\\/pombinha-com-espiga-em-gesso-perfumado\\\/\"]}]},{\"@type\":\"ImageObject\",\"inLanguage\":\"pt-PT\",\"@id\":\"https:\\\/\\\/divertarte.com\\\/index.php\\\/produto\\\/pombinha-com-espiga-em-gesso-perfumado\\\/#primaryimage\",\"url\":\"https:\\\/\\\/divertarte.com\\\/wp-content\\\/uploads\\\/2023\\\/09\\\/pombinha-em-gesso-com-espiga-pomba-da-paz.jpg\",\"contentUrl\":\"https:\\\/\\\/divertarte.com\\\/wp-content\\\/uploads\\\/2023\\\/09\\\/pombinha-em-gesso-com-espiga-pomba-da-paz.jpg\",\"width\":300,\"height\":298},{\"@type\":\"BreadcrumbList\",\"@id\":\"https:\\\/\\\/divertarte.com\\\/index.php\\\/produto\\\/pombinha-com-espiga-em-gesso-perfumado\\\/#breadcrumb\",\"itemListElement\":[{\"@type\":\"ListItem\",\"position\":1,\"name\":\"In\u00edcio\",\"item\":\"https:\\\/\\\/divertarte.com\\\/\"},{\"@type\":\"ListItem\",\"position\":2,\"name\":\"Loja\",\"item\":\"https:\\\/\\\/divertarte.com\\\/index.php\\\/divertarte-produtos\\\/\"},{\"@type\":\"ListItem\",\"position\":3,\"name\":\"Pombinha em gesso perfumado\"}]},{\"@type\":\"WebSite\",\"@id\":\"https:\\\/\\\/divertarte.com\\\/#website\",\"url\":\"https:\\\/\\\/divertarte.com\\\/\",\"name\":\"Divertarte\",\"description\":\"\",\"publisher\":{\"@id\":\"https:\\\/\\\/divertarte.com\\\/#organization\"},\"potentialAction\":[{\"@type\":\"SearchAction\",\"target\":{\"@type\":\"EntryPoint\",\"urlTemplate\":\"https:\\\/\\\/divertarte.com\\\/?s={search_term_string}\"},\"query-input\":{\"@type\":\"PropertyValueSpecification\",\"valueRequired\":true,\"valueName\":\"search_term_string\"}}],\"inLanguage\":\"pt-PT\"},{\"@type\":\"Organization\",\"@id\":\"https:\\\/\\\/divertarte.com\\\/#organization\",\"name\":\"Divertarte\",\"url\":\"https:\\\/\\\/divertarte.com\\\/\",\"logo\":{\"@type\":\"ImageObject\",\"inLanguage\":\"pt-PT\",\"@id\":\"https:\\\/\\\/divertarte.com\\\/#\\\/schema\\\/logo\\\/image\\\/\",\"url\":\"https:\\\/\\\/divertarte.com\\\/wp-content\\\/uploads\\\/2018\\\/07\\\/logo-div.jpg\",\"contentUrl\":\"https:\\\/\\\/divertarte.com\\\/wp-content\\\/uploads\\\/2018\\\/07\\\/logo-div.jpg\",\"width\":295,\"height\":123,\"caption\":\"Divertarte\"},\"image\":{\"@id\":\"https:\\\/\\\/divertarte.com\\\/#\\\/schema\\\/logo\\\/image\\\/\"}}]}<\/script>\n<!-- \/ Yoast SEO plugin. -->","yoast_head_json":{"title":"Pombinha em gesso perfumado -","description":"Pombinha com espiga em gesso perfumado com fragr\u00e2ncia \u00e0 sua escolha, ideal para prendinha comunh\u00e3o, crisma, 8,5\u00d75.5\u00d70.8 cm.","robots":{"index":"index","follow":"follow","max-snippet":"max-snippet:-1","max-image-preview":"max-image-preview:large","max-video-preview":"max-video-preview:-1"},"canonical":"https:\/\/divertarte.com\/index.php\/produto\/pombinha-com-espiga-em-gesso-perfumado\/","og_locale":"pt_PT","og_type":"article","og_title":"Pombinha em gesso perfumado -","og_description":"Pombinha com espiga em gesso perfumado com fragr\u00e2ncia \u00e0 sua escolha, ideal para prendinha comunh\u00e3o, crisma, 8,5\u00d75.5\u00d70.8 cm.","og_url":"https:\/\/divertarte.com\/index.php\/produto\/pombinha-com-espiga-em-gesso-perfumado\/","article_modified_time":"2025-11-06T13:23:40+00:00","og_image":[{"width":300,"height":298,"url":"https:\/\/divertarte.com\/wp-content\/uploads\/2023\/09\/pombinha-em-gesso-com-espiga-pomba-da-paz.jpg","type":"image\/jpeg"}],"twitter_card":"summary_large_image","schema":{"@context":"https:\/\/schema.org","@graph":[{"@type":"WebPage","@id":"https:\/\/divertarte.com\/index.php\/produto\/pombinha-com-espiga-em-gesso-perfumado\/","url":"https:\/\/divertarte.com\/index.php\/produto\/pombinha-com-espiga-em-gesso-perfumado\/","name":"Pombinha em gesso perfumado -","isPartOf":{"@id":"https:\/\/divertarte.com\/#website"},"primaryImageOfPage":{"@id":"https:\/\/divertarte.com\/index.php\/produto\/pombinha-com-espiga-em-gesso-perfumado\/#primaryimage"},"image":{"@id":"https:\/\/divertarte.com\/index.php\/produto\/pombinha-com-espiga-em-gesso-perfumado\/#primaryimage"},"thumbnailUrl":"https:\/\/divertarte.com\/wp-content\/uploads\/2023\/09\/pombinha-em-gesso-com-espiga-pomba-da-paz.jpg","datePublished":"2023-09-15T14:00:47+00:00","dateModified":"2025-11-06T13:23:40+00:00","description":"Pombinha com espiga em gesso perfumado com fragr\u00e2ncia \u00e0 sua escolha, ideal para prendinha comunh\u00e3o, crisma, 8,5\u00d75.5\u00d70.8 cm.","breadcrumb":{"@id":"https:\/\/divertarte.com\/index.php\/produto\/pombinha-com-espiga-em-gesso-perfumado\/#breadcrumb"},"inLanguage":"pt-PT","potentialAction":[{"@type":"ReadAction","target":["https:\/\/divertarte.com\/index.php\/produto\/pombinha-com-espiga-em-gesso-perfumado\/"]}]},{"@type":"ImageObject","inLanguage":"pt-PT","@id":"https:\/\/divertarte.com\/index.php\/produto\/pombinha-com-espiga-em-gesso-perfumado\/#primaryimage","url":"https:\/\/divertarte.com\/wp-content\/uploads\/2023\/09\/pombinha-em-gesso-com-espiga-pomba-da-paz.jpg","contentUrl":"https:\/\/divertarte.com\/wp-content\/uploads\/2023\/09\/pombinha-em-gesso-com-espiga-pomba-da-paz.jpg","width":300,"height":298},{"@type":"BreadcrumbList","@id":"https:\/\/divertarte.com\/index.php\/produto\/pombinha-com-espiga-em-gesso-perfumado\/#breadcrumb","itemListElement":[{"@type":"ListItem","position":1,"name":"In\u00edcio","item":"https:\/\/divertarte.com\/"},{"@type":"ListItem","position":2,"name":"Loja","item":"https:\/\/divertarte.com\/index.php\/divertarte-produtos\/"},{"@type":"ListItem","position":3,"name":"Pombinha em gesso perfumado"}]},{"@type":"WebSite","@id":"https:\/\/divertarte.com\/#website","url":"https:\/\/divertarte.com\/","name":"Divertarte","description":"","publisher":{"@id":"https:\/\/divertarte.com\/#organization"},"potentialAction":[{"@type":"SearchAction","target":{"@type":"EntryPoint","urlTemplate":"https:\/\/divertarte.com\/?s={search_term_string}"},"query-input":{"@type":"PropertyValueSpecification","valueRequired":true,"valueName":"search_term_string"}}],"inLanguage":"pt-PT"},{"@type":"Organization","@id":"https:\/\/divertarte.com\/#organization","name":"Divertarte","url":"https:\/\/divertarte.com\/","logo":{"@type":"ImageObject","inLanguage":"pt-PT","@id":"https:\/\/divertarte.com\/#\/schema\/logo\/image\/","url":"https:\/\/divertarte.com\/wp-content\/uploads\/2018\/07\/logo-div.jpg","contentUrl":"https:\/\/divertarte.com\/wp-content\/uploads\/2018\/07\/logo-div.jpg","width":295,"height":123,"caption":"Divertarte"},"image":{"@id":"https:\/\/divertarte.com\/#\/schema\/logo\/image\/"}}]}},"_links":{"self":[{"href":"https:\/\/divertarte.com\/index.php\/wp-json\/wp\/v2\/product\/19402","targetHints":{"allow":["GET"]}}],"collection":[{"href":"https:\/\/divertarte.com\/index.php\/wp-json\/wp\/v2\/product"}],"about":[{"href":"https:\/\/divertarte.com\/index.php\/wp-json\/wp\/v2\/types\/product"}],"replies":[{"embeddable":true,"href":"https:\/\/divertarte.com\/index.php\/wp-json\/wp\/v2\/comments?post=19402"}],"wp:featuredmedia":[{"embeddable":true,"href":"https:\/\/divertarte.com\/index.php\/wp-json\/wp\/v2\/media\/20636"}],"wp:attachment":[{"href":"https:\/\/divertarte.com\/index.php\/wp-json\/wp\/v2\/media?parent=19402"}],"wp:term":[{"taxonomy":"product_brand","embeddable":true,"href":"https:\/\/divertarte.com\/index.php\/wp-json\/wp\/v2\/product_brand?post=19402"},{"taxonomy":"product_cat","embeddable":true,"href":"https:\/\/divertarte.com\/index.php\/wp-json\/wp\/v2\/product_cat?post=19402"},{"taxonomy":"product_tag","embeddable":true,"href":"https:\/\/divertarte.com\/index.php\/wp-json\/wp\/v2\/product_tag?post=19402"}],"curies":[{"name":"wp","href":"https:\/\/api.w.org\/{rel}","templated":true}]}}