{"id":19295,"date":"2023-09-10T20:37:26","date_gmt":"2023-09-10T19:37:26","guid":{"rendered":"https:\/\/divertarte.com\/?post_type=product&#038;p=19295"},"modified":"2025-11-06T13:23:40","modified_gmt":"2025-11-06T13:23:40","slug":"andorinha-com-arabescos-em-gesso-perfumado","status":"publish","type":"product","link":"https:\/\/divertarte.com\/index.php\/produto\/andorinha-com-arabescos-em-gesso-perfumado\/","title":{"rendered":"Andorinha 3d com arabescos em gesso perfumado"},"content":{"rendered":"<p>Andorinha 3d com arabescos em gesso perfumado com fragr\u00e2ncia \u00e0 sua escolha, embalado em saquinho de organza, al\u00e9m disso leva uma fita de cetim, que serve para pendurar em qualquer lugar da casa que deseje perfumar. Pode optar pela andorinha s\u00f3 com aroma, sem fita e sem saquinho.\u00a0 Tem essas op\u00e7\u00f5es abaixo.<\/p>\n<p>Trata-se de uma prendinha de casamento original ou para o dia dos Namorados (S\u00e3o Valentim), e Anivers\u00e1rio.\u00a0 8,5\u00d77,8\u00d71,8 cm.<\/p>\n<p>Quando perceber que o gesso est\u00e1 a perder parte de seu aroma, basta borrif\u00e1-lo com essencia para gesso perfumado.<\/p>\n<p><a href=\"https:\/\/divertarte.com\/index.php\/categoria-produto\/essencias-para-gesso-perfumado\/\">https:\/\/divertarte.com\/index.php\/categoria-produto\/essencias-para-gesso-perfumado\/<\/a><\/p>\n","protected":false},"excerpt":{"rendered":"<p>Andorinha 3d com arabescos em gesso perfumado com fragr\u00e2ncia \u00e0 sua escolha, embalado em saquinho de organza, al\u00e9m disso leva uma fita de cetim, que serve para pendurar em qualquer lugar da casa que deseje perfumar. Pode optar pela andorinha s\u00f3 com aroma, sem fita e sem saquinho.\u00a0 Tem essas op\u00e7\u00f5es abaixo.<\/p>\n<p>Trata-se de uma prendinha de casamento original ou para o dia dos Namorados (S\u00e3o Valentim), e Anivers\u00e1rio.\u00a0 8,5\u00d77,8\u00d71,8 cm.<\/p>\n<p><strong>Pe\u00e7a completa: com aroma, com fita e com saquinho<\/strong><\/p>\n<p><strong>Pe\u00e7a semi completa (s\u00f3 com aroma)<\/strong><\/p>\n<p>Quando perceber que o gesso est\u00e1 a perder parte de seu aroma, basta borrif\u00e1-lo com essencia para gesso perfumado.<\/p>\n<p><a href=\"https:\/\/divertarte.com\/index.php\/categoria-produto\/essencias-para-gesso-perfumado\/\">https:\/\/divertarte.com\/index.php\/categoria-produto\/essencias-para-gesso-perfumado\/<\/a><\/p>\n","protected":false},"featured_media":19297,"comment_status":"open","ping_status":"closed","template":"","meta":{"_exactmetrics_skip_tracking":false,"_exactmetrics_sitenote_active":false,"_exactmetrics_sitenote_note":"","_exactmetrics_sitenote_category":0},"product_brand":[],"product_cat":[323,395,249,250,1157,336,487],"product_tag":[1208,1158,1009,647,1159],"class_list":{"0":"post-19295","1":"product","2":"type-product","3":"status-publish","4":"has-post-thumbnail","6":"product_cat-brindes-aniversario","7":"product_cat-brindes-batizado","8":"product_cat-brindes-casamento","9":"product_cat-brindes-comunhao","10":"product_cat-ceramica-perfumada","11":"product_cat-gesso-perfumado-figuras","12":"product_cat-pecas-em-gesso","13":"product_tag-brindes-comunhao","14":"product_tag-ceramica-perfumada","15":"product_tag-geco-perfumado-pecas","16":"product_tag-gesso-figuras","17":"product_tag-pendentes-em-gesso","19":"first","20":"instock","21":"taxable","22":"shipping-taxable","23":"purchasable","24":"product-type-variable"},"yoast_head":"<!-- This site is optimized with the Yoast SEO plugin v27.4 - https:\/\/yoast.com\/product\/yoast-seo-wordpress\/ -->\n<title>Andorinha 3d com arabescos em gesso perfumado -<\/title>\n<meta name=\"description\" content=\"Andorinha 3d com arabescos em gesso perfumado com fragr\u00e2ncia \u00e0 sua escolha, embalado em saquinho de organza, fita e saquinho.\" \/>\n<meta name=\"robots\" content=\"index, follow, max-snippet:-1, max-image-preview:large, max-video-preview:-1\" \/>\n<link rel=\"canonical\" href=\"https:\/\/divertarte.com\/index.php\/produto\/andorinha-com-arabescos-em-gesso-perfumado\/\" \/>\n<meta property=\"og:locale\" content=\"pt_PT\" \/>\n<meta property=\"og:type\" content=\"article\" \/>\n<meta property=\"og:title\" content=\"Andorinha 3d com arabescos em gesso perfumado -\" \/>\n<meta property=\"og:description\" content=\"Andorinha 3d com arabescos em gesso perfumado com fragr\u00e2ncia \u00e0 sua escolha, embalado em saquinho de organza, fita e saquinho.\" \/>\n<meta property=\"og:url\" content=\"https:\/\/divertarte.com\/index.php\/produto\/andorinha-com-arabescos-em-gesso-perfumado\/\" \/>\n<meta property=\"article:modified_time\" content=\"2025-11-06T13:23:40+00:00\" \/>\n<meta property=\"og:image\" content=\"https:\/\/divertarte.com\/wp-content\/uploads\/2023\/09\/andorinha-arabescos-2.jpg\" \/>\n\t<meta property=\"og:image:width\" content=\"301\" \/>\n\t<meta property=\"og:image:height\" content=\"300\" \/>\n\t<meta property=\"og:image:type\" content=\"image\/jpeg\" \/>\n<meta name=\"twitter:card\" content=\"summary_large_image\" \/>\n<meta name=\"twitter:label1\" content=\"Tempo estimado de leitura\" \/>\n\t<meta name=\"twitter:data1\" content=\"1 minuto\" \/>\n<script type=\"application\/ld+json\" class=\"yoast-schema-graph\">{\"@context\":\"https:\\\/\\\/schema.org\",\"@graph\":[{\"@type\":\"WebPage\",\"@id\":\"https:\\\/\\\/divertarte.com\\\/index.php\\\/produto\\\/andorinha-com-arabescos-em-gesso-perfumado\\\/\",\"url\":\"https:\\\/\\\/divertarte.com\\\/index.php\\\/produto\\\/andorinha-com-arabescos-em-gesso-perfumado\\\/\",\"name\":\"Andorinha 3d com arabescos em gesso perfumado -\",\"isPartOf\":{\"@id\":\"https:\\\/\\\/divertarte.com\\\/#website\"},\"primaryImageOfPage\":{\"@id\":\"https:\\\/\\\/divertarte.com\\\/index.php\\\/produto\\\/andorinha-com-arabescos-em-gesso-perfumado\\\/#primaryimage\"},\"image\":{\"@id\":\"https:\\\/\\\/divertarte.com\\\/index.php\\\/produto\\\/andorinha-com-arabescos-em-gesso-perfumado\\\/#primaryimage\"},\"thumbnailUrl\":\"https:\\\/\\\/divertarte.com\\\/wp-content\\\/uploads\\\/2023\\\/09\\\/andorinha-arabescos-2.jpg\",\"datePublished\":\"2023-09-10T19:37:26+00:00\",\"dateModified\":\"2025-11-06T13:23:40+00:00\",\"description\":\"Andorinha 3d com arabescos em gesso perfumado com fragr\u00e2ncia \u00e0 sua escolha, embalado em saquinho de organza, fita e saquinho.\",\"breadcrumb\":{\"@id\":\"https:\\\/\\\/divertarte.com\\\/index.php\\\/produto\\\/andorinha-com-arabescos-em-gesso-perfumado\\\/#breadcrumb\"},\"inLanguage\":\"pt-PT\",\"potentialAction\":[{\"@type\":\"ReadAction\",\"target\":[\"https:\\\/\\\/divertarte.com\\\/index.php\\\/produto\\\/andorinha-com-arabescos-em-gesso-perfumado\\\/\"]}]},{\"@type\":\"ImageObject\",\"inLanguage\":\"pt-PT\",\"@id\":\"https:\\\/\\\/divertarte.com\\\/index.php\\\/produto\\\/andorinha-com-arabescos-em-gesso-perfumado\\\/#primaryimage\",\"url\":\"https:\\\/\\\/divertarte.com\\\/wp-content\\\/uploads\\\/2023\\\/09\\\/andorinha-arabescos-2.jpg\",\"contentUrl\":\"https:\\\/\\\/divertarte.com\\\/wp-content\\\/uploads\\\/2023\\\/09\\\/andorinha-arabescos-2.jpg\",\"width\":301,\"height\":300},{\"@type\":\"BreadcrumbList\",\"@id\":\"https:\\\/\\\/divertarte.com\\\/index.php\\\/produto\\\/andorinha-com-arabescos-em-gesso-perfumado\\\/#breadcrumb\",\"itemListElement\":[{\"@type\":\"ListItem\",\"position\":1,\"name\":\"In\u00edcio\",\"item\":\"https:\\\/\\\/divertarte.com\\\/\"},{\"@type\":\"ListItem\",\"position\":2,\"name\":\"Loja\",\"item\":\"https:\\\/\\\/divertarte.com\\\/index.php\\\/divertarte-produtos\\\/\"},{\"@type\":\"ListItem\",\"position\":3,\"name\":\"Andorinha 3d com arabescos em gesso perfumado\"}]},{\"@type\":\"WebSite\",\"@id\":\"https:\\\/\\\/divertarte.com\\\/#website\",\"url\":\"https:\\\/\\\/divertarte.com\\\/\",\"name\":\"Divertarte\",\"description\":\"\",\"publisher\":{\"@id\":\"https:\\\/\\\/divertarte.com\\\/#organization\"},\"potentialAction\":[{\"@type\":\"SearchAction\",\"target\":{\"@type\":\"EntryPoint\",\"urlTemplate\":\"https:\\\/\\\/divertarte.com\\\/?s={search_term_string}\"},\"query-input\":{\"@type\":\"PropertyValueSpecification\",\"valueRequired\":true,\"valueName\":\"search_term_string\"}}],\"inLanguage\":\"pt-PT\"},{\"@type\":\"Organization\",\"@id\":\"https:\\\/\\\/divertarte.com\\\/#organization\",\"name\":\"Divertarte\",\"url\":\"https:\\\/\\\/divertarte.com\\\/\",\"logo\":{\"@type\":\"ImageObject\",\"inLanguage\":\"pt-PT\",\"@id\":\"https:\\\/\\\/divertarte.com\\\/#\\\/schema\\\/logo\\\/image\\\/\",\"url\":\"https:\\\/\\\/divertarte.com\\\/wp-content\\\/uploads\\\/2018\\\/07\\\/logo-div.jpg\",\"contentUrl\":\"https:\\\/\\\/divertarte.com\\\/wp-content\\\/uploads\\\/2018\\\/07\\\/logo-div.jpg\",\"width\":295,\"height\":123,\"caption\":\"Divertarte\"},\"image\":{\"@id\":\"https:\\\/\\\/divertarte.com\\\/#\\\/schema\\\/logo\\\/image\\\/\"}}]}<\/script>\n<!-- \/ Yoast SEO plugin. -->","yoast_head_json":{"title":"Andorinha 3d com arabescos em gesso perfumado -","description":"Andorinha 3d com arabescos em gesso perfumado com fragr\u00e2ncia \u00e0 sua escolha, embalado em saquinho de organza, fita e saquinho.","robots":{"index":"index","follow":"follow","max-snippet":"max-snippet:-1","max-image-preview":"max-image-preview:large","max-video-preview":"max-video-preview:-1"},"canonical":"https:\/\/divertarte.com\/index.php\/produto\/andorinha-com-arabescos-em-gesso-perfumado\/","og_locale":"pt_PT","og_type":"article","og_title":"Andorinha 3d com arabescos em gesso perfumado -","og_description":"Andorinha 3d com arabescos em gesso perfumado com fragr\u00e2ncia \u00e0 sua escolha, embalado em saquinho de organza, fita e saquinho.","og_url":"https:\/\/divertarte.com\/index.php\/produto\/andorinha-com-arabescos-em-gesso-perfumado\/","article_modified_time":"2025-11-06T13:23:40+00:00","og_image":[{"width":301,"height":300,"url":"https:\/\/divertarte.com\/wp-content\/uploads\/2023\/09\/andorinha-arabescos-2.jpg","type":"image\/jpeg"}],"twitter_card":"summary_large_image","twitter_misc":{"Tempo estimado de leitura":"1 minuto"},"schema":{"@context":"https:\/\/schema.org","@graph":[{"@type":"WebPage","@id":"https:\/\/divertarte.com\/index.php\/produto\/andorinha-com-arabescos-em-gesso-perfumado\/","url":"https:\/\/divertarte.com\/index.php\/produto\/andorinha-com-arabescos-em-gesso-perfumado\/","name":"Andorinha 3d com arabescos em gesso perfumado -","isPartOf":{"@id":"https:\/\/divertarte.com\/#website"},"primaryImageOfPage":{"@id":"https:\/\/divertarte.com\/index.php\/produto\/andorinha-com-arabescos-em-gesso-perfumado\/#primaryimage"},"image":{"@id":"https:\/\/divertarte.com\/index.php\/produto\/andorinha-com-arabescos-em-gesso-perfumado\/#primaryimage"},"thumbnailUrl":"https:\/\/divertarte.com\/wp-content\/uploads\/2023\/09\/andorinha-arabescos-2.jpg","datePublished":"2023-09-10T19:37:26+00:00","dateModified":"2025-11-06T13:23:40+00:00","description":"Andorinha 3d com arabescos em gesso perfumado com fragr\u00e2ncia \u00e0 sua escolha, embalado em saquinho de organza, fita e saquinho.","breadcrumb":{"@id":"https:\/\/divertarte.com\/index.php\/produto\/andorinha-com-arabescos-em-gesso-perfumado\/#breadcrumb"},"inLanguage":"pt-PT","potentialAction":[{"@type":"ReadAction","target":["https:\/\/divertarte.com\/index.php\/produto\/andorinha-com-arabescos-em-gesso-perfumado\/"]}]},{"@type":"ImageObject","inLanguage":"pt-PT","@id":"https:\/\/divertarte.com\/index.php\/produto\/andorinha-com-arabescos-em-gesso-perfumado\/#primaryimage","url":"https:\/\/divertarte.com\/wp-content\/uploads\/2023\/09\/andorinha-arabescos-2.jpg","contentUrl":"https:\/\/divertarte.com\/wp-content\/uploads\/2023\/09\/andorinha-arabescos-2.jpg","width":301,"height":300},{"@type":"BreadcrumbList","@id":"https:\/\/divertarte.com\/index.php\/produto\/andorinha-com-arabescos-em-gesso-perfumado\/#breadcrumb","itemListElement":[{"@type":"ListItem","position":1,"name":"In\u00edcio","item":"https:\/\/divertarte.com\/"},{"@type":"ListItem","position":2,"name":"Loja","item":"https:\/\/divertarte.com\/index.php\/divertarte-produtos\/"},{"@type":"ListItem","position":3,"name":"Andorinha 3d com arabescos em gesso perfumado"}]},{"@type":"WebSite","@id":"https:\/\/divertarte.com\/#website","url":"https:\/\/divertarte.com\/","name":"Divertarte","description":"","publisher":{"@id":"https:\/\/divertarte.com\/#organization"},"potentialAction":[{"@type":"SearchAction","target":{"@type":"EntryPoint","urlTemplate":"https:\/\/divertarte.com\/?s={search_term_string}"},"query-input":{"@type":"PropertyValueSpecification","valueRequired":true,"valueName":"search_term_string"}}],"inLanguage":"pt-PT"},{"@type":"Organization","@id":"https:\/\/divertarte.com\/#organization","name":"Divertarte","url":"https:\/\/divertarte.com\/","logo":{"@type":"ImageObject","inLanguage":"pt-PT","@id":"https:\/\/divertarte.com\/#\/schema\/logo\/image\/","url":"https:\/\/divertarte.com\/wp-content\/uploads\/2018\/07\/logo-div.jpg","contentUrl":"https:\/\/divertarte.com\/wp-content\/uploads\/2018\/07\/logo-div.jpg","width":295,"height":123,"caption":"Divertarte"},"image":{"@id":"https:\/\/divertarte.com\/#\/schema\/logo\/image\/"}}]}},"_links":{"self":[{"href":"https:\/\/divertarte.com\/index.php\/wp-json\/wp\/v2\/product\/19295","targetHints":{"allow":["GET"]}}],"collection":[{"href":"https:\/\/divertarte.com\/index.php\/wp-json\/wp\/v2\/product"}],"about":[{"href":"https:\/\/divertarte.com\/index.php\/wp-json\/wp\/v2\/types\/product"}],"replies":[{"embeddable":true,"href":"https:\/\/divertarte.com\/index.php\/wp-json\/wp\/v2\/comments?post=19295"}],"wp:featuredmedia":[{"embeddable":true,"href":"https:\/\/divertarte.com\/index.php\/wp-json\/wp\/v2\/media\/19297"}],"wp:attachment":[{"href":"https:\/\/divertarte.com\/index.php\/wp-json\/wp\/v2\/media?parent=19295"}],"wp:term":[{"taxonomy":"product_brand","embeddable":true,"href":"https:\/\/divertarte.com\/index.php\/wp-json\/wp\/v2\/product_brand?post=19295"},{"taxonomy":"product_cat","embeddable":true,"href":"https:\/\/divertarte.com\/index.php\/wp-json\/wp\/v2\/product_cat?post=19295"},{"taxonomy":"product_tag","embeddable":true,"href":"https:\/\/divertarte.com\/index.php\/wp-json\/wp\/v2\/product_tag?post=19295"}],"curies":[{"name":"wp","href":"https:\/\/api.w.org\/{rel}","templated":true}]}}