{"id":19224,"date":"2023-08-17T15:10:29","date_gmt":"2023-08-17T14:10:29","guid":{"rendered":"https:\/\/divertarte.com\/?post_type=product&#038;p=19224"},"modified":"2025-11-06T13:23:40","modified_gmt":"2025-11-06T13:23:40","slug":"glicerina-cristal-nao-transpira-11-5-kg","status":"publish","type":"product","link":"https:\/\/divertarte.com\/index.php\/produto\/glicerina-cristal-nao-transpira-11-5-kg\/","title":{"rendered":"Glicerina Cristal n\u00e3o transpira 11.5 Kg"},"content":{"rendered":"<p>Glicerina Cristal n\u00e3o transpira 11.5 Kg<\/p>\n<p>Glicerina Vegetal para Sabonetes base Cristal n\u00e3o transpira 11,5 KG aproximadamente.<\/p>\n<p>Fabricado especificamente para condi\u00e7\u00f5es h\u00famidas. Ideal para a fabrico de sabonetes desembrulhados \u2018nus\u2019<br \/>\nPermite cores brilhantes. Bom desempenho de espuma\u00e7\u00e3o. Estabilidade de cor superior.<br \/>\nOdor neutro fornece excelente eleva\u00e7\u00e3o de fragr\u00e2ncia. Adequado para fatiar ou moldar<\/p>\n<p>Esta glicerina \u00e9 um produto hidratante, hipoalerg\u00e9nico e n\u00e3o toxico. Al\u00e9m disso utiliza-se para fazer sabonetes artesanais.<\/p>\n<p><span id=\"result_box\" class=\"\" lang=\"pt\"><span class=\"hps\">Caracter\u00edsticas\u00a0<\/span><br \/>\n<span class=\"hps\">\u2022<\/span>\u00a0<span class=\"hps\">Tudo<\/span>\u00a0<span class=\"hps\">\u00e0 base de vegetais<\/span>.<br \/>\n<span class=\"hps\">\u2022<\/span>\u00a0<span class=\"hps\">Boa<\/span>\u00a0<span class=\"hps\">forma\u00e7\u00e3o de espuma.<\/span><br \/>\n<span class=\"hps\">\u2022<\/span>\u00a0<span class=\"hps\">Boa<\/span>\u00a0<span class=\"hps\">hidrata\u00e7\u00e3o<\/span>\u00a0<span class=\"hps\">de<\/span>\u00a0<span class=\"hps\">um alto teor<\/span>\u00a0<span class=\"hps\">de glicerina<\/span><br \/>\n<span class=\"hps\">que proporciona uma<\/span>\u00a0<span class=\"hps\">agrad\u00e1vel<\/span>\u00a0<span class=\"hps\">sensa\u00e7\u00e3o na<\/span>\u00a0<span class=\"hps\">pele<\/span>.<br \/>\n<span class=\"hps\">\u2022<\/span>\u00a0<span class=\"hps\">estabilidade de cor<\/span>\u00a0<span class=\"hps\">superior, mesmo<\/span>\u00a0<span class=\"hps\">se for mantida<\/span>\u00a0<span class=\"hps\">a uma temperatura elevada<\/span><br \/>\n<span class=\"hps\">por per\u00edodos prolongados.<\/span><br \/>\n<span class=\"hps\">\u2022<\/span>\u00a0<span class=\"hps\">odor<\/span>\u00a0<span class=\"hps\">neutro<\/span>\u00a0<span class=\"hps\">proporciona excelente<\/span>\u00a0<span class=\"hps\">assimila\u00e7\u00e3o da\u00a0<\/span><span class=\"hps\">fragr\u00e2ncia.<\/span><br \/>\n<span class=\"hps\">\u2022<\/span>\u00a0<span class=\"hps\">PH<\/span>\u00a0<span class=\"hps\">7,5-8,5<\/span><br \/>\n<span class=\"hps\">\u2022<\/span>\u00a0<span class=\"hps\">Indicado para<\/span>\u00a0<span class=\"hps\">corte<\/span>\u00a0<span class=\"hps\">ou moldagem<\/span><span class=\"\">.<\/span><\/span><\/p>\n","protected":false},"excerpt":{"rendered":"<p>Glicerina Cristal n\u00e3o transpira 11.5 Kg<\/p>\n<p>Glicerina Vegetal para Sabonetes base Cristal n\u00e3o transpira 11,5 KG aproximadamente.<\/p>\n<p>Fabricado especificamente para condi\u00e7\u00f5es h\u00famidas. Ideal para a fabrico de sabonetes desembrulhados \u2018nus\u2019<br \/>\nPermite cores brilhantes. Bom desempenho de espuma\u00e7\u00e3o. Estabilidade de cor superior.<br \/>\nOdor neutro fornece excelente eleva\u00e7\u00e3o de fragr\u00e2ncia. Adequado para fatiar ou moldar<\/p>\n<p>Esta glicerina \u00e9 um produto hidratante, hipoalerg\u00e9nico e n\u00e3o toxico. Al\u00e9m disso utiliza-se para fazer sabonetes artesanais.<\/p>\n<p><span id=\"result_box\" class=\"\" lang=\"pt\"><span class=\"hps\">Caracter\u00edsticas\u00a0<\/span><br \/>\n<span class=\"hps\">\u2022<\/span>\u00a0<span class=\"hps\">Tudo<\/span>\u00a0<span class=\"hps\">\u00e0 base de vegetais<\/span>.<br \/>\n<span class=\"hps\">\u2022<\/span>\u00a0<span class=\"hps\">Boa<\/span>\u00a0<span class=\"hps\">forma\u00e7\u00e3o de espuma.<\/span><br \/>\n<span class=\"hps\">\u2022<\/span>\u00a0<span class=\"hps\">Boa<\/span>\u00a0<span class=\"hps\">hidrata\u00e7\u00e3o<\/span>\u00a0<span class=\"hps\">de<\/span>\u00a0<span class=\"hps\">um alto teor<\/span>\u00a0<span class=\"hps\">de glicerina<\/span><br \/>\n<span class=\"hps\">que proporciona uma<\/span>\u00a0<span class=\"hps\">agrad\u00e1vel<\/span>\u00a0<span class=\"hps\">sensa\u00e7\u00e3o na<\/span>\u00a0<span class=\"hps\">pele<\/span>.<br \/>\n<span class=\"hps\">\u2022<\/span>\u00a0<span class=\"hps\">estabilidade de cor<\/span>\u00a0<span class=\"hps\">superior, mesmo<\/span>\u00a0<span class=\"hps\">se for mantida<\/span>\u00a0<span class=\"hps\">a uma temperatura elevada<\/span><br \/>\n<span class=\"hps\">por per\u00edodos prolongados.<\/span><br \/>\n<span class=\"hps\">\u2022<\/span>\u00a0<span class=\"hps\">odor<\/span>\u00a0<span class=\"hps\">neutro<\/span>\u00a0<span class=\"hps\">proporciona excelente<\/span>\u00a0<span class=\"hps\">assimila\u00e7\u00e3o da\u00a0<\/span><span class=\"hps\">fragr\u00e2ncia.<\/span><br \/>\n<span class=\"hps\">\u2022<\/span>\u00a0<span class=\"hps\">PH<\/span>\u00a0<span class=\"hps\">7,5-8,5<\/span><br \/>\n<span class=\"hps\">\u2022<\/span>\u00a0<span class=\"hps\">Indicado para<\/span>\u00a0<span class=\"hps\">corte<\/span>\u00a0<span class=\"hps\">ou moldagem<\/span><span class=\"\">.<\/span><\/span><\/p>\n","protected":false},"featured_media":14869,"comment_status":"open","ping_status":"closed","template":"","meta":{"_exactmetrics_skip_tracking":false,"_exactmetrics_sitenote_active":false,"_exactmetrics_sitenote_note":"","_exactmetrics_sitenote_category":0},"product_brand":[],"product_cat":[385,58],"product_tag":[787,986,527],"class_list":{"0":"post-19224","1":"product","2":"type-product","3":"status-publish","4":"has-post-thumbnail","6":"product_cat-bases-de-glicerina","7":"product_cat-glicerina-para-sabonetes","8":"product_tag-glicerina-cristal","9":"product_tag-glicerina-nao-transpira-glicerina-para-sabonetes","10":"product_tag-glicerina-para-sabonetes","12":"first","13":"instock","14":"taxable","15":"shipping-taxable","16":"purchasable","17":"product-type-simple"},"yoast_head":"<!-- This site is optimized with the Yoast SEO plugin v27.4 - https:\/\/yoast.com\/product\/yoast-seo-wordpress\/ -->\n<title>Glicerina Cristal n\u00e3o transpira 11.5 Kg -<\/title>\n<meta name=\"description\" content=\"Glicerina Cristal n\u00e3o transpira 11.5 Kg.Fabricado especificamente para condi\u00e7\u00f5es h\u00famidas. Ideal para a fabrico de sabonetes fatiados desembrulhados\" \/>\n<meta name=\"robots\" content=\"index, follow, max-snippet:-1, max-image-preview:large, max-video-preview:-1\" \/>\n<link rel=\"canonical\" href=\"https:\/\/divertarte.com\/index.php\/produto\/glicerina-cristal-nao-transpira-11-5-kg\/\" \/>\n<meta property=\"og:locale\" content=\"pt_PT\" \/>\n<meta property=\"og:type\" content=\"article\" \/>\n<meta property=\"og:title\" content=\"Glicerina Cristal n\u00e3o transpira 11.5 Kg -\" \/>\n<meta property=\"og:description\" content=\"Glicerina Cristal n\u00e3o transpira 11.5 Kg.Fabricado especificamente para condi\u00e7\u00f5es h\u00famidas. Ideal para a fabrico de sabonetes fatiados desembrulhados\" \/>\n<meta property=\"og:url\" content=\"https:\/\/divertarte.com\/index.php\/produto\/glicerina-cristal-nao-transpira-11-5-kg\/\" \/>\n<meta property=\"article:modified_time\" content=\"2025-11-06T13:23:40+00:00\" \/>\n<meta property=\"og:image\" content=\"https:\/\/divertarte.com\/wp-content\/uploads\/2021\/08\/glicerina-cristal-nao-transpira.jpg\" \/>\n\t<meta property=\"og:image:width\" content=\"300\" \/>\n\t<meta property=\"og:image:height\" content=\"300\" \/>\n\t<meta property=\"og:image:type\" content=\"image\/jpeg\" \/>\n<meta name=\"twitter:card\" content=\"summary_large_image\" \/>\n<meta name=\"twitter:label1\" content=\"Tempo estimado de leitura\" \/>\n\t<meta name=\"twitter:data1\" content=\"1 minuto\" \/>\n<script type=\"application\/ld+json\" class=\"yoast-schema-graph\">{\"@context\":\"https:\\\/\\\/schema.org\",\"@graph\":[{\"@type\":\"WebPage\",\"@id\":\"https:\\\/\\\/divertarte.com\\\/index.php\\\/produto\\\/glicerina-cristal-nao-transpira-11-5-kg\\\/\",\"url\":\"https:\\\/\\\/divertarte.com\\\/index.php\\\/produto\\\/glicerina-cristal-nao-transpira-11-5-kg\\\/\",\"name\":\"Glicerina Cristal n\u00e3o transpira 11.5 Kg -\",\"isPartOf\":{\"@id\":\"https:\\\/\\\/divertarte.com\\\/#website\"},\"primaryImageOfPage\":{\"@id\":\"https:\\\/\\\/divertarte.com\\\/index.php\\\/produto\\\/glicerina-cristal-nao-transpira-11-5-kg\\\/#primaryimage\"},\"image\":{\"@id\":\"https:\\\/\\\/divertarte.com\\\/index.php\\\/produto\\\/glicerina-cristal-nao-transpira-11-5-kg\\\/#primaryimage\"},\"thumbnailUrl\":\"https:\\\/\\\/divertarte.com\\\/wp-content\\\/uploads\\\/2021\\\/08\\\/glicerina-cristal-nao-transpira.jpg\",\"datePublished\":\"2023-08-17T14:10:29+00:00\",\"dateModified\":\"2025-11-06T13:23:40+00:00\",\"description\":\"Glicerina Cristal n\u00e3o transpira 11.5 Kg.Fabricado especificamente para condi\u00e7\u00f5es h\u00famidas. Ideal para a fabrico de sabonetes fatiados desembrulhados\",\"breadcrumb\":{\"@id\":\"https:\\\/\\\/divertarte.com\\\/index.php\\\/produto\\\/glicerina-cristal-nao-transpira-11-5-kg\\\/#breadcrumb\"},\"inLanguage\":\"pt-PT\",\"potentialAction\":[{\"@type\":\"ReadAction\",\"target\":[\"https:\\\/\\\/divertarte.com\\\/index.php\\\/produto\\\/glicerina-cristal-nao-transpira-11-5-kg\\\/\"]}]},{\"@type\":\"ImageObject\",\"inLanguage\":\"pt-PT\",\"@id\":\"https:\\\/\\\/divertarte.com\\\/index.php\\\/produto\\\/glicerina-cristal-nao-transpira-11-5-kg\\\/#primaryimage\",\"url\":\"https:\\\/\\\/divertarte.com\\\/wp-content\\\/uploads\\\/2021\\\/08\\\/glicerina-cristal-nao-transpira.jpg\",\"contentUrl\":\"https:\\\/\\\/divertarte.com\\\/wp-content\\\/uploads\\\/2021\\\/08\\\/glicerina-cristal-nao-transpira.jpg\",\"width\":300,\"height\":300},{\"@type\":\"BreadcrumbList\",\"@id\":\"https:\\\/\\\/divertarte.com\\\/index.php\\\/produto\\\/glicerina-cristal-nao-transpira-11-5-kg\\\/#breadcrumb\",\"itemListElement\":[{\"@type\":\"ListItem\",\"position\":1,\"name\":\"In\u00edcio\",\"item\":\"https:\\\/\\\/divertarte.com\\\/\"},{\"@type\":\"ListItem\",\"position\":2,\"name\":\"Loja\",\"item\":\"https:\\\/\\\/divertarte.com\\\/index.php\\\/divertarte-produtos\\\/\"},{\"@type\":\"ListItem\",\"position\":3,\"name\":\"Glicerina Cristal n\u00e3o transpira 11.5 Kg\"}]},{\"@type\":\"WebSite\",\"@id\":\"https:\\\/\\\/divertarte.com\\\/#website\",\"url\":\"https:\\\/\\\/divertarte.com\\\/\",\"name\":\"Divertarte\",\"description\":\"\",\"publisher\":{\"@id\":\"https:\\\/\\\/divertarte.com\\\/#organization\"},\"potentialAction\":[{\"@type\":\"SearchAction\",\"target\":{\"@type\":\"EntryPoint\",\"urlTemplate\":\"https:\\\/\\\/divertarte.com\\\/?s={search_term_string}\"},\"query-input\":{\"@type\":\"PropertyValueSpecification\",\"valueRequired\":true,\"valueName\":\"search_term_string\"}}],\"inLanguage\":\"pt-PT\"},{\"@type\":\"Organization\",\"@id\":\"https:\\\/\\\/divertarte.com\\\/#organization\",\"name\":\"Divertarte\",\"url\":\"https:\\\/\\\/divertarte.com\\\/\",\"logo\":{\"@type\":\"ImageObject\",\"inLanguage\":\"pt-PT\",\"@id\":\"https:\\\/\\\/divertarte.com\\\/#\\\/schema\\\/logo\\\/image\\\/\",\"url\":\"https:\\\/\\\/divertarte.com\\\/wp-content\\\/uploads\\\/2018\\\/07\\\/logo-div.jpg\",\"contentUrl\":\"https:\\\/\\\/divertarte.com\\\/wp-content\\\/uploads\\\/2018\\\/07\\\/logo-div.jpg\",\"width\":295,\"height\":123,\"caption\":\"Divertarte\"},\"image\":{\"@id\":\"https:\\\/\\\/divertarte.com\\\/#\\\/schema\\\/logo\\\/image\\\/\"}}]}<\/script>\n<!-- \/ Yoast SEO plugin. -->","yoast_head_json":{"title":"Glicerina Cristal n\u00e3o transpira 11.5 Kg -","description":"Glicerina Cristal n\u00e3o transpira 11.5 Kg.Fabricado especificamente para condi\u00e7\u00f5es h\u00famidas. Ideal para a fabrico de sabonetes fatiados desembrulhados","robots":{"index":"index","follow":"follow","max-snippet":"max-snippet:-1","max-image-preview":"max-image-preview:large","max-video-preview":"max-video-preview:-1"},"canonical":"https:\/\/divertarte.com\/index.php\/produto\/glicerina-cristal-nao-transpira-11-5-kg\/","og_locale":"pt_PT","og_type":"article","og_title":"Glicerina Cristal n\u00e3o transpira 11.5 Kg -","og_description":"Glicerina Cristal n\u00e3o transpira 11.5 Kg.Fabricado especificamente para condi\u00e7\u00f5es h\u00famidas. Ideal para a fabrico de sabonetes fatiados desembrulhados","og_url":"https:\/\/divertarte.com\/index.php\/produto\/glicerina-cristal-nao-transpira-11-5-kg\/","article_modified_time":"2025-11-06T13:23:40+00:00","og_image":[{"width":300,"height":300,"url":"https:\/\/divertarte.com\/wp-content\/uploads\/2021\/08\/glicerina-cristal-nao-transpira.jpg","type":"image\/jpeg"}],"twitter_card":"summary_large_image","twitter_misc":{"Tempo estimado de leitura":"1 minuto"},"schema":{"@context":"https:\/\/schema.org","@graph":[{"@type":"WebPage","@id":"https:\/\/divertarte.com\/index.php\/produto\/glicerina-cristal-nao-transpira-11-5-kg\/","url":"https:\/\/divertarte.com\/index.php\/produto\/glicerina-cristal-nao-transpira-11-5-kg\/","name":"Glicerina Cristal n\u00e3o transpira 11.5 Kg -","isPartOf":{"@id":"https:\/\/divertarte.com\/#website"},"primaryImageOfPage":{"@id":"https:\/\/divertarte.com\/index.php\/produto\/glicerina-cristal-nao-transpira-11-5-kg\/#primaryimage"},"image":{"@id":"https:\/\/divertarte.com\/index.php\/produto\/glicerina-cristal-nao-transpira-11-5-kg\/#primaryimage"},"thumbnailUrl":"https:\/\/divertarte.com\/wp-content\/uploads\/2021\/08\/glicerina-cristal-nao-transpira.jpg","datePublished":"2023-08-17T14:10:29+00:00","dateModified":"2025-11-06T13:23:40+00:00","description":"Glicerina Cristal n\u00e3o transpira 11.5 Kg.Fabricado especificamente para condi\u00e7\u00f5es h\u00famidas. Ideal para a fabrico de sabonetes fatiados desembrulhados","breadcrumb":{"@id":"https:\/\/divertarte.com\/index.php\/produto\/glicerina-cristal-nao-transpira-11-5-kg\/#breadcrumb"},"inLanguage":"pt-PT","potentialAction":[{"@type":"ReadAction","target":["https:\/\/divertarte.com\/index.php\/produto\/glicerina-cristal-nao-transpira-11-5-kg\/"]}]},{"@type":"ImageObject","inLanguage":"pt-PT","@id":"https:\/\/divertarte.com\/index.php\/produto\/glicerina-cristal-nao-transpira-11-5-kg\/#primaryimage","url":"https:\/\/divertarte.com\/wp-content\/uploads\/2021\/08\/glicerina-cristal-nao-transpira.jpg","contentUrl":"https:\/\/divertarte.com\/wp-content\/uploads\/2021\/08\/glicerina-cristal-nao-transpira.jpg","width":300,"height":300},{"@type":"BreadcrumbList","@id":"https:\/\/divertarte.com\/index.php\/produto\/glicerina-cristal-nao-transpira-11-5-kg\/#breadcrumb","itemListElement":[{"@type":"ListItem","position":1,"name":"In\u00edcio","item":"https:\/\/divertarte.com\/"},{"@type":"ListItem","position":2,"name":"Loja","item":"https:\/\/divertarte.com\/index.php\/divertarte-produtos\/"},{"@type":"ListItem","position":3,"name":"Glicerina Cristal n\u00e3o transpira 11.5 Kg"}]},{"@type":"WebSite","@id":"https:\/\/divertarte.com\/#website","url":"https:\/\/divertarte.com\/","name":"Divertarte","description":"","publisher":{"@id":"https:\/\/divertarte.com\/#organization"},"potentialAction":[{"@type":"SearchAction","target":{"@type":"EntryPoint","urlTemplate":"https:\/\/divertarte.com\/?s={search_term_string}"},"query-input":{"@type":"PropertyValueSpecification","valueRequired":true,"valueName":"search_term_string"}}],"inLanguage":"pt-PT"},{"@type":"Organization","@id":"https:\/\/divertarte.com\/#organization","name":"Divertarte","url":"https:\/\/divertarte.com\/","logo":{"@type":"ImageObject","inLanguage":"pt-PT","@id":"https:\/\/divertarte.com\/#\/schema\/logo\/image\/","url":"https:\/\/divertarte.com\/wp-content\/uploads\/2018\/07\/logo-div.jpg","contentUrl":"https:\/\/divertarte.com\/wp-content\/uploads\/2018\/07\/logo-div.jpg","width":295,"height":123,"caption":"Divertarte"},"image":{"@id":"https:\/\/divertarte.com\/#\/schema\/logo\/image\/"}}]}},"_links":{"self":[{"href":"https:\/\/divertarte.com\/index.php\/wp-json\/wp\/v2\/product\/19224","targetHints":{"allow":["GET"]}}],"collection":[{"href":"https:\/\/divertarte.com\/index.php\/wp-json\/wp\/v2\/product"}],"about":[{"href":"https:\/\/divertarte.com\/index.php\/wp-json\/wp\/v2\/types\/product"}],"replies":[{"embeddable":true,"href":"https:\/\/divertarte.com\/index.php\/wp-json\/wp\/v2\/comments?post=19224"}],"wp:featuredmedia":[{"embeddable":true,"href":"https:\/\/divertarte.com\/index.php\/wp-json\/wp\/v2\/media\/14869"}],"wp:attachment":[{"href":"https:\/\/divertarte.com\/index.php\/wp-json\/wp\/v2\/media?parent=19224"}],"wp:term":[{"taxonomy":"product_brand","embeddable":true,"href":"https:\/\/divertarte.com\/index.php\/wp-json\/wp\/v2\/product_brand?post=19224"},{"taxonomy":"product_cat","embeddable":true,"href":"https:\/\/divertarte.com\/index.php\/wp-json\/wp\/v2\/product_cat?post=19224"},{"taxonomy":"product_tag","embeddable":true,"href":"https:\/\/divertarte.com\/index.php\/wp-json\/wp\/v2\/product_tag?post=19224"}],"curies":[{"name":"wp","href":"https:\/\/api.w.org\/{rel}","templated":true}]}}