{"id":19157,"date":"2023-08-08T10:18:24","date_gmt":"2023-08-08T09:18:24","guid":{"rendered":"https:\/\/divertarte.com\/?post_type=product&#038;p=19157"},"modified":"2025-11-06T13:23:41","modified_gmt":"2025-11-06T13:23:41","slug":"papel-para-personalizar-velas","status":"publish","type":"product","link":"https:\/\/divertarte.com\/index.php\/produto\/papel-para-personalizar-velas\/","title":{"rendered":"Papel Decoupage para Personalizar Velas"},"content":{"rendered":"<p>Papel Decoupage para Personalizar Velas<\/p>\n<p>Folha de papel especial para imprimir e fazer decoupage personalizada nas velas . tamanho A4<\/p>\n<p>Personaliza as tuas velas com o teu logotipo ou imagem da tua preferencia. Batizados, casamentos, comunh\u00e3o, \u00e9pocas festivas, Natal, P\u00e1scoa<\/p>\n<p>Basta imprimir, recortar e colar na vela, sob o m\u00e9todo de aquecimento.<\/p>\n","protected":false},"excerpt":{"rendered":"<p>Papel para Personalizar Velas<\/p>\n<p>Folha de papel especial em branco, para imprimires e fazeres decoupage personalizada nas velas . tamanho A4<\/p>\n<p>Personaliza as tuas velas com o teu logotipo ou imagem da tua preferencia. Batizados, casamentos, comunh\u00e3o, \u00e9pocas festivas, Natal, P\u00e1scoa<\/p>\n<p>Basta imprimir, recortar e colar na vela, sob o m\u00e9todo de aquecimento.<\/p>\n<p>As imagens que aparecem na folha s\u00e3o meramente informativas. As folhas s\u00e3o vendidas em branco para poderes imprimir as figuras ao teu gosto<\/p>\n","protected":false},"featured_media":19646,"comment_status":"open","ping_status":"closed","template":"","meta":{"_exactmetrics_skip_tracking":false,"_exactmetrics_sitenote_active":false,"_exactmetrics_sitenote_note":"","_exactmetrics_sitenote_category":0},"product_brand":[],"product_cat":[185,951],"product_tag":[948,950,949],"class_list":{"0":"post-19157","1":"product","2":"type-product","3":"status-publish","4":"has-post-thumbnail","6":"product_cat-decoupage-guardanapos-e-papel-para-personalizar-velas","7":"product_cat-papel-para-personalizar-velas","8":"product_tag-papel-decoupage","9":"product_tag-papel-para-personalizar-velas","10":"product_tag-personalizar-velas","12":"first","13":"instock","14":"taxable","15":"shipping-taxable","16":"purchasable","17":"product-type-simple"},"yoast_head":"<!-- This site is optimized with the Yoast SEO plugin v27.5 - https:\/\/yoast.com\/product\/yoast-seo-wordpress\/ -->\n<title>Papel Decoupage para Personalizar Velas -<\/title>\n<meta name=\"description\" content=\"Papel Decoupage para Personalizar Velas. Folha de papel especial para imprimir e fazer decoupage personalizada nas velas. Tamanho A4\" \/>\n<meta name=\"robots\" content=\"index, follow, max-snippet:-1, max-image-preview:large, max-video-preview:-1\" \/>\n<link rel=\"canonical\" href=\"https:\/\/divertarte.com\/index.php\/produto\/papel-para-personalizar-velas\/\" \/>\n<meta property=\"og:locale\" content=\"pt_PT\" \/>\n<meta property=\"og:type\" content=\"article\" \/>\n<meta property=\"og:title\" content=\"Papel Decoupage para Personalizar Velas -\" \/>\n<meta property=\"og:description\" content=\"Papel Decoupage para Personalizar Velas. Folha de papel especial para imprimir e fazer decoupage personalizada nas velas. Tamanho A4\" \/>\n<meta property=\"og:url\" content=\"https:\/\/divertarte.com\/index.php\/produto\/papel-para-personalizar-velas\/\" \/>\n<meta property=\"article:modified_time\" content=\"2025-11-06T13:23:41+00:00\" \/>\n<meta property=\"og:image\" content=\"https:\/\/divertarte.com\/wp-content\/uploads\/2023\/08\/folhas-papel-decoupage-personalizado.jpg\" \/>\n\t<meta property=\"og:image:width\" content=\"400\" \/>\n\t<meta property=\"og:image:height\" content=\"400\" \/>\n\t<meta property=\"og:image:type\" content=\"image\/jpeg\" \/>\n<meta name=\"twitter:card\" content=\"summary_large_image\" \/>\n<script type=\"application\/ld+json\" class=\"yoast-schema-graph\">{\"@context\":\"https:\\\/\\\/schema.org\",\"@graph\":[{\"@type\":\"WebPage\",\"@id\":\"https:\\\/\\\/divertarte.com\\\/index.php\\\/produto\\\/papel-para-personalizar-velas\\\/\",\"url\":\"https:\\\/\\\/divertarte.com\\\/index.php\\\/produto\\\/papel-para-personalizar-velas\\\/\",\"name\":\"Papel Decoupage para Personalizar Velas -\",\"isPartOf\":{\"@id\":\"https:\\\/\\\/divertarte.com\\\/#website\"},\"primaryImageOfPage\":{\"@id\":\"https:\\\/\\\/divertarte.com\\\/index.php\\\/produto\\\/papel-para-personalizar-velas\\\/#primaryimage\"},\"image\":{\"@id\":\"https:\\\/\\\/divertarte.com\\\/index.php\\\/produto\\\/papel-para-personalizar-velas\\\/#primaryimage\"},\"thumbnailUrl\":\"https:\\\/\\\/divertarte.com\\\/wp-content\\\/uploads\\\/2023\\\/08\\\/folhas-papel-decoupage-personalizado.jpg\",\"datePublished\":\"2023-08-08T09:18:24+00:00\",\"dateModified\":\"2025-11-06T13:23:41+00:00\",\"description\":\"Papel Decoupage para Personalizar Velas. Folha de papel especial para imprimir e fazer decoupage personalizada nas velas. Tamanho A4\",\"breadcrumb\":{\"@id\":\"https:\\\/\\\/divertarte.com\\\/index.php\\\/produto\\\/papel-para-personalizar-velas\\\/#breadcrumb\"},\"inLanguage\":\"pt-PT\",\"potentialAction\":[{\"@type\":\"ReadAction\",\"target\":[\"https:\\\/\\\/divertarte.com\\\/index.php\\\/produto\\\/papel-para-personalizar-velas\\\/\"]}]},{\"@type\":\"ImageObject\",\"inLanguage\":\"pt-PT\",\"@id\":\"https:\\\/\\\/divertarte.com\\\/index.php\\\/produto\\\/papel-para-personalizar-velas\\\/#primaryimage\",\"url\":\"https:\\\/\\\/divertarte.com\\\/wp-content\\\/uploads\\\/2023\\\/08\\\/folhas-papel-decoupage-personalizado.jpg\",\"contentUrl\":\"https:\\\/\\\/divertarte.com\\\/wp-content\\\/uploads\\\/2023\\\/08\\\/folhas-papel-decoupage-personalizado.jpg\",\"width\":400,\"height\":400},{\"@type\":\"BreadcrumbList\",\"@id\":\"https:\\\/\\\/divertarte.com\\\/index.php\\\/produto\\\/papel-para-personalizar-velas\\\/#breadcrumb\",\"itemListElement\":[{\"@type\":\"ListItem\",\"position\":1,\"name\":\"In\u00edcio\",\"item\":\"https:\\\/\\\/divertarte.com\\\/\"},{\"@type\":\"ListItem\",\"position\":2,\"name\":\"Loja\",\"item\":\"https:\\\/\\\/divertarte.com\\\/index.php\\\/divertarte-produtos\\\/\"},{\"@type\":\"ListItem\",\"position\":3,\"name\":\"Papel Decoupage para Personalizar Velas\"}]},{\"@type\":\"WebSite\",\"@id\":\"https:\\\/\\\/divertarte.com\\\/#website\",\"url\":\"https:\\\/\\\/divertarte.com\\\/\",\"name\":\"Divertarte\",\"description\":\"\",\"publisher\":{\"@id\":\"https:\\\/\\\/divertarte.com\\\/#organization\"},\"potentialAction\":[{\"@type\":\"SearchAction\",\"target\":{\"@type\":\"EntryPoint\",\"urlTemplate\":\"https:\\\/\\\/divertarte.com\\\/?s={search_term_string}\"},\"query-input\":{\"@type\":\"PropertyValueSpecification\",\"valueRequired\":true,\"valueName\":\"search_term_string\"}}],\"inLanguage\":\"pt-PT\"},{\"@type\":\"Organization\",\"@id\":\"https:\\\/\\\/divertarte.com\\\/#organization\",\"name\":\"Divertarte\",\"url\":\"https:\\\/\\\/divertarte.com\\\/\",\"logo\":{\"@type\":\"ImageObject\",\"inLanguage\":\"pt-PT\",\"@id\":\"https:\\\/\\\/divertarte.com\\\/#\\\/schema\\\/logo\\\/image\\\/\",\"url\":\"https:\\\/\\\/divertarte.com\\\/wp-content\\\/uploads\\\/2018\\\/07\\\/logo-div.jpg\",\"contentUrl\":\"https:\\\/\\\/divertarte.com\\\/wp-content\\\/uploads\\\/2018\\\/07\\\/logo-div.jpg\",\"width\":295,\"height\":123,\"caption\":\"Divertarte\"},\"image\":{\"@id\":\"https:\\\/\\\/divertarte.com\\\/#\\\/schema\\\/logo\\\/image\\\/\"}}]}<\/script>\n<!-- \/ Yoast SEO plugin. -->","yoast_head_json":{"title":"Papel Decoupage para Personalizar Velas -","description":"Papel Decoupage para Personalizar Velas. Folha de papel especial para imprimir e fazer decoupage personalizada nas velas. Tamanho A4","robots":{"index":"index","follow":"follow","max-snippet":"max-snippet:-1","max-image-preview":"max-image-preview:large","max-video-preview":"max-video-preview:-1"},"canonical":"https:\/\/divertarte.com\/index.php\/produto\/papel-para-personalizar-velas\/","og_locale":"pt_PT","og_type":"article","og_title":"Papel Decoupage para Personalizar Velas -","og_description":"Papel Decoupage para Personalizar Velas. Folha de papel especial para imprimir e fazer decoupage personalizada nas velas. Tamanho A4","og_url":"https:\/\/divertarte.com\/index.php\/produto\/papel-para-personalizar-velas\/","article_modified_time":"2025-11-06T13:23:41+00:00","og_image":[{"width":400,"height":400,"url":"https:\/\/divertarte.com\/wp-content\/uploads\/2023\/08\/folhas-papel-decoupage-personalizado.jpg","type":"image\/jpeg"}],"twitter_card":"summary_large_image","schema":{"@context":"https:\/\/schema.org","@graph":[{"@type":"WebPage","@id":"https:\/\/divertarte.com\/index.php\/produto\/papel-para-personalizar-velas\/","url":"https:\/\/divertarte.com\/index.php\/produto\/papel-para-personalizar-velas\/","name":"Papel Decoupage para Personalizar Velas -","isPartOf":{"@id":"https:\/\/divertarte.com\/#website"},"primaryImageOfPage":{"@id":"https:\/\/divertarte.com\/index.php\/produto\/papel-para-personalizar-velas\/#primaryimage"},"image":{"@id":"https:\/\/divertarte.com\/index.php\/produto\/papel-para-personalizar-velas\/#primaryimage"},"thumbnailUrl":"https:\/\/divertarte.com\/wp-content\/uploads\/2023\/08\/folhas-papel-decoupage-personalizado.jpg","datePublished":"2023-08-08T09:18:24+00:00","dateModified":"2025-11-06T13:23:41+00:00","description":"Papel Decoupage para Personalizar Velas. Folha de papel especial para imprimir e fazer decoupage personalizada nas velas. Tamanho A4","breadcrumb":{"@id":"https:\/\/divertarte.com\/index.php\/produto\/papel-para-personalizar-velas\/#breadcrumb"},"inLanguage":"pt-PT","potentialAction":[{"@type":"ReadAction","target":["https:\/\/divertarte.com\/index.php\/produto\/papel-para-personalizar-velas\/"]}]},{"@type":"ImageObject","inLanguage":"pt-PT","@id":"https:\/\/divertarte.com\/index.php\/produto\/papel-para-personalizar-velas\/#primaryimage","url":"https:\/\/divertarte.com\/wp-content\/uploads\/2023\/08\/folhas-papel-decoupage-personalizado.jpg","contentUrl":"https:\/\/divertarte.com\/wp-content\/uploads\/2023\/08\/folhas-papel-decoupage-personalizado.jpg","width":400,"height":400},{"@type":"BreadcrumbList","@id":"https:\/\/divertarte.com\/index.php\/produto\/papel-para-personalizar-velas\/#breadcrumb","itemListElement":[{"@type":"ListItem","position":1,"name":"In\u00edcio","item":"https:\/\/divertarte.com\/"},{"@type":"ListItem","position":2,"name":"Loja","item":"https:\/\/divertarte.com\/index.php\/divertarte-produtos\/"},{"@type":"ListItem","position":3,"name":"Papel Decoupage para Personalizar Velas"}]},{"@type":"WebSite","@id":"https:\/\/divertarte.com\/#website","url":"https:\/\/divertarte.com\/","name":"Divertarte","description":"","publisher":{"@id":"https:\/\/divertarte.com\/#organization"},"potentialAction":[{"@type":"SearchAction","target":{"@type":"EntryPoint","urlTemplate":"https:\/\/divertarte.com\/?s={search_term_string}"},"query-input":{"@type":"PropertyValueSpecification","valueRequired":true,"valueName":"search_term_string"}}],"inLanguage":"pt-PT"},{"@type":"Organization","@id":"https:\/\/divertarte.com\/#organization","name":"Divertarte","url":"https:\/\/divertarte.com\/","logo":{"@type":"ImageObject","inLanguage":"pt-PT","@id":"https:\/\/divertarte.com\/#\/schema\/logo\/image\/","url":"https:\/\/divertarte.com\/wp-content\/uploads\/2018\/07\/logo-div.jpg","contentUrl":"https:\/\/divertarte.com\/wp-content\/uploads\/2018\/07\/logo-div.jpg","width":295,"height":123,"caption":"Divertarte"},"image":{"@id":"https:\/\/divertarte.com\/#\/schema\/logo\/image\/"}}]}},"_links":{"self":[{"href":"https:\/\/divertarte.com\/index.php\/wp-json\/wp\/v2\/product\/19157","targetHints":{"allow":["GET"]}}],"collection":[{"href":"https:\/\/divertarte.com\/index.php\/wp-json\/wp\/v2\/product"}],"about":[{"href":"https:\/\/divertarte.com\/index.php\/wp-json\/wp\/v2\/types\/product"}],"replies":[{"embeddable":true,"href":"https:\/\/divertarte.com\/index.php\/wp-json\/wp\/v2\/comments?post=19157"}],"wp:featuredmedia":[{"embeddable":true,"href":"https:\/\/divertarte.com\/index.php\/wp-json\/wp\/v2\/media\/19646"}],"wp:attachment":[{"href":"https:\/\/divertarte.com\/index.php\/wp-json\/wp\/v2\/media?parent=19157"}],"wp:term":[{"taxonomy":"product_brand","embeddable":true,"href":"https:\/\/divertarte.com\/index.php\/wp-json\/wp\/v2\/product_brand?post=19157"},{"taxonomy":"product_cat","embeddable":true,"href":"https:\/\/divertarte.com\/index.php\/wp-json\/wp\/v2\/product_cat?post=19157"},{"taxonomy":"product_tag","embeddable":true,"href":"https:\/\/divertarte.com\/index.php\/wp-json\/wp\/v2\/product_tag?post=19157"}],"curies":[{"name":"wp","href":"https:\/\/api.w.org\/{rel}","templated":true}]}}