{"id":18972,"date":"2023-06-28T17:58:35","date_gmt":"2023-06-28T16:58:35","guid":{"rendered":"https:\/\/divertarte.com\/?post_type=product&#038;p=18972"},"modified":"2025-11-06T13:23:43","modified_gmt":"2025-11-06T13:23:43","slug":"molde-tubular-aviao","status":"publish","type":"product","link":"https:\/\/divertarte.com\/index.php\/produto\/molde-tubular-aviao\/","title":{"rendered":"Molde Tubular Avi\u00e3o"},"content":{"rendered":"<p>Molde Tubular Avi\u00e3o<\/p>\n<p>Molde para fazer figuras para incluir nos sabonetes de barra para fatiar<\/p>\n<p>Medida: 4x4x25cm<\/p>\n<p>O molde \u00e9 aberto em baixo e em cima para melhor desenformar.<\/p>\n<div>Tapar uma das pontas com pelicula aderente e colocar sobre uma superfpicie fria<\/div>\n<div>Deitar um pouco de glicerina e deixe solidificar. S\u00f3 depois verta a glicerina restante.<\/div>\n<div>Deixar arrefecer bem antes de desenformar.<\/div>\n<div><\/div>\n<div>Pode usar s\u00f3 o avi\u00e3ozinho ou em barra<\/div>\n<div><\/div>\n<div>No molde barra verta sab\u00e3o at\u00e9 1\/3 e deixe arrefecer. Posicione o seu avi\u00e3o e verta a restante glicerina .<\/div>\n<div>Deixe arrefecer bem, desenforme e fatie.<\/div>\n<div><\/div>\n<div>Pode fazer o avi\u00e3ozinho em transparente e a parte experior en opaco.<\/div>\n<div><\/div>\n","protected":false},"excerpt":{"rendered":"<p>Molde Tubular Avi\u00e3o<\/p>\n<p>Molde para fazer figuras para incluir nos sabonetes de barra para fatiar<\/p>\n<p>Medida: 4x4x25cm<\/p>\n<p>Vamos ter mais modelos<\/p>\n","protected":false},"featured_media":18973,"comment_status":"open","ping_status":"closed","template":"","meta":{"_exactmetrics_skip_tracking":false,"_exactmetrics_sitenote_active":false,"_exactmetrics_sitenote_note":"","_exactmetrics_sitenote_category":0},"product_brand":[],"product_cat":[508,82,54,87,15],"product_tag":[],"class_list":{"0":"post-18972","1":"product","2":"type-product","3":"status-publish","4":"has-post-thumbnail","6":"product_cat-moldes-3d","7":"product_cat-moldes-bebes-infantis","8":"product_cat-moldes-de-silicone-em-portugal","9":"product_cat-moldes-diversos","10":"product_cat-ver-todos-os-produtos","12":"first","13":"instock","14":"taxable","15":"shipping-taxable","16":"purchasable","17":"product-type-simple"},"yoast_head":"<!-- This site is optimized with the Yoast SEO plugin v27.4 - https:\/\/yoast.com\/product\/yoast-seo-wordpress\/ -->\n<title>Molde Tubular Avi\u00e3o -<\/title>\n<meta name=\"description\" content=\"Molde Tubular Avi\u00e3oMolde para fazer figuras para incluir nos sabonetes de barra para fatiarMedida: 4x4x25cm. Prendinha de anivers\u00e1rio\" \/>\n<meta name=\"robots\" content=\"index, follow, max-snippet:-1, max-image-preview:large, max-video-preview:-1\" \/>\n<link rel=\"canonical\" href=\"https:\/\/divertarte.com\/index.php\/produto\/molde-tubular-aviao\/\" \/>\n<meta property=\"og:locale\" content=\"pt_PT\" \/>\n<meta property=\"og:type\" content=\"article\" \/>\n<meta property=\"og:title\" content=\"Molde Tubular Avi\u00e3o -\" \/>\n<meta property=\"og:description\" content=\"Molde Tubular Avi\u00e3oMolde para fazer figuras para incluir nos sabonetes de barra para fatiarMedida: 4x4x25cm. Prendinha de anivers\u00e1rio\" \/>\n<meta property=\"og:url\" content=\"https:\/\/divertarte.com\/index.php\/produto\/molde-tubular-aviao\/\" \/>\n<meta property=\"article:modified_time\" content=\"2025-11-06T13:23:43+00:00\" \/>\n<meta property=\"og:image\" content=\"https:\/\/divertarte.com\/wp-content\/uploads\/2023\/06\/molde-silicone-aviao-fatiar.jpg\" \/>\n\t<meta property=\"og:image:width\" content=\"301\" \/>\n\t<meta property=\"og:image:height\" content=\"300\" \/>\n\t<meta property=\"og:image:type\" content=\"image\/jpeg\" \/>\n<meta name=\"twitter:card\" content=\"summary_large_image\" \/>\n<meta name=\"twitter:label1\" content=\"Tempo estimado de leitura\" \/>\n\t<meta name=\"twitter:data1\" content=\"1 minuto\" \/>\n<script type=\"application\/ld+json\" class=\"yoast-schema-graph\">{\"@context\":\"https:\\\/\\\/schema.org\",\"@graph\":[{\"@type\":\"WebPage\",\"@id\":\"https:\\\/\\\/divertarte.com\\\/index.php\\\/produto\\\/molde-tubular-aviao\\\/\",\"url\":\"https:\\\/\\\/divertarte.com\\\/index.php\\\/produto\\\/molde-tubular-aviao\\\/\",\"name\":\"Molde Tubular Avi\u00e3o -\",\"isPartOf\":{\"@id\":\"https:\\\/\\\/divertarte.com\\\/#website\"},\"primaryImageOfPage\":{\"@id\":\"https:\\\/\\\/divertarte.com\\\/index.php\\\/produto\\\/molde-tubular-aviao\\\/#primaryimage\"},\"image\":{\"@id\":\"https:\\\/\\\/divertarte.com\\\/index.php\\\/produto\\\/molde-tubular-aviao\\\/#primaryimage\"},\"thumbnailUrl\":\"https:\\\/\\\/divertarte.com\\\/wp-content\\\/uploads\\\/2023\\\/06\\\/molde-silicone-aviao-fatiar.jpg\",\"datePublished\":\"2023-06-28T16:58:35+00:00\",\"dateModified\":\"2025-11-06T13:23:43+00:00\",\"description\":\"Molde Tubular Avi\u00e3oMolde para fazer figuras para incluir nos sabonetes de barra para fatiarMedida: 4x4x25cm. Prendinha de anivers\u00e1rio\",\"breadcrumb\":{\"@id\":\"https:\\\/\\\/divertarte.com\\\/index.php\\\/produto\\\/molde-tubular-aviao\\\/#breadcrumb\"},\"inLanguage\":\"pt-PT\",\"potentialAction\":[{\"@type\":\"ReadAction\",\"target\":[\"https:\\\/\\\/divertarte.com\\\/index.php\\\/produto\\\/molde-tubular-aviao\\\/\"]}]},{\"@type\":\"ImageObject\",\"inLanguage\":\"pt-PT\",\"@id\":\"https:\\\/\\\/divertarte.com\\\/index.php\\\/produto\\\/molde-tubular-aviao\\\/#primaryimage\",\"url\":\"https:\\\/\\\/divertarte.com\\\/wp-content\\\/uploads\\\/2023\\\/06\\\/molde-silicone-aviao-fatiar.jpg\",\"contentUrl\":\"https:\\\/\\\/divertarte.com\\\/wp-content\\\/uploads\\\/2023\\\/06\\\/molde-silicone-aviao-fatiar.jpg\",\"width\":301,\"height\":300},{\"@type\":\"BreadcrumbList\",\"@id\":\"https:\\\/\\\/divertarte.com\\\/index.php\\\/produto\\\/molde-tubular-aviao\\\/#breadcrumb\",\"itemListElement\":[{\"@type\":\"ListItem\",\"position\":1,\"name\":\"In\u00edcio\",\"item\":\"https:\\\/\\\/divertarte.com\\\/\"},{\"@type\":\"ListItem\",\"position\":2,\"name\":\"Loja\",\"item\":\"https:\\\/\\\/divertarte.com\\\/index.php\\\/divertarte-produtos\\\/\"},{\"@type\":\"ListItem\",\"position\":3,\"name\":\"Molde Tubular Avi\u00e3o\"}]},{\"@type\":\"WebSite\",\"@id\":\"https:\\\/\\\/divertarte.com\\\/#website\",\"url\":\"https:\\\/\\\/divertarte.com\\\/\",\"name\":\"Divertarte\",\"description\":\"\",\"publisher\":{\"@id\":\"https:\\\/\\\/divertarte.com\\\/#organization\"},\"potentialAction\":[{\"@type\":\"SearchAction\",\"target\":{\"@type\":\"EntryPoint\",\"urlTemplate\":\"https:\\\/\\\/divertarte.com\\\/?s={search_term_string}\"},\"query-input\":{\"@type\":\"PropertyValueSpecification\",\"valueRequired\":true,\"valueName\":\"search_term_string\"}}],\"inLanguage\":\"pt-PT\"},{\"@type\":\"Organization\",\"@id\":\"https:\\\/\\\/divertarte.com\\\/#organization\",\"name\":\"Divertarte\",\"url\":\"https:\\\/\\\/divertarte.com\\\/\",\"logo\":{\"@type\":\"ImageObject\",\"inLanguage\":\"pt-PT\",\"@id\":\"https:\\\/\\\/divertarte.com\\\/#\\\/schema\\\/logo\\\/image\\\/\",\"url\":\"https:\\\/\\\/divertarte.com\\\/wp-content\\\/uploads\\\/2018\\\/07\\\/logo-div.jpg\",\"contentUrl\":\"https:\\\/\\\/divertarte.com\\\/wp-content\\\/uploads\\\/2018\\\/07\\\/logo-div.jpg\",\"width\":295,\"height\":123,\"caption\":\"Divertarte\"},\"image\":{\"@id\":\"https:\\\/\\\/divertarte.com\\\/#\\\/schema\\\/logo\\\/image\\\/\"}}]}<\/script>\n<!-- \/ Yoast SEO plugin. -->","yoast_head_json":{"title":"Molde Tubular Avi\u00e3o -","description":"Molde Tubular Avi\u00e3oMolde para fazer figuras para incluir nos sabonetes de barra para fatiarMedida: 4x4x25cm. Prendinha de anivers\u00e1rio","robots":{"index":"index","follow":"follow","max-snippet":"max-snippet:-1","max-image-preview":"max-image-preview:large","max-video-preview":"max-video-preview:-1"},"canonical":"https:\/\/divertarte.com\/index.php\/produto\/molde-tubular-aviao\/","og_locale":"pt_PT","og_type":"article","og_title":"Molde Tubular Avi\u00e3o -","og_description":"Molde Tubular Avi\u00e3oMolde para fazer figuras para incluir nos sabonetes de barra para fatiarMedida: 4x4x25cm. Prendinha de anivers\u00e1rio","og_url":"https:\/\/divertarte.com\/index.php\/produto\/molde-tubular-aviao\/","article_modified_time":"2025-11-06T13:23:43+00:00","og_image":[{"width":301,"height":300,"url":"https:\/\/divertarte.com\/wp-content\/uploads\/2023\/06\/molde-silicone-aviao-fatiar.jpg","type":"image\/jpeg"}],"twitter_card":"summary_large_image","twitter_misc":{"Tempo estimado de leitura":"1 minuto"},"schema":{"@context":"https:\/\/schema.org","@graph":[{"@type":"WebPage","@id":"https:\/\/divertarte.com\/index.php\/produto\/molde-tubular-aviao\/","url":"https:\/\/divertarte.com\/index.php\/produto\/molde-tubular-aviao\/","name":"Molde Tubular Avi\u00e3o -","isPartOf":{"@id":"https:\/\/divertarte.com\/#website"},"primaryImageOfPage":{"@id":"https:\/\/divertarte.com\/index.php\/produto\/molde-tubular-aviao\/#primaryimage"},"image":{"@id":"https:\/\/divertarte.com\/index.php\/produto\/molde-tubular-aviao\/#primaryimage"},"thumbnailUrl":"https:\/\/divertarte.com\/wp-content\/uploads\/2023\/06\/molde-silicone-aviao-fatiar.jpg","datePublished":"2023-06-28T16:58:35+00:00","dateModified":"2025-11-06T13:23:43+00:00","description":"Molde Tubular Avi\u00e3oMolde para fazer figuras para incluir nos sabonetes de barra para fatiarMedida: 4x4x25cm. Prendinha de anivers\u00e1rio","breadcrumb":{"@id":"https:\/\/divertarte.com\/index.php\/produto\/molde-tubular-aviao\/#breadcrumb"},"inLanguage":"pt-PT","potentialAction":[{"@type":"ReadAction","target":["https:\/\/divertarte.com\/index.php\/produto\/molde-tubular-aviao\/"]}]},{"@type":"ImageObject","inLanguage":"pt-PT","@id":"https:\/\/divertarte.com\/index.php\/produto\/molde-tubular-aviao\/#primaryimage","url":"https:\/\/divertarte.com\/wp-content\/uploads\/2023\/06\/molde-silicone-aviao-fatiar.jpg","contentUrl":"https:\/\/divertarte.com\/wp-content\/uploads\/2023\/06\/molde-silicone-aviao-fatiar.jpg","width":301,"height":300},{"@type":"BreadcrumbList","@id":"https:\/\/divertarte.com\/index.php\/produto\/molde-tubular-aviao\/#breadcrumb","itemListElement":[{"@type":"ListItem","position":1,"name":"In\u00edcio","item":"https:\/\/divertarte.com\/"},{"@type":"ListItem","position":2,"name":"Loja","item":"https:\/\/divertarte.com\/index.php\/divertarte-produtos\/"},{"@type":"ListItem","position":3,"name":"Molde Tubular Avi\u00e3o"}]},{"@type":"WebSite","@id":"https:\/\/divertarte.com\/#website","url":"https:\/\/divertarte.com\/","name":"Divertarte","description":"","publisher":{"@id":"https:\/\/divertarte.com\/#organization"},"potentialAction":[{"@type":"SearchAction","target":{"@type":"EntryPoint","urlTemplate":"https:\/\/divertarte.com\/?s={search_term_string}"},"query-input":{"@type":"PropertyValueSpecification","valueRequired":true,"valueName":"search_term_string"}}],"inLanguage":"pt-PT"},{"@type":"Organization","@id":"https:\/\/divertarte.com\/#organization","name":"Divertarte","url":"https:\/\/divertarte.com\/","logo":{"@type":"ImageObject","inLanguage":"pt-PT","@id":"https:\/\/divertarte.com\/#\/schema\/logo\/image\/","url":"https:\/\/divertarte.com\/wp-content\/uploads\/2018\/07\/logo-div.jpg","contentUrl":"https:\/\/divertarte.com\/wp-content\/uploads\/2018\/07\/logo-div.jpg","width":295,"height":123,"caption":"Divertarte"},"image":{"@id":"https:\/\/divertarte.com\/#\/schema\/logo\/image\/"}}]}},"_links":{"self":[{"href":"https:\/\/divertarte.com\/index.php\/wp-json\/wp\/v2\/product\/18972","targetHints":{"allow":["GET"]}}],"collection":[{"href":"https:\/\/divertarte.com\/index.php\/wp-json\/wp\/v2\/product"}],"about":[{"href":"https:\/\/divertarte.com\/index.php\/wp-json\/wp\/v2\/types\/product"}],"replies":[{"embeddable":true,"href":"https:\/\/divertarte.com\/index.php\/wp-json\/wp\/v2\/comments?post=18972"}],"wp:featuredmedia":[{"embeddable":true,"href":"https:\/\/divertarte.com\/index.php\/wp-json\/wp\/v2\/media\/18973"}],"wp:attachment":[{"href":"https:\/\/divertarte.com\/index.php\/wp-json\/wp\/v2\/media?parent=18972"}],"wp:term":[{"taxonomy":"product_brand","embeddable":true,"href":"https:\/\/divertarte.com\/index.php\/wp-json\/wp\/v2\/product_brand?post=18972"},{"taxonomy":"product_cat","embeddable":true,"href":"https:\/\/divertarte.com\/index.php\/wp-json\/wp\/v2\/product_cat?post=18972"},{"taxonomy":"product_tag","embeddable":true,"href":"https:\/\/divertarte.com\/index.php\/wp-json\/wp\/v2\/product_tag?post=18972"}],"curies":[{"name":"wp","href":"https:\/\/api.w.org\/{rel}","templated":true}]}}