{"id":18899,"date":"2023-06-17T15:57:36","date_gmt":"2023-06-17T14:57:36","guid":{"rendered":"https:\/\/divertarte.com\/?post_type=product&#038;p=18899"},"modified":"2025-11-06T13:23:43","modified_gmt":"2025-11-06T13:23:43","slug":"molde-silicone-copo-abobora","status":"publish","type":"product","link":"https:\/\/divertarte.com\/index.php\/produto\/molde-silicone-copo-abobora\/","title":{"rendered":"Molde Silicone Copo Ab\u00f3bora"},"content":{"rendered":"<p>Molde Silicone Copo Ab\u00f3bora &#8211; Medidas aproximadas 10x10cm<\/p>\n<p>pr\u00f3prio para velas de Halloween, vasinho para suculentas, porta pinc\u00e9is, porta l\u00e1pis<\/p>\n","protected":false},"excerpt":{"rendered":"<p>Molde Silicone Copo Ab\u00f3bora &#8211; Medidas aproximadas 10x10cm<\/p>\n<p>pr\u00f3prio para velas de Halloween, vasinho para suculentas, porta pinc\u00e9is, porta l\u00e1pis<\/p>\n<p>Fornecido 1 semana util ap\u00f3s pagamento<\/p>\n","protected":false},"featured_media":18901,"comment_status":"open","ping_status":"closed","template":"","meta":{"_exactmetrics_skip_tracking":false,"_exactmetrics_sitenote_active":false,"_exactmetrics_sitenote_note":"","_exactmetrics_sitenote_category":0},"product_brand":[],"product_cat":[906,54,15],"product_tag":[909,910],"class_list":{"0":"post-18899","1":"product","2":"type-product","3":"status-publish","4":"has-post-thumbnail","6":"product_cat-molde-copos-e-vasos","7":"product_cat-moldes-de-silicone-em-portugal","8":"product_cat-ver-todos-os-produtos","9":"product_tag-moldes-copos","10":"product_tag-moldes-silicone-vasos","12":"first","13":"instock","14":"taxable","15":"shipping-taxable","16":"purchasable","17":"product-type-simple"},"yoast_head":"<!-- This site is optimized with the Yoast SEO plugin v27.4 - https:\/\/yoast.com\/product\/yoast-seo-wordpress\/ -->\n<title>Molde Silicone Copo Ab\u00f3bora -<\/title>\n<meta name=\"description\" content=\"Molde Silicone Copo Ab\u00f3bora - Medidas aproximadas 10x10cmpr\u00f3prio para velas de Halloween, vasinho para suculentas, porta pinc\u00e9is, porta l\u00e1pis\" \/>\n<meta name=\"robots\" content=\"index, follow, max-snippet:-1, max-image-preview:large, max-video-preview:-1\" \/>\n<link rel=\"canonical\" href=\"https:\/\/divertarte.com\/index.php\/produto\/molde-silicone-copo-abobora\/\" \/>\n<meta property=\"og:locale\" content=\"pt_PT\" \/>\n<meta property=\"og:type\" content=\"article\" \/>\n<meta property=\"og:title\" content=\"Molde Silicone Copo Ab\u00f3bora -\" \/>\n<meta property=\"og:description\" content=\"Molde Silicone Copo Ab\u00f3bora - Medidas aproximadas 10x10cmpr\u00f3prio para velas de Halloween, vasinho para suculentas, porta pinc\u00e9is, porta l\u00e1pis\" \/>\n<meta property=\"og:url\" content=\"https:\/\/divertarte.com\/index.php\/produto\/molde-silicone-copo-abobora\/\" \/>\n<meta property=\"article:modified_time\" content=\"2025-11-06T13:23:43+00:00\" \/>\n<meta property=\"og:image\" content=\"https:\/\/divertarte.com\/wp-content\/uploads\/2023\/06\/molde-silicone-copo-abobora-1-79DIV.jpg\" \/>\n\t<meta property=\"og:image:width\" content=\"300\" \/>\n\t<meta property=\"og:image:height\" content=\"300\" \/>\n\t<meta property=\"og:image:type\" content=\"image\/jpeg\" \/>\n<meta name=\"twitter:card\" content=\"summary_large_image\" \/>\n<script type=\"application\/ld+json\" class=\"yoast-schema-graph\">{\"@context\":\"https:\\\/\\\/schema.org\",\"@graph\":[{\"@type\":\"WebPage\",\"@id\":\"https:\\\/\\\/divertarte.com\\\/index.php\\\/produto\\\/molde-silicone-copo-abobora\\\/\",\"url\":\"https:\\\/\\\/divertarte.com\\\/index.php\\\/produto\\\/molde-silicone-copo-abobora\\\/\",\"name\":\"Molde Silicone Copo Ab\u00f3bora -\",\"isPartOf\":{\"@id\":\"https:\\\/\\\/divertarte.com\\\/#website\"},\"primaryImageOfPage\":{\"@id\":\"https:\\\/\\\/divertarte.com\\\/index.php\\\/produto\\\/molde-silicone-copo-abobora\\\/#primaryimage\"},\"image\":{\"@id\":\"https:\\\/\\\/divertarte.com\\\/index.php\\\/produto\\\/molde-silicone-copo-abobora\\\/#primaryimage\"},\"thumbnailUrl\":\"https:\\\/\\\/divertarte.com\\\/wp-content\\\/uploads\\\/2023\\\/06\\\/molde-silicone-copo-abobora-1-79DIV.jpg\",\"datePublished\":\"2023-06-17T14:57:36+00:00\",\"dateModified\":\"2025-11-06T13:23:43+00:00\",\"description\":\"Molde Silicone Copo Ab\u00f3bora - Medidas aproximadas 10x10cmpr\u00f3prio para velas de Halloween, vasinho para suculentas, porta pinc\u00e9is, porta l\u00e1pis\",\"breadcrumb\":{\"@id\":\"https:\\\/\\\/divertarte.com\\\/index.php\\\/produto\\\/molde-silicone-copo-abobora\\\/#breadcrumb\"},\"inLanguage\":\"pt-PT\",\"potentialAction\":[{\"@type\":\"ReadAction\",\"target\":[\"https:\\\/\\\/divertarte.com\\\/index.php\\\/produto\\\/molde-silicone-copo-abobora\\\/\"]}]},{\"@type\":\"ImageObject\",\"inLanguage\":\"pt-PT\",\"@id\":\"https:\\\/\\\/divertarte.com\\\/index.php\\\/produto\\\/molde-silicone-copo-abobora\\\/#primaryimage\",\"url\":\"https:\\\/\\\/divertarte.com\\\/wp-content\\\/uploads\\\/2023\\\/06\\\/molde-silicone-copo-abobora-1-79DIV.jpg\",\"contentUrl\":\"https:\\\/\\\/divertarte.com\\\/wp-content\\\/uploads\\\/2023\\\/06\\\/molde-silicone-copo-abobora-1-79DIV.jpg\",\"width\":300,\"height\":300},{\"@type\":\"BreadcrumbList\",\"@id\":\"https:\\\/\\\/divertarte.com\\\/index.php\\\/produto\\\/molde-silicone-copo-abobora\\\/#breadcrumb\",\"itemListElement\":[{\"@type\":\"ListItem\",\"position\":1,\"name\":\"In\u00edcio\",\"item\":\"https:\\\/\\\/divertarte.com\\\/\"},{\"@type\":\"ListItem\",\"position\":2,\"name\":\"Loja\",\"item\":\"https:\\\/\\\/divertarte.com\\\/index.php\\\/divertarte-produtos\\\/\"},{\"@type\":\"ListItem\",\"position\":3,\"name\":\"Molde Silicone Copo Ab\u00f3bora\"}]},{\"@type\":\"WebSite\",\"@id\":\"https:\\\/\\\/divertarte.com\\\/#website\",\"url\":\"https:\\\/\\\/divertarte.com\\\/\",\"name\":\"Divertarte\",\"description\":\"\",\"publisher\":{\"@id\":\"https:\\\/\\\/divertarte.com\\\/#organization\"},\"potentialAction\":[{\"@type\":\"SearchAction\",\"target\":{\"@type\":\"EntryPoint\",\"urlTemplate\":\"https:\\\/\\\/divertarte.com\\\/?s={search_term_string}\"},\"query-input\":{\"@type\":\"PropertyValueSpecification\",\"valueRequired\":true,\"valueName\":\"search_term_string\"}}],\"inLanguage\":\"pt-PT\"},{\"@type\":\"Organization\",\"@id\":\"https:\\\/\\\/divertarte.com\\\/#organization\",\"name\":\"Divertarte\",\"url\":\"https:\\\/\\\/divertarte.com\\\/\",\"logo\":{\"@type\":\"ImageObject\",\"inLanguage\":\"pt-PT\",\"@id\":\"https:\\\/\\\/divertarte.com\\\/#\\\/schema\\\/logo\\\/image\\\/\",\"url\":\"https:\\\/\\\/divertarte.com\\\/wp-content\\\/uploads\\\/2018\\\/07\\\/logo-div.jpg\",\"contentUrl\":\"https:\\\/\\\/divertarte.com\\\/wp-content\\\/uploads\\\/2018\\\/07\\\/logo-div.jpg\",\"width\":295,\"height\":123,\"caption\":\"Divertarte\"},\"image\":{\"@id\":\"https:\\\/\\\/divertarte.com\\\/#\\\/schema\\\/logo\\\/image\\\/\"}}]}<\/script>\n<!-- \/ Yoast SEO plugin. -->","yoast_head_json":{"title":"Molde Silicone Copo Ab\u00f3bora -","description":"Molde Silicone Copo Ab\u00f3bora - Medidas aproximadas 10x10cmpr\u00f3prio para velas de Halloween, vasinho para suculentas, porta pinc\u00e9is, porta l\u00e1pis","robots":{"index":"index","follow":"follow","max-snippet":"max-snippet:-1","max-image-preview":"max-image-preview:large","max-video-preview":"max-video-preview:-1"},"canonical":"https:\/\/divertarte.com\/index.php\/produto\/molde-silicone-copo-abobora\/","og_locale":"pt_PT","og_type":"article","og_title":"Molde Silicone Copo Ab\u00f3bora -","og_description":"Molde Silicone Copo Ab\u00f3bora - Medidas aproximadas 10x10cmpr\u00f3prio para velas de Halloween, vasinho para suculentas, porta pinc\u00e9is, porta l\u00e1pis","og_url":"https:\/\/divertarte.com\/index.php\/produto\/molde-silicone-copo-abobora\/","article_modified_time":"2025-11-06T13:23:43+00:00","og_image":[{"width":300,"height":300,"url":"https:\/\/divertarte.com\/wp-content\/uploads\/2023\/06\/molde-silicone-copo-abobora-1-79DIV.jpg","type":"image\/jpeg"}],"twitter_card":"summary_large_image","schema":{"@context":"https:\/\/schema.org","@graph":[{"@type":"WebPage","@id":"https:\/\/divertarte.com\/index.php\/produto\/molde-silicone-copo-abobora\/","url":"https:\/\/divertarte.com\/index.php\/produto\/molde-silicone-copo-abobora\/","name":"Molde Silicone Copo Ab\u00f3bora -","isPartOf":{"@id":"https:\/\/divertarte.com\/#website"},"primaryImageOfPage":{"@id":"https:\/\/divertarte.com\/index.php\/produto\/molde-silicone-copo-abobora\/#primaryimage"},"image":{"@id":"https:\/\/divertarte.com\/index.php\/produto\/molde-silicone-copo-abobora\/#primaryimage"},"thumbnailUrl":"https:\/\/divertarte.com\/wp-content\/uploads\/2023\/06\/molde-silicone-copo-abobora-1-79DIV.jpg","datePublished":"2023-06-17T14:57:36+00:00","dateModified":"2025-11-06T13:23:43+00:00","description":"Molde Silicone Copo Ab\u00f3bora - Medidas aproximadas 10x10cmpr\u00f3prio para velas de Halloween, vasinho para suculentas, porta pinc\u00e9is, porta l\u00e1pis","breadcrumb":{"@id":"https:\/\/divertarte.com\/index.php\/produto\/molde-silicone-copo-abobora\/#breadcrumb"},"inLanguage":"pt-PT","potentialAction":[{"@type":"ReadAction","target":["https:\/\/divertarte.com\/index.php\/produto\/molde-silicone-copo-abobora\/"]}]},{"@type":"ImageObject","inLanguage":"pt-PT","@id":"https:\/\/divertarte.com\/index.php\/produto\/molde-silicone-copo-abobora\/#primaryimage","url":"https:\/\/divertarte.com\/wp-content\/uploads\/2023\/06\/molde-silicone-copo-abobora-1-79DIV.jpg","contentUrl":"https:\/\/divertarte.com\/wp-content\/uploads\/2023\/06\/molde-silicone-copo-abobora-1-79DIV.jpg","width":300,"height":300},{"@type":"BreadcrumbList","@id":"https:\/\/divertarte.com\/index.php\/produto\/molde-silicone-copo-abobora\/#breadcrumb","itemListElement":[{"@type":"ListItem","position":1,"name":"In\u00edcio","item":"https:\/\/divertarte.com\/"},{"@type":"ListItem","position":2,"name":"Loja","item":"https:\/\/divertarte.com\/index.php\/divertarte-produtos\/"},{"@type":"ListItem","position":3,"name":"Molde Silicone Copo Ab\u00f3bora"}]},{"@type":"WebSite","@id":"https:\/\/divertarte.com\/#website","url":"https:\/\/divertarte.com\/","name":"Divertarte","description":"","publisher":{"@id":"https:\/\/divertarte.com\/#organization"},"potentialAction":[{"@type":"SearchAction","target":{"@type":"EntryPoint","urlTemplate":"https:\/\/divertarte.com\/?s={search_term_string}"},"query-input":{"@type":"PropertyValueSpecification","valueRequired":true,"valueName":"search_term_string"}}],"inLanguage":"pt-PT"},{"@type":"Organization","@id":"https:\/\/divertarte.com\/#organization","name":"Divertarte","url":"https:\/\/divertarte.com\/","logo":{"@type":"ImageObject","inLanguage":"pt-PT","@id":"https:\/\/divertarte.com\/#\/schema\/logo\/image\/","url":"https:\/\/divertarte.com\/wp-content\/uploads\/2018\/07\/logo-div.jpg","contentUrl":"https:\/\/divertarte.com\/wp-content\/uploads\/2018\/07\/logo-div.jpg","width":295,"height":123,"caption":"Divertarte"},"image":{"@id":"https:\/\/divertarte.com\/#\/schema\/logo\/image\/"}}]}},"_links":{"self":[{"href":"https:\/\/divertarte.com\/index.php\/wp-json\/wp\/v2\/product\/18899","targetHints":{"allow":["GET"]}}],"collection":[{"href":"https:\/\/divertarte.com\/index.php\/wp-json\/wp\/v2\/product"}],"about":[{"href":"https:\/\/divertarte.com\/index.php\/wp-json\/wp\/v2\/types\/product"}],"replies":[{"embeddable":true,"href":"https:\/\/divertarte.com\/index.php\/wp-json\/wp\/v2\/comments?post=18899"}],"wp:featuredmedia":[{"embeddable":true,"href":"https:\/\/divertarte.com\/index.php\/wp-json\/wp\/v2\/media\/18901"}],"wp:attachment":[{"href":"https:\/\/divertarte.com\/index.php\/wp-json\/wp\/v2\/media?parent=18899"}],"wp:term":[{"taxonomy":"product_brand","embeddable":true,"href":"https:\/\/divertarte.com\/index.php\/wp-json\/wp\/v2\/product_brand?post=18899"},{"taxonomy":"product_cat","embeddable":true,"href":"https:\/\/divertarte.com\/index.php\/wp-json\/wp\/v2\/product_cat?post=18899"},{"taxonomy":"product_tag","embeddable":true,"href":"https:\/\/divertarte.com\/index.php\/wp-json\/wp\/v2\/product_tag?post=18899"}],"curies":[{"name":"wp","href":"https:\/\/api.w.org\/{rel}","templated":true}]}}