{"id":1877,"date":"2018-06-07T14:14:17","date_gmt":"2018-06-07T13:14:17","guid":{"rendered":"https:\/\/divertarte.com\/index.php\/produto\/cara-menino-bone\/"},"modified":"2025-11-06T13:47:35","modified_gmt":"2025-11-06T13:47:35","slug":"cara-menino-bone","status":"publish","type":"product","link":"https:\/\/divertarte.com\/index.php\/produto\/cara-menino-bone\/","title":{"rendered":"Molde Silicone Cara Menino Bon\u00e9"},"content":{"rendered":"<p>Molde Silicone Cara Menino Bon\u00e9\u00a0 &#8211; Medida da pe\u00e7a 2 x 2,5 x 1 cm<\/p>\n<p>&#8211; ACONSELHADO PARA : Moldes para biscuits, sabonetes, resinas, vela em parafina ou gel, massas de modelar, ceras depilat\u00f3rias etc. N\u00e3o aconselhado em produtos aliment\u00edcios. As medidas das pe\u00e7as feitas nos moldes s\u00e3o em cent\u00edmetros e considera-se: largura x comprimento x espessura.<\/p>\n","protected":false},"excerpt":{"rendered":"<p>Molde Silicone Cara Menino Bon\u00e9\u00a0 &#8211; Medida da pe\u00e7a 2 x 2,5 x 1 cm<\/p>\n<p>&#8211; ACONSELHADO PARA : Moldes para biscuits, sabonetes, resinas, vela em parafina ou gel, massas de modelar, ceras depilat\u00f3rias etc. N\u00e3o aconselhado em produtos aliment\u00edcios. As medidas das pe\u00e7as feitas nos moldes s\u00e3o em cent\u00edmetros e considera-se: largura x comprimento x espessura.<\/p>\n","protected":false},"featured_media":15191,"comment_status":"closed","ping_status":"closed","template":"","meta":{"_exactmetrics_skip_tracking":false,"_exactmetrics_sitenote_active":false,"_exactmetrics_sitenote_note":"","_exactmetrics_sitenote_category":0},"product_brand":[],"product_cat":[334,90,54,15],"product_tag":[],"class_list":{"0":"post-1877","1":"product","2":"type-product","3":"status-publish","4":"has-post-thumbnail","6":"product_cat-moldes-biscuit-porcelana-fria","7":"product_cat-moldes-carinhas","8":"product_cat-moldes-de-silicone-em-portugal","9":"product_cat-ver-todos-os-produtos","11":"first","12":"instock","13":"taxable","14":"shipping-taxable","15":"purchasable","16":"product-type-simple"},"yoast_head":"<!-- This site is optimized with the Yoast SEO plugin v27.4 - https:\/\/yoast.com\/product\/yoast-seo-wordpress\/ -->\n<title>Molde Silicone Cara Menino Bon\u00e9 -<\/title>\n<meta name=\"description\" content=\"Molde Silicone Cara Menino Bon\u00e9\u00a0 - Medida da pe\u00e7a 2 x 2,5 x 1 cm- ACONSELHADO PARA : Moldes para biscuits, sabonetes, resinas,\" \/>\n<meta name=\"robots\" content=\"index, follow, max-snippet:-1, max-image-preview:large, max-video-preview:-1\" \/>\n<link rel=\"canonical\" href=\"https:\/\/divertarte.com\/index.php\/produto\/cara-menino-bone\/\" \/>\n<meta property=\"og:locale\" content=\"pt_PT\" \/>\n<meta property=\"og:type\" content=\"article\" \/>\n<meta property=\"og:title\" content=\"Molde Silicone Cara Menino Bon\u00e9 -\" \/>\n<meta property=\"og:description\" content=\"Molde Silicone Cara Menino Bon\u00e9\u00a0 - Medida da pe\u00e7a 2 x 2,5 x 1 cm- ACONSELHADO PARA : Moldes para biscuits, sabonetes, resinas,\" \/>\n<meta property=\"og:url\" content=\"https:\/\/divertarte.com\/index.php\/produto\/cara-menino-bone\/\" \/>\n<meta property=\"article:modified_time\" content=\"2025-11-06T13:47:35+00:00\" \/>\n<meta property=\"og:image\" content=\"https:\/\/divertarte.com\/wp-content\/uploads\/2018\/06\/molde-silicone-cara-menino-bone.jpg\" \/>\n\t<meta property=\"og:image:width\" content=\"300\" \/>\n\t<meta property=\"og:image:height\" content=\"299\" \/>\n\t<meta property=\"og:image:type\" content=\"image\/jpeg\" \/>\n<meta name=\"twitter:card\" content=\"summary_large_image\" \/>\n<meta name=\"twitter:label1\" content=\"Tempo estimado de leitura\" \/>\n\t<meta name=\"twitter:data1\" content=\"1 minuto\" \/>\n<script type=\"application\/ld+json\" class=\"yoast-schema-graph\">{\"@context\":\"https:\\\/\\\/schema.org\",\"@graph\":[{\"@type\":\"WebPage\",\"@id\":\"https:\\\/\\\/divertarte.com\\\/index.php\\\/produto\\\/cara-menino-bone\\\/\",\"url\":\"https:\\\/\\\/divertarte.com\\\/index.php\\\/produto\\\/cara-menino-bone\\\/\",\"name\":\"Molde Silicone Cara Menino Bon\u00e9 -\",\"isPartOf\":{\"@id\":\"https:\\\/\\\/divertarte.com\\\/#website\"},\"primaryImageOfPage\":{\"@id\":\"https:\\\/\\\/divertarte.com\\\/index.php\\\/produto\\\/cara-menino-bone\\\/#primaryimage\"},\"image\":{\"@id\":\"https:\\\/\\\/divertarte.com\\\/index.php\\\/produto\\\/cara-menino-bone\\\/#primaryimage\"},\"thumbnailUrl\":\"https:\\\/\\\/divertarte.com\\\/wp-content\\\/uploads\\\/2018\\\/06\\\/molde-silicone-cara-menino-bone.jpg\",\"datePublished\":\"2018-06-07T13:14:17+00:00\",\"dateModified\":\"2025-11-06T13:47:35+00:00\",\"description\":\"Molde Silicone Cara Menino Bon\u00e9\u00a0 - Medida da pe\u00e7a 2 x 2,5 x 1 cm- ACONSELHADO PARA : Moldes para biscuits, sabonetes, resinas,\",\"breadcrumb\":{\"@id\":\"https:\\\/\\\/divertarte.com\\\/index.php\\\/produto\\\/cara-menino-bone\\\/#breadcrumb\"},\"inLanguage\":\"pt-PT\",\"potentialAction\":[{\"@type\":\"ReadAction\",\"target\":[\"https:\\\/\\\/divertarte.com\\\/index.php\\\/produto\\\/cara-menino-bone\\\/\"]}]},{\"@type\":\"ImageObject\",\"inLanguage\":\"pt-PT\",\"@id\":\"https:\\\/\\\/divertarte.com\\\/index.php\\\/produto\\\/cara-menino-bone\\\/#primaryimage\",\"url\":\"https:\\\/\\\/divertarte.com\\\/wp-content\\\/uploads\\\/2018\\\/06\\\/molde-silicone-cara-menino-bone.jpg\",\"contentUrl\":\"https:\\\/\\\/divertarte.com\\\/wp-content\\\/uploads\\\/2018\\\/06\\\/molde-silicone-cara-menino-bone.jpg\",\"width\":300,\"height\":299},{\"@type\":\"BreadcrumbList\",\"@id\":\"https:\\\/\\\/divertarte.com\\\/index.php\\\/produto\\\/cara-menino-bone\\\/#breadcrumb\",\"itemListElement\":[{\"@type\":\"ListItem\",\"position\":1,\"name\":\"In\u00edcio\",\"item\":\"https:\\\/\\\/divertarte.com\\\/\"},{\"@type\":\"ListItem\",\"position\":2,\"name\":\"Loja\",\"item\":\"https:\\\/\\\/divertarte.com\\\/index.php\\\/divertarte-produtos\\\/\"},{\"@type\":\"ListItem\",\"position\":3,\"name\":\"Molde Silicone Cara Menino Bon\u00e9\"}]},{\"@type\":\"WebSite\",\"@id\":\"https:\\\/\\\/divertarte.com\\\/#website\",\"url\":\"https:\\\/\\\/divertarte.com\\\/\",\"name\":\"Divertarte\",\"description\":\"\",\"publisher\":{\"@id\":\"https:\\\/\\\/divertarte.com\\\/#organization\"},\"potentialAction\":[{\"@type\":\"SearchAction\",\"target\":{\"@type\":\"EntryPoint\",\"urlTemplate\":\"https:\\\/\\\/divertarte.com\\\/?s={search_term_string}\"},\"query-input\":{\"@type\":\"PropertyValueSpecification\",\"valueRequired\":true,\"valueName\":\"search_term_string\"}}],\"inLanguage\":\"pt-PT\"},{\"@type\":\"Organization\",\"@id\":\"https:\\\/\\\/divertarte.com\\\/#organization\",\"name\":\"Divertarte\",\"url\":\"https:\\\/\\\/divertarte.com\\\/\",\"logo\":{\"@type\":\"ImageObject\",\"inLanguage\":\"pt-PT\",\"@id\":\"https:\\\/\\\/divertarte.com\\\/#\\\/schema\\\/logo\\\/image\\\/\",\"url\":\"https:\\\/\\\/divertarte.com\\\/wp-content\\\/uploads\\\/2018\\\/07\\\/logo-div.jpg\",\"contentUrl\":\"https:\\\/\\\/divertarte.com\\\/wp-content\\\/uploads\\\/2018\\\/07\\\/logo-div.jpg\",\"width\":295,\"height\":123,\"caption\":\"Divertarte\"},\"image\":{\"@id\":\"https:\\\/\\\/divertarte.com\\\/#\\\/schema\\\/logo\\\/image\\\/\"}}]}<\/script>\n<!-- \/ Yoast SEO plugin. -->","yoast_head_json":{"title":"Molde Silicone Cara Menino Bon\u00e9 -","description":"Molde Silicone Cara Menino Bon\u00e9\u00a0 - Medida da pe\u00e7a 2 x 2,5 x 1 cm- ACONSELHADO PARA : Moldes para biscuits, sabonetes, resinas,","robots":{"index":"index","follow":"follow","max-snippet":"max-snippet:-1","max-image-preview":"max-image-preview:large","max-video-preview":"max-video-preview:-1"},"canonical":"https:\/\/divertarte.com\/index.php\/produto\/cara-menino-bone\/","og_locale":"pt_PT","og_type":"article","og_title":"Molde Silicone Cara Menino Bon\u00e9 -","og_description":"Molde Silicone Cara Menino Bon\u00e9\u00a0 - Medida da pe\u00e7a 2 x 2,5 x 1 cm- ACONSELHADO PARA : Moldes para biscuits, sabonetes, resinas,","og_url":"https:\/\/divertarte.com\/index.php\/produto\/cara-menino-bone\/","article_modified_time":"2025-11-06T13:47:35+00:00","og_image":[{"width":300,"height":299,"url":"https:\/\/divertarte.com\/wp-content\/uploads\/2018\/06\/molde-silicone-cara-menino-bone.jpg","type":"image\/jpeg"}],"twitter_card":"summary_large_image","twitter_misc":{"Tempo estimado de leitura":"1 minuto"},"schema":{"@context":"https:\/\/schema.org","@graph":[{"@type":"WebPage","@id":"https:\/\/divertarte.com\/index.php\/produto\/cara-menino-bone\/","url":"https:\/\/divertarte.com\/index.php\/produto\/cara-menino-bone\/","name":"Molde Silicone Cara Menino Bon\u00e9 -","isPartOf":{"@id":"https:\/\/divertarte.com\/#website"},"primaryImageOfPage":{"@id":"https:\/\/divertarte.com\/index.php\/produto\/cara-menino-bone\/#primaryimage"},"image":{"@id":"https:\/\/divertarte.com\/index.php\/produto\/cara-menino-bone\/#primaryimage"},"thumbnailUrl":"https:\/\/divertarte.com\/wp-content\/uploads\/2018\/06\/molde-silicone-cara-menino-bone.jpg","datePublished":"2018-06-07T13:14:17+00:00","dateModified":"2025-11-06T13:47:35+00:00","description":"Molde Silicone Cara Menino Bon\u00e9\u00a0 - Medida da pe\u00e7a 2 x 2,5 x 1 cm- ACONSELHADO PARA : Moldes para biscuits, sabonetes, resinas,","breadcrumb":{"@id":"https:\/\/divertarte.com\/index.php\/produto\/cara-menino-bone\/#breadcrumb"},"inLanguage":"pt-PT","potentialAction":[{"@type":"ReadAction","target":["https:\/\/divertarte.com\/index.php\/produto\/cara-menino-bone\/"]}]},{"@type":"ImageObject","inLanguage":"pt-PT","@id":"https:\/\/divertarte.com\/index.php\/produto\/cara-menino-bone\/#primaryimage","url":"https:\/\/divertarte.com\/wp-content\/uploads\/2018\/06\/molde-silicone-cara-menino-bone.jpg","contentUrl":"https:\/\/divertarte.com\/wp-content\/uploads\/2018\/06\/molde-silicone-cara-menino-bone.jpg","width":300,"height":299},{"@type":"BreadcrumbList","@id":"https:\/\/divertarte.com\/index.php\/produto\/cara-menino-bone\/#breadcrumb","itemListElement":[{"@type":"ListItem","position":1,"name":"In\u00edcio","item":"https:\/\/divertarte.com\/"},{"@type":"ListItem","position":2,"name":"Loja","item":"https:\/\/divertarte.com\/index.php\/divertarte-produtos\/"},{"@type":"ListItem","position":3,"name":"Molde Silicone Cara Menino Bon\u00e9"}]},{"@type":"WebSite","@id":"https:\/\/divertarte.com\/#website","url":"https:\/\/divertarte.com\/","name":"Divertarte","description":"","publisher":{"@id":"https:\/\/divertarte.com\/#organization"},"potentialAction":[{"@type":"SearchAction","target":{"@type":"EntryPoint","urlTemplate":"https:\/\/divertarte.com\/?s={search_term_string}"},"query-input":{"@type":"PropertyValueSpecification","valueRequired":true,"valueName":"search_term_string"}}],"inLanguage":"pt-PT"},{"@type":"Organization","@id":"https:\/\/divertarte.com\/#organization","name":"Divertarte","url":"https:\/\/divertarte.com\/","logo":{"@type":"ImageObject","inLanguage":"pt-PT","@id":"https:\/\/divertarte.com\/#\/schema\/logo\/image\/","url":"https:\/\/divertarte.com\/wp-content\/uploads\/2018\/07\/logo-div.jpg","contentUrl":"https:\/\/divertarte.com\/wp-content\/uploads\/2018\/07\/logo-div.jpg","width":295,"height":123,"caption":"Divertarte"},"image":{"@id":"https:\/\/divertarte.com\/#\/schema\/logo\/image\/"}}]}},"_links":{"self":[{"href":"https:\/\/divertarte.com\/index.php\/wp-json\/wp\/v2\/product\/1877","targetHints":{"allow":["GET"]}}],"collection":[{"href":"https:\/\/divertarte.com\/index.php\/wp-json\/wp\/v2\/product"}],"about":[{"href":"https:\/\/divertarte.com\/index.php\/wp-json\/wp\/v2\/types\/product"}],"replies":[{"embeddable":true,"href":"https:\/\/divertarte.com\/index.php\/wp-json\/wp\/v2\/comments?post=1877"}],"wp:featuredmedia":[{"embeddable":true,"href":"https:\/\/divertarte.com\/index.php\/wp-json\/wp\/v2\/media\/15191"}],"wp:attachment":[{"href":"https:\/\/divertarte.com\/index.php\/wp-json\/wp\/v2\/media?parent=1877"}],"wp:term":[{"taxonomy":"product_brand","embeddable":true,"href":"https:\/\/divertarte.com\/index.php\/wp-json\/wp\/v2\/product_brand?post=1877"},{"taxonomy":"product_cat","embeddable":true,"href":"https:\/\/divertarte.com\/index.php\/wp-json\/wp\/v2\/product_cat?post=1877"},{"taxonomy":"product_tag","embeddable":true,"href":"https:\/\/divertarte.com\/index.php\/wp-json\/wp\/v2\/product_tag?post=1877"}],"curies":[{"name":"wp","href":"https:\/\/api.w.org\/{rel}","templated":true}]}}