{"id":1876,"date":"2018-06-07T14:12:20","date_gmt":"2018-06-07T13:12:20","guid":{"rendered":"https:\/\/divertarte.com\/index.php\/produto\/carinha-sapeca\/"},"modified":"2025-11-06T13:50:34","modified_gmt":"2025-11-06T13:50:34","slug":"carinha-sapeca","status":"publish","type":"product","link":"https:\/\/divertarte.com\/index.php\/produto\/carinha-sapeca\/","title":{"rendered":"Molde Silicone Carinha Sapeca"},"content":{"rendered":"<p>MOLDE DE SILICONE EM PROMO\u00c7\u00c3O &#8211; Medida da pe\u00e7a 1,5 X 1,5 X 0,5 CM &#8211; 2 CAVIDADES &#8211; ACONSELHADO PARA : aplica\u00e7\u00f5es em sabonetes, resinas, vela em parafina ou gel, massas de modelar, ceras, gessos, pendentes, travess\u00f5es de cabelo, meia de seda. N\u00e3o aconselhado em produtos aliment\u00edcios. As medidas das pe\u00e7as feitas nos moldes s\u00e3o em cent\u00edmetros e considera-se: comprimento x largura x espessura<\/p>\n","protected":false},"excerpt":{"rendered":"<p>MOLDE DE SILICONE EM PROMO\u00c7\u00c3O &#8211; Medida da pe\u00e7a 1,5 X 1,5 X 0,5 CM &#8211; 2 CAVIDADES &#8211; ACONSELHADO PARA : aplica\u00e7\u00f5es em sabonetes, resinas, vela em parafina ou gel, massas de modelar, ceras, gessos, pendentes, travess\u00f5es de cabelo, meia de seda. N\u00e3o aconselhado em produtos aliment\u00edcios. As medidas das pe\u00e7as feitas nos moldes s\u00e3o em cent\u00edmetros e considera-se: comprimento x largura x espessura<\/p>\n","protected":false},"featured_media":15120,"comment_status":"closed","ping_status":"closed","template":"","meta":{"_exactmetrics_skip_tracking":false,"_exactmetrics_sitenote_active":false,"_exactmetrics_sitenote_note":"","_exactmetrics_sitenote_category":0},"product_brand":[],"product_cat":[334,15],"product_tag":[],"class_list":{"0":"post-1876","1":"product","2":"type-product","3":"status-publish","4":"has-post-thumbnail","6":"product_cat-moldes-biscuit-porcelana-fria","7":"product_cat-ver-todos-os-produtos","9":"first","10":"instock","11":"taxable","12":"shipping-taxable","13":"purchasable","14":"product-type-simple"},"yoast_head":"<!-- This site is optimized with the Yoast SEO plugin v27.4 - https:\/\/yoast.com\/product\/yoast-seo-wordpress\/ -->\n<title>Molde Silicone Carinha Sapeca -<\/title>\n<meta name=\"description\" content=\"MOLDE DE SILICONE EM PROMO\u00c7\u00c3O - Medida da pe\u00e7a 1,5 X 1,5 X 0,5 CM - 2 CAVIDADES - ACONSELHADO PARA : aplica\u00e7\u00f5es em sabonetes, resinas, vela em parafina ou gel, massas de modelar, ceras, gessos, pendentes, travess\u00f5es de cabelo, meia de seda. N\u00e3o aconselhado em produtos aliment\u00edcios.\" \/>\n<meta name=\"robots\" content=\"index, follow, max-snippet:-1, max-image-preview:large, max-video-preview:-1\" \/>\n<link rel=\"canonical\" href=\"https:\/\/divertarte.com\/index.php\/produto\/carinha-sapeca\/\" \/>\n<meta property=\"og:locale\" content=\"pt_PT\" \/>\n<meta property=\"og:type\" content=\"article\" \/>\n<meta property=\"og:title\" content=\"Molde Silicone Carinha Sapeca -\" \/>\n<meta property=\"og:description\" content=\"MOLDE DE SILICONE EM PROMO\u00c7\u00c3O - Medida da pe\u00e7a 1,5 X 1,5 X 0,5 CM - 2 CAVIDADES - ACONSELHADO PARA : aplica\u00e7\u00f5es em sabonetes, resinas, vela em parafina ou gel, massas de modelar, ceras, gessos, pendentes, travess\u00f5es de cabelo, meia de seda. N\u00e3o aconselhado em produtos aliment\u00edcios.\" \/>\n<meta property=\"og:url\" content=\"https:\/\/divertarte.com\/index.php\/produto\/carinha-sapeca\/\" \/>\n<meta property=\"article:modified_time\" content=\"2025-11-06T13:50:34+00:00\" \/>\n<meta property=\"og:image\" content=\"https:\/\/divertarte.com\/wp-content\/uploads\/2018\/06\/molde-silicone-carinha-sapeca.jpg\" \/>\n\t<meta property=\"og:image:width\" content=\"300\" \/>\n\t<meta property=\"og:image:height\" content=\"300\" \/>\n\t<meta property=\"og:image:type\" content=\"image\/jpeg\" \/>\n<meta name=\"twitter:card\" content=\"summary_large_image\" \/>\n<script type=\"application\/ld+json\" class=\"yoast-schema-graph\">{\"@context\":\"https:\\\/\\\/schema.org\",\"@graph\":[{\"@type\":\"WebPage\",\"@id\":\"https:\\\/\\\/divertarte.com\\\/index.php\\\/produto\\\/carinha-sapeca\\\/\",\"url\":\"https:\\\/\\\/divertarte.com\\\/index.php\\\/produto\\\/carinha-sapeca\\\/\",\"name\":\"Molde Silicone Carinha Sapeca -\",\"isPartOf\":{\"@id\":\"https:\\\/\\\/divertarte.com\\\/#website\"},\"primaryImageOfPage\":{\"@id\":\"https:\\\/\\\/divertarte.com\\\/index.php\\\/produto\\\/carinha-sapeca\\\/#primaryimage\"},\"image\":{\"@id\":\"https:\\\/\\\/divertarte.com\\\/index.php\\\/produto\\\/carinha-sapeca\\\/#primaryimage\"},\"thumbnailUrl\":\"https:\\\/\\\/divertarte.com\\\/wp-content\\\/uploads\\\/2018\\\/06\\\/molde-silicone-carinha-sapeca.jpg\",\"datePublished\":\"2018-06-07T13:12:20+00:00\",\"dateModified\":\"2025-11-06T13:50:34+00:00\",\"description\":\"MOLDE DE SILICONE EM PROMO\u00c7\u00c3O - Medida da pe\u00e7a 1,5 X 1,5 X 0,5 CM - 2 CAVIDADES - ACONSELHADO PARA : aplica\u00e7\u00f5es em sabonetes, resinas, vela em parafina ou gel, massas de modelar, ceras, gessos, pendentes, travess\u00f5es de cabelo, meia de seda. N\u00e3o aconselhado em produtos aliment\u00edcios.\",\"breadcrumb\":{\"@id\":\"https:\\\/\\\/divertarte.com\\\/index.php\\\/produto\\\/carinha-sapeca\\\/#breadcrumb\"},\"inLanguage\":\"pt-PT\",\"potentialAction\":[{\"@type\":\"ReadAction\",\"target\":[\"https:\\\/\\\/divertarte.com\\\/index.php\\\/produto\\\/carinha-sapeca\\\/\"]}]},{\"@type\":\"ImageObject\",\"inLanguage\":\"pt-PT\",\"@id\":\"https:\\\/\\\/divertarte.com\\\/index.php\\\/produto\\\/carinha-sapeca\\\/#primaryimage\",\"url\":\"https:\\\/\\\/divertarte.com\\\/wp-content\\\/uploads\\\/2018\\\/06\\\/molde-silicone-carinha-sapeca.jpg\",\"contentUrl\":\"https:\\\/\\\/divertarte.com\\\/wp-content\\\/uploads\\\/2018\\\/06\\\/molde-silicone-carinha-sapeca.jpg\",\"width\":300,\"height\":300},{\"@type\":\"BreadcrumbList\",\"@id\":\"https:\\\/\\\/divertarte.com\\\/index.php\\\/produto\\\/carinha-sapeca\\\/#breadcrumb\",\"itemListElement\":[{\"@type\":\"ListItem\",\"position\":1,\"name\":\"In\u00edcio\",\"item\":\"https:\\\/\\\/divertarte.com\\\/\"},{\"@type\":\"ListItem\",\"position\":2,\"name\":\"Loja\",\"item\":\"https:\\\/\\\/divertarte.com\\\/index.php\\\/divertarte-produtos\\\/\"},{\"@type\":\"ListItem\",\"position\":3,\"name\":\"Molde Silicone Carinha Sapeca\"}]},{\"@type\":\"WebSite\",\"@id\":\"https:\\\/\\\/divertarte.com\\\/#website\",\"url\":\"https:\\\/\\\/divertarte.com\\\/\",\"name\":\"Divertarte\",\"description\":\"\",\"publisher\":{\"@id\":\"https:\\\/\\\/divertarte.com\\\/#organization\"},\"potentialAction\":[{\"@type\":\"SearchAction\",\"target\":{\"@type\":\"EntryPoint\",\"urlTemplate\":\"https:\\\/\\\/divertarte.com\\\/?s={search_term_string}\"},\"query-input\":{\"@type\":\"PropertyValueSpecification\",\"valueRequired\":true,\"valueName\":\"search_term_string\"}}],\"inLanguage\":\"pt-PT\"},{\"@type\":\"Organization\",\"@id\":\"https:\\\/\\\/divertarte.com\\\/#organization\",\"name\":\"Divertarte\",\"url\":\"https:\\\/\\\/divertarte.com\\\/\",\"logo\":{\"@type\":\"ImageObject\",\"inLanguage\":\"pt-PT\",\"@id\":\"https:\\\/\\\/divertarte.com\\\/#\\\/schema\\\/logo\\\/image\\\/\",\"url\":\"https:\\\/\\\/divertarte.com\\\/wp-content\\\/uploads\\\/2018\\\/07\\\/logo-div.jpg\",\"contentUrl\":\"https:\\\/\\\/divertarte.com\\\/wp-content\\\/uploads\\\/2018\\\/07\\\/logo-div.jpg\",\"width\":295,\"height\":123,\"caption\":\"Divertarte\"},\"image\":{\"@id\":\"https:\\\/\\\/divertarte.com\\\/#\\\/schema\\\/logo\\\/image\\\/\"}}]}<\/script>\n<!-- \/ Yoast SEO plugin. -->","yoast_head_json":{"title":"Molde Silicone Carinha Sapeca -","description":"MOLDE DE SILICONE EM PROMO\u00c7\u00c3O - Medida da pe\u00e7a 1,5 X 1,5 X 0,5 CM - 2 CAVIDADES - ACONSELHADO PARA : aplica\u00e7\u00f5es em sabonetes, resinas, vela em parafina ou gel, massas de modelar, ceras, gessos, pendentes, travess\u00f5es de cabelo, meia de seda. N\u00e3o aconselhado em produtos aliment\u00edcios.","robots":{"index":"index","follow":"follow","max-snippet":"max-snippet:-1","max-image-preview":"max-image-preview:large","max-video-preview":"max-video-preview:-1"},"canonical":"https:\/\/divertarte.com\/index.php\/produto\/carinha-sapeca\/","og_locale":"pt_PT","og_type":"article","og_title":"Molde Silicone Carinha Sapeca -","og_description":"MOLDE DE SILICONE EM PROMO\u00c7\u00c3O - Medida da pe\u00e7a 1,5 X 1,5 X 0,5 CM - 2 CAVIDADES - ACONSELHADO PARA : aplica\u00e7\u00f5es em sabonetes, resinas, vela em parafina ou gel, massas de modelar, ceras, gessos, pendentes, travess\u00f5es de cabelo, meia de seda. N\u00e3o aconselhado em produtos aliment\u00edcios.","og_url":"https:\/\/divertarte.com\/index.php\/produto\/carinha-sapeca\/","article_modified_time":"2025-11-06T13:50:34+00:00","og_image":[{"width":300,"height":300,"url":"https:\/\/divertarte.com\/wp-content\/uploads\/2018\/06\/molde-silicone-carinha-sapeca.jpg","type":"image\/jpeg"}],"twitter_card":"summary_large_image","schema":{"@context":"https:\/\/schema.org","@graph":[{"@type":"WebPage","@id":"https:\/\/divertarte.com\/index.php\/produto\/carinha-sapeca\/","url":"https:\/\/divertarte.com\/index.php\/produto\/carinha-sapeca\/","name":"Molde Silicone Carinha Sapeca -","isPartOf":{"@id":"https:\/\/divertarte.com\/#website"},"primaryImageOfPage":{"@id":"https:\/\/divertarte.com\/index.php\/produto\/carinha-sapeca\/#primaryimage"},"image":{"@id":"https:\/\/divertarte.com\/index.php\/produto\/carinha-sapeca\/#primaryimage"},"thumbnailUrl":"https:\/\/divertarte.com\/wp-content\/uploads\/2018\/06\/molde-silicone-carinha-sapeca.jpg","datePublished":"2018-06-07T13:12:20+00:00","dateModified":"2025-11-06T13:50:34+00:00","description":"MOLDE DE SILICONE EM PROMO\u00c7\u00c3O - Medida da pe\u00e7a 1,5 X 1,5 X 0,5 CM - 2 CAVIDADES - ACONSELHADO PARA : aplica\u00e7\u00f5es em sabonetes, resinas, vela em parafina ou gel, massas de modelar, ceras, gessos, pendentes, travess\u00f5es de cabelo, meia de seda. N\u00e3o aconselhado em produtos aliment\u00edcios.","breadcrumb":{"@id":"https:\/\/divertarte.com\/index.php\/produto\/carinha-sapeca\/#breadcrumb"},"inLanguage":"pt-PT","potentialAction":[{"@type":"ReadAction","target":["https:\/\/divertarte.com\/index.php\/produto\/carinha-sapeca\/"]}]},{"@type":"ImageObject","inLanguage":"pt-PT","@id":"https:\/\/divertarte.com\/index.php\/produto\/carinha-sapeca\/#primaryimage","url":"https:\/\/divertarte.com\/wp-content\/uploads\/2018\/06\/molde-silicone-carinha-sapeca.jpg","contentUrl":"https:\/\/divertarte.com\/wp-content\/uploads\/2018\/06\/molde-silicone-carinha-sapeca.jpg","width":300,"height":300},{"@type":"BreadcrumbList","@id":"https:\/\/divertarte.com\/index.php\/produto\/carinha-sapeca\/#breadcrumb","itemListElement":[{"@type":"ListItem","position":1,"name":"In\u00edcio","item":"https:\/\/divertarte.com\/"},{"@type":"ListItem","position":2,"name":"Loja","item":"https:\/\/divertarte.com\/index.php\/divertarte-produtos\/"},{"@type":"ListItem","position":3,"name":"Molde Silicone Carinha Sapeca"}]},{"@type":"WebSite","@id":"https:\/\/divertarte.com\/#website","url":"https:\/\/divertarte.com\/","name":"Divertarte","description":"","publisher":{"@id":"https:\/\/divertarte.com\/#organization"},"potentialAction":[{"@type":"SearchAction","target":{"@type":"EntryPoint","urlTemplate":"https:\/\/divertarte.com\/?s={search_term_string}"},"query-input":{"@type":"PropertyValueSpecification","valueRequired":true,"valueName":"search_term_string"}}],"inLanguage":"pt-PT"},{"@type":"Organization","@id":"https:\/\/divertarte.com\/#organization","name":"Divertarte","url":"https:\/\/divertarte.com\/","logo":{"@type":"ImageObject","inLanguage":"pt-PT","@id":"https:\/\/divertarte.com\/#\/schema\/logo\/image\/","url":"https:\/\/divertarte.com\/wp-content\/uploads\/2018\/07\/logo-div.jpg","contentUrl":"https:\/\/divertarte.com\/wp-content\/uploads\/2018\/07\/logo-div.jpg","width":295,"height":123,"caption":"Divertarte"},"image":{"@id":"https:\/\/divertarte.com\/#\/schema\/logo\/image\/"}}]}},"_links":{"self":[{"href":"https:\/\/divertarte.com\/index.php\/wp-json\/wp\/v2\/product\/1876","targetHints":{"allow":["GET"]}}],"collection":[{"href":"https:\/\/divertarte.com\/index.php\/wp-json\/wp\/v2\/product"}],"about":[{"href":"https:\/\/divertarte.com\/index.php\/wp-json\/wp\/v2\/types\/product"}],"replies":[{"embeddable":true,"href":"https:\/\/divertarte.com\/index.php\/wp-json\/wp\/v2\/comments?post=1876"}],"wp:featuredmedia":[{"embeddable":true,"href":"https:\/\/divertarte.com\/index.php\/wp-json\/wp\/v2\/media\/15120"}],"wp:attachment":[{"href":"https:\/\/divertarte.com\/index.php\/wp-json\/wp\/v2\/media?parent=1876"}],"wp:term":[{"taxonomy":"product_brand","embeddable":true,"href":"https:\/\/divertarte.com\/index.php\/wp-json\/wp\/v2\/product_brand?post=1876"},{"taxonomy":"product_cat","embeddable":true,"href":"https:\/\/divertarte.com\/index.php\/wp-json\/wp\/v2\/product_cat?post=1876"},{"taxonomy":"product_tag","embeddable":true,"href":"https:\/\/divertarte.com\/index.php\/wp-json\/wp\/v2\/product_tag?post=1876"}],"curies":[{"name":"wp","href":"https:\/\/api.w.org\/{rel}","templated":true}]}}